{"id":15722,"date":"2022-08-09T09:05:02","date_gmt":"2022-08-09T06:05:02","guid":{"rendered":"https:\/\/tammetalu.eu?post_type=product&#038;p=15722"},"modified":"2026-04-24T12:50:54","modified_gmt":"2026-04-24T09:50:54","slug":"harilik-sidrunhein","status":"publish","type":"product","link":"https:\/\/tammetalu.eu\/ru\/toode\/harilik-sidrunhein\/","title":{"rendered":"Harilik sidrunhein"},"content":{"rendered":"<p>&nbsp;<\/p>\n<p>&nbsp;<\/p>\n","protected":false},"excerpt":{"rendered":"<p><em>Cymbopogon citratus<\/em><\/p>\n<p>Sidrunhein on meeldivalt v\u00e4rskendava sidruni aroomi ja maitsega soojan\u00f5udlik k\u00f5rreline, mis v\u00f5ib kasvada meie tingimustes kuni 1,2m k\u00f5rguseks puhmikuks. Soovitav on seda suurep\u00e4rast ja kergesti kasvatatavat maitsetaime kasvatada potitaimena, kuna siis saab \u00f6\u00f6k\u00fclmade saabudes taime kerge vaevaga siseruumidesse talvituma t\u00f5sta. Samas saab sidrunheina kasvatada suvikuna kas kasvuhoones v\u00f5i \u00f5ues peenras. Kasvamiseks vajab sidrunhein toitainete rikast niisket mulda ja poolvarjulist v\u00f5i p\u00e4ikeselist kasvukohta. Peale \u00f6\u00f6k\u00fclmade m\u00f6\u00f6dumist v\u00f5ib taime suveks \u00f5ue t\u00f5sta. Sidrunheina saab talvel edukalt kasvatada m\u00f5\u00f5dukalt jahedates v\u00f5i soojades valgetes siseruumides. Kuid siis peab j\u00e4lgima, et taime \u00fcle ei kastetaks. Maitsetaimena kasutatakse sidrunheina lehti nii soolastes kui magusates roogades ja maitsva tee valmistamiseks. Aromaatse tee valmistamiseks v\u00f5i roogadesse lisamiseks v\u00f5ib v\u00e4rskeid rohelisi lehti l\u00f5igata otse taimelt.<\/p>\n","protected":false},"featured_media":18019,"template":"","meta":{"_acf_changed":false,"_et_pb_use_builder":"","_et_pb_old_content":"","_et_gb_content_width":"","inline_featured_image":false},"product_brand":[],"product_cat":[237,247,186],"product_tag":[],"class_list":{"0":"post-15722","1":"product","2":"type-product","3":"status-publish","4":"has-post-thumbnail","6":"product_cat-aasia-toidutaimed","7":"product_cat-rohenappude-lemmikud","8":"product_cat-maitse-ja-ravimtaimede-istikud","10":"first","11":"instock","12":"sale","13":"taxable","14":"shipping-taxable","15":"purchasable","16":"product-type-simple"},"acf":[],"yoast_head":"<!-- This site is optimized with the Yoast SEO plugin v26.4 - https:\/\/yoast.com\/wordpress\/plugins\/seo\/ -->\n<title>Harilik sidrunhein - Tamme talu \u00fcrdiaed<\/title>\n<meta name=\"description\" content=\"V\u00e4rskendava sidruni aroomi ja maitsega soojan\u00f5udlik taim, v\u00f5ib kasvada kuni 1,2m k\u00f5rguseks. Soovitav on taime kasvatada potitaimena.\" \/>\n<meta name=\"robots\" content=\"index, follow, max-snippet:-1, max-image-preview:large, max-video-preview:-1\" \/>\n<link rel=\"canonical\" href=\"https:\/\/tammetalu.eu\/toode\/harilik-sidrunhein\/\" \/>\n<meta property=\"og:locale\" content=\"ru_RU\" \/>\n<meta property=\"og:type\" content=\"article\" \/>\n<meta property=\"og:title\" content=\"Harilik sidrunhein - Tamme talu \u00fcrdiaed\" \/>\n<meta property=\"og:description\" content=\"V\u00e4rskendava sidruni aroomi ja maitsega soojan\u00f5udlik taim, v\u00f5ib kasvada kuni 1,2m k\u00f5rguseks. Soovitav on taime kasvatada potitaimena.\" \/>\n<meta property=\"og:url\" content=\"https:\/\/tammetalu.eu\/toode\/harilik-sidrunhein\/\" \/>\n<meta property=\"og:site_name\" content=\"Tamme talu \u00fcrdiaed\" \/>\n<meta property=\"article:publisher\" content=\"https:\/\/www.facebook.com\/TammeTaluUrdiaed\/?locale=et_EE\" \/>\n<meta property=\"article:modified_time\" content=\"2026-04-24T09:50:54+00:00\" \/>\n<meta property=\"og:image\" content=\"https:\/\/tammetalu.eu\/wp-content\/uploads\/2022\/08\/Harilik_sidrunhein_Cymbopogon_citratus_Tamme_talu_urdiaed.jpg\" \/>\n\t<meta property=\"og:image:width\" content=\"1000\" \/>\n\t<meta property=\"og:image:height\" content=\"1001\" \/>\n\t<meta property=\"og:image:type\" content=\"image\/jpeg\" \/>\n<meta name=\"twitter:card\" content=\"summary_large_image\" \/>\n<meta name=\"twitter:label1\" content=\"\u041f\u0440\u0438\u043c\u0435\u0440\u043d\u043e\u0435 \u0432\u0440\u0435\u043c\u044f \u0434\u043b\u044f \u0447\u0442\u0435\u043d\u0438\u044f\" \/>\n\t<meta name=\"twitter:data1\" content=\"1 \u043c\u0438\u043d\u0443\u0442\u0430\" \/>\n<script type=\"application\/ld+json\" class=\"yoast-schema-graph\">{\"@context\":\"https:\/\/schema.org\",\"@graph\":[{\"@type\":\"WebPage\",\"@id\":\"https:\/\/tammetalu.eu\/toode\/harilik-sidrunhein\/\",\"url\":\"https:\/\/tammetalu.eu\/toode\/harilik-sidrunhein\/\",\"name\":\"Harilik sidrunhein - Tamme talu \u00fcrdiaed\",\"isPartOf\":{\"@id\":\"https:\/\/tammetalu.eu\/#website\"},\"primaryImageOfPage\":{\"@id\":\"https:\/\/tammetalu.eu\/toode\/harilik-sidrunhein\/#primaryimage\"},\"image\":{\"@id\":\"https:\/\/tammetalu.eu\/toode\/harilik-sidrunhein\/#primaryimage\"},\"thumbnailUrl\":\"https:\/\/tammetalu.eu\/wp-content\/uploads\/2022\/08\/Harilik_sidrunhein_Cymbopogon_citratus_Tamme_talu_urdiaed.jpg\",\"datePublished\":\"2022-08-09T06:05:02+00:00\",\"dateModified\":\"2026-04-24T09:50:54+00:00\",\"description\":\"V\u00e4rskendava sidruni aroomi ja maitsega soojan\u00f5udlik taim, v\u00f5ib kasvada kuni 1,2m k\u00f5rguseks. Soovitav on taime kasvatada potitaimena.\",\"breadcrumb\":{\"@id\":\"https:\/\/tammetalu.eu\/toode\/harilik-sidrunhein\/#breadcrumb\"},\"inLanguage\":\"ru-RU\",\"potentialAction\":[{\"@type\":\"ReadAction\",\"target\":[\"https:\/\/tammetalu.eu\/toode\/harilik-sidrunhein\/\"]}]},{\"@type\":\"ImageObject\",\"inLanguage\":\"ru-RU\",\"@id\":\"https:\/\/tammetalu.eu\/toode\/harilik-sidrunhein\/#primaryimage\",\"url\":\"https:\/\/tammetalu.eu\/wp-content\/uploads\/2022\/08\/Harilik_sidrunhein_Cymbopogon_citratus_Tamme_talu_urdiaed.jpg\",\"contentUrl\":\"https:\/\/tammetalu.eu\/wp-content\/uploads\/2022\/08\/Harilik_sidrunhein_Cymbopogon_citratus_Tamme_talu_urdiaed.jpg\",\"width\":1000,\"height\":1001,\"caption\":\"Harilik_sidrunhein_Cymbopogon_citratus_Tamme_talu_urdiaed\"},{\"@type\":\"BreadcrumbList\",\"@id\":\"https:\/\/tammetalu.eu\/toode\/harilik-sidrunhein\/#breadcrumb\",\"itemListElement\":[{\"@type\":\"ListItem\",\"position\":1,\"name\":\"Home\",\"item\":\"https:\/\/tammetalu.eu\/ru\/esileht-rus\/\"},{\"@type\":\"ListItem\",\"position\":2,\"name\":\"\u041c\u0430\u0433\u0430\u0437\u0438\u043d\",\"item\":\"https:\/\/tammetalu.eu\/ru\/%d0%bc%d0%b0%d0%b3%d0%b0%d0%b7%d0%b8%d0%bd\/\"},{\"@type\":\"ListItem\",\"position\":3,\"name\":\"Harilik sidrunhein\"}]},{\"@type\":\"WebSite\",\"@id\":\"https:\/\/tammetalu.eu\/#website\",\"url\":\"https:\/\/tammetalu.eu\/\",\"name\":\"Tamme talu \u00fcrdiaed\",\"description\":\"K\u00e4sit\u00f6\u00f6na valmistatud tooted \u00fcrtidest, \u00fcrdiistikud, \u00fcrtide kollektsioonaed\",\"publisher\":{\"@id\":\"https:\/\/tammetalu.eu\/#organization\"},\"alternateName\":\"Tamme talu\",\"potentialAction\":[{\"@type\":\"SearchAction\",\"target\":{\"@type\":\"EntryPoint\",\"urlTemplate\":\"https:\/\/tammetalu.eu\/?s={search_term_string}\"},\"query-input\":{\"@type\":\"PropertyValueSpecification\",\"valueRequired\":true,\"valueName\":\"search_term_string\"}}],\"inLanguage\":\"ru-RU\"},{\"@type\":\"Organization\",\"@id\":\"https:\/\/tammetalu.eu\/#organization\",\"name\":\"Tamme talu \u00fcrdiaed\",\"alternateName\":\"Tamme talu\",\"url\":\"https:\/\/tammetalu.eu\/\",\"logo\":{\"@type\":\"ImageObject\",\"inLanguage\":\"ru-RU\",\"@id\":\"https:\/\/tammetalu.eu\/#\/schema\/logo\/image\/\",\"url\":\"https:\/\/tammetalu.eu\/wp-content\/uploads\/2025\/01\/Tamme_talu_urdiaed.png\",\"contentUrl\":\"https:\/\/tammetalu.eu\/wp-content\/uploads\/2025\/01\/Tamme_talu_urdiaed.png\",\"width\":560,\"height\":560,\"caption\":\"Tamme talu \u00fcrdiaed\"},\"image\":{\"@id\":\"https:\/\/tammetalu.eu\/#\/schema\/logo\/image\/\"},\"sameAs\":[\"https:\/\/www.facebook.com\/TammeTaluUrdiaed\/?locale=et_EE\",\"https:\/\/www.instagram.com\/tammetaluurdiaed\/\"]}]}<\/script>\n<!-- \/ Yoast SEO plugin. -->","yoast_head_json":{"title":"Harilik sidrunhein - Tamme talu \u00fcrdiaed","description":"V\u00e4rskendava sidruni aroomi ja maitsega soojan\u00f5udlik taim, v\u00f5ib kasvada kuni 1,2m k\u00f5rguseks. Soovitav on taime kasvatada potitaimena.","robots":{"index":"index","follow":"follow","max-snippet":"max-snippet:-1","max-image-preview":"max-image-preview:large","max-video-preview":"max-video-preview:-1"},"canonical":"https:\/\/tammetalu.eu\/toode\/harilik-sidrunhein\/","og_locale":"ru_RU","og_type":"article","og_title":"Harilik sidrunhein - Tamme talu \u00fcrdiaed","og_description":"V\u00e4rskendava sidruni aroomi ja maitsega soojan\u00f5udlik taim, v\u00f5ib kasvada kuni 1,2m k\u00f5rguseks. Soovitav on taime kasvatada potitaimena.","og_url":"https:\/\/tammetalu.eu\/toode\/harilik-sidrunhein\/","og_site_name":"Tamme talu \u00fcrdiaed","article_publisher":"https:\/\/www.facebook.com\/TammeTaluUrdiaed\/?locale=et_EE","article_modified_time":"2026-04-24T09:50:54+00:00","og_image":[{"width":1000,"height":1001,"url":"https:\/\/tammetalu.eu\/wp-content\/uploads\/2022\/08\/Harilik_sidrunhein_Cymbopogon_citratus_Tamme_talu_urdiaed.jpg","type":"image\/jpeg"}],"twitter_card":"summary_large_image","twitter_misc":{"\u041f\u0440\u0438\u043c\u0435\u0440\u043d\u043e\u0435 \u0432\u0440\u0435\u043c\u044f \u0434\u043b\u044f \u0447\u0442\u0435\u043d\u0438\u044f":"1 \u043c\u0438\u043d\u0443\u0442\u0430"},"schema":{"@context":"https:\/\/schema.org","@graph":[{"@type":"WebPage","@id":"https:\/\/tammetalu.eu\/toode\/harilik-sidrunhein\/","url":"https:\/\/tammetalu.eu\/toode\/harilik-sidrunhein\/","name":"Harilik sidrunhein - Tamme talu \u00fcrdiaed","isPartOf":{"@id":"https:\/\/tammetalu.eu\/#website"},"primaryImageOfPage":{"@id":"https:\/\/tammetalu.eu\/toode\/harilik-sidrunhein\/#primaryimage"},"image":{"@id":"https:\/\/tammetalu.eu\/toode\/harilik-sidrunhein\/#primaryimage"},"thumbnailUrl":"https:\/\/tammetalu.eu\/wp-content\/uploads\/2022\/08\/Harilik_sidrunhein_Cymbopogon_citratus_Tamme_talu_urdiaed.jpg","datePublished":"2022-08-09T06:05:02+00:00","dateModified":"2026-04-24T09:50:54+00:00","description":"V\u00e4rskendava sidruni aroomi ja maitsega soojan\u00f5udlik taim, v\u00f5ib kasvada kuni 1,2m k\u00f5rguseks. Soovitav on taime kasvatada potitaimena.","breadcrumb":{"@id":"https:\/\/tammetalu.eu\/toode\/harilik-sidrunhein\/#breadcrumb"},"inLanguage":"ru-RU","potentialAction":[{"@type":"ReadAction","target":["https:\/\/tammetalu.eu\/toode\/harilik-sidrunhein\/"]}]},{"@type":"ImageObject","inLanguage":"ru-RU","@id":"https:\/\/tammetalu.eu\/toode\/harilik-sidrunhein\/#primaryimage","url":"https:\/\/tammetalu.eu\/wp-content\/uploads\/2022\/08\/Harilik_sidrunhein_Cymbopogon_citratus_Tamme_talu_urdiaed.jpg","contentUrl":"https:\/\/tammetalu.eu\/wp-content\/uploads\/2022\/08\/Harilik_sidrunhein_Cymbopogon_citratus_Tamme_talu_urdiaed.jpg","width":1000,"height":1001,"caption":"Harilik_sidrunhein_Cymbopogon_citratus_Tamme_talu_urdiaed"},{"@type":"BreadcrumbList","@id":"https:\/\/tammetalu.eu\/toode\/harilik-sidrunhein\/#breadcrumb","itemListElement":[{"@type":"ListItem","position":1,"name":"Home","item":"https:\/\/tammetalu.eu\/ru\/esileht-rus\/"},{"@type":"ListItem","position":2,"name":"\u041c\u0430\u0433\u0430\u0437\u0438\u043d","item":"https:\/\/tammetalu.eu\/ru\/%d0%bc%d0%b0%d0%b3%d0%b0%d0%b7%d0%b8%d0%bd\/"},{"@type":"ListItem","position":3,"name":"Harilik sidrunhein"}]},{"@type":"WebSite","@id":"https:\/\/tammetalu.eu\/#website","url":"https:\/\/tammetalu.eu\/","name":"Tamme talu \u00fcrdiaed","description":"K\u00e4sit\u00f6\u00f6na valmistatud tooted \u00fcrtidest, \u00fcrdiistikud, \u00fcrtide kollektsioonaed","publisher":{"@id":"https:\/\/tammetalu.eu\/#organization"},"alternateName":"Tamme talu","potentialAction":[{"@type":"SearchAction","target":{"@type":"EntryPoint","urlTemplate":"https:\/\/tammetalu.eu\/?s={search_term_string}"},"query-input":{"@type":"PropertyValueSpecification","valueRequired":true,"valueName":"search_term_string"}}],"inLanguage":"ru-RU"},{"@type":"Organization","@id":"https:\/\/tammetalu.eu\/#organization","name":"Tamme talu \u00fcrdiaed","alternateName":"Tamme talu","url":"https:\/\/tammetalu.eu\/","logo":{"@type":"ImageObject","inLanguage":"ru-RU","@id":"https:\/\/tammetalu.eu\/#\/schema\/logo\/image\/","url":"https:\/\/tammetalu.eu\/wp-content\/uploads\/2025\/01\/Tamme_talu_urdiaed.png","contentUrl":"https:\/\/tammetalu.eu\/wp-content\/uploads\/2025\/01\/Tamme_talu_urdiaed.png","width":560,"height":560,"caption":"Tamme talu \u00fcrdiaed"},"image":{"@id":"https:\/\/tammetalu.eu\/#\/schema\/logo\/image\/"},"sameAs":["https:\/\/www.facebook.com\/TammeTaluUrdiaed\/?locale=et_EE","https:\/\/www.instagram.com\/tammetaluurdiaed\/"]}]}},"_links":{"self":[{"href":"https:\/\/tammetalu.eu\/ru\/wp-json\/wp\/v2\/product\/15722","targetHints":{"allow":["GET"]}}],"collection":[{"href":"https:\/\/tammetalu.eu\/ru\/wp-json\/wp\/v2\/product"}],"about":[{"href":"https:\/\/tammetalu.eu\/ru\/wp-json\/wp\/v2\/types\/product"}],"wp:featuredmedia":[{"embeddable":true,"href":"https:\/\/tammetalu.eu\/ru\/wp-json\/wp\/v2\/media\/18019"}],"wp:attachment":[{"href":"https:\/\/tammetalu.eu\/ru\/wp-json\/wp\/v2\/media?parent=15722"}],"wp:term":[{"taxonomy":"product_brand","embeddable":true,"href":"https:\/\/tammetalu.eu\/ru\/wp-json\/wp\/v2\/product_brand?post=15722"},{"taxonomy":"product_cat","embeddable":true,"href":"https:\/\/tammetalu.eu\/ru\/wp-json\/wp\/v2\/product_cat?post=15722"},{"taxonomy":"product_tag","embeddable":true,"href":"https:\/\/tammetalu.eu\/ru\/wp-json\/wp\/v2\/product_tag?post=15722"}],"curies":[{"name":"wp","href":"https:\/\/api.w.org\/{rel}","templated":true}]}}