{"id":15790,"date":"2022-08-09T09:05:53","date_gmt":"2022-08-09T06:05:53","guid":{"rendered":"https:\/\/tammetalu.eu?post_type=product&#038;p=15790"},"modified":"2026-01-21T12:02:50","modified_gmt":"2026-01-21T10:02:50","slug":"kinkekomplekt-sarisevad-hetked","status":"publish","type":"product","link":"https:\/\/tammetalu.eu\/ru\/toode\/kinkekomplekt-sarisevad-hetked\/","title":{"rendered":"Kinkekomplekt &#171;S\u00e4risevad hetked&#187;"},"content":{"rendered":"<p><span style=\"color: #339966;\"><a style=\"color: #339966;\" href=\"https:\/\/tammetalu.eu\/toode\/tsilli-sibula-marmelaad-150g\/\">T\u0161illi-sibula marmelaad<\/a><\/span> on m\u00f5nusalt v\u00fcrtsikas kaste t\u00f5elistele lihas\u00f5pradele. Naudi rikkaliku maitsega lisandit seaprae, grill-liha v\u00f5i aedviljaroogade k\u00f5rvale.<br \/>\n<span style=\"color: #339966;\"><a style=\"color: #339966;\" href=\"https:\/\/tammetalu.eu\/toode\/sostrasarts-150g\/\">S\u00f5stras\u00e4rts<\/a><\/span> on kergelt v\u00fcrtsikas kaste, mis on s\u00f5straselt hapukas ja t\u0161illiselt v\u00fcrtsikas. \u00dcrdid lisavad maitses\u00fcgavust. Naudi koos k\u00fcpsetatud looma-, lamba- v\u00f5i linnulihaga.<br \/>\n<span style=\"color: #339966;\"><a style=\"color: #339966;\" href=\"https:\/\/tammetalu.eu\/toode\/oko-talvemoos-150g\/\">Talvemoos<\/a><\/span> on ideaalne lisand verivorstide ja seaprae juurde.<br \/>\n<span style=\"color: #339966;\"><a style=\"color: #339966;\" href=\"https:\/\/tammetalu.eu\/toode\/urdiaia-mesi-180g\/\">\u00dcrdiaia mesi<\/a><\/span> on kogutud Tamme talu \u00f5itsvalt tee- ja maitsetaimede p\u00f5llult. Mesi on eriliselt kuldne ja pungil t\u00e4is erinevate \u00fcrtide maitseid.<br \/>\n<span style=\"color: #339966;\"><a style=\"color: #339966;\" href=\"https:\/\/tammetalu.eu\/toode\/urdisool-linnulihale-85g\/\">\u00dcrdisool linnulihale<\/a><\/span> sobib pasta, linnuliharoogade, suppide ja puljongite maitsestamiseks.<br \/>\n<span style=\"color: #339966;\"><a style=\"color: #339966;\" href=\"https:\/\/tammetalu.eu\/toode\/puraviku-urdisool-85g\/\">Puraviku \u00fcrdisool<\/a><\/span> on rikkaliku maitsega segu k\u00fclmkuivatatud puravikust ja Tamme talu aias kasvatatud \u00fcrtidest. Sobib suurep\u00e4raselt liha- ja pastaroogade, kastmete, suppide ning k\u00f6\u00f6giviljade maitsestamiseks.<br \/>\n<span style=\"color: #339966;\"><a style=\"color: #339966;\" href=\"https:\/\/tammetalu.eu\/toode\/heade-motete-tee-20g\/\">Heade m\u00f5tete tee<\/a><\/span> sobib joomiseks pimedal ja k\u00fclmal ajal. Tassike sooja teed puhkehetkel annab m\u00f5tetele v\u00e4rske suuna. Lisaks on teel meeldiv maitse ning aroom.<br \/>\n<span style=\"color: #339966;\"><a style=\"color: #339966;\" href=\"https:\/\/tammetalu.eu\/toode\/eluroomu-tee\/\">Elur\u00f5\u00f5mu tee<\/a><\/span> on mahedalt kasvanud mahlastest vaarikatest ja v\u00e4rskendavast sidrunaloisiast valmistatud tee, mis on eriliselt maitsekas. Tee on pakitud kenasse klaaspurki.<br \/>\nMusts\u00f5stra marmelaad on valmistatud k\u00e4sit\u00f6\u00f6na mahedalt kasvatatud musts\u00f5stardest. Ei sisalda kunstlike v\u00e4rv-, l\u00f5hna- ega s\u00e4ilitusaineid. Koostisosad: musts\u00f5stra marmelaad [musts\u00f5stra p\u00fcree v\u00e4hemalt 35%,<br \/>\nsuhkur, agaavisiirup, paksendaja (jaune pektiin), inuliin].<\/p>\n","protected":false},"excerpt":{"rendered":"<p>Kinkekomplekt &#171;S\u00e4risevad hetked&#187; sisaldab rikkalikult h\u00e4id maitseid. Kingitus, mis toob korraga r\u00f5\u00f5mu nii silmale, s\u00fcdamele kui maitsemeelele \u2013 t\u00e4is l\u00f5hnu, maitseid ja soojust otse Tamme talu \u00fcrdaiast.<\/p>\n<p>Karbil on l\u00e4bipaistev kaas, mille \u00fcmber on seotud imeilus punane siidipael ja k\u00fcljes kaunilt kujundatud kaardike koos armsa s\u00f5numiga. Kinkija saab kaardile lisada kingisaaja nime. Karbi m\u00f5\u00f5tmed on 34 x 34 x 100 cm.<\/p>\n<p>Komplekt sisaldab: T\u0161illi-sibula marmelaadi, Talvemoosi, \u00dcrdiaia mett, \u00dcrdisoola linnulihale, Elur\u00f5\u00f5mu teed, Heade m\u00f5tete teed, Musts\u00f5stra marmelaadi, Puraviku \u00fcrdsioola, S\u00f5stras\u00e4rtsu.<\/p>\n<p>Kinkekarpide koostamisel peame oluliseks keskkonnas\u00e4\u00e4stlikku ning &#171;v\u00e4hem pr\u00fcgi&#187; m\u00f5tteviisi. Seep\u00e4rast kasutame karbi sisuna <span style=\"color: #339966;\"><a style=\"color: #339966;\" href=\"https:\/\/raiku.co\/\">RAIKU<\/a><\/span> 100% naturaalset, komposteeruvat ja keskkonnas\u00f5bralikku pakkematerjali, mis on toodetud puidust. V\u00e4ljan\u00e4gemiselt ilus, stiilne ja luksuslik.<\/p>\n<p>R\u00f5\u00f5musta oma l\u00e4hedasi, s\u00f5pru, kolleege v\u00f5i \u00e4ripartnereid armastusega loodud kingitustega, mis tulevad Tamme talust!<\/p>\n","protected":false},"featured_media":26045,"template":"","meta":{"_acf_changed":false,"_et_pb_use_builder":"","_et_pb_old_content":"","_et_gb_content_width":"","inline_featured_image":false},"product_brand":[],"product_cat":[225,185],"product_tag":[],"class_list":{"0":"post-15790","1":"product","2":"type-product","3":"status-publish","4":"has-post-thumbnail","6":"product_cat-kingiideed","7":"product_cat-kinkekomplektid","9":"first","10":"instock","11":"taxable","12":"shipping-taxable","13":"purchasable","14":"product-type-simple"},"acf":[],"yoast_head":"<!-- This site is optimized with the Yoast SEO plugin v26.4 - https:\/\/yoast.com\/wordpress\/plugins\/seo\/ -->\n<title>Kinkekomplekt &quot;S\u00e4risevad hetked&quot; - Tamme talu \u00fcrdiaed<\/title>\n<meta name=\"description\" content=\"Kinkekomplekt &quot;S\u00e4risevad hetked&quot; sisaldab palju h\u00e4id maitseid. Avasta Tamme talu tooted \u2013 k\u00e4sit\u00f6\u00f6moosid, \u00fcrdisoolad, mesi ja teed. Kaunilt pakitud kinkekomplekt on suurep\u00e4rane valik kingituseks nii kolleegile, \u00e4ripartnerile kui ka pereliikmele \u2013 naturaalne, eestimaine ja maitsekalt esitatud.\" \/>\n<meta name=\"robots\" content=\"index, follow, max-snippet:-1, max-image-preview:large, max-video-preview:-1\" \/>\n<link rel=\"canonical\" href=\"https:\/\/tammetalu.eu\/toode\/kinkekomplekt-sarisevad-hetked\/\" \/>\n<meta property=\"og:locale\" content=\"ru_RU\" \/>\n<meta property=\"og:type\" content=\"article\" \/>\n<meta property=\"og:title\" content=\"Kinkekomplekt &quot;S\u00e4risevad hetked&quot; - Tamme talu \u00fcrdiaed\" \/>\n<meta property=\"og:description\" content=\"Kinkekomplekt &quot;S\u00e4risevad hetked&quot; sisaldab palju h\u00e4id maitseid. Avasta Tamme talu tooted \u2013 k\u00e4sit\u00f6\u00f6moosid, \u00fcrdisoolad, mesi ja teed. Kaunilt pakitud kinkekomplekt on suurep\u00e4rane valik kingituseks nii kolleegile, \u00e4ripartnerile kui ka pereliikmele \u2013 naturaalne, eestimaine ja maitsekalt esitatud.\" \/>\n<meta property=\"og:url\" content=\"https:\/\/tammetalu.eu\/toode\/kinkekomplekt-sarisevad-hetked\/\" \/>\n<meta property=\"og:site_name\" content=\"Tamme talu \u00fcrdiaed\" \/>\n<meta property=\"article:publisher\" content=\"https:\/\/www.facebook.com\/TammeTaluUrdiaed\/?locale=et_EE\" \/>\n<meta property=\"article:modified_time\" content=\"2026-01-21T10:02:50+00:00\" \/>\n<meta property=\"og:image\" content=\"https:\/\/tammetalu.eu\/wp-content\/uploads\/2022\/08\/tamme-talu-urdiaed-sarisevad-hetked.jpg\" \/>\n\t<meta property=\"og:image:width\" content=\"1365\" \/>\n\t<meta property=\"og:image:height\" content=\"2048\" \/>\n\t<meta property=\"og:image:type\" content=\"image\/jpeg\" \/>\n<meta name=\"twitter:card\" content=\"summary_large_image\" \/>\n<meta name=\"twitter:label1\" content=\"\u041f\u0440\u0438\u043c\u0435\u0440\u043d\u043e\u0435 \u0432\u0440\u0435\u043c\u044f \u0434\u043b\u044f \u0447\u0442\u0435\u043d\u0438\u044f\" \/>\n\t<meta name=\"twitter:data1\" content=\"2 \u043c\u0438\u043d\u0443\u0442\u044b\" \/>\n<script type=\"application\/ld+json\" class=\"yoast-schema-graph\">{\"@context\":\"https:\/\/schema.org\",\"@graph\":[{\"@type\":\"WebPage\",\"@id\":\"https:\/\/tammetalu.eu\/toode\/kinkekomplekt-sarisevad-hetked\/\",\"url\":\"https:\/\/tammetalu.eu\/toode\/kinkekomplekt-sarisevad-hetked\/\",\"name\":\"Kinkekomplekt \\\"S\u00e4risevad hetked\\\" - Tamme talu \u00fcrdiaed\",\"isPartOf\":{\"@id\":\"https:\/\/tammetalu.eu\/#website\"},\"primaryImageOfPage\":{\"@id\":\"https:\/\/tammetalu.eu\/toode\/kinkekomplekt-sarisevad-hetked\/#primaryimage\"},\"image\":{\"@id\":\"https:\/\/tammetalu.eu\/toode\/kinkekomplekt-sarisevad-hetked\/#primaryimage\"},\"thumbnailUrl\":\"https:\/\/tammetalu.eu\/wp-content\/uploads\/2022\/08\/tamme-talu-urdiaed-sarisevad-hetked.jpg\",\"datePublished\":\"2022-08-09T06:05:53+00:00\",\"dateModified\":\"2026-01-21T10:02:50+00:00\",\"description\":\"Kinkekomplekt \\\"S\u00e4risevad hetked\\\" sisaldab palju h\u00e4id maitseid. Avasta Tamme talu tooted \u2013 k\u00e4sit\u00f6\u00f6moosid, \u00fcrdisoolad, mesi ja teed. Kaunilt pakitud kinkekomplekt on suurep\u00e4rane valik kingituseks nii kolleegile, \u00e4ripartnerile kui ka pereliikmele \u2013 naturaalne, eestimaine ja maitsekalt esitatud.\",\"breadcrumb\":{\"@id\":\"https:\/\/tammetalu.eu\/toode\/kinkekomplekt-sarisevad-hetked\/#breadcrumb\"},\"inLanguage\":\"ru-RU\",\"potentialAction\":[{\"@type\":\"ReadAction\",\"target\":[\"https:\/\/tammetalu.eu\/toode\/kinkekomplekt-sarisevad-hetked\/\"]}]},{\"@type\":\"ImageObject\",\"inLanguage\":\"ru-RU\",\"@id\":\"https:\/\/tammetalu.eu\/toode\/kinkekomplekt-sarisevad-hetked\/#primaryimage\",\"url\":\"https:\/\/tammetalu.eu\/wp-content\/uploads\/2022\/08\/tamme-talu-urdiaed-sarisevad-hetked.jpg\",\"contentUrl\":\"https:\/\/tammetalu.eu\/wp-content\/uploads\/2022\/08\/tamme-talu-urdiaed-sarisevad-hetked.jpg\",\"width\":1365,\"height\":2048,\"caption\":\"tamme talu \u00fcrdiaed, s\u00e4risevad hetked, kinkekomplekt, kinkekarp, j\u00f5ulud, \u00e4rikingitused\"},{\"@type\":\"BreadcrumbList\",\"@id\":\"https:\/\/tammetalu.eu\/toode\/kinkekomplekt-sarisevad-hetked\/#breadcrumb\",\"itemListElement\":[{\"@type\":\"ListItem\",\"position\":1,\"name\":\"Home\",\"item\":\"https:\/\/tammetalu.eu\/ru\/esileht-rus\/\"},{\"@type\":\"ListItem\",\"position\":2,\"name\":\"\u041c\u0430\u0433\u0430\u0437\u0438\u043d\",\"item\":\"https:\/\/tammetalu.eu\/ru\/%d0%bc%d0%b0%d0%b3%d0%b0%d0%b7%d0%b8%d0%bd\/\"},{\"@type\":\"ListItem\",\"position\":3,\"name\":\"Kinkekomplekt &#8220;S\u00e4risevad hetked&#8221;\"}]},{\"@type\":\"WebSite\",\"@id\":\"https:\/\/tammetalu.eu\/#website\",\"url\":\"https:\/\/tammetalu.eu\/\",\"name\":\"Tamme talu \u00fcrdiaed\",\"description\":\"K\u00e4sit\u00f6\u00f6na valmistatud tooted \u00fcrtidest, \u00fcrdiistikud, \u00fcrtide kollektsioonaed\",\"publisher\":{\"@id\":\"https:\/\/tammetalu.eu\/#organization\"},\"alternateName\":\"Tamme talu\",\"potentialAction\":[{\"@type\":\"SearchAction\",\"target\":{\"@type\":\"EntryPoint\",\"urlTemplate\":\"https:\/\/tammetalu.eu\/?s={search_term_string}\"},\"query-input\":{\"@type\":\"PropertyValueSpecification\",\"valueRequired\":true,\"valueName\":\"search_term_string\"}}],\"inLanguage\":\"ru-RU\"},{\"@type\":\"Organization\",\"@id\":\"https:\/\/tammetalu.eu\/#organization\",\"name\":\"Tamme talu \u00fcrdiaed\",\"alternateName\":\"Tamme talu\",\"url\":\"https:\/\/tammetalu.eu\/\",\"logo\":{\"@type\":\"ImageObject\",\"inLanguage\":\"ru-RU\",\"@id\":\"https:\/\/tammetalu.eu\/#\/schema\/logo\/image\/\",\"url\":\"https:\/\/tammetalu.eu\/wp-content\/uploads\/2025\/01\/Tamme_talu_urdiaed.png\",\"contentUrl\":\"https:\/\/tammetalu.eu\/wp-content\/uploads\/2025\/01\/Tamme_talu_urdiaed.png\",\"width\":560,\"height\":560,\"caption\":\"Tamme talu \u00fcrdiaed\"},\"image\":{\"@id\":\"https:\/\/tammetalu.eu\/#\/schema\/logo\/image\/\"},\"sameAs\":[\"https:\/\/www.facebook.com\/TammeTaluUrdiaed\/?locale=et_EE\",\"https:\/\/www.instagram.com\/tammetaluurdiaed\/\"]}]}<\/script>\n<!-- \/ Yoast SEO plugin. -->","yoast_head_json":{"title":"Kinkekomplekt \"S\u00e4risevad hetked\" - Tamme talu \u00fcrdiaed","description":"Kinkekomplekt \"S\u00e4risevad hetked\" sisaldab palju h\u00e4id maitseid. Avasta Tamme talu tooted \u2013 k\u00e4sit\u00f6\u00f6moosid, \u00fcrdisoolad, mesi ja teed. Kaunilt pakitud kinkekomplekt on suurep\u00e4rane valik kingituseks nii kolleegile, \u00e4ripartnerile kui ka pereliikmele \u2013 naturaalne, eestimaine ja maitsekalt esitatud.","robots":{"index":"index","follow":"follow","max-snippet":"max-snippet:-1","max-image-preview":"max-image-preview:large","max-video-preview":"max-video-preview:-1"},"canonical":"https:\/\/tammetalu.eu\/toode\/kinkekomplekt-sarisevad-hetked\/","og_locale":"ru_RU","og_type":"article","og_title":"Kinkekomplekt \"S\u00e4risevad hetked\" - Tamme talu \u00fcrdiaed","og_description":"Kinkekomplekt \"S\u00e4risevad hetked\" sisaldab palju h\u00e4id maitseid. Avasta Tamme talu tooted \u2013 k\u00e4sit\u00f6\u00f6moosid, \u00fcrdisoolad, mesi ja teed. Kaunilt pakitud kinkekomplekt on suurep\u00e4rane valik kingituseks nii kolleegile, \u00e4ripartnerile kui ka pereliikmele \u2013 naturaalne, eestimaine ja maitsekalt esitatud.","og_url":"https:\/\/tammetalu.eu\/toode\/kinkekomplekt-sarisevad-hetked\/","og_site_name":"Tamme talu \u00fcrdiaed","article_publisher":"https:\/\/www.facebook.com\/TammeTaluUrdiaed\/?locale=et_EE","article_modified_time":"2026-01-21T10:02:50+00:00","og_image":[{"width":1365,"height":2048,"url":"https:\/\/tammetalu.eu\/wp-content\/uploads\/2022\/08\/tamme-talu-urdiaed-sarisevad-hetked.jpg","type":"image\/jpeg"}],"twitter_card":"summary_large_image","twitter_misc":{"\u041f\u0440\u0438\u043c\u0435\u0440\u043d\u043e\u0435 \u0432\u0440\u0435\u043c\u044f \u0434\u043b\u044f \u0447\u0442\u0435\u043d\u0438\u044f":"2 \u043c\u0438\u043d\u0443\u0442\u044b"},"schema":{"@context":"https:\/\/schema.org","@graph":[{"@type":"WebPage","@id":"https:\/\/tammetalu.eu\/toode\/kinkekomplekt-sarisevad-hetked\/","url":"https:\/\/tammetalu.eu\/toode\/kinkekomplekt-sarisevad-hetked\/","name":"Kinkekomplekt \"S\u00e4risevad hetked\" - Tamme talu \u00fcrdiaed","isPartOf":{"@id":"https:\/\/tammetalu.eu\/#website"},"primaryImageOfPage":{"@id":"https:\/\/tammetalu.eu\/toode\/kinkekomplekt-sarisevad-hetked\/#primaryimage"},"image":{"@id":"https:\/\/tammetalu.eu\/toode\/kinkekomplekt-sarisevad-hetked\/#primaryimage"},"thumbnailUrl":"https:\/\/tammetalu.eu\/wp-content\/uploads\/2022\/08\/tamme-talu-urdiaed-sarisevad-hetked.jpg","datePublished":"2022-08-09T06:05:53+00:00","dateModified":"2026-01-21T10:02:50+00:00","description":"Kinkekomplekt \"S\u00e4risevad hetked\" sisaldab palju h\u00e4id maitseid. Avasta Tamme talu tooted \u2013 k\u00e4sit\u00f6\u00f6moosid, \u00fcrdisoolad, mesi ja teed. Kaunilt pakitud kinkekomplekt on suurep\u00e4rane valik kingituseks nii kolleegile, \u00e4ripartnerile kui ka pereliikmele \u2013 naturaalne, eestimaine ja maitsekalt esitatud.","breadcrumb":{"@id":"https:\/\/tammetalu.eu\/toode\/kinkekomplekt-sarisevad-hetked\/#breadcrumb"},"inLanguage":"ru-RU","potentialAction":[{"@type":"ReadAction","target":["https:\/\/tammetalu.eu\/toode\/kinkekomplekt-sarisevad-hetked\/"]}]},{"@type":"ImageObject","inLanguage":"ru-RU","@id":"https:\/\/tammetalu.eu\/toode\/kinkekomplekt-sarisevad-hetked\/#primaryimage","url":"https:\/\/tammetalu.eu\/wp-content\/uploads\/2022\/08\/tamme-talu-urdiaed-sarisevad-hetked.jpg","contentUrl":"https:\/\/tammetalu.eu\/wp-content\/uploads\/2022\/08\/tamme-talu-urdiaed-sarisevad-hetked.jpg","width":1365,"height":2048,"caption":"tamme talu \u00fcrdiaed, s\u00e4risevad hetked, kinkekomplekt, kinkekarp, j\u00f5ulud, \u00e4rikingitused"},{"@type":"BreadcrumbList","@id":"https:\/\/tammetalu.eu\/toode\/kinkekomplekt-sarisevad-hetked\/#breadcrumb","itemListElement":[{"@type":"ListItem","position":1,"name":"Home","item":"https:\/\/tammetalu.eu\/ru\/esileht-rus\/"},{"@type":"ListItem","position":2,"name":"\u041c\u0430\u0433\u0430\u0437\u0438\u043d","item":"https:\/\/tammetalu.eu\/ru\/%d0%bc%d0%b0%d0%b3%d0%b0%d0%b7%d0%b8%d0%bd\/"},{"@type":"ListItem","position":3,"name":"Kinkekomplekt &#8220;S\u00e4risevad hetked&#8221;"}]},{"@type":"WebSite","@id":"https:\/\/tammetalu.eu\/#website","url":"https:\/\/tammetalu.eu\/","name":"Tamme talu \u00fcrdiaed","description":"K\u00e4sit\u00f6\u00f6na valmistatud tooted \u00fcrtidest, \u00fcrdiistikud, \u00fcrtide kollektsioonaed","publisher":{"@id":"https:\/\/tammetalu.eu\/#organization"},"alternateName":"Tamme talu","potentialAction":[{"@type":"SearchAction","target":{"@type":"EntryPoint","urlTemplate":"https:\/\/tammetalu.eu\/?s={search_term_string}"},"query-input":{"@type":"PropertyValueSpecification","valueRequired":true,"valueName":"search_term_string"}}],"inLanguage":"ru-RU"},{"@type":"Organization","@id":"https:\/\/tammetalu.eu\/#organization","name":"Tamme talu \u00fcrdiaed","alternateName":"Tamme talu","url":"https:\/\/tammetalu.eu\/","logo":{"@type":"ImageObject","inLanguage":"ru-RU","@id":"https:\/\/tammetalu.eu\/#\/schema\/logo\/image\/","url":"https:\/\/tammetalu.eu\/wp-content\/uploads\/2025\/01\/Tamme_talu_urdiaed.png","contentUrl":"https:\/\/tammetalu.eu\/wp-content\/uploads\/2025\/01\/Tamme_talu_urdiaed.png","width":560,"height":560,"caption":"Tamme talu \u00fcrdiaed"},"image":{"@id":"https:\/\/tammetalu.eu\/#\/schema\/logo\/image\/"},"sameAs":["https:\/\/www.facebook.com\/TammeTaluUrdiaed\/?locale=et_EE","https:\/\/www.instagram.com\/tammetaluurdiaed\/"]}]}},"_links":{"self":[{"href":"https:\/\/tammetalu.eu\/ru\/wp-json\/wp\/v2\/product\/15790","targetHints":{"allow":["GET"]}}],"collection":[{"href":"https:\/\/tammetalu.eu\/ru\/wp-json\/wp\/v2\/product"}],"about":[{"href":"https:\/\/tammetalu.eu\/ru\/wp-json\/wp\/v2\/types\/product"}],"wp:featuredmedia":[{"embeddable":true,"href":"https:\/\/tammetalu.eu\/ru\/wp-json\/wp\/v2\/media\/26045"}],"wp:attachment":[{"href":"https:\/\/tammetalu.eu\/ru\/wp-json\/wp\/v2\/media?parent=15790"}],"wp:term":[{"taxonomy":"product_brand","embeddable":true,"href":"https:\/\/tammetalu.eu\/ru\/wp-json\/wp\/v2\/product_brand?post=15790"},{"taxonomy":"product_cat","embeddable":true,"href":"https:\/\/tammetalu.eu\/ru\/wp-json\/wp\/v2\/product_cat?post=15790"},{"taxonomy":"product_tag","embeddable":true,"href":"https:\/\/tammetalu.eu\/ru\/wp-json\/wp\/v2\/product_tag?post=15790"}],"curies":[{"name":"wp","href":"https:\/\/api.w.org\/{rel}","templated":true}]}}