{"id":15791,"date":"2022-08-09T09:05:53","date_gmt":"2022-08-09T06:05:53","guid":{"rendered":"https:\/\/tammetalu.eu?post_type=product&#038;p=15791"},"modified":"2026-01-08T16:41:19","modified_gmt":"2026-01-08T14:41:19","slug":"eluroomu-tee","status":"publish","type":"product","link":"https:\/\/tammetalu.eu\/ru\/toode\/eluroomu-tee\/","title":{"rendered":"MAHE Elur\u00f5\u00f5mu tee klaaspurgis 20g"},"content":{"rendered":"","protected":false},"excerpt":{"rendered":"<p>699,5 \u20ac\/kg<\/p>\n<p>Elur\u00f5\u00f5mu tee on mahedalt kasvanud mahlastest vaarikatest ja v\u00e4rskendavast sidrunaloisiast valmistatud tee, mis on eriliselt maitsekas. Tassike aromaatset teed lisab igale p\u00e4evale s\u00f5\u00f5mu v\u00e4rskendavalt lustlikku elur\u00f5\u00f5mu. Tee on pakitud ilusasse purki, mis sobib kinkida s\u00fcnnip\u00e4evadeks, j\u00f5uludeks, l\u00f5petamisteks, \u00e4rikingitusteks kui ka suvisteks \u00fcritusteks. Elu on r\u00f5\u00f5mus!<\/p>\n<p>Koostisosad: k\u00fclmkuivatatud vaarikad*, vaarikalehed*, sidrunaloisia*<\/p>\n<p>*Kontrollitud mahep\u00f5llumajandusest<\/p>\n","protected":false},"featured_media":16600,"template":"","meta":{"_acf_changed":false,"_et_pb_use_builder":"","_et_pb_old_content":"","_et_gb_content_width":"","inline_featured_image":false},"product_brand":[],"product_cat":[225,183,185],"product_tag":[],"class_list":{"0":"post-15791","1":"product","2":"type-product","3":"status-publish","4":"has-post-thumbnail","6":"product_cat-kingiideed","7":"product_cat-marjateed-urtidega","8":"product_cat-kinkekomplektid","10":"first","11":"instock","12":"taxable","13":"shipping-taxable","14":"purchasable","15":"product-type-simple"},"acf":[],"yoast_head":"<!-- This site is optimized with the Yoast SEO plugin v26.4 - https:\/\/yoast.com\/wordpress\/plugins\/seo\/ -->\n<title>MAHE Elur\u00f5\u00f5mu tee klaaspurgis 20g - Tamme talu \u00fcrdiaed<\/title>\n<meta name=\"description\" content=\"\u00d6ko Elur\u00f5\u00f5mu tee on mahlastest vaarikatest ja v\u00e4rskendavast sidrunaloisiast valmistatud tee. Lisa oma p\u00e4evadesse lustlikku elur\u00f5\u00f5mu! Ideaalne kinkimiseks.\" \/>\n<meta name=\"robots\" content=\"index, follow, max-snippet:-1, max-image-preview:large, max-video-preview:-1\" \/>\n<link rel=\"canonical\" href=\"https:\/\/tammetalu.eu\/toode\/eluroomu-tee\/\" \/>\n<meta property=\"og:locale\" content=\"ru_RU\" \/>\n<meta property=\"og:type\" content=\"article\" \/>\n<meta property=\"og:title\" content=\"MAHE Elur\u00f5\u00f5mu tee klaaspurgis 20g - Tamme talu \u00fcrdiaed\" \/>\n<meta property=\"og:description\" content=\"\u00d6ko Elur\u00f5\u00f5mu tee on mahlastest vaarikatest ja v\u00e4rskendavast sidrunaloisiast valmistatud tee. Lisa oma p\u00e4evadesse lustlikku elur\u00f5\u00f5mu! Ideaalne kinkimiseks.\" \/>\n<meta property=\"og:url\" content=\"https:\/\/tammetalu.eu\/toode\/eluroomu-tee\/\" \/>\n<meta property=\"og:site_name\" content=\"Tamme talu \u00fcrdiaed\" \/>\n<meta property=\"article:publisher\" content=\"https:\/\/www.facebook.com\/TammeTaluUrdiaed\/?locale=et_EE\" \/>\n<meta property=\"article:modified_time\" content=\"2026-01-08T14:41:19+00:00\" \/>\n<meta property=\"og:image\" content=\"https:\/\/tammetalu.eu\/wp-content\/uploads\/2022\/08\/Oko_Eluroomu_tee.jpg\" \/>\n\t<meta property=\"og:image:width\" content=\"1920\" \/>\n\t<meta property=\"og:image:height\" content=\"1920\" \/>\n\t<meta property=\"og:image:type\" content=\"image\/jpeg\" \/>\n<meta name=\"twitter:card\" content=\"summary_large_image\" \/>\n<meta name=\"twitter:label1\" content=\"\u041f\u0440\u0438\u043c\u0435\u0440\u043d\u043e\u0435 \u0432\u0440\u0435\u043c\u044f \u0434\u043b\u044f \u0447\u0442\u0435\u043d\u0438\u044f\" \/>\n\t<meta name=\"twitter:data1\" content=\"1 \u043c\u0438\u043d\u0443\u0442\u0430\" \/>\n<script type=\"application\/ld+json\" class=\"yoast-schema-graph\">{\"@context\":\"https:\/\/schema.org\",\"@graph\":[{\"@type\":\"WebPage\",\"@id\":\"https:\/\/tammetalu.eu\/toode\/eluroomu-tee\/\",\"url\":\"https:\/\/tammetalu.eu\/toode\/eluroomu-tee\/\",\"name\":\"MAHE Elur\u00f5\u00f5mu tee klaaspurgis 20g - Tamme talu \u00fcrdiaed\",\"isPartOf\":{\"@id\":\"https:\/\/tammetalu.eu\/#website\"},\"primaryImageOfPage\":{\"@id\":\"https:\/\/tammetalu.eu\/toode\/eluroomu-tee\/#primaryimage\"},\"image\":{\"@id\":\"https:\/\/tammetalu.eu\/toode\/eluroomu-tee\/#primaryimage\"},\"thumbnailUrl\":\"https:\/\/tammetalu.eu\/wp-content\/uploads\/2022\/08\/Oko_Eluroomu_tee.jpg\",\"datePublished\":\"2022-08-09T06:05:53+00:00\",\"dateModified\":\"2026-01-08T14:41:19+00:00\",\"description\":\"\u00d6ko Elur\u00f5\u00f5mu tee on mahlastest vaarikatest ja v\u00e4rskendavast sidrunaloisiast valmistatud tee. Lisa oma p\u00e4evadesse lustlikku elur\u00f5\u00f5mu! Ideaalne kinkimiseks.\",\"breadcrumb\":{\"@id\":\"https:\/\/tammetalu.eu\/toode\/eluroomu-tee\/#breadcrumb\"},\"inLanguage\":\"ru-RU\",\"potentialAction\":[{\"@type\":\"ReadAction\",\"target\":[\"https:\/\/tammetalu.eu\/toode\/eluroomu-tee\/\"]}]},{\"@type\":\"ImageObject\",\"inLanguage\":\"ru-RU\",\"@id\":\"https:\/\/tammetalu.eu\/toode\/eluroomu-tee\/#primaryimage\",\"url\":\"https:\/\/tammetalu.eu\/wp-content\/uploads\/2022\/08\/Oko_Eluroomu_tee.jpg\",\"contentUrl\":\"https:\/\/tammetalu.eu\/wp-content\/uploads\/2022\/08\/Oko_Eluroomu_tee.jpg\",\"width\":1920,\"height\":1920,\"caption\":\"\u00d6ko_Elur\u00f5\u00f5mu_tee Tamme talu \u00fcrdiaed\"},{\"@type\":\"BreadcrumbList\",\"@id\":\"https:\/\/tammetalu.eu\/toode\/eluroomu-tee\/#breadcrumb\",\"itemListElement\":[{\"@type\":\"ListItem\",\"position\":1,\"name\":\"Home\",\"item\":\"https:\/\/tammetalu.eu\/ru\/esileht-rus\/\"},{\"@type\":\"ListItem\",\"position\":2,\"name\":\"\u041c\u0430\u0433\u0430\u0437\u0438\u043d\",\"item\":\"https:\/\/tammetalu.eu\/ru\/%d0%bc%d0%b0%d0%b3%d0%b0%d0%b7%d0%b8%d0%bd\/\"},{\"@type\":\"ListItem\",\"position\":3,\"name\":\"MAHE Elur\u00f5\u00f5mu tee klaaspurgis 20g\"}]},{\"@type\":\"WebSite\",\"@id\":\"https:\/\/tammetalu.eu\/#website\",\"url\":\"https:\/\/tammetalu.eu\/\",\"name\":\"Tamme talu \u00fcrdiaed\",\"description\":\"K\u00e4sit\u00f6\u00f6na valmistatud tooted \u00fcrtidest, \u00fcrdiistikud, \u00fcrtide kollektsioonaed\",\"publisher\":{\"@id\":\"https:\/\/tammetalu.eu\/#organization\"},\"alternateName\":\"Tamme talu\",\"potentialAction\":[{\"@type\":\"SearchAction\",\"target\":{\"@type\":\"EntryPoint\",\"urlTemplate\":\"https:\/\/tammetalu.eu\/?s={search_term_string}\"},\"query-input\":{\"@type\":\"PropertyValueSpecification\",\"valueRequired\":true,\"valueName\":\"search_term_string\"}}],\"inLanguage\":\"ru-RU\"},{\"@type\":\"Organization\",\"@id\":\"https:\/\/tammetalu.eu\/#organization\",\"name\":\"Tamme talu \u00fcrdiaed\",\"alternateName\":\"Tamme talu\",\"url\":\"https:\/\/tammetalu.eu\/\",\"logo\":{\"@type\":\"ImageObject\",\"inLanguage\":\"ru-RU\",\"@id\":\"https:\/\/tammetalu.eu\/#\/schema\/logo\/image\/\",\"url\":\"https:\/\/tammetalu.eu\/wp-content\/uploads\/2025\/01\/Tamme_talu_urdiaed.png\",\"contentUrl\":\"https:\/\/tammetalu.eu\/wp-content\/uploads\/2025\/01\/Tamme_talu_urdiaed.png\",\"width\":560,\"height\":560,\"caption\":\"Tamme talu \u00fcrdiaed\"},\"image\":{\"@id\":\"https:\/\/tammetalu.eu\/#\/schema\/logo\/image\/\"},\"sameAs\":[\"https:\/\/www.facebook.com\/TammeTaluUrdiaed\/?locale=et_EE\",\"https:\/\/www.instagram.com\/tammetaluurdiaed\/\"]}]}<\/script>\n<!-- \/ Yoast SEO plugin. -->","yoast_head_json":{"title":"MAHE Elur\u00f5\u00f5mu tee klaaspurgis 20g - Tamme talu \u00fcrdiaed","description":"\u00d6ko Elur\u00f5\u00f5mu tee on mahlastest vaarikatest ja v\u00e4rskendavast sidrunaloisiast valmistatud tee. Lisa oma p\u00e4evadesse lustlikku elur\u00f5\u00f5mu! Ideaalne kinkimiseks.","robots":{"index":"index","follow":"follow","max-snippet":"max-snippet:-1","max-image-preview":"max-image-preview:large","max-video-preview":"max-video-preview:-1"},"canonical":"https:\/\/tammetalu.eu\/toode\/eluroomu-tee\/","og_locale":"ru_RU","og_type":"article","og_title":"MAHE Elur\u00f5\u00f5mu tee klaaspurgis 20g - Tamme talu \u00fcrdiaed","og_description":"\u00d6ko Elur\u00f5\u00f5mu tee on mahlastest vaarikatest ja v\u00e4rskendavast sidrunaloisiast valmistatud tee. Lisa oma p\u00e4evadesse lustlikku elur\u00f5\u00f5mu! Ideaalne kinkimiseks.","og_url":"https:\/\/tammetalu.eu\/toode\/eluroomu-tee\/","og_site_name":"Tamme talu \u00fcrdiaed","article_publisher":"https:\/\/www.facebook.com\/TammeTaluUrdiaed\/?locale=et_EE","article_modified_time":"2026-01-08T14:41:19+00:00","og_image":[{"width":1920,"height":1920,"url":"https:\/\/tammetalu.eu\/wp-content\/uploads\/2022\/08\/Oko_Eluroomu_tee.jpg","type":"image\/jpeg"}],"twitter_card":"summary_large_image","twitter_misc":{"\u041f\u0440\u0438\u043c\u0435\u0440\u043d\u043e\u0435 \u0432\u0440\u0435\u043c\u044f \u0434\u043b\u044f \u0447\u0442\u0435\u043d\u0438\u044f":"1 \u043c\u0438\u043d\u0443\u0442\u0430"},"schema":{"@context":"https:\/\/schema.org","@graph":[{"@type":"WebPage","@id":"https:\/\/tammetalu.eu\/toode\/eluroomu-tee\/","url":"https:\/\/tammetalu.eu\/toode\/eluroomu-tee\/","name":"MAHE Elur\u00f5\u00f5mu tee klaaspurgis 20g - Tamme talu \u00fcrdiaed","isPartOf":{"@id":"https:\/\/tammetalu.eu\/#website"},"primaryImageOfPage":{"@id":"https:\/\/tammetalu.eu\/toode\/eluroomu-tee\/#primaryimage"},"image":{"@id":"https:\/\/tammetalu.eu\/toode\/eluroomu-tee\/#primaryimage"},"thumbnailUrl":"https:\/\/tammetalu.eu\/wp-content\/uploads\/2022\/08\/Oko_Eluroomu_tee.jpg","datePublished":"2022-08-09T06:05:53+00:00","dateModified":"2026-01-08T14:41:19+00:00","description":"\u00d6ko Elur\u00f5\u00f5mu tee on mahlastest vaarikatest ja v\u00e4rskendavast sidrunaloisiast valmistatud tee. Lisa oma p\u00e4evadesse lustlikku elur\u00f5\u00f5mu! Ideaalne kinkimiseks.","breadcrumb":{"@id":"https:\/\/tammetalu.eu\/toode\/eluroomu-tee\/#breadcrumb"},"inLanguage":"ru-RU","potentialAction":[{"@type":"ReadAction","target":["https:\/\/tammetalu.eu\/toode\/eluroomu-tee\/"]}]},{"@type":"ImageObject","inLanguage":"ru-RU","@id":"https:\/\/tammetalu.eu\/toode\/eluroomu-tee\/#primaryimage","url":"https:\/\/tammetalu.eu\/wp-content\/uploads\/2022\/08\/Oko_Eluroomu_tee.jpg","contentUrl":"https:\/\/tammetalu.eu\/wp-content\/uploads\/2022\/08\/Oko_Eluroomu_tee.jpg","width":1920,"height":1920,"caption":"\u00d6ko_Elur\u00f5\u00f5mu_tee Tamme talu \u00fcrdiaed"},{"@type":"BreadcrumbList","@id":"https:\/\/tammetalu.eu\/toode\/eluroomu-tee\/#breadcrumb","itemListElement":[{"@type":"ListItem","position":1,"name":"Home","item":"https:\/\/tammetalu.eu\/ru\/esileht-rus\/"},{"@type":"ListItem","position":2,"name":"\u041c\u0430\u0433\u0430\u0437\u0438\u043d","item":"https:\/\/tammetalu.eu\/ru\/%d0%bc%d0%b0%d0%b3%d0%b0%d0%b7%d0%b8%d0%bd\/"},{"@type":"ListItem","position":3,"name":"MAHE Elur\u00f5\u00f5mu tee klaaspurgis 20g"}]},{"@type":"WebSite","@id":"https:\/\/tammetalu.eu\/#website","url":"https:\/\/tammetalu.eu\/","name":"Tamme talu \u00fcrdiaed","description":"K\u00e4sit\u00f6\u00f6na valmistatud tooted \u00fcrtidest, \u00fcrdiistikud, \u00fcrtide kollektsioonaed","publisher":{"@id":"https:\/\/tammetalu.eu\/#organization"},"alternateName":"Tamme talu","potentialAction":[{"@type":"SearchAction","target":{"@type":"EntryPoint","urlTemplate":"https:\/\/tammetalu.eu\/?s={search_term_string}"},"query-input":{"@type":"PropertyValueSpecification","valueRequired":true,"valueName":"search_term_string"}}],"inLanguage":"ru-RU"},{"@type":"Organization","@id":"https:\/\/tammetalu.eu\/#organization","name":"Tamme talu \u00fcrdiaed","alternateName":"Tamme talu","url":"https:\/\/tammetalu.eu\/","logo":{"@type":"ImageObject","inLanguage":"ru-RU","@id":"https:\/\/tammetalu.eu\/#\/schema\/logo\/image\/","url":"https:\/\/tammetalu.eu\/wp-content\/uploads\/2025\/01\/Tamme_talu_urdiaed.png","contentUrl":"https:\/\/tammetalu.eu\/wp-content\/uploads\/2025\/01\/Tamme_talu_urdiaed.png","width":560,"height":560,"caption":"Tamme talu \u00fcrdiaed"},"image":{"@id":"https:\/\/tammetalu.eu\/#\/schema\/logo\/image\/"},"sameAs":["https:\/\/www.facebook.com\/TammeTaluUrdiaed\/?locale=et_EE","https:\/\/www.instagram.com\/tammetaluurdiaed\/"]}]}},"_links":{"self":[{"href":"https:\/\/tammetalu.eu\/ru\/wp-json\/wp\/v2\/product\/15791","targetHints":{"allow":["GET"]}}],"collection":[{"href":"https:\/\/tammetalu.eu\/ru\/wp-json\/wp\/v2\/product"}],"about":[{"href":"https:\/\/tammetalu.eu\/ru\/wp-json\/wp\/v2\/types\/product"}],"wp:featuredmedia":[{"embeddable":true,"href":"https:\/\/tammetalu.eu\/ru\/wp-json\/wp\/v2\/media\/16600"}],"wp:attachment":[{"href":"https:\/\/tammetalu.eu\/ru\/wp-json\/wp\/v2\/media?parent=15791"}],"wp:term":[{"taxonomy":"product_brand","embeddable":true,"href":"https:\/\/tammetalu.eu\/ru\/wp-json\/wp\/v2\/product_brand?post=15791"},{"taxonomy":"product_cat","embeddable":true,"href":"https:\/\/tammetalu.eu\/ru\/wp-json\/wp\/v2\/product_cat?post=15791"},{"taxonomy":"product_tag","embeddable":true,"href":"https:\/\/tammetalu.eu\/ru\/wp-json\/wp\/v2\/product_tag?post=15791"}],"curies":[{"name":"wp","href":"https:\/\/api.w.org\/{rel}","templated":true}]}}