{"id":15871,"date":"2022-08-09T09:07:00","date_gmt":"2022-08-09T06:07:00","guid":{"rendered":"https:\/\/tammetalu.eu?post_type=product&#038;p=15871"},"modified":"2026-05-04T08:49:40","modified_gmt":"2026-05-04T05:49:40","slug":"magus-lippia","status":"publish","type":"product","link":"https:\/\/tammetalu.eu\/ru\/toode\/magus-lippia\/","title":{"rendered":"Magus lippia Lippia dulcis"},"content":{"rendered":"","protected":false},"excerpt":{"rendered":"<p><em>Lippia dulcis<\/em><\/p>\n<p>Veidi karedate roheliste lehtede ja valkjaskreemide v\u00e4ikeste \u00f5isikutega maitse,-l\u00f5hna ja ravimtaim. V\u00f5rsed on pikad ja lamanduvad, seep\u00e4rast saab magusat lippiat kasvatada amplis ja r\u00f5dukastis. Magus lippia on taim, mis ei armasta eredat p\u00e4ikesevalgust, pigem naudib kasvamist poolvarjus v\u00f5i lausa varjus. Magusat lippiat saab kasvatada k\u00fclmahella p\u00fcsikuna, tuues talveks taime siseruumidesse talvituma v\u00f5i siis \u00fche hooaja taimena. Kasvamiseks vajab tavalist vett l\u00e4bi laskvat aiamulda. Magusal lippial on veidi omap\u00e4rane m\u00fcndine aroom, mis vallandub ainult lehti h\u00f5\u00f5rudes. Taime lehti ja \u00f5isikuid kasutatakse kalorivaba suhkruasendajana tees ja muudes jookides. Lehti saab kuivatada. Magusat lippiat tuntakse tema kodumaal Kesk-Ameerikas bronhiidi ja astma leevendajana.<\/p>\n<p><strong>Postiga saadetavad taimed pakime alati turvaliselt ja ilmastikukindlalt.<\/strong><\/p>\n","protected":false},"featured_media":16001,"template":"","meta":{"_acf_changed":false,"_et_pb_use_builder":"","_et_pb_old_content":"","_et_gb_content_width":"","inline_featured_image":false},"product_brand":[],"product_cat":[186,200],"product_tag":[],"class_list":{"0":"post-15871","1":"product","2":"type-product","3":"status-publish","4":"has-post-thumbnail","6":"product_cat-maitse-ja-ravimtaimede-istikud","7":"product_cat-muud-maitsetaimed","9":"first","10":"instock","11":"taxable","12":"shipping-taxable","13":"purchasable","14":"product-type-simple"},"acf":[],"yoast_head":"<!-- This site is optimized with the Yoast SEO plugin v27.5 - https:\/\/yoast.com\/product\/yoast-seo-wordpress\/ -->\n<title>Magus lippia Lippia dulcis - Tamme talu \u00fcrdiaed<\/title>\n<meta name=\"robots\" content=\"index, follow, max-snippet:-1, max-image-preview:large, max-video-preview:-1\" \/>\n<link rel=\"canonical\" href=\"https:\/\/tammetalu.eu\/toode\/magus-lippia\/\" \/>\n<meta property=\"og:locale\" content=\"ru_RU\" \/>\n<meta property=\"og:type\" content=\"article\" \/>\n<meta property=\"og:title\" content=\"Magus lippia Lippia dulcis - Tamme talu \u00fcrdiaed\" \/>\n<meta property=\"og:description\" content=\"Lippia dulcis  Veidi karedate roheliste lehtede ja valkjaskreemide v\u00e4ikeste \u00f5isikutega maitse,-l\u00f5hna ja ravimtaim. V\u00f5rsed on pikad ja lamanduvad, seep\u00e4rast saab magusat lippiat kasvatada amplis ja r\u00f5dukastis. Magus lippia on taim, mis ei armasta eredat p\u00e4ikesevalgust, pigem naudib kasvamist poolvarjus v\u00f5i lausa varjus. Magusat lippiat saab kasvatada k\u00fclmahella p\u00fcsikuna, tuues talveks taime siseruumidesse talvituma v\u00f5i siis \u00fche hooaja taimena. Kasvamiseks vajab tavalist vett l\u00e4bi laskvat aiamulda. Magusal lippial on veidi omap\u00e4rane m\u00fcndine aroom, mis vallandub ainult lehti h\u00f5\u00f5rudes. Taime lehti ja \u00f5isikuid kasutatakse kalorivaba suhkruasendajana tees ja muudes jookides. Lehti saab kuivatada. Magusat lippiat tuntakse tema kodumaal Kesk-Ameerikas bronhiidi ja astma leevendajana.  Postiga saadetavad taimed pakime alati turvaliselt ja ilmastikukindlalt.\" \/>\n<meta property=\"og:url\" content=\"https:\/\/tammetalu.eu\/toode\/magus-lippia\/\" \/>\n<meta property=\"og:site_name\" content=\"Tamme talu \u00fcrdiaed\" \/>\n<meta property=\"article:publisher\" content=\"https:\/\/www.facebook.com\/TammeTaluUrdiaed\/?locale=et_EE\" \/>\n<meta property=\"article:modified_time\" content=\"2026-05-04T05:49:40+00:00\" \/>\n<meta property=\"og:image\" content=\"https:\/\/tammetalu.eu\/wp-content\/uploads\/2022\/08\/LIP_Colada_552500-5.jpg\" \/>\n\t<meta property=\"og:image:width\" content=\"1024\" \/>\n\t<meta property=\"og:image:height\" content=\"1024\" \/>\n\t<meta property=\"og:image:type\" content=\"image\/jpeg\" \/>\n<meta name=\"twitter:card\" content=\"summary_large_image\" \/>\n<meta name=\"twitter:label1\" content=\"\u041f\u0440\u0438\u043c\u0435\u0440\u043d\u043e\u0435 \u0432\u0440\u0435\u043c\u044f \u0434\u043b\u044f \u0447\u0442\u0435\u043d\u0438\u044f\" \/>\n\t<meta name=\"twitter:data1\" content=\"1 \u043c\u0438\u043d\u0443\u0442\u0430\" \/>\n<script type=\"application\/ld+json\" class=\"yoast-schema-graph\">{\"@context\":\"https:\\\/\\\/schema.org\",\"@graph\":[{\"@type\":\"WebPage\",\"@id\":\"https:\\\/\\\/tammetalu.eu\\\/toode\\\/magus-lippia\\\/\",\"url\":\"https:\\\/\\\/tammetalu.eu\\\/toode\\\/magus-lippia\\\/\",\"name\":\"Magus lippia Lippia dulcis - Tamme talu \u00fcrdiaed\",\"isPartOf\":{\"@id\":\"https:\\\/\\\/tammetalu.eu\\\/#website\"},\"primaryImageOfPage\":{\"@id\":\"https:\\\/\\\/tammetalu.eu\\\/toode\\\/magus-lippia\\\/#primaryimage\"},\"image\":{\"@id\":\"https:\\\/\\\/tammetalu.eu\\\/toode\\\/magus-lippia\\\/#primaryimage\"},\"thumbnailUrl\":\"https:\\\/\\\/tammetalu.eu\\\/wp-content\\\/uploads\\\/2022\\\/08\\\/LIP_Colada_552500-5.jpg\",\"datePublished\":\"2022-08-09T06:07:00+00:00\",\"dateModified\":\"2026-05-04T05:49:40+00:00\",\"breadcrumb\":{\"@id\":\"https:\\\/\\\/tammetalu.eu\\\/toode\\\/magus-lippia\\\/#breadcrumb\"},\"inLanguage\":\"ru-RU\",\"potentialAction\":[{\"@type\":\"ReadAction\",\"target\":[\"https:\\\/\\\/tammetalu.eu\\\/toode\\\/magus-lippia\\\/\"]}]},{\"@type\":\"ImageObject\",\"inLanguage\":\"ru-RU\",\"@id\":\"https:\\\/\\\/tammetalu.eu\\\/toode\\\/magus-lippia\\\/#primaryimage\",\"url\":\"https:\\\/\\\/tammetalu.eu\\\/wp-content\\\/uploads\\\/2022\\\/08\\\/LIP_Colada_552500-5.jpg\",\"contentUrl\":\"https:\\\/\\\/tammetalu.eu\\\/wp-content\\\/uploads\\\/2022\\\/08\\\/LIP_Colada_552500-5.jpg\",\"width\":1024,\"height\":1024},{\"@type\":\"BreadcrumbList\",\"@id\":\"https:\\\/\\\/tammetalu.eu\\\/toode\\\/magus-lippia\\\/#breadcrumb\",\"itemListElement\":[{\"@type\":\"ListItem\",\"position\":1,\"name\":\"Home\",\"item\":\"https:\\\/\\\/tammetalu.eu\\\/ru\\\/esileht-rus\\\/\"},{\"@type\":\"ListItem\",\"position\":2,\"name\":\"\u041c\u0430\u0433\u0430\u0437\u0438\u043d\",\"item\":\"https:\\\/\\\/tammetalu.eu\\\/ru\\\/%d0%bc%d0%b0%d0%b3%d0%b0%d0%b7%d0%b8%d0%bd\\\/\"},{\"@type\":\"ListItem\",\"position\":3,\"name\":\"Magus lippia Lippia dulcis\"}]},{\"@type\":\"WebSite\",\"@id\":\"https:\\\/\\\/tammetalu.eu\\\/#website\",\"url\":\"https:\\\/\\\/tammetalu.eu\\\/\",\"name\":\"Tamme talu \u00fcrdiaed\",\"description\":\"K\u00e4sit\u00f6\u00f6na valmistatud tooted \u00fcrtidest, \u00fcrdiistikud, \u00fcrtide kollektsioonaed\",\"publisher\":{\"@id\":\"https:\\\/\\\/tammetalu.eu\\\/#organization\"},\"alternateName\":\"Tamme talu\",\"potentialAction\":[{\"@type\":\"SearchAction\",\"target\":{\"@type\":\"EntryPoint\",\"urlTemplate\":\"https:\\\/\\\/tammetalu.eu\\\/?s={search_term_string}\"},\"query-input\":{\"@type\":\"PropertyValueSpecification\",\"valueRequired\":true,\"valueName\":\"search_term_string\"}}],\"inLanguage\":\"ru-RU\"},{\"@type\":\"Organization\",\"@id\":\"https:\\\/\\\/tammetalu.eu\\\/#organization\",\"name\":\"Tamme talu \u00fcrdiaed\",\"alternateName\":\"Tamme talu\",\"url\":\"https:\\\/\\\/tammetalu.eu\\\/\",\"logo\":{\"@type\":\"ImageObject\",\"inLanguage\":\"ru-RU\",\"@id\":\"https:\\\/\\\/tammetalu.eu\\\/#\\\/schema\\\/logo\\\/image\\\/\",\"url\":\"https:\\\/\\\/tammetalu.eu\\\/wp-content\\\/uploads\\\/2025\\\/01\\\/Tamme_talu_urdiaed.png\",\"contentUrl\":\"https:\\\/\\\/tammetalu.eu\\\/wp-content\\\/uploads\\\/2025\\\/01\\\/Tamme_talu_urdiaed.png\",\"width\":560,\"height\":560,\"caption\":\"Tamme talu \u00fcrdiaed\"},\"image\":{\"@id\":\"https:\\\/\\\/tammetalu.eu\\\/#\\\/schema\\\/logo\\\/image\\\/\"},\"sameAs\":[\"https:\\\/\\\/www.facebook.com\\\/TammeTaluUrdiaed\\\/?locale=et_EE\",\"https:\\\/\\\/www.instagram.com\\\/tammetaluurdiaed\\\/\"]}]}<\/script>\n<!-- \/ Yoast SEO plugin. -->","yoast_head_json":{"title":"Magus lippia Lippia dulcis - Tamme talu \u00fcrdiaed","robots":{"index":"index","follow":"follow","max-snippet":"max-snippet:-1","max-image-preview":"max-image-preview:large","max-video-preview":"max-video-preview:-1"},"canonical":"https:\/\/tammetalu.eu\/toode\/magus-lippia\/","og_locale":"ru_RU","og_type":"article","og_title":"Magus lippia Lippia dulcis - Tamme talu \u00fcrdiaed","og_description":"Lippia dulcis  Veidi karedate roheliste lehtede ja valkjaskreemide v\u00e4ikeste \u00f5isikutega maitse,-l\u00f5hna ja ravimtaim. V\u00f5rsed on pikad ja lamanduvad, seep\u00e4rast saab magusat lippiat kasvatada amplis ja r\u00f5dukastis. Magus lippia on taim, mis ei armasta eredat p\u00e4ikesevalgust, pigem naudib kasvamist poolvarjus v\u00f5i lausa varjus. Magusat lippiat saab kasvatada k\u00fclmahella p\u00fcsikuna, tuues talveks taime siseruumidesse talvituma v\u00f5i siis \u00fche hooaja taimena. Kasvamiseks vajab tavalist vett l\u00e4bi laskvat aiamulda. Magusal lippial on veidi omap\u00e4rane m\u00fcndine aroom, mis vallandub ainult lehti h\u00f5\u00f5rudes. Taime lehti ja \u00f5isikuid kasutatakse kalorivaba suhkruasendajana tees ja muudes jookides. Lehti saab kuivatada. Magusat lippiat tuntakse tema kodumaal Kesk-Ameerikas bronhiidi ja astma leevendajana.  Postiga saadetavad taimed pakime alati turvaliselt ja ilmastikukindlalt.","og_url":"https:\/\/tammetalu.eu\/toode\/magus-lippia\/","og_site_name":"Tamme talu \u00fcrdiaed","article_publisher":"https:\/\/www.facebook.com\/TammeTaluUrdiaed\/?locale=et_EE","article_modified_time":"2026-05-04T05:49:40+00:00","og_image":[{"width":1024,"height":1024,"url":"https:\/\/tammetalu.eu\/wp-content\/uploads\/2022\/08\/LIP_Colada_552500-5.jpg","type":"image\/jpeg"}],"twitter_card":"summary_large_image","twitter_misc":{"\u041f\u0440\u0438\u043c\u0435\u0440\u043d\u043e\u0435 \u0432\u0440\u0435\u043c\u044f \u0434\u043b\u044f \u0447\u0442\u0435\u043d\u0438\u044f":"1 \u043c\u0438\u043d\u0443\u0442\u0430"},"schema":{"@context":"https:\/\/schema.org","@graph":[{"@type":"WebPage","@id":"https:\/\/tammetalu.eu\/toode\/magus-lippia\/","url":"https:\/\/tammetalu.eu\/toode\/magus-lippia\/","name":"Magus lippia Lippia dulcis - Tamme talu \u00fcrdiaed","isPartOf":{"@id":"https:\/\/tammetalu.eu\/#website"},"primaryImageOfPage":{"@id":"https:\/\/tammetalu.eu\/toode\/magus-lippia\/#primaryimage"},"image":{"@id":"https:\/\/tammetalu.eu\/toode\/magus-lippia\/#primaryimage"},"thumbnailUrl":"https:\/\/tammetalu.eu\/wp-content\/uploads\/2022\/08\/LIP_Colada_552500-5.jpg","datePublished":"2022-08-09T06:07:00+00:00","dateModified":"2026-05-04T05:49:40+00:00","breadcrumb":{"@id":"https:\/\/tammetalu.eu\/toode\/magus-lippia\/#breadcrumb"},"inLanguage":"ru-RU","potentialAction":[{"@type":"ReadAction","target":["https:\/\/tammetalu.eu\/toode\/magus-lippia\/"]}]},{"@type":"ImageObject","inLanguage":"ru-RU","@id":"https:\/\/tammetalu.eu\/toode\/magus-lippia\/#primaryimage","url":"https:\/\/tammetalu.eu\/wp-content\/uploads\/2022\/08\/LIP_Colada_552500-5.jpg","contentUrl":"https:\/\/tammetalu.eu\/wp-content\/uploads\/2022\/08\/LIP_Colada_552500-5.jpg","width":1024,"height":1024},{"@type":"BreadcrumbList","@id":"https:\/\/tammetalu.eu\/toode\/magus-lippia\/#breadcrumb","itemListElement":[{"@type":"ListItem","position":1,"name":"Home","item":"https:\/\/tammetalu.eu\/ru\/esileht-rus\/"},{"@type":"ListItem","position":2,"name":"\u041c\u0430\u0433\u0430\u0437\u0438\u043d","item":"https:\/\/tammetalu.eu\/ru\/%d0%bc%d0%b0%d0%b3%d0%b0%d0%b7%d0%b8%d0%bd\/"},{"@type":"ListItem","position":3,"name":"Magus lippia Lippia dulcis"}]},{"@type":"WebSite","@id":"https:\/\/tammetalu.eu\/#website","url":"https:\/\/tammetalu.eu\/","name":"Tamme talu \u00fcrdiaed","description":"K\u00e4sit\u00f6\u00f6na valmistatud tooted \u00fcrtidest, \u00fcrdiistikud, \u00fcrtide kollektsioonaed","publisher":{"@id":"https:\/\/tammetalu.eu\/#organization"},"alternateName":"Tamme talu","potentialAction":[{"@type":"SearchAction","target":{"@type":"EntryPoint","urlTemplate":"https:\/\/tammetalu.eu\/?s={search_term_string}"},"query-input":{"@type":"PropertyValueSpecification","valueRequired":true,"valueName":"search_term_string"}}],"inLanguage":"ru-RU"},{"@type":"Organization","@id":"https:\/\/tammetalu.eu\/#organization","name":"Tamme talu \u00fcrdiaed","alternateName":"Tamme talu","url":"https:\/\/tammetalu.eu\/","logo":{"@type":"ImageObject","inLanguage":"ru-RU","@id":"https:\/\/tammetalu.eu\/#\/schema\/logo\/image\/","url":"https:\/\/tammetalu.eu\/wp-content\/uploads\/2025\/01\/Tamme_talu_urdiaed.png","contentUrl":"https:\/\/tammetalu.eu\/wp-content\/uploads\/2025\/01\/Tamme_talu_urdiaed.png","width":560,"height":560,"caption":"Tamme talu \u00fcrdiaed"},"image":{"@id":"https:\/\/tammetalu.eu\/#\/schema\/logo\/image\/"},"sameAs":["https:\/\/www.facebook.com\/TammeTaluUrdiaed\/?locale=et_EE","https:\/\/www.instagram.com\/tammetaluurdiaed\/"]}]}},"_links":{"self":[{"href":"https:\/\/tammetalu.eu\/ru\/wp-json\/wp\/v2\/product\/15871","targetHints":{"allow":["GET"]}}],"collection":[{"href":"https:\/\/tammetalu.eu\/ru\/wp-json\/wp\/v2\/product"}],"about":[{"href":"https:\/\/tammetalu.eu\/ru\/wp-json\/wp\/v2\/types\/product"}],"wp:featuredmedia":[{"embeddable":true,"href":"https:\/\/tammetalu.eu\/ru\/wp-json\/wp\/v2\/media\/16001"}],"wp:attachment":[{"href":"https:\/\/tammetalu.eu\/ru\/wp-json\/wp\/v2\/media?parent=15871"}],"wp:term":[{"taxonomy":"product_brand","embeddable":true,"href":"https:\/\/tammetalu.eu\/ru\/wp-json\/wp\/v2\/product_brand?post=15871"},{"taxonomy":"product_cat","embeddable":true,"href":"https:\/\/tammetalu.eu\/ru\/wp-json\/wp\/v2\/product_cat?post=15871"},{"taxonomy":"product_tag","embeddable":true,"href":"https:\/\/tammetalu.eu\/ru\/wp-json\/wp\/v2\/product_tag?post=15871"}],"curies":[{"name":"wp","href":"https:\/\/api.w.org\/{rel}","templated":true}]}}