{"id":15894,"date":"2022-08-09T09:07:24","date_gmt":"2022-08-09T06:07:24","guid":{"rendered":"https:\/\/tammetalu.eu?post_type=product&#038;p=15894"},"modified":"2026-03-16T17:04:11","modified_gmt":"2026-03-16T15:04:11","slug":"indiaani-piparrohi","status":"publish","type":"product","link":"https:\/\/tammetalu.eu\/ru\/toode\/indiaani-piparrohi\/","title":{"rendered":"Indiaani piparrohi Indiaani mikromeeria Micromeria douglasii"},"content":{"rendered":"","protected":false},"excerpt":{"rendered":"<p><em>Satureja douglasii Micromeria douglasii<\/em><\/p>\n<p>Pikkade v\u00f5rsete, roheliste l\u00e4ikivate v\u00e4heldaste lehtede\u00a0 ja v\u00e4ikeste valgete \u00f5itega v\u00e4ga aromaatne maitse,- l\u00f5hna- ja ravimtaim. Sobib kasvatamiseks amplis v\u00f5i r\u00f5dukastis nii \u00fcksi kui koos teiste kasvun\u00f5uetelt sarnaste\u00a0 taimedega. Peenral kasvades moodustab tiheda pinnakatte. Eesti tingimustes ei ole alati talvekindel. Indiaani piparrohi eelistab tavalist vett h\u00e4sti l\u00e4bi laskvat lubjarikast aiamulda ja poolvarjulist kuni varjulist kasvukohta. Eelistab alt kastmist, et lehed pidevalt ei m\u00e4rguks. Ei talu seisvat vett.<\/p>\n<p>K\u00f6\u00f6gis sobib indiaani piparrohi oma m\u00fcntidele sarnaneva l\u00f5hna- ja maitsega kuumade ja k\u00fclmade jookide valmistamiseks ja maitsestamiseks , salatitesse ja k\u00f6\u00f6giviljatoitudesse.<\/p>\n<p>Rahvameditsiinis kasutavad Ameerika indiaanlased Yerba buenat seedeh\u00e4iretest ja k\u00fclmetushaigustest tingitud vaevuste leevendajana.<\/p>\n","protected":false},"featured_media":16036,"template":"","meta":{"_acf_changed":false,"_et_pb_use_builder":"","_et_pb_old_content":"","_et_gb_content_width":"","inline_featured_image":false},"product_brand":[],"product_cat":[186,200],"product_tag":[],"class_list":{"0":"post-15894","1":"product","2":"type-product","3":"status-publish","4":"has-post-thumbnail","6":"product_cat-maitse-ja-ravimtaimede-istikud","7":"product_cat-muud-maitsetaimed","9":"first","10":"instock","11":"sale","12":"taxable","13":"shipping-taxable","14":"purchasable","15":"product-type-simple"},"acf":[],"yoast_head":"<!-- This site is optimized with the Yoast SEO plugin v26.4 - https:\/\/yoast.com\/wordpress\/plugins\/seo\/ -->\n<title>Indiaani piparrohi Indiaani mikromeeria Micromeria douglasii - Tamme talu \u00fcrdiaed<\/title>\n<meta name=\"robots\" content=\"index, follow, max-snippet:-1, max-image-preview:large, max-video-preview:-1\" \/>\n<link rel=\"canonical\" href=\"https:\/\/tammetalu.eu\/toode\/indiaani-piparrohi\/\" \/>\n<meta property=\"og:locale\" content=\"ru_RU\" \/>\n<meta property=\"og:type\" content=\"article\" \/>\n<meta property=\"og:title\" content=\"Indiaani piparrohi Indiaani mikromeeria Micromeria douglasii - Tamme talu \u00fcrdiaed\" \/>\n<meta property=\"og:description\" content=\"Satureja douglasii Micromeria douglasii  Pikkade v\u00f5rsete, roheliste l\u00e4ikivate v\u00e4heldaste lehtede\u00a0 ja v\u00e4ikeste valgete \u00f5itega v\u00e4ga aromaatne maitse,- l\u00f5hna- ja ravimtaim. Sobib kasvatamiseks amplis v\u00f5i r\u00f5dukastis nii \u00fcksi kui koos teiste kasvun\u00f5uetelt sarnaste\u00a0 taimedega. Peenral kasvades moodustab tiheda pinnakatte. Eesti tingimustes ei ole alati talvekindel. Indiaani piparrohi eelistab tavalist vett h\u00e4sti l\u00e4bi laskvat lubjarikast aiamulda ja poolvarjulist kuni varjulist kasvukohta. Eelistab alt kastmist, et lehed pidevalt ei m\u00e4rguks. Ei talu seisvat vett.  K\u00f6\u00f6gis sobib indiaani piparrohi oma m\u00fcntidele sarnaneva l\u00f5hna- ja maitsega kuumade ja k\u00fclmade jookide valmistamiseks ja maitsestamiseks , salatitesse ja k\u00f6\u00f6giviljatoitudesse.  Rahvameditsiinis kasutavad Ameerika indiaanlased Yerba buenat seedeh\u00e4iretest ja k\u00fclmetushaigustest tingitud vaevuste leevendajana.\" \/>\n<meta property=\"og:url\" content=\"https:\/\/tammetalu.eu\/toode\/indiaani-piparrohi\/\" \/>\n<meta property=\"og:site_name\" content=\"Tamme talu \u00fcrdiaed\" \/>\n<meta property=\"article:publisher\" content=\"https:\/\/www.facebook.com\/TammeTaluUrdiaed\/?locale=et_EE\" \/>\n<meta property=\"article:modified_time\" content=\"2026-03-16T15:04:11+00:00\" \/>\n<meta property=\"og:image\" content=\"https:\/\/tammetalu.eu\/wp-content\/uploads\/2022\/08\/Indiaani_piparrohi-5.jpg\" \/>\n\t<meta property=\"og:image:width\" content=\"1024\" \/>\n\t<meta property=\"og:image:height\" content=\"1798\" \/>\n\t<meta property=\"og:image:type\" content=\"image\/jpeg\" \/>\n<meta name=\"twitter:card\" content=\"summary_large_image\" \/>\n<meta name=\"twitter:label1\" content=\"\u041f\u0440\u0438\u043c\u0435\u0440\u043d\u043e\u0435 \u0432\u0440\u0435\u043c\u044f \u0434\u043b\u044f \u0447\u0442\u0435\u043d\u0438\u044f\" \/>\n\t<meta name=\"twitter:data1\" content=\"1 \u043c\u0438\u043d\u0443\u0442\u0430\" \/>\n<script type=\"application\/ld+json\" class=\"yoast-schema-graph\">{\"@context\":\"https:\/\/schema.org\",\"@graph\":[{\"@type\":\"WebPage\",\"@id\":\"https:\/\/tammetalu.eu\/toode\/indiaani-piparrohi\/\",\"url\":\"https:\/\/tammetalu.eu\/toode\/indiaani-piparrohi\/\",\"name\":\"Indiaani piparrohi Indiaani mikromeeria Micromeria douglasii - Tamme talu \u00fcrdiaed\",\"isPartOf\":{\"@id\":\"https:\/\/tammetalu.eu\/#website\"},\"primaryImageOfPage\":{\"@id\":\"https:\/\/tammetalu.eu\/toode\/indiaani-piparrohi\/#primaryimage\"},\"image\":{\"@id\":\"https:\/\/tammetalu.eu\/toode\/indiaani-piparrohi\/#primaryimage\"},\"thumbnailUrl\":\"https:\/\/tammetalu.eu\/wp-content\/uploads\/2022\/08\/Indiaani_piparrohi-5.jpg\",\"datePublished\":\"2022-08-09T06:07:24+00:00\",\"dateModified\":\"2026-03-16T15:04:11+00:00\",\"breadcrumb\":{\"@id\":\"https:\/\/tammetalu.eu\/toode\/indiaani-piparrohi\/#breadcrumb\"},\"inLanguage\":\"ru-RU\",\"potentialAction\":[{\"@type\":\"ReadAction\",\"target\":[\"https:\/\/tammetalu.eu\/toode\/indiaani-piparrohi\/\"]}]},{\"@type\":\"ImageObject\",\"inLanguage\":\"ru-RU\",\"@id\":\"https:\/\/tammetalu.eu\/toode\/indiaani-piparrohi\/#primaryimage\",\"url\":\"https:\/\/tammetalu.eu\/wp-content\/uploads\/2022\/08\/Indiaani_piparrohi-5.jpg\",\"contentUrl\":\"https:\/\/tammetalu.eu\/wp-content\/uploads\/2022\/08\/Indiaani_piparrohi-5.jpg\",\"width\":1024,\"height\":1798},{\"@type\":\"BreadcrumbList\",\"@id\":\"https:\/\/tammetalu.eu\/toode\/indiaani-piparrohi\/#breadcrumb\",\"itemListElement\":[{\"@type\":\"ListItem\",\"position\":1,\"name\":\"Home\",\"item\":\"https:\/\/tammetalu.eu\/ru\/esileht-rus\/\"},{\"@type\":\"ListItem\",\"position\":2,\"name\":\"\u041c\u0430\u0433\u0430\u0437\u0438\u043d\",\"item\":\"https:\/\/tammetalu.eu\/ru\/%d0%bc%d0%b0%d0%b3%d0%b0%d0%b7%d0%b8%d0%bd\/\"},{\"@type\":\"ListItem\",\"position\":3,\"name\":\"Indiaani piparrohi Indiaani mikromeeria Micromeria douglasii\"}]},{\"@type\":\"WebSite\",\"@id\":\"https:\/\/tammetalu.eu\/#website\",\"url\":\"https:\/\/tammetalu.eu\/\",\"name\":\"Tamme talu \u00fcrdiaed\",\"description\":\"K\u00e4sit\u00f6\u00f6na valmistatud tooted \u00fcrtidest, \u00fcrdiistikud, \u00fcrtide kollektsioonaed\",\"publisher\":{\"@id\":\"https:\/\/tammetalu.eu\/#organization\"},\"alternateName\":\"Tamme talu\",\"potentialAction\":[{\"@type\":\"SearchAction\",\"target\":{\"@type\":\"EntryPoint\",\"urlTemplate\":\"https:\/\/tammetalu.eu\/?s={search_term_string}\"},\"query-input\":{\"@type\":\"PropertyValueSpecification\",\"valueRequired\":true,\"valueName\":\"search_term_string\"}}],\"inLanguage\":\"ru-RU\"},{\"@type\":\"Organization\",\"@id\":\"https:\/\/tammetalu.eu\/#organization\",\"name\":\"Tamme talu \u00fcrdiaed\",\"alternateName\":\"Tamme talu\",\"url\":\"https:\/\/tammetalu.eu\/\",\"logo\":{\"@type\":\"ImageObject\",\"inLanguage\":\"ru-RU\",\"@id\":\"https:\/\/tammetalu.eu\/#\/schema\/logo\/image\/\",\"url\":\"https:\/\/tammetalu.eu\/wp-content\/uploads\/2025\/01\/Tamme_talu_urdiaed.png\",\"contentUrl\":\"https:\/\/tammetalu.eu\/wp-content\/uploads\/2025\/01\/Tamme_talu_urdiaed.png\",\"width\":560,\"height\":560,\"caption\":\"Tamme talu \u00fcrdiaed\"},\"image\":{\"@id\":\"https:\/\/tammetalu.eu\/#\/schema\/logo\/image\/\"},\"sameAs\":[\"https:\/\/www.facebook.com\/TammeTaluUrdiaed\/?locale=et_EE\",\"https:\/\/www.instagram.com\/tammetaluurdiaed\/\"]}]}<\/script>\n<!-- \/ Yoast SEO plugin. -->","yoast_head_json":{"title":"Indiaani piparrohi Indiaani mikromeeria Micromeria douglasii - Tamme talu \u00fcrdiaed","robots":{"index":"index","follow":"follow","max-snippet":"max-snippet:-1","max-image-preview":"max-image-preview:large","max-video-preview":"max-video-preview:-1"},"canonical":"https:\/\/tammetalu.eu\/toode\/indiaani-piparrohi\/","og_locale":"ru_RU","og_type":"article","og_title":"Indiaani piparrohi Indiaani mikromeeria Micromeria douglasii - Tamme talu \u00fcrdiaed","og_description":"Satureja douglasii Micromeria douglasii  Pikkade v\u00f5rsete, roheliste l\u00e4ikivate v\u00e4heldaste lehtede\u00a0 ja v\u00e4ikeste valgete \u00f5itega v\u00e4ga aromaatne maitse,- l\u00f5hna- ja ravimtaim. Sobib kasvatamiseks amplis v\u00f5i r\u00f5dukastis nii \u00fcksi kui koos teiste kasvun\u00f5uetelt sarnaste\u00a0 taimedega. Peenral kasvades moodustab tiheda pinnakatte. Eesti tingimustes ei ole alati talvekindel. Indiaani piparrohi eelistab tavalist vett h\u00e4sti l\u00e4bi laskvat lubjarikast aiamulda ja poolvarjulist kuni varjulist kasvukohta. Eelistab alt kastmist, et lehed pidevalt ei m\u00e4rguks. Ei talu seisvat vett.  K\u00f6\u00f6gis sobib indiaani piparrohi oma m\u00fcntidele sarnaneva l\u00f5hna- ja maitsega kuumade ja k\u00fclmade jookide valmistamiseks ja maitsestamiseks , salatitesse ja k\u00f6\u00f6giviljatoitudesse.  Rahvameditsiinis kasutavad Ameerika indiaanlased Yerba buenat seedeh\u00e4iretest ja k\u00fclmetushaigustest tingitud vaevuste leevendajana.","og_url":"https:\/\/tammetalu.eu\/toode\/indiaani-piparrohi\/","og_site_name":"Tamme talu \u00fcrdiaed","article_publisher":"https:\/\/www.facebook.com\/TammeTaluUrdiaed\/?locale=et_EE","article_modified_time":"2026-03-16T15:04:11+00:00","og_image":[{"width":1024,"height":1798,"url":"https:\/\/tammetalu.eu\/wp-content\/uploads\/2022\/08\/Indiaani_piparrohi-5.jpg","type":"image\/jpeg"}],"twitter_card":"summary_large_image","twitter_misc":{"\u041f\u0440\u0438\u043c\u0435\u0440\u043d\u043e\u0435 \u0432\u0440\u0435\u043c\u044f \u0434\u043b\u044f \u0447\u0442\u0435\u043d\u0438\u044f":"1 \u043c\u0438\u043d\u0443\u0442\u0430"},"schema":{"@context":"https:\/\/schema.org","@graph":[{"@type":"WebPage","@id":"https:\/\/tammetalu.eu\/toode\/indiaani-piparrohi\/","url":"https:\/\/tammetalu.eu\/toode\/indiaani-piparrohi\/","name":"Indiaani piparrohi Indiaani mikromeeria Micromeria douglasii - Tamme talu \u00fcrdiaed","isPartOf":{"@id":"https:\/\/tammetalu.eu\/#website"},"primaryImageOfPage":{"@id":"https:\/\/tammetalu.eu\/toode\/indiaani-piparrohi\/#primaryimage"},"image":{"@id":"https:\/\/tammetalu.eu\/toode\/indiaani-piparrohi\/#primaryimage"},"thumbnailUrl":"https:\/\/tammetalu.eu\/wp-content\/uploads\/2022\/08\/Indiaani_piparrohi-5.jpg","datePublished":"2022-08-09T06:07:24+00:00","dateModified":"2026-03-16T15:04:11+00:00","breadcrumb":{"@id":"https:\/\/tammetalu.eu\/toode\/indiaani-piparrohi\/#breadcrumb"},"inLanguage":"ru-RU","potentialAction":[{"@type":"ReadAction","target":["https:\/\/tammetalu.eu\/toode\/indiaani-piparrohi\/"]}]},{"@type":"ImageObject","inLanguage":"ru-RU","@id":"https:\/\/tammetalu.eu\/toode\/indiaani-piparrohi\/#primaryimage","url":"https:\/\/tammetalu.eu\/wp-content\/uploads\/2022\/08\/Indiaani_piparrohi-5.jpg","contentUrl":"https:\/\/tammetalu.eu\/wp-content\/uploads\/2022\/08\/Indiaani_piparrohi-5.jpg","width":1024,"height":1798},{"@type":"BreadcrumbList","@id":"https:\/\/tammetalu.eu\/toode\/indiaani-piparrohi\/#breadcrumb","itemListElement":[{"@type":"ListItem","position":1,"name":"Home","item":"https:\/\/tammetalu.eu\/ru\/esileht-rus\/"},{"@type":"ListItem","position":2,"name":"\u041c\u0430\u0433\u0430\u0437\u0438\u043d","item":"https:\/\/tammetalu.eu\/ru\/%d0%bc%d0%b0%d0%b3%d0%b0%d0%b7%d0%b8%d0%bd\/"},{"@type":"ListItem","position":3,"name":"Indiaani piparrohi Indiaani mikromeeria Micromeria douglasii"}]},{"@type":"WebSite","@id":"https:\/\/tammetalu.eu\/#website","url":"https:\/\/tammetalu.eu\/","name":"Tamme talu \u00fcrdiaed","description":"K\u00e4sit\u00f6\u00f6na valmistatud tooted \u00fcrtidest, \u00fcrdiistikud, \u00fcrtide kollektsioonaed","publisher":{"@id":"https:\/\/tammetalu.eu\/#organization"},"alternateName":"Tamme talu","potentialAction":[{"@type":"SearchAction","target":{"@type":"EntryPoint","urlTemplate":"https:\/\/tammetalu.eu\/?s={search_term_string}"},"query-input":{"@type":"PropertyValueSpecification","valueRequired":true,"valueName":"search_term_string"}}],"inLanguage":"ru-RU"},{"@type":"Organization","@id":"https:\/\/tammetalu.eu\/#organization","name":"Tamme talu \u00fcrdiaed","alternateName":"Tamme talu","url":"https:\/\/tammetalu.eu\/","logo":{"@type":"ImageObject","inLanguage":"ru-RU","@id":"https:\/\/tammetalu.eu\/#\/schema\/logo\/image\/","url":"https:\/\/tammetalu.eu\/wp-content\/uploads\/2025\/01\/Tamme_talu_urdiaed.png","contentUrl":"https:\/\/tammetalu.eu\/wp-content\/uploads\/2025\/01\/Tamme_talu_urdiaed.png","width":560,"height":560,"caption":"Tamme talu \u00fcrdiaed"},"image":{"@id":"https:\/\/tammetalu.eu\/#\/schema\/logo\/image\/"},"sameAs":["https:\/\/www.facebook.com\/TammeTaluUrdiaed\/?locale=et_EE","https:\/\/www.instagram.com\/tammetaluurdiaed\/"]}]}},"_links":{"self":[{"href":"https:\/\/tammetalu.eu\/ru\/wp-json\/wp\/v2\/product\/15894","targetHints":{"allow":["GET"]}}],"collection":[{"href":"https:\/\/tammetalu.eu\/ru\/wp-json\/wp\/v2\/product"}],"about":[{"href":"https:\/\/tammetalu.eu\/ru\/wp-json\/wp\/v2\/types\/product"}],"wp:featuredmedia":[{"embeddable":true,"href":"https:\/\/tammetalu.eu\/ru\/wp-json\/wp\/v2\/media\/16036"}],"wp:attachment":[{"href":"https:\/\/tammetalu.eu\/ru\/wp-json\/wp\/v2\/media?parent=15894"}],"wp:term":[{"taxonomy":"product_brand","embeddable":true,"href":"https:\/\/tammetalu.eu\/ru\/wp-json\/wp\/v2\/product_brand?post=15894"},{"taxonomy":"product_cat","embeddable":true,"href":"https:\/\/tammetalu.eu\/ru\/wp-json\/wp\/v2\/product_cat?post=15894"},{"taxonomy":"product_tag","embeddable":true,"href":"https:\/\/tammetalu.eu\/ru\/wp-json\/wp\/v2\/product_tag?post=15894"}],"curies":[{"name":"wp","href":"https:\/\/api.w.org\/{rel}","templated":true}]}}