{"id":15896,"date":"2022-08-09T09:07:24","date_gmt":"2022-08-09T06:07:24","guid":{"rendered":"https:\/\/tammetalu.eu?post_type=product&#038;p=15896"},"modified":"2026-05-04T08:49:40","modified_gmt":"2026-05-04T05:49:40","slug":"rohekas-santoliin","status":"publish","type":"product","link":"https:\/\/tammetalu.eu\/ru\/toode\/rohekas-santoliin\/","title":{"rendered":"Rohekas santoliin Santolina rosmarinifolia"},"content":{"rendered":"","protected":false},"excerpt":{"rendered":"<p><em>Santolina rosmarinifolia<\/em><\/p>\n<p>Rohekat santoliini tuntakse ka oliivirohu nime all, kuna taime ilusatel erkrohelistel peenikestel lehtedel on tugev oliivi l\u00f5hn ja maitse. Tavaliselt alates teisest kasvuaastast \u00f5itseb rohekas santoliin helekollaste rohkete n\u00f6\u00f6bisarnaste \u00f5isikutega. Sobivates tingimustes talvitub Eestis p\u00fcsikuna aias, kuid vajab lumevaesel talvel kindlasti talvekatet. Rohekas santoliin on kena taim potis kasvatamiseks. Vajab h\u00e4sti vett l\u00e4bi laskvat liivast mulda ja t\u00e4isp\u00e4ikeselist kuni poolvarjulist kasvukohta. Hea r\u00f5du ja terrassitaim. Soojades siseruumides on keeruline rohekat santoliini \u00fcle talve pidada.<\/p>\n<p>K\u00f6\u00f6gis saab roheka santoliini v\u00e4rskete lehekestega anda salatitele, pastaroogadele, seene- ja liharoogadele p\u00f5nevat, oliividega sarnast maitsen\u00fcanssi. Sobib h\u00e4sti erinevatesse mulliga jookidesse nii kaunistuseks kui v\u00fcrtsikaks maitseks.<\/p>\n<p>Rahvameditsiinis kasutatakse rohekat santoliini k\u00f5hupuhitust, seeninfektsiooni, k\u00f5hukrampe ja dermatiiti leevendava vahendina.<\/p>\n<p><strong>Postiga saadetavad taimed pakime alati turvaliselt ja ilmastikukindlalt.<\/strong><\/p>\n","protected":false},"featured_media":16044,"template":"","meta":{"_acf_changed":false,"_et_pb_use_builder":"","_et_pb_old_content":"","_et_gb_content_width":"","inline_featured_image":false},"product_brand":[],"product_cat":[186,200],"product_tag":[],"class_list":{"0":"post-15896","1":"product","2":"type-product","3":"status-publish","4":"has-post-thumbnail","6":"product_cat-maitse-ja-ravimtaimede-istikud","7":"product_cat-muud-maitsetaimed","9":"first","10":"instock","11":"taxable","12":"shipping-taxable","13":"purchasable","14":"product-type-simple"},"acf":[],"yoast_head":"<!-- This site is optimized with the Yoast SEO plugin v27.5 - https:\/\/yoast.com\/product\/yoast-seo-wordpress\/ -->\n<title>Rohekas santoliin Santolina rosmarinifolia - Tamme talu \u00fcrdiaed<\/title>\n<meta name=\"robots\" content=\"index, follow, max-snippet:-1, max-image-preview:large, max-video-preview:-1\" \/>\n<link rel=\"canonical\" href=\"https:\/\/tammetalu.eu\/toode\/rohekas-santoliin\/\" \/>\n<meta property=\"og:locale\" content=\"ru_RU\" \/>\n<meta property=\"og:type\" content=\"article\" \/>\n<meta property=\"og:title\" content=\"Rohekas santoliin Santolina rosmarinifolia - Tamme talu \u00fcrdiaed\" \/>\n<meta property=\"og:description\" content=\"Santolina rosmarinifolia  Rohekat santoliini tuntakse ka oliivirohu nime all, kuna taime ilusatel erkrohelistel peenikestel lehtedel on tugev oliivi l\u00f5hn ja maitse. Tavaliselt alates teisest kasvuaastast \u00f5itseb rohekas santoliin helekollaste rohkete n\u00f6\u00f6bisarnaste \u00f5isikutega. Sobivates tingimustes talvitub Eestis p\u00fcsikuna aias, kuid vajab lumevaesel talvel kindlasti talvekatet. Rohekas santoliin on kena taim potis kasvatamiseks. Vajab h\u00e4sti vett l\u00e4bi laskvat liivast mulda ja t\u00e4isp\u00e4ikeselist kuni poolvarjulist kasvukohta. Hea r\u00f5du ja terrassitaim. Soojades siseruumides on keeruline rohekat santoliini \u00fcle talve pidada.  K\u00f6\u00f6gis saab roheka santoliini v\u00e4rskete lehekestega anda salatitele, pastaroogadele, seene- ja liharoogadele p\u00f5nevat, oliividega sarnast maitsen\u00fcanssi. Sobib h\u00e4sti erinevatesse mulliga jookidesse nii kaunistuseks kui v\u00fcrtsikaks maitseks.  Rahvameditsiinis kasutatakse rohekat santoliini k\u00f5hupuhitust, seeninfektsiooni, k\u00f5hukrampe ja dermatiiti leevendava vahendina.  Postiga saadetavad taimed pakime alati turvaliselt ja ilmastikukindlalt.\" \/>\n<meta property=\"og:url\" content=\"https:\/\/tammetalu.eu\/toode\/rohekas-santoliin\/\" \/>\n<meta property=\"og:site_name\" content=\"Tamme talu \u00fcrdiaed\" \/>\n<meta property=\"article:publisher\" content=\"https:\/\/www.facebook.com\/TammeTaluUrdiaed\/?locale=et_EE\" \/>\n<meta property=\"article:modified_time\" content=\"2026-05-04T05:49:40+00:00\" \/>\n<meta property=\"og:image\" content=\"https:\/\/tammetalu.eu\/wp-content\/uploads\/2022\/08\/SAN_Olivia_557050-5.jpg\" \/>\n\t<meta property=\"og:image:width\" content=\"1024\" \/>\n\t<meta property=\"og:image:height\" content=\"1444\" \/>\n\t<meta property=\"og:image:type\" content=\"image\/jpeg\" \/>\n<meta name=\"twitter:card\" content=\"summary_large_image\" \/>\n<meta name=\"twitter:label1\" content=\"\u041f\u0440\u0438\u043c\u0435\u0440\u043d\u043e\u0435 \u0432\u0440\u0435\u043c\u044f \u0434\u043b\u044f \u0447\u0442\u0435\u043d\u0438\u044f\" \/>\n\t<meta name=\"twitter:data1\" content=\"1 \u043c\u0438\u043d\u0443\u0442\u0430\" \/>\n<script type=\"application\/ld+json\" class=\"yoast-schema-graph\">{\"@context\":\"https:\\\/\\\/schema.org\",\"@graph\":[{\"@type\":\"WebPage\",\"@id\":\"https:\\\/\\\/tammetalu.eu\\\/toode\\\/rohekas-santoliin\\\/\",\"url\":\"https:\\\/\\\/tammetalu.eu\\\/toode\\\/rohekas-santoliin\\\/\",\"name\":\"Rohekas santoliin Santolina rosmarinifolia - Tamme talu \u00fcrdiaed\",\"isPartOf\":{\"@id\":\"https:\\\/\\\/tammetalu.eu\\\/#website\"},\"primaryImageOfPage\":{\"@id\":\"https:\\\/\\\/tammetalu.eu\\\/toode\\\/rohekas-santoliin\\\/#primaryimage\"},\"image\":{\"@id\":\"https:\\\/\\\/tammetalu.eu\\\/toode\\\/rohekas-santoliin\\\/#primaryimage\"},\"thumbnailUrl\":\"https:\\\/\\\/tammetalu.eu\\\/wp-content\\\/uploads\\\/2022\\\/08\\\/SAN_Olivia_557050-5.jpg\",\"datePublished\":\"2022-08-09T06:07:24+00:00\",\"dateModified\":\"2026-05-04T05:49:40+00:00\",\"breadcrumb\":{\"@id\":\"https:\\\/\\\/tammetalu.eu\\\/toode\\\/rohekas-santoliin\\\/#breadcrumb\"},\"inLanguage\":\"ru-RU\",\"potentialAction\":[{\"@type\":\"ReadAction\",\"target\":[\"https:\\\/\\\/tammetalu.eu\\\/toode\\\/rohekas-santoliin\\\/\"]}]},{\"@type\":\"ImageObject\",\"inLanguage\":\"ru-RU\",\"@id\":\"https:\\\/\\\/tammetalu.eu\\\/toode\\\/rohekas-santoliin\\\/#primaryimage\",\"url\":\"https:\\\/\\\/tammetalu.eu\\\/wp-content\\\/uploads\\\/2022\\\/08\\\/SAN_Olivia_557050-5.jpg\",\"contentUrl\":\"https:\\\/\\\/tammetalu.eu\\\/wp-content\\\/uploads\\\/2022\\\/08\\\/SAN_Olivia_557050-5.jpg\",\"width\":1024,\"height\":1444},{\"@type\":\"BreadcrumbList\",\"@id\":\"https:\\\/\\\/tammetalu.eu\\\/toode\\\/rohekas-santoliin\\\/#breadcrumb\",\"itemListElement\":[{\"@type\":\"ListItem\",\"position\":1,\"name\":\"Home\",\"item\":\"https:\\\/\\\/tammetalu.eu\\\/ru\\\/esileht-rus\\\/\"},{\"@type\":\"ListItem\",\"position\":2,\"name\":\"\u041c\u0430\u0433\u0430\u0437\u0438\u043d\",\"item\":\"https:\\\/\\\/tammetalu.eu\\\/ru\\\/%d0%bc%d0%b0%d0%b3%d0%b0%d0%b7%d0%b8%d0%bd\\\/\"},{\"@type\":\"ListItem\",\"position\":3,\"name\":\"Rohekas santoliin Santolina rosmarinifolia\"}]},{\"@type\":\"WebSite\",\"@id\":\"https:\\\/\\\/tammetalu.eu\\\/#website\",\"url\":\"https:\\\/\\\/tammetalu.eu\\\/\",\"name\":\"Tamme talu \u00fcrdiaed\",\"description\":\"K\u00e4sit\u00f6\u00f6na valmistatud tooted \u00fcrtidest, \u00fcrdiistikud, \u00fcrtide kollektsioonaed\",\"publisher\":{\"@id\":\"https:\\\/\\\/tammetalu.eu\\\/#organization\"},\"alternateName\":\"Tamme talu\",\"potentialAction\":[{\"@type\":\"SearchAction\",\"target\":{\"@type\":\"EntryPoint\",\"urlTemplate\":\"https:\\\/\\\/tammetalu.eu\\\/?s={search_term_string}\"},\"query-input\":{\"@type\":\"PropertyValueSpecification\",\"valueRequired\":true,\"valueName\":\"search_term_string\"}}],\"inLanguage\":\"ru-RU\"},{\"@type\":\"Organization\",\"@id\":\"https:\\\/\\\/tammetalu.eu\\\/#organization\",\"name\":\"Tamme talu \u00fcrdiaed\",\"alternateName\":\"Tamme talu\",\"url\":\"https:\\\/\\\/tammetalu.eu\\\/\",\"logo\":{\"@type\":\"ImageObject\",\"inLanguage\":\"ru-RU\",\"@id\":\"https:\\\/\\\/tammetalu.eu\\\/#\\\/schema\\\/logo\\\/image\\\/\",\"url\":\"https:\\\/\\\/tammetalu.eu\\\/wp-content\\\/uploads\\\/2025\\\/01\\\/Tamme_talu_urdiaed.png\",\"contentUrl\":\"https:\\\/\\\/tammetalu.eu\\\/wp-content\\\/uploads\\\/2025\\\/01\\\/Tamme_talu_urdiaed.png\",\"width\":560,\"height\":560,\"caption\":\"Tamme talu \u00fcrdiaed\"},\"image\":{\"@id\":\"https:\\\/\\\/tammetalu.eu\\\/#\\\/schema\\\/logo\\\/image\\\/\"},\"sameAs\":[\"https:\\\/\\\/www.facebook.com\\\/TammeTaluUrdiaed\\\/?locale=et_EE\",\"https:\\\/\\\/www.instagram.com\\\/tammetaluurdiaed\\\/\"]}]}<\/script>\n<!-- \/ Yoast SEO plugin. -->","yoast_head_json":{"title":"Rohekas santoliin Santolina rosmarinifolia - Tamme talu \u00fcrdiaed","robots":{"index":"index","follow":"follow","max-snippet":"max-snippet:-1","max-image-preview":"max-image-preview:large","max-video-preview":"max-video-preview:-1"},"canonical":"https:\/\/tammetalu.eu\/toode\/rohekas-santoliin\/","og_locale":"ru_RU","og_type":"article","og_title":"Rohekas santoliin Santolina rosmarinifolia - Tamme talu \u00fcrdiaed","og_description":"Santolina rosmarinifolia  Rohekat santoliini tuntakse ka oliivirohu nime all, kuna taime ilusatel erkrohelistel peenikestel lehtedel on tugev oliivi l\u00f5hn ja maitse. Tavaliselt alates teisest kasvuaastast \u00f5itseb rohekas santoliin helekollaste rohkete n\u00f6\u00f6bisarnaste \u00f5isikutega. Sobivates tingimustes talvitub Eestis p\u00fcsikuna aias, kuid vajab lumevaesel talvel kindlasti talvekatet. Rohekas santoliin on kena taim potis kasvatamiseks. Vajab h\u00e4sti vett l\u00e4bi laskvat liivast mulda ja t\u00e4isp\u00e4ikeselist kuni poolvarjulist kasvukohta. Hea r\u00f5du ja terrassitaim. Soojades siseruumides on keeruline rohekat santoliini \u00fcle talve pidada.  K\u00f6\u00f6gis saab roheka santoliini v\u00e4rskete lehekestega anda salatitele, pastaroogadele, seene- ja liharoogadele p\u00f5nevat, oliividega sarnast maitsen\u00fcanssi. Sobib h\u00e4sti erinevatesse mulliga jookidesse nii kaunistuseks kui v\u00fcrtsikaks maitseks.  Rahvameditsiinis kasutatakse rohekat santoliini k\u00f5hupuhitust, seeninfektsiooni, k\u00f5hukrampe ja dermatiiti leevendava vahendina.  Postiga saadetavad taimed pakime alati turvaliselt ja ilmastikukindlalt.","og_url":"https:\/\/tammetalu.eu\/toode\/rohekas-santoliin\/","og_site_name":"Tamme talu \u00fcrdiaed","article_publisher":"https:\/\/www.facebook.com\/TammeTaluUrdiaed\/?locale=et_EE","article_modified_time":"2026-05-04T05:49:40+00:00","og_image":[{"width":1024,"height":1444,"url":"https:\/\/tammetalu.eu\/wp-content\/uploads\/2022\/08\/SAN_Olivia_557050-5.jpg","type":"image\/jpeg"}],"twitter_card":"summary_large_image","twitter_misc":{"\u041f\u0440\u0438\u043c\u0435\u0440\u043d\u043e\u0435 \u0432\u0440\u0435\u043c\u044f \u0434\u043b\u044f \u0447\u0442\u0435\u043d\u0438\u044f":"1 \u043c\u0438\u043d\u0443\u0442\u0430"},"schema":{"@context":"https:\/\/schema.org","@graph":[{"@type":"WebPage","@id":"https:\/\/tammetalu.eu\/toode\/rohekas-santoliin\/","url":"https:\/\/tammetalu.eu\/toode\/rohekas-santoliin\/","name":"Rohekas santoliin Santolina rosmarinifolia - Tamme talu \u00fcrdiaed","isPartOf":{"@id":"https:\/\/tammetalu.eu\/#website"},"primaryImageOfPage":{"@id":"https:\/\/tammetalu.eu\/toode\/rohekas-santoliin\/#primaryimage"},"image":{"@id":"https:\/\/tammetalu.eu\/toode\/rohekas-santoliin\/#primaryimage"},"thumbnailUrl":"https:\/\/tammetalu.eu\/wp-content\/uploads\/2022\/08\/SAN_Olivia_557050-5.jpg","datePublished":"2022-08-09T06:07:24+00:00","dateModified":"2026-05-04T05:49:40+00:00","breadcrumb":{"@id":"https:\/\/tammetalu.eu\/toode\/rohekas-santoliin\/#breadcrumb"},"inLanguage":"ru-RU","potentialAction":[{"@type":"ReadAction","target":["https:\/\/tammetalu.eu\/toode\/rohekas-santoliin\/"]}]},{"@type":"ImageObject","inLanguage":"ru-RU","@id":"https:\/\/tammetalu.eu\/toode\/rohekas-santoliin\/#primaryimage","url":"https:\/\/tammetalu.eu\/wp-content\/uploads\/2022\/08\/SAN_Olivia_557050-5.jpg","contentUrl":"https:\/\/tammetalu.eu\/wp-content\/uploads\/2022\/08\/SAN_Olivia_557050-5.jpg","width":1024,"height":1444},{"@type":"BreadcrumbList","@id":"https:\/\/tammetalu.eu\/toode\/rohekas-santoliin\/#breadcrumb","itemListElement":[{"@type":"ListItem","position":1,"name":"Home","item":"https:\/\/tammetalu.eu\/ru\/esileht-rus\/"},{"@type":"ListItem","position":2,"name":"\u041c\u0430\u0433\u0430\u0437\u0438\u043d","item":"https:\/\/tammetalu.eu\/ru\/%d0%bc%d0%b0%d0%b3%d0%b0%d0%b7%d0%b8%d0%bd\/"},{"@type":"ListItem","position":3,"name":"Rohekas santoliin Santolina rosmarinifolia"}]},{"@type":"WebSite","@id":"https:\/\/tammetalu.eu\/#website","url":"https:\/\/tammetalu.eu\/","name":"Tamme talu \u00fcrdiaed","description":"K\u00e4sit\u00f6\u00f6na valmistatud tooted \u00fcrtidest, \u00fcrdiistikud, \u00fcrtide kollektsioonaed","publisher":{"@id":"https:\/\/tammetalu.eu\/#organization"},"alternateName":"Tamme talu","potentialAction":[{"@type":"SearchAction","target":{"@type":"EntryPoint","urlTemplate":"https:\/\/tammetalu.eu\/?s={search_term_string}"},"query-input":{"@type":"PropertyValueSpecification","valueRequired":true,"valueName":"search_term_string"}}],"inLanguage":"ru-RU"},{"@type":"Organization","@id":"https:\/\/tammetalu.eu\/#organization","name":"Tamme talu \u00fcrdiaed","alternateName":"Tamme talu","url":"https:\/\/tammetalu.eu\/","logo":{"@type":"ImageObject","inLanguage":"ru-RU","@id":"https:\/\/tammetalu.eu\/#\/schema\/logo\/image\/","url":"https:\/\/tammetalu.eu\/wp-content\/uploads\/2025\/01\/Tamme_talu_urdiaed.png","contentUrl":"https:\/\/tammetalu.eu\/wp-content\/uploads\/2025\/01\/Tamme_talu_urdiaed.png","width":560,"height":560,"caption":"Tamme talu \u00fcrdiaed"},"image":{"@id":"https:\/\/tammetalu.eu\/#\/schema\/logo\/image\/"},"sameAs":["https:\/\/www.facebook.com\/TammeTaluUrdiaed\/?locale=et_EE","https:\/\/www.instagram.com\/tammetaluurdiaed\/"]}]}},"_links":{"self":[{"href":"https:\/\/tammetalu.eu\/ru\/wp-json\/wp\/v2\/product\/15896","targetHints":{"allow":["GET"]}}],"collection":[{"href":"https:\/\/tammetalu.eu\/ru\/wp-json\/wp\/v2\/product"}],"about":[{"href":"https:\/\/tammetalu.eu\/ru\/wp-json\/wp\/v2\/types\/product"}],"wp:featuredmedia":[{"embeddable":true,"href":"https:\/\/tammetalu.eu\/ru\/wp-json\/wp\/v2\/media\/16044"}],"wp:attachment":[{"href":"https:\/\/tammetalu.eu\/ru\/wp-json\/wp\/v2\/media?parent=15896"}],"wp:term":[{"taxonomy":"product_brand","embeddable":true,"href":"https:\/\/tammetalu.eu\/ru\/wp-json\/wp\/v2\/product_brand?post=15896"},{"taxonomy":"product_cat","embeddable":true,"href":"https:\/\/tammetalu.eu\/ru\/wp-json\/wp\/v2\/product_cat?post=15896"},{"taxonomy":"product_tag","embeddable":true,"href":"https:\/\/tammetalu.eu\/ru\/wp-json\/wp\/v2\/product_tag?post=15896"}],"curies":[{"name":"wp","href":"https:\/\/api.w.org\/{rel}","templated":true}]}}