{"id":15949,"date":"2022-08-09T09:07:52","date_gmt":"2022-08-09T06:07:52","guid":{"rendered":"https:\/\/tammetalu.eu?post_type=product&#038;p=15949"},"modified":"2026-05-04T08:49:40","modified_gmt":"2026-05-04T05:49:40","slug":"paraguai-suhkruleht","status":"publish","type":"product","link":"https:\/\/tammetalu.eu\/ru\/toode\/paraguai-suhkruleht\/","title":{"rendered":"Paraguai suhkruleht (steevia) Stevia rebaudiana"},"content":{"rendered":"","protected":false},"excerpt":{"rendered":"<p><em>Stevia rebaudiana<\/em><\/p>\n<p>Paraguai suhkruleht on oma looduslikus levilas Paraguais ja Brasiilias mitmeaastane pinnal\u00e4hedase juurestikuga rohttaim. Soodsates oludes v\u00f5ib taim sirguda kuni 1 meetriseks, tal on kuni 5 cm pikkused lainja servaga vastakuti lehed ja v\u00e4ikesed valged \u00f5ied. Meie kliimas saab soojan\u00f5udlikku suhkrulehte kasvatada r\u00f5dul, kasvuhoones, terrassil v\u00f5i tuulevarjulises peenras. Kasvab h\u00e4sti parasniiskes mullas t\u00e4isp\u00e4ikeses v\u00f5i poolvarjus. Kindlasti soovitan suhkrulehe ladvad \u00e4ra n\u00e4pistada peale kolmandat lehevahet, sest see takistab \u00f5isikute tekkimist ja taim kasvab tihedamaks puhmikuks. Muidu suhteliselt tagasihoidliku \u00f5ieiluga taim n\u00e4eb lopsakam v\u00e4lja ja lehtede kogus hiliseks tarvitamiseks on oluliselt suurem. Meil Eestis tasub suhkrulehte kasvatada \u00fcheaastase taimena, kuna talvel siseruumides talvitudes tihtipeale taim lihtsalt sureb kuivas ja liiga pimedas talvitumisruumis.\u00a0 Lisaks muutuvad talvel siseruumides taime lehed kollakaks ja v\u00e4heapetiitseteks. Kuna suhkruleht annab suve jooksul hea hoolduse korral p\u00e4ris suure koguse rohelist lehemassi, siis soovitan taimed enne \u00f6\u00f6k\u00fclmade tulekut maha l\u00f5igata ja lehed \u00e4ra kuivatada. Ning uue hooaja alguses j\u00e4lle uus ja tugev taim soetada. Suhkrust mitmeid kordi magusamaid v\u00e4rskeid v\u00f5i kuivatatud lehti (steevia) kasutatakse toitude ja tee magustamiseks. Suhkrulehe lehed ei sisalda kaloreid. Steevia sobib tarvitamiseks diabeetikutele suhkru asemel.<\/p>\n","protected":false},"featured_media":16086,"template":"","meta":{"_acf_changed":false,"_et_pb_use_builder":"","_et_pb_old_content":"","_et_gb_content_width":"","inline_featured_image":false},"product_brand":[],"product_cat":[186,200],"product_tag":[],"class_list":{"0":"post-15949","1":"product","2":"type-product","3":"status-publish","4":"has-post-thumbnail","6":"product_cat-maitse-ja-ravimtaimede-istikud","7":"product_cat-muud-maitsetaimed","9":"first","10":"outofstock","11":"taxable","12":"shipping-taxable","13":"purchasable","14":"product-type-simple"},"acf":[],"yoast_head":"<!-- This site is optimized with the Yoast SEO plugin v27.5 - https:\/\/yoast.com\/product\/yoast-seo-wordpress\/ -->\n<title>Paraguai suhkruleht (steevia) Stevia rebaudiana - Tamme talu \u00fcrdiaed<\/title>\n<meta name=\"robots\" content=\"index, follow, max-snippet:-1, max-image-preview:large, max-video-preview:-1\" \/>\n<link rel=\"canonical\" href=\"https:\/\/tammetalu.eu\/toode\/paraguai-suhkruleht\/\" \/>\n<meta property=\"og:locale\" content=\"ru_RU\" \/>\n<meta property=\"og:type\" content=\"article\" \/>\n<meta property=\"og:title\" content=\"Paraguai suhkruleht (steevia) Stevia rebaudiana - Tamme talu \u00fcrdiaed\" \/>\n<meta property=\"og:description\" content=\"Stevia rebaudiana  Paraguai suhkruleht on oma looduslikus levilas Paraguais ja Brasiilias mitmeaastane pinnal\u00e4hedase juurestikuga rohttaim. Soodsates oludes v\u00f5ib taim sirguda kuni 1 meetriseks, tal on kuni 5 cm pikkused lainja servaga vastakuti lehed ja v\u00e4ikesed valged \u00f5ied. Meie kliimas saab soojan\u00f5udlikku suhkrulehte kasvatada r\u00f5dul, kasvuhoones, terrassil v\u00f5i tuulevarjulises peenras. Kasvab h\u00e4sti parasniiskes mullas t\u00e4isp\u00e4ikeses v\u00f5i poolvarjus. Kindlasti soovitan suhkrulehe ladvad \u00e4ra n\u00e4pistada peale kolmandat lehevahet, sest see takistab \u00f5isikute tekkimist ja taim kasvab tihedamaks puhmikuks. Muidu suhteliselt tagasihoidliku \u00f5ieiluga taim n\u00e4eb lopsakam v\u00e4lja ja lehtede kogus hiliseks tarvitamiseks on oluliselt suurem. Meil Eestis tasub suhkrulehte kasvatada \u00fcheaastase taimena, kuna talvel siseruumides talvitudes tihtipeale taim lihtsalt sureb kuivas ja liiga pimedas talvitumisruumis.\u00a0 Lisaks muutuvad talvel siseruumides taime lehed kollakaks ja v\u00e4heapetiitseteks. Kuna suhkruleht annab suve jooksul hea hoolduse korral p\u00e4ris suure koguse rohelist lehemassi, siis soovitan taimed enne \u00f6\u00f6k\u00fclmade tulekut maha l\u00f5igata ja lehed \u00e4ra kuivatada. Ning uue hooaja alguses j\u00e4lle uus ja tugev taim soetada. Suhkrust mitmeid kordi magusamaid v\u00e4rskeid v\u00f5i kuivatatud lehti (steevia) kasutatakse toitude ja tee magustamiseks. Suhkrulehe lehed ei sisalda kaloreid. Steevia sobib tarvitamiseks diabeetikutele suhkru asemel.\" \/>\n<meta property=\"og:url\" content=\"https:\/\/tammetalu.eu\/toode\/paraguai-suhkruleht\/\" \/>\n<meta property=\"og:site_name\" content=\"Tamme talu \u00fcrdiaed\" \/>\n<meta property=\"article:publisher\" content=\"https:\/\/www.facebook.com\/TammeTaluUrdiaed\/?locale=et_EE\" \/>\n<meta property=\"article:modified_time\" content=\"2026-05-04T05:49:40+00:00\" \/>\n<meta property=\"og:image\" content=\"https:\/\/tammetalu.eu\/wp-content\/uploads\/2022\/08\/Paraguai_suhkruleht-5.jpg\" \/>\n\t<meta property=\"og:image:width\" content=\"1024\" \/>\n\t<meta property=\"og:image:height\" content=\"953\" \/>\n\t<meta property=\"og:image:type\" content=\"image\/jpeg\" \/>\n<meta name=\"twitter:card\" content=\"summary_large_image\" \/>\n<meta name=\"twitter:label1\" content=\"\u041f\u0440\u0438\u043c\u0435\u0440\u043d\u043e\u0435 \u0432\u0440\u0435\u043c\u044f \u0434\u043b\u044f \u0447\u0442\u0435\u043d\u0438\u044f\" \/>\n\t<meta name=\"twitter:data1\" content=\"1 \u043c\u0438\u043d\u0443\u0442\u0430\" \/>\n<script type=\"application\/ld+json\" class=\"yoast-schema-graph\">{\"@context\":\"https:\\\/\\\/schema.org\",\"@graph\":[{\"@type\":\"WebPage\",\"@id\":\"https:\\\/\\\/tammetalu.eu\\\/toode\\\/paraguai-suhkruleht\\\/\",\"url\":\"https:\\\/\\\/tammetalu.eu\\\/toode\\\/paraguai-suhkruleht\\\/\",\"name\":\"Paraguai suhkruleht (steevia) Stevia rebaudiana - Tamme talu \u00fcrdiaed\",\"isPartOf\":{\"@id\":\"https:\\\/\\\/tammetalu.eu\\\/#website\"},\"primaryImageOfPage\":{\"@id\":\"https:\\\/\\\/tammetalu.eu\\\/toode\\\/paraguai-suhkruleht\\\/#primaryimage\"},\"image\":{\"@id\":\"https:\\\/\\\/tammetalu.eu\\\/toode\\\/paraguai-suhkruleht\\\/#primaryimage\"},\"thumbnailUrl\":\"https:\\\/\\\/tammetalu.eu\\\/wp-content\\\/uploads\\\/2022\\\/08\\\/Paraguai_suhkruleht-5.jpg\",\"datePublished\":\"2022-08-09T06:07:52+00:00\",\"dateModified\":\"2026-05-04T05:49:40+00:00\",\"breadcrumb\":{\"@id\":\"https:\\\/\\\/tammetalu.eu\\\/toode\\\/paraguai-suhkruleht\\\/#breadcrumb\"},\"inLanguage\":\"ru-RU\",\"potentialAction\":[{\"@type\":\"ReadAction\",\"target\":[\"https:\\\/\\\/tammetalu.eu\\\/toode\\\/paraguai-suhkruleht\\\/\"]}]},{\"@type\":\"ImageObject\",\"inLanguage\":\"ru-RU\",\"@id\":\"https:\\\/\\\/tammetalu.eu\\\/toode\\\/paraguai-suhkruleht\\\/#primaryimage\",\"url\":\"https:\\\/\\\/tammetalu.eu\\\/wp-content\\\/uploads\\\/2022\\\/08\\\/Paraguai_suhkruleht-5.jpg\",\"contentUrl\":\"https:\\\/\\\/tammetalu.eu\\\/wp-content\\\/uploads\\\/2022\\\/08\\\/Paraguai_suhkruleht-5.jpg\",\"width\":1024,\"height\":953},{\"@type\":\"BreadcrumbList\",\"@id\":\"https:\\\/\\\/tammetalu.eu\\\/toode\\\/paraguai-suhkruleht\\\/#breadcrumb\",\"itemListElement\":[{\"@type\":\"ListItem\",\"position\":1,\"name\":\"Home\",\"item\":\"https:\\\/\\\/tammetalu.eu\\\/ru\\\/esileht-rus\\\/\"},{\"@type\":\"ListItem\",\"position\":2,\"name\":\"\u041c\u0430\u0433\u0430\u0437\u0438\u043d\",\"item\":\"https:\\\/\\\/tammetalu.eu\\\/ru\\\/%d0%bc%d0%b0%d0%b3%d0%b0%d0%b7%d0%b8%d0%bd\\\/\"},{\"@type\":\"ListItem\",\"position\":3,\"name\":\"Paraguai suhkruleht (steevia) Stevia rebaudiana\"}]},{\"@type\":\"WebSite\",\"@id\":\"https:\\\/\\\/tammetalu.eu\\\/#website\",\"url\":\"https:\\\/\\\/tammetalu.eu\\\/\",\"name\":\"Tamme talu \u00fcrdiaed\",\"description\":\"K\u00e4sit\u00f6\u00f6na valmistatud tooted \u00fcrtidest, \u00fcrdiistikud, \u00fcrtide kollektsioonaed\",\"publisher\":{\"@id\":\"https:\\\/\\\/tammetalu.eu\\\/#organization\"},\"alternateName\":\"Tamme talu\",\"potentialAction\":[{\"@type\":\"SearchAction\",\"target\":{\"@type\":\"EntryPoint\",\"urlTemplate\":\"https:\\\/\\\/tammetalu.eu\\\/?s={search_term_string}\"},\"query-input\":{\"@type\":\"PropertyValueSpecification\",\"valueRequired\":true,\"valueName\":\"search_term_string\"}}],\"inLanguage\":\"ru-RU\"},{\"@type\":\"Organization\",\"@id\":\"https:\\\/\\\/tammetalu.eu\\\/#organization\",\"name\":\"Tamme talu \u00fcrdiaed\",\"alternateName\":\"Tamme talu\",\"url\":\"https:\\\/\\\/tammetalu.eu\\\/\",\"logo\":{\"@type\":\"ImageObject\",\"inLanguage\":\"ru-RU\",\"@id\":\"https:\\\/\\\/tammetalu.eu\\\/#\\\/schema\\\/logo\\\/image\\\/\",\"url\":\"https:\\\/\\\/tammetalu.eu\\\/wp-content\\\/uploads\\\/2025\\\/01\\\/Tamme_talu_urdiaed.png\",\"contentUrl\":\"https:\\\/\\\/tammetalu.eu\\\/wp-content\\\/uploads\\\/2025\\\/01\\\/Tamme_talu_urdiaed.png\",\"width\":560,\"height\":560,\"caption\":\"Tamme talu \u00fcrdiaed\"},\"image\":{\"@id\":\"https:\\\/\\\/tammetalu.eu\\\/#\\\/schema\\\/logo\\\/image\\\/\"},\"sameAs\":[\"https:\\\/\\\/www.facebook.com\\\/TammeTaluUrdiaed\\\/?locale=et_EE\",\"https:\\\/\\\/www.instagram.com\\\/tammetaluurdiaed\\\/\"]}]}<\/script>\n<!-- \/ Yoast SEO plugin. -->","yoast_head_json":{"title":"Paraguai suhkruleht (steevia) Stevia rebaudiana - Tamme talu \u00fcrdiaed","robots":{"index":"index","follow":"follow","max-snippet":"max-snippet:-1","max-image-preview":"max-image-preview:large","max-video-preview":"max-video-preview:-1"},"canonical":"https:\/\/tammetalu.eu\/toode\/paraguai-suhkruleht\/","og_locale":"ru_RU","og_type":"article","og_title":"Paraguai suhkruleht (steevia) Stevia rebaudiana - Tamme talu \u00fcrdiaed","og_description":"Stevia rebaudiana  Paraguai suhkruleht on oma looduslikus levilas Paraguais ja Brasiilias mitmeaastane pinnal\u00e4hedase juurestikuga rohttaim. Soodsates oludes v\u00f5ib taim sirguda kuni 1 meetriseks, tal on kuni 5 cm pikkused lainja servaga vastakuti lehed ja v\u00e4ikesed valged \u00f5ied. Meie kliimas saab soojan\u00f5udlikku suhkrulehte kasvatada r\u00f5dul, kasvuhoones, terrassil v\u00f5i tuulevarjulises peenras. Kasvab h\u00e4sti parasniiskes mullas t\u00e4isp\u00e4ikeses v\u00f5i poolvarjus. Kindlasti soovitan suhkrulehe ladvad \u00e4ra n\u00e4pistada peale kolmandat lehevahet, sest see takistab \u00f5isikute tekkimist ja taim kasvab tihedamaks puhmikuks. Muidu suhteliselt tagasihoidliku \u00f5ieiluga taim n\u00e4eb lopsakam v\u00e4lja ja lehtede kogus hiliseks tarvitamiseks on oluliselt suurem. Meil Eestis tasub suhkrulehte kasvatada \u00fcheaastase taimena, kuna talvel siseruumides talvitudes tihtipeale taim lihtsalt sureb kuivas ja liiga pimedas talvitumisruumis.\u00a0 Lisaks muutuvad talvel siseruumides taime lehed kollakaks ja v\u00e4heapetiitseteks. Kuna suhkruleht annab suve jooksul hea hoolduse korral p\u00e4ris suure koguse rohelist lehemassi, siis soovitan taimed enne \u00f6\u00f6k\u00fclmade tulekut maha l\u00f5igata ja lehed \u00e4ra kuivatada. Ning uue hooaja alguses j\u00e4lle uus ja tugev taim soetada. Suhkrust mitmeid kordi magusamaid v\u00e4rskeid v\u00f5i kuivatatud lehti (steevia) kasutatakse toitude ja tee magustamiseks. Suhkrulehe lehed ei sisalda kaloreid. Steevia sobib tarvitamiseks diabeetikutele suhkru asemel.","og_url":"https:\/\/tammetalu.eu\/toode\/paraguai-suhkruleht\/","og_site_name":"Tamme talu \u00fcrdiaed","article_publisher":"https:\/\/www.facebook.com\/TammeTaluUrdiaed\/?locale=et_EE","article_modified_time":"2026-05-04T05:49:40+00:00","og_image":[{"width":1024,"height":953,"url":"https:\/\/tammetalu.eu\/wp-content\/uploads\/2022\/08\/Paraguai_suhkruleht-5.jpg","type":"image\/jpeg"}],"twitter_card":"summary_large_image","twitter_misc":{"\u041f\u0440\u0438\u043c\u0435\u0440\u043d\u043e\u0435 \u0432\u0440\u0435\u043c\u044f \u0434\u043b\u044f \u0447\u0442\u0435\u043d\u0438\u044f":"1 \u043c\u0438\u043d\u0443\u0442\u0430"},"schema":{"@context":"https:\/\/schema.org","@graph":[{"@type":"WebPage","@id":"https:\/\/tammetalu.eu\/toode\/paraguai-suhkruleht\/","url":"https:\/\/tammetalu.eu\/toode\/paraguai-suhkruleht\/","name":"Paraguai suhkruleht (steevia) Stevia rebaudiana - Tamme talu \u00fcrdiaed","isPartOf":{"@id":"https:\/\/tammetalu.eu\/#website"},"primaryImageOfPage":{"@id":"https:\/\/tammetalu.eu\/toode\/paraguai-suhkruleht\/#primaryimage"},"image":{"@id":"https:\/\/tammetalu.eu\/toode\/paraguai-suhkruleht\/#primaryimage"},"thumbnailUrl":"https:\/\/tammetalu.eu\/wp-content\/uploads\/2022\/08\/Paraguai_suhkruleht-5.jpg","datePublished":"2022-08-09T06:07:52+00:00","dateModified":"2026-05-04T05:49:40+00:00","breadcrumb":{"@id":"https:\/\/tammetalu.eu\/toode\/paraguai-suhkruleht\/#breadcrumb"},"inLanguage":"ru-RU","potentialAction":[{"@type":"ReadAction","target":["https:\/\/tammetalu.eu\/toode\/paraguai-suhkruleht\/"]}]},{"@type":"ImageObject","inLanguage":"ru-RU","@id":"https:\/\/tammetalu.eu\/toode\/paraguai-suhkruleht\/#primaryimage","url":"https:\/\/tammetalu.eu\/wp-content\/uploads\/2022\/08\/Paraguai_suhkruleht-5.jpg","contentUrl":"https:\/\/tammetalu.eu\/wp-content\/uploads\/2022\/08\/Paraguai_suhkruleht-5.jpg","width":1024,"height":953},{"@type":"BreadcrumbList","@id":"https:\/\/tammetalu.eu\/toode\/paraguai-suhkruleht\/#breadcrumb","itemListElement":[{"@type":"ListItem","position":1,"name":"Home","item":"https:\/\/tammetalu.eu\/ru\/esileht-rus\/"},{"@type":"ListItem","position":2,"name":"\u041c\u0430\u0433\u0430\u0437\u0438\u043d","item":"https:\/\/tammetalu.eu\/ru\/%d0%bc%d0%b0%d0%b3%d0%b0%d0%b7%d0%b8%d0%bd\/"},{"@type":"ListItem","position":3,"name":"Paraguai suhkruleht (steevia) Stevia rebaudiana"}]},{"@type":"WebSite","@id":"https:\/\/tammetalu.eu\/#website","url":"https:\/\/tammetalu.eu\/","name":"Tamme talu \u00fcrdiaed","description":"K\u00e4sit\u00f6\u00f6na valmistatud tooted \u00fcrtidest, \u00fcrdiistikud, \u00fcrtide kollektsioonaed","publisher":{"@id":"https:\/\/tammetalu.eu\/#organization"},"alternateName":"Tamme talu","potentialAction":[{"@type":"SearchAction","target":{"@type":"EntryPoint","urlTemplate":"https:\/\/tammetalu.eu\/?s={search_term_string}"},"query-input":{"@type":"PropertyValueSpecification","valueRequired":true,"valueName":"search_term_string"}}],"inLanguage":"ru-RU"},{"@type":"Organization","@id":"https:\/\/tammetalu.eu\/#organization","name":"Tamme talu \u00fcrdiaed","alternateName":"Tamme talu","url":"https:\/\/tammetalu.eu\/","logo":{"@type":"ImageObject","inLanguage":"ru-RU","@id":"https:\/\/tammetalu.eu\/#\/schema\/logo\/image\/","url":"https:\/\/tammetalu.eu\/wp-content\/uploads\/2025\/01\/Tamme_talu_urdiaed.png","contentUrl":"https:\/\/tammetalu.eu\/wp-content\/uploads\/2025\/01\/Tamme_talu_urdiaed.png","width":560,"height":560,"caption":"Tamme talu \u00fcrdiaed"},"image":{"@id":"https:\/\/tammetalu.eu\/#\/schema\/logo\/image\/"},"sameAs":["https:\/\/www.facebook.com\/TammeTaluUrdiaed\/?locale=et_EE","https:\/\/www.instagram.com\/tammetaluurdiaed\/"]}]}},"_links":{"self":[{"href":"https:\/\/tammetalu.eu\/ru\/wp-json\/wp\/v2\/product\/15949","targetHints":{"allow":["GET"]}}],"collection":[{"href":"https:\/\/tammetalu.eu\/ru\/wp-json\/wp\/v2\/product"}],"about":[{"href":"https:\/\/tammetalu.eu\/ru\/wp-json\/wp\/v2\/types\/product"}],"wp:featuredmedia":[{"embeddable":true,"href":"https:\/\/tammetalu.eu\/ru\/wp-json\/wp\/v2\/media\/16086"}],"wp:attachment":[{"href":"https:\/\/tammetalu.eu\/ru\/wp-json\/wp\/v2\/media?parent=15949"}],"wp:term":[{"taxonomy":"product_brand","embeddable":true,"href":"https:\/\/tammetalu.eu\/ru\/wp-json\/wp\/v2\/product_brand?post=15949"},{"taxonomy":"product_cat","embeddable":true,"href":"https:\/\/tammetalu.eu\/ru\/wp-json\/wp\/v2\/product_cat?post=15949"},{"taxonomy":"product_tag","embeddable":true,"href":"https:\/\/tammetalu.eu\/ru\/wp-json\/wp\/v2\/product_tag?post=15949"}],"curies":[{"name":"wp","href":"https:\/\/api.w.org\/{rel}","templated":true}]}}