{"id":16157,"date":"2022-08-09T09:09:44","date_gmt":"2022-08-09T06:09:44","guid":{"rendered":"https:\/\/tammetalu.eu?post_type=product&#038;p=16157"},"modified":"2026-02-02T15:14:53","modified_gmt":"2026-02-02T13:14:53","slug":"lohnapelargoon-nutmeg","status":"publish","type":"product","link":"https:\/\/tammetalu.eu\/ru\/toode\/lohnapelargoon-nutmeg\/","title":{"rendered":"L\u00f5hnapelargoon &#171;Nutmeg&#187;"},"content":{"rendered":"","protected":false},"excerpt":{"rendered":"<p><em>Pelargonium x species<\/em><\/p>\n<p>L\u00f5hnapelargoon \u201cNutmeg\u201d on rohekashallide v\u00e4heldaste lehtede ja valkjate \u00f5itega mitmeaastane l\u00f5hna- ja maitsetaim. Taime lehtedel on meeldiv l\u00f5hn segus \u00f5unast ja muskaatp\u00e4hklist. Kasvamiseks vajab valget ja kuiva kasvukohta ning m\u00f5\u00f5dukat kastmist. Suvel v\u00f5ib taimed julgesti \u00f5ue t\u00f5sta, kuid soovitav on, et taimed ei j\u00e4\u00e4ks p\u00e4evadeks vihma k\u00e4tte. Talvitub rahuldavalt valges ja jahedas siseruumis. Kevadel vajavad l\u00f5hnapelargoonid tugevat tagasil\u00f5ikust., siis taastub taimede kena p\u00f5\u00f5sasjas kasvukuju. Muskaadi-\u00f5unal\u00f5hnalisi lehti kasutatakse kala- ja magusroogade, jookide ja k\u00fcpsetiste maitsestamiseks. Lehtede puudutamisel vallanduv aromaatne l\u00f5hn leevendab stressi ja v\u00e4simust ning puhastab toa\u00f5hku.<\/p>\n","protected":false},"featured_media":16288,"template":"","meta":{"_acf_changed":false,"_et_pb_use_builder":"","_et_pb_old_content":"","_et_gb_content_width":"","inline_featured_image":false},"product_brand":[],"product_cat":[186,199],"product_tag":[],"class_list":{"0":"post-16157","1":"product","2":"type-product","3":"status-publish","4":"has-post-thumbnail","6":"product_cat-maitse-ja-ravimtaimede-istikud","7":"product_cat-lohnapelargoonid","9":"first","10":"outofstock","11":"sale","12":"taxable","13":"shipping-taxable","14":"purchasable","15":"product-type-simple"},"acf":[],"yoast_head":"<!-- This site is optimized with the Yoast SEO plugin v26.4 - https:\/\/yoast.com\/wordpress\/plugins\/seo\/ -->\n<title>L\u00f5hnapelargoon &quot;Nutmeg&quot; - Tamme talu \u00fcrdiaed<\/title>\n<meta name=\"robots\" content=\"index, follow, max-snippet:-1, max-image-preview:large, max-video-preview:-1\" \/>\n<link rel=\"canonical\" href=\"https:\/\/tammetalu.eu\/toode\/lohnapelargoon-nutmeg\/\" \/>\n<meta property=\"og:locale\" content=\"ru_RU\" \/>\n<meta property=\"og:type\" content=\"article\" \/>\n<meta property=\"og:title\" content=\"L\u00f5hnapelargoon &quot;Nutmeg&quot; - Tamme talu \u00fcrdiaed\" \/>\n<meta property=\"og:description\" content=\"Pelargonium x species  L\u00f5hnapelargoon \u201cNutmeg\u201d on rohekashallide v\u00e4heldaste lehtede ja valkjate \u00f5itega mitmeaastane l\u00f5hna- ja maitsetaim. Taime lehtedel on meeldiv l\u00f5hn segus \u00f5unast ja muskaatp\u00e4hklist. Kasvamiseks vajab valget ja kuiva kasvukohta ning m\u00f5\u00f5dukat kastmist. Suvel v\u00f5ib taimed julgesti \u00f5ue t\u00f5sta, kuid soovitav on, et taimed ei j\u00e4\u00e4ks p\u00e4evadeks vihma k\u00e4tte. Talvitub rahuldavalt valges ja jahedas siseruumis. Kevadel vajavad l\u00f5hnapelargoonid tugevat tagasil\u00f5ikust., siis taastub taimede kena p\u00f5\u00f5sasjas kasvukuju. Muskaadi-\u00f5unal\u00f5hnalisi lehti kasutatakse kala- ja magusroogade, jookide ja k\u00fcpsetiste maitsestamiseks. Lehtede puudutamisel vallanduv aromaatne l\u00f5hn leevendab stressi ja v\u00e4simust ning puhastab toa\u00f5hku.\" \/>\n<meta property=\"og:url\" content=\"https:\/\/tammetalu.eu\/toode\/lohnapelargoon-nutmeg\/\" \/>\n<meta property=\"og:site_name\" content=\"Tamme talu \u00fcrdiaed\" \/>\n<meta property=\"article:publisher\" content=\"https:\/\/www.facebook.com\/TammeTaluUrdiaed\/?locale=et_EE\" \/>\n<meta property=\"article:modified_time\" content=\"2026-02-02T13:14:53+00:00\" \/>\n<meta property=\"og:image\" content=\"https:\/\/tammetalu.eu\/wp-content\/uploads\/2022\/08\/Lohnapelargoon-nutmeg-tamme-talu-urdiaed-1-5.jpg\" \/>\n\t<meta property=\"og:image:width\" content=\"2500\" \/>\n\t<meta property=\"og:image:height\" content=\"2500\" \/>\n\t<meta property=\"og:image:type\" content=\"image\/jpeg\" \/>\n<meta name=\"twitter:card\" content=\"summary_large_image\" \/>\n<meta name=\"twitter:label1\" content=\"\u041f\u0440\u0438\u043c\u0435\u0440\u043d\u043e\u0435 \u0432\u0440\u0435\u043c\u044f \u0434\u043b\u044f \u0447\u0442\u0435\u043d\u0438\u044f\" \/>\n\t<meta name=\"twitter:data1\" content=\"1 \u043c\u0438\u043d\u0443\u0442\u0430\" \/>\n<script type=\"application\/ld+json\" class=\"yoast-schema-graph\">{\"@context\":\"https:\/\/schema.org\",\"@graph\":[{\"@type\":\"WebPage\",\"@id\":\"https:\/\/tammetalu.eu\/toode\/lohnapelargoon-nutmeg\/\",\"url\":\"https:\/\/tammetalu.eu\/toode\/lohnapelargoon-nutmeg\/\",\"name\":\"L\u00f5hnapelargoon \\\"Nutmeg\\\" - Tamme talu \u00fcrdiaed\",\"isPartOf\":{\"@id\":\"https:\/\/tammetalu.eu\/#website\"},\"primaryImageOfPage\":{\"@id\":\"https:\/\/tammetalu.eu\/toode\/lohnapelargoon-nutmeg\/#primaryimage\"},\"image\":{\"@id\":\"https:\/\/tammetalu.eu\/toode\/lohnapelargoon-nutmeg\/#primaryimage\"},\"thumbnailUrl\":\"https:\/\/tammetalu.eu\/wp-content\/uploads\/2022\/08\/Lohnapelargoon-nutmeg-tamme-talu-urdiaed-1-5.jpg\",\"datePublished\":\"2022-08-09T06:09:44+00:00\",\"dateModified\":\"2026-02-02T13:14:53+00:00\",\"breadcrumb\":{\"@id\":\"https:\/\/tammetalu.eu\/toode\/lohnapelargoon-nutmeg\/#breadcrumb\"},\"inLanguage\":\"ru-RU\",\"potentialAction\":[{\"@type\":\"ReadAction\",\"target\":[\"https:\/\/tammetalu.eu\/toode\/lohnapelargoon-nutmeg\/\"]}]},{\"@type\":\"ImageObject\",\"inLanguage\":\"ru-RU\",\"@id\":\"https:\/\/tammetalu.eu\/toode\/lohnapelargoon-nutmeg\/#primaryimage\",\"url\":\"https:\/\/tammetalu.eu\/wp-content\/uploads\/2022\/08\/Lohnapelargoon-nutmeg-tamme-talu-urdiaed-1-5.jpg\",\"contentUrl\":\"https:\/\/tammetalu.eu\/wp-content\/uploads\/2022\/08\/Lohnapelargoon-nutmeg-tamme-talu-urdiaed-1-5.jpg\",\"width\":2500,\"height\":2500},{\"@type\":\"BreadcrumbList\",\"@id\":\"https:\/\/tammetalu.eu\/toode\/lohnapelargoon-nutmeg\/#breadcrumb\",\"itemListElement\":[{\"@type\":\"ListItem\",\"position\":1,\"name\":\"Home\",\"item\":\"https:\/\/tammetalu.eu\/ru\/esileht-rus\/\"},{\"@type\":\"ListItem\",\"position\":2,\"name\":\"\u041c\u0430\u0433\u0430\u0437\u0438\u043d\",\"item\":\"https:\/\/tammetalu.eu\/ru\/%d0%bc%d0%b0%d0%b3%d0%b0%d0%b7%d0%b8%d0%bd\/\"},{\"@type\":\"ListItem\",\"position\":3,\"name\":\"L\u00f5hnapelargoon &#8220;Nutmeg&#8221;\"}]},{\"@type\":\"WebSite\",\"@id\":\"https:\/\/tammetalu.eu\/#website\",\"url\":\"https:\/\/tammetalu.eu\/\",\"name\":\"Tamme talu \u00fcrdiaed\",\"description\":\"K\u00e4sit\u00f6\u00f6na valmistatud tooted \u00fcrtidest, \u00fcrdiistikud, \u00fcrtide kollektsioonaed\",\"publisher\":{\"@id\":\"https:\/\/tammetalu.eu\/#organization\"},\"alternateName\":\"Tamme talu\",\"potentialAction\":[{\"@type\":\"SearchAction\",\"target\":{\"@type\":\"EntryPoint\",\"urlTemplate\":\"https:\/\/tammetalu.eu\/?s={search_term_string}\"},\"query-input\":{\"@type\":\"PropertyValueSpecification\",\"valueRequired\":true,\"valueName\":\"search_term_string\"}}],\"inLanguage\":\"ru-RU\"},{\"@type\":\"Organization\",\"@id\":\"https:\/\/tammetalu.eu\/#organization\",\"name\":\"Tamme talu \u00fcrdiaed\",\"alternateName\":\"Tamme talu\",\"url\":\"https:\/\/tammetalu.eu\/\",\"logo\":{\"@type\":\"ImageObject\",\"inLanguage\":\"ru-RU\",\"@id\":\"https:\/\/tammetalu.eu\/#\/schema\/logo\/image\/\",\"url\":\"https:\/\/tammetalu.eu\/wp-content\/uploads\/2025\/01\/Tamme_talu_urdiaed.png\",\"contentUrl\":\"https:\/\/tammetalu.eu\/wp-content\/uploads\/2025\/01\/Tamme_talu_urdiaed.png\",\"width\":560,\"height\":560,\"caption\":\"Tamme talu \u00fcrdiaed\"},\"image\":{\"@id\":\"https:\/\/tammetalu.eu\/#\/schema\/logo\/image\/\"},\"sameAs\":[\"https:\/\/www.facebook.com\/TammeTaluUrdiaed\/?locale=et_EE\",\"https:\/\/www.instagram.com\/tammetaluurdiaed\/\"]}]}<\/script>\n<!-- \/ Yoast SEO plugin. -->","yoast_head_json":{"title":"L\u00f5hnapelargoon \"Nutmeg\" - Tamme talu \u00fcrdiaed","robots":{"index":"index","follow":"follow","max-snippet":"max-snippet:-1","max-image-preview":"max-image-preview:large","max-video-preview":"max-video-preview:-1"},"canonical":"https:\/\/tammetalu.eu\/toode\/lohnapelargoon-nutmeg\/","og_locale":"ru_RU","og_type":"article","og_title":"L\u00f5hnapelargoon \"Nutmeg\" - Tamme talu \u00fcrdiaed","og_description":"Pelargonium x species  L\u00f5hnapelargoon \u201cNutmeg\u201d on rohekashallide v\u00e4heldaste lehtede ja valkjate \u00f5itega mitmeaastane l\u00f5hna- ja maitsetaim. Taime lehtedel on meeldiv l\u00f5hn segus \u00f5unast ja muskaatp\u00e4hklist. Kasvamiseks vajab valget ja kuiva kasvukohta ning m\u00f5\u00f5dukat kastmist. Suvel v\u00f5ib taimed julgesti \u00f5ue t\u00f5sta, kuid soovitav on, et taimed ei j\u00e4\u00e4ks p\u00e4evadeks vihma k\u00e4tte. Talvitub rahuldavalt valges ja jahedas siseruumis. Kevadel vajavad l\u00f5hnapelargoonid tugevat tagasil\u00f5ikust., siis taastub taimede kena p\u00f5\u00f5sasjas kasvukuju. Muskaadi-\u00f5unal\u00f5hnalisi lehti kasutatakse kala- ja magusroogade, jookide ja k\u00fcpsetiste maitsestamiseks. Lehtede puudutamisel vallanduv aromaatne l\u00f5hn leevendab stressi ja v\u00e4simust ning puhastab toa\u00f5hku.","og_url":"https:\/\/tammetalu.eu\/toode\/lohnapelargoon-nutmeg\/","og_site_name":"Tamme talu \u00fcrdiaed","article_publisher":"https:\/\/www.facebook.com\/TammeTaluUrdiaed\/?locale=et_EE","article_modified_time":"2026-02-02T13:14:53+00:00","og_image":[{"width":2500,"height":2500,"url":"https:\/\/tammetalu.eu\/wp-content\/uploads\/2022\/08\/Lohnapelargoon-nutmeg-tamme-talu-urdiaed-1-5.jpg","type":"image\/jpeg"}],"twitter_card":"summary_large_image","twitter_misc":{"\u041f\u0440\u0438\u043c\u0435\u0440\u043d\u043e\u0435 \u0432\u0440\u0435\u043c\u044f \u0434\u043b\u044f \u0447\u0442\u0435\u043d\u0438\u044f":"1 \u043c\u0438\u043d\u0443\u0442\u0430"},"schema":{"@context":"https:\/\/schema.org","@graph":[{"@type":"WebPage","@id":"https:\/\/tammetalu.eu\/toode\/lohnapelargoon-nutmeg\/","url":"https:\/\/tammetalu.eu\/toode\/lohnapelargoon-nutmeg\/","name":"L\u00f5hnapelargoon \"Nutmeg\" - Tamme talu \u00fcrdiaed","isPartOf":{"@id":"https:\/\/tammetalu.eu\/#website"},"primaryImageOfPage":{"@id":"https:\/\/tammetalu.eu\/toode\/lohnapelargoon-nutmeg\/#primaryimage"},"image":{"@id":"https:\/\/tammetalu.eu\/toode\/lohnapelargoon-nutmeg\/#primaryimage"},"thumbnailUrl":"https:\/\/tammetalu.eu\/wp-content\/uploads\/2022\/08\/Lohnapelargoon-nutmeg-tamme-talu-urdiaed-1-5.jpg","datePublished":"2022-08-09T06:09:44+00:00","dateModified":"2026-02-02T13:14:53+00:00","breadcrumb":{"@id":"https:\/\/tammetalu.eu\/toode\/lohnapelargoon-nutmeg\/#breadcrumb"},"inLanguage":"ru-RU","potentialAction":[{"@type":"ReadAction","target":["https:\/\/tammetalu.eu\/toode\/lohnapelargoon-nutmeg\/"]}]},{"@type":"ImageObject","inLanguage":"ru-RU","@id":"https:\/\/tammetalu.eu\/toode\/lohnapelargoon-nutmeg\/#primaryimage","url":"https:\/\/tammetalu.eu\/wp-content\/uploads\/2022\/08\/Lohnapelargoon-nutmeg-tamme-talu-urdiaed-1-5.jpg","contentUrl":"https:\/\/tammetalu.eu\/wp-content\/uploads\/2022\/08\/Lohnapelargoon-nutmeg-tamme-talu-urdiaed-1-5.jpg","width":2500,"height":2500},{"@type":"BreadcrumbList","@id":"https:\/\/tammetalu.eu\/toode\/lohnapelargoon-nutmeg\/#breadcrumb","itemListElement":[{"@type":"ListItem","position":1,"name":"Home","item":"https:\/\/tammetalu.eu\/ru\/esileht-rus\/"},{"@type":"ListItem","position":2,"name":"\u041c\u0430\u0433\u0430\u0437\u0438\u043d","item":"https:\/\/tammetalu.eu\/ru\/%d0%bc%d0%b0%d0%b3%d0%b0%d0%b7%d0%b8%d0%bd\/"},{"@type":"ListItem","position":3,"name":"L\u00f5hnapelargoon &#8220;Nutmeg&#8221;"}]},{"@type":"WebSite","@id":"https:\/\/tammetalu.eu\/#website","url":"https:\/\/tammetalu.eu\/","name":"Tamme talu \u00fcrdiaed","description":"K\u00e4sit\u00f6\u00f6na valmistatud tooted \u00fcrtidest, \u00fcrdiistikud, \u00fcrtide kollektsioonaed","publisher":{"@id":"https:\/\/tammetalu.eu\/#organization"},"alternateName":"Tamme talu","potentialAction":[{"@type":"SearchAction","target":{"@type":"EntryPoint","urlTemplate":"https:\/\/tammetalu.eu\/?s={search_term_string}"},"query-input":{"@type":"PropertyValueSpecification","valueRequired":true,"valueName":"search_term_string"}}],"inLanguage":"ru-RU"},{"@type":"Organization","@id":"https:\/\/tammetalu.eu\/#organization","name":"Tamme talu \u00fcrdiaed","alternateName":"Tamme talu","url":"https:\/\/tammetalu.eu\/","logo":{"@type":"ImageObject","inLanguage":"ru-RU","@id":"https:\/\/tammetalu.eu\/#\/schema\/logo\/image\/","url":"https:\/\/tammetalu.eu\/wp-content\/uploads\/2025\/01\/Tamme_talu_urdiaed.png","contentUrl":"https:\/\/tammetalu.eu\/wp-content\/uploads\/2025\/01\/Tamme_talu_urdiaed.png","width":560,"height":560,"caption":"Tamme talu \u00fcrdiaed"},"image":{"@id":"https:\/\/tammetalu.eu\/#\/schema\/logo\/image\/"},"sameAs":["https:\/\/www.facebook.com\/TammeTaluUrdiaed\/?locale=et_EE","https:\/\/www.instagram.com\/tammetaluurdiaed\/"]}]}},"_links":{"self":[{"href":"https:\/\/tammetalu.eu\/ru\/wp-json\/wp\/v2\/product\/16157","targetHints":{"allow":["GET"]}}],"collection":[{"href":"https:\/\/tammetalu.eu\/ru\/wp-json\/wp\/v2\/product"}],"about":[{"href":"https:\/\/tammetalu.eu\/ru\/wp-json\/wp\/v2\/types\/product"}],"wp:featuredmedia":[{"embeddable":true,"href":"https:\/\/tammetalu.eu\/ru\/wp-json\/wp\/v2\/media\/16288"}],"wp:attachment":[{"href":"https:\/\/tammetalu.eu\/ru\/wp-json\/wp\/v2\/media?parent=16157"}],"wp:term":[{"taxonomy":"product_brand","embeddable":true,"href":"https:\/\/tammetalu.eu\/ru\/wp-json\/wp\/v2\/product_brand?post=16157"},{"taxonomy":"product_cat","embeddable":true,"href":"https:\/\/tammetalu.eu\/ru\/wp-json\/wp\/v2\/product_cat?post=16157"},{"taxonomy":"product_tag","embeddable":true,"href":"https:\/\/tammetalu.eu\/ru\/wp-json\/wp\/v2\/product_tag?post=16157"}],"curies":[{"name":"wp","href":"https:\/\/api.w.org\/{rel}","templated":true}]}}