{"id":16321,"date":"2022-08-09T09:10:51","date_gmt":"2022-08-09T06:10:51","guid":{"rendered":"https:\/\/tammetalu.eu?post_type=product&#038;p=16321"},"modified":"2026-04-10T09:29:51","modified_gmt":"2026-04-10T06:29:51","slug":"maasik-vaarikas","status":"publish","type":"product","link":"https:\/\/tammetalu.eu\/ru\/toode\/maasik-vaarikas\/","title":{"rendered":"Maasikvaarikas Rubus illecebrosus"},"content":{"rendered":"<p>&nbsp;<\/p>\n<p>&nbsp;<\/p>\n","protected":false},"excerpt":{"rendered":"<p><em>Rubus illecebrosus<\/em><\/p>\n<p>Maasikvaarika algne kodumaa on Jaapan. \u00d5ied on valged pea 5 cm l\u00e4bim\u00f5\u00f5duga, hambulise servaga liitlehed 5-9 lehekesega, varred v\u00e4ga ogalised. Taime k\u00f5rgus Eesti tingimustes 50-70 cm. Viljub sama aasta v\u00f5rsetelt. Viljad erkpunased ja v\u00e4ga kaunid, kuid maitse on pigem tagasihoidlik. Viljad valmivad augusti algusest kuni k\u00fclmadeni. T\u00e4isk\u00fcpsuses viljad ei talu eriti transporti. Taim levib juurev\u00f5sudega. Maasikvaarikas on t\u00e4iesti talvekindel. Kasvab h\u00e4sti parasniiskes tavalises aiamullas, kuid edeneb h\u00e4sti ka kuivemas liivases mullas. Sobib kasvatamiseks suuremas n\u00f5us. Kui kasvupaik taimele sobib, v\u00f5ib ta olla v\u00e4ga invasiivse loomuga, seep\u00e4rast on soovitav taime kasvuala aias piirata. Ei soovita istutada aias maasikvaarikat teiste madalamate p\u00fcsikute l\u00e4hedale, kuna risustab \u00e4ra kogu peenra.<\/p>\n<p>Vilju saab tarvita v\u00e4rskelt, keeta koos teiste marjadega moosiks. Sobib magustoitude ja kondiitritoodete kaunistuseks ja suupistelauale pilgup\u00fc\u00fcdjaks kohe peale viljade noppimist.<\/p>\n","protected":false},"featured_media":16421,"template":"","meta":{"_acf_changed":false,"_et_pb_use_builder":"","_et_pb_old_content":"","_et_gb_content_width":"","inline_featured_image":false},"product_brand":[],"product_cat":[247,186,203,200],"product_tag":[],"class_list":{"0":"post-16321","1":"product","2":"type-product","3":"status-publish","4":"has-post-thumbnail","6":"product_cat-rohenappude-lemmikud","7":"product_cat-maitse-ja-ravimtaimede-istikud","8":"product_cat-ponevad-koogiviljad","9":"product_cat-muud-maitsetaimed","11":"first","12":"instock","13":"sale","14":"taxable","15":"shipping-taxable","16":"purchasable","17":"product-type-simple"},"acf":[],"yoast_head":"<!-- This site is optimized with the Yoast SEO plugin v26.4 - https:\/\/yoast.com\/wordpress\/plugins\/seo\/ -->\n<title>Maasikvaarikas Rubus illecebrosus - Tamme talu \u00fcrdiaed<\/title>\n<meta name=\"robots\" content=\"index, follow, max-snippet:-1, max-image-preview:large, max-video-preview:-1\" \/>\n<link rel=\"canonical\" href=\"https:\/\/tammetalu.eu\/toode\/maasik-vaarikas\/\" \/>\n<meta property=\"og:locale\" content=\"ru_RU\" \/>\n<meta property=\"og:type\" content=\"article\" \/>\n<meta property=\"og:title\" content=\"Maasikvaarikas Rubus illecebrosus - Tamme talu \u00fcrdiaed\" \/>\n<meta property=\"og:description\" content=\"Rubus illecebrosus  Maasikvaarika algne kodumaa on Jaapan. \u00d5ied on valged pea 5 cm l\u00e4bim\u00f5\u00f5duga, hambulise servaga liitlehed 5-9 lehekesega, varred v\u00e4ga ogalised. Taime k\u00f5rgus Eesti tingimustes 50-70 cm. Viljub sama aasta v\u00f5rsetelt. Viljad erkpunased ja v\u00e4ga kaunid, kuid maitse on pigem tagasihoidlik. Viljad valmivad augusti algusest kuni k\u00fclmadeni. T\u00e4isk\u00fcpsuses viljad ei talu eriti transporti. Taim levib juurev\u00f5sudega. Maasikvaarikas on t\u00e4iesti talvekindel. Kasvab h\u00e4sti parasniiskes tavalises aiamullas, kuid edeneb h\u00e4sti ka kuivemas liivases mullas. Sobib kasvatamiseks suuremas n\u00f5us. Kui kasvupaik taimele sobib, v\u00f5ib ta olla v\u00e4ga invasiivse loomuga, seep\u00e4rast on soovitav taime kasvuala aias piirata. Ei soovita istutada aias maasikvaarikat teiste madalamate p\u00fcsikute l\u00e4hedale, kuna risustab \u00e4ra kogu peenra.  Vilju saab tarvita v\u00e4rskelt, keeta koos teiste marjadega moosiks. Sobib magustoitude ja kondiitritoodete kaunistuseks ja suupistelauale pilgup\u00fc\u00fcdjaks kohe peale viljade noppimist.\" \/>\n<meta property=\"og:url\" content=\"https:\/\/tammetalu.eu\/toode\/maasik-vaarikas\/\" \/>\n<meta property=\"og:site_name\" content=\"Tamme talu \u00fcrdiaed\" \/>\n<meta property=\"article:publisher\" content=\"https:\/\/www.facebook.com\/TammeTaluUrdiaed\/?locale=et_EE\" \/>\n<meta property=\"article:modified_time\" content=\"2026-04-10T06:29:51+00:00\" \/>\n<meta property=\"og:image\" content=\"https:\/\/tammetalu.eu\/wp-content\/uploads\/2022\/08\/Maasik-vaarikas-tamme-talu-urdiaed-5.jpg\" \/>\n\t<meta property=\"og:image:width\" content=\"600\" \/>\n\t<meta property=\"og:image:height\" content=\"600\" \/>\n\t<meta property=\"og:image:type\" content=\"image\/jpeg\" \/>\n<meta name=\"twitter:card\" content=\"summary_large_image\" \/>\n<meta name=\"twitter:label1\" content=\"\u041f\u0440\u0438\u043c\u0435\u0440\u043d\u043e\u0435 \u0432\u0440\u0435\u043c\u044f \u0434\u043b\u044f \u0447\u0442\u0435\u043d\u0438\u044f\" \/>\n\t<meta name=\"twitter:data1\" content=\"1 \u043c\u0438\u043d\u0443\u0442\u0430\" \/>\n<script type=\"application\/ld+json\" class=\"yoast-schema-graph\">{\"@context\":\"https:\/\/schema.org\",\"@graph\":[{\"@type\":\"WebPage\",\"@id\":\"https:\/\/tammetalu.eu\/toode\/maasik-vaarikas\/\",\"url\":\"https:\/\/tammetalu.eu\/toode\/maasik-vaarikas\/\",\"name\":\"Maasikvaarikas Rubus illecebrosus - Tamme talu \u00fcrdiaed\",\"isPartOf\":{\"@id\":\"https:\/\/tammetalu.eu\/#website\"},\"primaryImageOfPage\":{\"@id\":\"https:\/\/tammetalu.eu\/toode\/maasik-vaarikas\/#primaryimage\"},\"image\":{\"@id\":\"https:\/\/tammetalu.eu\/toode\/maasik-vaarikas\/#primaryimage\"},\"thumbnailUrl\":\"https:\/\/tammetalu.eu\/wp-content\/uploads\/2022\/08\/Maasik-vaarikas-tamme-talu-urdiaed-5.jpg\",\"datePublished\":\"2022-08-09T06:10:51+00:00\",\"dateModified\":\"2026-04-10T06:29:51+00:00\",\"breadcrumb\":{\"@id\":\"https:\/\/tammetalu.eu\/toode\/maasik-vaarikas\/#breadcrumb\"},\"inLanguage\":\"ru-RU\",\"potentialAction\":[{\"@type\":\"ReadAction\",\"target\":[\"https:\/\/tammetalu.eu\/toode\/maasik-vaarikas\/\"]}]},{\"@type\":\"ImageObject\",\"inLanguage\":\"ru-RU\",\"@id\":\"https:\/\/tammetalu.eu\/toode\/maasik-vaarikas\/#primaryimage\",\"url\":\"https:\/\/tammetalu.eu\/wp-content\/uploads\/2022\/08\/Maasik-vaarikas-tamme-talu-urdiaed-5.jpg\",\"contentUrl\":\"https:\/\/tammetalu.eu\/wp-content\/uploads\/2022\/08\/Maasik-vaarikas-tamme-talu-urdiaed-5.jpg\",\"width\":600,\"height\":600},{\"@type\":\"BreadcrumbList\",\"@id\":\"https:\/\/tammetalu.eu\/toode\/maasik-vaarikas\/#breadcrumb\",\"itemListElement\":[{\"@type\":\"ListItem\",\"position\":1,\"name\":\"Home\",\"item\":\"https:\/\/tammetalu.eu\/ru\/esileht-rus\/\"},{\"@type\":\"ListItem\",\"position\":2,\"name\":\"\u041c\u0430\u0433\u0430\u0437\u0438\u043d\",\"item\":\"https:\/\/tammetalu.eu\/ru\/%d0%bc%d0%b0%d0%b3%d0%b0%d0%b7%d0%b8%d0%bd\/\"},{\"@type\":\"ListItem\",\"position\":3,\"name\":\"Maasikvaarikas Rubus illecebrosus\"}]},{\"@type\":\"WebSite\",\"@id\":\"https:\/\/tammetalu.eu\/#website\",\"url\":\"https:\/\/tammetalu.eu\/\",\"name\":\"Tamme talu \u00fcrdiaed\",\"description\":\"K\u00e4sit\u00f6\u00f6na valmistatud tooted \u00fcrtidest, \u00fcrdiistikud, \u00fcrtide kollektsioonaed\",\"publisher\":{\"@id\":\"https:\/\/tammetalu.eu\/#organization\"},\"alternateName\":\"Tamme talu\",\"potentialAction\":[{\"@type\":\"SearchAction\",\"target\":{\"@type\":\"EntryPoint\",\"urlTemplate\":\"https:\/\/tammetalu.eu\/?s={search_term_string}\"},\"query-input\":{\"@type\":\"PropertyValueSpecification\",\"valueRequired\":true,\"valueName\":\"search_term_string\"}}],\"inLanguage\":\"ru-RU\"},{\"@type\":\"Organization\",\"@id\":\"https:\/\/tammetalu.eu\/#organization\",\"name\":\"Tamme talu \u00fcrdiaed\",\"alternateName\":\"Tamme talu\",\"url\":\"https:\/\/tammetalu.eu\/\",\"logo\":{\"@type\":\"ImageObject\",\"inLanguage\":\"ru-RU\",\"@id\":\"https:\/\/tammetalu.eu\/#\/schema\/logo\/image\/\",\"url\":\"https:\/\/tammetalu.eu\/wp-content\/uploads\/2025\/01\/Tamme_talu_urdiaed.png\",\"contentUrl\":\"https:\/\/tammetalu.eu\/wp-content\/uploads\/2025\/01\/Tamme_talu_urdiaed.png\",\"width\":560,\"height\":560,\"caption\":\"Tamme talu \u00fcrdiaed\"},\"image\":{\"@id\":\"https:\/\/tammetalu.eu\/#\/schema\/logo\/image\/\"},\"sameAs\":[\"https:\/\/www.facebook.com\/TammeTaluUrdiaed\/?locale=et_EE\",\"https:\/\/www.instagram.com\/tammetaluurdiaed\/\"]}]}<\/script>\n<!-- \/ Yoast SEO plugin. -->","yoast_head_json":{"title":"Maasikvaarikas Rubus illecebrosus - Tamme talu \u00fcrdiaed","robots":{"index":"index","follow":"follow","max-snippet":"max-snippet:-1","max-image-preview":"max-image-preview:large","max-video-preview":"max-video-preview:-1"},"canonical":"https:\/\/tammetalu.eu\/toode\/maasik-vaarikas\/","og_locale":"ru_RU","og_type":"article","og_title":"Maasikvaarikas Rubus illecebrosus - Tamme talu \u00fcrdiaed","og_description":"Rubus illecebrosus  Maasikvaarika algne kodumaa on Jaapan. \u00d5ied on valged pea 5 cm l\u00e4bim\u00f5\u00f5duga, hambulise servaga liitlehed 5-9 lehekesega, varred v\u00e4ga ogalised. Taime k\u00f5rgus Eesti tingimustes 50-70 cm. Viljub sama aasta v\u00f5rsetelt. Viljad erkpunased ja v\u00e4ga kaunid, kuid maitse on pigem tagasihoidlik. Viljad valmivad augusti algusest kuni k\u00fclmadeni. T\u00e4isk\u00fcpsuses viljad ei talu eriti transporti. Taim levib juurev\u00f5sudega. Maasikvaarikas on t\u00e4iesti talvekindel. Kasvab h\u00e4sti parasniiskes tavalises aiamullas, kuid edeneb h\u00e4sti ka kuivemas liivases mullas. Sobib kasvatamiseks suuremas n\u00f5us. Kui kasvupaik taimele sobib, v\u00f5ib ta olla v\u00e4ga invasiivse loomuga, seep\u00e4rast on soovitav taime kasvuala aias piirata. Ei soovita istutada aias maasikvaarikat teiste madalamate p\u00fcsikute l\u00e4hedale, kuna risustab \u00e4ra kogu peenra.  Vilju saab tarvita v\u00e4rskelt, keeta koos teiste marjadega moosiks. Sobib magustoitude ja kondiitritoodete kaunistuseks ja suupistelauale pilgup\u00fc\u00fcdjaks kohe peale viljade noppimist.","og_url":"https:\/\/tammetalu.eu\/toode\/maasik-vaarikas\/","og_site_name":"Tamme talu \u00fcrdiaed","article_publisher":"https:\/\/www.facebook.com\/TammeTaluUrdiaed\/?locale=et_EE","article_modified_time":"2026-04-10T06:29:51+00:00","og_image":[{"width":600,"height":600,"url":"https:\/\/tammetalu.eu\/wp-content\/uploads\/2022\/08\/Maasik-vaarikas-tamme-talu-urdiaed-5.jpg","type":"image\/jpeg"}],"twitter_card":"summary_large_image","twitter_misc":{"\u041f\u0440\u0438\u043c\u0435\u0440\u043d\u043e\u0435 \u0432\u0440\u0435\u043c\u044f \u0434\u043b\u044f \u0447\u0442\u0435\u043d\u0438\u044f":"1 \u043c\u0438\u043d\u0443\u0442\u0430"},"schema":{"@context":"https:\/\/schema.org","@graph":[{"@type":"WebPage","@id":"https:\/\/tammetalu.eu\/toode\/maasik-vaarikas\/","url":"https:\/\/tammetalu.eu\/toode\/maasik-vaarikas\/","name":"Maasikvaarikas Rubus illecebrosus - Tamme talu \u00fcrdiaed","isPartOf":{"@id":"https:\/\/tammetalu.eu\/#website"},"primaryImageOfPage":{"@id":"https:\/\/tammetalu.eu\/toode\/maasik-vaarikas\/#primaryimage"},"image":{"@id":"https:\/\/tammetalu.eu\/toode\/maasik-vaarikas\/#primaryimage"},"thumbnailUrl":"https:\/\/tammetalu.eu\/wp-content\/uploads\/2022\/08\/Maasik-vaarikas-tamme-talu-urdiaed-5.jpg","datePublished":"2022-08-09T06:10:51+00:00","dateModified":"2026-04-10T06:29:51+00:00","breadcrumb":{"@id":"https:\/\/tammetalu.eu\/toode\/maasik-vaarikas\/#breadcrumb"},"inLanguage":"ru-RU","potentialAction":[{"@type":"ReadAction","target":["https:\/\/tammetalu.eu\/toode\/maasik-vaarikas\/"]}]},{"@type":"ImageObject","inLanguage":"ru-RU","@id":"https:\/\/tammetalu.eu\/toode\/maasik-vaarikas\/#primaryimage","url":"https:\/\/tammetalu.eu\/wp-content\/uploads\/2022\/08\/Maasik-vaarikas-tamme-talu-urdiaed-5.jpg","contentUrl":"https:\/\/tammetalu.eu\/wp-content\/uploads\/2022\/08\/Maasik-vaarikas-tamme-talu-urdiaed-5.jpg","width":600,"height":600},{"@type":"BreadcrumbList","@id":"https:\/\/tammetalu.eu\/toode\/maasik-vaarikas\/#breadcrumb","itemListElement":[{"@type":"ListItem","position":1,"name":"Home","item":"https:\/\/tammetalu.eu\/ru\/esileht-rus\/"},{"@type":"ListItem","position":2,"name":"\u041c\u0430\u0433\u0430\u0437\u0438\u043d","item":"https:\/\/tammetalu.eu\/ru\/%d0%bc%d0%b0%d0%b3%d0%b0%d0%b7%d0%b8%d0%bd\/"},{"@type":"ListItem","position":3,"name":"Maasikvaarikas Rubus illecebrosus"}]},{"@type":"WebSite","@id":"https:\/\/tammetalu.eu\/#website","url":"https:\/\/tammetalu.eu\/","name":"Tamme talu \u00fcrdiaed","description":"K\u00e4sit\u00f6\u00f6na valmistatud tooted \u00fcrtidest, \u00fcrdiistikud, \u00fcrtide kollektsioonaed","publisher":{"@id":"https:\/\/tammetalu.eu\/#organization"},"alternateName":"Tamme talu","potentialAction":[{"@type":"SearchAction","target":{"@type":"EntryPoint","urlTemplate":"https:\/\/tammetalu.eu\/?s={search_term_string}"},"query-input":{"@type":"PropertyValueSpecification","valueRequired":true,"valueName":"search_term_string"}}],"inLanguage":"ru-RU"},{"@type":"Organization","@id":"https:\/\/tammetalu.eu\/#organization","name":"Tamme talu \u00fcrdiaed","alternateName":"Tamme talu","url":"https:\/\/tammetalu.eu\/","logo":{"@type":"ImageObject","inLanguage":"ru-RU","@id":"https:\/\/tammetalu.eu\/#\/schema\/logo\/image\/","url":"https:\/\/tammetalu.eu\/wp-content\/uploads\/2025\/01\/Tamme_talu_urdiaed.png","contentUrl":"https:\/\/tammetalu.eu\/wp-content\/uploads\/2025\/01\/Tamme_talu_urdiaed.png","width":560,"height":560,"caption":"Tamme talu \u00fcrdiaed"},"image":{"@id":"https:\/\/tammetalu.eu\/#\/schema\/logo\/image\/"},"sameAs":["https:\/\/www.facebook.com\/TammeTaluUrdiaed\/?locale=et_EE","https:\/\/www.instagram.com\/tammetaluurdiaed\/"]}]}},"_links":{"self":[{"href":"https:\/\/tammetalu.eu\/ru\/wp-json\/wp\/v2\/product\/16321","targetHints":{"allow":["GET"]}}],"collection":[{"href":"https:\/\/tammetalu.eu\/ru\/wp-json\/wp\/v2\/product"}],"about":[{"href":"https:\/\/tammetalu.eu\/ru\/wp-json\/wp\/v2\/types\/product"}],"wp:featuredmedia":[{"embeddable":true,"href":"https:\/\/tammetalu.eu\/ru\/wp-json\/wp\/v2\/media\/16421"}],"wp:attachment":[{"href":"https:\/\/tammetalu.eu\/ru\/wp-json\/wp\/v2\/media?parent=16321"}],"wp:term":[{"taxonomy":"product_brand","embeddable":true,"href":"https:\/\/tammetalu.eu\/ru\/wp-json\/wp\/v2\/product_brand?post=16321"},{"taxonomy":"product_cat","embeddable":true,"href":"https:\/\/tammetalu.eu\/ru\/wp-json\/wp\/v2\/product_cat?post=16321"},{"taxonomy":"product_tag","embeddable":true,"href":"https:\/\/tammetalu.eu\/ru\/wp-json\/wp\/v2\/product_tag?post=16321"}],"curies":[{"name":"wp","href":"https:\/\/api.w.org\/{rel}","templated":true}]}}