{"id":17568,"date":"2023-04-10T23:20:25","date_gmt":"2023-04-10T20:20:25","guid":{"rendered":"https:\/\/tammetalu.eu\/?post_type=product&#038;p=17568"},"modified":"2026-04-24T11:07:53","modified_gmt":"2026-04-24T08:07:53","slug":"lohnapelargoon-moskitoschoker","status":"publish","type":"product","link":"https:\/\/tammetalu.eu\/ru\/toode\/lohnapelargoon-moskitoschoker\/","title":{"rendered":"L\u00f5hnapelargoon &#171;Moskitoschoker&#187;"},"content":{"rendered":"","protected":false},"excerpt":{"rendered":"<p><em>Pelargonium x species<\/em> Karedate roheliste lehtede ja roosakasvalgete \u00f5itega\u00a0 mitmeaastane\u00a0 l\u00f5hna- ja maitsetaim. Taime lehtedel on meeldiv sidrunikoore aroom.<\/p>\n<p>Kasvamiseks vajab valget ja kuiva kasvukohta ning m\u00f5\u00f5dukat kastmist. Suvel v\u00f5ib taimed julgesti \u00f5ue t\u00f5sta, kuid soovitav on, et taimed ei j\u00e4\u00e4ks p\u00e4evadeks vihma k\u00e4tte.<\/p>\n<p>Talvitub rahuldavalt valges ja jahedas siseruumis. Kevadel vajavad l\u00f5hnapelargoonid tugevat tagasil\u00f5ikust. Sidrunil\u00f5hnalisi lehti kasutatakse kala- ja\u00a0 magusroogade, jookide ja k\u00fcpsetiste maitsestamiseks.<\/p>\n<p>Lehtede puudutamisel vallanduv aromaatne l\u00f5hn leevendab stressi ja v\u00e4simust ning puhastab toa\u00f5hku. Lisaks peetakse just seda pelargooni sorti lendavaid putukaid peletavaks taimeks.<\/p>\n<p>L\u00f5hnapelargoonide kasvatamise ja kasutamise kohta loe rohkem <span style=\"color: #008000\"><a style=\"color: #008000\" href=\"https:\/\/tammetalu.eu\/kuidas-kasvatada-ja-kasutada-lohnavaid-pelargoone\/\">Tamme talu \u00fcrdiaia blogist<\/a><\/span><\/p>\n","protected":false},"featured_media":16021,"template":"","meta":{"_acf_changed":false,"_et_pb_use_builder":"off","_et_pb_old_content":"Sidrunil\u00f5hnalisi lehti kasutatakse kala- ja\u00a0 magusroogade, jookide ja k\u00fcpsetiste maitsestamiseks. Lehtede puudutamisel vallanduv aromaatne l\u00f5hn leevendab stressi ja v\u00e4simust ning puhastab toa\u00f5hku. Lisaks peetakse just seda pelargooni sorti lendavaid putukaid peletavaks taimeks","_et_gb_content_width":"","inline_featured_image":false},"product_brand":[],"product_cat":[186,199],"product_tag":[],"class_list":{"0":"post-17568","1":"product","2":"type-product","3":"status-publish","4":"has-post-thumbnail","6":"product_cat-maitse-ja-ravimtaimede-istikud","7":"product_cat-lohnapelargoonid","9":"first","10":"instock","11":"sale","12":"taxable","13":"shipping-taxable","14":"purchasable","15":"product-type-simple"},"acf":[],"yoast_head":"<!-- This site is optimized with the Yoast SEO plugin v26.4 - https:\/\/yoast.com\/wordpress\/plugins\/seo\/ -->\n<title>L\u00f5hnapelargoon &quot;Moskitoschoker&quot; - Tamme talu \u00fcrdiaed<\/title>\n<meta name=\"description\" content=\"Sidrunil\u00f5hnalisi l\u00f5hnapelargooni lehti kasutatakse kala- ja\u00a0 magusroogade, jookide ja k\u00fcpsetiste maitsestamiseks. Lehtede aromaatne l\u00f5hn leevendab stressi.\" \/>\n<meta name=\"robots\" content=\"index, follow, max-snippet:-1, max-image-preview:large, max-video-preview:-1\" \/>\n<link rel=\"canonical\" href=\"https:\/\/tammetalu.eu\/toode\/lohnapelargoon-moskitoschoker\/\" \/>\n<meta property=\"og:locale\" content=\"ru_RU\" \/>\n<meta property=\"og:type\" content=\"article\" \/>\n<meta property=\"og:title\" content=\"L\u00f5hnapelargoon &quot;Moskitoschoker&quot; - Tamme talu \u00fcrdiaed\" \/>\n<meta property=\"og:description\" content=\"Sidrunil\u00f5hnalisi l\u00f5hnapelargooni lehti kasutatakse kala- ja\u00a0 magusroogade, jookide ja k\u00fcpsetiste maitsestamiseks. Lehtede aromaatne l\u00f5hn leevendab stressi.\" \/>\n<meta property=\"og:url\" content=\"https:\/\/tammetalu.eu\/toode\/lohnapelargoon-moskitoschoker\/\" \/>\n<meta property=\"og:site_name\" content=\"Tamme talu \u00fcrdiaed\" \/>\n<meta property=\"article:publisher\" content=\"https:\/\/www.facebook.com\/TammeTaluUrdiaed\/?locale=et_EE\" \/>\n<meta property=\"article:modified_time\" content=\"2026-04-24T08:07:53+00:00\" \/>\n<meta property=\"og:image\" content=\"https:\/\/tammetalu.eu\/wp-content\/uploads\/2022\/08\/rose-geranium-5.jpg\" \/>\n\t<meta property=\"og:image:width\" content=\"736\" \/>\n\t<meta property=\"og:image:height\" content=\"736\" \/>\n\t<meta property=\"og:image:type\" content=\"image\/jpeg\" \/>\n<meta name=\"twitter:card\" content=\"summary_large_image\" \/>\n<meta name=\"twitter:label1\" content=\"\u041f\u0440\u0438\u043c\u0435\u0440\u043d\u043e\u0435 \u0432\u0440\u0435\u043c\u044f \u0434\u043b\u044f \u0447\u0442\u0435\u043d\u0438\u044f\" \/>\n\t<meta name=\"twitter:data1\" content=\"1 \u043c\u0438\u043d\u0443\u0442\u0430\" \/>\n<script type=\"application\/ld+json\" class=\"yoast-schema-graph\">{\"@context\":\"https:\/\/schema.org\",\"@graph\":[{\"@type\":\"WebPage\",\"@id\":\"https:\/\/tammetalu.eu\/toode\/lohnapelargoon-moskitoschoker\/\",\"url\":\"https:\/\/tammetalu.eu\/toode\/lohnapelargoon-moskitoschoker\/\",\"name\":\"L\u00f5hnapelargoon \\\"Moskitoschoker\\\" - Tamme talu \u00fcrdiaed\",\"isPartOf\":{\"@id\":\"https:\/\/tammetalu.eu\/#website\"},\"primaryImageOfPage\":{\"@id\":\"https:\/\/tammetalu.eu\/toode\/lohnapelargoon-moskitoschoker\/#primaryimage\"},\"image\":{\"@id\":\"https:\/\/tammetalu.eu\/toode\/lohnapelargoon-moskitoschoker\/#primaryimage\"},\"thumbnailUrl\":\"https:\/\/tammetalu.eu\/wp-content\/uploads\/2022\/08\/rose-geranium-5.jpg\",\"datePublished\":\"2023-04-10T20:20:25+00:00\",\"dateModified\":\"2026-04-24T08:07:53+00:00\",\"description\":\"Sidrunil\u00f5hnalisi l\u00f5hnapelargooni lehti kasutatakse kala- ja\u00a0 magusroogade, jookide ja k\u00fcpsetiste maitsestamiseks. Lehtede aromaatne l\u00f5hn leevendab stressi.\",\"breadcrumb\":{\"@id\":\"https:\/\/tammetalu.eu\/toode\/lohnapelargoon-moskitoschoker\/#breadcrumb\"},\"inLanguage\":\"ru-RU\",\"potentialAction\":[{\"@type\":\"ReadAction\",\"target\":[\"https:\/\/tammetalu.eu\/toode\/lohnapelargoon-moskitoschoker\/\"]}]},{\"@type\":\"ImageObject\",\"inLanguage\":\"ru-RU\",\"@id\":\"https:\/\/tammetalu.eu\/toode\/lohnapelargoon-moskitoschoker\/#primaryimage\",\"url\":\"https:\/\/tammetalu.eu\/wp-content\/uploads\/2022\/08\/rose-geranium-5.jpg\",\"contentUrl\":\"https:\/\/tammetalu.eu\/wp-content\/uploads\/2022\/08\/rose-geranium-5.jpg\",\"width\":736,\"height\":736,\"caption\":\"l\u00f5hnapelargoon\"},{\"@type\":\"BreadcrumbList\",\"@id\":\"https:\/\/tammetalu.eu\/toode\/lohnapelargoon-moskitoschoker\/#breadcrumb\",\"itemListElement\":[{\"@type\":\"ListItem\",\"position\":1,\"name\":\"Home\",\"item\":\"https:\/\/tammetalu.eu\/ru\/esileht-rus\/\"},{\"@type\":\"ListItem\",\"position\":2,\"name\":\"\u041c\u0430\u0433\u0430\u0437\u0438\u043d\",\"item\":\"https:\/\/tammetalu.eu\/ru\/%d0%bc%d0%b0%d0%b3%d0%b0%d0%b7%d0%b8%d0%bd\/\"},{\"@type\":\"ListItem\",\"position\":3,\"name\":\"L\u00f5hnapelargoon &#8220;Moskitoschoker&#8221;\"}]},{\"@type\":\"WebSite\",\"@id\":\"https:\/\/tammetalu.eu\/#website\",\"url\":\"https:\/\/tammetalu.eu\/\",\"name\":\"Tamme talu \u00fcrdiaed\",\"description\":\"K\u00e4sit\u00f6\u00f6na valmistatud tooted \u00fcrtidest, \u00fcrdiistikud, \u00fcrtide kollektsioonaed\",\"publisher\":{\"@id\":\"https:\/\/tammetalu.eu\/#organization\"},\"alternateName\":\"Tamme talu\",\"potentialAction\":[{\"@type\":\"SearchAction\",\"target\":{\"@type\":\"EntryPoint\",\"urlTemplate\":\"https:\/\/tammetalu.eu\/?s={search_term_string}\"},\"query-input\":{\"@type\":\"PropertyValueSpecification\",\"valueRequired\":true,\"valueName\":\"search_term_string\"}}],\"inLanguage\":\"ru-RU\"},{\"@type\":\"Organization\",\"@id\":\"https:\/\/tammetalu.eu\/#organization\",\"name\":\"Tamme talu \u00fcrdiaed\",\"alternateName\":\"Tamme talu\",\"url\":\"https:\/\/tammetalu.eu\/\",\"logo\":{\"@type\":\"ImageObject\",\"inLanguage\":\"ru-RU\",\"@id\":\"https:\/\/tammetalu.eu\/#\/schema\/logo\/image\/\",\"url\":\"https:\/\/tammetalu.eu\/wp-content\/uploads\/2025\/01\/Tamme_talu_urdiaed.png\",\"contentUrl\":\"https:\/\/tammetalu.eu\/wp-content\/uploads\/2025\/01\/Tamme_talu_urdiaed.png\",\"width\":560,\"height\":560,\"caption\":\"Tamme talu \u00fcrdiaed\"},\"image\":{\"@id\":\"https:\/\/tammetalu.eu\/#\/schema\/logo\/image\/\"},\"sameAs\":[\"https:\/\/www.facebook.com\/TammeTaluUrdiaed\/?locale=et_EE\",\"https:\/\/www.instagram.com\/tammetaluurdiaed\/\"]}]}<\/script>\n<!-- \/ Yoast SEO plugin. -->","yoast_head_json":{"title":"L\u00f5hnapelargoon \"Moskitoschoker\" - Tamme talu \u00fcrdiaed","description":"Sidrunil\u00f5hnalisi l\u00f5hnapelargooni lehti kasutatakse kala- ja\u00a0 magusroogade, jookide ja k\u00fcpsetiste maitsestamiseks. Lehtede aromaatne l\u00f5hn leevendab stressi.","robots":{"index":"index","follow":"follow","max-snippet":"max-snippet:-1","max-image-preview":"max-image-preview:large","max-video-preview":"max-video-preview:-1"},"canonical":"https:\/\/tammetalu.eu\/toode\/lohnapelargoon-moskitoschoker\/","og_locale":"ru_RU","og_type":"article","og_title":"L\u00f5hnapelargoon \"Moskitoschoker\" - Tamme talu \u00fcrdiaed","og_description":"Sidrunil\u00f5hnalisi l\u00f5hnapelargooni lehti kasutatakse kala- ja\u00a0 magusroogade, jookide ja k\u00fcpsetiste maitsestamiseks. Lehtede aromaatne l\u00f5hn leevendab stressi.","og_url":"https:\/\/tammetalu.eu\/toode\/lohnapelargoon-moskitoschoker\/","og_site_name":"Tamme talu \u00fcrdiaed","article_publisher":"https:\/\/www.facebook.com\/TammeTaluUrdiaed\/?locale=et_EE","article_modified_time":"2026-04-24T08:07:53+00:00","og_image":[{"width":736,"height":736,"url":"https:\/\/tammetalu.eu\/wp-content\/uploads\/2022\/08\/rose-geranium-5.jpg","type":"image\/jpeg"}],"twitter_card":"summary_large_image","twitter_misc":{"\u041f\u0440\u0438\u043c\u0435\u0440\u043d\u043e\u0435 \u0432\u0440\u0435\u043c\u044f \u0434\u043b\u044f \u0447\u0442\u0435\u043d\u0438\u044f":"1 \u043c\u0438\u043d\u0443\u0442\u0430"},"schema":{"@context":"https:\/\/schema.org","@graph":[{"@type":"WebPage","@id":"https:\/\/tammetalu.eu\/toode\/lohnapelargoon-moskitoschoker\/","url":"https:\/\/tammetalu.eu\/toode\/lohnapelargoon-moskitoschoker\/","name":"L\u00f5hnapelargoon \"Moskitoschoker\" - Tamme talu \u00fcrdiaed","isPartOf":{"@id":"https:\/\/tammetalu.eu\/#website"},"primaryImageOfPage":{"@id":"https:\/\/tammetalu.eu\/toode\/lohnapelargoon-moskitoschoker\/#primaryimage"},"image":{"@id":"https:\/\/tammetalu.eu\/toode\/lohnapelargoon-moskitoschoker\/#primaryimage"},"thumbnailUrl":"https:\/\/tammetalu.eu\/wp-content\/uploads\/2022\/08\/rose-geranium-5.jpg","datePublished":"2023-04-10T20:20:25+00:00","dateModified":"2026-04-24T08:07:53+00:00","description":"Sidrunil\u00f5hnalisi l\u00f5hnapelargooni lehti kasutatakse kala- ja\u00a0 magusroogade, jookide ja k\u00fcpsetiste maitsestamiseks. Lehtede aromaatne l\u00f5hn leevendab stressi.","breadcrumb":{"@id":"https:\/\/tammetalu.eu\/toode\/lohnapelargoon-moskitoschoker\/#breadcrumb"},"inLanguage":"ru-RU","potentialAction":[{"@type":"ReadAction","target":["https:\/\/tammetalu.eu\/toode\/lohnapelargoon-moskitoschoker\/"]}]},{"@type":"ImageObject","inLanguage":"ru-RU","@id":"https:\/\/tammetalu.eu\/toode\/lohnapelargoon-moskitoschoker\/#primaryimage","url":"https:\/\/tammetalu.eu\/wp-content\/uploads\/2022\/08\/rose-geranium-5.jpg","contentUrl":"https:\/\/tammetalu.eu\/wp-content\/uploads\/2022\/08\/rose-geranium-5.jpg","width":736,"height":736,"caption":"l\u00f5hnapelargoon"},{"@type":"BreadcrumbList","@id":"https:\/\/tammetalu.eu\/toode\/lohnapelargoon-moskitoschoker\/#breadcrumb","itemListElement":[{"@type":"ListItem","position":1,"name":"Home","item":"https:\/\/tammetalu.eu\/ru\/esileht-rus\/"},{"@type":"ListItem","position":2,"name":"\u041c\u0430\u0433\u0430\u0437\u0438\u043d","item":"https:\/\/tammetalu.eu\/ru\/%d0%bc%d0%b0%d0%b3%d0%b0%d0%b7%d0%b8%d0%bd\/"},{"@type":"ListItem","position":3,"name":"L\u00f5hnapelargoon &#8220;Moskitoschoker&#8221;"}]},{"@type":"WebSite","@id":"https:\/\/tammetalu.eu\/#website","url":"https:\/\/tammetalu.eu\/","name":"Tamme talu \u00fcrdiaed","description":"K\u00e4sit\u00f6\u00f6na valmistatud tooted \u00fcrtidest, \u00fcrdiistikud, \u00fcrtide kollektsioonaed","publisher":{"@id":"https:\/\/tammetalu.eu\/#organization"},"alternateName":"Tamme talu","potentialAction":[{"@type":"SearchAction","target":{"@type":"EntryPoint","urlTemplate":"https:\/\/tammetalu.eu\/?s={search_term_string}"},"query-input":{"@type":"PropertyValueSpecification","valueRequired":true,"valueName":"search_term_string"}}],"inLanguage":"ru-RU"},{"@type":"Organization","@id":"https:\/\/tammetalu.eu\/#organization","name":"Tamme talu \u00fcrdiaed","alternateName":"Tamme talu","url":"https:\/\/tammetalu.eu\/","logo":{"@type":"ImageObject","inLanguage":"ru-RU","@id":"https:\/\/tammetalu.eu\/#\/schema\/logo\/image\/","url":"https:\/\/tammetalu.eu\/wp-content\/uploads\/2025\/01\/Tamme_talu_urdiaed.png","contentUrl":"https:\/\/tammetalu.eu\/wp-content\/uploads\/2025\/01\/Tamme_talu_urdiaed.png","width":560,"height":560,"caption":"Tamme talu \u00fcrdiaed"},"image":{"@id":"https:\/\/tammetalu.eu\/#\/schema\/logo\/image\/"},"sameAs":["https:\/\/www.facebook.com\/TammeTaluUrdiaed\/?locale=et_EE","https:\/\/www.instagram.com\/tammetaluurdiaed\/"]}]}},"_links":{"self":[{"href":"https:\/\/tammetalu.eu\/ru\/wp-json\/wp\/v2\/product\/17568","targetHints":{"allow":["GET"]}}],"collection":[{"href":"https:\/\/tammetalu.eu\/ru\/wp-json\/wp\/v2\/product"}],"about":[{"href":"https:\/\/tammetalu.eu\/ru\/wp-json\/wp\/v2\/types\/product"}],"wp:featuredmedia":[{"embeddable":true,"href":"https:\/\/tammetalu.eu\/ru\/wp-json\/wp\/v2\/media\/16021"}],"wp:attachment":[{"href":"https:\/\/tammetalu.eu\/ru\/wp-json\/wp\/v2\/media?parent=17568"}],"wp:term":[{"taxonomy":"product_brand","embeddable":true,"href":"https:\/\/tammetalu.eu\/ru\/wp-json\/wp\/v2\/product_brand?post=17568"},{"taxonomy":"product_cat","embeddable":true,"href":"https:\/\/tammetalu.eu\/ru\/wp-json\/wp\/v2\/product_cat?post=17568"},{"taxonomy":"product_tag","embeddable":true,"href":"https:\/\/tammetalu.eu\/ru\/wp-json\/wp\/v2\/product_tag?post=17568"}],"curies":[{"name":"wp","href":"https:\/\/api.w.org\/{rel}","templated":true}]}}