{"id":17821,"date":"2023-04-11T19:40:26","date_gmt":"2023-04-11T16:40:26","guid":{"rendered":"https:\/\/tammetalu.eu\/?post_type=product&#038;p=17821"},"modified":"2026-05-04T08:49:34","modified_gmt":"2026-05-04T05:49:34","slug":"mugullauk-2","status":"publish","type":"product","link":"https:\/\/tammetalu.eu\/ru\/toode\/mugullauk-2\/","title":{"rendered":"Mugullauk"},"content":{"rendered":"","protected":false},"excerpt":{"rendered":"<p><em>Allium tuberosum<\/em><\/p>\n<p>Rihmjate roheliste mahlaste lehtede ja valgete \u00f5isikutega v\u00e4ga talvekindel ja dekoratiivne p\u00fcsik, mis v\u00f5ib kasvada \u00fchel kasvukohal aastaid. Kompaktse puhma k\u00f5rgus umbes 50-70 cm. Ei ole aias esimene kevadine salatitaim, kuna lehed alustavad kasvu alates aprilli l\u00f5pust, kuid \u00fcks viimaseid, millelt veel s\u00fcgisel mahlaseid lehti saab noppida ja mille \u00f5iteilu saab nautida. \u00d5itseb rikkalikult alates augusti algusest kuni s\u00fcgisk\u00fclmadeni. Kasvamiseks vajab parasniisket viljakat mulda.\u00a0 Mugullaugu lehed on mahlased ja tarvitamisk\u00f5lblikud terve hooaja jooksul. Taime \u00f5ied ja pungad on samuti s\u00f6\u00f6davad. Mugullauku saab edukalt kasvatada potitaimena. Sellisel juhul peaks poti l\u00e4bim\u00f5\u00f5t olema v\u00e4hemalt 30 cm.\u00a0 Paljundada saab mugullauku jagamise v\u00f5i seemnetega. Lehed maitselt mahedad, veidi k\u00fc\u00fcslaugused. V\u00e4rskete lehtede s\u00f6\u00f6misel ei j\u00e4\u00e4 suhu k\u00fc\u00fcslaugu l\u00f5hna. Lehed on mugullaugul v\u00e4ga vitamiinirikkad. Sobib v\u00e4rskelt salatitesse ja v\u00f5ileivale, vokkimiseks, kastmetesse ja pirukate t\u00e4idistesse.<\/p>\n","protected":false},"featured_media":17822,"template":"","meta":{"_acf_changed":false,"_et_pb_use_builder":"","_et_pb_old_content":"","_et_gb_content_width":"","inline_featured_image":false},"product_brand":[],"product_cat":[201,186,203,247],"product_tag":[],"class_list":{"0":"post-17821","1":"product","2":"type-product","3":"status-publish","4":"has-post-thumbnail","6":"product_cat-laugud","7":"product_cat-maitse-ja-ravimtaimede-istikud","8":"product_cat-ponevad-koogiviljad","9":"product_cat-rohenappude-lemmikud","11":"first","12":"instock","13":"taxable","14":"shipping-taxable","15":"purchasable","16":"product-type-simple"},"acf":[],"yoast_head":"<!-- This site is optimized with the Yoast SEO plugin v27.5 - https:\/\/yoast.com\/product\/yoast-seo-wordpress\/ -->\n<title>Mugullauk - Tamme talu \u00fcrdiaed<\/title>\n<meta name=\"robots\" content=\"index, follow, max-snippet:-1, max-image-preview:large, max-video-preview:-1\" \/>\n<link rel=\"canonical\" href=\"https:\/\/tammetalu.eu\/toode\/mugullauk-2\/\" \/>\n<meta property=\"og:locale\" content=\"ru_RU\" \/>\n<meta property=\"og:type\" content=\"article\" \/>\n<meta property=\"og:title\" content=\"Mugullauk - Tamme talu \u00fcrdiaed\" \/>\n<meta property=\"og:description\" content=\"Allium tuberosum  Rihmjate roheliste mahlaste lehtede ja valgete \u00f5isikutega v\u00e4ga talvekindel ja dekoratiivne p\u00fcsik, mis v\u00f5ib kasvada \u00fchel kasvukohal aastaid. Kompaktse puhma k\u00f5rgus umbes 50-70 cm. Ei ole aias esimene kevadine salatitaim, kuna lehed alustavad kasvu alates aprilli l\u00f5pust, kuid \u00fcks viimaseid, millelt veel s\u00fcgisel mahlaseid lehti saab noppida ja mille \u00f5iteilu saab nautida. \u00d5itseb rikkalikult alates augusti algusest kuni s\u00fcgisk\u00fclmadeni. Kasvamiseks vajab parasniisket viljakat mulda.\u00a0 Mugullaugu lehed on mahlased ja tarvitamisk\u00f5lblikud terve hooaja jooksul. Taime \u00f5ied ja pungad on samuti s\u00f6\u00f6davad. Mugullauku saab edukalt kasvatada potitaimena. Sellisel juhul peaks poti l\u00e4bim\u00f5\u00f5t olema v\u00e4hemalt 30 cm.\u00a0 Paljundada saab mugullauku jagamise v\u00f5i seemnetega. Lehed maitselt mahedad, veidi k\u00fc\u00fcslaugused. V\u00e4rskete lehtede s\u00f6\u00f6misel ei j\u00e4\u00e4 suhu k\u00fc\u00fcslaugu l\u00f5hna. Lehed on mugullaugul v\u00e4ga vitamiinirikkad. Sobib v\u00e4rskelt salatitesse ja v\u00f5ileivale, vokkimiseks, kastmetesse ja pirukate t\u00e4idistesse.\" \/>\n<meta property=\"og:url\" content=\"https:\/\/tammetalu.eu\/toode\/mugullauk-2\/\" \/>\n<meta property=\"og:site_name\" content=\"Tamme talu \u00fcrdiaed\" \/>\n<meta property=\"article:publisher\" content=\"https:\/\/www.facebook.com\/TammeTaluUrdiaed\/?locale=et_EE\" \/>\n<meta property=\"article:modified_time\" content=\"2026-05-04T05:49:34+00:00\" \/>\n<meta property=\"og:image\" content=\"https:\/\/tammetalu.eu\/wp-content\/uploads\/2023\/04\/Mugullauk-Allium-tuberosum-tamme-talu-urdiaed.jpg\" \/>\n\t<meta property=\"og:image:width\" content=\"940\" \/>\n\t<meta property=\"og:image:height\" content=\"940\" \/>\n\t<meta property=\"og:image:type\" content=\"image\/jpeg\" \/>\n<meta name=\"twitter:card\" content=\"summary_large_image\" \/>\n<script type=\"application\/ld+json\" class=\"yoast-schema-graph\">{\"@context\":\"https:\\\/\\\/schema.org\",\"@graph\":[{\"@type\":\"WebPage\",\"@id\":\"https:\\\/\\\/tammetalu.eu\\\/toode\\\/mugullauk-2\\\/\",\"url\":\"https:\\\/\\\/tammetalu.eu\\\/toode\\\/mugullauk-2\\\/\",\"name\":\"Mugullauk - Tamme talu \u00fcrdiaed\",\"isPartOf\":{\"@id\":\"https:\\\/\\\/tammetalu.eu\\\/#website\"},\"primaryImageOfPage\":{\"@id\":\"https:\\\/\\\/tammetalu.eu\\\/toode\\\/mugullauk-2\\\/#primaryimage\"},\"image\":{\"@id\":\"https:\\\/\\\/tammetalu.eu\\\/toode\\\/mugullauk-2\\\/#primaryimage\"},\"thumbnailUrl\":\"https:\\\/\\\/tammetalu.eu\\\/wp-content\\\/uploads\\\/2023\\\/04\\\/Mugullauk-Allium-tuberosum-tamme-talu-urdiaed.jpg\",\"datePublished\":\"2023-04-11T16:40:26+00:00\",\"dateModified\":\"2026-05-04T05:49:34+00:00\",\"breadcrumb\":{\"@id\":\"https:\\\/\\\/tammetalu.eu\\\/toode\\\/mugullauk-2\\\/#breadcrumb\"},\"inLanguage\":\"ru-RU\",\"potentialAction\":[{\"@type\":\"ReadAction\",\"target\":[\"https:\\\/\\\/tammetalu.eu\\\/toode\\\/mugullauk-2\\\/\"]}]},{\"@type\":\"ImageObject\",\"inLanguage\":\"ru-RU\",\"@id\":\"https:\\\/\\\/tammetalu.eu\\\/toode\\\/mugullauk-2\\\/#primaryimage\",\"url\":\"https:\\\/\\\/tammetalu.eu\\\/wp-content\\\/uploads\\\/2023\\\/04\\\/Mugullauk-Allium-tuberosum-tamme-talu-urdiaed.jpg\",\"contentUrl\":\"https:\\\/\\\/tammetalu.eu\\\/wp-content\\\/uploads\\\/2023\\\/04\\\/Mugullauk-Allium-tuberosum-tamme-talu-urdiaed.jpg\",\"width\":940,\"height\":940,\"caption\":\"Mugullauk-Allium-tuberosum-tamme-talu-urdiaed\"},{\"@type\":\"BreadcrumbList\",\"@id\":\"https:\\\/\\\/tammetalu.eu\\\/toode\\\/mugullauk-2\\\/#breadcrumb\",\"itemListElement\":[{\"@type\":\"ListItem\",\"position\":1,\"name\":\"Home\",\"item\":\"https:\\\/\\\/tammetalu.eu\\\/ru\\\/esileht-rus\\\/\"},{\"@type\":\"ListItem\",\"position\":2,\"name\":\"\u041c\u0430\u0433\u0430\u0437\u0438\u043d\",\"item\":\"https:\\\/\\\/tammetalu.eu\\\/ru\\\/%d0%bc%d0%b0%d0%b3%d0%b0%d0%b7%d0%b8%d0%bd\\\/\"},{\"@type\":\"ListItem\",\"position\":3,\"name\":\"Mugullauk\"}]},{\"@type\":\"WebSite\",\"@id\":\"https:\\\/\\\/tammetalu.eu\\\/#website\",\"url\":\"https:\\\/\\\/tammetalu.eu\\\/\",\"name\":\"Tamme talu \u00fcrdiaed\",\"description\":\"K\u00e4sit\u00f6\u00f6na valmistatud tooted \u00fcrtidest, \u00fcrdiistikud, \u00fcrtide kollektsioonaed\",\"publisher\":{\"@id\":\"https:\\\/\\\/tammetalu.eu\\\/#organization\"},\"alternateName\":\"Tamme talu\",\"potentialAction\":[{\"@type\":\"SearchAction\",\"target\":{\"@type\":\"EntryPoint\",\"urlTemplate\":\"https:\\\/\\\/tammetalu.eu\\\/?s={search_term_string}\"},\"query-input\":{\"@type\":\"PropertyValueSpecification\",\"valueRequired\":true,\"valueName\":\"search_term_string\"}}],\"inLanguage\":\"ru-RU\"},{\"@type\":\"Organization\",\"@id\":\"https:\\\/\\\/tammetalu.eu\\\/#organization\",\"name\":\"Tamme talu \u00fcrdiaed\",\"alternateName\":\"Tamme talu\",\"url\":\"https:\\\/\\\/tammetalu.eu\\\/\",\"logo\":{\"@type\":\"ImageObject\",\"inLanguage\":\"ru-RU\",\"@id\":\"https:\\\/\\\/tammetalu.eu\\\/#\\\/schema\\\/logo\\\/image\\\/\",\"url\":\"https:\\\/\\\/tammetalu.eu\\\/wp-content\\\/uploads\\\/2025\\\/01\\\/Tamme_talu_urdiaed.png\",\"contentUrl\":\"https:\\\/\\\/tammetalu.eu\\\/wp-content\\\/uploads\\\/2025\\\/01\\\/Tamme_talu_urdiaed.png\",\"width\":560,\"height\":560,\"caption\":\"Tamme talu \u00fcrdiaed\"},\"image\":{\"@id\":\"https:\\\/\\\/tammetalu.eu\\\/#\\\/schema\\\/logo\\\/image\\\/\"},\"sameAs\":[\"https:\\\/\\\/www.facebook.com\\\/TammeTaluUrdiaed\\\/?locale=et_EE\",\"https:\\\/\\\/www.instagram.com\\\/tammetaluurdiaed\\\/\"]}]}<\/script>\n<!-- \/ Yoast SEO plugin. -->","yoast_head_json":{"title":"Mugullauk - Tamme talu \u00fcrdiaed","robots":{"index":"index","follow":"follow","max-snippet":"max-snippet:-1","max-image-preview":"max-image-preview:large","max-video-preview":"max-video-preview:-1"},"canonical":"https:\/\/tammetalu.eu\/toode\/mugullauk-2\/","og_locale":"ru_RU","og_type":"article","og_title":"Mugullauk - Tamme talu \u00fcrdiaed","og_description":"Allium tuberosum  Rihmjate roheliste mahlaste lehtede ja valgete \u00f5isikutega v\u00e4ga talvekindel ja dekoratiivne p\u00fcsik, mis v\u00f5ib kasvada \u00fchel kasvukohal aastaid. Kompaktse puhma k\u00f5rgus umbes 50-70 cm. Ei ole aias esimene kevadine salatitaim, kuna lehed alustavad kasvu alates aprilli l\u00f5pust, kuid \u00fcks viimaseid, millelt veel s\u00fcgisel mahlaseid lehti saab noppida ja mille \u00f5iteilu saab nautida. \u00d5itseb rikkalikult alates augusti algusest kuni s\u00fcgisk\u00fclmadeni. Kasvamiseks vajab parasniisket viljakat mulda.\u00a0 Mugullaugu lehed on mahlased ja tarvitamisk\u00f5lblikud terve hooaja jooksul. Taime \u00f5ied ja pungad on samuti s\u00f6\u00f6davad. Mugullauku saab edukalt kasvatada potitaimena. Sellisel juhul peaks poti l\u00e4bim\u00f5\u00f5t olema v\u00e4hemalt 30 cm.\u00a0 Paljundada saab mugullauku jagamise v\u00f5i seemnetega. Lehed maitselt mahedad, veidi k\u00fc\u00fcslaugused. V\u00e4rskete lehtede s\u00f6\u00f6misel ei j\u00e4\u00e4 suhu k\u00fc\u00fcslaugu l\u00f5hna. Lehed on mugullaugul v\u00e4ga vitamiinirikkad. Sobib v\u00e4rskelt salatitesse ja v\u00f5ileivale, vokkimiseks, kastmetesse ja pirukate t\u00e4idistesse.","og_url":"https:\/\/tammetalu.eu\/toode\/mugullauk-2\/","og_site_name":"Tamme talu \u00fcrdiaed","article_publisher":"https:\/\/www.facebook.com\/TammeTaluUrdiaed\/?locale=et_EE","article_modified_time":"2026-05-04T05:49:34+00:00","og_image":[{"width":940,"height":940,"url":"https:\/\/tammetalu.eu\/wp-content\/uploads\/2023\/04\/Mugullauk-Allium-tuberosum-tamme-talu-urdiaed.jpg","type":"image\/jpeg"}],"twitter_card":"summary_large_image","schema":{"@context":"https:\/\/schema.org","@graph":[{"@type":"WebPage","@id":"https:\/\/tammetalu.eu\/toode\/mugullauk-2\/","url":"https:\/\/tammetalu.eu\/toode\/mugullauk-2\/","name":"Mugullauk - Tamme talu \u00fcrdiaed","isPartOf":{"@id":"https:\/\/tammetalu.eu\/#website"},"primaryImageOfPage":{"@id":"https:\/\/tammetalu.eu\/toode\/mugullauk-2\/#primaryimage"},"image":{"@id":"https:\/\/tammetalu.eu\/toode\/mugullauk-2\/#primaryimage"},"thumbnailUrl":"https:\/\/tammetalu.eu\/wp-content\/uploads\/2023\/04\/Mugullauk-Allium-tuberosum-tamme-talu-urdiaed.jpg","datePublished":"2023-04-11T16:40:26+00:00","dateModified":"2026-05-04T05:49:34+00:00","breadcrumb":{"@id":"https:\/\/tammetalu.eu\/toode\/mugullauk-2\/#breadcrumb"},"inLanguage":"ru-RU","potentialAction":[{"@type":"ReadAction","target":["https:\/\/tammetalu.eu\/toode\/mugullauk-2\/"]}]},{"@type":"ImageObject","inLanguage":"ru-RU","@id":"https:\/\/tammetalu.eu\/toode\/mugullauk-2\/#primaryimage","url":"https:\/\/tammetalu.eu\/wp-content\/uploads\/2023\/04\/Mugullauk-Allium-tuberosum-tamme-talu-urdiaed.jpg","contentUrl":"https:\/\/tammetalu.eu\/wp-content\/uploads\/2023\/04\/Mugullauk-Allium-tuberosum-tamme-talu-urdiaed.jpg","width":940,"height":940,"caption":"Mugullauk-Allium-tuberosum-tamme-talu-urdiaed"},{"@type":"BreadcrumbList","@id":"https:\/\/tammetalu.eu\/toode\/mugullauk-2\/#breadcrumb","itemListElement":[{"@type":"ListItem","position":1,"name":"Home","item":"https:\/\/tammetalu.eu\/ru\/esileht-rus\/"},{"@type":"ListItem","position":2,"name":"\u041c\u0430\u0433\u0430\u0437\u0438\u043d","item":"https:\/\/tammetalu.eu\/ru\/%d0%bc%d0%b0%d0%b3%d0%b0%d0%b7%d0%b8%d0%bd\/"},{"@type":"ListItem","position":3,"name":"Mugullauk"}]},{"@type":"WebSite","@id":"https:\/\/tammetalu.eu\/#website","url":"https:\/\/tammetalu.eu\/","name":"Tamme talu \u00fcrdiaed","description":"K\u00e4sit\u00f6\u00f6na valmistatud tooted \u00fcrtidest, \u00fcrdiistikud, \u00fcrtide kollektsioonaed","publisher":{"@id":"https:\/\/tammetalu.eu\/#organization"},"alternateName":"Tamme talu","potentialAction":[{"@type":"SearchAction","target":{"@type":"EntryPoint","urlTemplate":"https:\/\/tammetalu.eu\/?s={search_term_string}"},"query-input":{"@type":"PropertyValueSpecification","valueRequired":true,"valueName":"search_term_string"}}],"inLanguage":"ru-RU"},{"@type":"Organization","@id":"https:\/\/tammetalu.eu\/#organization","name":"Tamme talu \u00fcrdiaed","alternateName":"Tamme talu","url":"https:\/\/tammetalu.eu\/","logo":{"@type":"ImageObject","inLanguage":"ru-RU","@id":"https:\/\/tammetalu.eu\/#\/schema\/logo\/image\/","url":"https:\/\/tammetalu.eu\/wp-content\/uploads\/2025\/01\/Tamme_talu_urdiaed.png","contentUrl":"https:\/\/tammetalu.eu\/wp-content\/uploads\/2025\/01\/Tamme_talu_urdiaed.png","width":560,"height":560,"caption":"Tamme talu \u00fcrdiaed"},"image":{"@id":"https:\/\/tammetalu.eu\/#\/schema\/logo\/image\/"},"sameAs":["https:\/\/www.facebook.com\/TammeTaluUrdiaed\/?locale=et_EE","https:\/\/www.instagram.com\/tammetaluurdiaed\/"]}]}},"_links":{"self":[{"href":"https:\/\/tammetalu.eu\/ru\/wp-json\/wp\/v2\/product\/17821","targetHints":{"allow":["GET"]}}],"collection":[{"href":"https:\/\/tammetalu.eu\/ru\/wp-json\/wp\/v2\/product"}],"about":[{"href":"https:\/\/tammetalu.eu\/ru\/wp-json\/wp\/v2\/types\/product"}],"wp:featuredmedia":[{"embeddable":true,"href":"https:\/\/tammetalu.eu\/ru\/wp-json\/wp\/v2\/media\/17822"}],"wp:attachment":[{"href":"https:\/\/tammetalu.eu\/ru\/wp-json\/wp\/v2\/media?parent=17821"}],"wp:term":[{"taxonomy":"product_brand","embeddable":true,"href":"https:\/\/tammetalu.eu\/ru\/wp-json\/wp\/v2\/product_brand?post=17821"},{"taxonomy":"product_cat","embeddable":true,"href":"https:\/\/tammetalu.eu\/ru\/wp-json\/wp\/v2\/product_cat?post=17821"},{"taxonomy":"product_tag","embeddable":true,"href":"https:\/\/tammetalu.eu\/ru\/wp-json\/wp\/v2\/product_tag?post=17821"}],"curies":[{"name":"wp","href":"https:\/\/api.w.org\/{rel}","templated":true}]}}