{"id":17847,"date":"2023-04-11T20:29:31","date_gmt":"2023-04-11T17:29:31","guid":{"rendered":"https:\/\/tammetalu.eu\/?post_type=product&#038;p=17847"},"modified":"2026-02-02T15:14:45","modified_gmt":"2026-02-02T13:14:45","slug":"ohhoota-lauk","status":"publish","type":"product","link":"https:\/\/tammetalu.eu\/ru\/toode\/ohhoota-lauk\/","title":{"rendered":"Ohhoota lauk"},"content":{"rendered":"","protected":false},"excerpt":{"rendered":"<p><em>Allium ochotense<\/em><\/p>\n<p>Ohhoota lauk on loodusliku laugu liik Ida-Aasiast. V\u00e4ga k\u00fclmakindel k\u00fc\u00fcslaugu maitseliste lehtedega maitse- ja ravimtaim. \u00d5itseb juunis heledate kollakate pallikujuliste \u00f5isikutega. Lehed on kogu kasvuhooaja jooksul rohelised ja need maitsevad\u00a0 sarnaselt karulaugule k\u00fc\u00fcslaugu j\u00e4rgi.\u00a0 Kasutatakse v\u00e4rskelt, kuivatatult, soolatult ja hapendatult.<\/p>\n<p>Kasvama sobib ohhoota lauk nii lillepeenrasse kui loodusaeda puude ja p\u00f5\u00f5saste alla. Vajab parasniisket viljakat mulda.<\/p>\n","protected":false},"featured_media":17848,"template":"","meta":{"_acf_changed":false,"_et_pb_use_builder":"","_et_pb_old_content":"","_et_gb_content_width":"","inline_featured_image":false},"product_brand":[],"product_cat":[186,201,203],"product_tag":[],"class_list":{"0":"post-17847","1":"product","2":"type-product","3":"status-publish","4":"has-post-thumbnail","6":"product_cat-maitse-ja-ravimtaimede-istikud","7":"product_cat-laugud","8":"product_cat-ponevad-koogiviljad","10":"first","11":"outofstock","12":"sale","13":"taxable","14":"shipping-taxable","15":"purchasable","16":"product-type-simple"},"acf":[],"yoast_head":"<!-- This site is optimized with the Yoast SEO plugin v26.4 - https:\/\/yoast.com\/wordpress\/plugins\/seo\/ -->\n<title>Ohhoota lauk - Tamme talu \u00fcrdiaed<\/title>\n<meta name=\"robots\" content=\"index, follow, max-snippet:-1, max-image-preview:large, max-video-preview:-1\" \/>\n<link rel=\"canonical\" href=\"https:\/\/tammetalu.eu\/toode\/ohhoota-lauk\/\" \/>\n<meta property=\"og:locale\" content=\"ru_RU\" \/>\n<meta property=\"og:type\" content=\"article\" \/>\n<meta property=\"og:title\" content=\"Ohhoota lauk - Tamme talu \u00fcrdiaed\" \/>\n<meta property=\"og:description\" content=\"Allium ochotense  Ohhoota lauk on loodusliku laugu liik Ida-Aasiast. V\u00e4ga k\u00fclmakindel k\u00fc\u00fcslaugu maitseliste lehtedega maitse- ja ravimtaim. \u00d5itseb juunis heledate kollakate pallikujuliste \u00f5isikutega. Lehed on kogu kasvuhooaja jooksul rohelised ja need maitsevad\u00a0 sarnaselt karulaugule k\u00fc\u00fcslaugu j\u00e4rgi.\u00a0 Kasutatakse v\u00e4rskelt, kuivatatult, soolatult ja hapendatult.  Kasvama sobib ohhoota lauk nii lillepeenrasse kui loodusaeda puude ja p\u00f5\u00f5saste alla. Vajab parasniisket viljakat mulda.\" \/>\n<meta property=\"og:url\" content=\"https:\/\/tammetalu.eu\/toode\/ohhoota-lauk\/\" \/>\n<meta property=\"og:site_name\" content=\"Tamme talu \u00fcrdiaed\" \/>\n<meta property=\"article:publisher\" content=\"https:\/\/www.facebook.com\/TammeTaluUrdiaed\/?locale=et_EE\" \/>\n<meta property=\"article:modified_time\" content=\"2026-02-02T13:14:45+00:00\" \/>\n<meta property=\"og:image\" content=\"https:\/\/tammetalu.eu\/wp-content\/uploads\/2023\/04\/Ohhoota_lauk_Allium_ochotense_tamme_talu_urdiaed.jpg\" \/>\n\t<meta property=\"og:image:width\" content=\"1834\" \/>\n\t<meta property=\"og:image:height\" content=\"2446\" \/>\n\t<meta property=\"og:image:type\" content=\"image\/jpeg\" \/>\n<meta name=\"twitter:card\" content=\"summary_large_image\" \/>\n<script type=\"application\/ld+json\" class=\"yoast-schema-graph\">{\"@context\":\"https:\/\/schema.org\",\"@graph\":[{\"@type\":\"WebPage\",\"@id\":\"https:\/\/tammetalu.eu\/toode\/ohhoota-lauk\/\",\"url\":\"https:\/\/tammetalu.eu\/toode\/ohhoota-lauk\/\",\"name\":\"Ohhoota lauk - Tamme talu \u00fcrdiaed\",\"isPartOf\":{\"@id\":\"https:\/\/tammetalu.eu\/#website\"},\"primaryImageOfPage\":{\"@id\":\"https:\/\/tammetalu.eu\/toode\/ohhoota-lauk\/#primaryimage\"},\"image\":{\"@id\":\"https:\/\/tammetalu.eu\/toode\/ohhoota-lauk\/#primaryimage\"},\"thumbnailUrl\":\"https:\/\/tammetalu.eu\/wp-content\/uploads\/2023\/04\/Ohhoota_lauk_Allium_ochotense_tamme_talu_urdiaed.jpg\",\"datePublished\":\"2023-04-11T17:29:31+00:00\",\"dateModified\":\"2026-02-02T13:14:45+00:00\",\"breadcrumb\":{\"@id\":\"https:\/\/tammetalu.eu\/toode\/ohhoota-lauk\/#breadcrumb\"},\"inLanguage\":\"ru-RU\",\"potentialAction\":[{\"@type\":\"ReadAction\",\"target\":[\"https:\/\/tammetalu.eu\/toode\/ohhoota-lauk\/\"]}]},{\"@type\":\"ImageObject\",\"inLanguage\":\"ru-RU\",\"@id\":\"https:\/\/tammetalu.eu\/toode\/ohhoota-lauk\/#primaryimage\",\"url\":\"https:\/\/tammetalu.eu\/wp-content\/uploads\/2023\/04\/Ohhoota_lauk_Allium_ochotense_tamme_talu_urdiaed.jpg\",\"contentUrl\":\"https:\/\/tammetalu.eu\/wp-content\/uploads\/2023\/04\/Ohhoota_lauk_Allium_ochotense_tamme_talu_urdiaed.jpg\",\"width\":1834,\"height\":2446,\"caption\":\"Ohhoota_lauk_Allium_ochotense_tamme_talu_urdiaed\"},{\"@type\":\"BreadcrumbList\",\"@id\":\"https:\/\/tammetalu.eu\/toode\/ohhoota-lauk\/#breadcrumb\",\"itemListElement\":[{\"@type\":\"ListItem\",\"position\":1,\"name\":\"Home\",\"item\":\"https:\/\/tammetalu.eu\/ru\/esileht-rus\/\"},{\"@type\":\"ListItem\",\"position\":2,\"name\":\"\u041c\u0430\u0433\u0430\u0437\u0438\u043d\",\"item\":\"https:\/\/tammetalu.eu\/ru\/%d0%bc%d0%b0%d0%b3%d0%b0%d0%b7%d0%b8%d0%bd\/\"},{\"@type\":\"ListItem\",\"position\":3,\"name\":\"Ohhoota lauk\"}]},{\"@type\":\"WebSite\",\"@id\":\"https:\/\/tammetalu.eu\/#website\",\"url\":\"https:\/\/tammetalu.eu\/\",\"name\":\"Tamme talu \u00fcrdiaed\",\"description\":\"K\u00e4sit\u00f6\u00f6na valmistatud tooted \u00fcrtidest, \u00fcrdiistikud, \u00fcrtide kollektsioonaed\",\"publisher\":{\"@id\":\"https:\/\/tammetalu.eu\/#organization\"},\"alternateName\":\"Tamme talu\",\"potentialAction\":[{\"@type\":\"SearchAction\",\"target\":{\"@type\":\"EntryPoint\",\"urlTemplate\":\"https:\/\/tammetalu.eu\/?s={search_term_string}\"},\"query-input\":{\"@type\":\"PropertyValueSpecification\",\"valueRequired\":true,\"valueName\":\"search_term_string\"}}],\"inLanguage\":\"ru-RU\"},{\"@type\":\"Organization\",\"@id\":\"https:\/\/tammetalu.eu\/#organization\",\"name\":\"Tamme talu \u00fcrdiaed\",\"alternateName\":\"Tamme talu\",\"url\":\"https:\/\/tammetalu.eu\/\",\"logo\":{\"@type\":\"ImageObject\",\"inLanguage\":\"ru-RU\",\"@id\":\"https:\/\/tammetalu.eu\/#\/schema\/logo\/image\/\",\"url\":\"https:\/\/tammetalu.eu\/wp-content\/uploads\/2025\/01\/Tamme_talu_urdiaed.png\",\"contentUrl\":\"https:\/\/tammetalu.eu\/wp-content\/uploads\/2025\/01\/Tamme_talu_urdiaed.png\",\"width\":560,\"height\":560,\"caption\":\"Tamme talu \u00fcrdiaed\"},\"image\":{\"@id\":\"https:\/\/tammetalu.eu\/#\/schema\/logo\/image\/\"},\"sameAs\":[\"https:\/\/www.facebook.com\/TammeTaluUrdiaed\/?locale=et_EE\",\"https:\/\/www.instagram.com\/tammetaluurdiaed\/\"]}]}<\/script>\n<!-- \/ Yoast SEO plugin. -->","yoast_head_json":{"title":"Ohhoota lauk - Tamme talu \u00fcrdiaed","robots":{"index":"index","follow":"follow","max-snippet":"max-snippet:-1","max-image-preview":"max-image-preview:large","max-video-preview":"max-video-preview:-1"},"canonical":"https:\/\/tammetalu.eu\/toode\/ohhoota-lauk\/","og_locale":"ru_RU","og_type":"article","og_title":"Ohhoota lauk - Tamme talu \u00fcrdiaed","og_description":"Allium ochotense  Ohhoota lauk on loodusliku laugu liik Ida-Aasiast. V\u00e4ga k\u00fclmakindel k\u00fc\u00fcslaugu maitseliste lehtedega maitse- ja ravimtaim. \u00d5itseb juunis heledate kollakate pallikujuliste \u00f5isikutega. Lehed on kogu kasvuhooaja jooksul rohelised ja need maitsevad\u00a0 sarnaselt karulaugule k\u00fc\u00fcslaugu j\u00e4rgi.\u00a0 Kasutatakse v\u00e4rskelt, kuivatatult, soolatult ja hapendatult.  Kasvama sobib ohhoota lauk nii lillepeenrasse kui loodusaeda puude ja p\u00f5\u00f5saste alla. Vajab parasniisket viljakat mulda.","og_url":"https:\/\/tammetalu.eu\/toode\/ohhoota-lauk\/","og_site_name":"Tamme talu \u00fcrdiaed","article_publisher":"https:\/\/www.facebook.com\/TammeTaluUrdiaed\/?locale=et_EE","article_modified_time":"2026-02-02T13:14:45+00:00","og_image":[{"width":1834,"height":2446,"url":"https:\/\/tammetalu.eu\/wp-content\/uploads\/2023\/04\/Ohhoota_lauk_Allium_ochotense_tamme_talu_urdiaed.jpg","type":"image\/jpeg"}],"twitter_card":"summary_large_image","schema":{"@context":"https:\/\/schema.org","@graph":[{"@type":"WebPage","@id":"https:\/\/tammetalu.eu\/toode\/ohhoota-lauk\/","url":"https:\/\/tammetalu.eu\/toode\/ohhoota-lauk\/","name":"Ohhoota lauk - Tamme talu \u00fcrdiaed","isPartOf":{"@id":"https:\/\/tammetalu.eu\/#website"},"primaryImageOfPage":{"@id":"https:\/\/tammetalu.eu\/toode\/ohhoota-lauk\/#primaryimage"},"image":{"@id":"https:\/\/tammetalu.eu\/toode\/ohhoota-lauk\/#primaryimage"},"thumbnailUrl":"https:\/\/tammetalu.eu\/wp-content\/uploads\/2023\/04\/Ohhoota_lauk_Allium_ochotense_tamme_talu_urdiaed.jpg","datePublished":"2023-04-11T17:29:31+00:00","dateModified":"2026-02-02T13:14:45+00:00","breadcrumb":{"@id":"https:\/\/tammetalu.eu\/toode\/ohhoota-lauk\/#breadcrumb"},"inLanguage":"ru-RU","potentialAction":[{"@type":"ReadAction","target":["https:\/\/tammetalu.eu\/toode\/ohhoota-lauk\/"]}]},{"@type":"ImageObject","inLanguage":"ru-RU","@id":"https:\/\/tammetalu.eu\/toode\/ohhoota-lauk\/#primaryimage","url":"https:\/\/tammetalu.eu\/wp-content\/uploads\/2023\/04\/Ohhoota_lauk_Allium_ochotense_tamme_talu_urdiaed.jpg","contentUrl":"https:\/\/tammetalu.eu\/wp-content\/uploads\/2023\/04\/Ohhoota_lauk_Allium_ochotense_tamme_talu_urdiaed.jpg","width":1834,"height":2446,"caption":"Ohhoota_lauk_Allium_ochotense_tamme_talu_urdiaed"},{"@type":"BreadcrumbList","@id":"https:\/\/tammetalu.eu\/toode\/ohhoota-lauk\/#breadcrumb","itemListElement":[{"@type":"ListItem","position":1,"name":"Home","item":"https:\/\/tammetalu.eu\/ru\/esileht-rus\/"},{"@type":"ListItem","position":2,"name":"\u041c\u0430\u0433\u0430\u0437\u0438\u043d","item":"https:\/\/tammetalu.eu\/ru\/%d0%bc%d0%b0%d0%b3%d0%b0%d0%b7%d0%b8%d0%bd\/"},{"@type":"ListItem","position":3,"name":"Ohhoota lauk"}]},{"@type":"WebSite","@id":"https:\/\/tammetalu.eu\/#website","url":"https:\/\/tammetalu.eu\/","name":"Tamme talu \u00fcrdiaed","description":"K\u00e4sit\u00f6\u00f6na valmistatud tooted \u00fcrtidest, \u00fcrdiistikud, \u00fcrtide kollektsioonaed","publisher":{"@id":"https:\/\/tammetalu.eu\/#organization"},"alternateName":"Tamme talu","potentialAction":[{"@type":"SearchAction","target":{"@type":"EntryPoint","urlTemplate":"https:\/\/tammetalu.eu\/?s={search_term_string}"},"query-input":{"@type":"PropertyValueSpecification","valueRequired":true,"valueName":"search_term_string"}}],"inLanguage":"ru-RU"},{"@type":"Organization","@id":"https:\/\/tammetalu.eu\/#organization","name":"Tamme talu \u00fcrdiaed","alternateName":"Tamme talu","url":"https:\/\/tammetalu.eu\/","logo":{"@type":"ImageObject","inLanguage":"ru-RU","@id":"https:\/\/tammetalu.eu\/#\/schema\/logo\/image\/","url":"https:\/\/tammetalu.eu\/wp-content\/uploads\/2025\/01\/Tamme_talu_urdiaed.png","contentUrl":"https:\/\/tammetalu.eu\/wp-content\/uploads\/2025\/01\/Tamme_talu_urdiaed.png","width":560,"height":560,"caption":"Tamme talu \u00fcrdiaed"},"image":{"@id":"https:\/\/tammetalu.eu\/#\/schema\/logo\/image\/"},"sameAs":["https:\/\/www.facebook.com\/TammeTaluUrdiaed\/?locale=et_EE","https:\/\/www.instagram.com\/tammetaluurdiaed\/"]}]}},"_links":{"self":[{"href":"https:\/\/tammetalu.eu\/ru\/wp-json\/wp\/v2\/product\/17847","targetHints":{"allow":["GET"]}}],"collection":[{"href":"https:\/\/tammetalu.eu\/ru\/wp-json\/wp\/v2\/product"}],"about":[{"href":"https:\/\/tammetalu.eu\/ru\/wp-json\/wp\/v2\/types\/product"}],"wp:featuredmedia":[{"embeddable":true,"href":"https:\/\/tammetalu.eu\/ru\/wp-json\/wp\/v2\/media\/17848"}],"wp:attachment":[{"href":"https:\/\/tammetalu.eu\/ru\/wp-json\/wp\/v2\/media?parent=17847"}],"wp:term":[{"taxonomy":"product_brand","embeddable":true,"href":"https:\/\/tammetalu.eu\/ru\/wp-json\/wp\/v2\/product_brand?post=17847"},{"taxonomy":"product_cat","embeddable":true,"href":"https:\/\/tammetalu.eu\/ru\/wp-json\/wp\/v2\/product_cat?post=17847"},{"taxonomy":"product_tag","embeddable":true,"href":"https:\/\/tammetalu.eu\/ru\/wp-json\/wp\/v2\/product_tag?post=17847"}],"curies":[{"name":"wp","href":"https:\/\/api.w.org\/{rel}","templated":true}]}}