{"id":17958,"date":"2023-04-12T16:55:13","date_gmt":"2023-04-12T13:55:13","guid":{"rendered":"https:\/\/tammetalu.eu\/?post_type=product&#038;p=17958"},"modified":"2026-05-08T12:21:38","modified_gmt":"2026-05-08T09:21:38","slug":"varane-liivatee-creeping-red","status":"publish","type":"product","link":"https:\/\/tammetalu.eu\/ru\/toode\/varane-liivatee-creeping-red\/","title":{"rendered":"Varane liivatee Thymus praecox &#171;Creeping Red&#187;"},"content":{"rendered":"","protected":false},"excerpt":{"rendered":"<p>Varane liivatee <em>Thymus praecox <\/em>\u201eCreeping Red\u201c<\/p>\n<p>LAT: \u00a0<em>Thymus praecox<\/em> \u201eCreeping Red\u201c<\/p>\n<p>ENG: \u00a0Mother of thyme \u201eCreeping Red\u201c<\/p>\n<p>RU: \u0422\u0438\u043c\u044c\u044f\u043d \u0440\u0430\u043d\u043d\u0438\u0439 \u201eCreeping Red\u201c<\/p>\n<p>FI: \u00a0\u00a0Nummiajuruoho \u201eCreeping Red\u201c<\/p>\n<p>Varase liivatee sort \u201eCreeping Red\u201c on v\u00e4ga aromaatne ja kauni v\u00e4limusega liivatee, mis moodustab ilusa kompaktse padjandi. Taim ei n\u00f5ua palju hoolt kasvatamisel. Sobib eriti h\u00e4sti istutamiseks k\u00e4iguteede \u00e4\u00e4rde, kivide vahele, tugim\u00fc\u00fcridele ja kuiva liivase v\u00f5i kruusase mullaga peenrasse v\u00f5i kuiva liivase mullaga loodusaeda. \u00d5ied on sellel sordil liivateele harukordselt\u00a0 tumeroosa v\u00e4rvusega. Peale \u00f5itsemist v\u00f5ib ilusa kompaktse v\u00e4limuse taastamiseks padjandit k\u00e4rpida. Paljundada saab taime k\u00f5ige h\u00f5lpsamalt jagamise teel. T\u00e4iesti talvekindel.<\/p>\n<p>K\u00f6\u00f6gis sobib pea k\u00f5ikide roogade maitsestamiseks. Lisaks saab liivateest valmistada v\u00e4ga maitsva tee. Liivatee lisatakse toitudele juba valmistamise ajal, kuna kannatab pikemat kuumutamist.<\/p>\n<p>Liivateed kasutatakse r\u00f6ga lahtistava\u00a0 ja mikroobivastase vahendina. Pidurdab k\u00f5hugaaside teket. Kasutatakse k\u00fclmetushaiguste korral, palavikulangetamiseks, uriinierituse soodustamiseks ja gripivaevuste v\u00e4hendamiseks. V\u00e4lispidiselt kasutatakse kompressi ja vannina, sest liivateel on liigesep\u00f5letikku vaigistav toime. Liivatee aur leevendab kuiva k\u00f6ha.<\/p>\n<p>K\u00f5rgus: kuni 0,15 m<\/p>\n<p>\u00d5itsemise aeg: VI-VII<\/p>\n<p>Talvekindlus: T\u00e4iesti talvekindel<\/p>\n<p>Poti suurus: 9-11<\/p>\n","protected":false},"featured_media":18800,"template":"","meta":{"_acf_changed":false,"_et_pb_use_builder":"","_et_pb_old_content":"","_et_gb_content_width":"","inline_featured_image":false},"product_brand":[],"product_cat":[194,186,247],"product_tag":[],"class_list":{"0":"post-17958","1":"product","2":"type-product","3":"status-publish","4":"has-post-thumbnail","6":"product_cat-liivateed","7":"product_cat-maitse-ja-ravimtaimede-istikud","8":"product_cat-rohenappude-lemmikud","10":"first","11":"instock","12":"taxable","13":"shipping-taxable","14":"purchasable","15":"product-type-simple"},"acf":[],"yoast_head":"<!-- This site is optimized with the Yoast SEO plugin v27.5 - https:\/\/yoast.com\/product\/yoast-seo-wordpress\/ -->\n<title>Varane liivatee Thymus praecox &quot;Creeping Red&quot; - Tamme talu \u00fcrdiaed<\/title>\n<meta name=\"robots\" content=\"index, follow, max-snippet:-1, max-image-preview:large, max-video-preview:-1\" \/>\n<link rel=\"canonical\" href=\"https:\/\/tammetalu.eu\/toode\/varane-liivatee-creeping-red\/\" \/>\n<meta property=\"og:locale\" content=\"ru_RU\" \/>\n<meta property=\"og:type\" content=\"article\" \/>\n<meta property=\"og:title\" content=\"Varane liivatee Thymus praecox &quot;Creeping Red&quot; - Tamme talu \u00fcrdiaed\" \/>\n<meta property=\"og:description\" content=\"Varane liivatee Thymus praecox \u201eCreeping Red\u201c  LAT: \u00a0Thymus praecox \u201eCreeping Red\u201c  ENG: \u00a0Mother of thyme \u201eCreeping Red\u201c  RU: \u0422\u0438\u043c\u044c\u044f\u043d \u0440\u0430\u043d\u043d\u0438\u0439 \u201eCreeping Red\u201c  FI: \u00a0\u00a0Nummiajuruoho \u201eCreeping Red\u201c  Varase liivatee sort \u201eCreeping Red\u201c on v\u00e4ga aromaatne ja kauni v\u00e4limusega liivatee, mis moodustab ilusa kompaktse padjandi. Taim ei n\u00f5ua palju hoolt kasvatamisel. Sobib eriti h\u00e4sti istutamiseks k\u00e4iguteede \u00e4\u00e4rde, kivide vahele, tugim\u00fc\u00fcridele ja kuiva liivase v\u00f5i kruusase mullaga peenrasse v\u00f5i kuiva liivase mullaga loodusaeda. \u00d5ied on sellel sordil liivateele harukordselt\u00a0 tumeroosa v\u00e4rvusega. Peale \u00f5itsemist v\u00f5ib ilusa kompaktse v\u00e4limuse taastamiseks padjandit k\u00e4rpida. Paljundada saab taime k\u00f5ige h\u00f5lpsamalt jagamise teel. T\u00e4iesti talvekindel.  K\u00f6\u00f6gis sobib pea k\u00f5ikide roogade maitsestamiseks. Lisaks saab liivateest valmistada v\u00e4ga maitsva tee. Liivatee lisatakse toitudele juba valmistamise ajal, kuna kannatab pikemat kuumutamist.  Liivateed kasutatakse r\u00f6ga lahtistava\u00a0 ja mikroobivastase vahendina. Pidurdab k\u00f5hugaaside teket. Kasutatakse k\u00fclmetushaiguste korral, palavikulangetamiseks, uriinierituse soodustamiseks ja gripivaevuste v\u00e4hendamiseks. V\u00e4lispidiselt kasutatakse kompressi ja vannina, sest liivateel on liigesep\u00f5letikku vaigistav toime. Liivatee aur leevendab kuiva k\u00f6ha.  K\u00f5rgus: kuni 0,15 m  \u00d5itsemise aeg: VI-VII  Talvekindlus: T\u00e4iesti talvekindel  Poti suurus: 9-11\" \/>\n<meta property=\"og:url\" content=\"https:\/\/tammetalu.eu\/toode\/varane-liivatee-creeping-red\/\" \/>\n<meta property=\"og:site_name\" content=\"Tamme talu \u00fcrdiaed\" \/>\n<meta property=\"article:publisher\" content=\"https:\/\/www.facebook.com\/TammeTaluUrdiaed\/?locale=et_EE\" \/>\n<meta property=\"article:modified_time\" content=\"2026-05-08T09:21:38+00:00\" \/>\n<meta property=\"og:image\" content=\"https:\/\/tammetalu.eu\/wp-content\/uploads\/2023\/04\/Varane-liivatee_creeping_red_tamme_talu_urdiaed.jpg\" \/>\n\t<meta property=\"og:image:width\" content=\"1024\" \/>\n\t<meta property=\"og:image:height\" content=\"1365\" \/>\n\t<meta property=\"og:image:type\" content=\"image\/jpeg\" \/>\n<meta name=\"twitter:card\" content=\"summary_large_image\" \/>\n<meta name=\"twitter:label1\" content=\"\u041f\u0440\u0438\u043c\u0435\u0440\u043d\u043e\u0435 \u0432\u0440\u0435\u043c\u044f \u0434\u043b\u044f \u0447\u0442\u0435\u043d\u0438\u044f\" \/>\n\t<meta name=\"twitter:data1\" content=\"1 \u043c\u0438\u043d\u0443\u0442\u0430\" \/>\n<script type=\"application\/ld+json\" class=\"yoast-schema-graph\">{\"@context\":\"https:\\\/\\\/schema.org\",\"@graph\":[{\"@type\":\"WebPage\",\"@id\":\"https:\\\/\\\/tammetalu.eu\\\/toode\\\/varane-liivatee-creeping-red\\\/\",\"url\":\"https:\\\/\\\/tammetalu.eu\\\/toode\\\/varane-liivatee-creeping-red\\\/\",\"name\":\"Varane liivatee Thymus praecox \\\"Creeping Red\\\" - Tamme talu \u00fcrdiaed\",\"isPartOf\":{\"@id\":\"https:\\\/\\\/tammetalu.eu\\\/#website\"},\"primaryImageOfPage\":{\"@id\":\"https:\\\/\\\/tammetalu.eu\\\/toode\\\/varane-liivatee-creeping-red\\\/#primaryimage\"},\"image\":{\"@id\":\"https:\\\/\\\/tammetalu.eu\\\/toode\\\/varane-liivatee-creeping-red\\\/#primaryimage\"},\"thumbnailUrl\":\"https:\\\/\\\/tammetalu.eu\\\/wp-content\\\/uploads\\\/2023\\\/04\\\/Varane-liivatee_creeping_red_tamme_talu_urdiaed.jpg\",\"datePublished\":\"2023-04-12T13:55:13+00:00\",\"dateModified\":\"2026-05-08T09:21:38+00:00\",\"breadcrumb\":{\"@id\":\"https:\\\/\\\/tammetalu.eu\\\/toode\\\/varane-liivatee-creeping-red\\\/#breadcrumb\"},\"inLanguage\":\"ru-RU\",\"potentialAction\":[{\"@type\":\"ReadAction\",\"target\":[\"https:\\\/\\\/tammetalu.eu\\\/toode\\\/varane-liivatee-creeping-red\\\/\"]}]},{\"@type\":\"ImageObject\",\"inLanguage\":\"ru-RU\",\"@id\":\"https:\\\/\\\/tammetalu.eu\\\/toode\\\/varane-liivatee-creeping-red\\\/#primaryimage\",\"url\":\"https:\\\/\\\/tammetalu.eu\\\/wp-content\\\/uploads\\\/2023\\\/04\\\/Varane-liivatee_creeping_red_tamme_talu_urdiaed.jpg\",\"contentUrl\":\"https:\\\/\\\/tammetalu.eu\\\/wp-content\\\/uploads\\\/2023\\\/04\\\/Varane-liivatee_creeping_red_tamme_talu_urdiaed.jpg\",\"width\":1024,\"height\":1365,\"caption\":\"Varane-liivatee_creeping_red_tamme_talu_urdiaed\"},{\"@type\":\"BreadcrumbList\",\"@id\":\"https:\\\/\\\/tammetalu.eu\\\/toode\\\/varane-liivatee-creeping-red\\\/#breadcrumb\",\"itemListElement\":[{\"@type\":\"ListItem\",\"position\":1,\"name\":\"Home\",\"item\":\"https:\\\/\\\/tammetalu.eu\\\/ru\\\/esileht-rus\\\/\"},{\"@type\":\"ListItem\",\"position\":2,\"name\":\"\u041c\u0430\u0433\u0430\u0437\u0438\u043d\",\"item\":\"https:\\\/\\\/tammetalu.eu\\\/ru\\\/%d0%bc%d0%b0%d0%b3%d0%b0%d0%b7%d0%b8%d0%bd\\\/\"},{\"@type\":\"ListItem\",\"position\":3,\"name\":\"Varane liivatee Thymus praecox &#8220;Creeping Red&#8221;\"}]},{\"@type\":\"WebSite\",\"@id\":\"https:\\\/\\\/tammetalu.eu\\\/#website\",\"url\":\"https:\\\/\\\/tammetalu.eu\\\/\",\"name\":\"Tamme talu \u00fcrdiaed\",\"description\":\"K\u00e4sit\u00f6\u00f6na valmistatud tooted \u00fcrtidest, \u00fcrdiistikud, \u00fcrtide kollektsioonaed\",\"publisher\":{\"@id\":\"https:\\\/\\\/tammetalu.eu\\\/#organization\"},\"alternateName\":\"Tamme talu\",\"potentialAction\":[{\"@type\":\"SearchAction\",\"target\":{\"@type\":\"EntryPoint\",\"urlTemplate\":\"https:\\\/\\\/tammetalu.eu\\\/?s={search_term_string}\"},\"query-input\":{\"@type\":\"PropertyValueSpecification\",\"valueRequired\":true,\"valueName\":\"search_term_string\"}}],\"inLanguage\":\"ru-RU\"},{\"@type\":\"Organization\",\"@id\":\"https:\\\/\\\/tammetalu.eu\\\/#organization\",\"name\":\"Tamme talu \u00fcrdiaed\",\"alternateName\":\"Tamme talu\",\"url\":\"https:\\\/\\\/tammetalu.eu\\\/\",\"logo\":{\"@type\":\"ImageObject\",\"inLanguage\":\"ru-RU\",\"@id\":\"https:\\\/\\\/tammetalu.eu\\\/#\\\/schema\\\/logo\\\/image\\\/\",\"url\":\"https:\\\/\\\/tammetalu.eu\\\/wp-content\\\/uploads\\\/2025\\\/01\\\/Tamme_talu_urdiaed.png\",\"contentUrl\":\"https:\\\/\\\/tammetalu.eu\\\/wp-content\\\/uploads\\\/2025\\\/01\\\/Tamme_talu_urdiaed.png\",\"width\":560,\"height\":560,\"caption\":\"Tamme talu \u00fcrdiaed\"},\"image\":{\"@id\":\"https:\\\/\\\/tammetalu.eu\\\/#\\\/schema\\\/logo\\\/image\\\/\"},\"sameAs\":[\"https:\\\/\\\/www.facebook.com\\\/TammeTaluUrdiaed\\\/?locale=et_EE\",\"https:\\\/\\\/www.instagram.com\\\/tammetaluurdiaed\\\/\"]}]}<\/script>\n<!-- \/ Yoast SEO plugin. -->","yoast_head_json":{"title":"Varane liivatee Thymus praecox \"Creeping Red\" - Tamme talu \u00fcrdiaed","robots":{"index":"index","follow":"follow","max-snippet":"max-snippet:-1","max-image-preview":"max-image-preview:large","max-video-preview":"max-video-preview:-1"},"canonical":"https:\/\/tammetalu.eu\/toode\/varane-liivatee-creeping-red\/","og_locale":"ru_RU","og_type":"article","og_title":"Varane liivatee Thymus praecox \"Creeping Red\" - Tamme talu \u00fcrdiaed","og_description":"Varane liivatee Thymus praecox \u201eCreeping Red\u201c  LAT: \u00a0Thymus praecox \u201eCreeping Red\u201c  ENG: \u00a0Mother of thyme \u201eCreeping Red\u201c  RU: \u0422\u0438\u043c\u044c\u044f\u043d \u0440\u0430\u043d\u043d\u0438\u0439 \u201eCreeping Red\u201c  FI: \u00a0\u00a0Nummiajuruoho \u201eCreeping Red\u201c  Varase liivatee sort \u201eCreeping Red\u201c on v\u00e4ga aromaatne ja kauni v\u00e4limusega liivatee, mis moodustab ilusa kompaktse padjandi. Taim ei n\u00f5ua palju hoolt kasvatamisel. Sobib eriti h\u00e4sti istutamiseks k\u00e4iguteede \u00e4\u00e4rde, kivide vahele, tugim\u00fc\u00fcridele ja kuiva liivase v\u00f5i kruusase mullaga peenrasse v\u00f5i kuiva liivase mullaga loodusaeda. \u00d5ied on sellel sordil liivateele harukordselt\u00a0 tumeroosa v\u00e4rvusega. Peale \u00f5itsemist v\u00f5ib ilusa kompaktse v\u00e4limuse taastamiseks padjandit k\u00e4rpida. Paljundada saab taime k\u00f5ige h\u00f5lpsamalt jagamise teel. T\u00e4iesti talvekindel.  K\u00f6\u00f6gis sobib pea k\u00f5ikide roogade maitsestamiseks. Lisaks saab liivateest valmistada v\u00e4ga maitsva tee. Liivatee lisatakse toitudele juba valmistamise ajal, kuna kannatab pikemat kuumutamist.  Liivateed kasutatakse r\u00f6ga lahtistava\u00a0 ja mikroobivastase vahendina. Pidurdab k\u00f5hugaaside teket. Kasutatakse k\u00fclmetushaiguste korral, palavikulangetamiseks, uriinierituse soodustamiseks ja gripivaevuste v\u00e4hendamiseks. V\u00e4lispidiselt kasutatakse kompressi ja vannina, sest liivateel on liigesep\u00f5letikku vaigistav toime. Liivatee aur leevendab kuiva k\u00f6ha.  K\u00f5rgus: kuni 0,15 m  \u00d5itsemise aeg: VI-VII  Talvekindlus: T\u00e4iesti talvekindel  Poti suurus: 9-11","og_url":"https:\/\/tammetalu.eu\/toode\/varane-liivatee-creeping-red\/","og_site_name":"Tamme talu \u00fcrdiaed","article_publisher":"https:\/\/www.facebook.com\/TammeTaluUrdiaed\/?locale=et_EE","article_modified_time":"2026-05-08T09:21:38+00:00","og_image":[{"width":1024,"height":1365,"url":"https:\/\/tammetalu.eu\/wp-content\/uploads\/2023\/04\/Varane-liivatee_creeping_red_tamme_talu_urdiaed.jpg","type":"image\/jpeg"}],"twitter_card":"summary_large_image","twitter_misc":{"\u041f\u0440\u0438\u043c\u0435\u0440\u043d\u043e\u0435 \u0432\u0440\u0435\u043c\u044f \u0434\u043b\u044f \u0447\u0442\u0435\u043d\u0438\u044f":"1 \u043c\u0438\u043d\u0443\u0442\u0430"},"schema":{"@context":"https:\/\/schema.org","@graph":[{"@type":"WebPage","@id":"https:\/\/tammetalu.eu\/toode\/varane-liivatee-creeping-red\/","url":"https:\/\/tammetalu.eu\/toode\/varane-liivatee-creeping-red\/","name":"Varane liivatee Thymus praecox \"Creeping Red\" - Tamme talu \u00fcrdiaed","isPartOf":{"@id":"https:\/\/tammetalu.eu\/#website"},"primaryImageOfPage":{"@id":"https:\/\/tammetalu.eu\/toode\/varane-liivatee-creeping-red\/#primaryimage"},"image":{"@id":"https:\/\/tammetalu.eu\/toode\/varane-liivatee-creeping-red\/#primaryimage"},"thumbnailUrl":"https:\/\/tammetalu.eu\/wp-content\/uploads\/2023\/04\/Varane-liivatee_creeping_red_tamme_talu_urdiaed.jpg","datePublished":"2023-04-12T13:55:13+00:00","dateModified":"2026-05-08T09:21:38+00:00","breadcrumb":{"@id":"https:\/\/tammetalu.eu\/toode\/varane-liivatee-creeping-red\/#breadcrumb"},"inLanguage":"ru-RU","potentialAction":[{"@type":"ReadAction","target":["https:\/\/tammetalu.eu\/toode\/varane-liivatee-creeping-red\/"]}]},{"@type":"ImageObject","inLanguage":"ru-RU","@id":"https:\/\/tammetalu.eu\/toode\/varane-liivatee-creeping-red\/#primaryimage","url":"https:\/\/tammetalu.eu\/wp-content\/uploads\/2023\/04\/Varane-liivatee_creeping_red_tamme_talu_urdiaed.jpg","contentUrl":"https:\/\/tammetalu.eu\/wp-content\/uploads\/2023\/04\/Varane-liivatee_creeping_red_tamme_talu_urdiaed.jpg","width":1024,"height":1365,"caption":"Varane-liivatee_creeping_red_tamme_talu_urdiaed"},{"@type":"BreadcrumbList","@id":"https:\/\/tammetalu.eu\/toode\/varane-liivatee-creeping-red\/#breadcrumb","itemListElement":[{"@type":"ListItem","position":1,"name":"Home","item":"https:\/\/tammetalu.eu\/ru\/esileht-rus\/"},{"@type":"ListItem","position":2,"name":"\u041c\u0430\u0433\u0430\u0437\u0438\u043d","item":"https:\/\/tammetalu.eu\/ru\/%d0%bc%d0%b0%d0%b3%d0%b0%d0%b7%d0%b8%d0%bd\/"},{"@type":"ListItem","position":3,"name":"Varane liivatee Thymus praecox &#8220;Creeping Red&#8221;"}]},{"@type":"WebSite","@id":"https:\/\/tammetalu.eu\/#website","url":"https:\/\/tammetalu.eu\/","name":"Tamme talu \u00fcrdiaed","description":"K\u00e4sit\u00f6\u00f6na valmistatud tooted \u00fcrtidest, \u00fcrdiistikud, \u00fcrtide kollektsioonaed","publisher":{"@id":"https:\/\/tammetalu.eu\/#organization"},"alternateName":"Tamme talu","potentialAction":[{"@type":"SearchAction","target":{"@type":"EntryPoint","urlTemplate":"https:\/\/tammetalu.eu\/?s={search_term_string}"},"query-input":{"@type":"PropertyValueSpecification","valueRequired":true,"valueName":"search_term_string"}}],"inLanguage":"ru-RU"},{"@type":"Organization","@id":"https:\/\/tammetalu.eu\/#organization","name":"Tamme talu \u00fcrdiaed","alternateName":"Tamme talu","url":"https:\/\/tammetalu.eu\/","logo":{"@type":"ImageObject","inLanguage":"ru-RU","@id":"https:\/\/tammetalu.eu\/#\/schema\/logo\/image\/","url":"https:\/\/tammetalu.eu\/wp-content\/uploads\/2025\/01\/Tamme_talu_urdiaed.png","contentUrl":"https:\/\/tammetalu.eu\/wp-content\/uploads\/2025\/01\/Tamme_talu_urdiaed.png","width":560,"height":560,"caption":"Tamme talu \u00fcrdiaed"},"image":{"@id":"https:\/\/tammetalu.eu\/#\/schema\/logo\/image\/"},"sameAs":["https:\/\/www.facebook.com\/TammeTaluUrdiaed\/?locale=et_EE","https:\/\/www.instagram.com\/tammetaluurdiaed\/"]}]}},"_links":{"self":[{"href":"https:\/\/tammetalu.eu\/ru\/wp-json\/wp\/v2\/product\/17958","targetHints":{"allow":["GET"]}}],"collection":[{"href":"https:\/\/tammetalu.eu\/ru\/wp-json\/wp\/v2\/product"}],"about":[{"href":"https:\/\/tammetalu.eu\/ru\/wp-json\/wp\/v2\/types\/product"}],"wp:featuredmedia":[{"embeddable":true,"href":"https:\/\/tammetalu.eu\/ru\/wp-json\/wp\/v2\/media\/18800"}],"wp:attachment":[{"href":"https:\/\/tammetalu.eu\/ru\/wp-json\/wp\/v2\/media?parent=17958"}],"wp:term":[{"taxonomy":"product_brand","embeddable":true,"href":"https:\/\/tammetalu.eu\/ru\/wp-json\/wp\/v2\/product_brand?post=17958"},{"taxonomy":"product_cat","embeddable":true,"href":"https:\/\/tammetalu.eu\/ru\/wp-json\/wp\/v2\/product_cat?post=17958"},{"taxonomy":"product_tag","embeddable":true,"href":"https:\/\/tammetalu.eu\/ru\/wp-json\/wp\/v2\/product_tag?post=17958"}],"curies":[{"name":"wp","href":"https:\/\/api.w.org\/{rel}","templated":true}]}}