{"id":17998,"date":"2023-04-12T18:02:45","date_gmt":"2023-04-12T15:02:45","guid":{"rendered":"https:\/\/tammetalu.eu\/?post_type=product&#038;p=17998"},"modified":"2026-05-04T08:49:32","modified_gmt":"2026-05-04T05:49:32","slug":"ounmunt-calixte","status":"publish","type":"product","link":"https:\/\/tammetalu.eu\/ru\/toode\/ounmunt-calixte\/","title":{"rendered":"\u00d5unm\u00fcnt Mentha suaveolens &#171;Calixte&#187;"},"content":{"rendered":"","protected":false},"excerpt":{"rendered":"<p>\u00d5unm\u00fcnt <em>Mentha suaveolens<\/em> \u201cCalixte\u201d<\/p>\n<p>LAT:\u00a0 <em>Mentha suaveolens <\/em>\u201cCalixte\u201d<\/p>\n<p>ENG: Apple mint \u201cCalixte\u201d<\/p>\n<p>RU:\u00a0 \u041c\u044f\u0442a \u0431\u043b\u0430\u0433\u043e\u0440\u043e\u0434\u043d\u0430\u044f \u201cCalixte\u201d<\/p>\n<p>FI: Omenaminttu \u201eCalixte\u201c<\/p>\n<p>N\u00f5rgalt mentooli ja puuvilja j\u00e4rele l\u00f5hnav\u00a0 kuni 30 cm k\u00f5rgune v\u00e4ga dekoratiivse v\u00e4limusega p\u00fcsik poolvarjulisse kuni p\u00e4ikeselisse parasniiske mullaga kasvukohta. Taimel on rohelise-valgekirjud veidi karvased lehed, mida on kerge kuivatada. Levib juurev\u00f5sudega, seep\u00e4rast oleks hea taimele planeerida kohe istutades piisav kasvuruum. V\u00e4ga k\u00fclmal lumeta talvel v\u00f5iks taime katta kuuseokste, kuivade puulehtede v\u00f5i turbaga.<\/p>\n<p>Taime sobib kasvatada potis, r\u00f5dukastis ja v\u00e4iksemas peenras, kuna see sort ei ole v\u00f5rreldes m\u00f5nede teiste m\u00fcntidega v\u00e4ga naabertaimi l\u00e4mmatava\u00a0 kasvuga.<\/p>\n<p>Sobib kasutamiseks magusates roogades ja tee valmistamiseks. Aitab k\u00f5hupuhituse korral, sobib \u00f5htul rahustavaks teeks ka neile inimestele, kes rohem\u00fcnti ja piparm\u00fcnti liiga tugevamaitseliseks peavad.<\/p>\n<p>K\u00f5rgus: kuni 0,45 m<\/p>\n<p>\u00d5itsemise aeg: VI-VIII<\/p>\n<p>Talvekindlus: Talvekindel<\/p>\n<p>Poti suurus : 9-12<\/p>\n","protected":false},"featured_media":17999,"template":"","meta":{"_acf_changed":false,"_et_pb_use_builder":"","_et_pb_old_content":"","_et_gb_content_width":"","inline_featured_image":false},"product_brand":[],"product_cat":[186,192],"product_tag":[],"class_list":{"0":"post-17998","1":"product","2":"type-product","3":"status-publish","4":"has-post-thumbnail","6":"product_cat-maitse-ja-ravimtaimede-istikud","7":"product_cat-mundid","9":"first","10":"outofstock","11":"taxable","12":"shipping-taxable","13":"purchasable","14":"product-type-simple"},"acf":[],"yoast_head":"<!-- This site is optimized with the Yoast SEO plugin v27.5 - https:\/\/yoast.com\/product\/yoast-seo-wordpress\/ -->\n<title>\u00d5unm\u00fcnt Mentha suaveolens &quot;Calixte&quot; - Tamme talu \u00fcrdiaed<\/title>\n<meta name=\"robots\" content=\"index, follow, max-snippet:-1, max-image-preview:large, max-video-preview:-1\" \/>\n<link rel=\"canonical\" href=\"https:\/\/tammetalu.eu\/toode\/ounmunt-calixte\/\" \/>\n<meta property=\"og:locale\" content=\"ru_RU\" \/>\n<meta property=\"og:type\" content=\"article\" \/>\n<meta property=\"og:title\" content=\"\u00d5unm\u00fcnt Mentha suaveolens &quot;Calixte&quot; - Tamme talu \u00fcrdiaed\" \/>\n<meta property=\"og:description\" content=\"\u00d5unm\u00fcnt Mentha suaveolens \u201cCalixte\u201d  LAT:\u00a0 Mentha suaveolens \u201cCalixte\u201d  ENG: Apple mint \u201cCalixte\u201d  RU:\u00a0 \u041c\u044f\u0442a \u0431\u043b\u0430\u0433\u043e\u0440\u043e\u0434\u043d\u0430\u044f \u201cCalixte\u201d  FI: Omenaminttu \u201eCalixte\u201c  N\u00f5rgalt mentooli ja puuvilja j\u00e4rele l\u00f5hnav\u00a0 kuni 30 cm k\u00f5rgune v\u00e4ga dekoratiivse v\u00e4limusega p\u00fcsik poolvarjulisse kuni p\u00e4ikeselisse parasniiske mullaga kasvukohta. Taimel on rohelise-valgekirjud veidi karvased lehed, mida on kerge kuivatada. Levib juurev\u00f5sudega, seep\u00e4rast oleks hea taimele planeerida kohe istutades piisav kasvuruum. V\u00e4ga k\u00fclmal lumeta talvel v\u00f5iks taime katta kuuseokste, kuivade puulehtede v\u00f5i turbaga.  Taime sobib kasvatada potis, r\u00f5dukastis ja v\u00e4iksemas peenras, kuna see sort ei ole v\u00f5rreldes m\u00f5nede teiste m\u00fcntidega v\u00e4ga naabertaimi l\u00e4mmatava\u00a0 kasvuga.  Sobib kasutamiseks magusates roogades ja tee valmistamiseks. Aitab k\u00f5hupuhituse korral, sobib \u00f5htul rahustavaks teeks ka neile inimestele, kes rohem\u00fcnti ja piparm\u00fcnti liiga tugevamaitseliseks peavad.  K\u00f5rgus: kuni 0,45 m  \u00d5itsemise aeg: VI-VIII  Talvekindlus: Talvekindel  Poti suurus : 9-12\" \/>\n<meta property=\"og:url\" content=\"https:\/\/tammetalu.eu\/toode\/ounmunt-calixte\/\" \/>\n<meta property=\"og:site_name\" content=\"Tamme talu \u00fcrdiaed\" \/>\n<meta property=\"article:publisher\" content=\"https:\/\/www.facebook.com\/TammeTaluUrdiaed\/?locale=et_EE\" \/>\n<meta property=\"article:modified_time\" content=\"2026-05-04T05:49:32+00:00\" \/>\n<meta property=\"og:image\" content=\"https:\/\/tammetalu.eu\/wp-content\/uploads\/2023\/04\/Ounmunt_Mentha_suaveolens_tamme_talu_urdiaed.jpg\" \/>\n\t<meta property=\"og:image:width\" content=\"737\" \/>\n\t<meta property=\"og:image:height\" content=\"553\" \/>\n\t<meta property=\"og:image:type\" content=\"image\/jpeg\" \/>\n<meta name=\"twitter:card\" content=\"summary_large_image\" \/>\n<meta name=\"twitter:label1\" content=\"\u041f\u0440\u0438\u043c\u0435\u0440\u043d\u043e\u0435 \u0432\u0440\u0435\u043c\u044f \u0434\u043b\u044f \u0447\u0442\u0435\u043d\u0438\u044f\" \/>\n\t<meta name=\"twitter:data1\" content=\"1 \u043c\u0438\u043d\u0443\u0442\u0430\" \/>\n<script type=\"application\/ld+json\" class=\"yoast-schema-graph\">{\"@context\":\"https:\\\/\\\/schema.org\",\"@graph\":[{\"@type\":\"WebPage\",\"@id\":\"https:\\\/\\\/tammetalu.eu\\\/toode\\\/ounmunt-calixte\\\/\",\"url\":\"https:\\\/\\\/tammetalu.eu\\\/toode\\\/ounmunt-calixte\\\/\",\"name\":\"\u00d5unm\u00fcnt Mentha suaveolens \\\"Calixte\\\" - Tamme talu \u00fcrdiaed\",\"isPartOf\":{\"@id\":\"https:\\\/\\\/tammetalu.eu\\\/#website\"},\"primaryImageOfPage\":{\"@id\":\"https:\\\/\\\/tammetalu.eu\\\/toode\\\/ounmunt-calixte\\\/#primaryimage\"},\"image\":{\"@id\":\"https:\\\/\\\/tammetalu.eu\\\/toode\\\/ounmunt-calixte\\\/#primaryimage\"},\"thumbnailUrl\":\"https:\\\/\\\/tammetalu.eu\\\/wp-content\\\/uploads\\\/2023\\\/04\\\/Ounmunt_Mentha_suaveolens_tamme_talu_urdiaed.jpg\",\"datePublished\":\"2023-04-12T15:02:45+00:00\",\"dateModified\":\"2026-05-04T05:49:32+00:00\",\"breadcrumb\":{\"@id\":\"https:\\\/\\\/tammetalu.eu\\\/toode\\\/ounmunt-calixte\\\/#breadcrumb\"},\"inLanguage\":\"ru-RU\",\"potentialAction\":[{\"@type\":\"ReadAction\",\"target\":[\"https:\\\/\\\/tammetalu.eu\\\/toode\\\/ounmunt-calixte\\\/\"]}]},{\"@type\":\"ImageObject\",\"inLanguage\":\"ru-RU\",\"@id\":\"https:\\\/\\\/tammetalu.eu\\\/toode\\\/ounmunt-calixte\\\/#primaryimage\",\"url\":\"https:\\\/\\\/tammetalu.eu\\\/wp-content\\\/uploads\\\/2023\\\/04\\\/Ounmunt_Mentha_suaveolens_tamme_talu_urdiaed.jpg\",\"contentUrl\":\"https:\\\/\\\/tammetalu.eu\\\/wp-content\\\/uploads\\\/2023\\\/04\\\/Ounmunt_Mentha_suaveolens_tamme_talu_urdiaed.jpg\",\"width\":737,\"height\":553,\"caption\":\"Ounmunt_Mentha_suaveolens_tamme_talu_urdiaed\"},{\"@type\":\"BreadcrumbList\",\"@id\":\"https:\\\/\\\/tammetalu.eu\\\/toode\\\/ounmunt-calixte\\\/#breadcrumb\",\"itemListElement\":[{\"@type\":\"ListItem\",\"position\":1,\"name\":\"Home\",\"item\":\"https:\\\/\\\/tammetalu.eu\\\/ru\\\/esileht-rus\\\/\"},{\"@type\":\"ListItem\",\"position\":2,\"name\":\"\u041c\u0430\u0433\u0430\u0437\u0438\u043d\",\"item\":\"https:\\\/\\\/tammetalu.eu\\\/ru\\\/%d0%bc%d0%b0%d0%b3%d0%b0%d0%b7%d0%b8%d0%bd\\\/\"},{\"@type\":\"ListItem\",\"position\":3,\"name\":\"\u00d5unm\u00fcnt Mentha suaveolens &#8220;Calixte&#8221;\"}]},{\"@type\":\"WebSite\",\"@id\":\"https:\\\/\\\/tammetalu.eu\\\/#website\",\"url\":\"https:\\\/\\\/tammetalu.eu\\\/\",\"name\":\"Tamme talu \u00fcrdiaed\",\"description\":\"K\u00e4sit\u00f6\u00f6na valmistatud tooted \u00fcrtidest, \u00fcrdiistikud, \u00fcrtide kollektsioonaed\",\"publisher\":{\"@id\":\"https:\\\/\\\/tammetalu.eu\\\/#organization\"},\"alternateName\":\"Tamme talu\",\"potentialAction\":[{\"@type\":\"SearchAction\",\"target\":{\"@type\":\"EntryPoint\",\"urlTemplate\":\"https:\\\/\\\/tammetalu.eu\\\/?s={search_term_string}\"},\"query-input\":{\"@type\":\"PropertyValueSpecification\",\"valueRequired\":true,\"valueName\":\"search_term_string\"}}],\"inLanguage\":\"ru-RU\"},{\"@type\":\"Organization\",\"@id\":\"https:\\\/\\\/tammetalu.eu\\\/#organization\",\"name\":\"Tamme talu \u00fcrdiaed\",\"alternateName\":\"Tamme talu\",\"url\":\"https:\\\/\\\/tammetalu.eu\\\/\",\"logo\":{\"@type\":\"ImageObject\",\"inLanguage\":\"ru-RU\",\"@id\":\"https:\\\/\\\/tammetalu.eu\\\/#\\\/schema\\\/logo\\\/image\\\/\",\"url\":\"https:\\\/\\\/tammetalu.eu\\\/wp-content\\\/uploads\\\/2025\\\/01\\\/Tamme_talu_urdiaed.png\",\"contentUrl\":\"https:\\\/\\\/tammetalu.eu\\\/wp-content\\\/uploads\\\/2025\\\/01\\\/Tamme_talu_urdiaed.png\",\"width\":560,\"height\":560,\"caption\":\"Tamme talu \u00fcrdiaed\"},\"image\":{\"@id\":\"https:\\\/\\\/tammetalu.eu\\\/#\\\/schema\\\/logo\\\/image\\\/\"},\"sameAs\":[\"https:\\\/\\\/www.facebook.com\\\/TammeTaluUrdiaed\\\/?locale=et_EE\",\"https:\\\/\\\/www.instagram.com\\\/tammetaluurdiaed\\\/\"]}]}<\/script>\n<!-- \/ Yoast SEO plugin. -->","yoast_head_json":{"title":"\u00d5unm\u00fcnt Mentha suaveolens \"Calixte\" - Tamme talu \u00fcrdiaed","robots":{"index":"index","follow":"follow","max-snippet":"max-snippet:-1","max-image-preview":"max-image-preview:large","max-video-preview":"max-video-preview:-1"},"canonical":"https:\/\/tammetalu.eu\/toode\/ounmunt-calixte\/","og_locale":"ru_RU","og_type":"article","og_title":"\u00d5unm\u00fcnt Mentha suaveolens \"Calixte\" - Tamme talu \u00fcrdiaed","og_description":"\u00d5unm\u00fcnt Mentha suaveolens \u201cCalixte\u201d  LAT:\u00a0 Mentha suaveolens \u201cCalixte\u201d  ENG: Apple mint \u201cCalixte\u201d  RU:\u00a0 \u041c\u044f\u0442a \u0431\u043b\u0430\u0433\u043e\u0440\u043e\u0434\u043d\u0430\u044f \u201cCalixte\u201d  FI: Omenaminttu \u201eCalixte\u201c  N\u00f5rgalt mentooli ja puuvilja j\u00e4rele l\u00f5hnav\u00a0 kuni 30 cm k\u00f5rgune v\u00e4ga dekoratiivse v\u00e4limusega p\u00fcsik poolvarjulisse kuni p\u00e4ikeselisse parasniiske mullaga kasvukohta. Taimel on rohelise-valgekirjud veidi karvased lehed, mida on kerge kuivatada. Levib juurev\u00f5sudega, seep\u00e4rast oleks hea taimele planeerida kohe istutades piisav kasvuruum. V\u00e4ga k\u00fclmal lumeta talvel v\u00f5iks taime katta kuuseokste, kuivade puulehtede v\u00f5i turbaga.  Taime sobib kasvatada potis, r\u00f5dukastis ja v\u00e4iksemas peenras, kuna see sort ei ole v\u00f5rreldes m\u00f5nede teiste m\u00fcntidega v\u00e4ga naabertaimi l\u00e4mmatava\u00a0 kasvuga.  Sobib kasutamiseks magusates roogades ja tee valmistamiseks. Aitab k\u00f5hupuhituse korral, sobib \u00f5htul rahustavaks teeks ka neile inimestele, kes rohem\u00fcnti ja piparm\u00fcnti liiga tugevamaitseliseks peavad.  K\u00f5rgus: kuni 0,45 m  \u00d5itsemise aeg: VI-VIII  Talvekindlus: Talvekindel  Poti suurus : 9-12","og_url":"https:\/\/tammetalu.eu\/toode\/ounmunt-calixte\/","og_site_name":"Tamme talu \u00fcrdiaed","article_publisher":"https:\/\/www.facebook.com\/TammeTaluUrdiaed\/?locale=et_EE","article_modified_time":"2026-05-04T05:49:32+00:00","og_image":[{"width":737,"height":553,"url":"https:\/\/tammetalu.eu\/wp-content\/uploads\/2023\/04\/Ounmunt_Mentha_suaveolens_tamme_talu_urdiaed.jpg","type":"image\/jpeg"}],"twitter_card":"summary_large_image","twitter_misc":{"\u041f\u0440\u0438\u043c\u0435\u0440\u043d\u043e\u0435 \u0432\u0440\u0435\u043c\u044f \u0434\u043b\u044f \u0447\u0442\u0435\u043d\u0438\u044f":"1 \u043c\u0438\u043d\u0443\u0442\u0430"},"schema":{"@context":"https:\/\/schema.org","@graph":[{"@type":"WebPage","@id":"https:\/\/tammetalu.eu\/toode\/ounmunt-calixte\/","url":"https:\/\/tammetalu.eu\/toode\/ounmunt-calixte\/","name":"\u00d5unm\u00fcnt Mentha suaveolens \"Calixte\" - Tamme talu \u00fcrdiaed","isPartOf":{"@id":"https:\/\/tammetalu.eu\/#website"},"primaryImageOfPage":{"@id":"https:\/\/tammetalu.eu\/toode\/ounmunt-calixte\/#primaryimage"},"image":{"@id":"https:\/\/tammetalu.eu\/toode\/ounmunt-calixte\/#primaryimage"},"thumbnailUrl":"https:\/\/tammetalu.eu\/wp-content\/uploads\/2023\/04\/Ounmunt_Mentha_suaveolens_tamme_talu_urdiaed.jpg","datePublished":"2023-04-12T15:02:45+00:00","dateModified":"2026-05-04T05:49:32+00:00","breadcrumb":{"@id":"https:\/\/tammetalu.eu\/toode\/ounmunt-calixte\/#breadcrumb"},"inLanguage":"ru-RU","potentialAction":[{"@type":"ReadAction","target":["https:\/\/tammetalu.eu\/toode\/ounmunt-calixte\/"]}]},{"@type":"ImageObject","inLanguage":"ru-RU","@id":"https:\/\/tammetalu.eu\/toode\/ounmunt-calixte\/#primaryimage","url":"https:\/\/tammetalu.eu\/wp-content\/uploads\/2023\/04\/Ounmunt_Mentha_suaveolens_tamme_talu_urdiaed.jpg","contentUrl":"https:\/\/tammetalu.eu\/wp-content\/uploads\/2023\/04\/Ounmunt_Mentha_suaveolens_tamme_talu_urdiaed.jpg","width":737,"height":553,"caption":"Ounmunt_Mentha_suaveolens_tamme_talu_urdiaed"},{"@type":"BreadcrumbList","@id":"https:\/\/tammetalu.eu\/toode\/ounmunt-calixte\/#breadcrumb","itemListElement":[{"@type":"ListItem","position":1,"name":"Home","item":"https:\/\/tammetalu.eu\/ru\/esileht-rus\/"},{"@type":"ListItem","position":2,"name":"\u041c\u0430\u0433\u0430\u0437\u0438\u043d","item":"https:\/\/tammetalu.eu\/ru\/%d0%bc%d0%b0%d0%b3%d0%b0%d0%b7%d0%b8%d0%bd\/"},{"@type":"ListItem","position":3,"name":"\u00d5unm\u00fcnt Mentha suaveolens &#8220;Calixte&#8221;"}]},{"@type":"WebSite","@id":"https:\/\/tammetalu.eu\/#website","url":"https:\/\/tammetalu.eu\/","name":"Tamme talu \u00fcrdiaed","description":"K\u00e4sit\u00f6\u00f6na valmistatud tooted \u00fcrtidest, \u00fcrdiistikud, \u00fcrtide kollektsioonaed","publisher":{"@id":"https:\/\/tammetalu.eu\/#organization"},"alternateName":"Tamme talu","potentialAction":[{"@type":"SearchAction","target":{"@type":"EntryPoint","urlTemplate":"https:\/\/tammetalu.eu\/?s={search_term_string}"},"query-input":{"@type":"PropertyValueSpecification","valueRequired":true,"valueName":"search_term_string"}}],"inLanguage":"ru-RU"},{"@type":"Organization","@id":"https:\/\/tammetalu.eu\/#organization","name":"Tamme talu \u00fcrdiaed","alternateName":"Tamme talu","url":"https:\/\/tammetalu.eu\/","logo":{"@type":"ImageObject","inLanguage":"ru-RU","@id":"https:\/\/tammetalu.eu\/#\/schema\/logo\/image\/","url":"https:\/\/tammetalu.eu\/wp-content\/uploads\/2025\/01\/Tamme_talu_urdiaed.png","contentUrl":"https:\/\/tammetalu.eu\/wp-content\/uploads\/2025\/01\/Tamme_talu_urdiaed.png","width":560,"height":560,"caption":"Tamme talu \u00fcrdiaed"},"image":{"@id":"https:\/\/tammetalu.eu\/#\/schema\/logo\/image\/"},"sameAs":["https:\/\/www.facebook.com\/TammeTaluUrdiaed\/?locale=et_EE","https:\/\/www.instagram.com\/tammetaluurdiaed\/"]}]}},"_links":{"self":[{"href":"https:\/\/tammetalu.eu\/ru\/wp-json\/wp\/v2\/product\/17998","targetHints":{"allow":["GET"]}}],"collection":[{"href":"https:\/\/tammetalu.eu\/ru\/wp-json\/wp\/v2\/product"}],"about":[{"href":"https:\/\/tammetalu.eu\/ru\/wp-json\/wp\/v2\/types\/product"}],"wp:featuredmedia":[{"embeddable":true,"href":"https:\/\/tammetalu.eu\/ru\/wp-json\/wp\/v2\/media\/17999"}],"wp:attachment":[{"href":"https:\/\/tammetalu.eu\/ru\/wp-json\/wp\/v2\/media?parent=17998"}],"wp:term":[{"taxonomy":"product_brand","embeddable":true,"href":"https:\/\/tammetalu.eu\/ru\/wp-json\/wp\/v2\/product_brand?post=17998"},{"taxonomy":"product_cat","embeddable":true,"href":"https:\/\/tammetalu.eu\/ru\/wp-json\/wp\/v2\/product_cat?post=17998"},{"taxonomy":"product_tag","embeddable":true,"href":"https:\/\/tammetalu.eu\/ru\/wp-json\/wp\/v2\/product_tag?post=17998"}],"curies":[{"name":"wp","href":"https:\/\/api.w.org\/{rel}","templated":true}]}}