{"id":19948,"date":"2024-02-29T18:11:45","date_gmt":"2024-02-29T16:11:45","guid":{"rendered":"https:\/\/tammetalu.eu\/?post_type=product&#038;p=19948"},"modified":"2026-04-03T10:07:05","modified_gmt":"2026-04-03T07:07:05","slug":"rauklauk-lisa-blue","status":"publish","type":"product","link":"https:\/\/tammetalu.eu\/ru\/toode\/rauklauk-lisa-blue\/","title":{"rendered":"Rauklauk Allium senescens &#171;Lisa Blue&#187;"},"content":{"rendered":"","protected":false},"excerpt":{"rendered":"<p><em>Allium senesens<\/em><\/p>\n<p>Sellel ilusal rauklaugu sordil on rihmjad, veidi keerdus mahlased lehed ja j\u00e4ikade \u00f5itevarte otsa moodustuvad lillakasroosad \u00f5isikud. On v\u00e4ga talvekindel ja dekoratiivne p\u00fcsik, mis v\u00f5ib kasvada \u00fchel kasvukohal aastaid. Kompaktse puhma k\u00f5rgus umbes 50-60 cm. Ei ole aias esimene kevadine salatitaim, kuna lehed alustavad kasvu alates aprilli l\u00f5pust, kuid \u00fcks viimaseid, millelt veel s\u00fcgisel mahlaseid lehti saab noppida ja mille \u00f5iteilu saab nautida. \u00d5itseb rikkalikult juulist kuni septembri alguseni. Kasvamiseks vajab parasniisket viljakat mulda.<\/p>\n<p>Rauklaugu lehed on mahlased ja tarvitamisk\u00f5lblikud terve hooaja jooksul, kui taimed saavad kasvu ajal piisavalt vett.\u00a0 Taime \u00f5ied ja pungad on samuti s\u00f6\u00f6davad. Paljundada saab rauklauku puhmiku jagamise teel. Lehed on v\u00e4hese sibula maitsega. Sobib v\u00e4rskelt salatitesse ja v\u00f5ileivale, vokkimiseks, kastmetesse ja pirukate t\u00e4idistesse.<\/p>\n","protected":false},"featured_media":20060,"template":"","meta":{"_acf_changed":false,"_et_pb_use_builder":"","_et_pb_old_content":"","_et_gb_content_width":"","inline_featured_image":false},"product_brand":[],"product_cat":[186,201,203],"product_tag":[],"class_list":{"0":"post-19948","1":"product","2":"type-product","3":"status-publish","4":"has-post-thumbnail","6":"product_cat-maitse-ja-ravimtaimede-istikud","7":"product_cat-laugud","8":"product_cat-ponevad-koogiviljad","10":"first","11":"instock","12":"sale","13":"taxable","14":"shipping-taxable","15":"purchasable","16":"product-type-simple"},"acf":[],"yoast_head":"<!-- This site is optimized with the Yoast SEO plugin v26.4 - https:\/\/yoast.com\/wordpress\/plugins\/seo\/ -->\n<title>Rauklauk Allium senescens &quot;Lisa Blue&quot; - Tamme talu \u00fcrdiaed<\/title>\n<meta name=\"robots\" content=\"index, follow, max-snippet:-1, max-image-preview:large, max-video-preview:-1\" \/>\n<link rel=\"canonical\" href=\"https:\/\/tammetalu.eu\/toode\/rauklauk-lisa-blue\/\" \/>\n<meta property=\"og:locale\" content=\"ru_RU\" \/>\n<meta property=\"og:type\" content=\"article\" \/>\n<meta property=\"og:title\" content=\"Rauklauk Allium senescens &quot;Lisa Blue&quot; - Tamme talu \u00fcrdiaed\" \/>\n<meta property=\"og:description\" content=\"Allium senesens  Sellel ilusal rauklaugu sordil on rihmjad, veidi keerdus mahlased lehed ja j\u00e4ikade \u00f5itevarte otsa moodustuvad lillakasroosad \u00f5isikud. On v\u00e4ga talvekindel ja dekoratiivne p\u00fcsik, mis v\u00f5ib kasvada \u00fchel kasvukohal aastaid. Kompaktse puhma k\u00f5rgus umbes 50-60 cm. Ei ole aias esimene kevadine salatitaim, kuna lehed alustavad kasvu alates aprilli l\u00f5pust, kuid \u00fcks viimaseid, millelt veel s\u00fcgisel mahlaseid lehti saab noppida ja mille \u00f5iteilu saab nautida. \u00d5itseb rikkalikult juulist kuni septembri alguseni. Kasvamiseks vajab parasniisket viljakat mulda.  Rauklaugu lehed on mahlased ja tarvitamisk\u00f5lblikud terve hooaja jooksul, kui taimed saavad kasvu ajal piisavalt vett.\u00a0 Taime \u00f5ied ja pungad on samuti s\u00f6\u00f6davad. Paljundada saab rauklauku puhmiku jagamise teel. Lehed on v\u00e4hese sibula maitsega. Sobib v\u00e4rskelt salatitesse ja v\u00f5ileivale, vokkimiseks, kastmetesse ja pirukate t\u00e4idistesse.\" \/>\n<meta property=\"og:url\" content=\"https:\/\/tammetalu.eu\/toode\/rauklauk-lisa-blue\/\" \/>\n<meta property=\"og:site_name\" content=\"Tamme talu \u00fcrdiaed\" \/>\n<meta property=\"article:publisher\" content=\"https:\/\/www.facebook.com\/TammeTaluUrdiaed\/?locale=et_EE\" \/>\n<meta property=\"article:modified_time\" content=\"2026-04-03T07:07:05+00:00\" \/>\n<meta property=\"og:image\" content=\"https:\/\/tammetalu.eu\/wp-content\/uploads\/2024\/02\/Allium-senescens-Lisa-Blue-tamme-talu-urdiaed.jpg\" \/>\n\t<meta property=\"og:image:width\" content=\"1024\" \/>\n\t<meta property=\"og:image:height\" content=\"1365\" \/>\n\t<meta property=\"og:image:type\" content=\"image\/jpeg\" \/>\n<meta name=\"twitter:card\" content=\"summary_large_image\" \/>\n<meta name=\"twitter:label1\" content=\"\u041f\u0440\u0438\u043c\u0435\u0440\u043d\u043e\u0435 \u0432\u0440\u0435\u043c\u044f \u0434\u043b\u044f \u0447\u0442\u0435\u043d\u0438\u044f\" \/>\n\t<meta name=\"twitter:data1\" content=\"1 \u043c\u0438\u043d\u0443\u0442\u0430\" \/>\n<script type=\"application\/ld+json\" class=\"yoast-schema-graph\">{\"@context\":\"https:\/\/schema.org\",\"@graph\":[{\"@type\":\"WebPage\",\"@id\":\"https:\/\/tammetalu.eu\/toode\/rauklauk-lisa-blue\/\",\"url\":\"https:\/\/tammetalu.eu\/toode\/rauklauk-lisa-blue\/\",\"name\":\"Rauklauk Allium senescens \\\"Lisa Blue\\\" - Tamme talu \u00fcrdiaed\",\"isPartOf\":{\"@id\":\"https:\/\/tammetalu.eu\/#website\"},\"primaryImageOfPage\":{\"@id\":\"https:\/\/tammetalu.eu\/toode\/rauklauk-lisa-blue\/#primaryimage\"},\"image\":{\"@id\":\"https:\/\/tammetalu.eu\/toode\/rauklauk-lisa-blue\/#primaryimage\"},\"thumbnailUrl\":\"https:\/\/tammetalu.eu\/wp-content\/uploads\/2024\/02\/Allium-senescens-Lisa-Blue-tamme-talu-urdiaed.jpg\",\"datePublished\":\"2024-02-29T16:11:45+00:00\",\"dateModified\":\"2026-04-03T07:07:05+00:00\",\"breadcrumb\":{\"@id\":\"https:\/\/tammetalu.eu\/toode\/rauklauk-lisa-blue\/#breadcrumb\"},\"inLanguage\":\"ru-RU\",\"potentialAction\":[{\"@type\":\"ReadAction\",\"target\":[\"https:\/\/tammetalu.eu\/toode\/rauklauk-lisa-blue\/\"]}]},{\"@type\":\"ImageObject\",\"inLanguage\":\"ru-RU\",\"@id\":\"https:\/\/tammetalu.eu\/toode\/rauklauk-lisa-blue\/#primaryimage\",\"url\":\"https:\/\/tammetalu.eu\/wp-content\/uploads\/2024\/02\/Allium-senescens-Lisa-Blue-tamme-talu-urdiaed.jpg\",\"contentUrl\":\"https:\/\/tammetalu.eu\/wp-content\/uploads\/2024\/02\/Allium-senescens-Lisa-Blue-tamme-talu-urdiaed.jpg\",\"width\":1024,\"height\":1365,\"caption\":\"Allium-senescens-Lisa-Blue-tamme-talu-urdiaed\"},{\"@type\":\"BreadcrumbList\",\"@id\":\"https:\/\/tammetalu.eu\/toode\/rauklauk-lisa-blue\/#breadcrumb\",\"itemListElement\":[{\"@type\":\"ListItem\",\"position\":1,\"name\":\"Home\",\"item\":\"https:\/\/tammetalu.eu\/ru\/esileht-rus\/\"},{\"@type\":\"ListItem\",\"position\":2,\"name\":\"\u041c\u0430\u0433\u0430\u0437\u0438\u043d\",\"item\":\"https:\/\/tammetalu.eu\/ru\/%d0%bc%d0%b0%d0%b3%d0%b0%d0%b7%d0%b8%d0%bd\/\"},{\"@type\":\"ListItem\",\"position\":3,\"name\":\"Rauklauk Allium senescens &#8220;Lisa Blue&#8221;\"}]},{\"@type\":\"WebSite\",\"@id\":\"https:\/\/tammetalu.eu\/#website\",\"url\":\"https:\/\/tammetalu.eu\/\",\"name\":\"Tamme talu \u00fcrdiaed\",\"description\":\"K\u00e4sit\u00f6\u00f6na valmistatud tooted \u00fcrtidest, \u00fcrdiistikud, \u00fcrtide kollektsioonaed\",\"publisher\":{\"@id\":\"https:\/\/tammetalu.eu\/#organization\"},\"alternateName\":\"Tamme talu\",\"potentialAction\":[{\"@type\":\"SearchAction\",\"target\":{\"@type\":\"EntryPoint\",\"urlTemplate\":\"https:\/\/tammetalu.eu\/?s={search_term_string}\"},\"query-input\":{\"@type\":\"PropertyValueSpecification\",\"valueRequired\":true,\"valueName\":\"search_term_string\"}}],\"inLanguage\":\"ru-RU\"},{\"@type\":\"Organization\",\"@id\":\"https:\/\/tammetalu.eu\/#organization\",\"name\":\"Tamme talu \u00fcrdiaed\",\"alternateName\":\"Tamme talu\",\"url\":\"https:\/\/tammetalu.eu\/\",\"logo\":{\"@type\":\"ImageObject\",\"inLanguage\":\"ru-RU\",\"@id\":\"https:\/\/tammetalu.eu\/#\/schema\/logo\/image\/\",\"url\":\"https:\/\/tammetalu.eu\/wp-content\/uploads\/2025\/01\/Tamme_talu_urdiaed.png\",\"contentUrl\":\"https:\/\/tammetalu.eu\/wp-content\/uploads\/2025\/01\/Tamme_talu_urdiaed.png\",\"width\":560,\"height\":560,\"caption\":\"Tamme talu \u00fcrdiaed\"},\"image\":{\"@id\":\"https:\/\/tammetalu.eu\/#\/schema\/logo\/image\/\"},\"sameAs\":[\"https:\/\/www.facebook.com\/TammeTaluUrdiaed\/?locale=et_EE\",\"https:\/\/www.instagram.com\/tammetaluurdiaed\/\"]}]}<\/script>\n<!-- \/ Yoast SEO plugin. -->","yoast_head_json":{"title":"Rauklauk Allium senescens \"Lisa Blue\" - Tamme talu \u00fcrdiaed","robots":{"index":"index","follow":"follow","max-snippet":"max-snippet:-1","max-image-preview":"max-image-preview:large","max-video-preview":"max-video-preview:-1"},"canonical":"https:\/\/tammetalu.eu\/toode\/rauklauk-lisa-blue\/","og_locale":"ru_RU","og_type":"article","og_title":"Rauklauk Allium senescens \"Lisa Blue\" - Tamme talu \u00fcrdiaed","og_description":"Allium senesens  Sellel ilusal rauklaugu sordil on rihmjad, veidi keerdus mahlased lehed ja j\u00e4ikade \u00f5itevarte otsa moodustuvad lillakasroosad \u00f5isikud. On v\u00e4ga talvekindel ja dekoratiivne p\u00fcsik, mis v\u00f5ib kasvada \u00fchel kasvukohal aastaid. Kompaktse puhma k\u00f5rgus umbes 50-60 cm. Ei ole aias esimene kevadine salatitaim, kuna lehed alustavad kasvu alates aprilli l\u00f5pust, kuid \u00fcks viimaseid, millelt veel s\u00fcgisel mahlaseid lehti saab noppida ja mille \u00f5iteilu saab nautida. \u00d5itseb rikkalikult juulist kuni septembri alguseni. Kasvamiseks vajab parasniisket viljakat mulda.  Rauklaugu lehed on mahlased ja tarvitamisk\u00f5lblikud terve hooaja jooksul, kui taimed saavad kasvu ajal piisavalt vett.\u00a0 Taime \u00f5ied ja pungad on samuti s\u00f6\u00f6davad. Paljundada saab rauklauku puhmiku jagamise teel. Lehed on v\u00e4hese sibula maitsega. Sobib v\u00e4rskelt salatitesse ja v\u00f5ileivale, vokkimiseks, kastmetesse ja pirukate t\u00e4idistesse.","og_url":"https:\/\/tammetalu.eu\/toode\/rauklauk-lisa-blue\/","og_site_name":"Tamme talu \u00fcrdiaed","article_publisher":"https:\/\/www.facebook.com\/TammeTaluUrdiaed\/?locale=et_EE","article_modified_time":"2026-04-03T07:07:05+00:00","og_image":[{"width":1024,"height":1365,"url":"https:\/\/tammetalu.eu\/wp-content\/uploads\/2024\/02\/Allium-senescens-Lisa-Blue-tamme-talu-urdiaed.jpg","type":"image\/jpeg"}],"twitter_card":"summary_large_image","twitter_misc":{"\u041f\u0440\u0438\u043c\u0435\u0440\u043d\u043e\u0435 \u0432\u0440\u0435\u043c\u044f \u0434\u043b\u044f \u0447\u0442\u0435\u043d\u0438\u044f":"1 \u043c\u0438\u043d\u0443\u0442\u0430"},"schema":{"@context":"https:\/\/schema.org","@graph":[{"@type":"WebPage","@id":"https:\/\/tammetalu.eu\/toode\/rauklauk-lisa-blue\/","url":"https:\/\/tammetalu.eu\/toode\/rauklauk-lisa-blue\/","name":"Rauklauk Allium senescens \"Lisa Blue\" - Tamme talu \u00fcrdiaed","isPartOf":{"@id":"https:\/\/tammetalu.eu\/#website"},"primaryImageOfPage":{"@id":"https:\/\/tammetalu.eu\/toode\/rauklauk-lisa-blue\/#primaryimage"},"image":{"@id":"https:\/\/tammetalu.eu\/toode\/rauklauk-lisa-blue\/#primaryimage"},"thumbnailUrl":"https:\/\/tammetalu.eu\/wp-content\/uploads\/2024\/02\/Allium-senescens-Lisa-Blue-tamme-talu-urdiaed.jpg","datePublished":"2024-02-29T16:11:45+00:00","dateModified":"2026-04-03T07:07:05+00:00","breadcrumb":{"@id":"https:\/\/tammetalu.eu\/toode\/rauklauk-lisa-blue\/#breadcrumb"},"inLanguage":"ru-RU","potentialAction":[{"@type":"ReadAction","target":["https:\/\/tammetalu.eu\/toode\/rauklauk-lisa-blue\/"]}]},{"@type":"ImageObject","inLanguage":"ru-RU","@id":"https:\/\/tammetalu.eu\/toode\/rauklauk-lisa-blue\/#primaryimage","url":"https:\/\/tammetalu.eu\/wp-content\/uploads\/2024\/02\/Allium-senescens-Lisa-Blue-tamme-talu-urdiaed.jpg","contentUrl":"https:\/\/tammetalu.eu\/wp-content\/uploads\/2024\/02\/Allium-senescens-Lisa-Blue-tamme-talu-urdiaed.jpg","width":1024,"height":1365,"caption":"Allium-senescens-Lisa-Blue-tamme-talu-urdiaed"},{"@type":"BreadcrumbList","@id":"https:\/\/tammetalu.eu\/toode\/rauklauk-lisa-blue\/#breadcrumb","itemListElement":[{"@type":"ListItem","position":1,"name":"Home","item":"https:\/\/tammetalu.eu\/ru\/esileht-rus\/"},{"@type":"ListItem","position":2,"name":"\u041c\u0430\u0433\u0430\u0437\u0438\u043d","item":"https:\/\/tammetalu.eu\/ru\/%d0%bc%d0%b0%d0%b3%d0%b0%d0%b7%d0%b8%d0%bd\/"},{"@type":"ListItem","position":3,"name":"Rauklauk Allium senescens &#8220;Lisa Blue&#8221;"}]},{"@type":"WebSite","@id":"https:\/\/tammetalu.eu\/#website","url":"https:\/\/tammetalu.eu\/","name":"Tamme talu \u00fcrdiaed","description":"K\u00e4sit\u00f6\u00f6na valmistatud tooted \u00fcrtidest, \u00fcrdiistikud, \u00fcrtide kollektsioonaed","publisher":{"@id":"https:\/\/tammetalu.eu\/#organization"},"alternateName":"Tamme talu","potentialAction":[{"@type":"SearchAction","target":{"@type":"EntryPoint","urlTemplate":"https:\/\/tammetalu.eu\/?s={search_term_string}"},"query-input":{"@type":"PropertyValueSpecification","valueRequired":true,"valueName":"search_term_string"}}],"inLanguage":"ru-RU"},{"@type":"Organization","@id":"https:\/\/tammetalu.eu\/#organization","name":"Tamme talu \u00fcrdiaed","alternateName":"Tamme talu","url":"https:\/\/tammetalu.eu\/","logo":{"@type":"ImageObject","inLanguage":"ru-RU","@id":"https:\/\/tammetalu.eu\/#\/schema\/logo\/image\/","url":"https:\/\/tammetalu.eu\/wp-content\/uploads\/2025\/01\/Tamme_talu_urdiaed.png","contentUrl":"https:\/\/tammetalu.eu\/wp-content\/uploads\/2025\/01\/Tamme_talu_urdiaed.png","width":560,"height":560,"caption":"Tamme talu \u00fcrdiaed"},"image":{"@id":"https:\/\/tammetalu.eu\/#\/schema\/logo\/image\/"},"sameAs":["https:\/\/www.facebook.com\/TammeTaluUrdiaed\/?locale=et_EE","https:\/\/www.instagram.com\/tammetaluurdiaed\/"]}]}},"_links":{"self":[{"href":"https:\/\/tammetalu.eu\/ru\/wp-json\/wp\/v2\/product\/19948","targetHints":{"allow":["GET"]}}],"collection":[{"href":"https:\/\/tammetalu.eu\/ru\/wp-json\/wp\/v2\/product"}],"about":[{"href":"https:\/\/tammetalu.eu\/ru\/wp-json\/wp\/v2\/types\/product"}],"wp:featuredmedia":[{"embeddable":true,"href":"https:\/\/tammetalu.eu\/ru\/wp-json\/wp\/v2\/media\/20060"}],"wp:attachment":[{"href":"https:\/\/tammetalu.eu\/ru\/wp-json\/wp\/v2\/media?parent=19948"}],"wp:term":[{"taxonomy":"product_brand","embeddable":true,"href":"https:\/\/tammetalu.eu\/ru\/wp-json\/wp\/v2\/product_brand?post=19948"},{"taxonomy":"product_cat","embeddable":true,"href":"https:\/\/tammetalu.eu\/ru\/wp-json\/wp\/v2\/product_cat?post=19948"},{"taxonomy":"product_tag","embeddable":true,"href":"https:\/\/tammetalu.eu\/ru\/wp-json\/wp\/v2\/product_tag?post=19948"}],"curies":[{"name":"wp","href":"https:\/\/api.w.org\/{rel}","templated":true}]}}