{"id":20163,"date":"2024-03-14T19:17:32","date_gmt":"2024-03-14T17:17:32","guid":{"rendered":"https:\/\/tammetalu.eu\/?post_type=product&#038;p=20163"},"modified":"2026-05-04T08:49:29","modified_gmt":"2026-05-04T05:49:29","slug":"vietnami-kirbutatar-rau-ram","status":"publish","type":"product","link":"https:\/\/tammetalu.eu\/ru\/toode\/vietnami-kirbutatar-rau-ram\/","title":{"rendered":"Vietnami kirburohi Persicaria odorata Rau Ram"},"content":{"rendered":"<p>&nbsp;<\/p>\n<p>&nbsp;<\/p>\n","protected":false},"excerpt":{"rendered":"<p>Vietnami kirburohi <em>Persicaria odorata<\/em> Rau Ram<\/p>\n<p>LAT:\u00a0 <em>Persicaria odorata<\/em><\/p>\n<p>ENG: Vietnamese coriander<\/p>\n<p>RU:\u00a0 \u0412\u044c\u0435\u0442\u043d\u0430\u043c\u0441\u043a\u0438\u0439 k\u043e\u0440\u0438\u0430\u043d\u0434\u0440<\/p>\n<p>FI: Vietnamese coriander<\/p>\n<p>Persicaria odorata s\u00fcn. Polygonum odoratum<\/p>\n<p>Vietnami kirburohi (vietnami kirbutatar, \u00a0mida tuntakse kui Rau Ram) on Aasia k\u00f6\u00f6gis laialt kasutatav maitse- ja salatitaim, millel on meeldiv koriandri maitse v\u00e4ikese sidrunise n\u00fcansiga. Taime saab kasvatada potitaimena siseruumides ja suvel \u00f5ues. Vietnami kirburohi armastab sooja p\u00e4ikesepaistelist v\u00f5i poolvarjulist kasvukohta. Mida niiskem on tema kasvukeskkond, seda lopsakam on taime kasv ja mahlasemad v\u00f5rsed. Kui taim muutub liialt lopsakaks v\u00f5i h\u00f5redaks, v\u00f5ib taime p\u00fcgamisega ergutada uute v\u00f5rsete kasvu. Talveks saab taime toas edasi kasvatada, kuid t\u00e4helepanelik peab olema taime kastmisel ja lehtede niisutamisel.<\/p>\n<p>Rau Ram sobib h\u00e4sti paljudesse Aasia roogadesse, eriti suppidesse, kastmetesse, salatitesse ja roheliste karrikastmetesse. Rau Ram lehti kasutatakse sageli v\u00e4rskelt lisandina otse toidule, kuid neid v\u00f5ib ka t\u00fckeldada ja lisada kuumt\u00f6\u00f6deldud roogadele just enne serveerimist. Rau Rami kasutatakse m\u00f5nikord k\u00f6\u00f6gis peterselli ja koriandri asendajana. Rau Ramist v\u00f5ib valmistada ka teed, mis on jahutava ja rahustava m\u00f5juga ning on v\u00e4rskendava toimega<\/p>\n<p>Traditsioonilises Aasia rahvameditsiinis kasutatakse Rau Rami seedimise parandamiseks. Seda v\u00f5ib tarbida seedeh\u00e4irete, nagu k\u00f5hupuhitus ja seedetrakti krambid, leevendamiseks. Rau Rami lehtedel on p\u00f5letikuvastased omadused, mist\u00f5ttu neid v\u00f5ib kasutada kergemate p\u00f5letike leevendamiseks. Soovitatakse ka taime tarbimist stressi ja \u00e4revuse leevendamiseks ning n\u00e4rvis\u00fcsteemi rahustamiseks.<\/p>\n<p>K\u00f5rgus: kuni 1,5 m<\/p>\n<p>Talvekindlus: Talvel siseruumides<\/p>\n<p>Poti suurus : 9-11<\/p>\n<p>&nbsp;<\/p>\n","protected":false},"featured_media":20557,"template":"","meta":{"_acf_changed":false,"_et_pb_use_builder":"","_et_pb_old_content":"","_et_gb_content_width":"","inline_featured_image":false},"product_brand":[],"product_cat":[237,186],"product_tag":[],"class_list":{"0":"post-20163","1":"product","2":"type-product","3":"status-publish","4":"has-post-thumbnail","6":"product_cat-aasia-toidutaimed","7":"product_cat-maitse-ja-ravimtaimede-istikud","9":"first","10":"instock","11":"taxable","12":"shipping-taxable","13":"purchasable","14":"product-type-simple"},"acf":[],"yoast_head":"<!-- This site is optimized with the Yoast SEO plugin v27.5 - https:\/\/yoast.com\/product\/yoast-seo-wordpress\/ -->\n<title>Vietnami kirburohi Persicaria odorata Rau Ram - Tamme talu \u00fcrdiaed<\/title>\n<meta name=\"description\" content=\"V\u00e4rskendava sidruni aroomi ja maitsega soojan\u00f5udlik taim, v\u00f5ib kasvada kuni 1,2m k\u00f5rguseks. Soovitav on taime kasvatada potitaimena.\" \/>\n<meta name=\"robots\" content=\"index, follow, max-snippet:-1, max-image-preview:large, max-video-preview:-1\" \/>\n<link rel=\"canonical\" href=\"https:\/\/tammetalu.eu\/toode\/vietnami-kirbutatar-rau-ram\/\" \/>\n<meta property=\"og:locale\" content=\"ru_RU\" \/>\n<meta property=\"og:type\" content=\"article\" \/>\n<meta property=\"og:title\" content=\"Vietnami kirburohi Persicaria odorata Rau Ram - Tamme talu \u00fcrdiaed\" \/>\n<meta property=\"og:description\" content=\"V\u00e4rskendava sidruni aroomi ja maitsega soojan\u00f5udlik taim, v\u00f5ib kasvada kuni 1,2m k\u00f5rguseks. Soovitav on taime kasvatada potitaimena.\" \/>\n<meta property=\"og:url\" content=\"https:\/\/tammetalu.eu\/toode\/vietnami-kirbutatar-rau-ram\/\" \/>\n<meta property=\"og:site_name\" content=\"Tamme talu \u00fcrdiaed\" \/>\n<meta property=\"article:publisher\" content=\"https:\/\/www.facebook.com\/TammeTaluUrdiaed\/?locale=et_EE\" \/>\n<meta property=\"article:modified_time\" content=\"2026-05-04T05:49:29+00:00\" \/>\n<meta property=\"og:image\" content=\"https:\/\/tammetalu.eu\/wp-content\/uploads\/2024\/03\/vietnami-kirbutatar-rau-ram-Persicaria-odorata-sun.-Polygonum-odoratum-tamme-talu-urdiaed.jpg\" \/>\n\t<meta property=\"og:image:width\" content=\"1500\" \/>\n\t<meta property=\"og:image:height\" content=\"1500\" \/>\n\t<meta property=\"og:image:type\" content=\"image\/jpeg\" \/>\n<meta name=\"twitter:card\" content=\"summary_large_image\" \/>\n<meta name=\"twitter:label1\" content=\"\u041f\u0440\u0438\u043c\u0435\u0440\u043d\u043e\u0435 \u0432\u0440\u0435\u043c\u044f \u0434\u043b\u044f \u0447\u0442\u0435\u043d\u0438\u044f\" \/>\n\t<meta name=\"twitter:data1\" content=\"1 \u043c\u0438\u043d\u0443\u0442\u0430\" \/>\n<script type=\"application\/ld+json\" class=\"yoast-schema-graph\">{\"@context\":\"https:\\\/\\\/schema.org\",\"@graph\":[{\"@type\":\"WebPage\",\"@id\":\"https:\\\/\\\/tammetalu.eu\\\/toode\\\/vietnami-kirbutatar-rau-ram\\\/\",\"url\":\"https:\\\/\\\/tammetalu.eu\\\/toode\\\/vietnami-kirbutatar-rau-ram\\\/\",\"name\":\"Vietnami kirburohi Persicaria odorata Rau Ram - Tamme talu \u00fcrdiaed\",\"isPartOf\":{\"@id\":\"https:\\\/\\\/tammetalu.eu\\\/#website\"},\"primaryImageOfPage\":{\"@id\":\"https:\\\/\\\/tammetalu.eu\\\/toode\\\/vietnami-kirbutatar-rau-ram\\\/#primaryimage\"},\"image\":{\"@id\":\"https:\\\/\\\/tammetalu.eu\\\/toode\\\/vietnami-kirbutatar-rau-ram\\\/#primaryimage\"},\"thumbnailUrl\":\"https:\\\/\\\/tammetalu.eu\\\/wp-content\\\/uploads\\\/2024\\\/03\\\/vietnami-kirbutatar-rau-ram-Persicaria-odorata-sun.-Polygonum-odoratum-tamme-talu-urdiaed.jpg\",\"datePublished\":\"2024-03-14T17:17:32+00:00\",\"dateModified\":\"2026-05-04T05:49:29+00:00\",\"description\":\"V\u00e4rskendava sidruni aroomi ja maitsega soojan\u00f5udlik taim, v\u00f5ib kasvada kuni 1,2m k\u00f5rguseks. Soovitav on taime kasvatada potitaimena.\",\"breadcrumb\":{\"@id\":\"https:\\\/\\\/tammetalu.eu\\\/toode\\\/vietnami-kirbutatar-rau-ram\\\/#breadcrumb\"},\"inLanguage\":\"ru-RU\",\"potentialAction\":[{\"@type\":\"ReadAction\",\"target\":[\"https:\\\/\\\/tammetalu.eu\\\/toode\\\/vietnami-kirbutatar-rau-ram\\\/\"]}]},{\"@type\":\"ImageObject\",\"inLanguage\":\"ru-RU\",\"@id\":\"https:\\\/\\\/tammetalu.eu\\\/toode\\\/vietnami-kirbutatar-rau-ram\\\/#primaryimage\",\"url\":\"https:\\\/\\\/tammetalu.eu\\\/wp-content\\\/uploads\\\/2024\\\/03\\\/vietnami-kirbutatar-rau-ram-Persicaria-odorata-sun.-Polygonum-odoratum-tamme-talu-urdiaed.jpg\",\"contentUrl\":\"https:\\\/\\\/tammetalu.eu\\\/wp-content\\\/uploads\\\/2024\\\/03\\\/vietnami-kirbutatar-rau-ram-Persicaria-odorata-sun.-Polygonum-odoratum-tamme-talu-urdiaed.jpg\",\"width\":1500,\"height\":1500,\"caption\":\"vietnami-kirbutatar-rau-ram-Persicaria-odorata-sun.-Polygonum-odoratum-tamme-talu-urdiaed\"},{\"@type\":\"BreadcrumbList\",\"@id\":\"https:\\\/\\\/tammetalu.eu\\\/toode\\\/vietnami-kirbutatar-rau-ram\\\/#breadcrumb\",\"itemListElement\":[{\"@type\":\"ListItem\",\"position\":1,\"name\":\"Home\",\"item\":\"https:\\\/\\\/tammetalu.eu\\\/ru\\\/esileht-rus\\\/\"},{\"@type\":\"ListItem\",\"position\":2,\"name\":\"\u041c\u0430\u0433\u0430\u0437\u0438\u043d\",\"item\":\"https:\\\/\\\/tammetalu.eu\\\/ru\\\/%d0%bc%d0%b0%d0%b3%d0%b0%d0%b7%d0%b8%d0%bd\\\/\"},{\"@type\":\"ListItem\",\"position\":3,\"name\":\"Vietnami kirburohi Persicaria odorata Rau Ram\"}]},{\"@type\":\"WebSite\",\"@id\":\"https:\\\/\\\/tammetalu.eu\\\/#website\",\"url\":\"https:\\\/\\\/tammetalu.eu\\\/\",\"name\":\"Tamme talu \u00fcrdiaed\",\"description\":\"K\u00e4sit\u00f6\u00f6na valmistatud tooted \u00fcrtidest, \u00fcrdiistikud, \u00fcrtide kollektsioonaed\",\"publisher\":{\"@id\":\"https:\\\/\\\/tammetalu.eu\\\/#organization\"},\"alternateName\":\"Tamme talu\",\"potentialAction\":[{\"@type\":\"SearchAction\",\"target\":{\"@type\":\"EntryPoint\",\"urlTemplate\":\"https:\\\/\\\/tammetalu.eu\\\/?s={search_term_string}\"},\"query-input\":{\"@type\":\"PropertyValueSpecification\",\"valueRequired\":true,\"valueName\":\"search_term_string\"}}],\"inLanguage\":\"ru-RU\"},{\"@type\":\"Organization\",\"@id\":\"https:\\\/\\\/tammetalu.eu\\\/#organization\",\"name\":\"Tamme talu \u00fcrdiaed\",\"alternateName\":\"Tamme talu\",\"url\":\"https:\\\/\\\/tammetalu.eu\\\/\",\"logo\":{\"@type\":\"ImageObject\",\"inLanguage\":\"ru-RU\",\"@id\":\"https:\\\/\\\/tammetalu.eu\\\/#\\\/schema\\\/logo\\\/image\\\/\",\"url\":\"https:\\\/\\\/tammetalu.eu\\\/wp-content\\\/uploads\\\/2025\\\/01\\\/Tamme_talu_urdiaed.png\",\"contentUrl\":\"https:\\\/\\\/tammetalu.eu\\\/wp-content\\\/uploads\\\/2025\\\/01\\\/Tamme_talu_urdiaed.png\",\"width\":560,\"height\":560,\"caption\":\"Tamme talu \u00fcrdiaed\"},\"image\":{\"@id\":\"https:\\\/\\\/tammetalu.eu\\\/#\\\/schema\\\/logo\\\/image\\\/\"},\"sameAs\":[\"https:\\\/\\\/www.facebook.com\\\/TammeTaluUrdiaed\\\/?locale=et_EE\",\"https:\\\/\\\/www.instagram.com\\\/tammetaluurdiaed\\\/\"]}]}<\/script>\n<!-- \/ Yoast SEO plugin. -->","yoast_head_json":{"title":"Vietnami kirburohi Persicaria odorata Rau Ram - Tamme talu \u00fcrdiaed","description":"V\u00e4rskendava sidruni aroomi ja maitsega soojan\u00f5udlik taim, v\u00f5ib kasvada kuni 1,2m k\u00f5rguseks. Soovitav on taime kasvatada potitaimena.","robots":{"index":"index","follow":"follow","max-snippet":"max-snippet:-1","max-image-preview":"max-image-preview:large","max-video-preview":"max-video-preview:-1"},"canonical":"https:\/\/tammetalu.eu\/toode\/vietnami-kirbutatar-rau-ram\/","og_locale":"ru_RU","og_type":"article","og_title":"Vietnami kirburohi Persicaria odorata Rau Ram - Tamme talu \u00fcrdiaed","og_description":"V\u00e4rskendava sidruni aroomi ja maitsega soojan\u00f5udlik taim, v\u00f5ib kasvada kuni 1,2m k\u00f5rguseks. Soovitav on taime kasvatada potitaimena.","og_url":"https:\/\/tammetalu.eu\/toode\/vietnami-kirbutatar-rau-ram\/","og_site_name":"Tamme talu \u00fcrdiaed","article_publisher":"https:\/\/www.facebook.com\/TammeTaluUrdiaed\/?locale=et_EE","article_modified_time":"2026-05-04T05:49:29+00:00","og_image":[{"width":1500,"height":1500,"url":"https:\/\/tammetalu.eu\/wp-content\/uploads\/2024\/03\/vietnami-kirbutatar-rau-ram-Persicaria-odorata-sun.-Polygonum-odoratum-tamme-talu-urdiaed.jpg","type":"image\/jpeg"}],"twitter_card":"summary_large_image","twitter_misc":{"\u041f\u0440\u0438\u043c\u0435\u0440\u043d\u043e\u0435 \u0432\u0440\u0435\u043c\u044f \u0434\u043b\u044f \u0447\u0442\u0435\u043d\u0438\u044f":"1 \u043c\u0438\u043d\u0443\u0442\u0430"},"schema":{"@context":"https:\/\/schema.org","@graph":[{"@type":"WebPage","@id":"https:\/\/tammetalu.eu\/toode\/vietnami-kirbutatar-rau-ram\/","url":"https:\/\/tammetalu.eu\/toode\/vietnami-kirbutatar-rau-ram\/","name":"Vietnami kirburohi Persicaria odorata Rau Ram - Tamme talu \u00fcrdiaed","isPartOf":{"@id":"https:\/\/tammetalu.eu\/#website"},"primaryImageOfPage":{"@id":"https:\/\/tammetalu.eu\/toode\/vietnami-kirbutatar-rau-ram\/#primaryimage"},"image":{"@id":"https:\/\/tammetalu.eu\/toode\/vietnami-kirbutatar-rau-ram\/#primaryimage"},"thumbnailUrl":"https:\/\/tammetalu.eu\/wp-content\/uploads\/2024\/03\/vietnami-kirbutatar-rau-ram-Persicaria-odorata-sun.-Polygonum-odoratum-tamme-talu-urdiaed.jpg","datePublished":"2024-03-14T17:17:32+00:00","dateModified":"2026-05-04T05:49:29+00:00","description":"V\u00e4rskendava sidruni aroomi ja maitsega soojan\u00f5udlik taim, v\u00f5ib kasvada kuni 1,2m k\u00f5rguseks. Soovitav on taime kasvatada potitaimena.","breadcrumb":{"@id":"https:\/\/tammetalu.eu\/toode\/vietnami-kirbutatar-rau-ram\/#breadcrumb"},"inLanguage":"ru-RU","potentialAction":[{"@type":"ReadAction","target":["https:\/\/tammetalu.eu\/toode\/vietnami-kirbutatar-rau-ram\/"]}]},{"@type":"ImageObject","inLanguage":"ru-RU","@id":"https:\/\/tammetalu.eu\/toode\/vietnami-kirbutatar-rau-ram\/#primaryimage","url":"https:\/\/tammetalu.eu\/wp-content\/uploads\/2024\/03\/vietnami-kirbutatar-rau-ram-Persicaria-odorata-sun.-Polygonum-odoratum-tamme-talu-urdiaed.jpg","contentUrl":"https:\/\/tammetalu.eu\/wp-content\/uploads\/2024\/03\/vietnami-kirbutatar-rau-ram-Persicaria-odorata-sun.-Polygonum-odoratum-tamme-talu-urdiaed.jpg","width":1500,"height":1500,"caption":"vietnami-kirbutatar-rau-ram-Persicaria-odorata-sun.-Polygonum-odoratum-tamme-talu-urdiaed"},{"@type":"BreadcrumbList","@id":"https:\/\/tammetalu.eu\/toode\/vietnami-kirbutatar-rau-ram\/#breadcrumb","itemListElement":[{"@type":"ListItem","position":1,"name":"Home","item":"https:\/\/tammetalu.eu\/ru\/esileht-rus\/"},{"@type":"ListItem","position":2,"name":"\u041c\u0430\u0433\u0430\u0437\u0438\u043d","item":"https:\/\/tammetalu.eu\/ru\/%d0%bc%d0%b0%d0%b3%d0%b0%d0%b7%d0%b8%d0%bd\/"},{"@type":"ListItem","position":3,"name":"Vietnami kirburohi Persicaria odorata Rau Ram"}]},{"@type":"WebSite","@id":"https:\/\/tammetalu.eu\/#website","url":"https:\/\/tammetalu.eu\/","name":"Tamme talu \u00fcrdiaed","description":"K\u00e4sit\u00f6\u00f6na valmistatud tooted \u00fcrtidest, \u00fcrdiistikud, \u00fcrtide kollektsioonaed","publisher":{"@id":"https:\/\/tammetalu.eu\/#organization"},"alternateName":"Tamme talu","potentialAction":[{"@type":"SearchAction","target":{"@type":"EntryPoint","urlTemplate":"https:\/\/tammetalu.eu\/?s={search_term_string}"},"query-input":{"@type":"PropertyValueSpecification","valueRequired":true,"valueName":"search_term_string"}}],"inLanguage":"ru-RU"},{"@type":"Organization","@id":"https:\/\/tammetalu.eu\/#organization","name":"Tamme talu \u00fcrdiaed","alternateName":"Tamme talu","url":"https:\/\/tammetalu.eu\/","logo":{"@type":"ImageObject","inLanguage":"ru-RU","@id":"https:\/\/tammetalu.eu\/#\/schema\/logo\/image\/","url":"https:\/\/tammetalu.eu\/wp-content\/uploads\/2025\/01\/Tamme_talu_urdiaed.png","contentUrl":"https:\/\/tammetalu.eu\/wp-content\/uploads\/2025\/01\/Tamme_talu_urdiaed.png","width":560,"height":560,"caption":"Tamme talu \u00fcrdiaed"},"image":{"@id":"https:\/\/tammetalu.eu\/#\/schema\/logo\/image\/"},"sameAs":["https:\/\/www.facebook.com\/TammeTaluUrdiaed\/?locale=et_EE","https:\/\/www.instagram.com\/tammetaluurdiaed\/"]}]}},"_links":{"self":[{"href":"https:\/\/tammetalu.eu\/ru\/wp-json\/wp\/v2\/product\/20163","targetHints":{"allow":["GET"]}}],"collection":[{"href":"https:\/\/tammetalu.eu\/ru\/wp-json\/wp\/v2\/product"}],"about":[{"href":"https:\/\/tammetalu.eu\/ru\/wp-json\/wp\/v2\/types\/product"}],"wp:featuredmedia":[{"embeddable":true,"href":"https:\/\/tammetalu.eu\/ru\/wp-json\/wp\/v2\/media\/20557"}],"wp:attachment":[{"href":"https:\/\/tammetalu.eu\/ru\/wp-json\/wp\/v2\/media?parent=20163"}],"wp:term":[{"taxonomy":"product_brand","embeddable":true,"href":"https:\/\/tammetalu.eu\/ru\/wp-json\/wp\/v2\/product_brand?post=20163"},{"taxonomy":"product_cat","embeddable":true,"href":"https:\/\/tammetalu.eu\/ru\/wp-json\/wp\/v2\/product_cat?post=20163"},{"taxonomy":"product_tag","embeddable":true,"href":"https:\/\/tammetalu.eu\/ru\/wp-json\/wp\/v2\/product_tag?post=20163"}],"curies":[{"name":"wp","href":"https:\/\/api.w.org\/{rel}","templated":true}]}}