{"id":20165,"date":"2024-03-14T20:10:34","date_gmt":"2024-03-14T18:10:34","guid":{"rendered":"https:\/\/tammetalu.eu\/?post_type=product&#038;p=20165"},"modified":"2026-02-02T15:14:40","modified_gmt":"2026-02-02T13:14:40","slug":"ananass-salvei-golden-delicious","status":"publish","type":"product","link":"https:\/\/tammetalu.eu\/ru\/toode\/ananass-salvei-golden-delicious\/","title":{"rendered":"Ananass-salvei &#171;Golden Delicious&#187;"},"content":{"rendered":"","protected":false},"excerpt":{"rendered":"<p><em>Salvia elegans<\/em><\/p>\n<p>V\u00e4ga aromaatsete ananassi l\u00f5hnaliste lehtede ja j\u00f5ulise kasvuga k\u00fclmahell p\u00fcsik.\u00a0 Taimel on rohekaskollased, veidi karekarvased lehed ja erkpunased v\u00e4heldased torukujulised \u00f5ied. K\u00f5rgus kuni 1,2 m. K\u00e4rpimisega saab taime kasvuk\u00f5rgust sobivas suunas m\u00f5jutada. On k\u00fclmahell, seep\u00e4rast tuleb taim enne miinuskraadide saabumist siseruumidesse talvituma t\u00f5sta. Kuna jahedas ja valges siseruumis on ananass-salveid kerge \u00fcle talve pidada, siis tasuks kaaluda teda kasvatada mitmeaastase taimena. Ananass-salvei kasvab h\u00e4sti viljakas parasniiskes mullas, p\u00e4ikeselises kuni poolvarjulises kasvukohas. Soovitav on kasvatada potitaimena. Sobib kasvatada r\u00f5dul ja terrassil l\u00f5hnataimeks. Raviomadusi sellel salveiliigil ei ole. Kasvatada tasub ananass-salveid eelk\u00f5ige just meeldiva l\u00f5hna ja lopsaka kasvu p\u00e4rast.<\/p>\n<p>Lehti v\u00f5ib kasutada teeks ja salatites ning liha- ja aedviljatoitude lisandina koos teiste maitse- ja salatitaimedega.<\/p>\n<p>&nbsp;<\/p>\n","protected":false},"featured_media":20553,"template":"","meta":{"_acf_changed":false,"_et_pb_use_builder":"","_et_pb_old_content":"","_et_gb_content_width":"","inline_featured_image":false},"product_brand":[],"product_cat":[186,196],"product_tag":[],"class_list":{"0":"post-20165","1":"product","2":"type-product","3":"status-publish","4":"has-post-thumbnail","6":"product_cat-maitse-ja-ravimtaimede-istikud","7":"product_cat-salveid","9":"first","10":"outofstock","11":"sale","12":"taxable","13":"shipping-taxable","14":"purchasable","15":"product-type-simple"},"acf":[],"yoast_head":"<!-- This site is optimized with the Yoast SEO plugin v26.4 - https:\/\/yoast.com\/wordpress\/plugins\/seo\/ -->\n<title>Ananass-salvei &quot;Golden Delicious&quot; - Tamme talu \u00fcrdiaed<\/title>\n<meta name=\"robots\" content=\"index, follow, max-snippet:-1, max-image-preview:large, max-video-preview:-1\" \/>\n<link rel=\"canonical\" href=\"https:\/\/tammetalu.eu\/toode\/ananass-salvei-golden-delicious\/\" \/>\n<meta property=\"og:locale\" content=\"ru_RU\" \/>\n<meta property=\"og:type\" content=\"article\" \/>\n<meta property=\"og:title\" content=\"Ananass-salvei &quot;Golden Delicious&quot; - Tamme talu \u00fcrdiaed\" \/>\n<meta property=\"og:description\" content=\"Salvia elegans  V\u00e4ga aromaatsete ananassi l\u00f5hnaliste lehtede ja j\u00f5ulise kasvuga k\u00fclmahell p\u00fcsik.\u00a0 Taimel on rohekaskollased, veidi karekarvased lehed ja erkpunased v\u00e4heldased torukujulised \u00f5ied. K\u00f5rgus kuni 1,2 m. K\u00e4rpimisega saab taime kasvuk\u00f5rgust sobivas suunas m\u00f5jutada. On k\u00fclmahell, seep\u00e4rast tuleb taim enne miinuskraadide saabumist siseruumidesse talvituma t\u00f5sta. Kuna jahedas ja valges siseruumis on ananass-salveid kerge \u00fcle talve pidada, siis tasuks kaaluda teda kasvatada mitmeaastase taimena. Ananass-salvei kasvab h\u00e4sti viljakas parasniiskes mullas, p\u00e4ikeselises kuni poolvarjulises kasvukohas. Soovitav on kasvatada potitaimena. Sobib kasvatada r\u00f5dul ja terrassil l\u00f5hnataimeks. Raviomadusi sellel salveiliigil ei ole. Kasvatada tasub ananass-salveid eelk\u00f5ige just meeldiva l\u00f5hna ja lopsaka kasvu p\u00e4rast.  Lehti v\u00f5ib kasutada teeks ja salatites ning liha- ja aedviljatoitude lisandina koos teiste maitse- ja salatitaimedega.  &nbsp;\" \/>\n<meta property=\"og:url\" content=\"https:\/\/tammetalu.eu\/toode\/ananass-salvei-golden-delicious\/\" \/>\n<meta property=\"og:site_name\" content=\"Tamme talu \u00fcrdiaed\" \/>\n<meta property=\"article:publisher\" content=\"https:\/\/www.facebook.com\/TammeTaluUrdiaed\/?locale=et_EE\" \/>\n<meta property=\"article:modified_time\" content=\"2026-02-02T13:14:40+00:00\" \/>\n<meta property=\"og:image\" content=\"https:\/\/tammetalu.eu\/wp-content\/uploads\/2024\/03\/ananass-salvei-Salvia-elegans-golden-delicious-tamme-talu-urdiaed.jpg\" \/>\n\t<meta property=\"og:image:width\" content=\"1500\" \/>\n\t<meta property=\"og:image:height\" content=\"1500\" \/>\n\t<meta property=\"og:image:type\" content=\"image\/jpeg\" \/>\n<meta name=\"twitter:card\" content=\"summary_large_image\" \/>\n<meta name=\"twitter:label1\" content=\"\u041f\u0440\u0438\u043c\u0435\u0440\u043d\u043e\u0435 \u0432\u0440\u0435\u043c\u044f \u0434\u043b\u044f \u0447\u0442\u0435\u043d\u0438\u044f\" \/>\n\t<meta name=\"twitter:data1\" content=\"1 \u043c\u0438\u043d\u0443\u0442\u0430\" \/>\n<script type=\"application\/ld+json\" class=\"yoast-schema-graph\">{\"@context\":\"https:\/\/schema.org\",\"@graph\":[{\"@type\":\"WebPage\",\"@id\":\"https:\/\/tammetalu.eu\/toode\/ananass-salvei-golden-delicious\/\",\"url\":\"https:\/\/tammetalu.eu\/toode\/ananass-salvei-golden-delicious\/\",\"name\":\"Ananass-salvei \\\"Golden Delicious\\\" - Tamme talu \u00fcrdiaed\",\"isPartOf\":{\"@id\":\"https:\/\/tammetalu.eu\/#website\"},\"primaryImageOfPage\":{\"@id\":\"https:\/\/tammetalu.eu\/toode\/ananass-salvei-golden-delicious\/#primaryimage\"},\"image\":{\"@id\":\"https:\/\/tammetalu.eu\/toode\/ananass-salvei-golden-delicious\/#primaryimage\"},\"thumbnailUrl\":\"https:\/\/tammetalu.eu\/wp-content\/uploads\/2024\/03\/ananass-salvei-Salvia-elegans-golden-delicious-tamme-talu-urdiaed.jpg\",\"datePublished\":\"2024-03-14T18:10:34+00:00\",\"dateModified\":\"2026-02-02T13:14:40+00:00\",\"breadcrumb\":{\"@id\":\"https:\/\/tammetalu.eu\/toode\/ananass-salvei-golden-delicious\/#breadcrumb\"},\"inLanguage\":\"ru-RU\",\"potentialAction\":[{\"@type\":\"ReadAction\",\"target\":[\"https:\/\/tammetalu.eu\/toode\/ananass-salvei-golden-delicious\/\"]}]},{\"@type\":\"ImageObject\",\"inLanguage\":\"ru-RU\",\"@id\":\"https:\/\/tammetalu.eu\/toode\/ananass-salvei-golden-delicious\/#primaryimage\",\"url\":\"https:\/\/tammetalu.eu\/wp-content\/uploads\/2024\/03\/ananass-salvei-Salvia-elegans-golden-delicious-tamme-talu-urdiaed.jpg\",\"contentUrl\":\"https:\/\/tammetalu.eu\/wp-content\/uploads\/2024\/03\/ananass-salvei-Salvia-elegans-golden-delicious-tamme-talu-urdiaed.jpg\",\"width\":1500,\"height\":1500,\"caption\":\"ananass-salvei-Salvia-elegans-golden-delicious-tamme-talu-urdiaed\"},{\"@type\":\"BreadcrumbList\",\"@id\":\"https:\/\/tammetalu.eu\/toode\/ananass-salvei-golden-delicious\/#breadcrumb\",\"itemListElement\":[{\"@type\":\"ListItem\",\"position\":1,\"name\":\"Home\",\"item\":\"https:\/\/tammetalu.eu\/ru\/esileht-rus\/\"},{\"@type\":\"ListItem\",\"position\":2,\"name\":\"\u041c\u0430\u0433\u0430\u0437\u0438\u043d\",\"item\":\"https:\/\/tammetalu.eu\/ru\/%d0%bc%d0%b0%d0%b3%d0%b0%d0%b7%d0%b8%d0%bd\/\"},{\"@type\":\"ListItem\",\"position\":3,\"name\":\"Ananass-salvei &#8220;Golden Delicious&#8221;\"}]},{\"@type\":\"WebSite\",\"@id\":\"https:\/\/tammetalu.eu\/#website\",\"url\":\"https:\/\/tammetalu.eu\/\",\"name\":\"Tamme talu \u00fcrdiaed\",\"description\":\"K\u00e4sit\u00f6\u00f6na valmistatud tooted \u00fcrtidest, \u00fcrdiistikud, \u00fcrtide kollektsioonaed\",\"publisher\":{\"@id\":\"https:\/\/tammetalu.eu\/#organization\"},\"alternateName\":\"Tamme talu\",\"potentialAction\":[{\"@type\":\"SearchAction\",\"target\":{\"@type\":\"EntryPoint\",\"urlTemplate\":\"https:\/\/tammetalu.eu\/?s={search_term_string}\"},\"query-input\":{\"@type\":\"PropertyValueSpecification\",\"valueRequired\":true,\"valueName\":\"search_term_string\"}}],\"inLanguage\":\"ru-RU\"},{\"@type\":\"Organization\",\"@id\":\"https:\/\/tammetalu.eu\/#organization\",\"name\":\"Tamme talu \u00fcrdiaed\",\"alternateName\":\"Tamme talu\",\"url\":\"https:\/\/tammetalu.eu\/\",\"logo\":{\"@type\":\"ImageObject\",\"inLanguage\":\"ru-RU\",\"@id\":\"https:\/\/tammetalu.eu\/#\/schema\/logo\/image\/\",\"url\":\"https:\/\/tammetalu.eu\/wp-content\/uploads\/2025\/01\/Tamme_talu_urdiaed.png\",\"contentUrl\":\"https:\/\/tammetalu.eu\/wp-content\/uploads\/2025\/01\/Tamme_talu_urdiaed.png\",\"width\":560,\"height\":560,\"caption\":\"Tamme talu \u00fcrdiaed\"},\"image\":{\"@id\":\"https:\/\/tammetalu.eu\/#\/schema\/logo\/image\/\"},\"sameAs\":[\"https:\/\/www.facebook.com\/TammeTaluUrdiaed\/?locale=et_EE\",\"https:\/\/www.instagram.com\/tammetaluurdiaed\/\"]}]}<\/script>\n<!-- \/ Yoast SEO plugin. -->","yoast_head_json":{"title":"Ananass-salvei \"Golden Delicious\" - Tamme talu \u00fcrdiaed","robots":{"index":"index","follow":"follow","max-snippet":"max-snippet:-1","max-image-preview":"max-image-preview:large","max-video-preview":"max-video-preview:-1"},"canonical":"https:\/\/tammetalu.eu\/toode\/ananass-salvei-golden-delicious\/","og_locale":"ru_RU","og_type":"article","og_title":"Ananass-salvei \"Golden Delicious\" - Tamme talu \u00fcrdiaed","og_description":"Salvia elegans  V\u00e4ga aromaatsete ananassi l\u00f5hnaliste lehtede ja j\u00f5ulise kasvuga k\u00fclmahell p\u00fcsik.\u00a0 Taimel on rohekaskollased, veidi karekarvased lehed ja erkpunased v\u00e4heldased torukujulised \u00f5ied. K\u00f5rgus kuni 1,2 m. K\u00e4rpimisega saab taime kasvuk\u00f5rgust sobivas suunas m\u00f5jutada. On k\u00fclmahell, seep\u00e4rast tuleb taim enne miinuskraadide saabumist siseruumidesse talvituma t\u00f5sta. Kuna jahedas ja valges siseruumis on ananass-salveid kerge \u00fcle talve pidada, siis tasuks kaaluda teda kasvatada mitmeaastase taimena. Ananass-salvei kasvab h\u00e4sti viljakas parasniiskes mullas, p\u00e4ikeselises kuni poolvarjulises kasvukohas. Soovitav on kasvatada potitaimena. Sobib kasvatada r\u00f5dul ja terrassil l\u00f5hnataimeks. Raviomadusi sellel salveiliigil ei ole. Kasvatada tasub ananass-salveid eelk\u00f5ige just meeldiva l\u00f5hna ja lopsaka kasvu p\u00e4rast.  Lehti v\u00f5ib kasutada teeks ja salatites ning liha- ja aedviljatoitude lisandina koos teiste maitse- ja salatitaimedega.  &nbsp;","og_url":"https:\/\/tammetalu.eu\/toode\/ananass-salvei-golden-delicious\/","og_site_name":"Tamme talu \u00fcrdiaed","article_publisher":"https:\/\/www.facebook.com\/TammeTaluUrdiaed\/?locale=et_EE","article_modified_time":"2026-02-02T13:14:40+00:00","og_image":[{"width":1500,"height":1500,"url":"https:\/\/tammetalu.eu\/wp-content\/uploads\/2024\/03\/ananass-salvei-Salvia-elegans-golden-delicious-tamme-talu-urdiaed.jpg","type":"image\/jpeg"}],"twitter_card":"summary_large_image","twitter_misc":{"\u041f\u0440\u0438\u043c\u0435\u0440\u043d\u043e\u0435 \u0432\u0440\u0435\u043c\u044f \u0434\u043b\u044f \u0447\u0442\u0435\u043d\u0438\u044f":"1 \u043c\u0438\u043d\u0443\u0442\u0430"},"schema":{"@context":"https:\/\/schema.org","@graph":[{"@type":"WebPage","@id":"https:\/\/tammetalu.eu\/toode\/ananass-salvei-golden-delicious\/","url":"https:\/\/tammetalu.eu\/toode\/ananass-salvei-golden-delicious\/","name":"Ananass-salvei \"Golden Delicious\" - Tamme talu \u00fcrdiaed","isPartOf":{"@id":"https:\/\/tammetalu.eu\/#website"},"primaryImageOfPage":{"@id":"https:\/\/tammetalu.eu\/toode\/ananass-salvei-golden-delicious\/#primaryimage"},"image":{"@id":"https:\/\/tammetalu.eu\/toode\/ananass-salvei-golden-delicious\/#primaryimage"},"thumbnailUrl":"https:\/\/tammetalu.eu\/wp-content\/uploads\/2024\/03\/ananass-salvei-Salvia-elegans-golden-delicious-tamme-talu-urdiaed.jpg","datePublished":"2024-03-14T18:10:34+00:00","dateModified":"2026-02-02T13:14:40+00:00","breadcrumb":{"@id":"https:\/\/tammetalu.eu\/toode\/ananass-salvei-golden-delicious\/#breadcrumb"},"inLanguage":"ru-RU","potentialAction":[{"@type":"ReadAction","target":["https:\/\/tammetalu.eu\/toode\/ananass-salvei-golden-delicious\/"]}]},{"@type":"ImageObject","inLanguage":"ru-RU","@id":"https:\/\/tammetalu.eu\/toode\/ananass-salvei-golden-delicious\/#primaryimage","url":"https:\/\/tammetalu.eu\/wp-content\/uploads\/2024\/03\/ananass-salvei-Salvia-elegans-golden-delicious-tamme-talu-urdiaed.jpg","contentUrl":"https:\/\/tammetalu.eu\/wp-content\/uploads\/2024\/03\/ananass-salvei-Salvia-elegans-golden-delicious-tamme-talu-urdiaed.jpg","width":1500,"height":1500,"caption":"ananass-salvei-Salvia-elegans-golden-delicious-tamme-talu-urdiaed"},{"@type":"BreadcrumbList","@id":"https:\/\/tammetalu.eu\/toode\/ananass-salvei-golden-delicious\/#breadcrumb","itemListElement":[{"@type":"ListItem","position":1,"name":"Home","item":"https:\/\/tammetalu.eu\/ru\/esileht-rus\/"},{"@type":"ListItem","position":2,"name":"\u041c\u0430\u0433\u0430\u0437\u0438\u043d","item":"https:\/\/tammetalu.eu\/ru\/%d0%bc%d0%b0%d0%b3%d0%b0%d0%b7%d0%b8%d0%bd\/"},{"@type":"ListItem","position":3,"name":"Ananass-salvei &#8220;Golden Delicious&#8221;"}]},{"@type":"WebSite","@id":"https:\/\/tammetalu.eu\/#website","url":"https:\/\/tammetalu.eu\/","name":"Tamme talu \u00fcrdiaed","description":"K\u00e4sit\u00f6\u00f6na valmistatud tooted \u00fcrtidest, \u00fcrdiistikud, \u00fcrtide kollektsioonaed","publisher":{"@id":"https:\/\/tammetalu.eu\/#organization"},"alternateName":"Tamme talu","potentialAction":[{"@type":"SearchAction","target":{"@type":"EntryPoint","urlTemplate":"https:\/\/tammetalu.eu\/?s={search_term_string}"},"query-input":{"@type":"PropertyValueSpecification","valueRequired":true,"valueName":"search_term_string"}}],"inLanguage":"ru-RU"},{"@type":"Organization","@id":"https:\/\/tammetalu.eu\/#organization","name":"Tamme talu \u00fcrdiaed","alternateName":"Tamme talu","url":"https:\/\/tammetalu.eu\/","logo":{"@type":"ImageObject","inLanguage":"ru-RU","@id":"https:\/\/tammetalu.eu\/#\/schema\/logo\/image\/","url":"https:\/\/tammetalu.eu\/wp-content\/uploads\/2025\/01\/Tamme_talu_urdiaed.png","contentUrl":"https:\/\/tammetalu.eu\/wp-content\/uploads\/2025\/01\/Tamme_talu_urdiaed.png","width":560,"height":560,"caption":"Tamme talu \u00fcrdiaed"},"image":{"@id":"https:\/\/tammetalu.eu\/#\/schema\/logo\/image\/"},"sameAs":["https:\/\/www.facebook.com\/TammeTaluUrdiaed\/?locale=et_EE","https:\/\/www.instagram.com\/tammetaluurdiaed\/"]}]}},"_links":{"self":[{"href":"https:\/\/tammetalu.eu\/ru\/wp-json\/wp\/v2\/product\/20165","targetHints":{"allow":["GET"]}}],"collection":[{"href":"https:\/\/tammetalu.eu\/ru\/wp-json\/wp\/v2\/product"}],"about":[{"href":"https:\/\/tammetalu.eu\/ru\/wp-json\/wp\/v2\/types\/product"}],"wp:featuredmedia":[{"embeddable":true,"href":"https:\/\/tammetalu.eu\/ru\/wp-json\/wp\/v2\/media\/20553"}],"wp:attachment":[{"href":"https:\/\/tammetalu.eu\/ru\/wp-json\/wp\/v2\/media?parent=20165"}],"wp:term":[{"taxonomy":"product_brand","embeddable":true,"href":"https:\/\/tammetalu.eu\/ru\/wp-json\/wp\/v2\/product_brand?post=20165"},{"taxonomy":"product_cat","embeddable":true,"href":"https:\/\/tammetalu.eu\/ru\/wp-json\/wp\/v2\/product_cat?post=20165"},{"taxonomy":"product_tag","embeddable":true,"href":"https:\/\/tammetalu.eu\/ru\/wp-json\/wp\/v2\/product_tag?post=20165"}],"curies":[{"name":"wp","href":"https:\/\/api.w.org\/{rel}","templated":true}]}}