{"id":20189,"date":"2024-03-15T16:56:59","date_gmt":"2024-03-15T14:56:59","guid":{"rendered":"https:\/\/tammetalu.eu\/?post_type=product&#038;p=20189"},"modified":"2026-02-02T15:14:40","modified_gmt":"2026-02-02T13:14:40","slug":"aedmonarda-pocahontas-red-rose","status":"publish","type":"product","link":"https:\/\/tammetalu.eu\/ru\/toode\/aedmonarda-pocahontas-red-rose\/","title":{"rendered":"Aedmonarda Monarda didyma &#171;Pocahontas Red Rose&#187;"},"content":{"rendered":"","protected":false},"excerpt":{"rendered":"<p>Aedmonarda <em>Monarda didyma<\/em> &#171;Pocahontas Red Rose&#187;<\/p>\n<p>LAT: \u00a0<em>Monarda didyma <\/em>&#171;Pocahontas Red Rose&#187;<\/p>\n<p>ENG: \u00a0 Bee balm &#171;Pocahontas Red Rose\u201d<\/p>\n<p>RU: \u00a0M\u043e\u043d\u0430\u0440\u0434\u0430 &#171;Pocahontas Red Rose\u201d<\/p>\n<p>FI:\u00a0 V\u00e4riminttu &#171;Pocahontas Red Rose\u201d<\/p>\n<p>&nbsp;<\/p>\n<p>Erksalt punakasroosade eksootilise v\u00e4limusega \u00f5ite ja rikkaliku tugeva tumerohelise lehestikuga aedmonarda madalakasvuline sort k\u00f5rgusega kuni 40 cm. T\u00e4nu madalale kasvule on sobilik kasvatada seda monarda sorti lisaks peenras ka aiavaasides, pottides ning konteinerites.\u00a0Kasvuks vajab vett l\u00e4bilaskvat parasniisket viljakat mulda ja p\u00e4ikeselist kuni poolvarjulist kasvukohta. Monardad on t\u00e4iesti talvekindlad, kuid \u00fcle kolme-nelja aasta vajavad uuendamist puhmiku jagamise teel. Monardad on \u00f5itsemise ajal liblikate ja mesilaste lemmikud. \u00d5itsevad juulist kuni augustini.<\/p>\n<p>Monardade lehti ja \u00f5isi v\u00f5ib kasutada k\u00f6\u00f6gis nii kuivatatuna kui v\u00e4rskelt. Lehed lisavad meeldivat v\u00fcrtsikust salatitele ja aedviljaroogadele. Maitse sobib kokku veel sea- ja linnulihast roogadega.<\/p>\n<p>Monardade \u00f5itest ja lehtedest valmistatud teed kasutatakse rahvameditsiinis k\u00f6ha ja k\u00fclmetuse puhul ja kui \u00f5htuse l\u00f5\u00f5gastava\u00a0 enne und joogina.<\/p>\n<p>K\u00f5rgus: kuni 0,4 m<\/p>\n<p>\u00d5itsemise aeg: VII-VIII<\/p>\n<p>Talvekindlus: Talvekindel<\/p>\n<p>Poti suurus: 9-12<\/p>\n","protected":false},"featured_media":20495,"template":"","meta":{"_acf_changed":false,"_et_pb_use_builder":"off","_et_pb_old_content":"Aedmonarda \"Melua Burgundy\"\r\n\r\n<em>Monarda didyma<\/em>\r\n\r\nErksate lillakasroosade eksootilise v\u00e4limusega \u00f5ite ja rikkaliku tugeva rohelise lehestikuga aedmonarda sort, mis on vastupidav ebajahukastele. Taime \u00f5ied ja lehed levitavad puudutamisel meeldivalt v\u00fcrtsikat sidruni aroomi. Taimede k\u00f5rgus on umbes 60 cm. Kasvuks vajavad vett l\u00e4bilaskvat parasniisket viljakat mulda ja p\u00e4ikeselist v\u00f5i poolvarjulist kasvukohta. Monardad on t\u00e4iesti talvekindlad, kuid \u00fcle kolme-nelja aasta vajavad uuendamist puhmiku jagamise teel. Monardad on \u00f5itsemise ajal liblikate ja mesilaste lemmikud. \u00d5itsevad juulist kuni augustini.\r\n\r\nMonardade lehti ja \u00f5isi v\u00f5ib kasutada k\u00f6\u00f6gis nii kuivatatuna kui v\u00e4rskelt. Lehed lisavad meeldivat v\u00fcrtsikust salatitele ja aedviljaroogadele. Monardade \u00f5itest ja lehtedest valmistatud teed kasutatakse rahvameditsiinis k\u00f6ha ja k\u00fclmetuse puhul kui \u00f5htuse l\u00f5\u00f5gastava joogina.\r\n\r\n<strong>Taimede m\u00fc\u00fcgiga alustame 25. aprillil 2022. Postiga saadetavad taimed on alati pakitud turvaliselt ja ilmastikukindlalt.<\/strong>","_et_gb_content_width":"","inline_featured_image":false},"product_brand":[],"product_cat":[186,195],"product_tag":[],"class_list":{"0":"post-20189","1":"product","2":"type-product","3":"status-publish","4":"has-post-thumbnail","6":"product_cat-maitse-ja-ravimtaimede-istikud","7":"product_cat-monardad","9":"first","10":"outofstock","11":"sale","12":"taxable","13":"shipping-taxable","14":"purchasable","15":"product-type-simple"},"acf":[],"yoast_head":"<!-- This site is optimized with the Yoast SEO plugin v26.4 - https:\/\/yoast.com\/wordpress\/plugins\/seo\/ -->\n<title>Aedmonarda Monarda didyma &quot;Pocahontas Red Rose&quot; - Tamme talu \u00fcrdiaed<\/title>\n<meta name=\"robots\" content=\"index, follow, max-snippet:-1, max-image-preview:large, max-video-preview:-1\" \/>\n<link rel=\"canonical\" href=\"https:\/\/tammetalu.eu\/toode\/aedmonarda-pocahontas-red-rose\/\" \/>\n<meta property=\"og:locale\" content=\"ru_RU\" \/>\n<meta property=\"og:type\" content=\"article\" \/>\n<meta property=\"og:title\" content=\"Aedmonarda Monarda didyma &quot;Pocahontas Red Rose&quot; - Tamme talu \u00fcrdiaed\" \/>\n<meta property=\"og:description\" content=\"Aedmonarda Monarda didyma &quot;Pocahontas Red Rose&quot;  LAT: \u00a0Monarda didyma &quot;Pocahontas Red Rose&quot;  ENG: \u00a0 Bee balm &quot;Pocahontas Red Rose\u201d  RU: \u00a0M\u043e\u043d\u0430\u0440\u0434\u0430 &quot;Pocahontas Red Rose\u201d  FI:\u00a0 V\u00e4riminttu &quot;Pocahontas Red Rose\u201d  &nbsp;  Erksalt punakasroosade eksootilise v\u00e4limusega \u00f5ite ja rikkaliku tugeva tumerohelise lehestikuga aedmonarda madalakasvuline sort k\u00f5rgusega kuni 40 cm. T\u00e4nu madalale kasvule on sobilik kasvatada seda monarda sorti lisaks peenras ka aiavaasides, pottides ning konteinerites.\u00a0Kasvuks vajab vett l\u00e4bilaskvat parasniisket viljakat mulda ja p\u00e4ikeselist kuni poolvarjulist kasvukohta. Monardad on t\u00e4iesti talvekindlad, kuid \u00fcle kolme-nelja aasta vajavad uuendamist puhmiku jagamise teel. Monardad on \u00f5itsemise ajal liblikate ja mesilaste lemmikud. \u00d5itsevad juulist kuni augustini.  Monardade lehti ja \u00f5isi v\u00f5ib kasutada k\u00f6\u00f6gis nii kuivatatuna kui v\u00e4rskelt. Lehed lisavad meeldivat v\u00fcrtsikust salatitele ja aedviljaroogadele. Maitse sobib kokku veel sea- ja linnulihast roogadega.  Monardade \u00f5itest ja lehtedest valmistatud teed kasutatakse rahvameditsiinis k\u00f6ha ja k\u00fclmetuse puhul ja kui \u00f5htuse l\u00f5\u00f5gastava\u00a0 enne und joogina.  K\u00f5rgus: kuni 0,4 m  \u00d5itsemise aeg: VII-VIII  Talvekindlus: Talvekindel  Poti suurus: 9-12\" \/>\n<meta property=\"og:url\" content=\"https:\/\/tammetalu.eu\/toode\/aedmonarda-pocahontas-red-rose\/\" \/>\n<meta property=\"og:site_name\" content=\"Tamme talu \u00fcrdiaed\" \/>\n<meta property=\"article:publisher\" content=\"https:\/\/www.facebook.com\/TammeTaluUrdiaed\/?locale=et_EE\" \/>\n<meta property=\"article:modified_time\" content=\"2026-02-02T13:14:40+00:00\" \/>\n<meta property=\"og:image\" content=\"https:\/\/tammetalu.eu\/wp-content\/uploads\/2024\/03\/aedmonarda-monarda-didyma-pocahontas-red-rose-tamme-talu-urdiaed.jpg\" \/>\n\t<meta property=\"og:image:width\" content=\"800\" \/>\n\t<meta property=\"og:image:height\" content=\"800\" \/>\n\t<meta property=\"og:image:type\" content=\"image\/jpeg\" \/>\n<meta name=\"twitter:card\" content=\"summary_large_image\" \/>\n<meta name=\"twitter:label1\" content=\"\u041f\u0440\u0438\u043c\u0435\u0440\u043d\u043e\u0435 \u0432\u0440\u0435\u043c\u044f \u0434\u043b\u044f \u0447\u0442\u0435\u043d\u0438\u044f\" \/>\n\t<meta name=\"twitter:data1\" content=\"1 \u043c\u0438\u043d\u0443\u0442\u0430\" \/>\n<script type=\"application\/ld+json\" class=\"yoast-schema-graph\">{\"@context\":\"https:\/\/schema.org\",\"@graph\":[{\"@type\":\"WebPage\",\"@id\":\"https:\/\/tammetalu.eu\/toode\/aedmonarda-pocahontas-red-rose\/\",\"url\":\"https:\/\/tammetalu.eu\/toode\/aedmonarda-pocahontas-red-rose\/\",\"name\":\"Aedmonarda Monarda didyma \\\"Pocahontas Red Rose\\\" - Tamme talu \u00fcrdiaed\",\"isPartOf\":{\"@id\":\"https:\/\/tammetalu.eu\/#website\"},\"primaryImageOfPage\":{\"@id\":\"https:\/\/tammetalu.eu\/toode\/aedmonarda-pocahontas-red-rose\/#primaryimage\"},\"image\":{\"@id\":\"https:\/\/tammetalu.eu\/toode\/aedmonarda-pocahontas-red-rose\/#primaryimage\"},\"thumbnailUrl\":\"https:\/\/tammetalu.eu\/wp-content\/uploads\/2024\/03\/aedmonarda-monarda-didyma-pocahontas-red-rose-tamme-talu-urdiaed.jpg\",\"datePublished\":\"2024-03-15T14:56:59+00:00\",\"dateModified\":\"2026-02-02T13:14:40+00:00\",\"breadcrumb\":{\"@id\":\"https:\/\/tammetalu.eu\/toode\/aedmonarda-pocahontas-red-rose\/#breadcrumb\"},\"inLanguage\":\"ru-RU\",\"potentialAction\":[{\"@type\":\"ReadAction\",\"target\":[\"https:\/\/tammetalu.eu\/toode\/aedmonarda-pocahontas-red-rose\/\"]}]},{\"@type\":\"ImageObject\",\"inLanguage\":\"ru-RU\",\"@id\":\"https:\/\/tammetalu.eu\/toode\/aedmonarda-pocahontas-red-rose\/#primaryimage\",\"url\":\"https:\/\/tammetalu.eu\/wp-content\/uploads\/2024\/03\/aedmonarda-monarda-didyma-pocahontas-red-rose-tamme-talu-urdiaed.jpg\",\"contentUrl\":\"https:\/\/tammetalu.eu\/wp-content\/uploads\/2024\/03\/aedmonarda-monarda-didyma-pocahontas-red-rose-tamme-talu-urdiaed.jpg\",\"width\":800,\"height\":800,\"caption\":\"aedmonarda-monarda-didyma-pocahontas-red-rose-tamme-talu-urdiaed\"},{\"@type\":\"BreadcrumbList\",\"@id\":\"https:\/\/tammetalu.eu\/toode\/aedmonarda-pocahontas-red-rose\/#breadcrumb\",\"itemListElement\":[{\"@type\":\"ListItem\",\"position\":1,\"name\":\"Home\",\"item\":\"https:\/\/tammetalu.eu\/ru\/esileht-rus\/\"},{\"@type\":\"ListItem\",\"position\":2,\"name\":\"\u041c\u0430\u0433\u0430\u0437\u0438\u043d\",\"item\":\"https:\/\/tammetalu.eu\/ru\/%d0%bc%d0%b0%d0%b3%d0%b0%d0%b7%d0%b8%d0%bd\/\"},{\"@type\":\"ListItem\",\"position\":3,\"name\":\"Aedmonarda Monarda didyma &#8220;Pocahontas Red Rose&#8221;\"}]},{\"@type\":\"WebSite\",\"@id\":\"https:\/\/tammetalu.eu\/#website\",\"url\":\"https:\/\/tammetalu.eu\/\",\"name\":\"Tamme talu \u00fcrdiaed\",\"description\":\"K\u00e4sit\u00f6\u00f6na valmistatud tooted \u00fcrtidest, \u00fcrdiistikud, \u00fcrtide kollektsioonaed\",\"publisher\":{\"@id\":\"https:\/\/tammetalu.eu\/#organization\"},\"alternateName\":\"Tamme talu\",\"potentialAction\":[{\"@type\":\"SearchAction\",\"target\":{\"@type\":\"EntryPoint\",\"urlTemplate\":\"https:\/\/tammetalu.eu\/?s={search_term_string}\"},\"query-input\":{\"@type\":\"PropertyValueSpecification\",\"valueRequired\":true,\"valueName\":\"search_term_string\"}}],\"inLanguage\":\"ru-RU\"},{\"@type\":\"Organization\",\"@id\":\"https:\/\/tammetalu.eu\/#organization\",\"name\":\"Tamme talu \u00fcrdiaed\",\"alternateName\":\"Tamme talu\",\"url\":\"https:\/\/tammetalu.eu\/\",\"logo\":{\"@type\":\"ImageObject\",\"inLanguage\":\"ru-RU\",\"@id\":\"https:\/\/tammetalu.eu\/#\/schema\/logo\/image\/\",\"url\":\"https:\/\/tammetalu.eu\/wp-content\/uploads\/2025\/01\/Tamme_talu_urdiaed.png\",\"contentUrl\":\"https:\/\/tammetalu.eu\/wp-content\/uploads\/2025\/01\/Tamme_talu_urdiaed.png\",\"width\":560,\"height\":560,\"caption\":\"Tamme talu \u00fcrdiaed\"},\"image\":{\"@id\":\"https:\/\/tammetalu.eu\/#\/schema\/logo\/image\/\"},\"sameAs\":[\"https:\/\/www.facebook.com\/TammeTaluUrdiaed\/?locale=et_EE\",\"https:\/\/www.instagram.com\/tammetaluurdiaed\/\"]}]}<\/script>\n<!-- \/ Yoast SEO plugin. -->","yoast_head_json":{"title":"Aedmonarda Monarda didyma \"Pocahontas Red Rose\" - Tamme talu \u00fcrdiaed","robots":{"index":"index","follow":"follow","max-snippet":"max-snippet:-1","max-image-preview":"max-image-preview:large","max-video-preview":"max-video-preview:-1"},"canonical":"https:\/\/tammetalu.eu\/toode\/aedmonarda-pocahontas-red-rose\/","og_locale":"ru_RU","og_type":"article","og_title":"Aedmonarda Monarda didyma \"Pocahontas Red Rose\" - Tamme talu \u00fcrdiaed","og_description":"Aedmonarda Monarda didyma \"Pocahontas Red Rose\"  LAT: \u00a0Monarda didyma \"Pocahontas Red Rose\"  ENG: \u00a0 Bee balm \"Pocahontas Red Rose\u201d  RU: \u00a0M\u043e\u043d\u0430\u0440\u0434\u0430 \"Pocahontas Red Rose\u201d  FI:\u00a0 V\u00e4riminttu \"Pocahontas Red Rose\u201d  &nbsp;  Erksalt punakasroosade eksootilise v\u00e4limusega \u00f5ite ja rikkaliku tugeva tumerohelise lehestikuga aedmonarda madalakasvuline sort k\u00f5rgusega kuni 40 cm. T\u00e4nu madalale kasvule on sobilik kasvatada seda monarda sorti lisaks peenras ka aiavaasides, pottides ning konteinerites.\u00a0Kasvuks vajab vett l\u00e4bilaskvat parasniisket viljakat mulda ja p\u00e4ikeselist kuni poolvarjulist kasvukohta. Monardad on t\u00e4iesti talvekindlad, kuid \u00fcle kolme-nelja aasta vajavad uuendamist puhmiku jagamise teel. Monardad on \u00f5itsemise ajal liblikate ja mesilaste lemmikud. \u00d5itsevad juulist kuni augustini.  Monardade lehti ja \u00f5isi v\u00f5ib kasutada k\u00f6\u00f6gis nii kuivatatuna kui v\u00e4rskelt. Lehed lisavad meeldivat v\u00fcrtsikust salatitele ja aedviljaroogadele. Maitse sobib kokku veel sea- ja linnulihast roogadega.  Monardade \u00f5itest ja lehtedest valmistatud teed kasutatakse rahvameditsiinis k\u00f6ha ja k\u00fclmetuse puhul ja kui \u00f5htuse l\u00f5\u00f5gastava\u00a0 enne und joogina.  K\u00f5rgus: kuni 0,4 m  \u00d5itsemise aeg: VII-VIII  Talvekindlus: Talvekindel  Poti suurus: 9-12","og_url":"https:\/\/tammetalu.eu\/toode\/aedmonarda-pocahontas-red-rose\/","og_site_name":"Tamme talu \u00fcrdiaed","article_publisher":"https:\/\/www.facebook.com\/TammeTaluUrdiaed\/?locale=et_EE","article_modified_time":"2026-02-02T13:14:40+00:00","og_image":[{"width":800,"height":800,"url":"https:\/\/tammetalu.eu\/wp-content\/uploads\/2024\/03\/aedmonarda-monarda-didyma-pocahontas-red-rose-tamme-talu-urdiaed.jpg","type":"image\/jpeg"}],"twitter_card":"summary_large_image","twitter_misc":{"\u041f\u0440\u0438\u043c\u0435\u0440\u043d\u043e\u0435 \u0432\u0440\u0435\u043c\u044f \u0434\u043b\u044f \u0447\u0442\u0435\u043d\u0438\u044f":"1 \u043c\u0438\u043d\u0443\u0442\u0430"},"schema":{"@context":"https:\/\/schema.org","@graph":[{"@type":"WebPage","@id":"https:\/\/tammetalu.eu\/toode\/aedmonarda-pocahontas-red-rose\/","url":"https:\/\/tammetalu.eu\/toode\/aedmonarda-pocahontas-red-rose\/","name":"Aedmonarda Monarda didyma \"Pocahontas Red Rose\" - Tamme talu \u00fcrdiaed","isPartOf":{"@id":"https:\/\/tammetalu.eu\/#website"},"primaryImageOfPage":{"@id":"https:\/\/tammetalu.eu\/toode\/aedmonarda-pocahontas-red-rose\/#primaryimage"},"image":{"@id":"https:\/\/tammetalu.eu\/toode\/aedmonarda-pocahontas-red-rose\/#primaryimage"},"thumbnailUrl":"https:\/\/tammetalu.eu\/wp-content\/uploads\/2024\/03\/aedmonarda-monarda-didyma-pocahontas-red-rose-tamme-talu-urdiaed.jpg","datePublished":"2024-03-15T14:56:59+00:00","dateModified":"2026-02-02T13:14:40+00:00","breadcrumb":{"@id":"https:\/\/tammetalu.eu\/toode\/aedmonarda-pocahontas-red-rose\/#breadcrumb"},"inLanguage":"ru-RU","potentialAction":[{"@type":"ReadAction","target":["https:\/\/tammetalu.eu\/toode\/aedmonarda-pocahontas-red-rose\/"]}]},{"@type":"ImageObject","inLanguage":"ru-RU","@id":"https:\/\/tammetalu.eu\/toode\/aedmonarda-pocahontas-red-rose\/#primaryimage","url":"https:\/\/tammetalu.eu\/wp-content\/uploads\/2024\/03\/aedmonarda-monarda-didyma-pocahontas-red-rose-tamme-talu-urdiaed.jpg","contentUrl":"https:\/\/tammetalu.eu\/wp-content\/uploads\/2024\/03\/aedmonarda-monarda-didyma-pocahontas-red-rose-tamme-talu-urdiaed.jpg","width":800,"height":800,"caption":"aedmonarda-monarda-didyma-pocahontas-red-rose-tamme-talu-urdiaed"},{"@type":"BreadcrumbList","@id":"https:\/\/tammetalu.eu\/toode\/aedmonarda-pocahontas-red-rose\/#breadcrumb","itemListElement":[{"@type":"ListItem","position":1,"name":"Home","item":"https:\/\/tammetalu.eu\/ru\/esileht-rus\/"},{"@type":"ListItem","position":2,"name":"\u041c\u0430\u0433\u0430\u0437\u0438\u043d","item":"https:\/\/tammetalu.eu\/ru\/%d0%bc%d0%b0%d0%b3%d0%b0%d0%b7%d0%b8%d0%bd\/"},{"@type":"ListItem","position":3,"name":"Aedmonarda Monarda didyma &#8220;Pocahontas Red Rose&#8221;"}]},{"@type":"WebSite","@id":"https:\/\/tammetalu.eu\/#website","url":"https:\/\/tammetalu.eu\/","name":"Tamme talu \u00fcrdiaed","description":"K\u00e4sit\u00f6\u00f6na valmistatud tooted \u00fcrtidest, \u00fcrdiistikud, \u00fcrtide kollektsioonaed","publisher":{"@id":"https:\/\/tammetalu.eu\/#organization"},"alternateName":"Tamme talu","potentialAction":[{"@type":"SearchAction","target":{"@type":"EntryPoint","urlTemplate":"https:\/\/tammetalu.eu\/?s={search_term_string}"},"query-input":{"@type":"PropertyValueSpecification","valueRequired":true,"valueName":"search_term_string"}}],"inLanguage":"ru-RU"},{"@type":"Organization","@id":"https:\/\/tammetalu.eu\/#organization","name":"Tamme talu \u00fcrdiaed","alternateName":"Tamme talu","url":"https:\/\/tammetalu.eu\/","logo":{"@type":"ImageObject","inLanguage":"ru-RU","@id":"https:\/\/tammetalu.eu\/#\/schema\/logo\/image\/","url":"https:\/\/tammetalu.eu\/wp-content\/uploads\/2025\/01\/Tamme_talu_urdiaed.png","contentUrl":"https:\/\/tammetalu.eu\/wp-content\/uploads\/2025\/01\/Tamme_talu_urdiaed.png","width":560,"height":560,"caption":"Tamme talu \u00fcrdiaed"},"image":{"@id":"https:\/\/tammetalu.eu\/#\/schema\/logo\/image\/"},"sameAs":["https:\/\/www.facebook.com\/TammeTaluUrdiaed\/?locale=et_EE","https:\/\/www.instagram.com\/tammetaluurdiaed\/"]}]}},"_links":{"self":[{"href":"https:\/\/tammetalu.eu\/ru\/wp-json\/wp\/v2\/product\/20189","targetHints":{"allow":["GET"]}}],"collection":[{"href":"https:\/\/tammetalu.eu\/ru\/wp-json\/wp\/v2\/product"}],"about":[{"href":"https:\/\/tammetalu.eu\/ru\/wp-json\/wp\/v2\/types\/product"}],"wp:featuredmedia":[{"embeddable":true,"href":"https:\/\/tammetalu.eu\/ru\/wp-json\/wp\/v2\/media\/20495"}],"wp:attachment":[{"href":"https:\/\/tammetalu.eu\/ru\/wp-json\/wp\/v2\/media?parent=20189"}],"wp:term":[{"taxonomy":"product_brand","embeddable":true,"href":"https:\/\/tammetalu.eu\/ru\/wp-json\/wp\/v2\/product_brand?post=20189"},{"taxonomy":"product_cat","embeddable":true,"href":"https:\/\/tammetalu.eu\/ru\/wp-json\/wp\/v2\/product_cat?post=20189"},{"taxonomy":"product_tag","embeddable":true,"href":"https:\/\/tammetalu.eu\/ru\/wp-json\/wp\/v2\/product_tag?post=20189"}],"curies":[{"name":"wp","href":"https:\/\/api.w.org\/{rel}","templated":true}]}}