{"id":20196,"date":"2024-03-15T18:22:04","date_gmt":"2024-03-15T16:22:04","guid":{"rendered":"https:\/\/tammetalu.eu\/?post_type=product&#038;p=20196"},"modified":"2026-04-26T23:24:57","modified_gmt":"2026-04-26T20:24:57","slug":"metsmaasikas","status":"publish","type":"product","link":"https:\/\/tammetalu.eu\/ru\/toode\/metsmaasikas\/","title":{"rendered":"Metsmaasikas Fragaria vesca"},"content":{"rendered":"","protected":false},"excerpt":{"rendered":"<p><em>Fragaria vesca<\/em><\/p>\n<p>Metsmaasikas annab rohkelt maitsvaid punaseid marju alates jaanip\u00e4evast kuni juuli keskpaigani. Metsmaasikas on t\u00e4iesti talvekindel ja sobib kasvama nii loodusaeda kui\u00a0 pinnakattetaimeks. Levib v\u00f5sunditega.\u00a0 Metsmaasika \u00fcrdist (lehed, marjad, \u00f5ied) saab teha v\u00e4ga maitsvat teed, millel on rahvameditsiinis hinnatud raviomadused. Kasutatakse uriinieritust suurendava, ja kootava vahendina k\u00f5hulahtisuse korral. V\u00e4lispidiselt m\u00f5jub naha- ja limaskestap\u00f5letiku korral.<\/p>\n","protected":false},"featured_media":17761,"template":"","meta":{"_acf_changed":false,"_et_pb_use_builder":"","_et_pb_old_content":"","_et_gb_content_width":"","inline_featured_image":false},"product_brand":[],"product_cat":[186,203],"product_tag":[],"class_list":{"0":"post-20196","1":"product","2":"type-product","3":"status-publish","4":"has-post-thumbnail","6":"product_cat-maitse-ja-ravimtaimede-istikud","7":"product_cat-ponevad-koogiviljad","9":"first","10":"instock","11":"sale","12":"taxable","13":"shipping-taxable","14":"purchasable","15":"product-type-simple"},"acf":[],"yoast_head":"<!-- This site is optimized with the Yoast SEO plugin v26.4 - https:\/\/yoast.com\/wordpress\/plugins\/seo\/ -->\n<title>Metsmaasikas Fragaria vesca - Tamme talu \u00fcrdiaed<\/title>\n<meta name=\"robots\" content=\"index, follow, max-snippet:-1, max-image-preview:large, max-video-preview:-1\" \/>\n<link rel=\"canonical\" href=\"https:\/\/tammetalu.eu\/toode\/metsmaasikas\/\" \/>\n<meta property=\"og:locale\" content=\"ru_RU\" \/>\n<meta property=\"og:type\" content=\"article\" \/>\n<meta property=\"og:title\" content=\"Metsmaasikas Fragaria vesca - Tamme talu \u00fcrdiaed\" \/>\n<meta property=\"og:description\" content=\"Fragaria vesca  Metsmaasikas annab rohkelt maitsvaid punaseid marju alates jaanip\u00e4evast kuni juuli keskpaigani. Metsmaasikas on t\u00e4iesti talvekindel ja sobib kasvama nii loodusaeda kui\u00a0 pinnakattetaimeks. Levib v\u00f5sunditega.\u00a0 Metsmaasika \u00fcrdist (lehed, marjad, \u00f5ied) saab teha v\u00e4ga maitsvat teed, millel on rahvameditsiinis hinnatud raviomadused. Kasutatakse uriinieritust suurendava, ja kootava vahendina k\u00f5hulahtisuse korral. V\u00e4lispidiselt m\u00f5jub naha- ja limaskestap\u00f5letiku korral.\" \/>\n<meta property=\"og:url\" content=\"https:\/\/tammetalu.eu\/toode\/metsmaasikas\/\" \/>\n<meta property=\"og:site_name\" content=\"Tamme talu \u00fcrdiaed\" \/>\n<meta property=\"article:publisher\" content=\"https:\/\/www.facebook.com\/TammeTaluUrdiaed\/?locale=et_EE\" \/>\n<meta property=\"article:modified_time\" content=\"2026-04-26T20:24:57+00:00\" \/>\n<meta property=\"og:image\" content=\"https:\/\/tammetalu.eu\/wp-content\/uploads\/2023\/04\/Kuumaasikas-Fragaria-vesca-L-var-semperflorens-tamme-talu-urdiaed.jpg\" \/>\n\t<meta property=\"og:image:width\" content=\"600\" \/>\n\t<meta property=\"og:image:height\" content=\"606\" \/>\n\t<meta property=\"og:image:type\" content=\"image\/jpeg\" \/>\n<meta name=\"twitter:card\" content=\"summary_large_image\" \/>\n<meta name=\"twitter:label1\" content=\"\u041f\u0440\u0438\u043c\u0435\u0440\u043d\u043e\u0435 \u0432\u0440\u0435\u043c\u044f \u0434\u043b\u044f \u0447\u0442\u0435\u043d\u0438\u044f\" \/>\n\t<meta name=\"twitter:data1\" content=\"1 \u043c\u0438\u043d\u0443\u0442\u0430\" \/>\n<script type=\"application\/ld+json\" class=\"yoast-schema-graph\">{\"@context\":\"https:\/\/schema.org\",\"@graph\":[{\"@type\":\"WebPage\",\"@id\":\"https:\/\/tammetalu.eu\/toode\/metsmaasikas\/\",\"url\":\"https:\/\/tammetalu.eu\/toode\/metsmaasikas\/\",\"name\":\"Metsmaasikas Fragaria vesca - Tamme talu \u00fcrdiaed\",\"isPartOf\":{\"@id\":\"https:\/\/tammetalu.eu\/#website\"},\"primaryImageOfPage\":{\"@id\":\"https:\/\/tammetalu.eu\/toode\/metsmaasikas\/#primaryimage\"},\"image\":{\"@id\":\"https:\/\/tammetalu.eu\/toode\/metsmaasikas\/#primaryimage\"},\"thumbnailUrl\":\"https:\/\/tammetalu.eu\/wp-content\/uploads\/2023\/04\/Kuumaasikas-Fragaria-vesca-L-var-semperflorens-tamme-talu-urdiaed.jpg\",\"datePublished\":\"2024-03-15T16:22:04+00:00\",\"dateModified\":\"2026-04-26T20:24:57+00:00\",\"breadcrumb\":{\"@id\":\"https:\/\/tammetalu.eu\/toode\/metsmaasikas\/#breadcrumb\"},\"inLanguage\":\"ru-RU\",\"potentialAction\":[{\"@type\":\"ReadAction\",\"target\":[\"https:\/\/tammetalu.eu\/toode\/metsmaasikas\/\"]}]},{\"@type\":\"ImageObject\",\"inLanguage\":\"ru-RU\",\"@id\":\"https:\/\/tammetalu.eu\/toode\/metsmaasikas\/#primaryimage\",\"url\":\"https:\/\/tammetalu.eu\/wp-content\/uploads\/2023\/04\/Kuumaasikas-Fragaria-vesca-L-var-semperflorens-tamme-talu-urdiaed.jpg\",\"contentUrl\":\"https:\/\/tammetalu.eu\/wp-content\/uploads\/2023\/04\/Kuumaasikas-Fragaria-vesca-L-var-semperflorens-tamme-talu-urdiaed.jpg\",\"width\":600,\"height\":606,\"caption\":\"Kuumaasikas-Fragaria-vesca-L-var-semperflorens-tamme-talu-urdiaed\"},{\"@type\":\"BreadcrumbList\",\"@id\":\"https:\/\/tammetalu.eu\/toode\/metsmaasikas\/#breadcrumb\",\"itemListElement\":[{\"@type\":\"ListItem\",\"position\":1,\"name\":\"Home\",\"item\":\"https:\/\/tammetalu.eu\/ru\/esileht-rus\/\"},{\"@type\":\"ListItem\",\"position\":2,\"name\":\"\u041c\u0430\u0433\u0430\u0437\u0438\u043d\",\"item\":\"https:\/\/tammetalu.eu\/ru\/%d0%bc%d0%b0%d0%b3%d0%b0%d0%b7%d0%b8%d0%bd\/\"},{\"@type\":\"ListItem\",\"position\":3,\"name\":\"Metsmaasikas Fragaria vesca\"}]},{\"@type\":\"WebSite\",\"@id\":\"https:\/\/tammetalu.eu\/#website\",\"url\":\"https:\/\/tammetalu.eu\/\",\"name\":\"Tamme talu \u00fcrdiaed\",\"description\":\"K\u00e4sit\u00f6\u00f6na valmistatud tooted \u00fcrtidest, \u00fcrdiistikud, \u00fcrtide kollektsioonaed\",\"publisher\":{\"@id\":\"https:\/\/tammetalu.eu\/#organization\"},\"alternateName\":\"Tamme talu\",\"potentialAction\":[{\"@type\":\"SearchAction\",\"target\":{\"@type\":\"EntryPoint\",\"urlTemplate\":\"https:\/\/tammetalu.eu\/?s={search_term_string}\"},\"query-input\":{\"@type\":\"PropertyValueSpecification\",\"valueRequired\":true,\"valueName\":\"search_term_string\"}}],\"inLanguage\":\"ru-RU\"},{\"@type\":\"Organization\",\"@id\":\"https:\/\/tammetalu.eu\/#organization\",\"name\":\"Tamme talu \u00fcrdiaed\",\"alternateName\":\"Tamme talu\",\"url\":\"https:\/\/tammetalu.eu\/\",\"logo\":{\"@type\":\"ImageObject\",\"inLanguage\":\"ru-RU\",\"@id\":\"https:\/\/tammetalu.eu\/#\/schema\/logo\/image\/\",\"url\":\"https:\/\/tammetalu.eu\/wp-content\/uploads\/2025\/01\/Tamme_talu_urdiaed.png\",\"contentUrl\":\"https:\/\/tammetalu.eu\/wp-content\/uploads\/2025\/01\/Tamme_talu_urdiaed.png\",\"width\":560,\"height\":560,\"caption\":\"Tamme talu \u00fcrdiaed\"},\"image\":{\"@id\":\"https:\/\/tammetalu.eu\/#\/schema\/logo\/image\/\"},\"sameAs\":[\"https:\/\/www.facebook.com\/TammeTaluUrdiaed\/?locale=et_EE\",\"https:\/\/www.instagram.com\/tammetaluurdiaed\/\"]}]}<\/script>\n<!-- \/ Yoast SEO plugin. -->","yoast_head_json":{"title":"Metsmaasikas Fragaria vesca - Tamme talu \u00fcrdiaed","robots":{"index":"index","follow":"follow","max-snippet":"max-snippet:-1","max-image-preview":"max-image-preview:large","max-video-preview":"max-video-preview:-1"},"canonical":"https:\/\/tammetalu.eu\/toode\/metsmaasikas\/","og_locale":"ru_RU","og_type":"article","og_title":"Metsmaasikas Fragaria vesca - Tamme talu \u00fcrdiaed","og_description":"Fragaria vesca  Metsmaasikas annab rohkelt maitsvaid punaseid marju alates jaanip\u00e4evast kuni juuli keskpaigani. Metsmaasikas on t\u00e4iesti talvekindel ja sobib kasvama nii loodusaeda kui\u00a0 pinnakattetaimeks. Levib v\u00f5sunditega.\u00a0 Metsmaasika \u00fcrdist (lehed, marjad, \u00f5ied) saab teha v\u00e4ga maitsvat teed, millel on rahvameditsiinis hinnatud raviomadused. Kasutatakse uriinieritust suurendava, ja kootava vahendina k\u00f5hulahtisuse korral. V\u00e4lispidiselt m\u00f5jub naha- ja limaskestap\u00f5letiku korral.","og_url":"https:\/\/tammetalu.eu\/toode\/metsmaasikas\/","og_site_name":"Tamme talu \u00fcrdiaed","article_publisher":"https:\/\/www.facebook.com\/TammeTaluUrdiaed\/?locale=et_EE","article_modified_time":"2026-04-26T20:24:57+00:00","og_image":[{"width":600,"height":606,"url":"https:\/\/tammetalu.eu\/wp-content\/uploads\/2023\/04\/Kuumaasikas-Fragaria-vesca-L-var-semperflorens-tamme-talu-urdiaed.jpg","type":"image\/jpeg"}],"twitter_card":"summary_large_image","twitter_misc":{"\u041f\u0440\u0438\u043c\u0435\u0440\u043d\u043e\u0435 \u0432\u0440\u0435\u043c\u044f \u0434\u043b\u044f \u0447\u0442\u0435\u043d\u0438\u044f":"1 \u043c\u0438\u043d\u0443\u0442\u0430"},"schema":{"@context":"https:\/\/schema.org","@graph":[{"@type":"WebPage","@id":"https:\/\/tammetalu.eu\/toode\/metsmaasikas\/","url":"https:\/\/tammetalu.eu\/toode\/metsmaasikas\/","name":"Metsmaasikas Fragaria vesca - Tamme talu \u00fcrdiaed","isPartOf":{"@id":"https:\/\/tammetalu.eu\/#website"},"primaryImageOfPage":{"@id":"https:\/\/tammetalu.eu\/toode\/metsmaasikas\/#primaryimage"},"image":{"@id":"https:\/\/tammetalu.eu\/toode\/metsmaasikas\/#primaryimage"},"thumbnailUrl":"https:\/\/tammetalu.eu\/wp-content\/uploads\/2023\/04\/Kuumaasikas-Fragaria-vesca-L-var-semperflorens-tamme-talu-urdiaed.jpg","datePublished":"2024-03-15T16:22:04+00:00","dateModified":"2026-04-26T20:24:57+00:00","breadcrumb":{"@id":"https:\/\/tammetalu.eu\/toode\/metsmaasikas\/#breadcrumb"},"inLanguage":"ru-RU","potentialAction":[{"@type":"ReadAction","target":["https:\/\/tammetalu.eu\/toode\/metsmaasikas\/"]}]},{"@type":"ImageObject","inLanguage":"ru-RU","@id":"https:\/\/tammetalu.eu\/toode\/metsmaasikas\/#primaryimage","url":"https:\/\/tammetalu.eu\/wp-content\/uploads\/2023\/04\/Kuumaasikas-Fragaria-vesca-L-var-semperflorens-tamme-talu-urdiaed.jpg","contentUrl":"https:\/\/tammetalu.eu\/wp-content\/uploads\/2023\/04\/Kuumaasikas-Fragaria-vesca-L-var-semperflorens-tamme-talu-urdiaed.jpg","width":600,"height":606,"caption":"Kuumaasikas-Fragaria-vesca-L-var-semperflorens-tamme-talu-urdiaed"},{"@type":"BreadcrumbList","@id":"https:\/\/tammetalu.eu\/toode\/metsmaasikas\/#breadcrumb","itemListElement":[{"@type":"ListItem","position":1,"name":"Home","item":"https:\/\/tammetalu.eu\/ru\/esileht-rus\/"},{"@type":"ListItem","position":2,"name":"\u041c\u0430\u0433\u0430\u0437\u0438\u043d","item":"https:\/\/tammetalu.eu\/ru\/%d0%bc%d0%b0%d0%b3%d0%b0%d0%b7%d0%b8%d0%bd\/"},{"@type":"ListItem","position":3,"name":"Metsmaasikas Fragaria vesca"}]},{"@type":"WebSite","@id":"https:\/\/tammetalu.eu\/#website","url":"https:\/\/tammetalu.eu\/","name":"Tamme talu \u00fcrdiaed","description":"K\u00e4sit\u00f6\u00f6na valmistatud tooted \u00fcrtidest, \u00fcrdiistikud, \u00fcrtide kollektsioonaed","publisher":{"@id":"https:\/\/tammetalu.eu\/#organization"},"alternateName":"Tamme talu","potentialAction":[{"@type":"SearchAction","target":{"@type":"EntryPoint","urlTemplate":"https:\/\/tammetalu.eu\/?s={search_term_string}"},"query-input":{"@type":"PropertyValueSpecification","valueRequired":true,"valueName":"search_term_string"}}],"inLanguage":"ru-RU"},{"@type":"Organization","@id":"https:\/\/tammetalu.eu\/#organization","name":"Tamme talu \u00fcrdiaed","alternateName":"Tamme talu","url":"https:\/\/tammetalu.eu\/","logo":{"@type":"ImageObject","inLanguage":"ru-RU","@id":"https:\/\/tammetalu.eu\/#\/schema\/logo\/image\/","url":"https:\/\/tammetalu.eu\/wp-content\/uploads\/2025\/01\/Tamme_talu_urdiaed.png","contentUrl":"https:\/\/tammetalu.eu\/wp-content\/uploads\/2025\/01\/Tamme_talu_urdiaed.png","width":560,"height":560,"caption":"Tamme talu \u00fcrdiaed"},"image":{"@id":"https:\/\/tammetalu.eu\/#\/schema\/logo\/image\/"},"sameAs":["https:\/\/www.facebook.com\/TammeTaluUrdiaed\/?locale=et_EE","https:\/\/www.instagram.com\/tammetaluurdiaed\/"]}]}},"_links":{"self":[{"href":"https:\/\/tammetalu.eu\/ru\/wp-json\/wp\/v2\/product\/20196","targetHints":{"allow":["GET"]}}],"collection":[{"href":"https:\/\/tammetalu.eu\/ru\/wp-json\/wp\/v2\/product"}],"about":[{"href":"https:\/\/tammetalu.eu\/ru\/wp-json\/wp\/v2\/types\/product"}],"wp:featuredmedia":[{"embeddable":true,"href":"https:\/\/tammetalu.eu\/ru\/wp-json\/wp\/v2\/media\/17761"}],"wp:attachment":[{"href":"https:\/\/tammetalu.eu\/ru\/wp-json\/wp\/v2\/media?parent=20196"}],"wp:term":[{"taxonomy":"product_brand","embeddable":true,"href":"https:\/\/tammetalu.eu\/ru\/wp-json\/wp\/v2\/product_brand?post=20196"},{"taxonomy":"product_cat","embeddable":true,"href":"https:\/\/tammetalu.eu\/ru\/wp-json\/wp\/v2\/product_cat?post=20196"},{"taxonomy":"product_tag","embeddable":true,"href":"https:\/\/tammetalu.eu\/ru\/wp-json\/wp\/v2\/product_tag?post=20196"}],"curies":[{"name":"wp","href":"https:\/\/api.w.org\/{rel}","templated":true}]}}