{"id":20198,"date":"2024-03-15T18:39:50","date_gmt":"2024-03-15T16:39:50","guid":{"rendered":"https:\/\/tammetalu.eu\/?post_type=product&#038;p=20198"},"modified":"2026-04-16T19:48:17","modified_gmt":"2026-04-16T16:48:17","slug":"ameerika-helmikpooris-dales-strain","status":"publish","type":"product","link":"https:\/\/tammetalu.eu\/ru\/toode\/ameerika-helmikpooris-dales-strain\/","title":{"rendered":"Ameerika helmikp\u00f6\u00f6ris Heuchera americana &#171;Dale`s Strain&#187;"},"content":{"rendered":"<p>&nbsp;<\/p>\n<p>&nbsp;<\/p>\n","protected":false},"excerpt":{"rendered":"<p>Ameerika helmikp\u00f6\u00f6ris Heuchera americana \u201eDale`s Strain\u201c<\/p>\n<p>LAT: <em>Heuchera americana \u201eDale`s Strain\u201c<\/em><\/p>\n<p>ENG: American alumroot \u201eDale`s Strain\u201c<\/p>\n<p>RU: \u0413\u0435\u0439\u0445\u0435\u0440\u0430 \u0430\u043c\u0435\u0440\u0438\u043a\u0430\u043d\u0441\u043a\u0430\u044f \u201eDale`s Strain\u201c<\/p>\n<p>FI: Keijunkukat \u201eDale`s Strain\u201c<\/p>\n<p>Dekoratiivsete h\u00f5beroheliste lehtedega, millel v\u00e4lja joonistunud pruunikaspunased rood ja peeneraoliste roosade pitsiliste \u00f5isikutega v\u00e4ga vastupidav talihaljas p\u00fcsik nii peenrasse kui suuremasse potti. Taime k\u00f5rgus kuni 45 cm. Kasvab nii t\u00e4isp\u00e4ikeses kui varjus. Heaks kasvuks vajab parasniisket kuni niisket huumusrikast mulda. Paljundada saab jagamisega. Kirjanduse andmetel on just see helmikp\u00f6\u00f6rise sort v\u00e4ga p\u00f5uakindel ja seep\u00e4rast sobib ka liivasemale pinnasele. Lehed ei pleeku p\u00e4ikese k\u00e4es.<\/p>\n<p>Ameerika rahvameditsiinis on helmikp\u00f6\u00f6rise juurtest valmistatud pulber kasutusel kui verejooksu peatav vahend. Toimib kootavalt ja p\u00f5letikuvastaselt. Seespidiselt kasutatakse k\u00f5hulahtisuse, d\u00fcsenteeria ja maohaavandite ravis ning vere h\u00fc\u00fcbimist soodustava vahendina. On kasutatud ka v\u00e4hiravis.<\/p>\n<p>K\u00f5rgus: kuni 0,45 m<\/p>\n<p>Laius: kuni 0,60m<\/p>\n<p>\u00d5itsemise aeg: VI-VII<\/p>\n<p>Talvekindlus: V\u00e4ga hea<\/p>\n<p>Poti suurus: 9-11<\/p>\n","protected":false},"featured_media":20511,"template":"","meta":{"_acf_changed":false,"_et_pb_use_builder":"","_et_pb_old_content":"","_et_gb_content_width":"","inline_featured_image":false},"product_brand":[],"product_cat":[186,200],"product_tag":[],"class_list":{"0":"post-20198","1":"product","2":"type-product","3":"status-publish","4":"has-post-thumbnail","6":"product_cat-maitse-ja-ravimtaimede-istikud","7":"product_cat-muud-maitsetaimed","9":"first","10":"instock","11":"sale","12":"taxable","13":"shipping-taxable","14":"purchasable","15":"product-type-simple"},"acf":[],"yoast_head":"<!-- This site is optimized with the Yoast SEO plugin v26.4 - https:\/\/yoast.com\/wordpress\/plugins\/seo\/ -->\n<title>Ameerika helmikp\u00f6\u00f6ris Heuchera americana &quot;Dale`s Strain&quot; - Tamme talu \u00fcrdiaed<\/title>\n<meta name=\"robots\" content=\"index, follow, max-snippet:-1, max-image-preview:large, max-video-preview:-1\" \/>\n<link rel=\"canonical\" href=\"https:\/\/tammetalu.eu\/toode\/ameerika-helmikpooris-dales-strain\/\" \/>\n<meta property=\"og:locale\" content=\"ru_RU\" \/>\n<meta property=\"og:type\" content=\"article\" \/>\n<meta property=\"og:title\" content=\"Ameerika helmikp\u00f6\u00f6ris Heuchera americana &quot;Dale`s Strain&quot; - Tamme talu \u00fcrdiaed\" \/>\n<meta property=\"og:description\" content=\"Ameerika helmikp\u00f6\u00f6ris Heuchera americana \u201eDale`s Strain\u201c  LAT: Heuchera americana \u201eDale`s Strain\u201c  ENG: American alumroot \u201eDale`s Strain\u201c  RU: \u0413\u0435\u0439\u0445\u0435\u0440\u0430 \u0430\u043c\u0435\u0440\u0438\u043a\u0430\u043d\u0441\u043a\u0430\u044f \u201eDale`s Strain\u201c  FI: Keijunkukat \u201eDale`s Strain\u201c  Dekoratiivsete h\u00f5beroheliste lehtedega, millel v\u00e4lja joonistunud pruunikaspunased rood ja peeneraoliste roosade pitsiliste \u00f5isikutega v\u00e4ga vastupidav talihaljas p\u00fcsik nii peenrasse kui suuremasse potti. Taime k\u00f5rgus kuni 45 cm. Kasvab nii t\u00e4isp\u00e4ikeses kui varjus. Heaks kasvuks vajab parasniisket kuni niisket huumusrikast mulda. Paljundada saab jagamisega. Kirjanduse andmetel on just see helmikp\u00f6\u00f6rise sort v\u00e4ga p\u00f5uakindel ja seep\u00e4rast sobib ka liivasemale pinnasele. Lehed ei pleeku p\u00e4ikese k\u00e4es.  Ameerika rahvameditsiinis on helmikp\u00f6\u00f6rise juurtest valmistatud pulber kasutusel kui verejooksu peatav vahend. Toimib kootavalt ja p\u00f5letikuvastaselt. Seespidiselt kasutatakse k\u00f5hulahtisuse, d\u00fcsenteeria ja maohaavandite ravis ning vere h\u00fc\u00fcbimist soodustava vahendina. On kasutatud ka v\u00e4hiravis.  K\u00f5rgus: kuni 0,45 m  Laius: kuni 0,60m  \u00d5itsemise aeg: VI-VII  Talvekindlus: V\u00e4ga hea  Poti suurus: 9-11\" \/>\n<meta property=\"og:url\" content=\"https:\/\/tammetalu.eu\/toode\/ameerika-helmikpooris-dales-strain\/\" \/>\n<meta property=\"og:site_name\" content=\"Tamme talu \u00fcrdiaed\" \/>\n<meta property=\"article:publisher\" content=\"https:\/\/www.facebook.com\/TammeTaluUrdiaed\/?locale=et_EE\" \/>\n<meta property=\"article:modified_time\" content=\"2026-04-16T16:48:17+00:00\" \/>\n<meta property=\"og:image\" content=\"https:\/\/tammetalu.eu\/wp-content\/uploads\/2024\/03\/ameerika-helmikpooris-Heuchera-americana-Dales-Strain-tamme-talu-urdiaed.jpg\" \/>\n\t<meta property=\"og:image:width\" content=\"1000\" \/>\n\t<meta property=\"og:image:height\" content=\"1000\" \/>\n\t<meta property=\"og:image:type\" content=\"image\/jpeg\" \/>\n<meta name=\"twitter:card\" content=\"summary_large_image\" \/>\n<meta name=\"twitter:label1\" content=\"\u041f\u0440\u0438\u043c\u0435\u0440\u043d\u043e\u0435 \u0432\u0440\u0435\u043c\u044f \u0434\u043b\u044f \u0447\u0442\u0435\u043d\u0438\u044f\" \/>\n\t<meta name=\"twitter:data1\" content=\"1 \u043c\u0438\u043d\u0443\u0442\u0430\" \/>\n<script type=\"application\/ld+json\" class=\"yoast-schema-graph\">{\"@context\":\"https:\/\/schema.org\",\"@graph\":[{\"@type\":\"WebPage\",\"@id\":\"https:\/\/tammetalu.eu\/toode\/ameerika-helmikpooris-dales-strain\/\",\"url\":\"https:\/\/tammetalu.eu\/toode\/ameerika-helmikpooris-dales-strain\/\",\"name\":\"Ameerika helmikp\u00f6\u00f6ris Heuchera americana \\\"Dale`s Strain\\\" - Tamme talu \u00fcrdiaed\",\"isPartOf\":{\"@id\":\"https:\/\/tammetalu.eu\/#website\"},\"primaryImageOfPage\":{\"@id\":\"https:\/\/tammetalu.eu\/toode\/ameerika-helmikpooris-dales-strain\/#primaryimage\"},\"image\":{\"@id\":\"https:\/\/tammetalu.eu\/toode\/ameerika-helmikpooris-dales-strain\/#primaryimage\"},\"thumbnailUrl\":\"https:\/\/tammetalu.eu\/wp-content\/uploads\/2024\/03\/ameerika-helmikpooris-Heuchera-americana-Dales-Strain-tamme-talu-urdiaed.jpg\",\"datePublished\":\"2024-03-15T16:39:50+00:00\",\"dateModified\":\"2026-04-16T16:48:17+00:00\",\"breadcrumb\":{\"@id\":\"https:\/\/tammetalu.eu\/toode\/ameerika-helmikpooris-dales-strain\/#breadcrumb\"},\"inLanguage\":\"ru-RU\",\"potentialAction\":[{\"@type\":\"ReadAction\",\"target\":[\"https:\/\/tammetalu.eu\/toode\/ameerika-helmikpooris-dales-strain\/\"]}]},{\"@type\":\"ImageObject\",\"inLanguage\":\"ru-RU\",\"@id\":\"https:\/\/tammetalu.eu\/toode\/ameerika-helmikpooris-dales-strain\/#primaryimage\",\"url\":\"https:\/\/tammetalu.eu\/wp-content\/uploads\/2024\/03\/ameerika-helmikpooris-Heuchera-americana-Dales-Strain-tamme-talu-urdiaed.jpg\",\"contentUrl\":\"https:\/\/tammetalu.eu\/wp-content\/uploads\/2024\/03\/ameerika-helmikpooris-Heuchera-americana-Dales-Strain-tamme-talu-urdiaed.jpg\",\"width\":1000,\"height\":1000,\"caption\":\"Heuchera (Coral Bells) in the garden, Coral bells cultivation, garden plants\"},{\"@type\":\"BreadcrumbList\",\"@id\":\"https:\/\/tammetalu.eu\/toode\/ameerika-helmikpooris-dales-strain\/#breadcrumb\",\"itemListElement\":[{\"@type\":\"ListItem\",\"position\":1,\"name\":\"Home\",\"item\":\"https:\/\/tammetalu.eu\/ru\/esileht-rus\/\"},{\"@type\":\"ListItem\",\"position\":2,\"name\":\"\u041c\u0430\u0433\u0430\u0437\u0438\u043d\",\"item\":\"https:\/\/tammetalu.eu\/ru\/%d0%bc%d0%b0%d0%b3%d0%b0%d0%b7%d0%b8%d0%bd\/\"},{\"@type\":\"ListItem\",\"position\":3,\"name\":\"Ameerika helmikp\u00f6\u00f6ris Heuchera americana &#8220;Dale`s Strain&#8221;\"}]},{\"@type\":\"WebSite\",\"@id\":\"https:\/\/tammetalu.eu\/#website\",\"url\":\"https:\/\/tammetalu.eu\/\",\"name\":\"Tamme talu \u00fcrdiaed\",\"description\":\"K\u00e4sit\u00f6\u00f6na valmistatud tooted \u00fcrtidest, \u00fcrdiistikud, \u00fcrtide kollektsioonaed\",\"publisher\":{\"@id\":\"https:\/\/tammetalu.eu\/#organization\"},\"alternateName\":\"Tamme talu\",\"potentialAction\":[{\"@type\":\"SearchAction\",\"target\":{\"@type\":\"EntryPoint\",\"urlTemplate\":\"https:\/\/tammetalu.eu\/?s={search_term_string}\"},\"query-input\":{\"@type\":\"PropertyValueSpecification\",\"valueRequired\":true,\"valueName\":\"search_term_string\"}}],\"inLanguage\":\"ru-RU\"},{\"@type\":\"Organization\",\"@id\":\"https:\/\/tammetalu.eu\/#organization\",\"name\":\"Tamme talu \u00fcrdiaed\",\"alternateName\":\"Tamme talu\",\"url\":\"https:\/\/tammetalu.eu\/\",\"logo\":{\"@type\":\"ImageObject\",\"inLanguage\":\"ru-RU\",\"@id\":\"https:\/\/tammetalu.eu\/#\/schema\/logo\/image\/\",\"url\":\"https:\/\/tammetalu.eu\/wp-content\/uploads\/2025\/01\/Tamme_talu_urdiaed.png\",\"contentUrl\":\"https:\/\/tammetalu.eu\/wp-content\/uploads\/2025\/01\/Tamme_talu_urdiaed.png\",\"width\":560,\"height\":560,\"caption\":\"Tamme talu \u00fcrdiaed\"},\"image\":{\"@id\":\"https:\/\/tammetalu.eu\/#\/schema\/logo\/image\/\"},\"sameAs\":[\"https:\/\/www.facebook.com\/TammeTaluUrdiaed\/?locale=et_EE\",\"https:\/\/www.instagram.com\/tammetaluurdiaed\/\"]}]}<\/script>\n<!-- \/ Yoast SEO plugin. -->","yoast_head_json":{"title":"Ameerika helmikp\u00f6\u00f6ris Heuchera americana \"Dale`s Strain\" - Tamme talu \u00fcrdiaed","robots":{"index":"index","follow":"follow","max-snippet":"max-snippet:-1","max-image-preview":"max-image-preview:large","max-video-preview":"max-video-preview:-1"},"canonical":"https:\/\/tammetalu.eu\/toode\/ameerika-helmikpooris-dales-strain\/","og_locale":"ru_RU","og_type":"article","og_title":"Ameerika helmikp\u00f6\u00f6ris Heuchera americana \"Dale`s Strain\" - Tamme talu \u00fcrdiaed","og_description":"Ameerika helmikp\u00f6\u00f6ris Heuchera americana \u201eDale`s Strain\u201c  LAT: Heuchera americana \u201eDale`s Strain\u201c  ENG: American alumroot \u201eDale`s Strain\u201c  RU: \u0413\u0435\u0439\u0445\u0435\u0440\u0430 \u0430\u043c\u0435\u0440\u0438\u043a\u0430\u043d\u0441\u043a\u0430\u044f \u201eDale`s Strain\u201c  FI: Keijunkukat \u201eDale`s Strain\u201c  Dekoratiivsete h\u00f5beroheliste lehtedega, millel v\u00e4lja joonistunud pruunikaspunased rood ja peeneraoliste roosade pitsiliste \u00f5isikutega v\u00e4ga vastupidav talihaljas p\u00fcsik nii peenrasse kui suuremasse potti. Taime k\u00f5rgus kuni 45 cm. Kasvab nii t\u00e4isp\u00e4ikeses kui varjus. Heaks kasvuks vajab parasniisket kuni niisket huumusrikast mulda. Paljundada saab jagamisega. Kirjanduse andmetel on just see helmikp\u00f6\u00f6rise sort v\u00e4ga p\u00f5uakindel ja seep\u00e4rast sobib ka liivasemale pinnasele. Lehed ei pleeku p\u00e4ikese k\u00e4es.  Ameerika rahvameditsiinis on helmikp\u00f6\u00f6rise juurtest valmistatud pulber kasutusel kui verejooksu peatav vahend. Toimib kootavalt ja p\u00f5letikuvastaselt. Seespidiselt kasutatakse k\u00f5hulahtisuse, d\u00fcsenteeria ja maohaavandite ravis ning vere h\u00fc\u00fcbimist soodustava vahendina. On kasutatud ka v\u00e4hiravis.  K\u00f5rgus: kuni 0,45 m  Laius: kuni 0,60m  \u00d5itsemise aeg: VI-VII  Talvekindlus: V\u00e4ga hea  Poti suurus: 9-11","og_url":"https:\/\/tammetalu.eu\/toode\/ameerika-helmikpooris-dales-strain\/","og_site_name":"Tamme talu \u00fcrdiaed","article_publisher":"https:\/\/www.facebook.com\/TammeTaluUrdiaed\/?locale=et_EE","article_modified_time":"2026-04-16T16:48:17+00:00","og_image":[{"width":1000,"height":1000,"url":"https:\/\/tammetalu.eu\/wp-content\/uploads\/2024\/03\/ameerika-helmikpooris-Heuchera-americana-Dales-Strain-tamme-talu-urdiaed.jpg","type":"image\/jpeg"}],"twitter_card":"summary_large_image","twitter_misc":{"\u041f\u0440\u0438\u043c\u0435\u0440\u043d\u043e\u0435 \u0432\u0440\u0435\u043c\u044f \u0434\u043b\u044f \u0447\u0442\u0435\u043d\u0438\u044f":"1 \u043c\u0438\u043d\u0443\u0442\u0430"},"schema":{"@context":"https:\/\/schema.org","@graph":[{"@type":"WebPage","@id":"https:\/\/tammetalu.eu\/toode\/ameerika-helmikpooris-dales-strain\/","url":"https:\/\/tammetalu.eu\/toode\/ameerika-helmikpooris-dales-strain\/","name":"Ameerika helmikp\u00f6\u00f6ris Heuchera americana \"Dale`s Strain\" - Tamme talu \u00fcrdiaed","isPartOf":{"@id":"https:\/\/tammetalu.eu\/#website"},"primaryImageOfPage":{"@id":"https:\/\/tammetalu.eu\/toode\/ameerika-helmikpooris-dales-strain\/#primaryimage"},"image":{"@id":"https:\/\/tammetalu.eu\/toode\/ameerika-helmikpooris-dales-strain\/#primaryimage"},"thumbnailUrl":"https:\/\/tammetalu.eu\/wp-content\/uploads\/2024\/03\/ameerika-helmikpooris-Heuchera-americana-Dales-Strain-tamme-talu-urdiaed.jpg","datePublished":"2024-03-15T16:39:50+00:00","dateModified":"2026-04-16T16:48:17+00:00","breadcrumb":{"@id":"https:\/\/tammetalu.eu\/toode\/ameerika-helmikpooris-dales-strain\/#breadcrumb"},"inLanguage":"ru-RU","potentialAction":[{"@type":"ReadAction","target":["https:\/\/tammetalu.eu\/toode\/ameerika-helmikpooris-dales-strain\/"]}]},{"@type":"ImageObject","inLanguage":"ru-RU","@id":"https:\/\/tammetalu.eu\/toode\/ameerika-helmikpooris-dales-strain\/#primaryimage","url":"https:\/\/tammetalu.eu\/wp-content\/uploads\/2024\/03\/ameerika-helmikpooris-Heuchera-americana-Dales-Strain-tamme-talu-urdiaed.jpg","contentUrl":"https:\/\/tammetalu.eu\/wp-content\/uploads\/2024\/03\/ameerika-helmikpooris-Heuchera-americana-Dales-Strain-tamme-talu-urdiaed.jpg","width":1000,"height":1000,"caption":"Heuchera (Coral Bells) in the garden, Coral bells cultivation, garden plants"},{"@type":"BreadcrumbList","@id":"https:\/\/tammetalu.eu\/toode\/ameerika-helmikpooris-dales-strain\/#breadcrumb","itemListElement":[{"@type":"ListItem","position":1,"name":"Home","item":"https:\/\/tammetalu.eu\/ru\/esileht-rus\/"},{"@type":"ListItem","position":2,"name":"\u041c\u0430\u0433\u0430\u0437\u0438\u043d","item":"https:\/\/tammetalu.eu\/ru\/%d0%bc%d0%b0%d0%b3%d0%b0%d0%b7%d0%b8%d0%bd\/"},{"@type":"ListItem","position":3,"name":"Ameerika helmikp\u00f6\u00f6ris Heuchera americana &#8220;Dale`s Strain&#8221;"}]},{"@type":"WebSite","@id":"https:\/\/tammetalu.eu\/#website","url":"https:\/\/tammetalu.eu\/","name":"Tamme talu \u00fcrdiaed","description":"K\u00e4sit\u00f6\u00f6na valmistatud tooted \u00fcrtidest, \u00fcrdiistikud, \u00fcrtide kollektsioonaed","publisher":{"@id":"https:\/\/tammetalu.eu\/#organization"},"alternateName":"Tamme talu","potentialAction":[{"@type":"SearchAction","target":{"@type":"EntryPoint","urlTemplate":"https:\/\/tammetalu.eu\/?s={search_term_string}"},"query-input":{"@type":"PropertyValueSpecification","valueRequired":true,"valueName":"search_term_string"}}],"inLanguage":"ru-RU"},{"@type":"Organization","@id":"https:\/\/tammetalu.eu\/#organization","name":"Tamme talu \u00fcrdiaed","alternateName":"Tamme talu","url":"https:\/\/tammetalu.eu\/","logo":{"@type":"ImageObject","inLanguage":"ru-RU","@id":"https:\/\/tammetalu.eu\/#\/schema\/logo\/image\/","url":"https:\/\/tammetalu.eu\/wp-content\/uploads\/2025\/01\/Tamme_talu_urdiaed.png","contentUrl":"https:\/\/tammetalu.eu\/wp-content\/uploads\/2025\/01\/Tamme_talu_urdiaed.png","width":560,"height":560,"caption":"Tamme talu \u00fcrdiaed"},"image":{"@id":"https:\/\/tammetalu.eu\/#\/schema\/logo\/image\/"},"sameAs":["https:\/\/www.facebook.com\/TammeTaluUrdiaed\/?locale=et_EE","https:\/\/www.instagram.com\/tammetaluurdiaed\/"]}]}},"_links":{"self":[{"href":"https:\/\/tammetalu.eu\/ru\/wp-json\/wp\/v2\/product\/20198","targetHints":{"allow":["GET"]}}],"collection":[{"href":"https:\/\/tammetalu.eu\/ru\/wp-json\/wp\/v2\/product"}],"about":[{"href":"https:\/\/tammetalu.eu\/ru\/wp-json\/wp\/v2\/types\/product"}],"wp:featuredmedia":[{"embeddable":true,"href":"https:\/\/tammetalu.eu\/ru\/wp-json\/wp\/v2\/media\/20511"}],"wp:attachment":[{"href":"https:\/\/tammetalu.eu\/ru\/wp-json\/wp\/v2\/media?parent=20198"}],"wp:term":[{"taxonomy":"product_brand","embeddable":true,"href":"https:\/\/tammetalu.eu\/ru\/wp-json\/wp\/v2\/product_brand?post=20198"},{"taxonomy":"product_cat","embeddable":true,"href":"https:\/\/tammetalu.eu\/ru\/wp-json\/wp\/v2\/product_cat?post=20198"},{"taxonomy":"product_tag","embeddable":true,"href":"https:\/\/tammetalu.eu\/ru\/wp-json\/wp\/v2\/product_tag?post=20198"}],"curies":[{"name":"wp","href":"https:\/\/api.w.org\/{rel}","templated":true}]}}