{"id":20244,"date":"2024-03-30T10:41:27","date_gmt":"2024-03-30T08:41:27","guid":{"rendered":"https:\/\/tammetalu.eu\/?post_type=product&#038;p=20244"},"modified":"2026-05-04T08:49:29","modified_gmt":"2026-05-04T05:49:29","slug":"aed-liivatee-rose","status":"publish","type":"product","link":"https:\/\/tammetalu.eu\/ru\/toode\/aed-liivatee-rose\/","title":{"rendered":"Aed-liivatee Thymus vulgaris var. linaloe"},"content":{"rendered":"","protected":false},"excerpt":{"rendered":"<p><em>Thymus vulgaris var. linaloe<\/em><\/p>\n<p>Madalakasvuline (k\u00f5rgus kuni 20 cm), v\u00e4ikeste roheliste v\u00e4ga aromaatsete roosil\u00f5hnaliste lehtedega uudistaim. On igihaljas, kuid vajab k\u00fclma eest kaitset lumeta talvel. Kasvuks vajab vett h\u00e4sti l\u00e4bilaskvat liivasegust mulda ja t\u00e4isp\u00e4ikest, kuid lepib ka poolvarjulise kasvukohaga. V\u00e4ga sobilik on roosil\u00f5hnalist liivateed kasvatada p\u00e4ikeselisel r\u00f5dul ja terrassil nii l\u00f5hna-, maitse- kui ravimtaimena. Talub h\u00e4sti p\u00fcgamist. Oleme Tamme talus kasvatanud seda roosil\u00f5hnalist liivateed m\u00f5ned aastad ja t\u00e4iesti armunud sellesse taime just tema v\u00e4limuse ja l\u00f5hna p\u00e4rast. Kahjuks on sel liivateel ka v\u00e4ike puudus, nimelt ei ole ta v\u00e4ga talvekindel, seep\u00e4rast tuleks teda talveks kindlasti katta.<\/p>\n<p>Proovige valmistada roosil\u00f5hnalist t\u00fc\u00fcmianiteed v\u00f5i kasvatada seda t\u00e4iesti uudset liivatee sorti ka vaid imelise re44l\u00f5hnataimena.<\/p>\n<p>Kokanduses kasutatakse t\u00fc\u00fcmianit kondittritoodete, magusroogade, aedvilja-, kana- sealiha, -loomaliha ja pastatoitude maitsestamiseks.<\/p>\n<p>Rahvameditsiinis on aed-liivateest valmistatud teed kasutatud k\u00f5hupuhituse ja k\u00f6ha leevendajana.<\/p>\n<p>&nbsp;<\/p>\n","protected":false},"featured_media":20373,"template":"","meta":{"_acf_changed":false,"_et_pb_use_builder":"","_et_pb_old_content":"","_et_gb_content_width":"","inline_featured_image":false},"product_brand":[],"product_cat":[194,186],"product_tag":[],"class_list":{"0":"post-20244","1":"product","2":"type-product","3":"status-publish","4":"has-post-thumbnail","6":"product_cat-liivateed","7":"product_cat-maitse-ja-ravimtaimede-istikud","9":"first","10":"outofstock","11":"taxable","12":"shipping-taxable","13":"purchasable","14":"product-type-simple"},"acf":[],"yoast_head":"<!-- This site is optimized with the Yoast SEO plugin v27.5 - https:\/\/yoast.com\/product\/yoast-seo-wordpress\/ -->\n<title>Aed-liivatee Thymus vulgaris var. linaloe - Tamme talu \u00fcrdiaed<\/title>\n<meta name=\"robots\" content=\"index, follow, max-snippet:-1, max-image-preview:large, max-video-preview:-1\" \/>\n<link rel=\"canonical\" href=\"https:\/\/tammetalu.eu\/toode\/aed-liivatee-rose\/\" \/>\n<meta property=\"og:locale\" content=\"ru_RU\" \/>\n<meta property=\"og:type\" content=\"article\" \/>\n<meta property=\"og:title\" content=\"Aed-liivatee Thymus vulgaris var. linaloe - Tamme talu \u00fcrdiaed\" \/>\n<meta property=\"og:description\" content=\"Thymus vulgaris var. linaloe  Madalakasvuline (k\u00f5rgus kuni 20 cm), v\u00e4ikeste roheliste v\u00e4ga aromaatsete roosil\u00f5hnaliste lehtedega uudistaim. On igihaljas, kuid vajab k\u00fclma eest kaitset lumeta talvel. Kasvuks vajab vett h\u00e4sti l\u00e4bilaskvat liivasegust mulda ja t\u00e4isp\u00e4ikest, kuid lepib ka poolvarjulise kasvukohaga. V\u00e4ga sobilik on roosil\u00f5hnalist liivateed kasvatada p\u00e4ikeselisel r\u00f5dul ja terrassil nii l\u00f5hna-, maitse- kui ravimtaimena. Talub h\u00e4sti p\u00fcgamist. Oleme Tamme talus kasvatanud seda roosil\u00f5hnalist liivateed m\u00f5ned aastad ja t\u00e4iesti armunud sellesse taime just tema v\u00e4limuse ja l\u00f5hna p\u00e4rast. Kahjuks on sel liivateel ka v\u00e4ike puudus, nimelt ei ole ta v\u00e4ga talvekindel, seep\u00e4rast tuleks teda talveks kindlasti katta.  Proovige valmistada roosil\u00f5hnalist t\u00fc\u00fcmianiteed v\u00f5i kasvatada seda t\u00e4iesti uudset liivatee sorti ka vaid imelise re44l\u00f5hnataimena.  Kokanduses kasutatakse t\u00fc\u00fcmianit kondittritoodete, magusroogade, aedvilja-, kana- sealiha, -loomaliha ja pastatoitude maitsestamiseks.  Rahvameditsiinis on aed-liivateest valmistatud teed kasutatud k\u00f5hupuhituse ja k\u00f6ha leevendajana.  &nbsp;\" \/>\n<meta property=\"og:url\" content=\"https:\/\/tammetalu.eu\/toode\/aed-liivatee-rose\/\" \/>\n<meta property=\"og:site_name\" content=\"Tamme talu \u00fcrdiaed\" \/>\n<meta property=\"article:publisher\" content=\"https:\/\/www.facebook.com\/TammeTaluUrdiaed\/?locale=et_EE\" \/>\n<meta property=\"article:modified_time\" content=\"2026-05-04T05:49:29+00:00\" \/>\n<meta property=\"og:image\" content=\"https:\/\/tammetalu.eu\/wp-content\/uploads\/2024\/03\/aed-liivatee-thymus-vulgaris-rose-tamme-talu-urdiaed.jpg\" \/>\n\t<meta property=\"og:image:width\" content=\"500\" \/>\n\t<meta property=\"og:image:height\" content=\"750\" \/>\n\t<meta property=\"og:image:type\" content=\"image\/jpeg\" \/>\n<meta name=\"twitter:card\" content=\"summary_large_image\" \/>\n<meta name=\"twitter:label1\" content=\"\u041f\u0440\u0438\u043c\u0435\u0440\u043d\u043e\u0435 \u0432\u0440\u0435\u043c\u044f \u0434\u043b\u044f \u0447\u0442\u0435\u043d\u0438\u044f\" \/>\n\t<meta name=\"twitter:data1\" content=\"1 \u043c\u0438\u043d\u0443\u0442\u0430\" \/>\n<script type=\"application\/ld+json\" class=\"yoast-schema-graph\">{\"@context\":\"https:\\\/\\\/schema.org\",\"@graph\":[{\"@type\":\"WebPage\",\"@id\":\"https:\\\/\\\/tammetalu.eu\\\/toode\\\/aed-liivatee-rose\\\/\",\"url\":\"https:\\\/\\\/tammetalu.eu\\\/toode\\\/aed-liivatee-rose\\\/\",\"name\":\"Aed-liivatee Thymus vulgaris var. linaloe - Tamme talu \u00fcrdiaed\",\"isPartOf\":{\"@id\":\"https:\\\/\\\/tammetalu.eu\\\/#website\"},\"primaryImageOfPage\":{\"@id\":\"https:\\\/\\\/tammetalu.eu\\\/toode\\\/aed-liivatee-rose\\\/#primaryimage\"},\"image\":{\"@id\":\"https:\\\/\\\/tammetalu.eu\\\/toode\\\/aed-liivatee-rose\\\/#primaryimage\"},\"thumbnailUrl\":\"https:\\\/\\\/tammetalu.eu\\\/wp-content\\\/uploads\\\/2024\\\/03\\\/aed-liivatee-thymus-vulgaris-rose-tamme-talu-urdiaed.jpg\",\"datePublished\":\"2024-03-30T08:41:27+00:00\",\"dateModified\":\"2026-05-04T05:49:29+00:00\",\"breadcrumb\":{\"@id\":\"https:\\\/\\\/tammetalu.eu\\\/toode\\\/aed-liivatee-rose\\\/#breadcrumb\"},\"inLanguage\":\"ru-RU\",\"potentialAction\":[{\"@type\":\"ReadAction\",\"target\":[\"https:\\\/\\\/tammetalu.eu\\\/toode\\\/aed-liivatee-rose\\\/\"]}]},{\"@type\":\"ImageObject\",\"inLanguage\":\"ru-RU\",\"@id\":\"https:\\\/\\\/tammetalu.eu\\\/toode\\\/aed-liivatee-rose\\\/#primaryimage\",\"url\":\"https:\\\/\\\/tammetalu.eu\\\/wp-content\\\/uploads\\\/2024\\\/03\\\/aed-liivatee-thymus-vulgaris-rose-tamme-talu-urdiaed.jpg\",\"contentUrl\":\"https:\\\/\\\/tammetalu.eu\\\/wp-content\\\/uploads\\\/2024\\\/03\\\/aed-liivatee-thymus-vulgaris-rose-tamme-talu-urdiaed.jpg\",\"width\":500,\"height\":750,\"caption\":\"aed-liivatee-thymus-vulgaris-rose-tamme-talu-urdiaed\"},{\"@type\":\"BreadcrumbList\",\"@id\":\"https:\\\/\\\/tammetalu.eu\\\/toode\\\/aed-liivatee-rose\\\/#breadcrumb\",\"itemListElement\":[{\"@type\":\"ListItem\",\"position\":1,\"name\":\"Home\",\"item\":\"https:\\\/\\\/tammetalu.eu\\\/ru\\\/esileht-rus\\\/\"},{\"@type\":\"ListItem\",\"position\":2,\"name\":\"\u041c\u0430\u0433\u0430\u0437\u0438\u043d\",\"item\":\"https:\\\/\\\/tammetalu.eu\\\/ru\\\/%d0%bc%d0%b0%d0%b3%d0%b0%d0%b7%d0%b8%d0%bd\\\/\"},{\"@type\":\"ListItem\",\"position\":3,\"name\":\"Aed-liivatee Thymus vulgaris var. linaloe\"}]},{\"@type\":\"WebSite\",\"@id\":\"https:\\\/\\\/tammetalu.eu\\\/#website\",\"url\":\"https:\\\/\\\/tammetalu.eu\\\/\",\"name\":\"Tamme talu \u00fcrdiaed\",\"description\":\"K\u00e4sit\u00f6\u00f6na valmistatud tooted \u00fcrtidest, \u00fcrdiistikud, \u00fcrtide kollektsioonaed\",\"publisher\":{\"@id\":\"https:\\\/\\\/tammetalu.eu\\\/#organization\"},\"alternateName\":\"Tamme talu\",\"potentialAction\":[{\"@type\":\"SearchAction\",\"target\":{\"@type\":\"EntryPoint\",\"urlTemplate\":\"https:\\\/\\\/tammetalu.eu\\\/?s={search_term_string}\"},\"query-input\":{\"@type\":\"PropertyValueSpecification\",\"valueRequired\":true,\"valueName\":\"search_term_string\"}}],\"inLanguage\":\"ru-RU\"},{\"@type\":\"Organization\",\"@id\":\"https:\\\/\\\/tammetalu.eu\\\/#organization\",\"name\":\"Tamme talu \u00fcrdiaed\",\"alternateName\":\"Tamme talu\",\"url\":\"https:\\\/\\\/tammetalu.eu\\\/\",\"logo\":{\"@type\":\"ImageObject\",\"inLanguage\":\"ru-RU\",\"@id\":\"https:\\\/\\\/tammetalu.eu\\\/#\\\/schema\\\/logo\\\/image\\\/\",\"url\":\"https:\\\/\\\/tammetalu.eu\\\/wp-content\\\/uploads\\\/2025\\\/01\\\/Tamme_talu_urdiaed.png\",\"contentUrl\":\"https:\\\/\\\/tammetalu.eu\\\/wp-content\\\/uploads\\\/2025\\\/01\\\/Tamme_talu_urdiaed.png\",\"width\":560,\"height\":560,\"caption\":\"Tamme talu \u00fcrdiaed\"},\"image\":{\"@id\":\"https:\\\/\\\/tammetalu.eu\\\/#\\\/schema\\\/logo\\\/image\\\/\"},\"sameAs\":[\"https:\\\/\\\/www.facebook.com\\\/TammeTaluUrdiaed\\\/?locale=et_EE\",\"https:\\\/\\\/www.instagram.com\\\/tammetaluurdiaed\\\/\"]}]}<\/script>\n<!-- \/ Yoast SEO plugin. -->","yoast_head_json":{"title":"Aed-liivatee Thymus vulgaris var. linaloe - Tamme talu \u00fcrdiaed","robots":{"index":"index","follow":"follow","max-snippet":"max-snippet:-1","max-image-preview":"max-image-preview:large","max-video-preview":"max-video-preview:-1"},"canonical":"https:\/\/tammetalu.eu\/toode\/aed-liivatee-rose\/","og_locale":"ru_RU","og_type":"article","og_title":"Aed-liivatee Thymus vulgaris var. linaloe - Tamme talu \u00fcrdiaed","og_description":"Thymus vulgaris var. linaloe  Madalakasvuline (k\u00f5rgus kuni 20 cm), v\u00e4ikeste roheliste v\u00e4ga aromaatsete roosil\u00f5hnaliste lehtedega uudistaim. On igihaljas, kuid vajab k\u00fclma eest kaitset lumeta talvel. Kasvuks vajab vett h\u00e4sti l\u00e4bilaskvat liivasegust mulda ja t\u00e4isp\u00e4ikest, kuid lepib ka poolvarjulise kasvukohaga. V\u00e4ga sobilik on roosil\u00f5hnalist liivateed kasvatada p\u00e4ikeselisel r\u00f5dul ja terrassil nii l\u00f5hna-, maitse- kui ravimtaimena. Talub h\u00e4sti p\u00fcgamist. Oleme Tamme talus kasvatanud seda roosil\u00f5hnalist liivateed m\u00f5ned aastad ja t\u00e4iesti armunud sellesse taime just tema v\u00e4limuse ja l\u00f5hna p\u00e4rast. Kahjuks on sel liivateel ka v\u00e4ike puudus, nimelt ei ole ta v\u00e4ga talvekindel, seep\u00e4rast tuleks teda talveks kindlasti katta.  Proovige valmistada roosil\u00f5hnalist t\u00fc\u00fcmianiteed v\u00f5i kasvatada seda t\u00e4iesti uudset liivatee sorti ka vaid imelise re44l\u00f5hnataimena.  Kokanduses kasutatakse t\u00fc\u00fcmianit kondittritoodete, magusroogade, aedvilja-, kana- sealiha, -loomaliha ja pastatoitude maitsestamiseks.  Rahvameditsiinis on aed-liivateest valmistatud teed kasutatud k\u00f5hupuhituse ja k\u00f6ha leevendajana.  &nbsp;","og_url":"https:\/\/tammetalu.eu\/toode\/aed-liivatee-rose\/","og_site_name":"Tamme talu \u00fcrdiaed","article_publisher":"https:\/\/www.facebook.com\/TammeTaluUrdiaed\/?locale=et_EE","article_modified_time":"2026-05-04T05:49:29+00:00","og_image":[{"width":500,"height":750,"url":"https:\/\/tammetalu.eu\/wp-content\/uploads\/2024\/03\/aed-liivatee-thymus-vulgaris-rose-tamme-talu-urdiaed.jpg","type":"image\/jpeg"}],"twitter_card":"summary_large_image","twitter_misc":{"\u041f\u0440\u0438\u043c\u0435\u0440\u043d\u043e\u0435 \u0432\u0440\u0435\u043c\u044f \u0434\u043b\u044f \u0447\u0442\u0435\u043d\u0438\u044f":"1 \u043c\u0438\u043d\u0443\u0442\u0430"},"schema":{"@context":"https:\/\/schema.org","@graph":[{"@type":"WebPage","@id":"https:\/\/tammetalu.eu\/toode\/aed-liivatee-rose\/","url":"https:\/\/tammetalu.eu\/toode\/aed-liivatee-rose\/","name":"Aed-liivatee Thymus vulgaris var. linaloe - Tamme talu \u00fcrdiaed","isPartOf":{"@id":"https:\/\/tammetalu.eu\/#website"},"primaryImageOfPage":{"@id":"https:\/\/tammetalu.eu\/toode\/aed-liivatee-rose\/#primaryimage"},"image":{"@id":"https:\/\/tammetalu.eu\/toode\/aed-liivatee-rose\/#primaryimage"},"thumbnailUrl":"https:\/\/tammetalu.eu\/wp-content\/uploads\/2024\/03\/aed-liivatee-thymus-vulgaris-rose-tamme-talu-urdiaed.jpg","datePublished":"2024-03-30T08:41:27+00:00","dateModified":"2026-05-04T05:49:29+00:00","breadcrumb":{"@id":"https:\/\/tammetalu.eu\/toode\/aed-liivatee-rose\/#breadcrumb"},"inLanguage":"ru-RU","potentialAction":[{"@type":"ReadAction","target":["https:\/\/tammetalu.eu\/toode\/aed-liivatee-rose\/"]}]},{"@type":"ImageObject","inLanguage":"ru-RU","@id":"https:\/\/tammetalu.eu\/toode\/aed-liivatee-rose\/#primaryimage","url":"https:\/\/tammetalu.eu\/wp-content\/uploads\/2024\/03\/aed-liivatee-thymus-vulgaris-rose-tamme-talu-urdiaed.jpg","contentUrl":"https:\/\/tammetalu.eu\/wp-content\/uploads\/2024\/03\/aed-liivatee-thymus-vulgaris-rose-tamme-talu-urdiaed.jpg","width":500,"height":750,"caption":"aed-liivatee-thymus-vulgaris-rose-tamme-talu-urdiaed"},{"@type":"BreadcrumbList","@id":"https:\/\/tammetalu.eu\/toode\/aed-liivatee-rose\/#breadcrumb","itemListElement":[{"@type":"ListItem","position":1,"name":"Home","item":"https:\/\/tammetalu.eu\/ru\/esileht-rus\/"},{"@type":"ListItem","position":2,"name":"\u041c\u0430\u0433\u0430\u0437\u0438\u043d","item":"https:\/\/tammetalu.eu\/ru\/%d0%bc%d0%b0%d0%b3%d0%b0%d0%b7%d0%b8%d0%bd\/"},{"@type":"ListItem","position":3,"name":"Aed-liivatee Thymus vulgaris var. linaloe"}]},{"@type":"WebSite","@id":"https:\/\/tammetalu.eu\/#website","url":"https:\/\/tammetalu.eu\/","name":"Tamme talu \u00fcrdiaed","description":"K\u00e4sit\u00f6\u00f6na valmistatud tooted \u00fcrtidest, \u00fcrdiistikud, \u00fcrtide kollektsioonaed","publisher":{"@id":"https:\/\/tammetalu.eu\/#organization"},"alternateName":"Tamme talu","potentialAction":[{"@type":"SearchAction","target":{"@type":"EntryPoint","urlTemplate":"https:\/\/tammetalu.eu\/?s={search_term_string}"},"query-input":{"@type":"PropertyValueSpecification","valueRequired":true,"valueName":"search_term_string"}}],"inLanguage":"ru-RU"},{"@type":"Organization","@id":"https:\/\/tammetalu.eu\/#organization","name":"Tamme talu \u00fcrdiaed","alternateName":"Tamme talu","url":"https:\/\/tammetalu.eu\/","logo":{"@type":"ImageObject","inLanguage":"ru-RU","@id":"https:\/\/tammetalu.eu\/#\/schema\/logo\/image\/","url":"https:\/\/tammetalu.eu\/wp-content\/uploads\/2025\/01\/Tamme_talu_urdiaed.png","contentUrl":"https:\/\/tammetalu.eu\/wp-content\/uploads\/2025\/01\/Tamme_talu_urdiaed.png","width":560,"height":560,"caption":"Tamme talu \u00fcrdiaed"},"image":{"@id":"https:\/\/tammetalu.eu\/#\/schema\/logo\/image\/"},"sameAs":["https:\/\/www.facebook.com\/TammeTaluUrdiaed\/?locale=et_EE","https:\/\/www.instagram.com\/tammetaluurdiaed\/"]}]}},"_links":{"self":[{"href":"https:\/\/tammetalu.eu\/ru\/wp-json\/wp\/v2\/product\/20244","targetHints":{"allow":["GET"]}}],"collection":[{"href":"https:\/\/tammetalu.eu\/ru\/wp-json\/wp\/v2\/product"}],"about":[{"href":"https:\/\/tammetalu.eu\/ru\/wp-json\/wp\/v2\/types\/product"}],"wp:featuredmedia":[{"embeddable":true,"href":"https:\/\/tammetalu.eu\/ru\/wp-json\/wp\/v2\/media\/20373"}],"wp:attachment":[{"href":"https:\/\/tammetalu.eu\/ru\/wp-json\/wp\/v2\/media?parent=20244"}],"wp:term":[{"taxonomy":"product_brand","embeddable":true,"href":"https:\/\/tammetalu.eu\/ru\/wp-json\/wp\/v2\/product_brand?post=20244"},{"taxonomy":"product_cat","embeddable":true,"href":"https:\/\/tammetalu.eu\/ru\/wp-json\/wp\/v2\/product_cat?post=20244"},{"taxonomy":"product_tag","embeddable":true,"href":"https:\/\/tammetalu.eu\/ru\/wp-json\/wp\/v2\/product_tag?post=20244"}],"curies":[{"name":"wp","href":"https:\/\/api.w.org\/{rel}","templated":true}]}}