{"id":20422,"date":"2024-04-07T07:37:54","date_gmt":"2024-04-07T04:37:54","guid":{"rendered":"https:\/\/tammetalu.eu\/?post_type=product&#038;p=20422"},"modified":"2026-05-04T08:49:26","modified_gmt":"2026-05-04T05:49:26","slug":"verev-helmikpooris-ruby-bells","status":"publish","type":"product","link":"https:\/\/tammetalu.eu\/ru\/toode\/verev-helmikpooris-ruby-bells\/","title":{"rendered":"Verev helmikp\u00f6\u00f6ris Heuchera sanguinea &#171;Ruby Bells&#187;"},"content":{"rendered":"<p>&nbsp;<\/p>\n<p>&nbsp;<\/p>\n","protected":false},"excerpt":{"rendered":"<p>Verev helmikp\u00f6\u00f6ris <em>Heuchera sanguinea <\/em>\u201eRuby Bells\u201c<\/p>\n<p>LAT: \u00a0<em>Heuchera sanguinea<\/em><\/p>\n<p>ENG: \u00a0Coral bells \u201eRuby Bells\u201c<\/p>\n<p>RU: \u00a0\u0413\u0435\u0439\u0445\u0435\u0440\u0430 \u043a\u0440\u043e\u0432\u0430\u0432\u043e\u043a\u0440\u0430\u0441\u043d\u0430\u044f \u201eRuby Bells\u201c<\/p>\n<p>FI: \u00a0Korallikeijunkukka \u201eRuby Bells\u201c<\/p>\n<p>Vereva helmikp\u00f6\u00f6rise sort &#171;Ruby Bells&#187; on heleroheliste lehtede ja erksalt sarlakpunaste peeneraoliste pitsiliste \u00f5isikutega v\u00e4ga vastupidav talvekindel p\u00fcsik nii peenrasse kui suuremasse potti v\u00f5i aiavaasi. Taime k\u00f5rgus kuni 45 cm. \u00a0Kasvab nii t\u00e4isp\u00e4ikeses kui varjus. Heaks kasvuks vajab parasniisket kuni niisket huumusrikast mulda. Paljundada saab jagamisega.<\/p>\n<p>Taime lehed ja \u00f5ied on s\u00f6\u00f6davad, kuid neid kasutatakse peamiselt toitude kaunistamiseks.<\/p>\n<p>Ameerika rahvameditsiinis on helmikp\u00f6\u00f6rise juurtest valmistatud pulber kasutusel kui verejooksu peatav vahend. Toimib kootavalt ja p\u00f5letikuvastaselt ning on kasutatud valuvaigistava toime t\u00f5ttu.<\/p>\n<p>K\u00f5rgus: kuni 0,45 m<\/p>\n<p>Laius: kuni 0,45m<\/p>\n<p>\u00d5itsemise aeg: VI-VII<\/p>\n<p>Talvekindlus: V\u00e4ga hea<\/p>\n<p>Poti suurus: 9-11<\/p>\n","protected":false},"featured_media":20486,"template":"","meta":{"_acf_changed":false,"_et_pb_use_builder":"","_et_pb_old_content":"","_et_gb_content_width":"","inline_featured_image":false},"product_brand":[],"product_cat":[186,200],"product_tag":[],"class_list":{"0":"post-20422","1":"product","2":"type-product","3":"status-publish","4":"has-post-thumbnail","6":"product_cat-maitse-ja-ravimtaimede-istikud","7":"product_cat-muud-maitsetaimed","9":"first","10":"instock","11":"taxable","12":"shipping-taxable","13":"purchasable","14":"product-type-simple"},"acf":[],"yoast_head":"<!-- This site is optimized with the Yoast SEO plugin v27.5 - https:\/\/yoast.com\/product\/yoast-seo-wordpress\/ -->\n<title>Verev helmikp\u00f6\u00f6ris Heuchera sanguinea &quot;Ruby Bells&quot; - Tamme talu \u00fcrdiaed<\/title>\n<meta name=\"robots\" content=\"index, follow, max-snippet:-1, max-image-preview:large, max-video-preview:-1\" \/>\n<link rel=\"canonical\" href=\"https:\/\/tammetalu.eu\/toode\/verev-helmikpooris-ruby-bells\/\" \/>\n<meta property=\"og:locale\" content=\"ru_RU\" \/>\n<meta property=\"og:type\" content=\"article\" \/>\n<meta property=\"og:title\" content=\"Verev helmikp\u00f6\u00f6ris Heuchera sanguinea &quot;Ruby Bells&quot; - Tamme talu \u00fcrdiaed\" \/>\n<meta property=\"og:description\" content=\"Verev helmikp\u00f6\u00f6ris Heuchera sanguinea \u201eRuby Bells\u201c  LAT: \u00a0Heuchera sanguinea  ENG: \u00a0Coral bells \u201eRuby Bells\u201c  RU: \u00a0\u0413\u0435\u0439\u0445\u0435\u0440\u0430 \u043a\u0440\u043e\u0432\u0430\u0432\u043e\u043a\u0440\u0430\u0441\u043d\u0430\u044f \u201eRuby Bells\u201c  FI: \u00a0Korallikeijunkukka \u201eRuby Bells\u201c  Vereva helmikp\u00f6\u00f6rise sort &quot;Ruby Bells&quot; on heleroheliste lehtede ja erksalt sarlakpunaste peeneraoliste pitsiliste \u00f5isikutega v\u00e4ga vastupidav talvekindel p\u00fcsik nii peenrasse kui suuremasse potti v\u00f5i aiavaasi. Taime k\u00f5rgus kuni 45 cm. \u00a0Kasvab nii t\u00e4isp\u00e4ikeses kui varjus. Heaks kasvuks vajab parasniisket kuni niisket huumusrikast mulda. Paljundada saab jagamisega.  Taime lehed ja \u00f5ied on s\u00f6\u00f6davad, kuid neid kasutatakse peamiselt toitude kaunistamiseks.  Ameerika rahvameditsiinis on helmikp\u00f6\u00f6rise juurtest valmistatud pulber kasutusel kui verejooksu peatav vahend. Toimib kootavalt ja p\u00f5letikuvastaselt ning on kasutatud valuvaigistava toime t\u00f5ttu.  K\u00f5rgus: kuni 0,45 m  Laius: kuni 0,45m  \u00d5itsemise aeg: VI-VII  Talvekindlus: V\u00e4ga hea  Poti suurus: 9-11\" \/>\n<meta property=\"og:url\" content=\"https:\/\/tammetalu.eu\/toode\/verev-helmikpooris-ruby-bells\/\" \/>\n<meta property=\"og:site_name\" content=\"Tamme talu \u00fcrdiaed\" \/>\n<meta property=\"article:publisher\" content=\"https:\/\/www.facebook.com\/TammeTaluUrdiaed\/?locale=et_EE\" \/>\n<meta property=\"article:modified_time\" content=\"2026-05-04T05:49:26+00:00\" \/>\n<meta property=\"og:image\" content=\"https:\/\/tammetalu.eu\/wp-content\/uploads\/2024\/04\/verev-helmikpooris-heuchera-sanguinea-ruby-bells-tamme-talu-urdiaed.jpg\" \/>\n\t<meta property=\"og:image:width\" content=\"600\" \/>\n\t<meta property=\"og:image:height\" content=\"600\" \/>\n\t<meta property=\"og:image:type\" content=\"image\/jpeg\" \/>\n<meta name=\"twitter:card\" content=\"summary_large_image\" \/>\n<meta name=\"twitter:label1\" content=\"\u041f\u0440\u0438\u043c\u0435\u0440\u043d\u043e\u0435 \u0432\u0440\u0435\u043c\u044f \u0434\u043b\u044f \u0447\u0442\u0435\u043d\u0438\u044f\" \/>\n\t<meta name=\"twitter:data1\" content=\"1 \u043c\u0438\u043d\u0443\u0442\u0430\" \/>\n<script type=\"application\/ld+json\" class=\"yoast-schema-graph\">{\"@context\":\"https:\\\/\\\/schema.org\",\"@graph\":[{\"@type\":\"WebPage\",\"@id\":\"https:\\\/\\\/tammetalu.eu\\\/toode\\\/verev-helmikpooris-ruby-bells\\\/\",\"url\":\"https:\\\/\\\/tammetalu.eu\\\/toode\\\/verev-helmikpooris-ruby-bells\\\/\",\"name\":\"Verev helmikp\u00f6\u00f6ris Heuchera sanguinea \\\"Ruby Bells\\\" - Tamme talu \u00fcrdiaed\",\"isPartOf\":{\"@id\":\"https:\\\/\\\/tammetalu.eu\\\/#website\"},\"primaryImageOfPage\":{\"@id\":\"https:\\\/\\\/tammetalu.eu\\\/toode\\\/verev-helmikpooris-ruby-bells\\\/#primaryimage\"},\"image\":{\"@id\":\"https:\\\/\\\/tammetalu.eu\\\/toode\\\/verev-helmikpooris-ruby-bells\\\/#primaryimage\"},\"thumbnailUrl\":\"https:\\\/\\\/tammetalu.eu\\\/wp-content\\\/uploads\\\/2024\\\/04\\\/verev-helmikpooris-heuchera-sanguinea-ruby-bells-tamme-talu-urdiaed.jpg\",\"datePublished\":\"2024-04-07T04:37:54+00:00\",\"dateModified\":\"2026-05-04T05:49:26+00:00\",\"breadcrumb\":{\"@id\":\"https:\\\/\\\/tammetalu.eu\\\/toode\\\/verev-helmikpooris-ruby-bells\\\/#breadcrumb\"},\"inLanguage\":\"ru-RU\",\"potentialAction\":[{\"@type\":\"ReadAction\",\"target\":[\"https:\\\/\\\/tammetalu.eu\\\/toode\\\/verev-helmikpooris-ruby-bells\\\/\"]}]},{\"@type\":\"ImageObject\",\"inLanguage\":\"ru-RU\",\"@id\":\"https:\\\/\\\/tammetalu.eu\\\/toode\\\/verev-helmikpooris-ruby-bells\\\/#primaryimage\",\"url\":\"https:\\\/\\\/tammetalu.eu\\\/wp-content\\\/uploads\\\/2024\\\/04\\\/verev-helmikpooris-heuchera-sanguinea-ruby-bells-tamme-talu-urdiaed.jpg\",\"contentUrl\":\"https:\\\/\\\/tammetalu.eu\\\/wp-content\\\/uploads\\\/2024\\\/04\\\/verev-helmikpooris-heuchera-sanguinea-ruby-bells-tamme-talu-urdiaed.jpg\",\"width\":600,\"height\":600,\"caption\":\"verev-helmikpooris-heuchera-sanguinea-ruby-bells-tamme-talu-urdiaed\"},{\"@type\":\"BreadcrumbList\",\"@id\":\"https:\\\/\\\/tammetalu.eu\\\/toode\\\/verev-helmikpooris-ruby-bells\\\/#breadcrumb\",\"itemListElement\":[{\"@type\":\"ListItem\",\"position\":1,\"name\":\"Home\",\"item\":\"https:\\\/\\\/tammetalu.eu\\\/ru\\\/esileht-rus\\\/\"},{\"@type\":\"ListItem\",\"position\":2,\"name\":\"\u041c\u0430\u0433\u0430\u0437\u0438\u043d\",\"item\":\"https:\\\/\\\/tammetalu.eu\\\/ru\\\/%d0%bc%d0%b0%d0%b3%d0%b0%d0%b7%d0%b8%d0%bd\\\/\"},{\"@type\":\"ListItem\",\"position\":3,\"name\":\"Verev helmikp\u00f6\u00f6ris Heuchera sanguinea &#8220;Ruby Bells&#8221;\"}]},{\"@type\":\"WebSite\",\"@id\":\"https:\\\/\\\/tammetalu.eu\\\/#website\",\"url\":\"https:\\\/\\\/tammetalu.eu\\\/\",\"name\":\"Tamme talu \u00fcrdiaed\",\"description\":\"K\u00e4sit\u00f6\u00f6na valmistatud tooted \u00fcrtidest, \u00fcrdiistikud, \u00fcrtide kollektsioonaed\",\"publisher\":{\"@id\":\"https:\\\/\\\/tammetalu.eu\\\/#organization\"},\"alternateName\":\"Tamme talu\",\"potentialAction\":[{\"@type\":\"SearchAction\",\"target\":{\"@type\":\"EntryPoint\",\"urlTemplate\":\"https:\\\/\\\/tammetalu.eu\\\/?s={search_term_string}\"},\"query-input\":{\"@type\":\"PropertyValueSpecification\",\"valueRequired\":true,\"valueName\":\"search_term_string\"}}],\"inLanguage\":\"ru-RU\"},{\"@type\":\"Organization\",\"@id\":\"https:\\\/\\\/tammetalu.eu\\\/#organization\",\"name\":\"Tamme talu \u00fcrdiaed\",\"alternateName\":\"Tamme talu\",\"url\":\"https:\\\/\\\/tammetalu.eu\\\/\",\"logo\":{\"@type\":\"ImageObject\",\"inLanguage\":\"ru-RU\",\"@id\":\"https:\\\/\\\/tammetalu.eu\\\/#\\\/schema\\\/logo\\\/image\\\/\",\"url\":\"https:\\\/\\\/tammetalu.eu\\\/wp-content\\\/uploads\\\/2025\\\/01\\\/Tamme_talu_urdiaed.png\",\"contentUrl\":\"https:\\\/\\\/tammetalu.eu\\\/wp-content\\\/uploads\\\/2025\\\/01\\\/Tamme_talu_urdiaed.png\",\"width\":560,\"height\":560,\"caption\":\"Tamme talu \u00fcrdiaed\"},\"image\":{\"@id\":\"https:\\\/\\\/tammetalu.eu\\\/#\\\/schema\\\/logo\\\/image\\\/\"},\"sameAs\":[\"https:\\\/\\\/www.facebook.com\\\/TammeTaluUrdiaed\\\/?locale=et_EE\",\"https:\\\/\\\/www.instagram.com\\\/tammetaluurdiaed\\\/\"]}]}<\/script>\n<!-- \/ Yoast SEO plugin. -->","yoast_head_json":{"title":"Verev helmikp\u00f6\u00f6ris Heuchera sanguinea \"Ruby Bells\" - Tamme talu \u00fcrdiaed","robots":{"index":"index","follow":"follow","max-snippet":"max-snippet:-1","max-image-preview":"max-image-preview:large","max-video-preview":"max-video-preview:-1"},"canonical":"https:\/\/tammetalu.eu\/toode\/verev-helmikpooris-ruby-bells\/","og_locale":"ru_RU","og_type":"article","og_title":"Verev helmikp\u00f6\u00f6ris Heuchera sanguinea \"Ruby Bells\" - Tamme talu \u00fcrdiaed","og_description":"Verev helmikp\u00f6\u00f6ris Heuchera sanguinea \u201eRuby Bells\u201c  LAT: \u00a0Heuchera sanguinea  ENG: \u00a0Coral bells \u201eRuby Bells\u201c  RU: \u00a0\u0413\u0435\u0439\u0445\u0435\u0440\u0430 \u043a\u0440\u043e\u0432\u0430\u0432\u043e\u043a\u0440\u0430\u0441\u043d\u0430\u044f \u201eRuby Bells\u201c  FI: \u00a0Korallikeijunkukka \u201eRuby Bells\u201c  Vereva helmikp\u00f6\u00f6rise sort \"Ruby Bells\" on heleroheliste lehtede ja erksalt sarlakpunaste peeneraoliste pitsiliste \u00f5isikutega v\u00e4ga vastupidav talvekindel p\u00fcsik nii peenrasse kui suuremasse potti v\u00f5i aiavaasi. Taime k\u00f5rgus kuni 45 cm. \u00a0Kasvab nii t\u00e4isp\u00e4ikeses kui varjus. Heaks kasvuks vajab parasniisket kuni niisket huumusrikast mulda. Paljundada saab jagamisega.  Taime lehed ja \u00f5ied on s\u00f6\u00f6davad, kuid neid kasutatakse peamiselt toitude kaunistamiseks.  Ameerika rahvameditsiinis on helmikp\u00f6\u00f6rise juurtest valmistatud pulber kasutusel kui verejooksu peatav vahend. Toimib kootavalt ja p\u00f5letikuvastaselt ning on kasutatud valuvaigistava toime t\u00f5ttu.  K\u00f5rgus: kuni 0,45 m  Laius: kuni 0,45m  \u00d5itsemise aeg: VI-VII  Talvekindlus: V\u00e4ga hea  Poti suurus: 9-11","og_url":"https:\/\/tammetalu.eu\/toode\/verev-helmikpooris-ruby-bells\/","og_site_name":"Tamme talu \u00fcrdiaed","article_publisher":"https:\/\/www.facebook.com\/TammeTaluUrdiaed\/?locale=et_EE","article_modified_time":"2026-05-04T05:49:26+00:00","og_image":[{"width":600,"height":600,"url":"https:\/\/tammetalu.eu\/wp-content\/uploads\/2024\/04\/verev-helmikpooris-heuchera-sanguinea-ruby-bells-tamme-talu-urdiaed.jpg","type":"image\/jpeg"}],"twitter_card":"summary_large_image","twitter_misc":{"\u041f\u0440\u0438\u043c\u0435\u0440\u043d\u043e\u0435 \u0432\u0440\u0435\u043c\u044f \u0434\u043b\u044f \u0447\u0442\u0435\u043d\u0438\u044f":"1 \u043c\u0438\u043d\u0443\u0442\u0430"},"schema":{"@context":"https:\/\/schema.org","@graph":[{"@type":"WebPage","@id":"https:\/\/tammetalu.eu\/toode\/verev-helmikpooris-ruby-bells\/","url":"https:\/\/tammetalu.eu\/toode\/verev-helmikpooris-ruby-bells\/","name":"Verev helmikp\u00f6\u00f6ris Heuchera sanguinea \"Ruby Bells\" - Tamme talu \u00fcrdiaed","isPartOf":{"@id":"https:\/\/tammetalu.eu\/#website"},"primaryImageOfPage":{"@id":"https:\/\/tammetalu.eu\/toode\/verev-helmikpooris-ruby-bells\/#primaryimage"},"image":{"@id":"https:\/\/tammetalu.eu\/toode\/verev-helmikpooris-ruby-bells\/#primaryimage"},"thumbnailUrl":"https:\/\/tammetalu.eu\/wp-content\/uploads\/2024\/04\/verev-helmikpooris-heuchera-sanguinea-ruby-bells-tamme-talu-urdiaed.jpg","datePublished":"2024-04-07T04:37:54+00:00","dateModified":"2026-05-04T05:49:26+00:00","breadcrumb":{"@id":"https:\/\/tammetalu.eu\/toode\/verev-helmikpooris-ruby-bells\/#breadcrumb"},"inLanguage":"ru-RU","potentialAction":[{"@type":"ReadAction","target":["https:\/\/tammetalu.eu\/toode\/verev-helmikpooris-ruby-bells\/"]}]},{"@type":"ImageObject","inLanguage":"ru-RU","@id":"https:\/\/tammetalu.eu\/toode\/verev-helmikpooris-ruby-bells\/#primaryimage","url":"https:\/\/tammetalu.eu\/wp-content\/uploads\/2024\/04\/verev-helmikpooris-heuchera-sanguinea-ruby-bells-tamme-talu-urdiaed.jpg","contentUrl":"https:\/\/tammetalu.eu\/wp-content\/uploads\/2024\/04\/verev-helmikpooris-heuchera-sanguinea-ruby-bells-tamme-talu-urdiaed.jpg","width":600,"height":600,"caption":"verev-helmikpooris-heuchera-sanguinea-ruby-bells-tamme-talu-urdiaed"},{"@type":"BreadcrumbList","@id":"https:\/\/tammetalu.eu\/toode\/verev-helmikpooris-ruby-bells\/#breadcrumb","itemListElement":[{"@type":"ListItem","position":1,"name":"Home","item":"https:\/\/tammetalu.eu\/ru\/esileht-rus\/"},{"@type":"ListItem","position":2,"name":"\u041c\u0430\u0433\u0430\u0437\u0438\u043d","item":"https:\/\/tammetalu.eu\/ru\/%d0%bc%d0%b0%d0%b3%d0%b0%d0%b7%d0%b8%d0%bd\/"},{"@type":"ListItem","position":3,"name":"Verev helmikp\u00f6\u00f6ris Heuchera sanguinea &#8220;Ruby Bells&#8221;"}]},{"@type":"WebSite","@id":"https:\/\/tammetalu.eu\/#website","url":"https:\/\/tammetalu.eu\/","name":"Tamme talu \u00fcrdiaed","description":"K\u00e4sit\u00f6\u00f6na valmistatud tooted \u00fcrtidest, \u00fcrdiistikud, \u00fcrtide kollektsioonaed","publisher":{"@id":"https:\/\/tammetalu.eu\/#organization"},"alternateName":"Tamme talu","potentialAction":[{"@type":"SearchAction","target":{"@type":"EntryPoint","urlTemplate":"https:\/\/tammetalu.eu\/?s={search_term_string}"},"query-input":{"@type":"PropertyValueSpecification","valueRequired":true,"valueName":"search_term_string"}}],"inLanguage":"ru-RU"},{"@type":"Organization","@id":"https:\/\/tammetalu.eu\/#organization","name":"Tamme talu \u00fcrdiaed","alternateName":"Tamme talu","url":"https:\/\/tammetalu.eu\/","logo":{"@type":"ImageObject","inLanguage":"ru-RU","@id":"https:\/\/tammetalu.eu\/#\/schema\/logo\/image\/","url":"https:\/\/tammetalu.eu\/wp-content\/uploads\/2025\/01\/Tamme_talu_urdiaed.png","contentUrl":"https:\/\/tammetalu.eu\/wp-content\/uploads\/2025\/01\/Tamme_talu_urdiaed.png","width":560,"height":560,"caption":"Tamme talu \u00fcrdiaed"},"image":{"@id":"https:\/\/tammetalu.eu\/#\/schema\/logo\/image\/"},"sameAs":["https:\/\/www.facebook.com\/TammeTaluUrdiaed\/?locale=et_EE","https:\/\/www.instagram.com\/tammetaluurdiaed\/"]}]}},"_links":{"self":[{"href":"https:\/\/tammetalu.eu\/ru\/wp-json\/wp\/v2\/product\/20422","targetHints":{"allow":["GET"]}}],"collection":[{"href":"https:\/\/tammetalu.eu\/ru\/wp-json\/wp\/v2\/product"}],"about":[{"href":"https:\/\/tammetalu.eu\/ru\/wp-json\/wp\/v2\/types\/product"}],"wp:featuredmedia":[{"embeddable":true,"href":"https:\/\/tammetalu.eu\/ru\/wp-json\/wp\/v2\/media\/20486"}],"wp:attachment":[{"href":"https:\/\/tammetalu.eu\/ru\/wp-json\/wp\/v2\/media?parent=20422"}],"wp:term":[{"taxonomy":"product_brand","embeddable":true,"href":"https:\/\/tammetalu.eu\/ru\/wp-json\/wp\/v2\/product_brand?post=20422"},{"taxonomy":"product_cat","embeddable":true,"href":"https:\/\/tammetalu.eu\/ru\/wp-json\/wp\/v2\/product_cat?post=20422"},{"taxonomy":"product_tag","embeddable":true,"href":"https:\/\/tammetalu.eu\/ru\/wp-json\/wp\/v2\/product_tag?post=20422"}],"curies":[{"name":"wp","href":"https:\/\/api.w.org\/{rel}","templated":true}]}}