{"id":20638,"date":"2024-04-13T20:33:51","date_gmt":"2024-04-13T17:33:51","guid":{"rendered":"https:\/\/tammetalu.eu\/?post_type=product&#038;p=20638"},"modified":"2026-02-02T15:14:36","modified_gmt":"2026-02-02T13:14:36","slug":"harilik-raudrohi","status":"publish","type":"product","link":"https:\/\/tammetalu.eu\/ru\/toode\/harilik-raudrohi\/","title":{"rendered":"Harilik raudrohi"},"content":{"rendered":"","protected":false},"excerpt":{"rendered":"<p><em> Achillea millefolium<\/em><\/p>\n<p>T\u00e4iesti talvekindel eestimaine looduslik liik, mida kasutatakse ravim- ja maitsetaimena. Ei n\u00f5ua palju hoolt kasvatamisel. Sobib eriti h\u00e4sti kasvama k\u00e4iguteede \u00e4\u00e4rde, kivide vahele, kuiva mullaga lilleniidule ja kuiva liivase v\u00f5i kruusase mullaga peenrasse v\u00f5i loodusaeda. \u00d5ied on valged. Peale \u00f5itsemist v\u00f5ib ilusa kompaktse v\u00e4limuse taastamiseks padjandit k\u00e4rpida. Paljundada saab taime k\u00f5ige h\u00f5lpsamalt jagamise teel.<\/p>\n<p>Kui taimed noorelt tagasi l\u00f5igata, siis moodustab tiheda tallamiskindla murupinna., mis on sobilik kuivadele ja kivistele n\u00f5lvadele, kus k\u00f5rreliste muru rajamine enamasti ei \u00f5nnestu.<\/p>\n<p>Kasutatakse alkohoolsete jookide ja toidu maitsestamiseks. V\u00e4rskelt kogutud noored lehed sobivad leivakatteks ja pea k\u00f5ikide toitude valmistamiseks ja k\u00f6\u00f6giviljatoitude lisandiks. R<sup id=\"cite_ref-7\" class=\"reference\"><\/sup>asvased toidud seeduvad raudrohu m\u00f5jul kergemini.<\/p>\n<p>Hariliku raudrohu teest saab abi k\u00f6ha, mao- ja soolep\u00f5letike, peavalu ning k\u00fclmetushaiguste korral, see soodustab ka seedimist ja tekitab s\u00f6\u00f6giisu. Raudrohuvann (kogu taim koos juurtega) aitab naistehaiguste kergemate vormide korral. Raudrohul on verd paksendav toime.<sup id=\"cite_ref-6\" class=\"reference\"><a href=\"https:\/\/et.wikipedia.org\/wiki\/Harilik_raudrohi#cite_note-6\">[<\/a><\/sup><\/p>\n<p>&nbsp;<\/p>\n<p>&nbsp;<\/p>\n","protected":false},"featured_media":20724,"template":"","meta":{"_acf_changed":false,"_et_pb_use_builder":"","_et_pb_old_content":"","_et_gb_content_width":"","inline_featured_image":false},"product_brand":[],"product_cat":[186,200],"product_tag":[],"class_list":{"0":"post-20638","1":"product","2":"type-product","3":"status-publish","4":"has-post-thumbnail","6":"product_cat-maitse-ja-ravimtaimede-istikud","7":"product_cat-muud-maitsetaimed","9":"first","10":"instock","11":"sale","12":"taxable","13":"shipping-taxable","14":"purchasable","15":"product-type-simple"},"acf":[],"yoast_head":"<!-- This site is optimized with the Yoast SEO plugin v26.4 - https:\/\/yoast.com\/wordpress\/plugins\/seo\/ -->\n<title>Harilik raudrohi - Tamme talu \u00fcrdiaed<\/title>\n<meta name=\"robots\" content=\"index, follow, max-snippet:-1, max-image-preview:large, max-video-preview:-1\" \/>\n<link rel=\"canonical\" href=\"https:\/\/tammetalu.eu\/toode\/harilik-raudrohi\/\" \/>\n<meta property=\"og:locale\" content=\"ru_RU\" \/>\n<meta property=\"og:type\" content=\"article\" \/>\n<meta property=\"og:title\" content=\"Harilik raudrohi - Tamme talu \u00fcrdiaed\" \/>\n<meta property=\"og:description\" content=\"Achillea millefolium  T\u00e4iesti talvekindel eestimaine looduslik liik, mida kasutatakse ravim- ja maitsetaimena. Ei n\u00f5ua palju hoolt kasvatamisel. Sobib eriti h\u00e4sti kasvama k\u00e4iguteede \u00e4\u00e4rde, kivide vahele, kuiva mullaga lilleniidule ja kuiva liivase v\u00f5i kruusase mullaga peenrasse v\u00f5i loodusaeda. \u00d5ied on valged. Peale \u00f5itsemist v\u00f5ib ilusa kompaktse v\u00e4limuse taastamiseks padjandit k\u00e4rpida. Paljundada saab taime k\u00f5ige h\u00f5lpsamalt jagamise teel.  Kui taimed noorelt tagasi l\u00f5igata, siis moodustab tiheda tallamiskindla murupinna., mis on sobilik kuivadele ja kivistele n\u00f5lvadele, kus k\u00f5rreliste muru rajamine enamasti ei \u00f5nnestu.  Kasutatakse alkohoolsete jookide ja toidu maitsestamiseks. V\u00e4rskelt kogutud noored lehed sobivad leivakatteks ja pea k\u00f5ikide toitude valmistamiseks ja k\u00f6\u00f6giviljatoitude lisandiks. Rasvased toidud seeduvad raudrohu m\u00f5jul kergemini.  Hariliku raudrohu teest saab abi k\u00f6ha, mao- ja soolep\u00f5letike, peavalu ning k\u00fclmetushaiguste korral, see soodustab ka seedimist ja tekitab s\u00f6\u00f6giisu. Raudrohuvann (kogu taim koos juurtega) aitab naistehaiguste kergemate vormide korral. Raudrohul on verd paksendav toime.[  &nbsp;  &nbsp;\" \/>\n<meta property=\"og:url\" content=\"https:\/\/tammetalu.eu\/toode\/harilik-raudrohi\/\" \/>\n<meta property=\"og:site_name\" content=\"Tamme talu \u00fcrdiaed\" \/>\n<meta property=\"article:publisher\" content=\"https:\/\/www.facebook.com\/TammeTaluUrdiaed\/?locale=et_EE\" \/>\n<meta property=\"article:modified_time\" content=\"2026-02-02T13:14:36+00:00\" \/>\n<meta property=\"og:image\" content=\"https:\/\/tammetalu.eu\/wp-content\/uploads\/2024\/04\/Harilik-raudrohi-Achillea-millefolium-tamme-talu-urdiaed.jpg\" \/>\n\t<meta property=\"og:image:width\" content=\"483\" \/>\n\t<meta property=\"og:image:height\" content=\"730\" \/>\n\t<meta property=\"og:image:type\" content=\"image\/jpeg\" \/>\n<meta name=\"twitter:card\" content=\"summary_large_image\" \/>\n<meta name=\"twitter:label1\" content=\"\u041f\u0440\u0438\u043c\u0435\u0440\u043d\u043e\u0435 \u0432\u0440\u0435\u043c\u044f \u0434\u043b\u044f \u0447\u0442\u0435\u043d\u0438\u044f\" \/>\n\t<meta name=\"twitter:data1\" content=\"1 \u043c\u0438\u043d\u0443\u0442\u0430\" \/>\n<script type=\"application\/ld+json\" class=\"yoast-schema-graph\">{\"@context\":\"https:\/\/schema.org\",\"@graph\":[{\"@type\":\"WebPage\",\"@id\":\"https:\/\/tammetalu.eu\/toode\/harilik-raudrohi\/\",\"url\":\"https:\/\/tammetalu.eu\/toode\/harilik-raudrohi\/\",\"name\":\"Harilik raudrohi - Tamme talu \u00fcrdiaed\",\"isPartOf\":{\"@id\":\"https:\/\/tammetalu.eu\/#website\"},\"primaryImageOfPage\":{\"@id\":\"https:\/\/tammetalu.eu\/toode\/harilik-raudrohi\/#primaryimage\"},\"image\":{\"@id\":\"https:\/\/tammetalu.eu\/toode\/harilik-raudrohi\/#primaryimage\"},\"thumbnailUrl\":\"https:\/\/tammetalu.eu\/wp-content\/uploads\/2024\/04\/Harilik-raudrohi-Achillea-millefolium-tamme-talu-urdiaed.jpg\",\"datePublished\":\"2024-04-13T17:33:51+00:00\",\"dateModified\":\"2026-02-02T13:14:36+00:00\",\"breadcrumb\":{\"@id\":\"https:\/\/tammetalu.eu\/toode\/harilik-raudrohi\/#breadcrumb\"},\"inLanguage\":\"ru-RU\",\"potentialAction\":[{\"@type\":\"ReadAction\",\"target\":[\"https:\/\/tammetalu.eu\/toode\/harilik-raudrohi\/\"]}]},{\"@type\":\"ImageObject\",\"inLanguage\":\"ru-RU\",\"@id\":\"https:\/\/tammetalu.eu\/toode\/harilik-raudrohi\/#primaryimage\",\"url\":\"https:\/\/tammetalu.eu\/wp-content\/uploads\/2024\/04\/Harilik-raudrohi-Achillea-millefolium-tamme-talu-urdiaed.jpg\",\"contentUrl\":\"https:\/\/tammetalu.eu\/wp-content\/uploads\/2024\/04\/Harilik-raudrohi-Achillea-millefolium-tamme-talu-urdiaed.jpg\",\"width\":483,\"height\":730,\"caption\":\"Harilik-raudrohi-Achillea-millefolium-tamme-talu-urdiaed\"},{\"@type\":\"BreadcrumbList\",\"@id\":\"https:\/\/tammetalu.eu\/toode\/harilik-raudrohi\/#breadcrumb\",\"itemListElement\":[{\"@type\":\"ListItem\",\"position\":1,\"name\":\"Home\",\"item\":\"https:\/\/tammetalu.eu\/ru\/esileht-rus\/\"},{\"@type\":\"ListItem\",\"position\":2,\"name\":\"\u041c\u0430\u0433\u0430\u0437\u0438\u043d\",\"item\":\"https:\/\/tammetalu.eu\/ru\/%d0%bc%d0%b0%d0%b3%d0%b0%d0%b7%d0%b8%d0%bd\/\"},{\"@type\":\"ListItem\",\"position\":3,\"name\":\"Harilik raudrohi\"}]},{\"@type\":\"WebSite\",\"@id\":\"https:\/\/tammetalu.eu\/#website\",\"url\":\"https:\/\/tammetalu.eu\/\",\"name\":\"Tamme talu \u00fcrdiaed\",\"description\":\"K\u00e4sit\u00f6\u00f6na valmistatud tooted \u00fcrtidest, \u00fcrdiistikud, \u00fcrtide kollektsioonaed\",\"publisher\":{\"@id\":\"https:\/\/tammetalu.eu\/#organization\"},\"alternateName\":\"Tamme talu\",\"potentialAction\":[{\"@type\":\"SearchAction\",\"target\":{\"@type\":\"EntryPoint\",\"urlTemplate\":\"https:\/\/tammetalu.eu\/?s={search_term_string}\"},\"query-input\":{\"@type\":\"PropertyValueSpecification\",\"valueRequired\":true,\"valueName\":\"search_term_string\"}}],\"inLanguage\":\"ru-RU\"},{\"@type\":\"Organization\",\"@id\":\"https:\/\/tammetalu.eu\/#organization\",\"name\":\"Tamme talu \u00fcrdiaed\",\"alternateName\":\"Tamme talu\",\"url\":\"https:\/\/tammetalu.eu\/\",\"logo\":{\"@type\":\"ImageObject\",\"inLanguage\":\"ru-RU\",\"@id\":\"https:\/\/tammetalu.eu\/#\/schema\/logo\/image\/\",\"url\":\"https:\/\/tammetalu.eu\/wp-content\/uploads\/2025\/01\/Tamme_talu_urdiaed.png\",\"contentUrl\":\"https:\/\/tammetalu.eu\/wp-content\/uploads\/2025\/01\/Tamme_talu_urdiaed.png\",\"width\":560,\"height\":560,\"caption\":\"Tamme talu \u00fcrdiaed\"},\"image\":{\"@id\":\"https:\/\/tammetalu.eu\/#\/schema\/logo\/image\/\"},\"sameAs\":[\"https:\/\/www.facebook.com\/TammeTaluUrdiaed\/?locale=et_EE\",\"https:\/\/www.instagram.com\/tammetaluurdiaed\/\"]}]}<\/script>\n<!-- \/ Yoast SEO plugin. -->","yoast_head_json":{"title":"Harilik raudrohi - Tamme talu \u00fcrdiaed","robots":{"index":"index","follow":"follow","max-snippet":"max-snippet:-1","max-image-preview":"max-image-preview:large","max-video-preview":"max-video-preview:-1"},"canonical":"https:\/\/tammetalu.eu\/toode\/harilik-raudrohi\/","og_locale":"ru_RU","og_type":"article","og_title":"Harilik raudrohi - Tamme talu \u00fcrdiaed","og_description":"Achillea millefolium  T\u00e4iesti talvekindel eestimaine looduslik liik, mida kasutatakse ravim- ja maitsetaimena. Ei n\u00f5ua palju hoolt kasvatamisel. Sobib eriti h\u00e4sti kasvama k\u00e4iguteede \u00e4\u00e4rde, kivide vahele, kuiva mullaga lilleniidule ja kuiva liivase v\u00f5i kruusase mullaga peenrasse v\u00f5i loodusaeda. \u00d5ied on valged. Peale \u00f5itsemist v\u00f5ib ilusa kompaktse v\u00e4limuse taastamiseks padjandit k\u00e4rpida. Paljundada saab taime k\u00f5ige h\u00f5lpsamalt jagamise teel.  Kui taimed noorelt tagasi l\u00f5igata, siis moodustab tiheda tallamiskindla murupinna., mis on sobilik kuivadele ja kivistele n\u00f5lvadele, kus k\u00f5rreliste muru rajamine enamasti ei \u00f5nnestu.  Kasutatakse alkohoolsete jookide ja toidu maitsestamiseks. V\u00e4rskelt kogutud noored lehed sobivad leivakatteks ja pea k\u00f5ikide toitude valmistamiseks ja k\u00f6\u00f6giviljatoitude lisandiks. Rasvased toidud seeduvad raudrohu m\u00f5jul kergemini.  Hariliku raudrohu teest saab abi k\u00f6ha, mao- ja soolep\u00f5letike, peavalu ning k\u00fclmetushaiguste korral, see soodustab ka seedimist ja tekitab s\u00f6\u00f6giisu. Raudrohuvann (kogu taim koos juurtega) aitab naistehaiguste kergemate vormide korral. Raudrohul on verd paksendav toime.[  &nbsp;  &nbsp;","og_url":"https:\/\/tammetalu.eu\/toode\/harilik-raudrohi\/","og_site_name":"Tamme talu \u00fcrdiaed","article_publisher":"https:\/\/www.facebook.com\/TammeTaluUrdiaed\/?locale=et_EE","article_modified_time":"2026-02-02T13:14:36+00:00","og_image":[{"width":483,"height":730,"url":"https:\/\/tammetalu.eu\/wp-content\/uploads\/2024\/04\/Harilik-raudrohi-Achillea-millefolium-tamme-talu-urdiaed.jpg","type":"image\/jpeg"}],"twitter_card":"summary_large_image","twitter_misc":{"\u041f\u0440\u0438\u043c\u0435\u0440\u043d\u043e\u0435 \u0432\u0440\u0435\u043c\u044f \u0434\u043b\u044f \u0447\u0442\u0435\u043d\u0438\u044f":"1 \u043c\u0438\u043d\u0443\u0442\u0430"},"schema":{"@context":"https:\/\/schema.org","@graph":[{"@type":"WebPage","@id":"https:\/\/tammetalu.eu\/toode\/harilik-raudrohi\/","url":"https:\/\/tammetalu.eu\/toode\/harilik-raudrohi\/","name":"Harilik raudrohi - Tamme talu \u00fcrdiaed","isPartOf":{"@id":"https:\/\/tammetalu.eu\/#website"},"primaryImageOfPage":{"@id":"https:\/\/tammetalu.eu\/toode\/harilik-raudrohi\/#primaryimage"},"image":{"@id":"https:\/\/tammetalu.eu\/toode\/harilik-raudrohi\/#primaryimage"},"thumbnailUrl":"https:\/\/tammetalu.eu\/wp-content\/uploads\/2024\/04\/Harilik-raudrohi-Achillea-millefolium-tamme-talu-urdiaed.jpg","datePublished":"2024-04-13T17:33:51+00:00","dateModified":"2026-02-02T13:14:36+00:00","breadcrumb":{"@id":"https:\/\/tammetalu.eu\/toode\/harilik-raudrohi\/#breadcrumb"},"inLanguage":"ru-RU","potentialAction":[{"@type":"ReadAction","target":["https:\/\/tammetalu.eu\/toode\/harilik-raudrohi\/"]}]},{"@type":"ImageObject","inLanguage":"ru-RU","@id":"https:\/\/tammetalu.eu\/toode\/harilik-raudrohi\/#primaryimage","url":"https:\/\/tammetalu.eu\/wp-content\/uploads\/2024\/04\/Harilik-raudrohi-Achillea-millefolium-tamme-talu-urdiaed.jpg","contentUrl":"https:\/\/tammetalu.eu\/wp-content\/uploads\/2024\/04\/Harilik-raudrohi-Achillea-millefolium-tamme-talu-urdiaed.jpg","width":483,"height":730,"caption":"Harilik-raudrohi-Achillea-millefolium-tamme-talu-urdiaed"},{"@type":"BreadcrumbList","@id":"https:\/\/tammetalu.eu\/toode\/harilik-raudrohi\/#breadcrumb","itemListElement":[{"@type":"ListItem","position":1,"name":"Home","item":"https:\/\/tammetalu.eu\/ru\/esileht-rus\/"},{"@type":"ListItem","position":2,"name":"\u041c\u0430\u0433\u0430\u0437\u0438\u043d","item":"https:\/\/tammetalu.eu\/ru\/%d0%bc%d0%b0%d0%b3%d0%b0%d0%b7%d0%b8%d0%bd\/"},{"@type":"ListItem","position":3,"name":"Harilik raudrohi"}]},{"@type":"WebSite","@id":"https:\/\/tammetalu.eu\/#website","url":"https:\/\/tammetalu.eu\/","name":"Tamme talu \u00fcrdiaed","description":"K\u00e4sit\u00f6\u00f6na valmistatud tooted \u00fcrtidest, \u00fcrdiistikud, \u00fcrtide kollektsioonaed","publisher":{"@id":"https:\/\/tammetalu.eu\/#organization"},"alternateName":"Tamme talu","potentialAction":[{"@type":"SearchAction","target":{"@type":"EntryPoint","urlTemplate":"https:\/\/tammetalu.eu\/?s={search_term_string}"},"query-input":{"@type":"PropertyValueSpecification","valueRequired":true,"valueName":"search_term_string"}}],"inLanguage":"ru-RU"},{"@type":"Organization","@id":"https:\/\/tammetalu.eu\/#organization","name":"Tamme talu \u00fcrdiaed","alternateName":"Tamme talu","url":"https:\/\/tammetalu.eu\/","logo":{"@type":"ImageObject","inLanguage":"ru-RU","@id":"https:\/\/tammetalu.eu\/#\/schema\/logo\/image\/","url":"https:\/\/tammetalu.eu\/wp-content\/uploads\/2025\/01\/Tamme_talu_urdiaed.png","contentUrl":"https:\/\/tammetalu.eu\/wp-content\/uploads\/2025\/01\/Tamme_talu_urdiaed.png","width":560,"height":560,"caption":"Tamme talu \u00fcrdiaed"},"image":{"@id":"https:\/\/tammetalu.eu\/#\/schema\/logo\/image\/"},"sameAs":["https:\/\/www.facebook.com\/TammeTaluUrdiaed\/?locale=et_EE","https:\/\/www.instagram.com\/tammetaluurdiaed\/"]}]}},"_links":{"self":[{"href":"https:\/\/tammetalu.eu\/ru\/wp-json\/wp\/v2\/product\/20638","targetHints":{"allow":["GET"]}}],"collection":[{"href":"https:\/\/tammetalu.eu\/ru\/wp-json\/wp\/v2\/product"}],"about":[{"href":"https:\/\/tammetalu.eu\/ru\/wp-json\/wp\/v2\/types\/product"}],"wp:featuredmedia":[{"embeddable":true,"href":"https:\/\/tammetalu.eu\/ru\/wp-json\/wp\/v2\/media\/20724"}],"wp:attachment":[{"href":"https:\/\/tammetalu.eu\/ru\/wp-json\/wp\/v2\/media?parent=20638"}],"wp:term":[{"taxonomy":"product_brand","embeddable":true,"href":"https:\/\/tammetalu.eu\/ru\/wp-json\/wp\/v2\/product_brand?post=20638"},{"taxonomy":"product_cat","embeddable":true,"href":"https:\/\/tammetalu.eu\/ru\/wp-json\/wp\/v2\/product_cat?post=20638"},{"taxonomy":"product_tag","embeddable":true,"href":"https:\/\/tammetalu.eu\/ru\/wp-json\/wp\/v2\/product_tag?post=20638"}],"curies":[{"name":"wp","href":"https:\/\/api.w.org\/{rel}","templated":true}]}}