{"id":20641,"date":"2024-04-13T21:58:11","date_gmt":"2024-04-13T18:58:11","guid":{"rendered":"https:\/\/tammetalu.eu\/?post_type=product&#038;p=20641"},"modified":"2026-05-04T08:49:26","modified_gmt":"2026-05-04T05:49:26","slug":"kollane-kollakakar-ehk-kollane-karikakar","status":"publish","type":"product","link":"https:\/\/tammetalu.eu\/ru\/toode\/kollane-kollakakar-ehk-kollane-karikakar\/","title":{"rendered":"Kollane kollakakar ehk kollane karikakar Cota tinctoria"},"content":{"rendered":"","protected":false},"excerpt":{"rendered":"<p><i>Cota tinctoria <\/i>s\u00fcn.<i> Anthemis tinctoria<\/i><\/p>\n<p>Kollane kollakakar ehk kollane karikakar on t\u00e4iesti talvekindel eestimaine looduslik liik, mida kasutatakse ravim- ja ilutaimena. Ei n\u00f5ua palju hoolt kasvatamisel. Sobib eriti h\u00e4sti kasvama loodusliku ilmega aeda ning lilleniidule\u00a0 v\u00f5i lillepeenrasse. \u00d5ied on kollased. Paljundada saab taime k\u00f5ige h\u00f5lpsamalt seemnetega.<\/p>\n<p>V\u00e4rskelt kogutud noored lehed sobivad leivakatteks, salatitesse ja roogadele lisandiks.<\/p>\n<p>\u00d5isi kasutatakse teeks ja toitude kaunistamiseks. \u00d5isi on kasutatud rahvameditsiinis maksa ja sapiteede puhastamiseks. Taime mahlaga v\u00f5ib tupsutada putukahammustusi..<sup id=\"cite_ref-6\" class=\"reference\"><\/sup><\/p>\n<p>&nbsp;<\/p>\n<p>&nbsp;<\/p>\n","protected":false},"featured_media":20716,"template":"","meta":{"_acf_changed":false,"_et_pb_use_builder":"","_et_pb_old_content":"","_et_gb_content_width":"","inline_featured_image":false},"product_brand":[],"product_cat":[186,200],"product_tag":[],"class_list":{"0":"post-20641","1":"product","2":"type-product","3":"status-publish","4":"has-post-thumbnail","6":"product_cat-maitse-ja-ravimtaimede-istikud","7":"product_cat-muud-maitsetaimed","9":"first","10":"instock","11":"taxable","12":"shipping-taxable","13":"purchasable","14":"product-type-simple"},"acf":[],"yoast_head":"<!-- This site is optimized with the Yoast SEO plugin v27.5 - https:\/\/yoast.com\/product\/yoast-seo-wordpress\/ -->\n<title>Kollane kollakakar ehk kollane karikakar Cota tinctoria - Tamme talu \u00fcrdiaed<\/title>\n<meta name=\"robots\" content=\"index, follow, max-snippet:-1, max-image-preview:large, max-video-preview:-1\" \/>\n<link rel=\"canonical\" href=\"https:\/\/tammetalu.eu\/toode\/kollane-kollakakar-ehk-kollane-karikakar\/\" \/>\n<meta property=\"og:locale\" content=\"ru_RU\" \/>\n<meta property=\"og:type\" content=\"article\" \/>\n<meta property=\"og:title\" content=\"Kollane kollakakar ehk kollane karikakar Cota tinctoria - Tamme talu \u00fcrdiaed\" \/>\n<meta property=\"og:description\" content=\"Cota tinctoria s\u00fcn. Anthemis tinctoria  Kollane kollakakar ehk kollane karikakar on t\u00e4iesti talvekindel eestimaine looduslik liik, mida kasutatakse ravim- ja ilutaimena. Ei n\u00f5ua palju hoolt kasvatamisel. Sobib eriti h\u00e4sti kasvama loodusliku ilmega aeda ning lilleniidule\u00a0 v\u00f5i lillepeenrasse. \u00d5ied on kollased. Paljundada saab taime k\u00f5ige h\u00f5lpsamalt seemnetega.  V\u00e4rskelt kogutud noored lehed sobivad leivakatteks, salatitesse ja roogadele lisandiks.  \u00d5isi kasutatakse teeks ja toitude kaunistamiseks. \u00d5isi on kasutatud rahvameditsiinis maksa ja sapiteede puhastamiseks. Taime mahlaga v\u00f5ib tupsutada putukahammustusi..  &nbsp;  &nbsp;\" \/>\n<meta property=\"og:url\" content=\"https:\/\/tammetalu.eu\/toode\/kollane-kollakakar-ehk-kollane-karikakar\/\" \/>\n<meta property=\"og:site_name\" content=\"Tamme talu \u00fcrdiaed\" \/>\n<meta property=\"article:publisher\" content=\"https:\/\/www.facebook.com\/TammeTaluUrdiaed\/?locale=et_EE\" \/>\n<meta property=\"article:modified_time\" content=\"2026-05-04T05:49:26+00:00\" \/>\n<meta property=\"og:image\" content=\"https:\/\/tammetalu.eu\/wp-content\/uploads\/2024\/04\/Kollane-kollakakar-ehk-kollane-karikakar-Cota-tinctoria-sun.-Anthemis-tinctoria-tamme-talu-urdiaed.jpg\" \/>\n\t<meta property=\"og:image:width\" content=\"624\" \/>\n\t<meta property=\"og:image:height\" content=\"832\" \/>\n\t<meta property=\"og:image:type\" content=\"image\/jpeg\" \/>\n<meta name=\"twitter:card\" content=\"summary_large_image\" \/>\n<meta name=\"twitter:label1\" content=\"\u041f\u0440\u0438\u043c\u0435\u0440\u043d\u043e\u0435 \u0432\u0440\u0435\u043c\u044f \u0434\u043b\u044f \u0447\u0442\u0435\u043d\u0438\u044f\" \/>\n\t<meta name=\"twitter:data1\" content=\"1 \u043c\u0438\u043d\u0443\u0442\u0430\" \/>\n<script type=\"application\/ld+json\" class=\"yoast-schema-graph\">{\"@context\":\"https:\\\/\\\/schema.org\",\"@graph\":[{\"@type\":\"WebPage\",\"@id\":\"https:\\\/\\\/tammetalu.eu\\\/toode\\\/kollane-kollakakar-ehk-kollane-karikakar\\\/\",\"url\":\"https:\\\/\\\/tammetalu.eu\\\/toode\\\/kollane-kollakakar-ehk-kollane-karikakar\\\/\",\"name\":\"Kollane kollakakar ehk kollane karikakar Cota tinctoria - Tamme talu \u00fcrdiaed\",\"isPartOf\":{\"@id\":\"https:\\\/\\\/tammetalu.eu\\\/#website\"},\"primaryImageOfPage\":{\"@id\":\"https:\\\/\\\/tammetalu.eu\\\/toode\\\/kollane-kollakakar-ehk-kollane-karikakar\\\/#primaryimage\"},\"image\":{\"@id\":\"https:\\\/\\\/tammetalu.eu\\\/toode\\\/kollane-kollakakar-ehk-kollane-karikakar\\\/#primaryimage\"},\"thumbnailUrl\":\"https:\\\/\\\/tammetalu.eu\\\/wp-content\\\/uploads\\\/2024\\\/04\\\/Kollane-kollakakar-ehk-kollane-karikakar-Cota-tinctoria-sun.-Anthemis-tinctoria-tamme-talu-urdiaed.jpg\",\"datePublished\":\"2024-04-13T18:58:11+00:00\",\"dateModified\":\"2026-05-04T05:49:26+00:00\",\"breadcrumb\":{\"@id\":\"https:\\\/\\\/tammetalu.eu\\\/toode\\\/kollane-kollakakar-ehk-kollane-karikakar\\\/#breadcrumb\"},\"inLanguage\":\"ru-RU\",\"potentialAction\":[{\"@type\":\"ReadAction\",\"target\":[\"https:\\\/\\\/tammetalu.eu\\\/toode\\\/kollane-kollakakar-ehk-kollane-karikakar\\\/\"]}]},{\"@type\":\"ImageObject\",\"inLanguage\":\"ru-RU\",\"@id\":\"https:\\\/\\\/tammetalu.eu\\\/toode\\\/kollane-kollakakar-ehk-kollane-karikakar\\\/#primaryimage\",\"url\":\"https:\\\/\\\/tammetalu.eu\\\/wp-content\\\/uploads\\\/2024\\\/04\\\/Kollane-kollakakar-ehk-kollane-karikakar-Cota-tinctoria-sun.-Anthemis-tinctoria-tamme-talu-urdiaed.jpg\",\"contentUrl\":\"https:\\\/\\\/tammetalu.eu\\\/wp-content\\\/uploads\\\/2024\\\/04\\\/Kollane-kollakakar-ehk-kollane-karikakar-Cota-tinctoria-sun.-Anthemis-tinctoria-tamme-talu-urdiaed.jpg\",\"width\":624,\"height\":832,\"caption\":\"Kollane-kollakakar-ehk-kollane-karikakar-Cota-tinctoria-sun.-Anthemis-tinctoria-tamme-talu-urdiaed\"},{\"@type\":\"BreadcrumbList\",\"@id\":\"https:\\\/\\\/tammetalu.eu\\\/toode\\\/kollane-kollakakar-ehk-kollane-karikakar\\\/#breadcrumb\",\"itemListElement\":[{\"@type\":\"ListItem\",\"position\":1,\"name\":\"Home\",\"item\":\"https:\\\/\\\/tammetalu.eu\\\/ru\\\/esileht-rus\\\/\"},{\"@type\":\"ListItem\",\"position\":2,\"name\":\"\u041c\u0430\u0433\u0430\u0437\u0438\u043d\",\"item\":\"https:\\\/\\\/tammetalu.eu\\\/ru\\\/%d0%bc%d0%b0%d0%b3%d0%b0%d0%b7%d0%b8%d0%bd\\\/\"},{\"@type\":\"ListItem\",\"position\":3,\"name\":\"Kollane kollakakar ehk kollane karikakar Cota tinctoria\"}]},{\"@type\":\"WebSite\",\"@id\":\"https:\\\/\\\/tammetalu.eu\\\/#website\",\"url\":\"https:\\\/\\\/tammetalu.eu\\\/\",\"name\":\"Tamme talu \u00fcrdiaed\",\"description\":\"K\u00e4sit\u00f6\u00f6na valmistatud tooted \u00fcrtidest, \u00fcrdiistikud, \u00fcrtide kollektsioonaed\",\"publisher\":{\"@id\":\"https:\\\/\\\/tammetalu.eu\\\/#organization\"},\"alternateName\":\"Tamme talu\",\"potentialAction\":[{\"@type\":\"SearchAction\",\"target\":{\"@type\":\"EntryPoint\",\"urlTemplate\":\"https:\\\/\\\/tammetalu.eu\\\/?s={search_term_string}\"},\"query-input\":{\"@type\":\"PropertyValueSpecification\",\"valueRequired\":true,\"valueName\":\"search_term_string\"}}],\"inLanguage\":\"ru-RU\"},{\"@type\":\"Organization\",\"@id\":\"https:\\\/\\\/tammetalu.eu\\\/#organization\",\"name\":\"Tamme talu \u00fcrdiaed\",\"alternateName\":\"Tamme talu\",\"url\":\"https:\\\/\\\/tammetalu.eu\\\/\",\"logo\":{\"@type\":\"ImageObject\",\"inLanguage\":\"ru-RU\",\"@id\":\"https:\\\/\\\/tammetalu.eu\\\/#\\\/schema\\\/logo\\\/image\\\/\",\"url\":\"https:\\\/\\\/tammetalu.eu\\\/wp-content\\\/uploads\\\/2025\\\/01\\\/Tamme_talu_urdiaed.png\",\"contentUrl\":\"https:\\\/\\\/tammetalu.eu\\\/wp-content\\\/uploads\\\/2025\\\/01\\\/Tamme_talu_urdiaed.png\",\"width\":560,\"height\":560,\"caption\":\"Tamme talu \u00fcrdiaed\"},\"image\":{\"@id\":\"https:\\\/\\\/tammetalu.eu\\\/#\\\/schema\\\/logo\\\/image\\\/\"},\"sameAs\":[\"https:\\\/\\\/www.facebook.com\\\/TammeTaluUrdiaed\\\/?locale=et_EE\",\"https:\\\/\\\/www.instagram.com\\\/tammetaluurdiaed\\\/\"]}]}<\/script>\n<!-- \/ Yoast SEO plugin. -->","yoast_head_json":{"title":"Kollane kollakakar ehk kollane karikakar Cota tinctoria - Tamme talu \u00fcrdiaed","robots":{"index":"index","follow":"follow","max-snippet":"max-snippet:-1","max-image-preview":"max-image-preview:large","max-video-preview":"max-video-preview:-1"},"canonical":"https:\/\/tammetalu.eu\/toode\/kollane-kollakakar-ehk-kollane-karikakar\/","og_locale":"ru_RU","og_type":"article","og_title":"Kollane kollakakar ehk kollane karikakar Cota tinctoria - Tamme talu \u00fcrdiaed","og_description":"Cota tinctoria s\u00fcn. Anthemis tinctoria  Kollane kollakakar ehk kollane karikakar on t\u00e4iesti talvekindel eestimaine looduslik liik, mida kasutatakse ravim- ja ilutaimena. Ei n\u00f5ua palju hoolt kasvatamisel. Sobib eriti h\u00e4sti kasvama loodusliku ilmega aeda ning lilleniidule\u00a0 v\u00f5i lillepeenrasse. \u00d5ied on kollased. Paljundada saab taime k\u00f5ige h\u00f5lpsamalt seemnetega.  V\u00e4rskelt kogutud noored lehed sobivad leivakatteks, salatitesse ja roogadele lisandiks.  \u00d5isi kasutatakse teeks ja toitude kaunistamiseks. \u00d5isi on kasutatud rahvameditsiinis maksa ja sapiteede puhastamiseks. Taime mahlaga v\u00f5ib tupsutada putukahammustusi..  &nbsp;  &nbsp;","og_url":"https:\/\/tammetalu.eu\/toode\/kollane-kollakakar-ehk-kollane-karikakar\/","og_site_name":"Tamme talu \u00fcrdiaed","article_publisher":"https:\/\/www.facebook.com\/TammeTaluUrdiaed\/?locale=et_EE","article_modified_time":"2026-05-04T05:49:26+00:00","og_image":[{"width":624,"height":832,"url":"https:\/\/tammetalu.eu\/wp-content\/uploads\/2024\/04\/Kollane-kollakakar-ehk-kollane-karikakar-Cota-tinctoria-sun.-Anthemis-tinctoria-tamme-talu-urdiaed.jpg","type":"image\/jpeg"}],"twitter_card":"summary_large_image","twitter_misc":{"\u041f\u0440\u0438\u043c\u0435\u0440\u043d\u043e\u0435 \u0432\u0440\u0435\u043c\u044f \u0434\u043b\u044f \u0447\u0442\u0435\u043d\u0438\u044f":"1 \u043c\u0438\u043d\u0443\u0442\u0430"},"schema":{"@context":"https:\/\/schema.org","@graph":[{"@type":"WebPage","@id":"https:\/\/tammetalu.eu\/toode\/kollane-kollakakar-ehk-kollane-karikakar\/","url":"https:\/\/tammetalu.eu\/toode\/kollane-kollakakar-ehk-kollane-karikakar\/","name":"Kollane kollakakar ehk kollane karikakar Cota tinctoria - Tamme talu \u00fcrdiaed","isPartOf":{"@id":"https:\/\/tammetalu.eu\/#website"},"primaryImageOfPage":{"@id":"https:\/\/tammetalu.eu\/toode\/kollane-kollakakar-ehk-kollane-karikakar\/#primaryimage"},"image":{"@id":"https:\/\/tammetalu.eu\/toode\/kollane-kollakakar-ehk-kollane-karikakar\/#primaryimage"},"thumbnailUrl":"https:\/\/tammetalu.eu\/wp-content\/uploads\/2024\/04\/Kollane-kollakakar-ehk-kollane-karikakar-Cota-tinctoria-sun.-Anthemis-tinctoria-tamme-talu-urdiaed.jpg","datePublished":"2024-04-13T18:58:11+00:00","dateModified":"2026-05-04T05:49:26+00:00","breadcrumb":{"@id":"https:\/\/tammetalu.eu\/toode\/kollane-kollakakar-ehk-kollane-karikakar\/#breadcrumb"},"inLanguage":"ru-RU","potentialAction":[{"@type":"ReadAction","target":["https:\/\/tammetalu.eu\/toode\/kollane-kollakakar-ehk-kollane-karikakar\/"]}]},{"@type":"ImageObject","inLanguage":"ru-RU","@id":"https:\/\/tammetalu.eu\/toode\/kollane-kollakakar-ehk-kollane-karikakar\/#primaryimage","url":"https:\/\/tammetalu.eu\/wp-content\/uploads\/2024\/04\/Kollane-kollakakar-ehk-kollane-karikakar-Cota-tinctoria-sun.-Anthemis-tinctoria-tamme-talu-urdiaed.jpg","contentUrl":"https:\/\/tammetalu.eu\/wp-content\/uploads\/2024\/04\/Kollane-kollakakar-ehk-kollane-karikakar-Cota-tinctoria-sun.-Anthemis-tinctoria-tamme-talu-urdiaed.jpg","width":624,"height":832,"caption":"Kollane-kollakakar-ehk-kollane-karikakar-Cota-tinctoria-sun.-Anthemis-tinctoria-tamme-talu-urdiaed"},{"@type":"BreadcrumbList","@id":"https:\/\/tammetalu.eu\/toode\/kollane-kollakakar-ehk-kollane-karikakar\/#breadcrumb","itemListElement":[{"@type":"ListItem","position":1,"name":"Home","item":"https:\/\/tammetalu.eu\/ru\/esileht-rus\/"},{"@type":"ListItem","position":2,"name":"\u041c\u0430\u0433\u0430\u0437\u0438\u043d","item":"https:\/\/tammetalu.eu\/ru\/%d0%bc%d0%b0%d0%b3%d0%b0%d0%b7%d0%b8%d0%bd\/"},{"@type":"ListItem","position":3,"name":"Kollane kollakakar ehk kollane karikakar Cota tinctoria"}]},{"@type":"WebSite","@id":"https:\/\/tammetalu.eu\/#website","url":"https:\/\/tammetalu.eu\/","name":"Tamme talu \u00fcrdiaed","description":"K\u00e4sit\u00f6\u00f6na valmistatud tooted \u00fcrtidest, \u00fcrdiistikud, \u00fcrtide kollektsioonaed","publisher":{"@id":"https:\/\/tammetalu.eu\/#organization"},"alternateName":"Tamme talu","potentialAction":[{"@type":"SearchAction","target":{"@type":"EntryPoint","urlTemplate":"https:\/\/tammetalu.eu\/?s={search_term_string}"},"query-input":{"@type":"PropertyValueSpecification","valueRequired":true,"valueName":"search_term_string"}}],"inLanguage":"ru-RU"},{"@type":"Organization","@id":"https:\/\/tammetalu.eu\/#organization","name":"Tamme talu \u00fcrdiaed","alternateName":"Tamme talu","url":"https:\/\/tammetalu.eu\/","logo":{"@type":"ImageObject","inLanguage":"ru-RU","@id":"https:\/\/tammetalu.eu\/#\/schema\/logo\/image\/","url":"https:\/\/tammetalu.eu\/wp-content\/uploads\/2025\/01\/Tamme_talu_urdiaed.png","contentUrl":"https:\/\/tammetalu.eu\/wp-content\/uploads\/2025\/01\/Tamme_talu_urdiaed.png","width":560,"height":560,"caption":"Tamme talu \u00fcrdiaed"},"image":{"@id":"https:\/\/tammetalu.eu\/#\/schema\/logo\/image\/"},"sameAs":["https:\/\/www.facebook.com\/TammeTaluUrdiaed\/?locale=et_EE","https:\/\/www.instagram.com\/tammetaluurdiaed\/"]}]}},"_links":{"self":[{"href":"https:\/\/tammetalu.eu\/ru\/wp-json\/wp\/v2\/product\/20641","targetHints":{"allow":["GET"]}}],"collection":[{"href":"https:\/\/tammetalu.eu\/ru\/wp-json\/wp\/v2\/product"}],"about":[{"href":"https:\/\/tammetalu.eu\/ru\/wp-json\/wp\/v2\/types\/product"}],"wp:featuredmedia":[{"embeddable":true,"href":"https:\/\/tammetalu.eu\/ru\/wp-json\/wp\/v2\/media\/20716"}],"wp:attachment":[{"href":"https:\/\/tammetalu.eu\/ru\/wp-json\/wp\/v2\/media?parent=20641"}],"wp:term":[{"taxonomy":"product_brand","embeddable":true,"href":"https:\/\/tammetalu.eu\/ru\/wp-json\/wp\/v2\/product_brand?post=20641"},{"taxonomy":"product_cat","embeddable":true,"href":"https:\/\/tammetalu.eu\/ru\/wp-json\/wp\/v2\/product_cat?post=20641"},{"taxonomy":"product_tag","embeddable":true,"href":"https:\/\/tammetalu.eu\/ru\/wp-json\/wp\/v2\/product_tag?post=20641"}],"curies":[{"name":"wp","href":"https:\/\/api.w.org\/{rel}","templated":true}]}}