{"id":21021,"date":"2024-05-16T18:19:53","date_gmt":"2024-05-16T15:19:53","guid":{"rendered":"https:\/\/tammetalu.eu\/?post_type=product&#038;p=21021"},"modified":"2026-04-21T13:21:26","modified_gmt":"2026-04-21T10:21:26","slug":"sidrun-liivatee-lemon-gold","status":"publish","type":"product","link":"https:\/\/tammetalu.eu\/ru\/toode\/sidrun-liivatee-lemon-gold\/","title":{"rendered":"Sidrun-liivatee Thymus xcitriodorus &#171;Summerdreams Lemon Gold&#187;"},"content":{"rendered":"<p>&nbsp;<\/p>\n<p>&nbsp;<\/p>\n<p>&nbsp;<\/p>\n","protected":false},"excerpt":{"rendered":"<p>Sidrun-liivatee <em>Thymus xcitriodorus <\/em>&#171;Summerdreams Lemon Gold\u201c<\/p>\n<p>LAT: \u00a0<em>Thymus xcitriodorus<\/em> &#171;Summerdreams Lemon Gold\u201c<\/p>\n<p>ENG: \u00a0Lemon thyme &#171;Summerdreams Lemon Gold\u201c<\/p>\n<p>RU: \u0422\u0438\u043c\u044c\u044f\u043d \u043b\u0438\u043c\u043e\u043d\u043d\u043e\u043f\u0430\u0445\u043d\u0443\u0449\u0438\u0439 &#171;Summerdreams Lemon Gold\u201c<\/p>\n<p>FI: \u00a0\u00a0Sitruuna-ajuruoho &#171;Summerdreams Lemon Gold\u201c<\/p>\n<p>Sidrun-liivatee sort &#171;Summerdreams Lemon Gold\u201c on helerohelise kollaka varjundiga lehestikuga v\u00e4ga tihe ja aromaatne sidrunliivatee sort. Taim ei n\u00f5ua palju hoolt kasvatamisel. Sobib eriti h\u00e4sti istutamiseks potti, r\u00f5dukasti, amplisse, k\u00e4iguteede \u00e4\u00e4rde, kivide vahele, tugim\u00fc\u00fcridele ja kuiva liivase v\u00f5i kruusase mullaga peenrasse v\u00f5i kuiva liivase mullaga loodusaeda. \u00d5ied on sellel sordil heleroosad. Peale \u00f5itsemist v\u00f5ib taime v\u00e4limuse korrastamiseks v\u00f5rseid k\u00e4rpida. Paljundada saab taime k\u00f5ige h\u00f5lpsamalt jagamise teel. Suhteliselt \u00a0talvekindel.<\/p>\n<p>K\u00f6\u00f6gis sobib pea k\u00f5ikide roogade maitsestamiseks. Lisaks saab sidrun-liivateest valmistada v\u00e4ga maitsva tee. Liivatee lisatakse toitudele juba valmistamise ajal, kuna kannatab pikemat kuumutamist.<\/p>\n<p>Liivateed kasutatakse r\u00f6ga lahtistava\u00a0 ja mikroobivastase vahendina. Pidurdab k\u00f5hugaaside teket. Kasutatakse k\u00fclmetushaiguste korral, palavikulangetamiseks, uriinierituse soodustamiseks ja gripivaevuste v\u00e4hendamiseks. V\u00e4lispidiselt kasutatakse kompressi ja vannina, sest liivateel on liigesep\u00f5letikku vaigistav toime. Liivatee aur leevendab kuiva k\u00f6ha.<\/p>\n<p>K\u00f5rgus: kuni 0,20 m<\/p>\n<p>\u00d5itsemise aeg: VI-VII<\/p>\n<p>Talvekindlus: Suhteliselt talvekindel<\/p>\n<p>Poti suurus: 9-11<\/p>\n","protected":false},"featured_media":23586,"template":"","meta":{"_acf_changed":false,"_et_pb_use_builder":"","_et_pb_old_content":"","_et_gb_content_width":"","inline_featured_image":false},"product_brand":[],"product_cat":[186,194],"product_tag":[],"class_list":{"0":"post-21021","1":"product","2":"type-product","3":"status-publish","4":"has-post-thumbnail","6":"product_cat-maitse-ja-ravimtaimede-istikud","7":"product_cat-liivateed","9":"first","10":"instock","11":"sale","12":"taxable","13":"shipping-taxable","14":"purchasable","15":"product-type-simple"},"acf":[],"yoast_head":"<!-- This site is optimized with the Yoast SEO plugin v26.4 - https:\/\/yoast.com\/wordpress\/plugins\/seo\/ -->\n<title>Sidrun-liivatee Thymus xcitriodorus &quot;Summerdreams Lemon Gold&quot; - Tamme talu \u00fcrdiaed<\/title>\n<meta name=\"description\" content=\"Sidrun-liivatee sort &quot;Lemon Gold&quot; on helerohelise kollaka varjundiga lehestikuga v\u00e4ga tihe ja aromaatne sidrunliivatee sort. Kasvab h\u00e4sti vett l\u00e4bilaskvas liivases mullas. Armastab t\u00e4isp\u00e4ikeselist kasvukohta, kuid lepib ka poolvarjuga. Sobib kasvatamiseks madalates aiavaasides, r\u00f5dukastides ja kuivema mullaga peenras.\" \/>\n<meta name=\"robots\" content=\"index, follow, max-snippet:-1, max-image-preview:large, max-video-preview:-1\" \/>\n<link rel=\"canonical\" href=\"https:\/\/tammetalu.eu\/toode\/sidrun-liivatee-lemon-gold\/\" \/>\n<meta property=\"og:locale\" content=\"ru_RU\" \/>\n<meta property=\"og:type\" content=\"article\" \/>\n<meta property=\"og:title\" content=\"Sidrun-liivatee Thymus xcitriodorus &quot;Summerdreams Lemon Gold&quot; - Tamme talu \u00fcrdiaed\" \/>\n<meta property=\"og:description\" content=\"Sidrun-liivatee sort &quot;Lemon Gold&quot; on helerohelise kollaka varjundiga lehestikuga v\u00e4ga tihe ja aromaatne sidrunliivatee sort. Kasvab h\u00e4sti vett l\u00e4bilaskvas liivases mullas. Armastab t\u00e4isp\u00e4ikeselist kasvukohta, kuid lepib ka poolvarjuga. Sobib kasvatamiseks madalates aiavaasides, r\u00f5dukastides ja kuivema mullaga peenras.\" \/>\n<meta property=\"og:url\" content=\"https:\/\/tammetalu.eu\/toode\/sidrun-liivatee-lemon-gold\/\" \/>\n<meta property=\"og:site_name\" content=\"Tamme talu \u00fcrdiaed\" \/>\n<meta property=\"article:publisher\" content=\"https:\/\/www.facebook.com\/TammeTaluUrdiaed\/?locale=et_EE\" \/>\n<meta property=\"article:modified_time\" content=\"2026-04-21T10:21:26+00:00\" \/>\n<meta property=\"og:image\" content=\"https:\/\/tammetalu.eu\/wp-content\/uploads\/2024\/05\/Sidrun_liivatee_Thymus_cit.-var.-Summerdreams\u00ae-Lemon-Gold_tamme_talu_urdiaed.jpg\" \/>\n\t<meta property=\"og:image:width\" content=\"1024\" \/>\n\t<meta property=\"og:image:height\" content=\"1365\" \/>\n\t<meta property=\"og:image:type\" content=\"image\/jpeg\" \/>\n<meta name=\"twitter:card\" content=\"summary_large_image\" \/>\n<meta name=\"twitter:label1\" content=\"\u041f\u0440\u0438\u043c\u0435\u0440\u043d\u043e\u0435 \u0432\u0440\u0435\u043c\u044f \u0434\u043b\u044f \u0447\u0442\u0435\u043d\u0438\u044f\" \/>\n\t<meta name=\"twitter:data1\" content=\"1 \u043c\u0438\u043d\u0443\u0442\u0430\" \/>\n<script type=\"application\/ld+json\" class=\"yoast-schema-graph\">{\"@context\":\"https:\/\/schema.org\",\"@graph\":[{\"@type\":\"WebPage\",\"@id\":\"https:\/\/tammetalu.eu\/toode\/sidrun-liivatee-lemon-gold\/\",\"url\":\"https:\/\/tammetalu.eu\/toode\/sidrun-liivatee-lemon-gold\/\",\"name\":\"Sidrun-liivatee Thymus xcitriodorus \\\"Summerdreams Lemon Gold\\\" - Tamme talu \u00fcrdiaed\",\"isPartOf\":{\"@id\":\"https:\/\/tammetalu.eu\/#website\"},\"primaryImageOfPage\":{\"@id\":\"https:\/\/tammetalu.eu\/toode\/sidrun-liivatee-lemon-gold\/#primaryimage\"},\"image\":{\"@id\":\"https:\/\/tammetalu.eu\/toode\/sidrun-liivatee-lemon-gold\/#primaryimage\"},\"thumbnailUrl\":\"https:\/\/tammetalu.eu\/wp-content\/uploads\/2024\/05\/Sidrun_liivatee_Thymus_cit.-var.-Summerdreams\u00ae-Lemon-Gold_tamme_talu_urdiaed.jpg\",\"datePublished\":\"2024-05-16T15:19:53+00:00\",\"dateModified\":\"2026-04-21T10:21:26+00:00\",\"description\":\"Sidrun-liivatee sort \\\"Lemon Gold\\\" on helerohelise kollaka varjundiga lehestikuga v\u00e4ga tihe ja aromaatne sidrunliivatee sort. Kasvab h\u00e4sti vett l\u00e4bilaskvas liivases mullas. Armastab t\u00e4isp\u00e4ikeselist kasvukohta, kuid lepib ka poolvarjuga. Sobib kasvatamiseks madalates aiavaasides, r\u00f5dukastides ja kuivema mullaga peenras.\",\"breadcrumb\":{\"@id\":\"https:\/\/tammetalu.eu\/toode\/sidrun-liivatee-lemon-gold\/#breadcrumb\"},\"inLanguage\":\"ru-RU\",\"potentialAction\":[{\"@type\":\"ReadAction\",\"target\":[\"https:\/\/tammetalu.eu\/toode\/sidrun-liivatee-lemon-gold\/\"]}]},{\"@type\":\"ImageObject\",\"inLanguage\":\"ru-RU\",\"@id\":\"https:\/\/tammetalu.eu\/toode\/sidrun-liivatee-lemon-gold\/#primaryimage\",\"url\":\"https:\/\/tammetalu.eu\/wp-content\/uploads\/2024\/05\/Sidrun_liivatee_Thymus_cit.-var.-Summerdreams\u00ae-Lemon-Gold_tamme_talu_urdiaed.jpg\",\"contentUrl\":\"https:\/\/tammetalu.eu\/wp-content\/uploads\/2024\/05\/Sidrun_liivatee_Thymus_cit.-var.-Summerdreams\u00ae-Lemon-Gold_tamme_talu_urdiaed.jpg\",\"width\":1024,\"height\":1365,\"caption\":\"Sidrun_liivatee_Thymus_cit.-var.-Summerdreams\u00ae-Lemon-Gold_tamme_talu_urdiaed\"},{\"@type\":\"BreadcrumbList\",\"@id\":\"https:\/\/tammetalu.eu\/toode\/sidrun-liivatee-lemon-gold\/#breadcrumb\",\"itemListElement\":[{\"@type\":\"ListItem\",\"position\":1,\"name\":\"Home\",\"item\":\"https:\/\/tammetalu.eu\/ru\/esileht-rus\/\"},{\"@type\":\"ListItem\",\"position\":2,\"name\":\"\u041c\u0430\u0433\u0430\u0437\u0438\u043d\",\"item\":\"https:\/\/tammetalu.eu\/ru\/%d0%bc%d0%b0%d0%b3%d0%b0%d0%b7%d0%b8%d0%bd\/\"},{\"@type\":\"ListItem\",\"position\":3,\"name\":\"Sidrun-liivatee Thymus xcitriodorus &#8220;Summerdreams Lemon Gold&#8221;\"}]},{\"@type\":\"WebSite\",\"@id\":\"https:\/\/tammetalu.eu\/#website\",\"url\":\"https:\/\/tammetalu.eu\/\",\"name\":\"Tamme talu \u00fcrdiaed\",\"description\":\"K\u00e4sit\u00f6\u00f6na valmistatud tooted \u00fcrtidest, \u00fcrdiistikud, \u00fcrtide kollektsioonaed\",\"publisher\":{\"@id\":\"https:\/\/tammetalu.eu\/#organization\"},\"alternateName\":\"Tamme talu\",\"potentialAction\":[{\"@type\":\"SearchAction\",\"target\":{\"@type\":\"EntryPoint\",\"urlTemplate\":\"https:\/\/tammetalu.eu\/?s={search_term_string}\"},\"query-input\":{\"@type\":\"PropertyValueSpecification\",\"valueRequired\":true,\"valueName\":\"search_term_string\"}}],\"inLanguage\":\"ru-RU\"},{\"@type\":\"Organization\",\"@id\":\"https:\/\/tammetalu.eu\/#organization\",\"name\":\"Tamme talu \u00fcrdiaed\",\"alternateName\":\"Tamme talu\",\"url\":\"https:\/\/tammetalu.eu\/\",\"logo\":{\"@type\":\"ImageObject\",\"inLanguage\":\"ru-RU\",\"@id\":\"https:\/\/tammetalu.eu\/#\/schema\/logo\/image\/\",\"url\":\"https:\/\/tammetalu.eu\/wp-content\/uploads\/2025\/01\/Tamme_talu_urdiaed.png\",\"contentUrl\":\"https:\/\/tammetalu.eu\/wp-content\/uploads\/2025\/01\/Tamme_talu_urdiaed.png\",\"width\":560,\"height\":560,\"caption\":\"Tamme talu \u00fcrdiaed\"},\"image\":{\"@id\":\"https:\/\/tammetalu.eu\/#\/schema\/logo\/image\/\"},\"sameAs\":[\"https:\/\/www.facebook.com\/TammeTaluUrdiaed\/?locale=et_EE\",\"https:\/\/www.instagram.com\/tammetaluurdiaed\/\"]}]}<\/script>\n<!-- \/ Yoast SEO plugin. -->","yoast_head_json":{"title":"Sidrun-liivatee Thymus xcitriodorus \"Summerdreams Lemon Gold\" - Tamme talu \u00fcrdiaed","description":"Sidrun-liivatee sort \"Lemon Gold\" on helerohelise kollaka varjundiga lehestikuga v\u00e4ga tihe ja aromaatne sidrunliivatee sort. Kasvab h\u00e4sti vett l\u00e4bilaskvas liivases mullas. Armastab t\u00e4isp\u00e4ikeselist kasvukohta, kuid lepib ka poolvarjuga. Sobib kasvatamiseks madalates aiavaasides, r\u00f5dukastides ja kuivema mullaga peenras.","robots":{"index":"index","follow":"follow","max-snippet":"max-snippet:-1","max-image-preview":"max-image-preview:large","max-video-preview":"max-video-preview:-1"},"canonical":"https:\/\/tammetalu.eu\/toode\/sidrun-liivatee-lemon-gold\/","og_locale":"ru_RU","og_type":"article","og_title":"Sidrun-liivatee Thymus xcitriodorus \"Summerdreams Lemon Gold\" - Tamme talu \u00fcrdiaed","og_description":"Sidrun-liivatee sort \"Lemon Gold\" on helerohelise kollaka varjundiga lehestikuga v\u00e4ga tihe ja aromaatne sidrunliivatee sort. Kasvab h\u00e4sti vett l\u00e4bilaskvas liivases mullas. Armastab t\u00e4isp\u00e4ikeselist kasvukohta, kuid lepib ka poolvarjuga. Sobib kasvatamiseks madalates aiavaasides, r\u00f5dukastides ja kuivema mullaga peenras.","og_url":"https:\/\/tammetalu.eu\/toode\/sidrun-liivatee-lemon-gold\/","og_site_name":"Tamme talu \u00fcrdiaed","article_publisher":"https:\/\/www.facebook.com\/TammeTaluUrdiaed\/?locale=et_EE","article_modified_time":"2026-04-21T10:21:26+00:00","og_image":[{"width":1024,"height":1365,"url":"https:\/\/tammetalu.eu\/wp-content\/uploads\/2024\/05\/Sidrun_liivatee_Thymus_cit.-var.-Summerdreams\u00ae-Lemon-Gold_tamme_talu_urdiaed.jpg","type":"image\/jpeg"}],"twitter_card":"summary_large_image","twitter_misc":{"\u041f\u0440\u0438\u043c\u0435\u0440\u043d\u043e\u0435 \u0432\u0440\u0435\u043c\u044f \u0434\u043b\u044f \u0447\u0442\u0435\u043d\u0438\u044f":"1 \u043c\u0438\u043d\u0443\u0442\u0430"},"schema":{"@context":"https:\/\/schema.org","@graph":[{"@type":"WebPage","@id":"https:\/\/tammetalu.eu\/toode\/sidrun-liivatee-lemon-gold\/","url":"https:\/\/tammetalu.eu\/toode\/sidrun-liivatee-lemon-gold\/","name":"Sidrun-liivatee Thymus xcitriodorus \"Summerdreams Lemon Gold\" - Tamme talu \u00fcrdiaed","isPartOf":{"@id":"https:\/\/tammetalu.eu\/#website"},"primaryImageOfPage":{"@id":"https:\/\/tammetalu.eu\/toode\/sidrun-liivatee-lemon-gold\/#primaryimage"},"image":{"@id":"https:\/\/tammetalu.eu\/toode\/sidrun-liivatee-lemon-gold\/#primaryimage"},"thumbnailUrl":"https:\/\/tammetalu.eu\/wp-content\/uploads\/2024\/05\/Sidrun_liivatee_Thymus_cit.-var.-Summerdreams\u00ae-Lemon-Gold_tamme_talu_urdiaed.jpg","datePublished":"2024-05-16T15:19:53+00:00","dateModified":"2026-04-21T10:21:26+00:00","description":"Sidrun-liivatee sort \"Lemon Gold\" on helerohelise kollaka varjundiga lehestikuga v\u00e4ga tihe ja aromaatne sidrunliivatee sort. Kasvab h\u00e4sti vett l\u00e4bilaskvas liivases mullas. Armastab t\u00e4isp\u00e4ikeselist kasvukohta, kuid lepib ka poolvarjuga. Sobib kasvatamiseks madalates aiavaasides, r\u00f5dukastides ja kuivema mullaga peenras.","breadcrumb":{"@id":"https:\/\/tammetalu.eu\/toode\/sidrun-liivatee-lemon-gold\/#breadcrumb"},"inLanguage":"ru-RU","potentialAction":[{"@type":"ReadAction","target":["https:\/\/tammetalu.eu\/toode\/sidrun-liivatee-lemon-gold\/"]}]},{"@type":"ImageObject","inLanguage":"ru-RU","@id":"https:\/\/tammetalu.eu\/toode\/sidrun-liivatee-lemon-gold\/#primaryimage","url":"https:\/\/tammetalu.eu\/wp-content\/uploads\/2024\/05\/Sidrun_liivatee_Thymus_cit.-var.-Summerdreams\u00ae-Lemon-Gold_tamme_talu_urdiaed.jpg","contentUrl":"https:\/\/tammetalu.eu\/wp-content\/uploads\/2024\/05\/Sidrun_liivatee_Thymus_cit.-var.-Summerdreams\u00ae-Lemon-Gold_tamme_talu_urdiaed.jpg","width":1024,"height":1365,"caption":"Sidrun_liivatee_Thymus_cit.-var.-Summerdreams\u00ae-Lemon-Gold_tamme_talu_urdiaed"},{"@type":"BreadcrumbList","@id":"https:\/\/tammetalu.eu\/toode\/sidrun-liivatee-lemon-gold\/#breadcrumb","itemListElement":[{"@type":"ListItem","position":1,"name":"Home","item":"https:\/\/tammetalu.eu\/ru\/esileht-rus\/"},{"@type":"ListItem","position":2,"name":"\u041c\u0430\u0433\u0430\u0437\u0438\u043d","item":"https:\/\/tammetalu.eu\/ru\/%d0%bc%d0%b0%d0%b3%d0%b0%d0%b7%d0%b8%d0%bd\/"},{"@type":"ListItem","position":3,"name":"Sidrun-liivatee Thymus xcitriodorus &#8220;Summerdreams Lemon Gold&#8221;"}]},{"@type":"WebSite","@id":"https:\/\/tammetalu.eu\/#website","url":"https:\/\/tammetalu.eu\/","name":"Tamme talu \u00fcrdiaed","description":"K\u00e4sit\u00f6\u00f6na valmistatud tooted \u00fcrtidest, \u00fcrdiistikud, \u00fcrtide kollektsioonaed","publisher":{"@id":"https:\/\/tammetalu.eu\/#organization"},"alternateName":"Tamme talu","potentialAction":[{"@type":"SearchAction","target":{"@type":"EntryPoint","urlTemplate":"https:\/\/tammetalu.eu\/?s={search_term_string}"},"query-input":{"@type":"PropertyValueSpecification","valueRequired":true,"valueName":"search_term_string"}}],"inLanguage":"ru-RU"},{"@type":"Organization","@id":"https:\/\/tammetalu.eu\/#organization","name":"Tamme talu \u00fcrdiaed","alternateName":"Tamme talu","url":"https:\/\/tammetalu.eu\/","logo":{"@type":"ImageObject","inLanguage":"ru-RU","@id":"https:\/\/tammetalu.eu\/#\/schema\/logo\/image\/","url":"https:\/\/tammetalu.eu\/wp-content\/uploads\/2025\/01\/Tamme_talu_urdiaed.png","contentUrl":"https:\/\/tammetalu.eu\/wp-content\/uploads\/2025\/01\/Tamme_talu_urdiaed.png","width":560,"height":560,"caption":"Tamme talu \u00fcrdiaed"},"image":{"@id":"https:\/\/tammetalu.eu\/#\/schema\/logo\/image\/"},"sameAs":["https:\/\/www.facebook.com\/TammeTaluUrdiaed\/?locale=et_EE","https:\/\/www.instagram.com\/tammetaluurdiaed\/"]}]}},"_links":{"self":[{"href":"https:\/\/tammetalu.eu\/ru\/wp-json\/wp\/v2\/product\/21021","targetHints":{"allow":["GET"]}}],"collection":[{"href":"https:\/\/tammetalu.eu\/ru\/wp-json\/wp\/v2\/product"}],"about":[{"href":"https:\/\/tammetalu.eu\/ru\/wp-json\/wp\/v2\/types\/product"}],"wp:featuredmedia":[{"embeddable":true,"href":"https:\/\/tammetalu.eu\/ru\/wp-json\/wp\/v2\/media\/23586"}],"wp:attachment":[{"href":"https:\/\/tammetalu.eu\/ru\/wp-json\/wp\/v2\/media?parent=21021"}],"wp:term":[{"taxonomy":"product_brand","embeddable":true,"href":"https:\/\/tammetalu.eu\/ru\/wp-json\/wp\/v2\/product_brand?post=21021"},{"taxonomy":"product_cat","embeddable":true,"href":"https:\/\/tammetalu.eu\/ru\/wp-json\/wp\/v2\/product_cat?post=21021"},{"taxonomy":"product_tag","embeddable":true,"href":"https:\/\/tammetalu.eu\/ru\/wp-json\/wp\/v2\/product_tag?post=21021"}],"curies":[{"name":"wp","href":"https:\/\/api.w.org\/{rel}","templated":true}]}}