{"id":21113,"date":"2024-05-23T16:01:21","date_gmt":"2024-05-23T13:01:21","guid":{"rendered":"https:\/\/tammetalu.eu\/?post_type=product&#038;p=21113"},"modified":"2026-04-13T20:33:42","modified_gmt":"2026-04-13T17:33:42","slug":"harilik-rosmariin-salvia-rosmarinus-riviera-compact","status":"publish","type":"product","link":"https:\/\/tammetalu.eu\/ru\/toode\/harilik-rosmariin-salvia-rosmarinus-riviera-compact\/","title":{"rendered":"Harilik rosmariin Salvia rosmarinus &#171;Riviera Bush&#187;"},"content":{"rendered":"","protected":false},"excerpt":{"rendered":"<p>Harilik rosmariin Salvia rosmarinus \u201eRiviera Bush\u201c LAT: \u00a0<em>Salvia rosmarinus<\/em> \u201eRiviera Bush\u201c ENG: \u00a0Rosemary \u201eRiviera Bush\u201c RU: \u0420\u043e\u0437\u043c\u0430\u0440\u0438\u043d \u043b\u0435\u043a\u0430\u0440\u0441\u0442\u0432\u0435\u043d\u043d\u044b\u0439 \u201eRiviera Bush\u201c FI: \u00a0\u00a0Rosmariini \u201eRiviera Bush\u201c Harilik rosmariin (Salvia rosmarinus) on nahkjate peenikeste hallikasroheliste lehtede ja erksate helesiniste \u00f5itega igihaljas maitse-, l\u00f5hna -ja ravimtaim. Sordil \u201eRiviera Bush\u201c on laiuvad v\u00f5rsed, seep\u00e4rast sobib see suurep\u00e4raselt kasvatamiseks amplis, r\u00f5dukastis v\u00f5i lillepotis \u00e4\u00e4ristaimena. Rosmariin vajab kasvuks h\u00e4sti vett l\u00e4bilaskvat kruusasegust lubjast mulda ja poolvarjulist kuni p\u00e4ikeselist kasvukohta. Soovitav on rosmariini kasvatada potis, mille l\u00e4bim\u00f5\u00f5t esimesel aastal v\u00f5iks olla 20-25 cm. Enne pidevate s\u00fcgisvihmade saabumist tuleks rosmariin varju alla t\u00f5sta, sest liigne niiskus v\u00f5ib taime hukutada. Soojemal talvel v\u00f5ib taime talvitumiseks t\u00f5sta v\u00f5imaluse korral kuiva kasvuhoonesse. K\u00f5ige paremini talvitub rosmariin jahedas valges siseruumis. Taimele v\u00f5ib hukutavalt m\u00f5juda pigem liigne soojus ja \u00fclekastmine kui p\u00fcsivad k\u00fclmakraadid (kuni -5). Rosmariiniga maitsestatakse lamba- , veise, ulukiliha, metslinnuliha, kala, kartuli ja kaalikaroogasid. Rahvameditsiinis kasutatakse rosmariini toniseeriva vahendina j\u00f5uetuse ja s\u00fcdameneurooside korral, samuti sapiajatina. Rosmariinil on seedetegevust soodustav toime. Kasutatakse vereringeh\u00e4irete ja reuma korral. Mikroobidevastane. V\u00e4hendab k\u00f5hugaase ja spasme. K\u00f5rgus: kuni 0,35m \u00d5itsemise aeg: XII-II Talvekindlus: Ei ole talvekindel Poti suurus: 9-11 <strong>Loe l\u00e4hemalt rosmariini kasvatamise kohta<\/strong>\u00a0<span style=\"color: #008000;\"><strong><a style=\"color: #008000;\" href=\"https:\/\/tammetalu.eu\/rosmariini-kasvatamine\/\">siit<\/a><\/strong><\/span><\/p>\n","protected":false},"featured_media":21114,"template":"","meta":{"_acf_changed":false,"_et_pb_use_builder":"","_et_pb_old_content":"","_et_gb_content_width":"","inline_featured_image":false},"product_brand":[],"product_cat":[186,207],"product_tag":[],"class_list":{"0":"post-21113","1":"product","2":"type-product","3":"status-publish","4":"has-post-thumbnail","6":"product_cat-maitse-ja-ravimtaimede-istikud","7":"product_cat-rosmariinid","9":"first","10":"instock","11":"sale","12":"taxable","13":"shipping-taxable","14":"purchasable","15":"product-type-simple"},"acf":[],"yoast_head":"<!-- This site is optimized with the Yoast SEO plugin v26.4 - https:\/\/yoast.com\/wordpress\/plugins\/seo\/ -->\n<title>Harilik rosmariin Salvia rosmarinus &quot;Riviera Bush&quot; - Tamme talu \u00fcrdiaed<\/title>\n<meta name=\"description\" content=\"Harilik rosmariin (Salvia rosmarinus) on nahkjate peenikeste hallikasroheliste lehtede ja erksate helesiniste \u00f5itega igihaljas maitse-, l\u00f5hna -ja ravimtaim. Meeldiva vaiguse l\u00f5hnaga maitse- ja ravimtaim. Eelistab liivasegust vett l\u00e4bilaskvat mulda ja p\u00e4ikeselist v\u00f5i poolvarjulist kasvukohta. Soovitav on rosmariini kasvatada potis, mille l\u00e4bim\u00f5\u00f5t esimesel aastal peaks olema 20-25 cm.\" \/>\n<meta name=\"robots\" content=\"index, follow, max-snippet:-1, max-image-preview:large, max-video-preview:-1\" \/>\n<link rel=\"canonical\" href=\"https:\/\/tammetalu.eu\/toode\/harilik-rosmariin-salvia-rosmarinus-riviera-compact\/\" \/>\n<meta property=\"og:locale\" content=\"ru_RU\" \/>\n<meta property=\"og:type\" content=\"article\" \/>\n<meta property=\"og:title\" content=\"Harilik rosmariin Salvia rosmarinus &quot;Riviera Bush&quot; - Tamme talu \u00fcrdiaed\" \/>\n<meta property=\"og:description\" content=\"Harilik rosmariin (Salvia rosmarinus) on nahkjate peenikeste hallikasroheliste lehtede ja erksate helesiniste \u00f5itega igihaljas maitse-, l\u00f5hna -ja ravimtaim. Meeldiva vaiguse l\u00f5hnaga maitse- ja ravimtaim. Eelistab liivasegust vett l\u00e4bilaskvat mulda ja p\u00e4ikeselist v\u00f5i poolvarjulist kasvukohta. Soovitav on rosmariini kasvatada potis, mille l\u00e4bim\u00f5\u00f5t esimesel aastal peaks olema 20-25 cm.\" \/>\n<meta property=\"og:url\" content=\"https:\/\/tammetalu.eu\/toode\/harilik-rosmariin-salvia-rosmarinus-riviera-compact\/\" \/>\n<meta property=\"og:site_name\" content=\"Tamme talu \u00fcrdiaed\" \/>\n<meta property=\"article:publisher\" content=\"https:\/\/www.facebook.com\/TammeTaluUrdiaed\/?locale=et_EE\" \/>\n<meta property=\"article:modified_time\" content=\"2026-04-13T17:33:42+00:00\" \/>\n<meta property=\"og:image\" content=\"https:\/\/tammetalu.eu\/wp-content\/uploads\/2024\/05\/Rosemary_Riviera_Compact_rosmariin_tamme_talu_urdiaed.jpg\" \/>\n\t<meta property=\"og:image:width\" content=\"1280\" \/>\n\t<meta property=\"og:image:height\" content=\"1280\" \/>\n\t<meta property=\"og:image:type\" content=\"image\/jpeg\" \/>\n<meta name=\"twitter:card\" content=\"summary_large_image\" \/>\n<meta name=\"twitter:label1\" content=\"\u041f\u0440\u0438\u043c\u0435\u0440\u043d\u043e\u0435 \u0432\u0440\u0435\u043c\u044f \u0434\u043b\u044f \u0447\u0442\u0435\u043d\u0438\u044f\" \/>\n\t<meta name=\"twitter:data1\" content=\"1 \u043c\u0438\u043d\u0443\u0442\u0430\" \/>\n<script type=\"application\/ld+json\" class=\"yoast-schema-graph\">{\"@context\":\"https:\/\/schema.org\",\"@graph\":[{\"@type\":\"WebPage\",\"@id\":\"https:\/\/tammetalu.eu\/toode\/harilik-rosmariin-salvia-rosmarinus-riviera-compact\/\",\"url\":\"https:\/\/tammetalu.eu\/toode\/harilik-rosmariin-salvia-rosmarinus-riviera-compact\/\",\"name\":\"Harilik rosmariin Salvia rosmarinus \\\"Riviera Bush\\\" - Tamme talu \u00fcrdiaed\",\"isPartOf\":{\"@id\":\"https:\/\/tammetalu.eu\/#website\"},\"primaryImageOfPage\":{\"@id\":\"https:\/\/tammetalu.eu\/toode\/harilik-rosmariin-salvia-rosmarinus-riviera-compact\/#primaryimage\"},\"image\":{\"@id\":\"https:\/\/tammetalu.eu\/toode\/harilik-rosmariin-salvia-rosmarinus-riviera-compact\/#primaryimage\"},\"thumbnailUrl\":\"https:\/\/tammetalu.eu\/wp-content\/uploads\/2024\/05\/Rosemary_Riviera_Compact_rosmariin_tamme_talu_urdiaed.jpg\",\"datePublished\":\"2024-05-23T13:01:21+00:00\",\"dateModified\":\"2026-04-13T17:33:42+00:00\",\"description\":\"Harilik rosmariin (Salvia rosmarinus) on nahkjate peenikeste hallikasroheliste lehtede ja erksate helesiniste \u00f5itega igihaljas maitse-, l\u00f5hna -ja ravimtaim. Meeldiva vaiguse l\u00f5hnaga maitse- ja ravimtaim. Eelistab liivasegust vett l\u00e4bilaskvat mulda ja p\u00e4ikeselist v\u00f5i poolvarjulist kasvukohta. Soovitav on rosmariini kasvatada potis, mille l\u00e4bim\u00f5\u00f5t esimesel aastal peaks olema 20-25 cm.\",\"breadcrumb\":{\"@id\":\"https:\/\/tammetalu.eu\/toode\/harilik-rosmariin-salvia-rosmarinus-riviera-compact\/#breadcrumb\"},\"inLanguage\":\"ru-RU\",\"potentialAction\":[{\"@type\":\"ReadAction\",\"target\":[\"https:\/\/tammetalu.eu\/toode\/harilik-rosmariin-salvia-rosmarinus-riviera-compact\/\"]}]},{\"@type\":\"ImageObject\",\"inLanguage\":\"ru-RU\",\"@id\":\"https:\/\/tammetalu.eu\/toode\/harilik-rosmariin-salvia-rosmarinus-riviera-compact\/#primaryimage\",\"url\":\"https:\/\/tammetalu.eu\/wp-content\/uploads\/2024\/05\/Rosemary_Riviera_Compact_rosmariin_tamme_talu_urdiaed.jpg\",\"contentUrl\":\"https:\/\/tammetalu.eu\/wp-content\/uploads\/2024\/05\/Rosemary_Riviera_Compact_rosmariin_tamme_talu_urdiaed.jpg\",\"width\":1280,\"height\":1280,\"caption\":\"Rosemary_Riviera_Compact_rosmariin_tamme_talu_urdiaed\"},{\"@type\":\"BreadcrumbList\",\"@id\":\"https:\/\/tammetalu.eu\/toode\/harilik-rosmariin-salvia-rosmarinus-riviera-compact\/#breadcrumb\",\"itemListElement\":[{\"@type\":\"ListItem\",\"position\":1,\"name\":\"Home\",\"item\":\"https:\/\/tammetalu.eu\/ru\/esileht-rus\/\"},{\"@type\":\"ListItem\",\"position\":2,\"name\":\"\u041c\u0430\u0433\u0430\u0437\u0438\u043d\",\"item\":\"https:\/\/tammetalu.eu\/ru\/%d0%bc%d0%b0%d0%b3%d0%b0%d0%b7%d0%b8%d0%bd\/\"},{\"@type\":\"ListItem\",\"position\":3,\"name\":\"Harilik rosmariin Salvia rosmarinus &#8220;Riviera Bush&#8221;\"}]},{\"@type\":\"WebSite\",\"@id\":\"https:\/\/tammetalu.eu\/#website\",\"url\":\"https:\/\/tammetalu.eu\/\",\"name\":\"Tamme talu \u00fcrdiaed\",\"description\":\"K\u00e4sit\u00f6\u00f6na valmistatud tooted \u00fcrtidest, \u00fcrdiistikud, \u00fcrtide kollektsioonaed\",\"publisher\":{\"@id\":\"https:\/\/tammetalu.eu\/#organization\"},\"alternateName\":\"Tamme talu\",\"potentialAction\":[{\"@type\":\"SearchAction\",\"target\":{\"@type\":\"EntryPoint\",\"urlTemplate\":\"https:\/\/tammetalu.eu\/?s={search_term_string}\"},\"query-input\":{\"@type\":\"PropertyValueSpecification\",\"valueRequired\":true,\"valueName\":\"search_term_string\"}}],\"inLanguage\":\"ru-RU\"},{\"@type\":\"Organization\",\"@id\":\"https:\/\/tammetalu.eu\/#organization\",\"name\":\"Tamme talu \u00fcrdiaed\",\"alternateName\":\"Tamme talu\",\"url\":\"https:\/\/tammetalu.eu\/\",\"logo\":{\"@type\":\"ImageObject\",\"inLanguage\":\"ru-RU\",\"@id\":\"https:\/\/tammetalu.eu\/#\/schema\/logo\/image\/\",\"url\":\"https:\/\/tammetalu.eu\/wp-content\/uploads\/2025\/01\/Tamme_talu_urdiaed.png\",\"contentUrl\":\"https:\/\/tammetalu.eu\/wp-content\/uploads\/2025\/01\/Tamme_talu_urdiaed.png\",\"width\":560,\"height\":560,\"caption\":\"Tamme talu \u00fcrdiaed\"},\"image\":{\"@id\":\"https:\/\/tammetalu.eu\/#\/schema\/logo\/image\/\"},\"sameAs\":[\"https:\/\/www.facebook.com\/TammeTaluUrdiaed\/?locale=et_EE\",\"https:\/\/www.instagram.com\/tammetaluurdiaed\/\"]}]}<\/script>\n<!-- \/ Yoast SEO plugin. -->","yoast_head_json":{"title":"Harilik rosmariin Salvia rosmarinus \"Riviera Bush\" - Tamme talu \u00fcrdiaed","description":"Harilik rosmariin (Salvia rosmarinus) on nahkjate peenikeste hallikasroheliste lehtede ja erksate helesiniste \u00f5itega igihaljas maitse-, l\u00f5hna -ja ravimtaim. Meeldiva vaiguse l\u00f5hnaga maitse- ja ravimtaim. Eelistab liivasegust vett l\u00e4bilaskvat mulda ja p\u00e4ikeselist v\u00f5i poolvarjulist kasvukohta. Soovitav on rosmariini kasvatada potis, mille l\u00e4bim\u00f5\u00f5t esimesel aastal peaks olema 20-25 cm.","robots":{"index":"index","follow":"follow","max-snippet":"max-snippet:-1","max-image-preview":"max-image-preview:large","max-video-preview":"max-video-preview:-1"},"canonical":"https:\/\/tammetalu.eu\/toode\/harilik-rosmariin-salvia-rosmarinus-riviera-compact\/","og_locale":"ru_RU","og_type":"article","og_title":"Harilik rosmariin Salvia rosmarinus \"Riviera Bush\" - Tamme talu \u00fcrdiaed","og_description":"Harilik rosmariin (Salvia rosmarinus) on nahkjate peenikeste hallikasroheliste lehtede ja erksate helesiniste \u00f5itega igihaljas maitse-, l\u00f5hna -ja ravimtaim. Meeldiva vaiguse l\u00f5hnaga maitse- ja ravimtaim. Eelistab liivasegust vett l\u00e4bilaskvat mulda ja p\u00e4ikeselist v\u00f5i poolvarjulist kasvukohta. Soovitav on rosmariini kasvatada potis, mille l\u00e4bim\u00f5\u00f5t esimesel aastal peaks olema 20-25 cm.","og_url":"https:\/\/tammetalu.eu\/toode\/harilik-rosmariin-salvia-rosmarinus-riviera-compact\/","og_site_name":"Tamme talu \u00fcrdiaed","article_publisher":"https:\/\/www.facebook.com\/TammeTaluUrdiaed\/?locale=et_EE","article_modified_time":"2026-04-13T17:33:42+00:00","og_image":[{"width":1280,"height":1280,"url":"https:\/\/tammetalu.eu\/wp-content\/uploads\/2024\/05\/Rosemary_Riviera_Compact_rosmariin_tamme_talu_urdiaed.jpg","type":"image\/jpeg"}],"twitter_card":"summary_large_image","twitter_misc":{"\u041f\u0440\u0438\u043c\u0435\u0440\u043d\u043e\u0435 \u0432\u0440\u0435\u043c\u044f \u0434\u043b\u044f \u0447\u0442\u0435\u043d\u0438\u044f":"1 \u043c\u0438\u043d\u0443\u0442\u0430"},"schema":{"@context":"https:\/\/schema.org","@graph":[{"@type":"WebPage","@id":"https:\/\/tammetalu.eu\/toode\/harilik-rosmariin-salvia-rosmarinus-riviera-compact\/","url":"https:\/\/tammetalu.eu\/toode\/harilik-rosmariin-salvia-rosmarinus-riviera-compact\/","name":"Harilik rosmariin Salvia rosmarinus \"Riviera Bush\" - Tamme talu \u00fcrdiaed","isPartOf":{"@id":"https:\/\/tammetalu.eu\/#website"},"primaryImageOfPage":{"@id":"https:\/\/tammetalu.eu\/toode\/harilik-rosmariin-salvia-rosmarinus-riviera-compact\/#primaryimage"},"image":{"@id":"https:\/\/tammetalu.eu\/toode\/harilik-rosmariin-salvia-rosmarinus-riviera-compact\/#primaryimage"},"thumbnailUrl":"https:\/\/tammetalu.eu\/wp-content\/uploads\/2024\/05\/Rosemary_Riviera_Compact_rosmariin_tamme_talu_urdiaed.jpg","datePublished":"2024-05-23T13:01:21+00:00","dateModified":"2026-04-13T17:33:42+00:00","description":"Harilik rosmariin (Salvia rosmarinus) on nahkjate peenikeste hallikasroheliste lehtede ja erksate helesiniste \u00f5itega igihaljas maitse-, l\u00f5hna -ja ravimtaim. Meeldiva vaiguse l\u00f5hnaga maitse- ja ravimtaim. Eelistab liivasegust vett l\u00e4bilaskvat mulda ja p\u00e4ikeselist v\u00f5i poolvarjulist kasvukohta. Soovitav on rosmariini kasvatada potis, mille l\u00e4bim\u00f5\u00f5t esimesel aastal peaks olema 20-25 cm.","breadcrumb":{"@id":"https:\/\/tammetalu.eu\/toode\/harilik-rosmariin-salvia-rosmarinus-riviera-compact\/#breadcrumb"},"inLanguage":"ru-RU","potentialAction":[{"@type":"ReadAction","target":["https:\/\/tammetalu.eu\/toode\/harilik-rosmariin-salvia-rosmarinus-riviera-compact\/"]}]},{"@type":"ImageObject","inLanguage":"ru-RU","@id":"https:\/\/tammetalu.eu\/toode\/harilik-rosmariin-salvia-rosmarinus-riviera-compact\/#primaryimage","url":"https:\/\/tammetalu.eu\/wp-content\/uploads\/2024\/05\/Rosemary_Riviera_Compact_rosmariin_tamme_talu_urdiaed.jpg","contentUrl":"https:\/\/tammetalu.eu\/wp-content\/uploads\/2024\/05\/Rosemary_Riviera_Compact_rosmariin_tamme_talu_urdiaed.jpg","width":1280,"height":1280,"caption":"Rosemary_Riviera_Compact_rosmariin_tamme_talu_urdiaed"},{"@type":"BreadcrumbList","@id":"https:\/\/tammetalu.eu\/toode\/harilik-rosmariin-salvia-rosmarinus-riviera-compact\/#breadcrumb","itemListElement":[{"@type":"ListItem","position":1,"name":"Home","item":"https:\/\/tammetalu.eu\/ru\/esileht-rus\/"},{"@type":"ListItem","position":2,"name":"\u041c\u0430\u0433\u0430\u0437\u0438\u043d","item":"https:\/\/tammetalu.eu\/ru\/%d0%bc%d0%b0%d0%b3%d0%b0%d0%b7%d0%b8%d0%bd\/"},{"@type":"ListItem","position":3,"name":"Harilik rosmariin Salvia rosmarinus &#8220;Riviera Bush&#8221;"}]},{"@type":"WebSite","@id":"https:\/\/tammetalu.eu\/#website","url":"https:\/\/tammetalu.eu\/","name":"Tamme talu \u00fcrdiaed","description":"K\u00e4sit\u00f6\u00f6na valmistatud tooted \u00fcrtidest, \u00fcrdiistikud, \u00fcrtide kollektsioonaed","publisher":{"@id":"https:\/\/tammetalu.eu\/#organization"},"alternateName":"Tamme talu","potentialAction":[{"@type":"SearchAction","target":{"@type":"EntryPoint","urlTemplate":"https:\/\/tammetalu.eu\/?s={search_term_string}"},"query-input":{"@type":"PropertyValueSpecification","valueRequired":true,"valueName":"search_term_string"}}],"inLanguage":"ru-RU"},{"@type":"Organization","@id":"https:\/\/tammetalu.eu\/#organization","name":"Tamme talu \u00fcrdiaed","alternateName":"Tamme talu","url":"https:\/\/tammetalu.eu\/","logo":{"@type":"ImageObject","inLanguage":"ru-RU","@id":"https:\/\/tammetalu.eu\/#\/schema\/logo\/image\/","url":"https:\/\/tammetalu.eu\/wp-content\/uploads\/2025\/01\/Tamme_talu_urdiaed.png","contentUrl":"https:\/\/tammetalu.eu\/wp-content\/uploads\/2025\/01\/Tamme_talu_urdiaed.png","width":560,"height":560,"caption":"Tamme talu \u00fcrdiaed"},"image":{"@id":"https:\/\/tammetalu.eu\/#\/schema\/logo\/image\/"},"sameAs":["https:\/\/www.facebook.com\/TammeTaluUrdiaed\/?locale=et_EE","https:\/\/www.instagram.com\/tammetaluurdiaed\/"]}]}},"_links":{"self":[{"href":"https:\/\/tammetalu.eu\/ru\/wp-json\/wp\/v2\/product\/21113","targetHints":{"allow":["GET"]}}],"collection":[{"href":"https:\/\/tammetalu.eu\/ru\/wp-json\/wp\/v2\/product"}],"about":[{"href":"https:\/\/tammetalu.eu\/ru\/wp-json\/wp\/v2\/types\/product"}],"wp:featuredmedia":[{"embeddable":true,"href":"https:\/\/tammetalu.eu\/ru\/wp-json\/wp\/v2\/media\/21114"}],"wp:attachment":[{"href":"https:\/\/tammetalu.eu\/ru\/wp-json\/wp\/v2\/media?parent=21113"}],"wp:term":[{"taxonomy":"product_brand","embeddable":true,"href":"https:\/\/tammetalu.eu\/ru\/wp-json\/wp\/v2\/product_brand?post=21113"},{"taxonomy":"product_cat","embeddable":true,"href":"https:\/\/tammetalu.eu\/ru\/wp-json\/wp\/v2\/product_cat?post=21113"},{"taxonomy":"product_tag","embeddable":true,"href":"https:\/\/tammetalu.eu\/ru\/wp-json\/wp\/v2\/product_tag?post=21113"}],"curies":[{"name":"wp","href":"https:\/\/api.w.org\/{rel}","templated":true}]}}