{"id":21599,"date":"2024-07-08T12:49:15","date_gmt":"2024-07-08T09:49:15","guid":{"rendered":"https:\/\/tammetalu.eu\/?post_type=product&#038;p=21599"},"modified":"2024-11-10T02:39:45","modified_gmt":"2024-11-10T00:39:45","slug":"taitepakend-hea-supi-urdisool-250g","status":"publish","type":"product","link":"https:\/\/tammetalu.eu\/ru\/toode\/taitepakend-hea-supi-urdisool-250g\/","title":{"rendered":"T\u00e4itepakend Hea supi \u00fcrdisool 250g"},"content":{"rendered":"","protected":false},"excerpt":{"rendered":"<p>34,64 \u20ac\/kg<\/p>\n<p>Hea supi \u00fcrdisool on n\u00fc\u00fcd saadaval ka t\u00e4itepakendis. Kui <span style=\"color: #008000;\"><a style=\"color: #008000;\" href=\"https:\/\/tammetalu.eu\/toode\/hea-supi-urdisool-80g\/\">esimene purk<\/a><\/span> on otsa l\u00f5ppenud, soovitame tellida t\u00e4itepakendi, et purki taast\u00e4ita. Selliselt kulub v\u00e4hem pakendit ja hoiad loodust. Lisaks on soodsam hind.<\/p>\n<p>Hea supi \u00fcrdisool sisaldab eestlasele omaseid supi maitsestamiseks kasutatavaid \u00fcrte. Meie oleme need kokku seganud ning k\u00f5ik \u00fchte purki pannud, et sul oleks lihtne oma toitusid maitsestada. Kasuta suppide, puljongite, kastmete, pajaroogade ja salatite valmistamisel.<\/p>\n<p>Nipp: Lisa maitseaine toidu valmistamise l\u00f5pus, sest nii s\u00e4ilivad \u00fcrtide aroomid ja maitse intensiivsemalt.<\/p>\n<p>Koostisosad: meresool (48%), porrulauk, till, petersell.<\/p>\n<p>&nbsp;<\/p>\n","protected":false},"featured_media":21600,"template":"","meta":{"_acf_changed":false,"_et_pb_use_builder":"","_et_pb_old_content":"","_et_gb_content_width":"","inline_featured_image":false},"product_brand":[],"product_cat":[177],"product_tag":[],"class_list":{"0":"post-21599","1":"product","2":"type-product","3":"status-publish","4":"has-post-thumbnail","6":"product_cat-urdisoolad","8":"first","9":"instock","10":"taxable","11":"shipping-taxable","12":"purchasable","13":"product-type-simple"},"acf":[],"yoast_head":"<!-- This site is optimized with the Yoast SEO plugin v27.5 - https:\/\/yoast.com\/product\/yoast-seo-wordpress\/ -->\n<title>T\u00e4itepakend Hea supi \u00fcrdisool 250g - Tamme talu \u00fcrdiaed<\/title>\n<meta name=\"description\" content=\"Hea supi \u00fcrdisool on n\u00fc\u00fcd saadaval ka t\u00e4itepakendis. Hoia keskkonda ja v\u00e4henda pakendikulu. Telli mugavalt Tamme talu e-poest!\" \/>\n<meta name=\"robots\" content=\"index, follow, max-snippet:-1, max-image-preview:large, max-video-preview:-1\" \/>\n<link rel=\"canonical\" href=\"https:\/\/tammetalu.eu\/toode\/taitepakend-hea-supi-urdisool-250g\/\" \/>\n<meta property=\"og:locale\" content=\"ru_RU\" \/>\n<meta property=\"og:type\" content=\"article\" \/>\n<meta property=\"og:title\" content=\"T\u00e4itepakend Hea supi \u00fcrdisool 250g - Tamme talu \u00fcrdiaed\" \/>\n<meta property=\"og:description\" content=\"Hea supi \u00fcrdisool on n\u00fc\u00fcd saadaval ka t\u00e4itepakendis. Hoia keskkonda ja v\u00e4henda pakendikulu. Telli mugavalt Tamme talu e-poest!\" \/>\n<meta property=\"og:url\" content=\"https:\/\/tammetalu.eu\/toode\/taitepakend-hea-supi-urdisool-250g\/\" \/>\n<meta property=\"og:site_name\" content=\"Tamme talu \u00fcrdiaed\" \/>\n<meta property=\"article:publisher\" content=\"https:\/\/www.facebook.com\/TammeTaluUrdiaed\/?locale=et_EE\" \/>\n<meta property=\"article:modified_time\" content=\"2024-11-10T00:39:45+00:00\" \/>\n<meta property=\"og:image\" content=\"https:\/\/tammetalu.eu\/wp-content\/uploads\/2024\/07\/Hea_supi_urdisool_taitepakend_Tamme_talu_urdiaed.jpg\" \/>\n\t<meta property=\"og:image:width\" content=\"1024\" \/>\n\t<meta property=\"og:image:height\" content=\"1365\" \/>\n\t<meta property=\"og:image:type\" content=\"image\/jpeg\" \/>\n<meta name=\"twitter:card\" content=\"summary_large_image\" \/>\n<meta name=\"twitter:label1\" content=\"\u041f\u0440\u0438\u043c\u0435\u0440\u043d\u043e\u0435 \u0432\u0440\u0435\u043c\u044f \u0434\u043b\u044f \u0447\u0442\u0435\u043d\u0438\u044f\" \/>\n\t<meta name=\"twitter:data1\" content=\"1 \u043c\u0438\u043d\u0443\u0442\u0430\" \/>\n<script type=\"application\/ld+json\" class=\"yoast-schema-graph\">{\"@context\":\"https:\\\/\\\/schema.org\",\"@graph\":[{\"@type\":\"WebPage\",\"@id\":\"https:\\\/\\\/tammetalu.eu\\\/toode\\\/taitepakend-hea-supi-urdisool-250g\\\/\",\"url\":\"https:\\\/\\\/tammetalu.eu\\\/toode\\\/taitepakend-hea-supi-urdisool-250g\\\/\",\"name\":\"T\u00e4itepakend Hea supi \u00fcrdisool 250g - Tamme talu \u00fcrdiaed\",\"isPartOf\":{\"@id\":\"https:\\\/\\\/tammetalu.eu\\\/#website\"},\"primaryImageOfPage\":{\"@id\":\"https:\\\/\\\/tammetalu.eu\\\/toode\\\/taitepakend-hea-supi-urdisool-250g\\\/#primaryimage\"},\"image\":{\"@id\":\"https:\\\/\\\/tammetalu.eu\\\/toode\\\/taitepakend-hea-supi-urdisool-250g\\\/#primaryimage\"},\"thumbnailUrl\":\"https:\\\/\\\/tammetalu.eu\\\/wp-content\\\/uploads\\\/2024\\\/07\\\/Hea_supi_urdisool_taitepakend_Tamme_talu_urdiaed.jpg\",\"datePublished\":\"2024-07-08T09:49:15+00:00\",\"dateModified\":\"2024-11-10T00:39:45+00:00\",\"description\":\"Hea supi \u00fcrdisool on n\u00fc\u00fcd saadaval ka t\u00e4itepakendis. Hoia keskkonda ja v\u00e4henda pakendikulu. Telli mugavalt Tamme talu e-poest!\",\"breadcrumb\":{\"@id\":\"https:\\\/\\\/tammetalu.eu\\\/toode\\\/taitepakend-hea-supi-urdisool-250g\\\/#breadcrumb\"},\"inLanguage\":\"ru-RU\",\"potentialAction\":[{\"@type\":\"ReadAction\",\"target\":[\"https:\\\/\\\/tammetalu.eu\\\/toode\\\/taitepakend-hea-supi-urdisool-250g\\\/\"]}]},{\"@type\":\"ImageObject\",\"inLanguage\":\"ru-RU\",\"@id\":\"https:\\\/\\\/tammetalu.eu\\\/toode\\\/taitepakend-hea-supi-urdisool-250g\\\/#primaryimage\",\"url\":\"https:\\\/\\\/tammetalu.eu\\\/wp-content\\\/uploads\\\/2024\\\/07\\\/Hea_supi_urdisool_taitepakend_Tamme_talu_urdiaed.jpg\",\"contentUrl\":\"https:\\\/\\\/tammetalu.eu\\\/wp-content\\\/uploads\\\/2024\\\/07\\\/Hea_supi_urdisool_taitepakend_Tamme_talu_urdiaed.jpg\",\"width\":1024,\"height\":1365,\"caption\":\"Hea_supi_urdisool_taitepakend_Tamme_talu_urdiaed\"},{\"@type\":\"BreadcrumbList\",\"@id\":\"https:\\\/\\\/tammetalu.eu\\\/toode\\\/taitepakend-hea-supi-urdisool-250g\\\/#breadcrumb\",\"itemListElement\":[{\"@type\":\"ListItem\",\"position\":1,\"name\":\"Home\",\"item\":\"https:\\\/\\\/tammetalu.eu\\\/ru\\\/esileht-rus\\\/\"},{\"@type\":\"ListItem\",\"position\":2,\"name\":\"\u041c\u0430\u0433\u0430\u0437\u0438\u043d\",\"item\":\"https:\\\/\\\/tammetalu.eu\\\/ru\\\/%d0%bc%d0%b0%d0%b3%d0%b0%d0%b7%d0%b8%d0%bd\\\/\"},{\"@type\":\"ListItem\",\"position\":3,\"name\":\"T\u00e4itepakend Hea supi \u00fcrdisool 250g\"}]},{\"@type\":\"WebSite\",\"@id\":\"https:\\\/\\\/tammetalu.eu\\\/#website\",\"url\":\"https:\\\/\\\/tammetalu.eu\\\/\",\"name\":\"Tamme talu \u00fcrdiaed\",\"description\":\"K\u00e4sit\u00f6\u00f6na valmistatud tooted \u00fcrtidest, \u00fcrdiistikud, \u00fcrtide kollektsioonaed\",\"publisher\":{\"@id\":\"https:\\\/\\\/tammetalu.eu\\\/#organization\"},\"alternateName\":\"Tamme talu\",\"potentialAction\":[{\"@type\":\"SearchAction\",\"target\":{\"@type\":\"EntryPoint\",\"urlTemplate\":\"https:\\\/\\\/tammetalu.eu\\\/?s={search_term_string}\"},\"query-input\":{\"@type\":\"PropertyValueSpecification\",\"valueRequired\":true,\"valueName\":\"search_term_string\"}}],\"inLanguage\":\"ru-RU\"},{\"@type\":\"Organization\",\"@id\":\"https:\\\/\\\/tammetalu.eu\\\/#organization\",\"name\":\"Tamme talu \u00fcrdiaed\",\"alternateName\":\"Tamme talu\",\"url\":\"https:\\\/\\\/tammetalu.eu\\\/\",\"logo\":{\"@type\":\"ImageObject\",\"inLanguage\":\"ru-RU\",\"@id\":\"https:\\\/\\\/tammetalu.eu\\\/#\\\/schema\\\/logo\\\/image\\\/\",\"url\":\"https:\\\/\\\/tammetalu.eu\\\/wp-content\\\/uploads\\\/2025\\\/01\\\/Tamme_talu_urdiaed.png\",\"contentUrl\":\"https:\\\/\\\/tammetalu.eu\\\/wp-content\\\/uploads\\\/2025\\\/01\\\/Tamme_talu_urdiaed.png\",\"width\":560,\"height\":560,\"caption\":\"Tamme talu \u00fcrdiaed\"},\"image\":{\"@id\":\"https:\\\/\\\/tammetalu.eu\\\/#\\\/schema\\\/logo\\\/image\\\/\"},\"sameAs\":[\"https:\\\/\\\/www.facebook.com\\\/TammeTaluUrdiaed\\\/?locale=et_EE\",\"https:\\\/\\\/www.instagram.com\\\/tammetaluurdiaed\\\/\"]}]}<\/script>\n<!-- \/ Yoast SEO plugin. -->","yoast_head_json":{"title":"T\u00e4itepakend Hea supi \u00fcrdisool 250g - Tamme talu \u00fcrdiaed","description":"Hea supi \u00fcrdisool on n\u00fc\u00fcd saadaval ka t\u00e4itepakendis. Hoia keskkonda ja v\u00e4henda pakendikulu. Telli mugavalt Tamme talu e-poest!","robots":{"index":"index","follow":"follow","max-snippet":"max-snippet:-1","max-image-preview":"max-image-preview:large","max-video-preview":"max-video-preview:-1"},"canonical":"https:\/\/tammetalu.eu\/toode\/taitepakend-hea-supi-urdisool-250g\/","og_locale":"ru_RU","og_type":"article","og_title":"T\u00e4itepakend Hea supi \u00fcrdisool 250g - Tamme talu \u00fcrdiaed","og_description":"Hea supi \u00fcrdisool on n\u00fc\u00fcd saadaval ka t\u00e4itepakendis. Hoia keskkonda ja v\u00e4henda pakendikulu. Telli mugavalt Tamme talu e-poest!","og_url":"https:\/\/tammetalu.eu\/toode\/taitepakend-hea-supi-urdisool-250g\/","og_site_name":"Tamme talu \u00fcrdiaed","article_publisher":"https:\/\/www.facebook.com\/TammeTaluUrdiaed\/?locale=et_EE","article_modified_time":"2024-11-10T00:39:45+00:00","og_image":[{"width":1024,"height":1365,"url":"https:\/\/tammetalu.eu\/wp-content\/uploads\/2024\/07\/Hea_supi_urdisool_taitepakend_Tamme_talu_urdiaed.jpg","type":"image\/jpeg"}],"twitter_card":"summary_large_image","twitter_misc":{"\u041f\u0440\u0438\u043c\u0435\u0440\u043d\u043e\u0435 \u0432\u0440\u0435\u043c\u044f \u0434\u043b\u044f \u0447\u0442\u0435\u043d\u0438\u044f":"1 \u043c\u0438\u043d\u0443\u0442\u0430"},"schema":{"@context":"https:\/\/schema.org","@graph":[{"@type":"WebPage","@id":"https:\/\/tammetalu.eu\/toode\/taitepakend-hea-supi-urdisool-250g\/","url":"https:\/\/tammetalu.eu\/toode\/taitepakend-hea-supi-urdisool-250g\/","name":"T\u00e4itepakend Hea supi \u00fcrdisool 250g - Tamme talu \u00fcrdiaed","isPartOf":{"@id":"https:\/\/tammetalu.eu\/#website"},"primaryImageOfPage":{"@id":"https:\/\/tammetalu.eu\/toode\/taitepakend-hea-supi-urdisool-250g\/#primaryimage"},"image":{"@id":"https:\/\/tammetalu.eu\/toode\/taitepakend-hea-supi-urdisool-250g\/#primaryimage"},"thumbnailUrl":"https:\/\/tammetalu.eu\/wp-content\/uploads\/2024\/07\/Hea_supi_urdisool_taitepakend_Tamme_talu_urdiaed.jpg","datePublished":"2024-07-08T09:49:15+00:00","dateModified":"2024-11-10T00:39:45+00:00","description":"Hea supi \u00fcrdisool on n\u00fc\u00fcd saadaval ka t\u00e4itepakendis. Hoia keskkonda ja v\u00e4henda pakendikulu. Telli mugavalt Tamme talu e-poest!","breadcrumb":{"@id":"https:\/\/tammetalu.eu\/toode\/taitepakend-hea-supi-urdisool-250g\/#breadcrumb"},"inLanguage":"ru-RU","potentialAction":[{"@type":"ReadAction","target":["https:\/\/tammetalu.eu\/toode\/taitepakend-hea-supi-urdisool-250g\/"]}]},{"@type":"ImageObject","inLanguage":"ru-RU","@id":"https:\/\/tammetalu.eu\/toode\/taitepakend-hea-supi-urdisool-250g\/#primaryimage","url":"https:\/\/tammetalu.eu\/wp-content\/uploads\/2024\/07\/Hea_supi_urdisool_taitepakend_Tamme_talu_urdiaed.jpg","contentUrl":"https:\/\/tammetalu.eu\/wp-content\/uploads\/2024\/07\/Hea_supi_urdisool_taitepakend_Tamme_talu_urdiaed.jpg","width":1024,"height":1365,"caption":"Hea_supi_urdisool_taitepakend_Tamme_talu_urdiaed"},{"@type":"BreadcrumbList","@id":"https:\/\/tammetalu.eu\/toode\/taitepakend-hea-supi-urdisool-250g\/#breadcrumb","itemListElement":[{"@type":"ListItem","position":1,"name":"Home","item":"https:\/\/tammetalu.eu\/ru\/esileht-rus\/"},{"@type":"ListItem","position":2,"name":"\u041c\u0430\u0433\u0430\u0437\u0438\u043d","item":"https:\/\/tammetalu.eu\/ru\/%d0%bc%d0%b0%d0%b3%d0%b0%d0%b7%d0%b8%d0%bd\/"},{"@type":"ListItem","position":3,"name":"T\u00e4itepakend Hea supi \u00fcrdisool 250g"}]},{"@type":"WebSite","@id":"https:\/\/tammetalu.eu\/#website","url":"https:\/\/tammetalu.eu\/","name":"Tamme talu \u00fcrdiaed","description":"K\u00e4sit\u00f6\u00f6na valmistatud tooted \u00fcrtidest, \u00fcrdiistikud, \u00fcrtide kollektsioonaed","publisher":{"@id":"https:\/\/tammetalu.eu\/#organization"},"alternateName":"Tamme talu","potentialAction":[{"@type":"SearchAction","target":{"@type":"EntryPoint","urlTemplate":"https:\/\/tammetalu.eu\/?s={search_term_string}"},"query-input":{"@type":"PropertyValueSpecification","valueRequired":true,"valueName":"search_term_string"}}],"inLanguage":"ru-RU"},{"@type":"Organization","@id":"https:\/\/tammetalu.eu\/#organization","name":"Tamme talu \u00fcrdiaed","alternateName":"Tamme talu","url":"https:\/\/tammetalu.eu\/","logo":{"@type":"ImageObject","inLanguage":"ru-RU","@id":"https:\/\/tammetalu.eu\/#\/schema\/logo\/image\/","url":"https:\/\/tammetalu.eu\/wp-content\/uploads\/2025\/01\/Tamme_talu_urdiaed.png","contentUrl":"https:\/\/tammetalu.eu\/wp-content\/uploads\/2025\/01\/Tamme_talu_urdiaed.png","width":560,"height":560,"caption":"Tamme talu \u00fcrdiaed"},"image":{"@id":"https:\/\/tammetalu.eu\/#\/schema\/logo\/image\/"},"sameAs":["https:\/\/www.facebook.com\/TammeTaluUrdiaed\/?locale=et_EE","https:\/\/www.instagram.com\/tammetaluurdiaed\/"]}]}},"_links":{"self":[{"href":"https:\/\/tammetalu.eu\/ru\/wp-json\/wp\/v2\/product\/21599","targetHints":{"allow":["GET"]}}],"collection":[{"href":"https:\/\/tammetalu.eu\/ru\/wp-json\/wp\/v2\/product"}],"about":[{"href":"https:\/\/tammetalu.eu\/ru\/wp-json\/wp\/v2\/types\/product"}],"wp:featuredmedia":[{"embeddable":true,"href":"https:\/\/tammetalu.eu\/ru\/wp-json\/wp\/v2\/media\/21600"}],"wp:attachment":[{"href":"https:\/\/tammetalu.eu\/ru\/wp-json\/wp\/v2\/media?parent=21599"}],"wp:term":[{"taxonomy":"product_brand","embeddable":true,"href":"https:\/\/tammetalu.eu\/ru\/wp-json\/wp\/v2\/product_brand?post=21599"},{"taxonomy":"product_cat","embeddable":true,"href":"https:\/\/tammetalu.eu\/ru\/wp-json\/wp\/v2\/product_cat?post=21599"},{"taxonomy":"product_tag","embeddable":true,"href":"https:\/\/tammetalu.eu\/ru\/wp-json\/wp\/v2\/product_tag?post=21599"}],"curies":[{"name":"wp","href":"https:\/\/api.w.org\/{rel}","templated":true}]}}