{"id":22990,"date":"2025-02-06T16:53:54","date_gmt":"2025-02-06T14:53:54","guid":{"rendered":"https:\/\/tammetalu.eu\/?post_type=product&#038;p=22990"},"modified":"2026-03-12T10:26:15","modified_gmt":"2026-03-12T08:26:15","slug":"aedmonarda-monarda-didyma-snow-queen","status":"publish","type":"product","link":"https:\/\/tammetalu.eu\/ru\/toode\/aedmonarda-monarda-didyma-snow-queen\/","title":{"rendered":"Aedmonarda Monarda didyma &#171;Snow Queen&#187;"},"content":{"rendered":"","protected":false},"excerpt":{"rendered":"<p>Aedmonarda <em>Monarda didyma<\/em> \u201cSnow Queen&#187;<\/p>\n<p>LAT: \u00a0<em>Monarda didyma \u201c<\/em>Snow Queen&#187;<\/p>\n<p>ENG: \u00a0Bee Balm Bergamot \u201cSnow Queen&#187;<\/p>\n<p>RU: \u00a0C\u0434\u0432\u043e\u0435\u043d\u043d\u0430\u044f \u043c\u043e\u043d\u0430\u0440\u0434\u0430 &#171;Snow Queen\u201d<\/p>\n<p>FI: \u00a0Punav\u00e4riminttu \u201cSnow Queen&#187;<\/p>\n<p>Monardadel harvaesinevate valgete \u00f5ite ja helerohelise lehestikuga aedmonarda k\u00f5rge kasvuga sort. \u00a0On suhteliselt vastupidav ebajahukastele. Taime \u00f5ied ja lehed levitavad puudutamisel meeldivalt v\u00fcrtsikat sidruni aroomi. Kasvuks vajab vett l\u00e4bilaskvat parasniisket viljakat mulda ja p\u00e4ikeselist kuni poolvarjulist kasvukohta. Monardad on t\u00e4iesti talvekindlad, kuid \u00fcle kolme-nelja aasta vajavad uuendamist puhmiku jagamise teel. Monardad on \u00f5itsemise ajal liblikate ja mesilaste lemmikud. \u00d5itsevad juulist kuni septembrini.<\/p>\n<p>Monardade lehti ja \u00f5isi v\u00f5ib kasutada k\u00f6\u00f6gis nii kuivatatuna kui v\u00e4rskelt. Lehed lisavad meeldivat v\u00fcrtsikust salatitele ja aedviljaroogadele. Maitse sobib kokku veel sea- ja linnulihast roogadega.<\/p>\n<p>Monardade \u00f5itest ja lehtedest valmistatud teed kasutatakse rahvameditsiinis k\u00f6ha ja k\u00fclmetuse puhul ja kui \u00f5htuse l\u00f5\u00f5gastava \u00a0enne und joogina.<\/p>\n<p>K\u00f5rgus: kuni 0,8 m<\/p>\n<p>\u00d5itsemise aeg: VII-IX<\/p>\n<p>Talvekindlus: Talvekindel<\/p>\n<p>Poti suurus: 9-12<\/p>\n<p>&nbsp;<\/p>\n","protected":false},"featured_media":22991,"template":"","meta":{"_acf_changed":false,"_et_pb_use_builder":"","_et_pb_old_content":"","_et_gb_content_width":"","inline_featured_image":false},"product_brand":[],"product_cat":[186,195],"product_tag":[],"class_list":{"0":"post-22990","1":"product","2":"type-product","3":"status-publish","4":"has-post-thumbnail","6":"product_cat-maitse-ja-ravimtaimede-istikud","7":"product_cat-monardad","9":"first","10":"instock","11":"sale","12":"taxable","13":"shipping-taxable","14":"purchasable","15":"product-type-simple"},"acf":[],"yoast_head":"<!-- This site is optimized with the Yoast SEO plugin v26.4 - https:\/\/yoast.com\/wordpress\/plugins\/seo\/ -->\n<title>Aedmonarda Monarda didyma &quot;Snow Queen&quot; - Tamme talu \u00fcrdiaed<\/title>\n<meta name=\"robots\" content=\"index, follow, max-snippet:-1, max-image-preview:large, max-video-preview:-1\" \/>\n<link rel=\"canonical\" href=\"https:\/\/tammetalu.eu\/toode\/aedmonarda-monarda-didyma-snow-queen\/\" \/>\n<meta property=\"og:locale\" content=\"ru_RU\" \/>\n<meta property=\"og:type\" content=\"article\" \/>\n<meta property=\"og:title\" content=\"Aedmonarda Monarda didyma &quot;Snow Queen&quot; - Tamme talu \u00fcrdiaed\" \/>\n<meta property=\"og:description\" content=\"Aedmonarda Monarda didyma \u201cSnow Queen&quot;  LAT: \u00a0Monarda didyma \u201cSnow Queen&quot;  ENG: \u00a0Bee Balm Bergamot \u201cSnow Queen&quot;  RU: \u00a0C\u0434\u0432\u043e\u0435\u043d\u043d\u0430\u044f \u043c\u043e\u043d\u0430\u0440\u0434\u0430 &quot;Snow Queen\u201d  FI: \u00a0Punav\u00e4riminttu \u201cSnow Queen&quot;  Monardadel harvaesinevate valgete \u00f5ite ja helerohelise lehestikuga aedmonarda k\u00f5rge kasvuga sort. \u00a0On suhteliselt vastupidav ebajahukastele. Taime \u00f5ied ja lehed levitavad puudutamisel meeldivalt v\u00fcrtsikat sidruni aroomi. Kasvuks vajab vett l\u00e4bilaskvat parasniisket viljakat mulda ja p\u00e4ikeselist kuni poolvarjulist kasvukohta. Monardad on t\u00e4iesti talvekindlad, kuid \u00fcle kolme-nelja aasta vajavad uuendamist puhmiku jagamise teel. Monardad on \u00f5itsemise ajal liblikate ja mesilaste lemmikud. \u00d5itsevad juulist kuni septembrini.  Monardade lehti ja \u00f5isi v\u00f5ib kasutada k\u00f6\u00f6gis nii kuivatatuna kui v\u00e4rskelt. Lehed lisavad meeldivat v\u00fcrtsikust salatitele ja aedviljaroogadele. Maitse sobib kokku veel sea- ja linnulihast roogadega.  Monardade \u00f5itest ja lehtedest valmistatud teed kasutatakse rahvameditsiinis k\u00f6ha ja k\u00fclmetuse puhul ja kui \u00f5htuse l\u00f5\u00f5gastava \u00a0enne und joogina.  K\u00f5rgus: kuni 0,8 m  \u00d5itsemise aeg: VII-IX  Talvekindlus: Talvekindel  Poti suurus: 9-12  &nbsp;\" \/>\n<meta property=\"og:url\" content=\"https:\/\/tammetalu.eu\/toode\/aedmonarda-monarda-didyma-snow-queen\/\" \/>\n<meta property=\"og:site_name\" content=\"Tamme talu \u00fcrdiaed\" \/>\n<meta property=\"article:publisher\" content=\"https:\/\/www.facebook.com\/TammeTaluUrdiaed\/?locale=et_EE\" \/>\n<meta property=\"article:modified_time\" content=\"2026-03-12T08:26:15+00:00\" \/>\n<meta property=\"og:image\" content=\"https:\/\/tammetalu.eu\/wp-content\/uploads\/2025\/01\/Aedmonarda_Monarda_didyma_Snow_Queen_tamme_talu_urdiaed.jpg\" \/>\n\t<meta property=\"og:image:width\" content=\"372\" \/>\n\t<meta property=\"og:image:height\" content=\"496\" \/>\n\t<meta property=\"og:image:type\" content=\"image\/jpeg\" \/>\n<meta name=\"twitter:card\" content=\"summary_large_image\" \/>\n<meta name=\"twitter:label1\" content=\"\u041f\u0440\u0438\u043c\u0435\u0440\u043d\u043e\u0435 \u0432\u0440\u0435\u043c\u044f \u0434\u043b\u044f \u0447\u0442\u0435\u043d\u0438\u044f\" \/>\n\t<meta name=\"twitter:data1\" content=\"1 \u043c\u0438\u043d\u0443\u0442\u0430\" \/>\n<script type=\"application\/ld+json\" class=\"yoast-schema-graph\">{\"@context\":\"https:\/\/schema.org\",\"@graph\":[{\"@type\":\"WebPage\",\"@id\":\"https:\/\/tammetalu.eu\/toode\/aedmonarda-monarda-didyma-snow-queen\/\",\"url\":\"https:\/\/tammetalu.eu\/toode\/aedmonarda-monarda-didyma-snow-queen\/\",\"name\":\"Aedmonarda Monarda didyma \\\"Snow Queen\\\" - Tamme talu \u00fcrdiaed\",\"isPartOf\":{\"@id\":\"https:\/\/tammetalu.eu\/#website\"},\"primaryImageOfPage\":{\"@id\":\"https:\/\/tammetalu.eu\/toode\/aedmonarda-monarda-didyma-snow-queen\/#primaryimage\"},\"image\":{\"@id\":\"https:\/\/tammetalu.eu\/toode\/aedmonarda-monarda-didyma-snow-queen\/#primaryimage\"},\"thumbnailUrl\":\"https:\/\/tammetalu.eu\/wp-content\/uploads\/2025\/01\/Aedmonarda_Monarda_didyma_Snow_Queen_tamme_talu_urdiaed.jpg\",\"datePublished\":\"2025-02-06T14:53:54+00:00\",\"dateModified\":\"2026-03-12T08:26:15+00:00\",\"breadcrumb\":{\"@id\":\"https:\/\/tammetalu.eu\/toode\/aedmonarda-monarda-didyma-snow-queen\/#breadcrumb\"},\"inLanguage\":\"ru-RU\",\"potentialAction\":[{\"@type\":\"ReadAction\",\"target\":[\"https:\/\/tammetalu.eu\/toode\/aedmonarda-monarda-didyma-snow-queen\/\"]}]},{\"@type\":\"ImageObject\",\"inLanguage\":\"ru-RU\",\"@id\":\"https:\/\/tammetalu.eu\/toode\/aedmonarda-monarda-didyma-snow-queen\/#primaryimage\",\"url\":\"https:\/\/tammetalu.eu\/wp-content\/uploads\/2025\/01\/Aedmonarda_Monarda_didyma_Snow_Queen_tamme_talu_urdiaed.jpg\",\"contentUrl\":\"https:\/\/tammetalu.eu\/wp-content\/uploads\/2025\/01\/Aedmonarda_Monarda_didyma_Snow_Queen_tamme_talu_urdiaed.jpg\",\"width\":372,\"height\":496,\"caption\":\"Aedmonarda_Monarda_didyma_Snow_Queen_tamme_talu_urdiaed\"},{\"@type\":\"BreadcrumbList\",\"@id\":\"https:\/\/tammetalu.eu\/toode\/aedmonarda-monarda-didyma-snow-queen\/#breadcrumb\",\"itemListElement\":[{\"@type\":\"ListItem\",\"position\":1,\"name\":\"Home\",\"item\":\"https:\/\/tammetalu.eu\/ru\/esileht-rus\/\"},{\"@type\":\"ListItem\",\"position\":2,\"name\":\"\u041c\u0430\u0433\u0430\u0437\u0438\u043d\",\"item\":\"https:\/\/tammetalu.eu\/ru\/%d0%bc%d0%b0%d0%b3%d0%b0%d0%b7%d0%b8%d0%bd\/\"},{\"@type\":\"ListItem\",\"position\":3,\"name\":\"Aedmonarda Monarda didyma &#8220;Snow Queen&#8221;\"}]},{\"@type\":\"WebSite\",\"@id\":\"https:\/\/tammetalu.eu\/#website\",\"url\":\"https:\/\/tammetalu.eu\/\",\"name\":\"Tamme talu \u00fcrdiaed\",\"description\":\"K\u00e4sit\u00f6\u00f6na valmistatud tooted \u00fcrtidest, \u00fcrdiistikud, \u00fcrtide kollektsioonaed\",\"publisher\":{\"@id\":\"https:\/\/tammetalu.eu\/#organization\"},\"alternateName\":\"Tamme talu\",\"potentialAction\":[{\"@type\":\"SearchAction\",\"target\":{\"@type\":\"EntryPoint\",\"urlTemplate\":\"https:\/\/tammetalu.eu\/?s={search_term_string}\"},\"query-input\":{\"@type\":\"PropertyValueSpecification\",\"valueRequired\":true,\"valueName\":\"search_term_string\"}}],\"inLanguage\":\"ru-RU\"},{\"@type\":\"Organization\",\"@id\":\"https:\/\/tammetalu.eu\/#organization\",\"name\":\"Tamme talu \u00fcrdiaed\",\"alternateName\":\"Tamme talu\",\"url\":\"https:\/\/tammetalu.eu\/\",\"logo\":{\"@type\":\"ImageObject\",\"inLanguage\":\"ru-RU\",\"@id\":\"https:\/\/tammetalu.eu\/#\/schema\/logo\/image\/\",\"url\":\"https:\/\/tammetalu.eu\/wp-content\/uploads\/2025\/01\/Tamme_talu_urdiaed.png\",\"contentUrl\":\"https:\/\/tammetalu.eu\/wp-content\/uploads\/2025\/01\/Tamme_talu_urdiaed.png\",\"width\":560,\"height\":560,\"caption\":\"Tamme talu \u00fcrdiaed\"},\"image\":{\"@id\":\"https:\/\/tammetalu.eu\/#\/schema\/logo\/image\/\"},\"sameAs\":[\"https:\/\/www.facebook.com\/TammeTaluUrdiaed\/?locale=et_EE\",\"https:\/\/www.instagram.com\/tammetaluurdiaed\/\"]}]}<\/script>\n<!-- \/ Yoast SEO plugin. -->","yoast_head_json":{"title":"Aedmonarda Monarda didyma \"Snow Queen\" - Tamme talu \u00fcrdiaed","robots":{"index":"index","follow":"follow","max-snippet":"max-snippet:-1","max-image-preview":"max-image-preview:large","max-video-preview":"max-video-preview:-1"},"canonical":"https:\/\/tammetalu.eu\/toode\/aedmonarda-monarda-didyma-snow-queen\/","og_locale":"ru_RU","og_type":"article","og_title":"Aedmonarda Monarda didyma \"Snow Queen\" - Tamme talu \u00fcrdiaed","og_description":"Aedmonarda Monarda didyma \u201cSnow Queen\"  LAT: \u00a0Monarda didyma \u201cSnow Queen\"  ENG: \u00a0Bee Balm Bergamot \u201cSnow Queen\"  RU: \u00a0C\u0434\u0432\u043e\u0435\u043d\u043d\u0430\u044f \u043c\u043e\u043d\u0430\u0440\u0434\u0430 \"Snow Queen\u201d  FI: \u00a0Punav\u00e4riminttu \u201cSnow Queen\"  Monardadel harvaesinevate valgete \u00f5ite ja helerohelise lehestikuga aedmonarda k\u00f5rge kasvuga sort. \u00a0On suhteliselt vastupidav ebajahukastele. Taime \u00f5ied ja lehed levitavad puudutamisel meeldivalt v\u00fcrtsikat sidruni aroomi. Kasvuks vajab vett l\u00e4bilaskvat parasniisket viljakat mulda ja p\u00e4ikeselist kuni poolvarjulist kasvukohta. Monardad on t\u00e4iesti talvekindlad, kuid \u00fcle kolme-nelja aasta vajavad uuendamist puhmiku jagamise teel. Monardad on \u00f5itsemise ajal liblikate ja mesilaste lemmikud. \u00d5itsevad juulist kuni septembrini.  Monardade lehti ja \u00f5isi v\u00f5ib kasutada k\u00f6\u00f6gis nii kuivatatuna kui v\u00e4rskelt. Lehed lisavad meeldivat v\u00fcrtsikust salatitele ja aedviljaroogadele. Maitse sobib kokku veel sea- ja linnulihast roogadega.  Monardade \u00f5itest ja lehtedest valmistatud teed kasutatakse rahvameditsiinis k\u00f6ha ja k\u00fclmetuse puhul ja kui \u00f5htuse l\u00f5\u00f5gastava \u00a0enne und joogina.  K\u00f5rgus: kuni 0,8 m  \u00d5itsemise aeg: VII-IX  Talvekindlus: Talvekindel  Poti suurus: 9-12  &nbsp;","og_url":"https:\/\/tammetalu.eu\/toode\/aedmonarda-monarda-didyma-snow-queen\/","og_site_name":"Tamme talu \u00fcrdiaed","article_publisher":"https:\/\/www.facebook.com\/TammeTaluUrdiaed\/?locale=et_EE","article_modified_time":"2026-03-12T08:26:15+00:00","og_image":[{"width":372,"height":496,"url":"https:\/\/tammetalu.eu\/wp-content\/uploads\/2025\/01\/Aedmonarda_Monarda_didyma_Snow_Queen_tamme_talu_urdiaed.jpg","type":"image\/jpeg"}],"twitter_card":"summary_large_image","twitter_misc":{"\u041f\u0440\u0438\u043c\u0435\u0440\u043d\u043e\u0435 \u0432\u0440\u0435\u043c\u044f \u0434\u043b\u044f \u0447\u0442\u0435\u043d\u0438\u044f":"1 \u043c\u0438\u043d\u0443\u0442\u0430"},"schema":{"@context":"https:\/\/schema.org","@graph":[{"@type":"WebPage","@id":"https:\/\/tammetalu.eu\/toode\/aedmonarda-monarda-didyma-snow-queen\/","url":"https:\/\/tammetalu.eu\/toode\/aedmonarda-monarda-didyma-snow-queen\/","name":"Aedmonarda Monarda didyma \"Snow Queen\" - Tamme talu \u00fcrdiaed","isPartOf":{"@id":"https:\/\/tammetalu.eu\/#website"},"primaryImageOfPage":{"@id":"https:\/\/tammetalu.eu\/toode\/aedmonarda-monarda-didyma-snow-queen\/#primaryimage"},"image":{"@id":"https:\/\/tammetalu.eu\/toode\/aedmonarda-monarda-didyma-snow-queen\/#primaryimage"},"thumbnailUrl":"https:\/\/tammetalu.eu\/wp-content\/uploads\/2025\/01\/Aedmonarda_Monarda_didyma_Snow_Queen_tamme_talu_urdiaed.jpg","datePublished":"2025-02-06T14:53:54+00:00","dateModified":"2026-03-12T08:26:15+00:00","breadcrumb":{"@id":"https:\/\/tammetalu.eu\/toode\/aedmonarda-monarda-didyma-snow-queen\/#breadcrumb"},"inLanguage":"ru-RU","potentialAction":[{"@type":"ReadAction","target":["https:\/\/tammetalu.eu\/toode\/aedmonarda-monarda-didyma-snow-queen\/"]}]},{"@type":"ImageObject","inLanguage":"ru-RU","@id":"https:\/\/tammetalu.eu\/toode\/aedmonarda-monarda-didyma-snow-queen\/#primaryimage","url":"https:\/\/tammetalu.eu\/wp-content\/uploads\/2025\/01\/Aedmonarda_Monarda_didyma_Snow_Queen_tamme_talu_urdiaed.jpg","contentUrl":"https:\/\/tammetalu.eu\/wp-content\/uploads\/2025\/01\/Aedmonarda_Monarda_didyma_Snow_Queen_tamme_talu_urdiaed.jpg","width":372,"height":496,"caption":"Aedmonarda_Monarda_didyma_Snow_Queen_tamme_talu_urdiaed"},{"@type":"BreadcrumbList","@id":"https:\/\/tammetalu.eu\/toode\/aedmonarda-monarda-didyma-snow-queen\/#breadcrumb","itemListElement":[{"@type":"ListItem","position":1,"name":"Home","item":"https:\/\/tammetalu.eu\/ru\/esileht-rus\/"},{"@type":"ListItem","position":2,"name":"\u041c\u0430\u0433\u0430\u0437\u0438\u043d","item":"https:\/\/tammetalu.eu\/ru\/%d0%bc%d0%b0%d0%b3%d0%b0%d0%b7%d0%b8%d0%bd\/"},{"@type":"ListItem","position":3,"name":"Aedmonarda Monarda didyma &#8220;Snow Queen&#8221;"}]},{"@type":"WebSite","@id":"https:\/\/tammetalu.eu\/#website","url":"https:\/\/tammetalu.eu\/","name":"Tamme talu \u00fcrdiaed","description":"K\u00e4sit\u00f6\u00f6na valmistatud tooted \u00fcrtidest, \u00fcrdiistikud, \u00fcrtide kollektsioonaed","publisher":{"@id":"https:\/\/tammetalu.eu\/#organization"},"alternateName":"Tamme talu","potentialAction":[{"@type":"SearchAction","target":{"@type":"EntryPoint","urlTemplate":"https:\/\/tammetalu.eu\/?s={search_term_string}"},"query-input":{"@type":"PropertyValueSpecification","valueRequired":true,"valueName":"search_term_string"}}],"inLanguage":"ru-RU"},{"@type":"Organization","@id":"https:\/\/tammetalu.eu\/#organization","name":"Tamme talu \u00fcrdiaed","alternateName":"Tamme talu","url":"https:\/\/tammetalu.eu\/","logo":{"@type":"ImageObject","inLanguage":"ru-RU","@id":"https:\/\/tammetalu.eu\/#\/schema\/logo\/image\/","url":"https:\/\/tammetalu.eu\/wp-content\/uploads\/2025\/01\/Tamme_talu_urdiaed.png","contentUrl":"https:\/\/tammetalu.eu\/wp-content\/uploads\/2025\/01\/Tamme_talu_urdiaed.png","width":560,"height":560,"caption":"Tamme talu \u00fcrdiaed"},"image":{"@id":"https:\/\/tammetalu.eu\/#\/schema\/logo\/image\/"},"sameAs":["https:\/\/www.facebook.com\/TammeTaluUrdiaed\/?locale=et_EE","https:\/\/www.instagram.com\/tammetaluurdiaed\/"]}]}},"_links":{"self":[{"href":"https:\/\/tammetalu.eu\/ru\/wp-json\/wp\/v2\/product\/22990","targetHints":{"allow":["GET"]}}],"collection":[{"href":"https:\/\/tammetalu.eu\/ru\/wp-json\/wp\/v2\/product"}],"about":[{"href":"https:\/\/tammetalu.eu\/ru\/wp-json\/wp\/v2\/types\/product"}],"wp:featuredmedia":[{"embeddable":true,"href":"https:\/\/tammetalu.eu\/ru\/wp-json\/wp\/v2\/media\/22991"}],"wp:attachment":[{"href":"https:\/\/tammetalu.eu\/ru\/wp-json\/wp\/v2\/media?parent=22990"}],"wp:term":[{"taxonomy":"product_brand","embeddable":true,"href":"https:\/\/tammetalu.eu\/ru\/wp-json\/wp\/v2\/product_brand?post=22990"},{"taxonomy":"product_cat","embeddable":true,"href":"https:\/\/tammetalu.eu\/ru\/wp-json\/wp\/v2\/product_cat?post=22990"},{"taxonomy":"product_tag","embeddable":true,"href":"https:\/\/tammetalu.eu\/ru\/wp-json\/wp\/v2\/product_tag?post=22990"}],"curies":[{"name":"wp","href":"https:\/\/api.w.org\/{rel}","templated":true}]}}