{"id":23054,"date":"2025-01-29T15:32:11","date_gmt":"2025-01-29T13:32:11","guid":{"rendered":"https:\/\/tammetalu.eu\/?post_type=product&#038;p=23054"},"modified":"2026-03-23T22:40:47","modified_gmt":"2026-03-23T20:40:47","slug":"valgeoieline-puju-artemisia-lactiflora","status":"publish","type":"product","link":"https:\/\/tammetalu.eu\/ru\/toode\/valgeoieline-puju-artemisia-lactiflora\/","title":{"rendered":"Valge\u00f5ieline puju Artemisia lactiflora"},"content":{"rendered":"","protected":false},"excerpt":{"rendered":"<p>LAT: <em>Artemisia lactiflora<\/em><\/p>\n<p>ENG: White mugworth<\/p>\n<p>RU: \u041f\u043e\u043b\u044b\u043d\u044c \u043c\u043e\u043b\u043e\u0447\u043d\u043e\u0446\u0432\u0435\u0442\u043a\u043e\u0432\u0430\u044f<\/p>\n<p>FI: Kiinanmaruna<\/p>\n<p>V\u00e4limuselt erineb teistest pujudest oma kauni v\u00e4limuse poolest. Taimel\u00a0 on kreemikasvalged \u00f5isikud tumerohelised aromaatselt l\u00f5hnavad lehed ja pruunikaspunased varred. J\u00f5ulise kasvuga p\u00fcsik, mis sarnaneb oma v\u00e4limuselt astilbedele. Sobib h\u00e4sti k\u00f5rgemate p\u00fcsililledega peenrasse.<\/p>\n<p>Kasvamiseks sobib keskmise viljakusega parasniiske kuni niiske muld ja poolvarjuline kuni p\u00e4ikeseline kasvukoht.<\/p>\n<p>Lehti keedetakse ja s\u00fc\u00fcakse k\u00f6\u00f6giviljana erinevates kalaroogades, et varjata kalal\u00f5hna.<\/p>\n<p>Valge\u00f5ieline puju on aromaatne, maitselt m\u00f5ru toniseeriv \u00fcrt. Lehti ja \u00f5isikuid kasutatakse seespidiselt traditsioonilises hiina meditsiinis menstruaalts\u00fckli ja maksah\u00e4irete raviks.<\/p>\n<p>K\u00f5rgus: kuni 1,5 m<\/p>\n<p>Laius: kuni 0,9 m<\/p>\n<p>\u00d5itsemise aeg: VII-IX<\/p>\n<p>Talvekindlus: V\u00e4ga hea<\/p>\n<p>Poti suurus: 9-12<\/p>\n","protected":false},"featured_media":23055,"template":"","meta":{"_acf_changed":false,"_et_pb_use_builder":"","_et_pb_old_content":"","_et_gb_content_width":"","inline_featured_image":false},"product_brand":[],"product_cat":[186,200],"product_tag":[],"class_list":{"0":"post-23054","1":"product","2":"type-product","3":"status-publish","4":"has-post-thumbnail","6":"product_cat-maitse-ja-ravimtaimede-istikud","7":"product_cat-muud-maitsetaimed","9":"first","10":"instock","11":"sale","12":"taxable","13":"shipping-taxable","14":"purchasable","15":"product-type-simple"},"acf":[],"yoast_head":"<!-- This site is optimized with the Yoast SEO plugin v26.4 - https:\/\/yoast.com\/wordpress\/plugins\/seo\/ -->\n<title>Valge\u00f5ieline puju Artemisia lactiflora - Tamme talu \u00fcrdiaed<\/title>\n<meta name=\"robots\" content=\"index, follow, max-snippet:-1, max-image-preview:large, max-video-preview:-1\" \/>\n<link rel=\"canonical\" href=\"https:\/\/tammetalu.eu\/toode\/valgeoieline-puju-artemisia-lactiflora\/\" \/>\n<meta property=\"og:locale\" content=\"ru_RU\" \/>\n<meta property=\"og:type\" content=\"article\" \/>\n<meta property=\"og:title\" content=\"Valge\u00f5ieline puju Artemisia lactiflora - Tamme talu \u00fcrdiaed\" \/>\n<meta property=\"og:description\" content=\"LAT: Artemisia lactiflora  ENG: White mugworth  RU: \u041f\u043e\u043b\u044b\u043d\u044c \u043c\u043e\u043b\u043e\u0447\u043d\u043e\u0446\u0432\u0435\u0442\u043a\u043e\u0432\u0430\u044f  FI: Kiinanmaruna  V\u00e4limuselt erineb teistest pujudest oma kauni v\u00e4limuse poolest. Taimel\u00a0 on kreemikasvalged \u00f5isikud tumerohelised aromaatselt l\u00f5hnavad lehed ja pruunikaspunased varred. J\u00f5ulise kasvuga p\u00fcsik, mis sarnaneb oma v\u00e4limuselt astilbedele. Sobib h\u00e4sti k\u00f5rgemate p\u00fcsililledega peenrasse.  Kasvamiseks sobib keskmise viljakusega parasniiske kuni niiske muld ja poolvarjuline kuni p\u00e4ikeseline kasvukoht.  Lehti keedetakse ja s\u00fc\u00fcakse k\u00f6\u00f6giviljana erinevates kalaroogades, et varjata kalal\u00f5hna.  Valge\u00f5ieline puju on aromaatne, maitselt m\u00f5ru toniseeriv \u00fcrt. Lehti ja \u00f5isikuid kasutatakse seespidiselt traditsioonilises hiina meditsiinis menstruaalts\u00fckli ja maksah\u00e4irete raviks.  K\u00f5rgus: kuni 1,5 m  Laius: kuni 0,9 m  \u00d5itsemise aeg: VII-IX  Talvekindlus: V\u00e4ga hea  Poti suurus: 9-12\" \/>\n<meta property=\"og:url\" content=\"https:\/\/tammetalu.eu\/toode\/valgeoieline-puju-artemisia-lactiflora\/\" \/>\n<meta property=\"og:site_name\" content=\"Tamme talu \u00fcrdiaed\" \/>\n<meta property=\"article:publisher\" content=\"https:\/\/www.facebook.com\/TammeTaluUrdiaed\/?locale=et_EE\" \/>\n<meta property=\"article:modified_time\" content=\"2026-03-23T20:40:47+00:00\" \/>\n<meta property=\"og:image\" content=\"https:\/\/tammetalu.eu\/wp-content\/uploads\/2025\/01\/Valgeoieline-puju-Artemisia-lactiflora-tamme-talu-urdiaed.jpg\" \/>\n\t<meta property=\"og:image:width\" content=\"400\" \/>\n\t<meta property=\"og:image:height\" content=\"400\" \/>\n\t<meta property=\"og:image:type\" content=\"image\/jpeg\" \/>\n<meta name=\"twitter:card\" content=\"summary_large_image\" \/>\n<meta name=\"twitter:label1\" content=\"\u041f\u0440\u0438\u043c\u0435\u0440\u043d\u043e\u0435 \u0432\u0440\u0435\u043c\u044f \u0434\u043b\u044f \u0447\u0442\u0435\u043d\u0438\u044f\" \/>\n\t<meta name=\"twitter:data1\" content=\"1 \u043c\u0438\u043d\u0443\u0442\u0430\" \/>\n<script type=\"application\/ld+json\" class=\"yoast-schema-graph\">{\"@context\":\"https:\/\/schema.org\",\"@graph\":[{\"@type\":\"WebPage\",\"@id\":\"https:\/\/tammetalu.eu\/toode\/valgeoieline-puju-artemisia-lactiflora\/\",\"url\":\"https:\/\/tammetalu.eu\/toode\/valgeoieline-puju-artemisia-lactiflora\/\",\"name\":\"Valge\u00f5ieline puju Artemisia lactiflora - Tamme talu \u00fcrdiaed\",\"isPartOf\":{\"@id\":\"https:\/\/tammetalu.eu\/#website\"},\"primaryImageOfPage\":{\"@id\":\"https:\/\/tammetalu.eu\/toode\/valgeoieline-puju-artemisia-lactiflora\/#primaryimage\"},\"image\":{\"@id\":\"https:\/\/tammetalu.eu\/toode\/valgeoieline-puju-artemisia-lactiflora\/#primaryimage\"},\"thumbnailUrl\":\"https:\/\/tammetalu.eu\/wp-content\/uploads\/2025\/01\/Valgeoieline-puju-Artemisia-lactiflora-tamme-talu-urdiaed.jpg\",\"datePublished\":\"2025-01-29T13:32:11+00:00\",\"dateModified\":\"2026-03-23T20:40:47+00:00\",\"breadcrumb\":{\"@id\":\"https:\/\/tammetalu.eu\/toode\/valgeoieline-puju-artemisia-lactiflora\/#breadcrumb\"},\"inLanguage\":\"ru-RU\",\"potentialAction\":[{\"@type\":\"ReadAction\",\"target\":[\"https:\/\/tammetalu.eu\/toode\/valgeoieline-puju-artemisia-lactiflora\/\"]}]},{\"@type\":\"ImageObject\",\"inLanguage\":\"ru-RU\",\"@id\":\"https:\/\/tammetalu.eu\/toode\/valgeoieline-puju-artemisia-lactiflora\/#primaryimage\",\"url\":\"https:\/\/tammetalu.eu\/wp-content\/uploads\/2025\/01\/Valgeoieline-puju-Artemisia-lactiflora-tamme-talu-urdiaed.jpg\",\"contentUrl\":\"https:\/\/tammetalu.eu\/wp-content\/uploads\/2025\/01\/Valgeoieline-puju-Artemisia-lactiflora-tamme-talu-urdiaed.jpg\",\"width\":400,\"height\":400,\"caption\":\"Valgeoieline-puju-Artemisia-lactiflora-tamme-talu-urdiaed\"},{\"@type\":\"BreadcrumbList\",\"@id\":\"https:\/\/tammetalu.eu\/toode\/valgeoieline-puju-artemisia-lactiflora\/#breadcrumb\",\"itemListElement\":[{\"@type\":\"ListItem\",\"position\":1,\"name\":\"Home\",\"item\":\"https:\/\/tammetalu.eu\/ru\/esileht-rus\/\"},{\"@type\":\"ListItem\",\"position\":2,\"name\":\"\u041c\u0430\u0433\u0430\u0437\u0438\u043d\",\"item\":\"https:\/\/tammetalu.eu\/ru\/%d0%bc%d0%b0%d0%b3%d0%b0%d0%b7%d0%b8%d0%bd\/\"},{\"@type\":\"ListItem\",\"position\":3,\"name\":\"Valge\u00f5ieline puju Artemisia lactiflora\"}]},{\"@type\":\"WebSite\",\"@id\":\"https:\/\/tammetalu.eu\/#website\",\"url\":\"https:\/\/tammetalu.eu\/\",\"name\":\"Tamme talu \u00fcrdiaed\",\"description\":\"K\u00e4sit\u00f6\u00f6na valmistatud tooted \u00fcrtidest, \u00fcrdiistikud, \u00fcrtide kollektsioonaed\",\"publisher\":{\"@id\":\"https:\/\/tammetalu.eu\/#organization\"},\"alternateName\":\"Tamme talu\",\"potentialAction\":[{\"@type\":\"SearchAction\",\"target\":{\"@type\":\"EntryPoint\",\"urlTemplate\":\"https:\/\/tammetalu.eu\/?s={search_term_string}\"},\"query-input\":{\"@type\":\"PropertyValueSpecification\",\"valueRequired\":true,\"valueName\":\"search_term_string\"}}],\"inLanguage\":\"ru-RU\"},{\"@type\":\"Organization\",\"@id\":\"https:\/\/tammetalu.eu\/#organization\",\"name\":\"Tamme talu \u00fcrdiaed\",\"alternateName\":\"Tamme talu\",\"url\":\"https:\/\/tammetalu.eu\/\",\"logo\":{\"@type\":\"ImageObject\",\"inLanguage\":\"ru-RU\",\"@id\":\"https:\/\/tammetalu.eu\/#\/schema\/logo\/image\/\",\"url\":\"https:\/\/tammetalu.eu\/wp-content\/uploads\/2025\/01\/Tamme_talu_urdiaed.png\",\"contentUrl\":\"https:\/\/tammetalu.eu\/wp-content\/uploads\/2025\/01\/Tamme_talu_urdiaed.png\",\"width\":560,\"height\":560,\"caption\":\"Tamme talu \u00fcrdiaed\"},\"image\":{\"@id\":\"https:\/\/tammetalu.eu\/#\/schema\/logo\/image\/\"},\"sameAs\":[\"https:\/\/www.facebook.com\/TammeTaluUrdiaed\/?locale=et_EE\",\"https:\/\/www.instagram.com\/tammetaluurdiaed\/\"]}]}<\/script>\n<!-- \/ Yoast SEO plugin. -->","yoast_head_json":{"title":"Valge\u00f5ieline puju Artemisia lactiflora - Tamme talu \u00fcrdiaed","robots":{"index":"index","follow":"follow","max-snippet":"max-snippet:-1","max-image-preview":"max-image-preview:large","max-video-preview":"max-video-preview:-1"},"canonical":"https:\/\/tammetalu.eu\/toode\/valgeoieline-puju-artemisia-lactiflora\/","og_locale":"ru_RU","og_type":"article","og_title":"Valge\u00f5ieline puju Artemisia lactiflora - Tamme talu \u00fcrdiaed","og_description":"LAT: Artemisia lactiflora  ENG: White mugworth  RU: \u041f\u043e\u043b\u044b\u043d\u044c \u043c\u043e\u043b\u043e\u0447\u043d\u043e\u0446\u0432\u0435\u0442\u043a\u043e\u0432\u0430\u044f  FI: Kiinanmaruna  V\u00e4limuselt erineb teistest pujudest oma kauni v\u00e4limuse poolest. Taimel\u00a0 on kreemikasvalged \u00f5isikud tumerohelised aromaatselt l\u00f5hnavad lehed ja pruunikaspunased varred. J\u00f5ulise kasvuga p\u00fcsik, mis sarnaneb oma v\u00e4limuselt astilbedele. Sobib h\u00e4sti k\u00f5rgemate p\u00fcsililledega peenrasse.  Kasvamiseks sobib keskmise viljakusega parasniiske kuni niiske muld ja poolvarjuline kuni p\u00e4ikeseline kasvukoht.  Lehti keedetakse ja s\u00fc\u00fcakse k\u00f6\u00f6giviljana erinevates kalaroogades, et varjata kalal\u00f5hna.  Valge\u00f5ieline puju on aromaatne, maitselt m\u00f5ru toniseeriv \u00fcrt. Lehti ja \u00f5isikuid kasutatakse seespidiselt traditsioonilises hiina meditsiinis menstruaalts\u00fckli ja maksah\u00e4irete raviks.  K\u00f5rgus: kuni 1,5 m  Laius: kuni 0,9 m  \u00d5itsemise aeg: VII-IX  Talvekindlus: V\u00e4ga hea  Poti suurus: 9-12","og_url":"https:\/\/tammetalu.eu\/toode\/valgeoieline-puju-artemisia-lactiflora\/","og_site_name":"Tamme talu \u00fcrdiaed","article_publisher":"https:\/\/www.facebook.com\/TammeTaluUrdiaed\/?locale=et_EE","article_modified_time":"2026-03-23T20:40:47+00:00","og_image":[{"width":400,"height":400,"url":"https:\/\/tammetalu.eu\/wp-content\/uploads\/2025\/01\/Valgeoieline-puju-Artemisia-lactiflora-tamme-talu-urdiaed.jpg","type":"image\/jpeg"}],"twitter_card":"summary_large_image","twitter_misc":{"\u041f\u0440\u0438\u043c\u0435\u0440\u043d\u043e\u0435 \u0432\u0440\u0435\u043c\u044f \u0434\u043b\u044f \u0447\u0442\u0435\u043d\u0438\u044f":"1 \u043c\u0438\u043d\u0443\u0442\u0430"},"schema":{"@context":"https:\/\/schema.org","@graph":[{"@type":"WebPage","@id":"https:\/\/tammetalu.eu\/toode\/valgeoieline-puju-artemisia-lactiflora\/","url":"https:\/\/tammetalu.eu\/toode\/valgeoieline-puju-artemisia-lactiflora\/","name":"Valge\u00f5ieline puju Artemisia lactiflora - Tamme talu \u00fcrdiaed","isPartOf":{"@id":"https:\/\/tammetalu.eu\/#website"},"primaryImageOfPage":{"@id":"https:\/\/tammetalu.eu\/toode\/valgeoieline-puju-artemisia-lactiflora\/#primaryimage"},"image":{"@id":"https:\/\/tammetalu.eu\/toode\/valgeoieline-puju-artemisia-lactiflora\/#primaryimage"},"thumbnailUrl":"https:\/\/tammetalu.eu\/wp-content\/uploads\/2025\/01\/Valgeoieline-puju-Artemisia-lactiflora-tamme-talu-urdiaed.jpg","datePublished":"2025-01-29T13:32:11+00:00","dateModified":"2026-03-23T20:40:47+00:00","breadcrumb":{"@id":"https:\/\/tammetalu.eu\/toode\/valgeoieline-puju-artemisia-lactiflora\/#breadcrumb"},"inLanguage":"ru-RU","potentialAction":[{"@type":"ReadAction","target":["https:\/\/tammetalu.eu\/toode\/valgeoieline-puju-artemisia-lactiflora\/"]}]},{"@type":"ImageObject","inLanguage":"ru-RU","@id":"https:\/\/tammetalu.eu\/toode\/valgeoieline-puju-artemisia-lactiflora\/#primaryimage","url":"https:\/\/tammetalu.eu\/wp-content\/uploads\/2025\/01\/Valgeoieline-puju-Artemisia-lactiflora-tamme-talu-urdiaed.jpg","contentUrl":"https:\/\/tammetalu.eu\/wp-content\/uploads\/2025\/01\/Valgeoieline-puju-Artemisia-lactiflora-tamme-talu-urdiaed.jpg","width":400,"height":400,"caption":"Valgeoieline-puju-Artemisia-lactiflora-tamme-talu-urdiaed"},{"@type":"BreadcrumbList","@id":"https:\/\/tammetalu.eu\/toode\/valgeoieline-puju-artemisia-lactiflora\/#breadcrumb","itemListElement":[{"@type":"ListItem","position":1,"name":"Home","item":"https:\/\/tammetalu.eu\/ru\/esileht-rus\/"},{"@type":"ListItem","position":2,"name":"\u041c\u0430\u0433\u0430\u0437\u0438\u043d","item":"https:\/\/tammetalu.eu\/ru\/%d0%bc%d0%b0%d0%b3%d0%b0%d0%b7%d0%b8%d0%bd\/"},{"@type":"ListItem","position":3,"name":"Valge\u00f5ieline puju Artemisia lactiflora"}]},{"@type":"WebSite","@id":"https:\/\/tammetalu.eu\/#website","url":"https:\/\/tammetalu.eu\/","name":"Tamme talu \u00fcrdiaed","description":"K\u00e4sit\u00f6\u00f6na valmistatud tooted \u00fcrtidest, \u00fcrdiistikud, \u00fcrtide kollektsioonaed","publisher":{"@id":"https:\/\/tammetalu.eu\/#organization"},"alternateName":"Tamme talu","potentialAction":[{"@type":"SearchAction","target":{"@type":"EntryPoint","urlTemplate":"https:\/\/tammetalu.eu\/?s={search_term_string}"},"query-input":{"@type":"PropertyValueSpecification","valueRequired":true,"valueName":"search_term_string"}}],"inLanguage":"ru-RU"},{"@type":"Organization","@id":"https:\/\/tammetalu.eu\/#organization","name":"Tamme talu \u00fcrdiaed","alternateName":"Tamme talu","url":"https:\/\/tammetalu.eu\/","logo":{"@type":"ImageObject","inLanguage":"ru-RU","@id":"https:\/\/tammetalu.eu\/#\/schema\/logo\/image\/","url":"https:\/\/tammetalu.eu\/wp-content\/uploads\/2025\/01\/Tamme_talu_urdiaed.png","contentUrl":"https:\/\/tammetalu.eu\/wp-content\/uploads\/2025\/01\/Tamme_talu_urdiaed.png","width":560,"height":560,"caption":"Tamme talu \u00fcrdiaed"},"image":{"@id":"https:\/\/tammetalu.eu\/#\/schema\/logo\/image\/"},"sameAs":["https:\/\/www.facebook.com\/TammeTaluUrdiaed\/?locale=et_EE","https:\/\/www.instagram.com\/tammetaluurdiaed\/"]}]}},"_links":{"self":[{"href":"https:\/\/tammetalu.eu\/ru\/wp-json\/wp\/v2\/product\/23054","targetHints":{"allow":["GET"]}}],"collection":[{"href":"https:\/\/tammetalu.eu\/ru\/wp-json\/wp\/v2\/product"}],"about":[{"href":"https:\/\/tammetalu.eu\/ru\/wp-json\/wp\/v2\/types\/product"}],"wp:featuredmedia":[{"embeddable":true,"href":"https:\/\/tammetalu.eu\/ru\/wp-json\/wp\/v2\/media\/23055"}],"wp:attachment":[{"href":"https:\/\/tammetalu.eu\/ru\/wp-json\/wp\/v2\/media?parent=23054"}],"wp:term":[{"taxonomy":"product_brand","embeddable":true,"href":"https:\/\/tammetalu.eu\/ru\/wp-json\/wp\/v2\/product_brand?post=23054"},{"taxonomy":"product_cat","embeddable":true,"href":"https:\/\/tammetalu.eu\/ru\/wp-json\/wp\/v2\/product_cat?post=23054"},{"taxonomy":"product_tag","embeddable":true,"href":"https:\/\/tammetalu.eu\/ru\/wp-json\/wp\/v2\/product_tag?post=23054"}],"curies":[{"name":"wp","href":"https:\/\/api.w.org\/{rel}","templated":true}]}}