{"id":23120,"date":"2025-02-04T15:47:20","date_gmt":"2025-02-04T13:47:20","guid":{"rendered":"https:\/\/tammetalu.eu\/?post_type=product&#038;p=23120"},"modified":"2026-05-04T08:49:23","modified_gmt":"2026-05-04T05:49:23","slug":"tanguutia-rabarber-rheum-palmatum-tanguticum","status":"publish","type":"product","link":"https:\/\/tammetalu.eu\/ru\/toode\/tanguutia-rabarber-rheum-palmatum-tanguticum\/","title":{"rendered":"Tanguutia rabarber Rheum palmatum var. tanguticum"},"content":{"rendered":"","protected":false},"excerpt":{"rendered":"<p>Tanguutia rabarber <em>Rheum palmatum var. tanguticum<\/em><\/p>\n<p>LAT: \u00a0<em>Rheum palmatum var. tanguticum<\/em><\/p>\n<p>ENG: \u00a0Chinese rhubarb<\/p>\n<p>RU: \u00a0\u0420\u0435\u0432\u0435\u043d\u044c \u0442\u0430\u043d\u0433\u0443\u0442\u0441\u043a\u0438\u0439<\/p>\n<p>FI: \u00a0Punakoristeraparperi<\/p>\n<p>Tanguutia rabarberil on suured h\u00f5lmised lehed ning korallpunased v\u00f5i valkjad \u00f5isikud, mis k\u00f5rguvad tugevakasvulistel sirgetel vartel. V\u00e4ga v\u00e4hen\u00f5udlik ja pikaealine aiataim, kui pakkuda kasvamiseks huumuserikast viljakat h\u00e4sti vett l\u00e4bi laskvat parasniisket mulda. Ei talu pikaajalist seisvat vett. Lumeta talvel v\u00f5ib vajada katet. Sobib soolotaimeks v\u00f5i teiste madalamate p\u00fcsikute vahele pilgup\u00fc\u00fcdjaks, kuna n\u00e4eb v\u00e4lja v\u00e4ga eksootiline.<\/p>\n<p>Kirjanduse andmetel on taime lehed m\u00fcrgised ja neid ei tohiks mitte mingilgi kujul toiduks tarvitada.<\/p>\n<p>Tanguutia rabarberi toime oleneb annuse suurusest. Suur annus on k\u00f5htu lahtistav ja v\u00e4ike annus k\u00f5htu kinnistav. Seet\u00f5ttu kasutatakse taime peamiselt kuivatatud juurepulbrit nii kroonilise k\u00f5hukinnisuse kui seedimist korrastava (lahtistava) vahendina. Tanguutia rabarberi vartest ja lehtedest valmistatud mahl ja kissell toimivad lahtistavalt.<\/p>\n<p>K\u00f5rgus: kuni 2 m<\/p>\n<p>\u00d5itsemise aeg: V-VII<\/p>\n<p>Talvekindlus: \u00a0Tavaliselt talvekindel<\/p>\n<p>Poti suurus: 11-12<\/p>\n","protected":false},"featured_media":23121,"template":"","meta":{"_acf_changed":false,"_et_pb_use_builder":"","_et_pb_old_content":"","_et_gb_content_width":"","inline_featured_image":false},"product_brand":[],"product_cat":[186,203],"product_tag":[],"class_list":{"0":"post-23120","1":"product","2":"type-product","3":"status-publish","4":"has-post-thumbnail","6":"product_cat-maitse-ja-ravimtaimede-istikud","7":"product_cat-ponevad-koogiviljad","9":"first","10":"instock","11":"taxable","12":"shipping-taxable","13":"purchasable","14":"product-type-simple"},"acf":[],"yoast_head":"<!-- This site is optimized with the Yoast SEO plugin v27.5 - https:\/\/yoast.com\/product\/yoast-seo-wordpress\/ -->\n<title>Tanguutia rabarber Rheum palmatum var. tanguticum - Tamme talu \u00fcrdiaed<\/title>\n<meta name=\"robots\" content=\"index, follow, max-snippet:-1, max-image-preview:large, max-video-preview:-1\" \/>\n<link rel=\"canonical\" href=\"https:\/\/tammetalu.eu\/toode\/tanguutia-rabarber-rheum-palmatum-tanguticum\/\" \/>\n<meta property=\"og:locale\" content=\"ru_RU\" \/>\n<meta property=\"og:type\" content=\"article\" \/>\n<meta property=\"og:title\" content=\"Tanguutia rabarber Rheum palmatum var. tanguticum - Tamme talu \u00fcrdiaed\" \/>\n<meta property=\"og:description\" content=\"Tanguutia rabarber Rheum palmatum var. tanguticum  LAT: \u00a0Rheum palmatum var. tanguticum  ENG: \u00a0Chinese rhubarb  RU: \u00a0\u0420\u0435\u0432\u0435\u043d\u044c \u0442\u0430\u043d\u0433\u0443\u0442\u0441\u043a\u0438\u0439  FI: \u00a0Punakoristeraparperi  Tanguutia rabarberil on suured h\u00f5lmised lehed ning korallpunased v\u00f5i valkjad \u00f5isikud, mis k\u00f5rguvad tugevakasvulistel sirgetel vartel. V\u00e4ga v\u00e4hen\u00f5udlik ja pikaealine aiataim, kui pakkuda kasvamiseks huumuserikast viljakat h\u00e4sti vett l\u00e4bi laskvat parasniisket mulda. Ei talu pikaajalist seisvat vett. Lumeta talvel v\u00f5ib vajada katet. Sobib soolotaimeks v\u00f5i teiste madalamate p\u00fcsikute vahele pilgup\u00fc\u00fcdjaks, kuna n\u00e4eb v\u00e4lja v\u00e4ga eksootiline.  Kirjanduse andmetel on taime lehed m\u00fcrgised ja neid ei tohiks mitte mingilgi kujul toiduks tarvitada.  Tanguutia rabarberi toime oleneb annuse suurusest. Suur annus on k\u00f5htu lahtistav ja v\u00e4ike annus k\u00f5htu kinnistav. Seet\u00f5ttu kasutatakse taime peamiselt kuivatatud juurepulbrit nii kroonilise k\u00f5hukinnisuse kui seedimist korrastava (lahtistava) vahendina. Tanguutia rabarberi vartest ja lehtedest valmistatud mahl ja kissell toimivad lahtistavalt.  K\u00f5rgus: kuni 2 m  \u00d5itsemise aeg: V-VII  Talvekindlus: \u00a0Tavaliselt talvekindel  Poti suurus: 11-12\" \/>\n<meta property=\"og:url\" content=\"https:\/\/tammetalu.eu\/toode\/tanguutia-rabarber-rheum-palmatum-tanguticum\/\" \/>\n<meta property=\"og:site_name\" content=\"Tamme talu \u00fcrdiaed\" \/>\n<meta property=\"article:publisher\" content=\"https:\/\/www.facebook.com\/TammeTaluUrdiaed\/?locale=et_EE\" \/>\n<meta property=\"article:modified_time\" content=\"2026-05-04T05:49:23+00:00\" \/>\n<meta property=\"og:image\" content=\"https:\/\/tammetalu.eu\/wp-content\/uploads\/2025\/01\/Tanguutia_rabarber_Rheum-palmatum-tanguticum_tamme_talu_urdiaed.jpg\" \/>\n\t<meta property=\"og:image:width\" content=\"1024\" \/>\n\t<meta property=\"og:image:height\" content=\"768\" \/>\n\t<meta property=\"og:image:type\" content=\"image\/jpeg\" \/>\n<meta name=\"twitter:card\" content=\"summary_large_image\" \/>\n<meta name=\"twitter:label1\" content=\"\u041f\u0440\u0438\u043c\u0435\u0440\u043d\u043e\u0435 \u0432\u0440\u0435\u043c\u044f \u0434\u043b\u044f \u0447\u0442\u0435\u043d\u0438\u044f\" \/>\n\t<meta name=\"twitter:data1\" content=\"1 \u043c\u0438\u043d\u0443\u0442\u0430\" \/>\n<script type=\"application\/ld+json\" class=\"yoast-schema-graph\">{\"@context\":\"https:\\\/\\\/schema.org\",\"@graph\":[{\"@type\":\"WebPage\",\"@id\":\"https:\\\/\\\/tammetalu.eu\\\/toode\\\/tanguutia-rabarber-rheum-palmatum-tanguticum\\\/\",\"url\":\"https:\\\/\\\/tammetalu.eu\\\/toode\\\/tanguutia-rabarber-rheum-palmatum-tanguticum\\\/\",\"name\":\"Tanguutia rabarber Rheum palmatum var. tanguticum - Tamme talu \u00fcrdiaed\",\"isPartOf\":{\"@id\":\"https:\\\/\\\/tammetalu.eu\\\/#website\"},\"primaryImageOfPage\":{\"@id\":\"https:\\\/\\\/tammetalu.eu\\\/toode\\\/tanguutia-rabarber-rheum-palmatum-tanguticum\\\/#primaryimage\"},\"image\":{\"@id\":\"https:\\\/\\\/tammetalu.eu\\\/toode\\\/tanguutia-rabarber-rheum-palmatum-tanguticum\\\/#primaryimage\"},\"thumbnailUrl\":\"https:\\\/\\\/tammetalu.eu\\\/wp-content\\\/uploads\\\/2025\\\/01\\\/Tanguutia_rabarber_Rheum-palmatum-tanguticum_tamme_talu_urdiaed.jpg\",\"datePublished\":\"2025-02-04T13:47:20+00:00\",\"dateModified\":\"2026-05-04T05:49:23+00:00\",\"breadcrumb\":{\"@id\":\"https:\\\/\\\/tammetalu.eu\\\/toode\\\/tanguutia-rabarber-rheum-palmatum-tanguticum\\\/#breadcrumb\"},\"inLanguage\":\"ru-RU\",\"potentialAction\":[{\"@type\":\"ReadAction\",\"target\":[\"https:\\\/\\\/tammetalu.eu\\\/toode\\\/tanguutia-rabarber-rheum-palmatum-tanguticum\\\/\"]}]},{\"@type\":\"ImageObject\",\"inLanguage\":\"ru-RU\",\"@id\":\"https:\\\/\\\/tammetalu.eu\\\/toode\\\/tanguutia-rabarber-rheum-palmatum-tanguticum\\\/#primaryimage\",\"url\":\"https:\\\/\\\/tammetalu.eu\\\/wp-content\\\/uploads\\\/2025\\\/01\\\/Tanguutia_rabarber_Rheum-palmatum-tanguticum_tamme_talu_urdiaed.jpg\",\"contentUrl\":\"https:\\\/\\\/tammetalu.eu\\\/wp-content\\\/uploads\\\/2025\\\/01\\\/Tanguutia_rabarber_Rheum-palmatum-tanguticum_tamme_talu_urdiaed.jpg\",\"width\":1024,\"height\":768,\"caption\":\"Tanguutia rabarber, rheum palmatum tanguticum, tamme talu \u00fcrdiaed\"},{\"@type\":\"BreadcrumbList\",\"@id\":\"https:\\\/\\\/tammetalu.eu\\\/toode\\\/tanguutia-rabarber-rheum-palmatum-tanguticum\\\/#breadcrumb\",\"itemListElement\":[{\"@type\":\"ListItem\",\"position\":1,\"name\":\"Home\",\"item\":\"https:\\\/\\\/tammetalu.eu\\\/ru\\\/esileht-rus\\\/\"},{\"@type\":\"ListItem\",\"position\":2,\"name\":\"\u041c\u0430\u0433\u0430\u0437\u0438\u043d\",\"item\":\"https:\\\/\\\/tammetalu.eu\\\/ru\\\/%d0%bc%d0%b0%d0%b3%d0%b0%d0%b7%d0%b8%d0%bd\\\/\"},{\"@type\":\"ListItem\",\"position\":3,\"name\":\"Tanguutia rabarber Rheum palmatum var. tanguticum\"}]},{\"@type\":\"WebSite\",\"@id\":\"https:\\\/\\\/tammetalu.eu\\\/#website\",\"url\":\"https:\\\/\\\/tammetalu.eu\\\/\",\"name\":\"Tamme talu \u00fcrdiaed\",\"description\":\"K\u00e4sit\u00f6\u00f6na valmistatud tooted \u00fcrtidest, \u00fcrdiistikud, \u00fcrtide kollektsioonaed\",\"publisher\":{\"@id\":\"https:\\\/\\\/tammetalu.eu\\\/#organization\"},\"alternateName\":\"Tamme talu\",\"potentialAction\":[{\"@type\":\"SearchAction\",\"target\":{\"@type\":\"EntryPoint\",\"urlTemplate\":\"https:\\\/\\\/tammetalu.eu\\\/?s={search_term_string}\"},\"query-input\":{\"@type\":\"PropertyValueSpecification\",\"valueRequired\":true,\"valueName\":\"search_term_string\"}}],\"inLanguage\":\"ru-RU\"},{\"@type\":\"Organization\",\"@id\":\"https:\\\/\\\/tammetalu.eu\\\/#organization\",\"name\":\"Tamme talu \u00fcrdiaed\",\"alternateName\":\"Tamme talu\",\"url\":\"https:\\\/\\\/tammetalu.eu\\\/\",\"logo\":{\"@type\":\"ImageObject\",\"inLanguage\":\"ru-RU\",\"@id\":\"https:\\\/\\\/tammetalu.eu\\\/#\\\/schema\\\/logo\\\/image\\\/\",\"url\":\"https:\\\/\\\/tammetalu.eu\\\/wp-content\\\/uploads\\\/2025\\\/01\\\/Tamme_talu_urdiaed.png\",\"contentUrl\":\"https:\\\/\\\/tammetalu.eu\\\/wp-content\\\/uploads\\\/2025\\\/01\\\/Tamme_talu_urdiaed.png\",\"width\":560,\"height\":560,\"caption\":\"Tamme talu \u00fcrdiaed\"},\"image\":{\"@id\":\"https:\\\/\\\/tammetalu.eu\\\/#\\\/schema\\\/logo\\\/image\\\/\"},\"sameAs\":[\"https:\\\/\\\/www.facebook.com\\\/TammeTaluUrdiaed\\\/?locale=et_EE\",\"https:\\\/\\\/www.instagram.com\\\/tammetaluurdiaed\\\/\"]}]}<\/script>\n<!-- \/ Yoast SEO plugin. -->","yoast_head_json":{"title":"Tanguutia rabarber Rheum palmatum var. tanguticum - Tamme talu \u00fcrdiaed","robots":{"index":"index","follow":"follow","max-snippet":"max-snippet:-1","max-image-preview":"max-image-preview:large","max-video-preview":"max-video-preview:-1"},"canonical":"https:\/\/tammetalu.eu\/toode\/tanguutia-rabarber-rheum-palmatum-tanguticum\/","og_locale":"ru_RU","og_type":"article","og_title":"Tanguutia rabarber Rheum palmatum var. tanguticum - Tamme talu \u00fcrdiaed","og_description":"Tanguutia rabarber Rheum palmatum var. tanguticum  LAT: \u00a0Rheum palmatum var. tanguticum  ENG: \u00a0Chinese rhubarb  RU: \u00a0\u0420\u0435\u0432\u0435\u043d\u044c \u0442\u0430\u043d\u0433\u0443\u0442\u0441\u043a\u0438\u0439  FI: \u00a0Punakoristeraparperi  Tanguutia rabarberil on suured h\u00f5lmised lehed ning korallpunased v\u00f5i valkjad \u00f5isikud, mis k\u00f5rguvad tugevakasvulistel sirgetel vartel. V\u00e4ga v\u00e4hen\u00f5udlik ja pikaealine aiataim, kui pakkuda kasvamiseks huumuserikast viljakat h\u00e4sti vett l\u00e4bi laskvat parasniisket mulda. Ei talu pikaajalist seisvat vett. Lumeta talvel v\u00f5ib vajada katet. Sobib soolotaimeks v\u00f5i teiste madalamate p\u00fcsikute vahele pilgup\u00fc\u00fcdjaks, kuna n\u00e4eb v\u00e4lja v\u00e4ga eksootiline.  Kirjanduse andmetel on taime lehed m\u00fcrgised ja neid ei tohiks mitte mingilgi kujul toiduks tarvitada.  Tanguutia rabarberi toime oleneb annuse suurusest. Suur annus on k\u00f5htu lahtistav ja v\u00e4ike annus k\u00f5htu kinnistav. Seet\u00f5ttu kasutatakse taime peamiselt kuivatatud juurepulbrit nii kroonilise k\u00f5hukinnisuse kui seedimist korrastava (lahtistava) vahendina. Tanguutia rabarberi vartest ja lehtedest valmistatud mahl ja kissell toimivad lahtistavalt.  K\u00f5rgus: kuni 2 m  \u00d5itsemise aeg: V-VII  Talvekindlus: \u00a0Tavaliselt talvekindel  Poti suurus: 11-12","og_url":"https:\/\/tammetalu.eu\/toode\/tanguutia-rabarber-rheum-palmatum-tanguticum\/","og_site_name":"Tamme talu \u00fcrdiaed","article_publisher":"https:\/\/www.facebook.com\/TammeTaluUrdiaed\/?locale=et_EE","article_modified_time":"2026-05-04T05:49:23+00:00","og_image":[{"width":1024,"height":768,"url":"https:\/\/tammetalu.eu\/wp-content\/uploads\/2025\/01\/Tanguutia_rabarber_Rheum-palmatum-tanguticum_tamme_talu_urdiaed.jpg","type":"image\/jpeg"}],"twitter_card":"summary_large_image","twitter_misc":{"\u041f\u0440\u0438\u043c\u0435\u0440\u043d\u043e\u0435 \u0432\u0440\u0435\u043c\u044f \u0434\u043b\u044f \u0447\u0442\u0435\u043d\u0438\u044f":"1 \u043c\u0438\u043d\u0443\u0442\u0430"},"schema":{"@context":"https:\/\/schema.org","@graph":[{"@type":"WebPage","@id":"https:\/\/tammetalu.eu\/toode\/tanguutia-rabarber-rheum-palmatum-tanguticum\/","url":"https:\/\/tammetalu.eu\/toode\/tanguutia-rabarber-rheum-palmatum-tanguticum\/","name":"Tanguutia rabarber Rheum palmatum var. tanguticum - Tamme talu \u00fcrdiaed","isPartOf":{"@id":"https:\/\/tammetalu.eu\/#website"},"primaryImageOfPage":{"@id":"https:\/\/tammetalu.eu\/toode\/tanguutia-rabarber-rheum-palmatum-tanguticum\/#primaryimage"},"image":{"@id":"https:\/\/tammetalu.eu\/toode\/tanguutia-rabarber-rheum-palmatum-tanguticum\/#primaryimage"},"thumbnailUrl":"https:\/\/tammetalu.eu\/wp-content\/uploads\/2025\/01\/Tanguutia_rabarber_Rheum-palmatum-tanguticum_tamme_talu_urdiaed.jpg","datePublished":"2025-02-04T13:47:20+00:00","dateModified":"2026-05-04T05:49:23+00:00","breadcrumb":{"@id":"https:\/\/tammetalu.eu\/toode\/tanguutia-rabarber-rheum-palmatum-tanguticum\/#breadcrumb"},"inLanguage":"ru-RU","potentialAction":[{"@type":"ReadAction","target":["https:\/\/tammetalu.eu\/toode\/tanguutia-rabarber-rheum-palmatum-tanguticum\/"]}]},{"@type":"ImageObject","inLanguage":"ru-RU","@id":"https:\/\/tammetalu.eu\/toode\/tanguutia-rabarber-rheum-palmatum-tanguticum\/#primaryimage","url":"https:\/\/tammetalu.eu\/wp-content\/uploads\/2025\/01\/Tanguutia_rabarber_Rheum-palmatum-tanguticum_tamme_talu_urdiaed.jpg","contentUrl":"https:\/\/tammetalu.eu\/wp-content\/uploads\/2025\/01\/Tanguutia_rabarber_Rheum-palmatum-tanguticum_tamme_talu_urdiaed.jpg","width":1024,"height":768,"caption":"Tanguutia rabarber, rheum palmatum tanguticum, tamme talu \u00fcrdiaed"},{"@type":"BreadcrumbList","@id":"https:\/\/tammetalu.eu\/toode\/tanguutia-rabarber-rheum-palmatum-tanguticum\/#breadcrumb","itemListElement":[{"@type":"ListItem","position":1,"name":"Home","item":"https:\/\/tammetalu.eu\/ru\/esileht-rus\/"},{"@type":"ListItem","position":2,"name":"\u041c\u0430\u0433\u0430\u0437\u0438\u043d","item":"https:\/\/tammetalu.eu\/ru\/%d0%bc%d0%b0%d0%b3%d0%b0%d0%b7%d0%b8%d0%bd\/"},{"@type":"ListItem","position":3,"name":"Tanguutia rabarber Rheum palmatum var. tanguticum"}]},{"@type":"WebSite","@id":"https:\/\/tammetalu.eu\/#website","url":"https:\/\/tammetalu.eu\/","name":"Tamme talu \u00fcrdiaed","description":"K\u00e4sit\u00f6\u00f6na valmistatud tooted \u00fcrtidest, \u00fcrdiistikud, \u00fcrtide kollektsioonaed","publisher":{"@id":"https:\/\/tammetalu.eu\/#organization"},"alternateName":"Tamme talu","potentialAction":[{"@type":"SearchAction","target":{"@type":"EntryPoint","urlTemplate":"https:\/\/tammetalu.eu\/?s={search_term_string}"},"query-input":{"@type":"PropertyValueSpecification","valueRequired":true,"valueName":"search_term_string"}}],"inLanguage":"ru-RU"},{"@type":"Organization","@id":"https:\/\/tammetalu.eu\/#organization","name":"Tamme talu \u00fcrdiaed","alternateName":"Tamme talu","url":"https:\/\/tammetalu.eu\/","logo":{"@type":"ImageObject","inLanguage":"ru-RU","@id":"https:\/\/tammetalu.eu\/#\/schema\/logo\/image\/","url":"https:\/\/tammetalu.eu\/wp-content\/uploads\/2025\/01\/Tamme_talu_urdiaed.png","contentUrl":"https:\/\/tammetalu.eu\/wp-content\/uploads\/2025\/01\/Tamme_talu_urdiaed.png","width":560,"height":560,"caption":"Tamme talu \u00fcrdiaed"},"image":{"@id":"https:\/\/tammetalu.eu\/#\/schema\/logo\/image\/"},"sameAs":["https:\/\/www.facebook.com\/TammeTaluUrdiaed\/?locale=et_EE","https:\/\/www.instagram.com\/tammetaluurdiaed\/"]}]}},"_links":{"self":[{"href":"https:\/\/tammetalu.eu\/ru\/wp-json\/wp\/v2\/product\/23120","targetHints":{"allow":["GET"]}}],"collection":[{"href":"https:\/\/tammetalu.eu\/ru\/wp-json\/wp\/v2\/product"}],"about":[{"href":"https:\/\/tammetalu.eu\/ru\/wp-json\/wp\/v2\/types\/product"}],"wp:featuredmedia":[{"embeddable":true,"href":"https:\/\/tammetalu.eu\/ru\/wp-json\/wp\/v2\/media\/23121"}],"wp:attachment":[{"href":"https:\/\/tammetalu.eu\/ru\/wp-json\/wp\/v2\/media?parent=23120"}],"wp:term":[{"taxonomy":"product_brand","embeddable":true,"href":"https:\/\/tammetalu.eu\/ru\/wp-json\/wp\/v2\/product_brand?post=23120"},{"taxonomy":"product_cat","embeddable":true,"href":"https:\/\/tammetalu.eu\/ru\/wp-json\/wp\/v2\/product_cat?post=23120"},{"taxonomy":"product_tag","embeddable":true,"href":"https:\/\/tammetalu.eu\/ru\/wp-json\/wp\/v2\/product_tag?post=23120"}],"curies":[{"name":"wp","href":"https:\/\/api.w.org\/{rel}","templated":true}]}}