{"id":23167,"date":"2025-02-05T16:37:20","date_gmt":"2025-02-05T14:37:20","guid":{"rendered":"https:\/\/tammetalu.eu\/?post_type=product&#038;p=23167"},"modified":"2026-05-04T08:49:23","modified_gmt":"2026-05-04T05:49:23","slug":"hobelehine-eukalupt-eucalyptus-pulverulenta-baby-blue-bouquet","status":"publish","type":"product","link":"https:\/\/tammetalu.eu\/ru\/toode\/hobelehine-eukalupt-eucalyptus-pulverulenta-baby-blue-bouquet\/","title":{"rendered":"H\u00f5belehine eukal\u00fcpt Eucalyptus pulverulenta &#171;Baby Blue Bouquet&#187;"},"content":{"rendered":"","protected":false},"excerpt":{"rendered":"<p><em>Eucalyptus pulverulenta<\/em><\/p>\n<p>H\u00f5belehine eukal\u00fcpt on v\u00e4ga dekoratiivne l\u00f5hna-, ilu- ja ravimtaim , mille k\u00f5rgus k\u00fc\u00fcndib meil toataimena kasvatades julgelt kuni meetrini.<\/p>\n<p>H\u00f5belehine eukal\u00fcpt on Kagu-Austraalias endeemiline liik, mis looduslikes tingimustes sirgub pea 30 meetri k\u00f5rguseks puuks. H\u00f5belehise eukal\u00fcpti hallid v\u00e4ga dekoratiivsed lehed on meeldival\u00f5hnalised.<\/p>\n<p>See eukal\u00fcpti liik \u00f5itseb toatingimustes ja \u00f5ied on kreemikasvalged. Suvel saab halli eukal\u00fcpti kasvatada r\u00f5du- ja terrassitaimena. Talle sobib soe p\u00e4ikesepaisteline ja tuulevaikne kasvukoht. Taim eelistab viljakat savisemat parasniisket mulda ja m\u00f5\u00f5dukat kastmist.<\/p>\n<p>Halli eukal\u00fcpti kasutatakse antiseptikuna ja deodorandina. Kasutatakse infektsioonide, k\u00fclmetushaiguste, kurguvalu, gripi, bronhiidi, kopsup\u00f5letiku, neuralgia ja mitmesuguste nahainfektsioonide korral. Lehtedest keedetakse vaiguse maitsega teed k\u00f6ha, astma, h\u00e4\u00e4lek\u00e4heduse ja palaviku korral.<\/p>\n","protected":false},"featured_media":23168,"template":"","meta":{"_acf_changed":false,"_et_pb_use_builder":"","_et_pb_old_content":"","_et_gb_content_width":"","inline_featured_image":false},"product_brand":[],"product_cat":[186,200],"product_tag":[],"class_list":{"0":"post-23167","1":"product","2":"type-product","3":"status-publish","4":"has-post-thumbnail","6":"product_cat-maitse-ja-ravimtaimede-istikud","7":"product_cat-muud-maitsetaimed","9":"first","10":"outofstock","11":"taxable","12":"shipping-taxable","13":"purchasable","14":"product-type-simple"},"acf":[],"yoast_head":"<!-- This site is optimized with the Yoast SEO plugin v27.5 - https:\/\/yoast.com\/product\/yoast-seo-wordpress\/ -->\n<title>H\u00f5belehine eukal\u00fcpt Eucalyptus pulverulenta &quot;Baby Blue Bouquet&quot; - Tamme talu \u00fcrdiaed<\/title>\n<meta name=\"robots\" content=\"index, follow, max-snippet:-1, max-image-preview:large, max-video-preview:-1\" \/>\n<link rel=\"canonical\" href=\"https:\/\/tammetalu.eu\/toode\/hobelehine-eukalupt-eucalyptus-pulverulenta-baby-blue-bouquet\/\" \/>\n<meta property=\"og:locale\" content=\"ru_RU\" \/>\n<meta property=\"og:type\" content=\"article\" \/>\n<meta property=\"og:title\" content=\"H\u00f5belehine eukal\u00fcpt Eucalyptus pulverulenta &quot;Baby Blue Bouquet&quot; - Tamme talu \u00fcrdiaed\" \/>\n<meta property=\"og:description\" content=\"Eucalyptus pulverulenta  H\u00f5belehine eukal\u00fcpt on v\u00e4ga dekoratiivne l\u00f5hna-, ilu- ja ravimtaim , mille k\u00f5rgus k\u00fc\u00fcndib meil toataimena kasvatades julgelt kuni meetrini.  H\u00f5belehine eukal\u00fcpt on Kagu-Austraalias endeemiline liik, mis looduslikes tingimustes sirgub pea 30 meetri k\u00f5rguseks puuks. H\u00f5belehise eukal\u00fcpti hallid v\u00e4ga dekoratiivsed lehed on meeldival\u00f5hnalised.  See eukal\u00fcpti liik \u00f5itseb toatingimustes ja \u00f5ied on kreemikasvalged. Suvel saab halli eukal\u00fcpti kasvatada r\u00f5du- ja terrassitaimena. Talle sobib soe p\u00e4ikesepaisteline ja tuulevaikne kasvukoht. Taim eelistab viljakat savisemat parasniisket mulda ja m\u00f5\u00f5dukat kastmist.  Halli eukal\u00fcpti kasutatakse antiseptikuna ja deodorandina. Kasutatakse infektsioonide, k\u00fclmetushaiguste, kurguvalu, gripi, bronhiidi, kopsup\u00f5letiku, neuralgia ja mitmesuguste nahainfektsioonide korral. Lehtedest keedetakse vaiguse maitsega teed k\u00f6ha, astma, h\u00e4\u00e4lek\u00e4heduse ja palaviku korral.\" \/>\n<meta property=\"og:url\" content=\"https:\/\/tammetalu.eu\/toode\/hobelehine-eukalupt-eucalyptus-pulverulenta-baby-blue-bouquet\/\" \/>\n<meta property=\"og:site_name\" content=\"Tamme talu \u00fcrdiaed\" \/>\n<meta property=\"article:publisher\" content=\"https:\/\/www.facebook.com\/TammeTaluUrdiaed\/?locale=et_EE\" \/>\n<meta property=\"article:modified_time\" content=\"2026-05-04T05:49:23+00:00\" \/>\n<meta property=\"og:image\" content=\"https:\/\/tammetalu.eu\/wp-content\/uploads\/2025\/01\/Hobelehine_eukalupt_Eucalyptus_pulverulenta_Baby_Blue_Bouquet_tamme_talu_urdiaed.jpg\" \/>\n\t<meta property=\"og:image:width\" content=\"600\" \/>\n\t<meta property=\"og:image:height\" content=\"600\" \/>\n\t<meta property=\"og:image:type\" content=\"image\/jpeg\" \/>\n<meta name=\"twitter:card\" content=\"summary_large_image\" \/>\n<meta name=\"twitter:label1\" content=\"\u041f\u0440\u0438\u043c\u0435\u0440\u043d\u043e\u0435 \u0432\u0440\u0435\u043c\u044f \u0434\u043b\u044f \u0447\u0442\u0435\u043d\u0438\u044f\" \/>\n\t<meta name=\"twitter:data1\" content=\"1 \u043c\u0438\u043d\u0443\u0442\u0430\" \/>\n<script type=\"application\/ld+json\" class=\"yoast-schema-graph\">{\"@context\":\"https:\\\/\\\/schema.org\",\"@graph\":[{\"@type\":\"WebPage\",\"@id\":\"https:\\\/\\\/tammetalu.eu\\\/toode\\\/hobelehine-eukalupt-eucalyptus-pulverulenta-baby-blue-bouquet\\\/\",\"url\":\"https:\\\/\\\/tammetalu.eu\\\/toode\\\/hobelehine-eukalupt-eucalyptus-pulverulenta-baby-blue-bouquet\\\/\",\"name\":\"H\u00f5belehine eukal\u00fcpt Eucalyptus pulverulenta \\\"Baby Blue Bouquet\\\" - Tamme talu \u00fcrdiaed\",\"isPartOf\":{\"@id\":\"https:\\\/\\\/tammetalu.eu\\\/#website\"},\"primaryImageOfPage\":{\"@id\":\"https:\\\/\\\/tammetalu.eu\\\/toode\\\/hobelehine-eukalupt-eucalyptus-pulverulenta-baby-blue-bouquet\\\/#primaryimage\"},\"image\":{\"@id\":\"https:\\\/\\\/tammetalu.eu\\\/toode\\\/hobelehine-eukalupt-eucalyptus-pulverulenta-baby-blue-bouquet\\\/#primaryimage\"},\"thumbnailUrl\":\"https:\\\/\\\/tammetalu.eu\\\/wp-content\\\/uploads\\\/2025\\\/01\\\/Hobelehine_eukalupt_Eucalyptus_pulverulenta_Baby_Blue_Bouquet_tamme_talu_urdiaed.jpg\",\"datePublished\":\"2025-02-05T14:37:20+00:00\",\"dateModified\":\"2026-05-04T05:49:23+00:00\",\"breadcrumb\":{\"@id\":\"https:\\\/\\\/tammetalu.eu\\\/toode\\\/hobelehine-eukalupt-eucalyptus-pulverulenta-baby-blue-bouquet\\\/#breadcrumb\"},\"inLanguage\":\"ru-RU\",\"potentialAction\":[{\"@type\":\"ReadAction\",\"target\":[\"https:\\\/\\\/tammetalu.eu\\\/toode\\\/hobelehine-eukalupt-eucalyptus-pulverulenta-baby-blue-bouquet\\\/\"]}]},{\"@type\":\"ImageObject\",\"inLanguage\":\"ru-RU\",\"@id\":\"https:\\\/\\\/tammetalu.eu\\\/toode\\\/hobelehine-eukalupt-eucalyptus-pulverulenta-baby-blue-bouquet\\\/#primaryimage\",\"url\":\"https:\\\/\\\/tammetalu.eu\\\/wp-content\\\/uploads\\\/2025\\\/01\\\/Hobelehine_eukalupt_Eucalyptus_pulverulenta_Baby_Blue_Bouquet_tamme_talu_urdiaed.jpg\",\"contentUrl\":\"https:\\\/\\\/tammetalu.eu\\\/wp-content\\\/uploads\\\/2025\\\/01\\\/Hobelehine_eukalupt_Eucalyptus_pulverulenta_Baby_Blue_Bouquet_tamme_talu_urdiaed.jpg\",\"width\":600,\"height\":600,\"caption\":\"Hobelehine_eukalupt_Eucalyptus_pulverulenta_Baby_Blue_Bouquet_tamme_talu_urdiaed\"},{\"@type\":\"BreadcrumbList\",\"@id\":\"https:\\\/\\\/tammetalu.eu\\\/toode\\\/hobelehine-eukalupt-eucalyptus-pulverulenta-baby-blue-bouquet\\\/#breadcrumb\",\"itemListElement\":[{\"@type\":\"ListItem\",\"position\":1,\"name\":\"Home\",\"item\":\"https:\\\/\\\/tammetalu.eu\\\/ru\\\/esileht-rus\\\/\"},{\"@type\":\"ListItem\",\"position\":2,\"name\":\"\u041c\u0430\u0433\u0430\u0437\u0438\u043d\",\"item\":\"https:\\\/\\\/tammetalu.eu\\\/ru\\\/%d0%bc%d0%b0%d0%b3%d0%b0%d0%b7%d0%b8%d0%bd\\\/\"},{\"@type\":\"ListItem\",\"position\":3,\"name\":\"H\u00f5belehine eukal\u00fcpt Eucalyptus pulverulenta &#8220;Baby Blue Bouquet&#8221;\"}]},{\"@type\":\"WebSite\",\"@id\":\"https:\\\/\\\/tammetalu.eu\\\/#website\",\"url\":\"https:\\\/\\\/tammetalu.eu\\\/\",\"name\":\"Tamme talu \u00fcrdiaed\",\"description\":\"K\u00e4sit\u00f6\u00f6na valmistatud tooted \u00fcrtidest, \u00fcrdiistikud, \u00fcrtide kollektsioonaed\",\"publisher\":{\"@id\":\"https:\\\/\\\/tammetalu.eu\\\/#organization\"},\"alternateName\":\"Tamme talu\",\"potentialAction\":[{\"@type\":\"SearchAction\",\"target\":{\"@type\":\"EntryPoint\",\"urlTemplate\":\"https:\\\/\\\/tammetalu.eu\\\/?s={search_term_string}\"},\"query-input\":{\"@type\":\"PropertyValueSpecification\",\"valueRequired\":true,\"valueName\":\"search_term_string\"}}],\"inLanguage\":\"ru-RU\"},{\"@type\":\"Organization\",\"@id\":\"https:\\\/\\\/tammetalu.eu\\\/#organization\",\"name\":\"Tamme talu \u00fcrdiaed\",\"alternateName\":\"Tamme talu\",\"url\":\"https:\\\/\\\/tammetalu.eu\\\/\",\"logo\":{\"@type\":\"ImageObject\",\"inLanguage\":\"ru-RU\",\"@id\":\"https:\\\/\\\/tammetalu.eu\\\/#\\\/schema\\\/logo\\\/image\\\/\",\"url\":\"https:\\\/\\\/tammetalu.eu\\\/wp-content\\\/uploads\\\/2025\\\/01\\\/Tamme_talu_urdiaed.png\",\"contentUrl\":\"https:\\\/\\\/tammetalu.eu\\\/wp-content\\\/uploads\\\/2025\\\/01\\\/Tamme_talu_urdiaed.png\",\"width\":560,\"height\":560,\"caption\":\"Tamme talu \u00fcrdiaed\"},\"image\":{\"@id\":\"https:\\\/\\\/tammetalu.eu\\\/#\\\/schema\\\/logo\\\/image\\\/\"},\"sameAs\":[\"https:\\\/\\\/www.facebook.com\\\/TammeTaluUrdiaed\\\/?locale=et_EE\",\"https:\\\/\\\/www.instagram.com\\\/tammetaluurdiaed\\\/\"]}]}<\/script>\n<!-- \/ Yoast SEO plugin. -->","yoast_head_json":{"title":"H\u00f5belehine eukal\u00fcpt Eucalyptus pulverulenta \"Baby Blue Bouquet\" - Tamme talu \u00fcrdiaed","robots":{"index":"index","follow":"follow","max-snippet":"max-snippet:-1","max-image-preview":"max-image-preview:large","max-video-preview":"max-video-preview:-1"},"canonical":"https:\/\/tammetalu.eu\/toode\/hobelehine-eukalupt-eucalyptus-pulverulenta-baby-blue-bouquet\/","og_locale":"ru_RU","og_type":"article","og_title":"H\u00f5belehine eukal\u00fcpt Eucalyptus pulverulenta \"Baby Blue Bouquet\" - Tamme talu \u00fcrdiaed","og_description":"Eucalyptus pulverulenta  H\u00f5belehine eukal\u00fcpt on v\u00e4ga dekoratiivne l\u00f5hna-, ilu- ja ravimtaim , mille k\u00f5rgus k\u00fc\u00fcndib meil toataimena kasvatades julgelt kuni meetrini.  H\u00f5belehine eukal\u00fcpt on Kagu-Austraalias endeemiline liik, mis looduslikes tingimustes sirgub pea 30 meetri k\u00f5rguseks puuks. H\u00f5belehise eukal\u00fcpti hallid v\u00e4ga dekoratiivsed lehed on meeldival\u00f5hnalised.  See eukal\u00fcpti liik \u00f5itseb toatingimustes ja \u00f5ied on kreemikasvalged. Suvel saab halli eukal\u00fcpti kasvatada r\u00f5du- ja terrassitaimena. Talle sobib soe p\u00e4ikesepaisteline ja tuulevaikne kasvukoht. Taim eelistab viljakat savisemat parasniisket mulda ja m\u00f5\u00f5dukat kastmist.  Halli eukal\u00fcpti kasutatakse antiseptikuna ja deodorandina. Kasutatakse infektsioonide, k\u00fclmetushaiguste, kurguvalu, gripi, bronhiidi, kopsup\u00f5letiku, neuralgia ja mitmesuguste nahainfektsioonide korral. Lehtedest keedetakse vaiguse maitsega teed k\u00f6ha, astma, h\u00e4\u00e4lek\u00e4heduse ja palaviku korral.","og_url":"https:\/\/tammetalu.eu\/toode\/hobelehine-eukalupt-eucalyptus-pulverulenta-baby-blue-bouquet\/","og_site_name":"Tamme talu \u00fcrdiaed","article_publisher":"https:\/\/www.facebook.com\/TammeTaluUrdiaed\/?locale=et_EE","article_modified_time":"2026-05-04T05:49:23+00:00","og_image":[{"width":600,"height":600,"url":"https:\/\/tammetalu.eu\/wp-content\/uploads\/2025\/01\/Hobelehine_eukalupt_Eucalyptus_pulverulenta_Baby_Blue_Bouquet_tamme_talu_urdiaed.jpg","type":"image\/jpeg"}],"twitter_card":"summary_large_image","twitter_misc":{"\u041f\u0440\u0438\u043c\u0435\u0440\u043d\u043e\u0435 \u0432\u0440\u0435\u043c\u044f \u0434\u043b\u044f \u0447\u0442\u0435\u043d\u0438\u044f":"1 \u043c\u0438\u043d\u0443\u0442\u0430"},"schema":{"@context":"https:\/\/schema.org","@graph":[{"@type":"WebPage","@id":"https:\/\/tammetalu.eu\/toode\/hobelehine-eukalupt-eucalyptus-pulverulenta-baby-blue-bouquet\/","url":"https:\/\/tammetalu.eu\/toode\/hobelehine-eukalupt-eucalyptus-pulverulenta-baby-blue-bouquet\/","name":"H\u00f5belehine eukal\u00fcpt Eucalyptus pulverulenta \"Baby Blue Bouquet\" - Tamme talu \u00fcrdiaed","isPartOf":{"@id":"https:\/\/tammetalu.eu\/#website"},"primaryImageOfPage":{"@id":"https:\/\/tammetalu.eu\/toode\/hobelehine-eukalupt-eucalyptus-pulverulenta-baby-blue-bouquet\/#primaryimage"},"image":{"@id":"https:\/\/tammetalu.eu\/toode\/hobelehine-eukalupt-eucalyptus-pulverulenta-baby-blue-bouquet\/#primaryimage"},"thumbnailUrl":"https:\/\/tammetalu.eu\/wp-content\/uploads\/2025\/01\/Hobelehine_eukalupt_Eucalyptus_pulverulenta_Baby_Blue_Bouquet_tamme_talu_urdiaed.jpg","datePublished":"2025-02-05T14:37:20+00:00","dateModified":"2026-05-04T05:49:23+00:00","breadcrumb":{"@id":"https:\/\/tammetalu.eu\/toode\/hobelehine-eukalupt-eucalyptus-pulverulenta-baby-blue-bouquet\/#breadcrumb"},"inLanguage":"ru-RU","potentialAction":[{"@type":"ReadAction","target":["https:\/\/tammetalu.eu\/toode\/hobelehine-eukalupt-eucalyptus-pulverulenta-baby-blue-bouquet\/"]}]},{"@type":"ImageObject","inLanguage":"ru-RU","@id":"https:\/\/tammetalu.eu\/toode\/hobelehine-eukalupt-eucalyptus-pulverulenta-baby-blue-bouquet\/#primaryimage","url":"https:\/\/tammetalu.eu\/wp-content\/uploads\/2025\/01\/Hobelehine_eukalupt_Eucalyptus_pulverulenta_Baby_Blue_Bouquet_tamme_talu_urdiaed.jpg","contentUrl":"https:\/\/tammetalu.eu\/wp-content\/uploads\/2025\/01\/Hobelehine_eukalupt_Eucalyptus_pulverulenta_Baby_Blue_Bouquet_tamme_talu_urdiaed.jpg","width":600,"height":600,"caption":"Hobelehine_eukalupt_Eucalyptus_pulverulenta_Baby_Blue_Bouquet_tamme_talu_urdiaed"},{"@type":"BreadcrumbList","@id":"https:\/\/tammetalu.eu\/toode\/hobelehine-eukalupt-eucalyptus-pulverulenta-baby-blue-bouquet\/#breadcrumb","itemListElement":[{"@type":"ListItem","position":1,"name":"Home","item":"https:\/\/tammetalu.eu\/ru\/esileht-rus\/"},{"@type":"ListItem","position":2,"name":"\u041c\u0430\u0433\u0430\u0437\u0438\u043d","item":"https:\/\/tammetalu.eu\/ru\/%d0%bc%d0%b0%d0%b3%d0%b0%d0%b7%d0%b8%d0%bd\/"},{"@type":"ListItem","position":3,"name":"H\u00f5belehine eukal\u00fcpt Eucalyptus pulverulenta &#8220;Baby Blue Bouquet&#8221;"}]},{"@type":"WebSite","@id":"https:\/\/tammetalu.eu\/#website","url":"https:\/\/tammetalu.eu\/","name":"Tamme talu \u00fcrdiaed","description":"K\u00e4sit\u00f6\u00f6na valmistatud tooted \u00fcrtidest, \u00fcrdiistikud, \u00fcrtide kollektsioonaed","publisher":{"@id":"https:\/\/tammetalu.eu\/#organization"},"alternateName":"Tamme talu","potentialAction":[{"@type":"SearchAction","target":{"@type":"EntryPoint","urlTemplate":"https:\/\/tammetalu.eu\/?s={search_term_string}"},"query-input":{"@type":"PropertyValueSpecification","valueRequired":true,"valueName":"search_term_string"}}],"inLanguage":"ru-RU"},{"@type":"Organization","@id":"https:\/\/tammetalu.eu\/#organization","name":"Tamme talu \u00fcrdiaed","alternateName":"Tamme talu","url":"https:\/\/tammetalu.eu\/","logo":{"@type":"ImageObject","inLanguage":"ru-RU","@id":"https:\/\/tammetalu.eu\/#\/schema\/logo\/image\/","url":"https:\/\/tammetalu.eu\/wp-content\/uploads\/2025\/01\/Tamme_talu_urdiaed.png","contentUrl":"https:\/\/tammetalu.eu\/wp-content\/uploads\/2025\/01\/Tamme_talu_urdiaed.png","width":560,"height":560,"caption":"Tamme talu \u00fcrdiaed"},"image":{"@id":"https:\/\/tammetalu.eu\/#\/schema\/logo\/image\/"},"sameAs":["https:\/\/www.facebook.com\/TammeTaluUrdiaed\/?locale=et_EE","https:\/\/www.instagram.com\/tammetaluurdiaed\/"]}]}},"_links":{"self":[{"href":"https:\/\/tammetalu.eu\/ru\/wp-json\/wp\/v2\/product\/23167","targetHints":{"allow":["GET"]}}],"collection":[{"href":"https:\/\/tammetalu.eu\/ru\/wp-json\/wp\/v2\/product"}],"about":[{"href":"https:\/\/tammetalu.eu\/ru\/wp-json\/wp\/v2\/types\/product"}],"wp:featuredmedia":[{"embeddable":true,"href":"https:\/\/tammetalu.eu\/ru\/wp-json\/wp\/v2\/media\/23168"}],"wp:attachment":[{"href":"https:\/\/tammetalu.eu\/ru\/wp-json\/wp\/v2\/media?parent=23167"}],"wp:term":[{"taxonomy":"product_brand","embeddable":true,"href":"https:\/\/tammetalu.eu\/ru\/wp-json\/wp\/v2\/product_brand?post=23167"},{"taxonomy":"product_cat","embeddable":true,"href":"https:\/\/tammetalu.eu\/ru\/wp-json\/wp\/v2\/product_cat?post=23167"},{"taxonomy":"product_tag","embeddable":true,"href":"https:\/\/tammetalu.eu\/ru\/wp-json\/wp\/v2\/product_tag?post=23167"}],"curies":[{"name":"wp","href":"https:\/\/api.w.org\/{rel}","templated":true}]}}