{"id":23261,"date":"2025-02-04T15:45:20","date_gmt":"2025-02-04T13:45:20","guid":{"rendered":"https:\/\/tammetalu.eu\/?post_type=product&#038;p=23261"},"modified":"2026-05-06T12:05:30","modified_gmt":"2026-05-06T09:05:30","slug":"piimputk-peucedanum-rablense","status":"publish","type":"product","link":"https:\/\/tammetalu.eu\/ru\/toode\/piimputk-peucedanum-rablense\/","title":{"rendered":"Piimputk Peucedanum rablense"},"content":{"rendered":"","protected":false},"excerpt":{"rendered":"<p>LAT: \u00a0<em>Peucedanum rablense<\/em><\/p>\n<p>ENG: \u00a0Masterwort rablense<\/p>\n<p>RU:<\/p>\n<p>FI:<\/p>\n<p>See piimputke liik on p\u00e4rit Vahemere regioonist ja on laialt levinud Euroopa m\u00e4gipiirkondades (Austria, Liechtenstein, Saksamaa, Itaalia ja Sloveenia), kus kasvab p\u00e4ikeselistel lubjakivistel m\u00e4en\u00f5lvadel savikal pinnasel. Kauni ja \u00f5rna v\u00e4limusega taimel on kohev pitsiline lehestik ja valged kuni roosakasvalged sarikatesse koondunud v\u00e4ikesed \u00f5ied. See Itaalia Alpidest p\u00e4rit piimputke liik on suhteliselt v\u00e4hetuntud ning alles hiljuti leidnud tee ilu- ja tarbeaedadesse.<\/p>\n<p>Piimputk vajab heaks kasvamiseks h\u00e4sti kuivendatud kuni parasniisket pinnast ja p\u00e4ikeselist kuni poolvarjulist kruusa- ja saviseguse mullaga kasvukohta.<\/p>\n<p>Seda piimputke liiki kasutatakse ravimtaimena seedeprobleemide, hingamisteede ja nahahaiguste raviks.<\/p>\n<p>K\u00f5rgus: 0,65 m<\/p>\n<p>\u00d5itsemise aeg: VI-VIII<\/p>\n<p>Talvekindlus: Talvekindel<\/p>\n<p>Poti suurus: 13-15<\/p>\n","protected":false},"featured_media":23262,"template":"","meta":{"_acf_changed":false,"_et_pb_use_builder":"","_et_pb_old_content":"","_et_gb_content_width":"","inline_featured_image":false},"product_brand":[],"product_cat":[186,200],"product_tag":[],"class_list":{"0":"post-23261","1":"product","2":"type-product","3":"status-publish","4":"has-post-thumbnail","6":"product_cat-maitse-ja-ravimtaimede-istikud","7":"product_cat-muud-maitsetaimed","9":"first","10":"outofstock","11":"taxable","12":"shipping-taxable","13":"purchasable","14":"product-type-simple"},"acf":[],"yoast_head":"<!-- This site is optimized with the Yoast SEO plugin v27.5 - https:\/\/yoast.com\/product\/yoast-seo-wordpress\/ -->\n<title>Piimputk Peucedanum rablense - Tamme talu \u00fcrdiaed<\/title>\n<meta name=\"robots\" content=\"index, follow, max-snippet:-1, max-image-preview:large, max-video-preview:-1\" \/>\n<link rel=\"canonical\" href=\"https:\/\/tammetalu.eu\/toode\/piimputk-peucedanum-rablense\/\" \/>\n<meta property=\"og:locale\" content=\"ru_RU\" \/>\n<meta property=\"og:type\" content=\"article\" \/>\n<meta property=\"og:title\" content=\"Piimputk Peucedanum rablense - Tamme talu \u00fcrdiaed\" \/>\n<meta property=\"og:description\" content=\"LAT: \u00a0Peucedanum rablense  ENG: \u00a0Masterwort rablense  RU:  FI:  See piimputke liik on p\u00e4rit Vahemere regioonist ja on laialt levinud Euroopa m\u00e4gipiirkondades (Austria, Liechtenstein, Saksamaa, Itaalia ja Sloveenia), kus kasvab p\u00e4ikeselistel lubjakivistel m\u00e4en\u00f5lvadel savikal pinnasel. Kauni ja \u00f5rna v\u00e4limusega taimel on kohev pitsiline lehestik ja valged kuni roosakasvalged sarikatesse koondunud v\u00e4ikesed \u00f5ied. See Itaalia Alpidest p\u00e4rit piimputke liik on suhteliselt v\u00e4hetuntud ning alles hiljuti leidnud tee ilu- ja tarbeaedadesse.  Piimputk vajab heaks kasvamiseks h\u00e4sti kuivendatud kuni parasniisket pinnast ja p\u00e4ikeselist kuni poolvarjulist kruusa- ja saviseguse mullaga kasvukohta.  Seda piimputke liiki kasutatakse ravimtaimena seedeprobleemide, hingamisteede ja nahahaiguste raviks.  K\u00f5rgus: 0,65 m  \u00d5itsemise aeg: VI-VIII  Talvekindlus: Talvekindel  Poti suurus: 13-15\" \/>\n<meta property=\"og:url\" content=\"https:\/\/tammetalu.eu\/toode\/piimputk-peucedanum-rablense\/\" \/>\n<meta property=\"og:site_name\" content=\"Tamme talu \u00fcrdiaed\" \/>\n<meta property=\"article:publisher\" content=\"https:\/\/www.facebook.com\/TammeTaluUrdiaed\/?locale=et_EE\" \/>\n<meta property=\"article:modified_time\" content=\"2026-05-06T09:05:30+00:00\" \/>\n<meta property=\"og:image\" content=\"https:\/\/tammetalu.eu\/wp-content\/uploads\/2025\/01\/Piimputk_Peucedanum-rablense_tamme_talu_urdiaed.jpg\" \/>\n\t<meta property=\"og:image:width\" content=\"499\" \/>\n\t<meta property=\"og:image:height\" content=\"468\" \/>\n\t<meta property=\"og:image:type\" content=\"image\/jpeg\" \/>\n<meta name=\"twitter:card\" content=\"summary_large_image\" \/>\n<meta name=\"twitter:label1\" content=\"\u041f\u0440\u0438\u043c\u0435\u0440\u043d\u043e\u0435 \u0432\u0440\u0435\u043c\u044f \u0434\u043b\u044f \u0447\u0442\u0435\u043d\u0438\u044f\" \/>\n\t<meta name=\"twitter:data1\" content=\"1 \u043c\u0438\u043d\u0443\u0442\u0430\" \/>\n<script type=\"application\/ld+json\" class=\"yoast-schema-graph\">{\"@context\":\"https:\\\/\\\/schema.org\",\"@graph\":[{\"@type\":\"WebPage\",\"@id\":\"https:\\\/\\\/tammetalu.eu\\\/toode\\\/piimputk-peucedanum-rablense\\\/\",\"url\":\"https:\\\/\\\/tammetalu.eu\\\/toode\\\/piimputk-peucedanum-rablense\\\/\",\"name\":\"Piimputk Peucedanum rablense - Tamme talu \u00fcrdiaed\",\"isPartOf\":{\"@id\":\"https:\\\/\\\/tammetalu.eu\\\/#website\"},\"primaryImageOfPage\":{\"@id\":\"https:\\\/\\\/tammetalu.eu\\\/toode\\\/piimputk-peucedanum-rablense\\\/#primaryimage\"},\"image\":{\"@id\":\"https:\\\/\\\/tammetalu.eu\\\/toode\\\/piimputk-peucedanum-rablense\\\/#primaryimage\"},\"thumbnailUrl\":\"https:\\\/\\\/tammetalu.eu\\\/wp-content\\\/uploads\\\/2025\\\/01\\\/Piimputk_Peucedanum-rablense_tamme_talu_urdiaed.jpg\",\"datePublished\":\"2025-02-04T13:45:20+00:00\",\"dateModified\":\"2026-05-06T09:05:30+00:00\",\"breadcrumb\":{\"@id\":\"https:\\\/\\\/tammetalu.eu\\\/toode\\\/piimputk-peucedanum-rablense\\\/#breadcrumb\"},\"inLanguage\":\"ru-RU\",\"potentialAction\":[{\"@type\":\"ReadAction\",\"target\":[\"https:\\\/\\\/tammetalu.eu\\\/toode\\\/piimputk-peucedanum-rablense\\\/\"]}]},{\"@type\":\"ImageObject\",\"inLanguage\":\"ru-RU\",\"@id\":\"https:\\\/\\\/tammetalu.eu\\\/toode\\\/piimputk-peucedanum-rablense\\\/#primaryimage\",\"url\":\"https:\\\/\\\/tammetalu.eu\\\/wp-content\\\/uploads\\\/2025\\\/01\\\/Piimputk_Peucedanum-rablense_tamme_talu_urdiaed.jpg\",\"contentUrl\":\"https:\\\/\\\/tammetalu.eu\\\/wp-content\\\/uploads\\\/2025\\\/01\\\/Piimputk_Peucedanum-rablense_tamme_talu_urdiaed.jpg\",\"width\":499,\"height\":468,\"caption\":\"Piimputk_Peucedanum-rablense_tamme_talu_urdiaed\"},{\"@type\":\"BreadcrumbList\",\"@id\":\"https:\\\/\\\/tammetalu.eu\\\/toode\\\/piimputk-peucedanum-rablense\\\/#breadcrumb\",\"itemListElement\":[{\"@type\":\"ListItem\",\"position\":1,\"name\":\"Home\",\"item\":\"https:\\\/\\\/tammetalu.eu\\\/ru\\\/esileht-rus\\\/\"},{\"@type\":\"ListItem\",\"position\":2,\"name\":\"\u041c\u0430\u0433\u0430\u0437\u0438\u043d\",\"item\":\"https:\\\/\\\/tammetalu.eu\\\/ru\\\/%d0%bc%d0%b0%d0%b3%d0%b0%d0%b7%d0%b8%d0%bd\\\/\"},{\"@type\":\"ListItem\",\"position\":3,\"name\":\"Piimputk Peucedanum rablense\"}]},{\"@type\":\"WebSite\",\"@id\":\"https:\\\/\\\/tammetalu.eu\\\/#website\",\"url\":\"https:\\\/\\\/tammetalu.eu\\\/\",\"name\":\"Tamme talu \u00fcrdiaed\",\"description\":\"K\u00e4sit\u00f6\u00f6na valmistatud tooted \u00fcrtidest, \u00fcrdiistikud, \u00fcrtide kollektsioonaed\",\"publisher\":{\"@id\":\"https:\\\/\\\/tammetalu.eu\\\/#organization\"},\"alternateName\":\"Tamme talu\",\"potentialAction\":[{\"@type\":\"SearchAction\",\"target\":{\"@type\":\"EntryPoint\",\"urlTemplate\":\"https:\\\/\\\/tammetalu.eu\\\/?s={search_term_string}\"},\"query-input\":{\"@type\":\"PropertyValueSpecification\",\"valueRequired\":true,\"valueName\":\"search_term_string\"}}],\"inLanguage\":\"ru-RU\"},{\"@type\":\"Organization\",\"@id\":\"https:\\\/\\\/tammetalu.eu\\\/#organization\",\"name\":\"Tamme talu \u00fcrdiaed\",\"alternateName\":\"Tamme talu\",\"url\":\"https:\\\/\\\/tammetalu.eu\\\/\",\"logo\":{\"@type\":\"ImageObject\",\"inLanguage\":\"ru-RU\",\"@id\":\"https:\\\/\\\/tammetalu.eu\\\/#\\\/schema\\\/logo\\\/image\\\/\",\"url\":\"https:\\\/\\\/tammetalu.eu\\\/wp-content\\\/uploads\\\/2025\\\/01\\\/Tamme_talu_urdiaed.png\",\"contentUrl\":\"https:\\\/\\\/tammetalu.eu\\\/wp-content\\\/uploads\\\/2025\\\/01\\\/Tamme_talu_urdiaed.png\",\"width\":560,\"height\":560,\"caption\":\"Tamme talu \u00fcrdiaed\"},\"image\":{\"@id\":\"https:\\\/\\\/tammetalu.eu\\\/#\\\/schema\\\/logo\\\/image\\\/\"},\"sameAs\":[\"https:\\\/\\\/www.facebook.com\\\/TammeTaluUrdiaed\\\/?locale=et_EE\",\"https:\\\/\\\/www.instagram.com\\\/tammetaluurdiaed\\\/\"]}]}<\/script>\n<!-- \/ Yoast SEO plugin. -->","yoast_head_json":{"title":"Piimputk Peucedanum rablense - Tamme talu \u00fcrdiaed","robots":{"index":"index","follow":"follow","max-snippet":"max-snippet:-1","max-image-preview":"max-image-preview:large","max-video-preview":"max-video-preview:-1"},"canonical":"https:\/\/tammetalu.eu\/toode\/piimputk-peucedanum-rablense\/","og_locale":"ru_RU","og_type":"article","og_title":"Piimputk Peucedanum rablense - Tamme talu \u00fcrdiaed","og_description":"LAT: \u00a0Peucedanum rablense  ENG: \u00a0Masterwort rablense  RU:  FI:  See piimputke liik on p\u00e4rit Vahemere regioonist ja on laialt levinud Euroopa m\u00e4gipiirkondades (Austria, Liechtenstein, Saksamaa, Itaalia ja Sloveenia), kus kasvab p\u00e4ikeselistel lubjakivistel m\u00e4en\u00f5lvadel savikal pinnasel. Kauni ja \u00f5rna v\u00e4limusega taimel on kohev pitsiline lehestik ja valged kuni roosakasvalged sarikatesse koondunud v\u00e4ikesed \u00f5ied. See Itaalia Alpidest p\u00e4rit piimputke liik on suhteliselt v\u00e4hetuntud ning alles hiljuti leidnud tee ilu- ja tarbeaedadesse.  Piimputk vajab heaks kasvamiseks h\u00e4sti kuivendatud kuni parasniisket pinnast ja p\u00e4ikeselist kuni poolvarjulist kruusa- ja saviseguse mullaga kasvukohta.  Seda piimputke liiki kasutatakse ravimtaimena seedeprobleemide, hingamisteede ja nahahaiguste raviks.  K\u00f5rgus: 0,65 m  \u00d5itsemise aeg: VI-VIII  Talvekindlus: Talvekindel  Poti suurus: 13-15","og_url":"https:\/\/tammetalu.eu\/toode\/piimputk-peucedanum-rablense\/","og_site_name":"Tamme talu \u00fcrdiaed","article_publisher":"https:\/\/www.facebook.com\/TammeTaluUrdiaed\/?locale=et_EE","article_modified_time":"2026-05-06T09:05:30+00:00","og_image":[{"width":499,"height":468,"url":"https:\/\/tammetalu.eu\/wp-content\/uploads\/2025\/01\/Piimputk_Peucedanum-rablense_tamme_talu_urdiaed.jpg","type":"image\/jpeg"}],"twitter_card":"summary_large_image","twitter_misc":{"\u041f\u0440\u0438\u043c\u0435\u0440\u043d\u043e\u0435 \u0432\u0440\u0435\u043c\u044f \u0434\u043b\u044f \u0447\u0442\u0435\u043d\u0438\u044f":"1 \u043c\u0438\u043d\u0443\u0442\u0430"},"schema":{"@context":"https:\/\/schema.org","@graph":[{"@type":"WebPage","@id":"https:\/\/tammetalu.eu\/toode\/piimputk-peucedanum-rablense\/","url":"https:\/\/tammetalu.eu\/toode\/piimputk-peucedanum-rablense\/","name":"Piimputk Peucedanum rablense - Tamme talu \u00fcrdiaed","isPartOf":{"@id":"https:\/\/tammetalu.eu\/#website"},"primaryImageOfPage":{"@id":"https:\/\/tammetalu.eu\/toode\/piimputk-peucedanum-rablense\/#primaryimage"},"image":{"@id":"https:\/\/tammetalu.eu\/toode\/piimputk-peucedanum-rablense\/#primaryimage"},"thumbnailUrl":"https:\/\/tammetalu.eu\/wp-content\/uploads\/2025\/01\/Piimputk_Peucedanum-rablense_tamme_talu_urdiaed.jpg","datePublished":"2025-02-04T13:45:20+00:00","dateModified":"2026-05-06T09:05:30+00:00","breadcrumb":{"@id":"https:\/\/tammetalu.eu\/toode\/piimputk-peucedanum-rablense\/#breadcrumb"},"inLanguage":"ru-RU","potentialAction":[{"@type":"ReadAction","target":["https:\/\/tammetalu.eu\/toode\/piimputk-peucedanum-rablense\/"]}]},{"@type":"ImageObject","inLanguage":"ru-RU","@id":"https:\/\/tammetalu.eu\/toode\/piimputk-peucedanum-rablense\/#primaryimage","url":"https:\/\/tammetalu.eu\/wp-content\/uploads\/2025\/01\/Piimputk_Peucedanum-rablense_tamme_talu_urdiaed.jpg","contentUrl":"https:\/\/tammetalu.eu\/wp-content\/uploads\/2025\/01\/Piimputk_Peucedanum-rablense_tamme_talu_urdiaed.jpg","width":499,"height":468,"caption":"Piimputk_Peucedanum-rablense_tamme_talu_urdiaed"},{"@type":"BreadcrumbList","@id":"https:\/\/tammetalu.eu\/toode\/piimputk-peucedanum-rablense\/#breadcrumb","itemListElement":[{"@type":"ListItem","position":1,"name":"Home","item":"https:\/\/tammetalu.eu\/ru\/esileht-rus\/"},{"@type":"ListItem","position":2,"name":"\u041c\u0430\u0433\u0430\u0437\u0438\u043d","item":"https:\/\/tammetalu.eu\/ru\/%d0%bc%d0%b0%d0%b3%d0%b0%d0%b7%d0%b8%d0%bd\/"},{"@type":"ListItem","position":3,"name":"Piimputk Peucedanum rablense"}]},{"@type":"WebSite","@id":"https:\/\/tammetalu.eu\/#website","url":"https:\/\/tammetalu.eu\/","name":"Tamme talu \u00fcrdiaed","description":"K\u00e4sit\u00f6\u00f6na valmistatud tooted \u00fcrtidest, \u00fcrdiistikud, \u00fcrtide kollektsioonaed","publisher":{"@id":"https:\/\/tammetalu.eu\/#organization"},"alternateName":"Tamme talu","potentialAction":[{"@type":"SearchAction","target":{"@type":"EntryPoint","urlTemplate":"https:\/\/tammetalu.eu\/?s={search_term_string}"},"query-input":{"@type":"PropertyValueSpecification","valueRequired":true,"valueName":"search_term_string"}}],"inLanguage":"ru-RU"},{"@type":"Organization","@id":"https:\/\/tammetalu.eu\/#organization","name":"Tamme talu \u00fcrdiaed","alternateName":"Tamme talu","url":"https:\/\/tammetalu.eu\/","logo":{"@type":"ImageObject","inLanguage":"ru-RU","@id":"https:\/\/tammetalu.eu\/#\/schema\/logo\/image\/","url":"https:\/\/tammetalu.eu\/wp-content\/uploads\/2025\/01\/Tamme_talu_urdiaed.png","contentUrl":"https:\/\/tammetalu.eu\/wp-content\/uploads\/2025\/01\/Tamme_talu_urdiaed.png","width":560,"height":560,"caption":"Tamme talu \u00fcrdiaed"},"image":{"@id":"https:\/\/tammetalu.eu\/#\/schema\/logo\/image\/"},"sameAs":["https:\/\/www.facebook.com\/TammeTaluUrdiaed\/?locale=et_EE","https:\/\/www.instagram.com\/tammetaluurdiaed\/"]}]}},"_links":{"self":[{"href":"https:\/\/tammetalu.eu\/ru\/wp-json\/wp\/v2\/product\/23261","targetHints":{"allow":["GET"]}}],"collection":[{"href":"https:\/\/tammetalu.eu\/ru\/wp-json\/wp\/v2\/product"}],"about":[{"href":"https:\/\/tammetalu.eu\/ru\/wp-json\/wp\/v2\/types\/product"}],"wp:featuredmedia":[{"embeddable":true,"href":"https:\/\/tammetalu.eu\/ru\/wp-json\/wp\/v2\/media\/23262"}],"wp:attachment":[{"href":"https:\/\/tammetalu.eu\/ru\/wp-json\/wp\/v2\/media?parent=23261"}],"wp:term":[{"taxonomy":"product_brand","embeddable":true,"href":"https:\/\/tammetalu.eu\/ru\/wp-json\/wp\/v2\/product_brand?post=23261"},{"taxonomy":"product_cat","embeddable":true,"href":"https:\/\/tammetalu.eu\/ru\/wp-json\/wp\/v2\/product_cat?post=23261"},{"taxonomy":"product_tag","embeddable":true,"href":"https:\/\/tammetalu.eu\/ru\/wp-json\/wp\/v2\/product_tag?post=23261"}],"curies":[{"name":"wp","href":"https:\/\/api.w.org\/{rel}","templated":true}]}}