{"id":23309,"date":"2025-01-30T10:10:07","date_gmt":"2025-01-30T08:10:07","guid":{"rendered":"https:\/\/tammetalu.eu\/?post_type=product&#038;p=23309"},"modified":"2026-04-22T20:15:02","modified_gmt":"2026-04-22T17:15:02","slug":"metssalvei-salvia-nemorosa-blaukoenigin","status":"publish","type":"product","link":"https:\/\/tammetalu.eu\/ru\/toode\/metssalvei-salvia-nemorosa-blaukoenigin\/","title":{"rendered":"Metssalvei Salvia nemorosa &#171;Blaukoenigin&#187;"},"content":{"rendered":"","protected":false},"excerpt":{"rendered":"<p>Metssalvei Salvia nemorosa<\/p>\n<p>LAT: <em>Salvia nemorosa<\/em><\/p>\n<p>ENG: Woodland sage<\/p>\n<p>RU: \u0428\u0430\u043b\u0444\u0435\u0439 \u0434\u0443\u0431\u0440\u0430\u0432\u043d\u044b\u0439<\/p>\n<p>FI: Lehtosalvia<\/p>\n<p>Metssalvei sort \u201eBlauk\u00f6nigin\u201c on lillakassiniste saledate \u00f5isikute ja kitsaste tumeroheliste lehtedega rikkalikult ja kaua \u00f5itsev t\u00e4iesti talvekindel p\u00fcsik.<\/p>\n<p>Kasvamiseks sobib tavaline vett h\u00e4sti l\u00e4bilaskev aiamuld ja p\u00e4ikeseline v\u00f5i poolvarjuline kasvukoht. On tundlik liigsele niiskusele, eriti talvel. Taime teistkordseks \u00f5itsemiseks on soovitav \u00e4ra\u00f5itsenud \u00f5isikud maha l\u00f5igata.<\/p>\n<p>Metssalvei sobib lisaks p\u00fcsikupeenrale ka loodusliku ilmega aeda. On v\u00e4ga v\u00e4hen\u00f5udlik ja vastupidav taim istutamiseks nii suuremate kui v\u00e4iksemate gruppidena.<\/p>\n<p>Lumeta talvel on soovitav taimi katta. Alates juulist kuni septembrini puhkeb taimel rohkelt s\u00e4ravatoonilisi \u00f5isikuid, mis meelitava ligi tolmeldajaid. Taimed kasvavad h\u00e4sti nii p\u00e4ikese k\u00e4es kui poolvarjus kuivemas kuni parasniiskes toitainete rikkas mullas.<\/p>\n<p>Sobib kasvatamiseks \u00fcrdipeenras, kiviktaimlas, p\u00fcsilillepeenra \u00e4\u00e4ristaimena. \u00d5isi v\u00f5ib s\u00e4ttida lillekimpudesse. Aromaatseid \u00f5isi v\u00f5ib kasutada salatites v\u00f5i magustoitudele ja roogadele s\u00f6\u00f6davate kaunistuste lisamiseks.<\/p>\n<p>Ravimtaimena kasutatakse metssalvei lehti erinevate maade rahvameditsiinis k\u00f5hulahtisuse raviks ning v\u00e4lispidiselt verejooksude peatamiseks.<\/p>\n<p>K\u00f5rgus: kuni 0,60 m<\/p>\n<p>Laius: kuni 0,40 m<\/p>\n<p>\u00d5itsemise aeg: VI-VIII<\/p>\n<p>Talvekindlus: V\u00e4ga hea<\/p>\n<p>Poti suurus: 9-11<\/p>\n","protected":false},"featured_media":23310,"template":"","meta":{"_acf_changed":false,"_et_pb_use_builder":"","_et_pb_old_content":"","_et_gb_content_width":"","inline_featured_image":false},"product_brand":[],"product_cat":[247,186,196],"product_tag":[],"class_list":{"0":"post-23309","1":"product","2":"type-product","3":"status-publish","4":"has-post-thumbnail","6":"product_cat-rohenappude-lemmikud","7":"product_cat-maitse-ja-ravimtaimede-istikud","8":"product_cat-salveid","10":"first","11":"instock","12":"sale","13":"taxable","14":"shipping-taxable","15":"purchasable","16":"product-type-simple"},"acf":[],"yoast_head":"<!-- This site is optimized with the Yoast SEO plugin v26.4 - https:\/\/yoast.com\/wordpress\/plugins\/seo\/ -->\n<title>Metssalvei Salvia nemorosa &quot;Blaukoenigin&quot; - Tamme talu \u00fcrdiaed<\/title>\n<meta name=\"robots\" content=\"index, follow, max-snippet:-1, max-image-preview:large, max-video-preview:-1\" \/>\n<link rel=\"canonical\" href=\"https:\/\/tammetalu.eu\/toode\/metssalvei-salvia-nemorosa-blaukoenigin\/\" \/>\n<meta property=\"og:locale\" content=\"ru_RU\" \/>\n<meta property=\"og:type\" content=\"article\" \/>\n<meta property=\"og:title\" content=\"Metssalvei Salvia nemorosa &quot;Blaukoenigin&quot; - Tamme talu \u00fcrdiaed\" \/>\n<meta property=\"og:description\" content=\"Metssalvei Salvia nemorosaLAT: Salvia nemorosaENG: Woodland sageRU: \u0428\u0430\u043b\u0444\u0435\u0439 \u0434\u0443\u0431\u0440\u0430\u0432\u043d\u044b\u0439FI: LehtosalviaMetssalvei sort \u201eBlauk\u00f6nigin\u201c on lillakassiniste saledate \u00f5isikute ja kitsaste tumeroheliste lehtedega rikkalikult ja kaua \u00f5itsev t\u00e4iesti talvekindel p\u00fcsik.Kasvamiseks sobib tavaline vett h\u00e4sti l\u00e4bilaskev aiamuld ja p\u00e4ikeseline v\u00f5i poolvarjuline kasvukoht. On tundlik liigsele niiskusele, eriti talvel. Taime teistkordseks \u00f5itsemiseks on soovitav \u00e4ra\u00f5itsenud \u00f5isikud maha l\u00f5igata.Metssalvei sobib lisaks p\u00fcsikupeenrale ka loodusliku ilmega aeda. On v\u00e4ga v\u00e4hen\u00f5udlik ja vastupidav taim istutamiseks nii suuremate kui v\u00e4iksemate gruppidena.Lumeta talvel on soovitav taimi katta. Alates juulist kuni septembrini puhkeb taimel rohkelt s\u00e4ravatoonilisi \u00f5isikuid, mis meelitava ligi tolmeldajaid. Taimed kasvavad h\u00e4sti nii p\u00e4ikese k\u00e4es kui poolvarjus kuivemas kuni parasniiskes toitainete rikkas mullas.Sobib kasvatamiseks \u00fcrdipeenras, kiviktaimlas, p\u00fcsilillepeenra \u00e4\u00e4ristaimena. \u00d5isi v\u00f5ib s\u00e4ttida lillekimpudesse. Aromaatseid \u00f5isi v\u00f5ib kasutada salatites v\u00f5i magustoitudele ja roogadele s\u00f6\u00f6davate kaunistuste lisamiseks.Ravimtaimena kasutatakse metssalvei lehti erinevate maade rahvameditsiinis k\u00f5hulahtisuse raviks ning v\u00e4lispidiselt verejooksude peatamiseks.K\u00f5rgus: kuni 0,60 mLaius: kuni 0,40 m\u00d5itsemise aeg: VI-VIIITalvekindlus: V\u00e4ga heaPoti suurus: 9-11\" \/>\n<meta property=\"og:url\" content=\"https:\/\/tammetalu.eu\/toode\/metssalvei-salvia-nemorosa-blaukoenigin\/\" \/>\n<meta property=\"og:site_name\" content=\"Tamme talu \u00fcrdiaed\" \/>\n<meta property=\"article:publisher\" content=\"https:\/\/www.facebook.com\/TammeTaluUrdiaed\/?locale=et_EE\" \/>\n<meta property=\"article:modified_time\" content=\"2026-04-22T17:15:02+00:00\" \/>\n<meta property=\"og:image\" content=\"https:\/\/tammetalu.eu\/wp-content\/uploads\/2025\/01\/Metssalvei_Salvia-nemorosa-Blaukoenigin_tamme_talu_urdiaed.jpg\" \/>\n\t<meta property=\"og:image:width\" content=\"436\" \/>\n\t<meta property=\"og:image:height\" content=\"560\" \/>\n\t<meta property=\"og:image:type\" content=\"image\/jpeg\" \/>\n<meta name=\"twitter:card\" content=\"summary_large_image\" \/>\n<meta name=\"twitter:label1\" content=\"\u041f\u0440\u0438\u043c\u0435\u0440\u043d\u043e\u0435 \u0432\u0440\u0435\u043c\u044f \u0434\u043b\u044f \u0447\u0442\u0435\u043d\u0438\u044f\" \/>\n\t<meta name=\"twitter:data1\" content=\"1 \u043c\u0438\u043d\u0443\u0442\u0430\" \/>\n<script type=\"application\/ld+json\" class=\"yoast-schema-graph\">{\"@context\":\"https:\/\/schema.org\",\"@graph\":[{\"@type\":\"WebPage\",\"@id\":\"https:\/\/tammetalu.eu\/toode\/metssalvei-salvia-nemorosa-blaukoenigin\/\",\"url\":\"https:\/\/tammetalu.eu\/toode\/metssalvei-salvia-nemorosa-blaukoenigin\/\",\"name\":\"Metssalvei Salvia nemorosa \\\"Blaukoenigin\\\" - Tamme talu \u00fcrdiaed\",\"isPartOf\":{\"@id\":\"https:\/\/tammetalu.eu\/#website\"},\"primaryImageOfPage\":{\"@id\":\"https:\/\/tammetalu.eu\/toode\/metssalvei-salvia-nemorosa-blaukoenigin\/#primaryimage\"},\"image\":{\"@id\":\"https:\/\/tammetalu.eu\/toode\/metssalvei-salvia-nemorosa-blaukoenigin\/#primaryimage\"},\"thumbnailUrl\":\"https:\/\/tammetalu.eu\/wp-content\/uploads\/2025\/01\/Metssalvei_Salvia-nemorosa-Blaukoenigin_tamme_talu_urdiaed.jpg\",\"datePublished\":\"2025-01-30T08:10:07+00:00\",\"dateModified\":\"2026-04-22T17:15:02+00:00\",\"breadcrumb\":{\"@id\":\"https:\/\/tammetalu.eu\/toode\/metssalvei-salvia-nemorosa-blaukoenigin\/#breadcrumb\"},\"inLanguage\":\"ru-RU\",\"potentialAction\":[{\"@type\":\"ReadAction\",\"target\":[\"https:\/\/tammetalu.eu\/toode\/metssalvei-salvia-nemorosa-blaukoenigin\/\"]}]},{\"@type\":\"ImageObject\",\"inLanguage\":\"ru-RU\",\"@id\":\"https:\/\/tammetalu.eu\/toode\/metssalvei-salvia-nemorosa-blaukoenigin\/#primaryimage\",\"url\":\"https:\/\/tammetalu.eu\/wp-content\/uploads\/2025\/01\/Metssalvei_Salvia-nemorosa-Blaukoenigin_tamme_talu_urdiaed.jpg\",\"contentUrl\":\"https:\/\/tammetalu.eu\/wp-content\/uploads\/2025\/01\/Metssalvei_Salvia-nemorosa-Blaukoenigin_tamme_talu_urdiaed.jpg\",\"width\":436,\"height\":560,\"caption\":\"Metssalvei_Salvia-nemorosa-Blaukoenigin_tamme_talu_urdiaed\"},{\"@type\":\"BreadcrumbList\",\"@id\":\"https:\/\/tammetalu.eu\/toode\/metssalvei-salvia-nemorosa-blaukoenigin\/#breadcrumb\",\"itemListElement\":[{\"@type\":\"ListItem\",\"position\":1,\"name\":\"Home\",\"item\":\"https:\/\/tammetalu.eu\/ru\/esileht-rus\/\"},{\"@type\":\"ListItem\",\"position\":2,\"name\":\"\u041c\u0430\u0433\u0430\u0437\u0438\u043d\",\"item\":\"https:\/\/tammetalu.eu\/ru\/%d0%bc%d0%b0%d0%b3%d0%b0%d0%b7%d0%b8%d0%bd\/\"},{\"@type\":\"ListItem\",\"position\":3,\"name\":\"Metssalvei Salvia nemorosa &#8220;Blaukoenigin&#8221;\"}]},{\"@type\":\"WebSite\",\"@id\":\"https:\/\/tammetalu.eu\/#website\",\"url\":\"https:\/\/tammetalu.eu\/\",\"name\":\"Tamme talu \u00fcrdiaed\",\"description\":\"K\u00e4sit\u00f6\u00f6na valmistatud tooted \u00fcrtidest, \u00fcrdiistikud, \u00fcrtide kollektsioonaed\",\"publisher\":{\"@id\":\"https:\/\/tammetalu.eu\/#organization\"},\"alternateName\":\"Tamme talu\",\"potentialAction\":[{\"@type\":\"SearchAction\",\"target\":{\"@type\":\"EntryPoint\",\"urlTemplate\":\"https:\/\/tammetalu.eu\/?s={search_term_string}\"},\"query-input\":{\"@type\":\"PropertyValueSpecification\",\"valueRequired\":true,\"valueName\":\"search_term_string\"}}],\"inLanguage\":\"ru-RU\"},{\"@type\":\"Organization\",\"@id\":\"https:\/\/tammetalu.eu\/#organization\",\"name\":\"Tamme talu \u00fcrdiaed\",\"alternateName\":\"Tamme talu\",\"url\":\"https:\/\/tammetalu.eu\/\",\"logo\":{\"@type\":\"ImageObject\",\"inLanguage\":\"ru-RU\",\"@id\":\"https:\/\/tammetalu.eu\/#\/schema\/logo\/image\/\",\"url\":\"https:\/\/tammetalu.eu\/wp-content\/uploads\/2025\/01\/Tamme_talu_urdiaed.png\",\"contentUrl\":\"https:\/\/tammetalu.eu\/wp-content\/uploads\/2025\/01\/Tamme_talu_urdiaed.png\",\"width\":560,\"height\":560,\"caption\":\"Tamme talu \u00fcrdiaed\"},\"image\":{\"@id\":\"https:\/\/tammetalu.eu\/#\/schema\/logo\/image\/\"},\"sameAs\":[\"https:\/\/www.facebook.com\/TammeTaluUrdiaed\/?locale=et_EE\",\"https:\/\/www.instagram.com\/tammetaluurdiaed\/\"]}]}<\/script>\n<!-- \/ Yoast SEO plugin. -->","yoast_head_json":{"title":"Metssalvei Salvia nemorosa \"Blaukoenigin\" - Tamme talu \u00fcrdiaed","robots":{"index":"index","follow":"follow","max-snippet":"max-snippet:-1","max-image-preview":"max-image-preview:large","max-video-preview":"max-video-preview:-1"},"canonical":"https:\/\/tammetalu.eu\/toode\/metssalvei-salvia-nemorosa-blaukoenigin\/","og_locale":"ru_RU","og_type":"article","og_title":"Metssalvei Salvia nemorosa \"Blaukoenigin\" - Tamme talu \u00fcrdiaed","og_description":"Metssalvei Salvia nemorosaLAT: Salvia nemorosaENG: Woodland sageRU: \u0428\u0430\u043b\u0444\u0435\u0439 \u0434\u0443\u0431\u0440\u0430\u0432\u043d\u044b\u0439FI: LehtosalviaMetssalvei sort \u201eBlauk\u00f6nigin\u201c on lillakassiniste saledate \u00f5isikute ja kitsaste tumeroheliste lehtedega rikkalikult ja kaua \u00f5itsev t\u00e4iesti talvekindel p\u00fcsik.Kasvamiseks sobib tavaline vett h\u00e4sti l\u00e4bilaskev aiamuld ja p\u00e4ikeseline v\u00f5i poolvarjuline kasvukoht. On tundlik liigsele niiskusele, eriti talvel. Taime teistkordseks \u00f5itsemiseks on soovitav \u00e4ra\u00f5itsenud \u00f5isikud maha l\u00f5igata.Metssalvei sobib lisaks p\u00fcsikupeenrale ka loodusliku ilmega aeda. On v\u00e4ga v\u00e4hen\u00f5udlik ja vastupidav taim istutamiseks nii suuremate kui v\u00e4iksemate gruppidena.Lumeta talvel on soovitav taimi katta. Alates juulist kuni septembrini puhkeb taimel rohkelt s\u00e4ravatoonilisi \u00f5isikuid, mis meelitava ligi tolmeldajaid. Taimed kasvavad h\u00e4sti nii p\u00e4ikese k\u00e4es kui poolvarjus kuivemas kuni parasniiskes toitainete rikkas mullas.Sobib kasvatamiseks \u00fcrdipeenras, kiviktaimlas, p\u00fcsilillepeenra \u00e4\u00e4ristaimena. \u00d5isi v\u00f5ib s\u00e4ttida lillekimpudesse. Aromaatseid \u00f5isi v\u00f5ib kasutada salatites v\u00f5i magustoitudele ja roogadele s\u00f6\u00f6davate kaunistuste lisamiseks.Ravimtaimena kasutatakse metssalvei lehti erinevate maade rahvameditsiinis k\u00f5hulahtisuse raviks ning v\u00e4lispidiselt verejooksude peatamiseks.K\u00f5rgus: kuni 0,60 mLaius: kuni 0,40 m\u00d5itsemise aeg: VI-VIIITalvekindlus: V\u00e4ga heaPoti suurus: 9-11","og_url":"https:\/\/tammetalu.eu\/toode\/metssalvei-salvia-nemorosa-blaukoenigin\/","og_site_name":"Tamme talu \u00fcrdiaed","article_publisher":"https:\/\/www.facebook.com\/TammeTaluUrdiaed\/?locale=et_EE","article_modified_time":"2026-04-22T17:15:02+00:00","og_image":[{"width":436,"height":560,"url":"https:\/\/tammetalu.eu\/wp-content\/uploads\/2025\/01\/Metssalvei_Salvia-nemorosa-Blaukoenigin_tamme_talu_urdiaed.jpg","type":"image\/jpeg"}],"twitter_card":"summary_large_image","twitter_misc":{"\u041f\u0440\u0438\u043c\u0435\u0440\u043d\u043e\u0435 \u0432\u0440\u0435\u043c\u044f \u0434\u043b\u044f \u0447\u0442\u0435\u043d\u0438\u044f":"1 \u043c\u0438\u043d\u0443\u0442\u0430"},"schema":{"@context":"https:\/\/schema.org","@graph":[{"@type":"WebPage","@id":"https:\/\/tammetalu.eu\/toode\/metssalvei-salvia-nemorosa-blaukoenigin\/","url":"https:\/\/tammetalu.eu\/toode\/metssalvei-salvia-nemorosa-blaukoenigin\/","name":"Metssalvei Salvia nemorosa \"Blaukoenigin\" - Tamme talu \u00fcrdiaed","isPartOf":{"@id":"https:\/\/tammetalu.eu\/#website"},"primaryImageOfPage":{"@id":"https:\/\/tammetalu.eu\/toode\/metssalvei-salvia-nemorosa-blaukoenigin\/#primaryimage"},"image":{"@id":"https:\/\/tammetalu.eu\/toode\/metssalvei-salvia-nemorosa-blaukoenigin\/#primaryimage"},"thumbnailUrl":"https:\/\/tammetalu.eu\/wp-content\/uploads\/2025\/01\/Metssalvei_Salvia-nemorosa-Blaukoenigin_tamme_talu_urdiaed.jpg","datePublished":"2025-01-30T08:10:07+00:00","dateModified":"2026-04-22T17:15:02+00:00","breadcrumb":{"@id":"https:\/\/tammetalu.eu\/toode\/metssalvei-salvia-nemorosa-blaukoenigin\/#breadcrumb"},"inLanguage":"ru-RU","potentialAction":[{"@type":"ReadAction","target":["https:\/\/tammetalu.eu\/toode\/metssalvei-salvia-nemorosa-blaukoenigin\/"]}]},{"@type":"ImageObject","inLanguage":"ru-RU","@id":"https:\/\/tammetalu.eu\/toode\/metssalvei-salvia-nemorosa-blaukoenigin\/#primaryimage","url":"https:\/\/tammetalu.eu\/wp-content\/uploads\/2025\/01\/Metssalvei_Salvia-nemorosa-Blaukoenigin_tamme_talu_urdiaed.jpg","contentUrl":"https:\/\/tammetalu.eu\/wp-content\/uploads\/2025\/01\/Metssalvei_Salvia-nemorosa-Blaukoenigin_tamme_talu_urdiaed.jpg","width":436,"height":560,"caption":"Metssalvei_Salvia-nemorosa-Blaukoenigin_tamme_talu_urdiaed"},{"@type":"BreadcrumbList","@id":"https:\/\/tammetalu.eu\/toode\/metssalvei-salvia-nemorosa-blaukoenigin\/#breadcrumb","itemListElement":[{"@type":"ListItem","position":1,"name":"Home","item":"https:\/\/tammetalu.eu\/ru\/esileht-rus\/"},{"@type":"ListItem","position":2,"name":"\u041c\u0430\u0433\u0430\u0437\u0438\u043d","item":"https:\/\/tammetalu.eu\/ru\/%d0%bc%d0%b0%d0%b3%d0%b0%d0%b7%d0%b8%d0%bd\/"},{"@type":"ListItem","position":3,"name":"Metssalvei Salvia nemorosa &#8220;Blaukoenigin&#8221;"}]},{"@type":"WebSite","@id":"https:\/\/tammetalu.eu\/#website","url":"https:\/\/tammetalu.eu\/","name":"Tamme talu \u00fcrdiaed","description":"K\u00e4sit\u00f6\u00f6na valmistatud tooted \u00fcrtidest, \u00fcrdiistikud, \u00fcrtide kollektsioonaed","publisher":{"@id":"https:\/\/tammetalu.eu\/#organization"},"alternateName":"Tamme talu","potentialAction":[{"@type":"SearchAction","target":{"@type":"EntryPoint","urlTemplate":"https:\/\/tammetalu.eu\/?s={search_term_string}"},"query-input":{"@type":"PropertyValueSpecification","valueRequired":true,"valueName":"search_term_string"}}],"inLanguage":"ru-RU"},{"@type":"Organization","@id":"https:\/\/tammetalu.eu\/#organization","name":"Tamme talu \u00fcrdiaed","alternateName":"Tamme talu","url":"https:\/\/tammetalu.eu\/","logo":{"@type":"ImageObject","inLanguage":"ru-RU","@id":"https:\/\/tammetalu.eu\/#\/schema\/logo\/image\/","url":"https:\/\/tammetalu.eu\/wp-content\/uploads\/2025\/01\/Tamme_talu_urdiaed.png","contentUrl":"https:\/\/tammetalu.eu\/wp-content\/uploads\/2025\/01\/Tamme_talu_urdiaed.png","width":560,"height":560,"caption":"Tamme talu \u00fcrdiaed"},"image":{"@id":"https:\/\/tammetalu.eu\/#\/schema\/logo\/image\/"},"sameAs":["https:\/\/www.facebook.com\/TammeTaluUrdiaed\/?locale=et_EE","https:\/\/www.instagram.com\/tammetaluurdiaed\/"]}]}},"_links":{"self":[{"href":"https:\/\/tammetalu.eu\/ru\/wp-json\/wp\/v2\/product\/23309","targetHints":{"allow":["GET"]}}],"collection":[{"href":"https:\/\/tammetalu.eu\/ru\/wp-json\/wp\/v2\/product"}],"about":[{"href":"https:\/\/tammetalu.eu\/ru\/wp-json\/wp\/v2\/types\/product"}],"wp:featuredmedia":[{"embeddable":true,"href":"https:\/\/tammetalu.eu\/ru\/wp-json\/wp\/v2\/media\/23310"}],"wp:attachment":[{"href":"https:\/\/tammetalu.eu\/ru\/wp-json\/wp\/v2\/media?parent=23309"}],"wp:term":[{"taxonomy":"product_brand","embeddable":true,"href":"https:\/\/tammetalu.eu\/ru\/wp-json\/wp\/v2\/product_brand?post=23309"},{"taxonomy":"product_cat","embeddable":true,"href":"https:\/\/tammetalu.eu\/ru\/wp-json\/wp\/v2\/product_cat?post=23309"},{"taxonomy":"product_tag","embeddable":true,"href":"https:\/\/tammetalu.eu\/ru\/wp-json\/wp\/v2\/product_tag?post=23309"}],"curies":[{"name":"wp","href":"https:\/\/api.w.org\/{rel}","templated":true}]}}