{"id":23469,"date":"2025-02-02T12:43:51","date_gmt":"2025-02-02T10:43:51","guid":{"rendered":"https:\/\/tammetalu.eu\/?post_type=product&#038;p=23469"},"modified":"2026-04-06T21:53:06","modified_gmt":"2026-04-06T18:53:06","slug":"soorohi-houttuynia-cordata","status":"publish","type":"product","link":"https:\/\/tammetalu.eu\/ru\/toode\/soorohi-houttuynia-cordata\/","title":{"rendered":"Soorohi Houttuynia cordata"},"content":{"rendered":"","protected":false},"excerpt":{"rendered":"<p>Soorohi <em>Houttuynia cordata <\/em><\/p>\n<p>LAT: \u00a0<em>Houttuynia cordata<\/em><\/p>\n<p>ENG: \u00a0Fish mint<\/p>\n<p>RU: \u00a0\u0425\u0430\u0443\u0442\u0442\u044e\u043d\u0438\u044f \u0441\u0435\u0440\u0434\u0446\u0435\u043b\u0438\u0441\u0442\u043d\u0430\u044f<\/p>\n<p>FI: \u00a0Kameleonttilehdet<\/p>\n<p>Soorohule sobib aias parasniiske kuni niiske rammus muld, p\u00e4ikeseline kuni \u00a0varjuline aiaosa. Sobib puude ja p\u00f5\u00f5saste alla pinnakatteks kohtades, kus taim laiutada saab. Eestis kasvab soorohi talvekindla p\u00fcsikuna ja talub korraliku lumikatte all kuni -30\u2070C. Levib maa-aluste risoomidega. Sobib kasvatamiseks potis v\u00f5i madalas aiavaasis. Ka tiigitaimena on soorohi kaunis v\u00e4rvilaik, kuid sel juhul soovitan soorohu tiiki panna koos potiga, et taim liigselt vohada ei saaks. V\u00e4ikeseks puuduseks on taime kevadine hiline \u00e4rkamine, seep\u00e4rast on soovitav taime asukoht s\u00fcgisel m\u00e4rgistada.<\/p>\n<p>Soorohtu kasvatatakse Aasias tavaliselt lehtk\u00f6\u00f6giviljana ja s\u00fc\u00fcakse tihti koos teiste roheliste salatikultuuridega toorelt v\u00f5i v\u00e4hesel m\u00e4\u00e4ral kuumutatult. Soorohu lehtedel on lenduva \u00f5li dekano\u00fc\u00fclatsetaldeh\u00fc\u00fcdi (3-oksododekanaal) t\u00f5ttu \u00fcsna ebatavaline maitse. Seda maitset kirjeldatakse sageli kui &#171;kalane&#187;, mis on andnud soorohule h\u00fc\u00fcdnime &#171;kalam\u00fcnt&#187;.<\/p>\n<p>Soorohtu on Hiina meditsiinis kasutatud mitmete terviseprobleemide leevendamiseks nagu k\u00fclmetus, k\u00f6ha, palavik, kopsup\u00f5letik, mumps ja kasvajad, kuna taim on p\u00f5letikuvastane, antibakteriaalne, viirusevastane, antioks\u00fcdantne ja m\u00f5jub p\u00e4rssivalt kasvajatele.<\/p>\n<p>K\u00f5rgus: kuni 0,45 m<\/p>\n<p>\u00d5itsemise aeg: VII-VIII<\/p>\n<p>Talvekindlus: Suhteliselt talvekindel<\/p>\n<p>Poti suurus: 9-11<\/p>\n","protected":false},"featured_media":23470,"template":"","meta":{"_acf_changed":false,"_et_pb_use_builder":"","_et_pb_old_content":"","_et_gb_content_width":"","inline_featured_image":false},"product_brand":[],"product_cat":[237,186,192],"product_tag":[],"class_list":{"0":"post-23469","1":"product","2":"type-product","3":"status-publish","4":"has-post-thumbnail","6":"product_cat-aasia-toidutaimed","7":"product_cat-maitse-ja-ravimtaimede-istikud","8":"product_cat-mundid","10":"first","11":"instock","12":"sale","13":"taxable","14":"shipping-taxable","15":"purchasable","16":"product-type-simple"},"acf":[],"yoast_head":"<!-- This site is optimized with the Yoast SEO plugin v26.4 - https:\/\/yoast.com\/wordpress\/plugins\/seo\/ -->\n<title>Soorohi Houttuynia cordata - Tamme talu \u00fcrdiaed<\/title>\n<meta name=\"robots\" content=\"index, follow, max-snippet:-1, max-image-preview:large, max-video-preview:-1\" \/>\n<link rel=\"canonical\" href=\"https:\/\/tammetalu.eu\/toode\/soorohi-houttuynia-cordata\/\" \/>\n<meta property=\"og:locale\" content=\"ru_RU\" \/>\n<meta property=\"og:type\" content=\"article\" \/>\n<meta property=\"og:title\" content=\"Soorohi Houttuynia cordata - Tamme talu \u00fcrdiaed\" \/>\n<meta property=\"og:description\" content=\"Soorohi Houttuynia cordata   LAT: \u00a0Houttuynia cordata  ENG: \u00a0Fish mint  RU: \u00a0\u0425\u0430\u0443\u0442\u0442\u044e\u043d\u0438\u044f \u0441\u0435\u0440\u0434\u0446\u0435\u043b\u0438\u0441\u0442\u043d\u0430\u044f  FI: \u00a0Kameleonttilehdet  Soorohule sobib aias parasniiske kuni niiske rammus muld, p\u00e4ikeseline kuni \u00a0varjuline aiaosa. Sobib puude ja p\u00f5\u00f5saste alla pinnakatteks kohtades, kus taim laiutada saab. Eestis kasvab soorohi talvekindla p\u00fcsikuna ja talub korraliku lumikatte all kuni -30\u2070C. Levib maa-aluste risoomidega. Sobib kasvatamiseks potis v\u00f5i madalas aiavaasis. Ka tiigitaimena on soorohi kaunis v\u00e4rvilaik, kuid sel juhul soovitan soorohu tiiki panna koos potiga, et taim liigselt vohada ei saaks. V\u00e4ikeseks puuduseks on taime kevadine hiline \u00e4rkamine, seep\u00e4rast on soovitav taime asukoht s\u00fcgisel m\u00e4rgistada.  Soorohtu kasvatatakse Aasias tavaliselt lehtk\u00f6\u00f6giviljana ja s\u00fc\u00fcakse tihti koos teiste roheliste salatikultuuridega toorelt v\u00f5i v\u00e4hesel m\u00e4\u00e4ral kuumutatult. Soorohu lehtedel on lenduva \u00f5li dekano\u00fc\u00fclatsetaldeh\u00fc\u00fcdi (3-oksododekanaal) t\u00f5ttu \u00fcsna ebatavaline maitse. Seda maitset kirjeldatakse sageli kui &quot;kalane&quot;, mis on andnud soorohule h\u00fc\u00fcdnime &quot;kalam\u00fcnt&quot;.  Soorohtu on Hiina meditsiinis kasutatud mitmete terviseprobleemide leevendamiseks nagu k\u00fclmetus, k\u00f6ha, palavik, kopsup\u00f5letik, mumps ja kasvajad, kuna taim on p\u00f5letikuvastane, antibakteriaalne, viirusevastane, antioks\u00fcdantne ja m\u00f5jub p\u00e4rssivalt kasvajatele.  K\u00f5rgus: kuni 0,45 m  \u00d5itsemise aeg: VII-VIII  Talvekindlus: Suhteliselt talvekindel  Poti suurus: 9-11\" \/>\n<meta property=\"og:url\" content=\"https:\/\/tammetalu.eu\/toode\/soorohi-houttuynia-cordata\/\" \/>\n<meta property=\"og:site_name\" content=\"Tamme talu \u00fcrdiaed\" \/>\n<meta property=\"article:publisher\" content=\"https:\/\/www.facebook.com\/TammeTaluUrdiaed\/?locale=et_EE\" \/>\n<meta property=\"article:modified_time\" content=\"2026-04-06T18:53:06+00:00\" \/>\n<meta property=\"og:image\" content=\"https:\/\/tammetalu.eu\/wp-content\/uploads\/2025\/01\/Soorohi_Houttuynia_cordata_tamme_talu_urdiaed.jpg\" \/>\n\t<meta property=\"og:image:width\" content=\"640\" \/>\n\t<meta property=\"og:image:height\" content=\"480\" \/>\n\t<meta property=\"og:image:type\" content=\"image\/jpeg\" \/>\n<meta name=\"twitter:card\" content=\"summary_large_image\" \/>\n<meta name=\"twitter:label1\" content=\"\u041f\u0440\u0438\u043c\u0435\u0440\u043d\u043e\u0435 \u0432\u0440\u0435\u043c\u044f \u0434\u043b\u044f \u0447\u0442\u0435\u043d\u0438\u044f\" \/>\n\t<meta name=\"twitter:data1\" content=\"1 \u043c\u0438\u043d\u0443\u0442\u0430\" \/>\n<script type=\"application\/ld+json\" class=\"yoast-schema-graph\">{\"@context\":\"https:\/\/schema.org\",\"@graph\":[{\"@type\":\"WebPage\",\"@id\":\"https:\/\/tammetalu.eu\/toode\/soorohi-houttuynia-cordata\/\",\"url\":\"https:\/\/tammetalu.eu\/toode\/soorohi-houttuynia-cordata\/\",\"name\":\"Soorohi Houttuynia cordata - Tamme talu \u00fcrdiaed\",\"isPartOf\":{\"@id\":\"https:\/\/tammetalu.eu\/#website\"},\"primaryImageOfPage\":{\"@id\":\"https:\/\/tammetalu.eu\/toode\/soorohi-houttuynia-cordata\/#primaryimage\"},\"image\":{\"@id\":\"https:\/\/tammetalu.eu\/toode\/soorohi-houttuynia-cordata\/#primaryimage\"},\"thumbnailUrl\":\"https:\/\/tammetalu.eu\/wp-content\/uploads\/2025\/01\/Soorohi_Houttuynia_cordata_tamme_talu_urdiaed.jpg\",\"datePublished\":\"2025-02-02T10:43:51+00:00\",\"dateModified\":\"2026-04-06T18:53:06+00:00\",\"breadcrumb\":{\"@id\":\"https:\/\/tammetalu.eu\/toode\/soorohi-houttuynia-cordata\/#breadcrumb\"},\"inLanguage\":\"ru-RU\",\"potentialAction\":[{\"@type\":\"ReadAction\",\"target\":[\"https:\/\/tammetalu.eu\/toode\/soorohi-houttuynia-cordata\/\"]}]},{\"@type\":\"ImageObject\",\"inLanguage\":\"ru-RU\",\"@id\":\"https:\/\/tammetalu.eu\/toode\/soorohi-houttuynia-cordata\/#primaryimage\",\"url\":\"https:\/\/tammetalu.eu\/wp-content\/uploads\/2025\/01\/Soorohi_Houttuynia_cordata_tamme_talu_urdiaed.jpg\",\"contentUrl\":\"https:\/\/tammetalu.eu\/wp-content\/uploads\/2025\/01\/Soorohi_Houttuynia_cordata_tamme_talu_urdiaed.jpg\",\"width\":640,\"height\":480,\"caption\":\"Soorohi_Houttuynia_cordata_tamme_talu_urdiaed\"},{\"@type\":\"BreadcrumbList\",\"@id\":\"https:\/\/tammetalu.eu\/toode\/soorohi-houttuynia-cordata\/#breadcrumb\",\"itemListElement\":[{\"@type\":\"ListItem\",\"position\":1,\"name\":\"Home\",\"item\":\"https:\/\/tammetalu.eu\/ru\/esileht-rus\/\"},{\"@type\":\"ListItem\",\"position\":2,\"name\":\"\u041c\u0430\u0433\u0430\u0437\u0438\u043d\",\"item\":\"https:\/\/tammetalu.eu\/ru\/%d0%bc%d0%b0%d0%b3%d0%b0%d0%b7%d0%b8%d0%bd\/\"},{\"@type\":\"ListItem\",\"position\":3,\"name\":\"Soorohi Houttuynia cordata\"}]},{\"@type\":\"WebSite\",\"@id\":\"https:\/\/tammetalu.eu\/#website\",\"url\":\"https:\/\/tammetalu.eu\/\",\"name\":\"Tamme talu \u00fcrdiaed\",\"description\":\"K\u00e4sit\u00f6\u00f6na valmistatud tooted \u00fcrtidest, \u00fcrdiistikud, \u00fcrtide kollektsioonaed\",\"publisher\":{\"@id\":\"https:\/\/tammetalu.eu\/#organization\"},\"alternateName\":\"Tamme talu\",\"potentialAction\":[{\"@type\":\"SearchAction\",\"target\":{\"@type\":\"EntryPoint\",\"urlTemplate\":\"https:\/\/tammetalu.eu\/?s={search_term_string}\"},\"query-input\":{\"@type\":\"PropertyValueSpecification\",\"valueRequired\":true,\"valueName\":\"search_term_string\"}}],\"inLanguage\":\"ru-RU\"},{\"@type\":\"Organization\",\"@id\":\"https:\/\/tammetalu.eu\/#organization\",\"name\":\"Tamme talu \u00fcrdiaed\",\"alternateName\":\"Tamme talu\",\"url\":\"https:\/\/tammetalu.eu\/\",\"logo\":{\"@type\":\"ImageObject\",\"inLanguage\":\"ru-RU\",\"@id\":\"https:\/\/tammetalu.eu\/#\/schema\/logo\/image\/\",\"url\":\"https:\/\/tammetalu.eu\/wp-content\/uploads\/2025\/01\/Tamme_talu_urdiaed.png\",\"contentUrl\":\"https:\/\/tammetalu.eu\/wp-content\/uploads\/2025\/01\/Tamme_talu_urdiaed.png\",\"width\":560,\"height\":560,\"caption\":\"Tamme talu \u00fcrdiaed\"},\"image\":{\"@id\":\"https:\/\/tammetalu.eu\/#\/schema\/logo\/image\/\"},\"sameAs\":[\"https:\/\/www.facebook.com\/TammeTaluUrdiaed\/?locale=et_EE\",\"https:\/\/www.instagram.com\/tammetaluurdiaed\/\"]}]}<\/script>\n<!-- \/ Yoast SEO plugin. -->","yoast_head_json":{"title":"Soorohi Houttuynia cordata - Tamme talu \u00fcrdiaed","robots":{"index":"index","follow":"follow","max-snippet":"max-snippet:-1","max-image-preview":"max-image-preview:large","max-video-preview":"max-video-preview:-1"},"canonical":"https:\/\/tammetalu.eu\/toode\/soorohi-houttuynia-cordata\/","og_locale":"ru_RU","og_type":"article","og_title":"Soorohi Houttuynia cordata - Tamme talu \u00fcrdiaed","og_description":"Soorohi Houttuynia cordata   LAT: \u00a0Houttuynia cordata  ENG: \u00a0Fish mint  RU: \u00a0\u0425\u0430\u0443\u0442\u0442\u044e\u043d\u0438\u044f \u0441\u0435\u0440\u0434\u0446\u0435\u043b\u0438\u0441\u0442\u043d\u0430\u044f  FI: \u00a0Kameleonttilehdet  Soorohule sobib aias parasniiske kuni niiske rammus muld, p\u00e4ikeseline kuni \u00a0varjuline aiaosa. Sobib puude ja p\u00f5\u00f5saste alla pinnakatteks kohtades, kus taim laiutada saab. Eestis kasvab soorohi talvekindla p\u00fcsikuna ja talub korraliku lumikatte all kuni -30\u2070C. Levib maa-aluste risoomidega. Sobib kasvatamiseks potis v\u00f5i madalas aiavaasis. Ka tiigitaimena on soorohi kaunis v\u00e4rvilaik, kuid sel juhul soovitan soorohu tiiki panna koos potiga, et taim liigselt vohada ei saaks. V\u00e4ikeseks puuduseks on taime kevadine hiline \u00e4rkamine, seep\u00e4rast on soovitav taime asukoht s\u00fcgisel m\u00e4rgistada.  Soorohtu kasvatatakse Aasias tavaliselt lehtk\u00f6\u00f6giviljana ja s\u00fc\u00fcakse tihti koos teiste roheliste salatikultuuridega toorelt v\u00f5i v\u00e4hesel m\u00e4\u00e4ral kuumutatult. Soorohu lehtedel on lenduva \u00f5li dekano\u00fc\u00fclatsetaldeh\u00fc\u00fcdi (3-oksododekanaal) t\u00f5ttu \u00fcsna ebatavaline maitse. Seda maitset kirjeldatakse sageli kui \"kalane\", mis on andnud soorohule h\u00fc\u00fcdnime \"kalam\u00fcnt\".  Soorohtu on Hiina meditsiinis kasutatud mitmete terviseprobleemide leevendamiseks nagu k\u00fclmetus, k\u00f6ha, palavik, kopsup\u00f5letik, mumps ja kasvajad, kuna taim on p\u00f5letikuvastane, antibakteriaalne, viirusevastane, antioks\u00fcdantne ja m\u00f5jub p\u00e4rssivalt kasvajatele.  K\u00f5rgus: kuni 0,45 m  \u00d5itsemise aeg: VII-VIII  Talvekindlus: Suhteliselt talvekindel  Poti suurus: 9-11","og_url":"https:\/\/tammetalu.eu\/toode\/soorohi-houttuynia-cordata\/","og_site_name":"Tamme talu \u00fcrdiaed","article_publisher":"https:\/\/www.facebook.com\/TammeTaluUrdiaed\/?locale=et_EE","article_modified_time":"2026-04-06T18:53:06+00:00","og_image":[{"width":640,"height":480,"url":"https:\/\/tammetalu.eu\/wp-content\/uploads\/2025\/01\/Soorohi_Houttuynia_cordata_tamme_talu_urdiaed.jpg","type":"image\/jpeg"}],"twitter_card":"summary_large_image","twitter_misc":{"\u041f\u0440\u0438\u043c\u0435\u0440\u043d\u043e\u0435 \u0432\u0440\u0435\u043c\u044f \u0434\u043b\u044f \u0447\u0442\u0435\u043d\u0438\u044f":"1 \u043c\u0438\u043d\u0443\u0442\u0430"},"schema":{"@context":"https:\/\/schema.org","@graph":[{"@type":"WebPage","@id":"https:\/\/tammetalu.eu\/toode\/soorohi-houttuynia-cordata\/","url":"https:\/\/tammetalu.eu\/toode\/soorohi-houttuynia-cordata\/","name":"Soorohi Houttuynia cordata - Tamme talu \u00fcrdiaed","isPartOf":{"@id":"https:\/\/tammetalu.eu\/#website"},"primaryImageOfPage":{"@id":"https:\/\/tammetalu.eu\/toode\/soorohi-houttuynia-cordata\/#primaryimage"},"image":{"@id":"https:\/\/tammetalu.eu\/toode\/soorohi-houttuynia-cordata\/#primaryimage"},"thumbnailUrl":"https:\/\/tammetalu.eu\/wp-content\/uploads\/2025\/01\/Soorohi_Houttuynia_cordata_tamme_talu_urdiaed.jpg","datePublished":"2025-02-02T10:43:51+00:00","dateModified":"2026-04-06T18:53:06+00:00","breadcrumb":{"@id":"https:\/\/tammetalu.eu\/toode\/soorohi-houttuynia-cordata\/#breadcrumb"},"inLanguage":"ru-RU","potentialAction":[{"@type":"ReadAction","target":["https:\/\/tammetalu.eu\/toode\/soorohi-houttuynia-cordata\/"]}]},{"@type":"ImageObject","inLanguage":"ru-RU","@id":"https:\/\/tammetalu.eu\/toode\/soorohi-houttuynia-cordata\/#primaryimage","url":"https:\/\/tammetalu.eu\/wp-content\/uploads\/2025\/01\/Soorohi_Houttuynia_cordata_tamme_talu_urdiaed.jpg","contentUrl":"https:\/\/tammetalu.eu\/wp-content\/uploads\/2025\/01\/Soorohi_Houttuynia_cordata_tamme_talu_urdiaed.jpg","width":640,"height":480,"caption":"Soorohi_Houttuynia_cordata_tamme_talu_urdiaed"},{"@type":"BreadcrumbList","@id":"https:\/\/tammetalu.eu\/toode\/soorohi-houttuynia-cordata\/#breadcrumb","itemListElement":[{"@type":"ListItem","position":1,"name":"Home","item":"https:\/\/tammetalu.eu\/ru\/esileht-rus\/"},{"@type":"ListItem","position":2,"name":"\u041c\u0430\u0433\u0430\u0437\u0438\u043d","item":"https:\/\/tammetalu.eu\/ru\/%d0%bc%d0%b0%d0%b3%d0%b0%d0%b7%d0%b8%d0%bd\/"},{"@type":"ListItem","position":3,"name":"Soorohi Houttuynia cordata"}]},{"@type":"WebSite","@id":"https:\/\/tammetalu.eu\/#website","url":"https:\/\/tammetalu.eu\/","name":"Tamme talu \u00fcrdiaed","description":"K\u00e4sit\u00f6\u00f6na valmistatud tooted \u00fcrtidest, \u00fcrdiistikud, \u00fcrtide kollektsioonaed","publisher":{"@id":"https:\/\/tammetalu.eu\/#organization"},"alternateName":"Tamme talu","potentialAction":[{"@type":"SearchAction","target":{"@type":"EntryPoint","urlTemplate":"https:\/\/tammetalu.eu\/?s={search_term_string}"},"query-input":{"@type":"PropertyValueSpecification","valueRequired":true,"valueName":"search_term_string"}}],"inLanguage":"ru-RU"},{"@type":"Organization","@id":"https:\/\/tammetalu.eu\/#organization","name":"Tamme talu \u00fcrdiaed","alternateName":"Tamme talu","url":"https:\/\/tammetalu.eu\/","logo":{"@type":"ImageObject","inLanguage":"ru-RU","@id":"https:\/\/tammetalu.eu\/#\/schema\/logo\/image\/","url":"https:\/\/tammetalu.eu\/wp-content\/uploads\/2025\/01\/Tamme_talu_urdiaed.png","contentUrl":"https:\/\/tammetalu.eu\/wp-content\/uploads\/2025\/01\/Tamme_talu_urdiaed.png","width":560,"height":560,"caption":"Tamme talu \u00fcrdiaed"},"image":{"@id":"https:\/\/tammetalu.eu\/#\/schema\/logo\/image\/"},"sameAs":["https:\/\/www.facebook.com\/TammeTaluUrdiaed\/?locale=et_EE","https:\/\/www.instagram.com\/tammetaluurdiaed\/"]}]}},"_links":{"self":[{"href":"https:\/\/tammetalu.eu\/ru\/wp-json\/wp\/v2\/product\/23469","targetHints":{"allow":["GET"]}}],"collection":[{"href":"https:\/\/tammetalu.eu\/ru\/wp-json\/wp\/v2\/product"}],"about":[{"href":"https:\/\/tammetalu.eu\/ru\/wp-json\/wp\/v2\/types\/product"}],"wp:featuredmedia":[{"embeddable":true,"href":"https:\/\/tammetalu.eu\/ru\/wp-json\/wp\/v2\/media\/23470"}],"wp:attachment":[{"href":"https:\/\/tammetalu.eu\/ru\/wp-json\/wp\/v2\/media?parent=23469"}],"wp:term":[{"taxonomy":"product_brand","embeddable":true,"href":"https:\/\/tammetalu.eu\/ru\/wp-json\/wp\/v2\/product_brand?post=23469"},{"taxonomy":"product_cat","embeddable":true,"href":"https:\/\/tammetalu.eu\/ru\/wp-json\/wp\/v2\/product_cat?post=23469"},{"taxonomy":"product_tag","embeddable":true,"href":"https:\/\/tammetalu.eu\/ru\/wp-json\/wp\/v2\/product_tag?post=23469"}],"curies":[{"name":"wp","href":"https:\/\/api.w.org\/{rel}","templated":true}]}}