{"id":23486,"date":"2025-02-04T15:25:30","date_gmt":"2025-02-04T13:25:30","guid":{"rendered":"https:\/\/tammetalu.eu\/?post_type=product&#038;p=23486"},"modified":"2026-04-08T18:55:15","modified_gmt":"2026-04-08T15:55:15","slug":"paljalehine-liivatee-thymus-pulegioides-foxley","status":"publish","type":"product","link":"https:\/\/tammetalu.eu\/ru\/toode\/paljalehine-liivatee-thymus-pulegioides-foxley\/","title":{"rendered":"Paljalehine liivatee Thymus pulegioides &#171;Foxley&#187;"},"content":{"rendered":"","protected":false},"excerpt":{"rendered":"<p>LAT:\u00a0 <em>Thymus pulegioides \u201c<\/em>Foxley\u201d<\/p>\n<p>ENG:\u00a0 Broad-leaved thyme<\/p>\n<p>RU: \u0422\u0438\u043c\u044c\u044f\u043d \u044f\u0439\u0446\u0435\u0432\u0438\u0434\u043d\u044b\u0439<\/p>\n<p>FI:\u00a0\u00a0 Euroopannurmiajuruoho<\/p>\n<p>Paljalehine liivatee sort \u201cFoxley\u201don lamavate v\u00f5i t\u00f5usvate varte, aromaatse valge-rohelise kirju lehestiku ja roosakaslillade \u00f5itega juulis-augustis \u00f5itsev igihaljas k\u00e4\u00e4busp\u00f5\u00f5sas. \u00dcsna talvekindel maitse-, l\u00f5hna ja ravimtaim.<\/p>\n<p>Kasvamiseks sobib liivateele kuivemapoolne liivane muld ja t\u00e4isp\u00e4ike, poolvarjulises kohas kasvades j\u00e4\u00e4b \u00f5itsemine tagasihoidlikuks. Paljalehine liivatee meelitab \u00f5itsemise ajal mesilasi ja liblikaid. On hea meetaim. Paljalehise liivateega sobib haljastada liivaseid, kruusaseid ja kuiva \u00f5hukese mullakihiga kohti. Talub m\u00f5\u00f5dukat tallamist. Kevadel on vaja puhmikuid kindlasti p\u00fcgada, kuna see soodustab taimede tihedamat kasvukuju.<\/p>\n<p>Kokanduses kasutatakse liivateed aedvilja-, kana- sea-, veise, lamba ja ulukiliha, pastatoitude maitsestamiseks. Lisaks saab liivateest maitsva tee. Liivatee okstega saab kaunistada toite. Liivatee lisatakse toitudele juba valmistamise ajal, kuna kannatab pikemat kuumutamist.<\/p>\n<p>Liivateed kasutatakse r\u00f6ga lahtistava\u00a0 ja mikroobivastase vahendina. Pidurdab k\u00f5hugaaside teket. Kasutatakse k\u00fclmetushaiguste korral, palavikulangetamiseks, uriinierituse soodustamiseks ja gripivaevuste v\u00e4hendamiseks. V\u00e4lispidiselt kasutatakse kompressi ja vannina, sest liivateel on liigesep\u00f5letikku vaigistav toime. Liivatee aur leevendab kuiva k\u00f6ha.<\/p>\n<p>K\u00f5rgus: kuni 0,20 m<\/p>\n<p>\u00d5itsemise aeg: VII-VIII<\/p>\n<p>Talvekindlus: Talvekindel<\/p>\n<p>Poti suurus: 9-11<\/p>\n","protected":false},"featured_media":23487,"template":"","meta":{"_acf_changed":false,"_et_pb_use_builder":"","_et_pb_old_content":"","_et_gb_content_width":"","inline_featured_image":false},"product_brand":[],"product_cat":[186,194],"product_tag":[],"class_list":{"0":"post-23486","1":"product","2":"type-product","3":"status-publish","4":"has-post-thumbnail","6":"product_cat-maitse-ja-ravimtaimede-istikud","7":"product_cat-liivateed","9":"first","10":"instock","11":"sale","12":"taxable","13":"shipping-taxable","14":"purchasable","15":"product-type-simple"},"acf":[],"yoast_head":"<!-- This site is optimized with the Yoast SEO plugin v26.4 - https:\/\/yoast.com\/wordpress\/plugins\/seo\/ -->\n<title>Paljalehine liivatee Thymus pulegioides &quot;Foxley&quot; - Tamme talu \u00fcrdiaed<\/title>\n<meta name=\"robots\" content=\"index, follow, max-snippet:-1, max-image-preview:large, max-video-preview:-1\" \/>\n<link rel=\"canonical\" href=\"https:\/\/tammetalu.eu\/toode\/paljalehine-liivatee-thymus-pulegioides-foxley\/\" \/>\n<meta property=\"og:locale\" content=\"ru_RU\" \/>\n<meta property=\"og:type\" content=\"article\" \/>\n<meta property=\"og:title\" content=\"Paljalehine liivatee Thymus pulegioides &quot;Foxley&quot; - Tamme talu \u00fcrdiaed\" \/>\n<meta property=\"og:description\" content=\"LAT:\u00a0 Thymus pulegioides \u201cFoxley\u201d  ENG:\u00a0 Broad-leaved thyme  RU: \u0422\u0438\u043c\u044c\u044f\u043d \u044f\u0439\u0446\u0435\u0432\u0438\u0434\u043d\u044b\u0439  FI:\u00a0\u00a0 Euroopannurmiajuruoho  Paljalehine liivatee sort \u201cFoxley\u201don lamavate v\u00f5i t\u00f5usvate varte, aromaatse valge-rohelise kirju lehestiku ja roosakaslillade \u00f5itega juulis-augustis \u00f5itsev igihaljas k\u00e4\u00e4busp\u00f5\u00f5sas. \u00dcsna talvekindel maitse-, l\u00f5hna ja ravimtaim.  Kasvamiseks sobib liivateele kuivemapoolne liivane muld ja t\u00e4isp\u00e4ike, poolvarjulises kohas kasvades j\u00e4\u00e4b \u00f5itsemine tagasihoidlikuks. Paljalehine liivatee meelitab \u00f5itsemise ajal mesilasi ja liblikaid. On hea meetaim. Paljalehise liivateega sobib haljastada liivaseid, kruusaseid ja kuiva \u00f5hukese mullakihiga kohti. Talub m\u00f5\u00f5dukat tallamist. Kevadel on vaja puhmikuid kindlasti p\u00fcgada, kuna see soodustab taimede tihedamat kasvukuju.  Kokanduses kasutatakse liivateed aedvilja-, kana- sea-, veise, lamba ja ulukiliha, pastatoitude maitsestamiseks. Lisaks saab liivateest maitsva tee. Liivatee okstega saab kaunistada toite. Liivatee lisatakse toitudele juba valmistamise ajal, kuna kannatab pikemat kuumutamist.  Liivateed kasutatakse r\u00f6ga lahtistava\u00a0 ja mikroobivastase vahendina. Pidurdab k\u00f5hugaaside teket. Kasutatakse k\u00fclmetushaiguste korral, palavikulangetamiseks, uriinierituse soodustamiseks ja gripivaevuste v\u00e4hendamiseks. V\u00e4lispidiselt kasutatakse kompressi ja vannina, sest liivateel on liigesep\u00f5letikku vaigistav toime. Liivatee aur leevendab kuiva k\u00f6ha.  K\u00f5rgus: kuni 0,20 m  \u00d5itsemise aeg: VII-VIII  Talvekindlus: Talvekindel  Poti suurus: 9-11\" \/>\n<meta property=\"og:url\" content=\"https:\/\/tammetalu.eu\/toode\/paljalehine-liivatee-thymus-pulegioides-foxley\/\" \/>\n<meta property=\"og:site_name\" content=\"Tamme talu \u00fcrdiaed\" \/>\n<meta property=\"article:publisher\" content=\"https:\/\/www.facebook.com\/TammeTaluUrdiaed\/?locale=et_EE\" \/>\n<meta property=\"article:modified_time\" content=\"2026-04-08T15:55:15+00:00\" \/>\n<meta property=\"og:image\" content=\"https:\/\/tammetalu.eu\/wp-content\/uploads\/2025\/01\/Paljalehine_liivatee_Thymus_pulegioides_Foxley_tamme_talu_urdiaed.jpg\" \/>\n\t<meta property=\"og:image:width\" content=\"500\" \/>\n\t<meta property=\"og:image:height\" content=\"500\" \/>\n\t<meta property=\"og:image:type\" content=\"image\/jpeg\" \/>\n<meta name=\"twitter:card\" content=\"summary_large_image\" \/>\n<meta name=\"twitter:label1\" content=\"\u041f\u0440\u0438\u043c\u0435\u0440\u043d\u043e\u0435 \u0432\u0440\u0435\u043c\u044f \u0434\u043b\u044f \u0447\u0442\u0435\u043d\u0438\u044f\" \/>\n\t<meta name=\"twitter:data1\" content=\"1 \u043c\u0438\u043d\u0443\u0442\u0430\" \/>\n<script type=\"application\/ld+json\" class=\"yoast-schema-graph\">{\"@context\":\"https:\/\/schema.org\",\"@graph\":[{\"@type\":\"WebPage\",\"@id\":\"https:\/\/tammetalu.eu\/toode\/paljalehine-liivatee-thymus-pulegioides-foxley\/\",\"url\":\"https:\/\/tammetalu.eu\/toode\/paljalehine-liivatee-thymus-pulegioides-foxley\/\",\"name\":\"Paljalehine liivatee Thymus pulegioides \\\"Foxley\\\" - Tamme talu \u00fcrdiaed\",\"isPartOf\":{\"@id\":\"https:\/\/tammetalu.eu\/#website\"},\"primaryImageOfPage\":{\"@id\":\"https:\/\/tammetalu.eu\/toode\/paljalehine-liivatee-thymus-pulegioides-foxley\/#primaryimage\"},\"image\":{\"@id\":\"https:\/\/tammetalu.eu\/toode\/paljalehine-liivatee-thymus-pulegioides-foxley\/#primaryimage\"},\"thumbnailUrl\":\"https:\/\/tammetalu.eu\/wp-content\/uploads\/2025\/01\/Paljalehine_liivatee_Thymus_pulegioides_Foxley_tamme_talu_urdiaed.jpg\",\"datePublished\":\"2025-02-04T13:25:30+00:00\",\"dateModified\":\"2026-04-08T15:55:15+00:00\",\"breadcrumb\":{\"@id\":\"https:\/\/tammetalu.eu\/toode\/paljalehine-liivatee-thymus-pulegioides-foxley\/#breadcrumb\"},\"inLanguage\":\"ru-RU\",\"potentialAction\":[{\"@type\":\"ReadAction\",\"target\":[\"https:\/\/tammetalu.eu\/toode\/paljalehine-liivatee-thymus-pulegioides-foxley\/\"]}]},{\"@type\":\"ImageObject\",\"inLanguage\":\"ru-RU\",\"@id\":\"https:\/\/tammetalu.eu\/toode\/paljalehine-liivatee-thymus-pulegioides-foxley\/#primaryimage\",\"url\":\"https:\/\/tammetalu.eu\/wp-content\/uploads\/2025\/01\/Paljalehine_liivatee_Thymus_pulegioides_Foxley_tamme_talu_urdiaed.jpg\",\"contentUrl\":\"https:\/\/tammetalu.eu\/wp-content\/uploads\/2025\/01\/Paljalehine_liivatee_Thymus_pulegioides_Foxley_tamme_talu_urdiaed.jpg\",\"width\":500,\"height\":500,\"caption\":\"Paljalehine_liivatee_Thymus_pulegioides_Foxley_tamme_talu_urdiaed\"},{\"@type\":\"BreadcrumbList\",\"@id\":\"https:\/\/tammetalu.eu\/toode\/paljalehine-liivatee-thymus-pulegioides-foxley\/#breadcrumb\",\"itemListElement\":[{\"@type\":\"ListItem\",\"position\":1,\"name\":\"Home\",\"item\":\"https:\/\/tammetalu.eu\/ru\/esileht-rus\/\"},{\"@type\":\"ListItem\",\"position\":2,\"name\":\"\u041c\u0430\u0433\u0430\u0437\u0438\u043d\",\"item\":\"https:\/\/tammetalu.eu\/ru\/%d0%bc%d0%b0%d0%b3%d0%b0%d0%b7%d0%b8%d0%bd\/\"},{\"@type\":\"ListItem\",\"position\":3,\"name\":\"Paljalehine liivatee Thymus pulegioides &#8220;Foxley&#8221;\"}]},{\"@type\":\"WebSite\",\"@id\":\"https:\/\/tammetalu.eu\/#website\",\"url\":\"https:\/\/tammetalu.eu\/\",\"name\":\"Tamme talu \u00fcrdiaed\",\"description\":\"K\u00e4sit\u00f6\u00f6na valmistatud tooted \u00fcrtidest, \u00fcrdiistikud, \u00fcrtide kollektsioonaed\",\"publisher\":{\"@id\":\"https:\/\/tammetalu.eu\/#organization\"},\"alternateName\":\"Tamme talu\",\"potentialAction\":[{\"@type\":\"SearchAction\",\"target\":{\"@type\":\"EntryPoint\",\"urlTemplate\":\"https:\/\/tammetalu.eu\/?s={search_term_string}\"},\"query-input\":{\"@type\":\"PropertyValueSpecification\",\"valueRequired\":true,\"valueName\":\"search_term_string\"}}],\"inLanguage\":\"ru-RU\"},{\"@type\":\"Organization\",\"@id\":\"https:\/\/tammetalu.eu\/#organization\",\"name\":\"Tamme talu \u00fcrdiaed\",\"alternateName\":\"Tamme talu\",\"url\":\"https:\/\/tammetalu.eu\/\",\"logo\":{\"@type\":\"ImageObject\",\"inLanguage\":\"ru-RU\",\"@id\":\"https:\/\/tammetalu.eu\/#\/schema\/logo\/image\/\",\"url\":\"https:\/\/tammetalu.eu\/wp-content\/uploads\/2025\/01\/Tamme_talu_urdiaed.png\",\"contentUrl\":\"https:\/\/tammetalu.eu\/wp-content\/uploads\/2025\/01\/Tamme_talu_urdiaed.png\",\"width\":560,\"height\":560,\"caption\":\"Tamme talu \u00fcrdiaed\"},\"image\":{\"@id\":\"https:\/\/tammetalu.eu\/#\/schema\/logo\/image\/\"},\"sameAs\":[\"https:\/\/www.facebook.com\/TammeTaluUrdiaed\/?locale=et_EE\",\"https:\/\/www.instagram.com\/tammetaluurdiaed\/\"]}]}<\/script>\n<!-- \/ Yoast SEO plugin. -->","yoast_head_json":{"title":"Paljalehine liivatee Thymus pulegioides \"Foxley\" - Tamme talu \u00fcrdiaed","robots":{"index":"index","follow":"follow","max-snippet":"max-snippet:-1","max-image-preview":"max-image-preview:large","max-video-preview":"max-video-preview:-1"},"canonical":"https:\/\/tammetalu.eu\/toode\/paljalehine-liivatee-thymus-pulegioides-foxley\/","og_locale":"ru_RU","og_type":"article","og_title":"Paljalehine liivatee Thymus pulegioides \"Foxley\" - Tamme talu \u00fcrdiaed","og_description":"LAT:\u00a0 Thymus pulegioides \u201cFoxley\u201d  ENG:\u00a0 Broad-leaved thyme  RU: \u0422\u0438\u043c\u044c\u044f\u043d \u044f\u0439\u0446\u0435\u0432\u0438\u0434\u043d\u044b\u0439  FI:\u00a0\u00a0 Euroopannurmiajuruoho  Paljalehine liivatee sort \u201cFoxley\u201don lamavate v\u00f5i t\u00f5usvate varte, aromaatse valge-rohelise kirju lehestiku ja roosakaslillade \u00f5itega juulis-augustis \u00f5itsev igihaljas k\u00e4\u00e4busp\u00f5\u00f5sas. \u00dcsna talvekindel maitse-, l\u00f5hna ja ravimtaim.  Kasvamiseks sobib liivateele kuivemapoolne liivane muld ja t\u00e4isp\u00e4ike, poolvarjulises kohas kasvades j\u00e4\u00e4b \u00f5itsemine tagasihoidlikuks. Paljalehine liivatee meelitab \u00f5itsemise ajal mesilasi ja liblikaid. On hea meetaim. Paljalehise liivateega sobib haljastada liivaseid, kruusaseid ja kuiva \u00f5hukese mullakihiga kohti. Talub m\u00f5\u00f5dukat tallamist. Kevadel on vaja puhmikuid kindlasti p\u00fcgada, kuna see soodustab taimede tihedamat kasvukuju.  Kokanduses kasutatakse liivateed aedvilja-, kana- sea-, veise, lamba ja ulukiliha, pastatoitude maitsestamiseks. Lisaks saab liivateest maitsva tee. Liivatee okstega saab kaunistada toite. Liivatee lisatakse toitudele juba valmistamise ajal, kuna kannatab pikemat kuumutamist.  Liivateed kasutatakse r\u00f6ga lahtistava\u00a0 ja mikroobivastase vahendina. Pidurdab k\u00f5hugaaside teket. Kasutatakse k\u00fclmetushaiguste korral, palavikulangetamiseks, uriinierituse soodustamiseks ja gripivaevuste v\u00e4hendamiseks. V\u00e4lispidiselt kasutatakse kompressi ja vannina, sest liivateel on liigesep\u00f5letikku vaigistav toime. Liivatee aur leevendab kuiva k\u00f6ha.  K\u00f5rgus: kuni 0,20 m  \u00d5itsemise aeg: VII-VIII  Talvekindlus: Talvekindel  Poti suurus: 9-11","og_url":"https:\/\/tammetalu.eu\/toode\/paljalehine-liivatee-thymus-pulegioides-foxley\/","og_site_name":"Tamme talu \u00fcrdiaed","article_publisher":"https:\/\/www.facebook.com\/TammeTaluUrdiaed\/?locale=et_EE","article_modified_time":"2026-04-08T15:55:15+00:00","og_image":[{"width":500,"height":500,"url":"https:\/\/tammetalu.eu\/wp-content\/uploads\/2025\/01\/Paljalehine_liivatee_Thymus_pulegioides_Foxley_tamme_talu_urdiaed.jpg","type":"image\/jpeg"}],"twitter_card":"summary_large_image","twitter_misc":{"\u041f\u0440\u0438\u043c\u0435\u0440\u043d\u043e\u0435 \u0432\u0440\u0435\u043c\u044f \u0434\u043b\u044f \u0447\u0442\u0435\u043d\u0438\u044f":"1 \u043c\u0438\u043d\u0443\u0442\u0430"},"schema":{"@context":"https:\/\/schema.org","@graph":[{"@type":"WebPage","@id":"https:\/\/tammetalu.eu\/toode\/paljalehine-liivatee-thymus-pulegioides-foxley\/","url":"https:\/\/tammetalu.eu\/toode\/paljalehine-liivatee-thymus-pulegioides-foxley\/","name":"Paljalehine liivatee Thymus pulegioides \"Foxley\" - Tamme talu \u00fcrdiaed","isPartOf":{"@id":"https:\/\/tammetalu.eu\/#website"},"primaryImageOfPage":{"@id":"https:\/\/tammetalu.eu\/toode\/paljalehine-liivatee-thymus-pulegioides-foxley\/#primaryimage"},"image":{"@id":"https:\/\/tammetalu.eu\/toode\/paljalehine-liivatee-thymus-pulegioides-foxley\/#primaryimage"},"thumbnailUrl":"https:\/\/tammetalu.eu\/wp-content\/uploads\/2025\/01\/Paljalehine_liivatee_Thymus_pulegioides_Foxley_tamme_talu_urdiaed.jpg","datePublished":"2025-02-04T13:25:30+00:00","dateModified":"2026-04-08T15:55:15+00:00","breadcrumb":{"@id":"https:\/\/tammetalu.eu\/toode\/paljalehine-liivatee-thymus-pulegioides-foxley\/#breadcrumb"},"inLanguage":"ru-RU","potentialAction":[{"@type":"ReadAction","target":["https:\/\/tammetalu.eu\/toode\/paljalehine-liivatee-thymus-pulegioides-foxley\/"]}]},{"@type":"ImageObject","inLanguage":"ru-RU","@id":"https:\/\/tammetalu.eu\/toode\/paljalehine-liivatee-thymus-pulegioides-foxley\/#primaryimage","url":"https:\/\/tammetalu.eu\/wp-content\/uploads\/2025\/01\/Paljalehine_liivatee_Thymus_pulegioides_Foxley_tamme_talu_urdiaed.jpg","contentUrl":"https:\/\/tammetalu.eu\/wp-content\/uploads\/2025\/01\/Paljalehine_liivatee_Thymus_pulegioides_Foxley_tamme_talu_urdiaed.jpg","width":500,"height":500,"caption":"Paljalehine_liivatee_Thymus_pulegioides_Foxley_tamme_talu_urdiaed"},{"@type":"BreadcrumbList","@id":"https:\/\/tammetalu.eu\/toode\/paljalehine-liivatee-thymus-pulegioides-foxley\/#breadcrumb","itemListElement":[{"@type":"ListItem","position":1,"name":"Home","item":"https:\/\/tammetalu.eu\/ru\/esileht-rus\/"},{"@type":"ListItem","position":2,"name":"\u041c\u0430\u0433\u0430\u0437\u0438\u043d","item":"https:\/\/tammetalu.eu\/ru\/%d0%bc%d0%b0%d0%b3%d0%b0%d0%b7%d0%b8%d0%bd\/"},{"@type":"ListItem","position":3,"name":"Paljalehine liivatee Thymus pulegioides &#8220;Foxley&#8221;"}]},{"@type":"WebSite","@id":"https:\/\/tammetalu.eu\/#website","url":"https:\/\/tammetalu.eu\/","name":"Tamme talu \u00fcrdiaed","description":"K\u00e4sit\u00f6\u00f6na valmistatud tooted \u00fcrtidest, \u00fcrdiistikud, \u00fcrtide kollektsioonaed","publisher":{"@id":"https:\/\/tammetalu.eu\/#organization"},"alternateName":"Tamme talu","potentialAction":[{"@type":"SearchAction","target":{"@type":"EntryPoint","urlTemplate":"https:\/\/tammetalu.eu\/?s={search_term_string}"},"query-input":{"@type":"PropertyValueSpecification","valueRequired":true,"valueName":"search_term_string"}}],"inLanguage":"ru-RU"},{"@type":"Organization","@id":"https:\/\/tammetalu.eu\/#organization","name":"Tamme talu \u00fcrdiaed","alternateName":"Tamme talu","url":"https:\/\/tammetalu.eu\/","logo":{"@type":"ImageObject","inLanguage":"ru-RU","@id":"https:\/\/tammetalu.eu\/#\/schema\/logo\/image\/","url":"https:\/\/tammetalu.eu\/wp-content\/uploads\/2025\/01\/Tamme_talu_urdiaed.png","contentUrl":"https:\/\/tammetalu.eu\/wp-content\/uploads\/2025\/01\/Tamme_talu_urdiaed.png","width":560,"height":560,"caption":"Tamme talu \u00fcrdiaed"},"image":{"@id":"https:\/\/tammetalu.eu\/#\/schema\/logo\/image\/"},"sameAs":["https:\/\/www.facebook.com\/TammeTaluUrdiaed\/?locale=et_EE","https:\/\/www.instagram.com\/tammetaluurdiaed\/"]}]}},"_links":{"self":[{"href":"https:\/\/tammetalu.eu\/ru\/wp-json\/wp\/v2\/product\/23486","targetHints":{"allow":["GET"]}}],"collection":[{"href":"https:\/\/tammetalu.eu\/ru\/wp-json\/wp\/v2\/product"}],"about":[{"href":"https:\/\/tammetalu.eu\/ru\/wp-json\/wp\/v2\/types\/product"}],"wp:featuredmedia":[{"embeddable":true,"href":"https:\/\/tammetalu.eu\/ru\/wp-json\/wp\/v2\/media\/23487"}],"wp:attachment":[{"href":"https:\/\/tammetalu.eu\/ru\/wp-json\/wp\/v2\/media?parent=23486"}],"wp:term":[{"taxonomy":"product_brand","embeddable":true,"href":"https:\/\/tammetalu.eu\/ru\/wp-json\/wp\/v2\/product_brand?post=23486"},{"taxonomy":"product_cat","embeddable":true,"href":"https:\/\/tammetalu.eu\/ru\/wp-json\/wp\/v2\/product_cat?post=23486"},{"taxonomy":"product_tag","embeddable":true,"href":"https:\/\/tammetalu.eu\/ru\/wp-json\/wp\/v2\/product_tag?post=23486"}],"curies":[{"name":"wp","href":"https:\/\/api.w.org\/{rel}","templated":true}]}}