{"id":23578,"date":"2025-01-30T19:40:09","date_gmt":"2025-01-30T17:40:09","guid":{"rendered":"https:\/\/tammetalu.eu\/?post_type=product&#038;p=23578"},"modified":"2026-05-04T08:49:19","modified_gmt":"2026-05-04T05:49:19","slug":"ameerika-helmikpooris-heuchera-americana-palace-purple","status":"publish","type":"product","link":"https:\/\/tammetalu.eu\/ru\/toode\/ameerika-helmikpooris-heuchera-americana-palace-purple\/","title":{"rendered":"Ameerika helmikp\u00f6\u00f6ris Heuchera americana &#171;Palace Purple&#187;"},"content":{"rendered":"","protected":false},"excerpt":{"rendered":"<p>Ameerika helmikp\u00f6\u00f6ris Heuchera americana \u201ePalace Purple\u201c<\/p>\n<p>LAT: <em>Heuchera americana \u201e<\/em>Palace Purple<em>\u201c<\/em><\/p>\n<p>ENG: American alumroot \u201ePalace Purple\u201c<\/p>\n<p>RU: \u0413\u0435\u0439\u0445\u0435\u0440\u0430 \u0430\u043c\u0435\u0440\u0438\u043a\u0430\u043d\u0441\u043a\u0430\u044f \u201ePalace Purple\u201c<\/p>\n<p>FI: Keijunkukat \u201ePalace Purple\u201c<\/p>\n<p>Dekoratiivsete bordoopunaste lehtedega ja peeneraoliste heleroosade pitsiliste \u00f5isikutega v\u00e4ga vastupidav talihaljas p\u00fcsik nii peenrasse kui suuremasse potti. Taime k\u00f5rgus kuni 45 cm. Kasvab nii t\u00e4isp\u00e4ikeses kui varjus. Heaks kasvuks vajab parasniisket kuni niisket huumusrikast mulda. Paljundada saab jagamisega.<\/p>\n<p>Ameerika rahvameditsiinis on helmikp\u00f6\u00f6rise juurtest valmistatud pulber kasutusel kui verejooksu peatav vahend. Toimib kootavalt ja p\u00f5letikuvastaselt. Seespidiselt kasutatakse k\u00f5hulahtisuse, d\u00fcsenteeria ja maohaavandite ravis ning vere h\u00fc\u00fcbimist soodustava vahendina. On kasutatud ka v\u00e4hiravis.<\/p>\n<p>K\u00f5rgus: kuni 0,45 m<\/p>\n<p>Laius: kuni 0,60m<\/p>\n<p>\u00d5itsemise aeg: VI-VII<\/p>\n<p>Talvekindlus: V\u00e4ga hea<\/p>\n<p>Poti suurus: 9-11<\/p>\n","protected":false},"featured_media":23720,"template":"","meta":{"_acf_changed":false,"_et_pb_use_builder":"","_et_pb_old_content":"","_et_gb_content_width":"","inline_featured_image":false},"product_brand":[],"product_cat":[186,200],"product_tag":[],"class_list":{"0":"post-23578","1":"product","2":"type-product","3":"status-publish","4":"has-post-thumbnail","6":"product_cat-maitse-ja-ravimtaimede-istikud","7":"product_cat-muud-maitsetaimed","9":"first","10":"instock","11":"taxable","12":"shipping-taxable","13":"purchasable","14":"product-type-simple"},"acf":[],"yoast_head":"<!-- This site is optimized with the Yoast SEO plugin v27.5 - https:\/\/yoast.com\/product\/yoast-seo-wordpress\/ -->\n<title>Ameerika helmikp\u00f6\u00f6ris Heuchera americana &quot;Palace Purple&quot; - Tamme talu \u00fcrdiaed<\/title>\n<meta name=\"description\" content=\"Ameerika helmikp\u00f6\u00f6ris Heuchera americana \u201ePalace Purple\u201c\" \/>\n<meta name=\"robots\" content=\"index, follow, max-snippet:-1, max-image-preview:large, max-video-preview:-1\" \/>\n<link rel=\"canonical\" href=\"https:\/\/tammetalu.eu\/toode\/ameerika-helmikpooris-heuchera-americana-palace-purple\/\" \/>\n<meta property=\"og:locale\" content=\"ru_RU\" \/>\n<meta property=\"og:type\" content=\"article\" \/>\n<meta property=\"og:title\" content=\"Ameerika helmikp\u00f6\u00f6ris Heuchera americana &quot;Palace Purple&quot; - Tamme talu \u00fcrdiaed\" \/>\n<meta property=\"og:description\" content=\"Ameerika helmikp\u00f6\u00f6ris Heuchera americana \u201ePalace Purple\u201c\" \/>\n<meta property=\"og:url\" content=\"https:\/\/tammetalu.eu\/toode\/ameerika-helmikpooris-heuchera-americana-palace-purple\/\" \/>\n<meta property=\"og:site_name\" content=\"Tamme talu \u00fcrdiaed\" \/>\n<meta property=\"article:publisher\" content=\"https:\/\/www.facebook.com\/TammeTaluUrdiaed\/?locale=et_EE\" \/>\n<meta property=\"article:modified_time\" content=\"2026-05-04T05:49:19+00:00\" \/>\n<meta property=\"og:image\" content=\"https:\/\/tammetalu.eu\/wp-content\/uploads\/2025\/01\/Ameerika_helmikpooris_Heuchera_americana_Palace_Purple_Tamme_talu_urdiaed.jpg\" \/>\n\t<meta property=\"og:image:width\" content=\"600\" \/>\n\t<meta property=\"og:image:height\" content=\"600\" \/>\n\t<meta property=\"og:image:type\" content=\"image\/jpeg\" \/>\n<meta name=\"twitter:card\" content=\"summary_large_image\" \/>\n<meta name=\"twitter:label1\" content=\"\u041f\u0440\u0438\u043c\u0435\u0440\u043d\u043e\u0435 \u0432\u0440\u0435\u043c\u044f \u0434\u043b\u044f \u0447\u0442\u0435\u043d\u0438\u044f\" \/>\n\t<meta name=\"twitter:data1\" content=\"1 \u043c\u0438\u043d\u0443\u0442\u0430\" \/>\n<script type=\"application\/ld+json\" class=\"yoast-schema-graph\">{\"@context\":\"https:\\\/\\\/schema.org\",\"@graph\":[{\"@type\":\"WebPage\",\"@id\":\"https:\\\/\\\/tammetalu.eu\\\/toode\\\/ameerika-helmikpooris-heuchera-americana-palace-purple\\\/\",\"url\":\"https:\\\/\\\/tammetalu.eu\\\/toode\\\/ameerika-helmikpooris-heuchera-americana-palace-purple\\\/\",\"name\":\"Ameerika helmikp\u00f6\u00f6ris Heuchera americana \\\"Palace Purple\\\" - Tamme talu \u00fcrdiaed\",\"isPartOf\":{\"@id\":\"https:\\\/\\\/tammetalu.eu\\\/#website\"},\"primaryImageOfPage\":{\"@id\":\"https:\\\/\\\/tammetalu.eu\\\/toode\\\/ameerika-helmikpooris-heuchera-americana-palace-purple\\\/#primaryimage\"},\"image\":{\"@id\":\"https:\\\/\\\/tammetalu.eu\\\/toode\\\/ameerika-helmikpooris-heuchera-americana-palace-purple\\\/#primaryimage\"},\"thumbnailUrl\":\"https:\\\/\\\/tammetalu.eu\\\/wp-content\\\/uploads\\\/2025\\\/01\\\/Ameerika_helmikpooris_Heuchera_americana_Palace_Purple_Tamme_talu_urdiaed.jpg\",\"datePublished\":\"2025-01-30T17:40:09+00:00\",\"dateModified\":\"2026-05-04T05:49:19+00:00\",\"description\":\"Ameerika helmikp\u00f6\u00f6ris Heuchera americana \u201ePalace Purple\u201c\",\"breadcrumb\":{\"@id\":\"https:\\\/\\\/tammetalu.eu\\\/toode\\\/ameerika-helmikpooris-heuchera-americana-palace-purple\\\/#breadcrumb\"},\"inLanguage\":\"ru-RU\",\"potentialAction\":[{\"@type\":\"ReadAction\",\"target\":[\"https:\\\/\\\/tammetalu.eu\\\/toode\\\/ameerika-helmikpooris-heuchera-americana-palace-purple\\\/\"]}]},{\"@type\":\"ImageObject\",\"inLanguage\":\"ru-RU\",\"@id\":\"https:\\\/\\\/tammetalu.eu\\\/toode\\\/ameerika-helmikpooris-heuchera-americana-palace-purple\\\/#primaryimage\",\"url\":\"https:\\\/\\\/tammetalu.eu\\\/wp-content\\\/uploads\\\/2025\\\/01\\\/Ameerika_helmikpooris_Heuchera_americana_Palace_Purple_Tamme_talu_urdiaed.jpg\",\"contentUrl\":\"https:\\\/\\\/tammetalu.eu\\\/wp-content\\\/uploads\\\/2025\\\/01\\\/Ameerika_helmikpooris_Heuchera_americana_Palace_Purple_Tamme_talu_urdiaed.jpg\",\"width\":600,\"height\":600,\"caption\":\"Ameerika_helmikpooris_Heuchera_americana_Palace_Purple_Tamme_talu_urdiaed\"},{\"@type\":\"BreadcrumbList\",\"@id\":\"https:\\\/\\\/tammetalu.eu\\\/toode\\\/ameerika-helmikpooris-heuchera-americana-palace-purple\\\/#breadcrumb\",\"itemListElement\":[{\"@type\":\"ListItem\",\"position\":1,\"name\":\"Home\",\"item\":\"https:\\\/\\\/tammetalu.eu\\\/ru\\\/esileht-rus\\\/\"},{\"@type\":\"ListItem\",\"position\":2,\"name\":\"\u041c\u0430\u0433\u0430\u0437\u0438\u043d\",\"item\":\"https:\\\/\\\/tammetalu.eu\\\/ru\\\/%d0%bc%d0%b0%d0%b3%d0%b0%d0%b7%d0%b8%d0%bd\\\/\"},{\"@type\":\"ListItem\",\"position\":3,\"name\":\"Ameerika helmikp\u00f6\u00f6ris Heuchera americana &#8220;Palace Purple&#8221;\"}]},{\"@type\":\"WebSite\",\"@id\":\"https:\\\/\\\/tammetalu.eu\\\/#website\",\"url\":\"https:\\\/\\\/tammetalu.eu\\\/\",\"name\":\"Tamme talu \u00fcrdiaed\",\"description\":\"K\u00e4sit\u00f6\u00f6na valmistatud tooted \u00fcrtidest, \u00fcrdiistikud, \u00fcrtide kollektsioonaed\",\"publisher\":{\"@id\":\"https:\\\/\\\/tammetalu.eu\\\/#organization\"},\"alternateName\":\"Tamme talu\",\"potentialAction\":[{\"@type\":\"SearchAction\",\"target\":{\"@type\":\"EntryPoint\",\"urlTemplate\":\"https:\\\/\\\/tammetalu.eu\\\/?s={search_term_string}\"},\"query-input\":{\"@type\":\"PropertyValueSpecification\",\"valueRequired\":true,\"valueName\":\"search_term_string\"}}],\"inLanguage\":\"ru-RU\"},{\"@type\":\"Organization\",\"@id\":\"https:\\\/\\\/tammetalu.eu\\\/#organization\",\"name\":\"Tamme talu \u00fcrdiaed\",\"alternateName\":\"Tamme talu\",\"url\":\"https:\\\/\\\/tammetalu.eu\\\/\",\"logo\":{\"@type\":\"ImageObject\",\"inLanguage\":\"ru-RU\",\"@id\":\"https:\\\/\\\/tammetalu.eu\\\/#\\\/schema\\\/logo\\\/image\\\/\",\"url\":\"https:\\\/\\\/tammetalu.eu\\\/wp-content\\\/uploads\\\/2025\\\/01\\\/Tamme_talu_urdiaed.png\",\"contentUrl\":\"https:\\\/\\\/tammetalu.eu\\\/wp-content\\\/uploads\\\/2025\\\/01\\\/Tamme_talu_urdiaed.png\",\"width\":560,\"height\":560,\"caption\":\"Tamme talu \u00fcrdiaed\"},\"image\":{\"@id\":\"https:\\\/\\\/tammetalu.eu\\\/#\\\/schema\\\/logo\\\/image\\\/\"},\"sameAs\":[\"https:\\\/\\\/www.facebook.com\\\/TammeTaluUrdiaed\\\/?locale=et_EE\",\"https:\\\/\\\/www.instagram.com\\\/tammetaluurdiaed\\\/\"]}]}<\/script>\n<!-- \/ Yoast SEO plugin. -->","yoast_head_json":{"title":"Ameerika helmikp\u00f6\u00f6ris Heuchera americana \"Palace Purple\" - Tamme talu \u00fcrdiaed","description":"Ameerika helmikp\u00f6\u00f6ris Heuchera americana \u201ePalace Purple\u201c","robots":{"index":"index","follow":"follow","max-snippet":"max-snippet:-1","max-image-preview":"max-image-preview:large","max-video-preview":"max-video-preview:-1"},"canonical":"https:\/\/tammetalu.eu\/toode\/ameerika-helmikpooris-heuchera-americana-palace-purple\/","og_locale":"ru_RU","og_type":"article","og_title":"Ameerika helmikp\u00f6\u00f6ris Heuchera americana \"Palace Purple\" - Tamme talu \u00fcrdiaed","og_description":"Ameerika helmikp\u00f6\u00f6ris Heuchera americana \u201ePalace Purple\u201c","og_url":"https:\/\/tammetalu.eu\/toode\/ameerika-helmikpooris-heuchera-americana-palace-purple\/","og_site_name":"Tamme talu \u00fcrdiaed","article_publisher":"https:\/\/www.facebook.com\/TammeTaluUrdiaed\/?locale=et_EE","article_modified_time":"2026-05-04T05:49:19+00:00","og_image":[{"width":600,"height":600,"url":"https:\/\/tammetalu.eu\/wp-content\/uploads\/2025\/01\/Ameerika_helmikpooris_Heuchera_americana_Palace_Purple_Tamme_talu_urdiaed.jpg","type":"image\/jpeg"}],"twitter_card":"summary_large_image","twitter_misc":{"\u041f\u0440\u0438\u043c\u0435\u0440\u043d\u043e\u0435 \u0432\u0440\u0435\u043c\u044f \u0434\u043b\u044f \u0447\u0442\u0435\u043d\u0438\u044f":"1 \u043c\u0438\u043d\u0443\u0442\u0430"},"schema":{"@context":"https:\/\/schema.org","@graph":[{"@type":"WebPage","@id":"https:\/\/tammetalu.eu\/toode\/ameerika-helmikpooris-heuchera-americana-palace-purple\/","url":"https:\/\/tammetalu.eu\/toode\/ameerika-helmikpooris-heuchera-americana-palace-purple\/","name":"Ameerika helmikp\u00f6\u00f6ris Heuchera americana \"Palace Purple\" - Tamme talu \u00fcrdiaed","isPartOf":{"@id":"https:\/\/tammetalu.eu\/#website"},"primaryImageOfPage":{"@id":"https:\/\/tammetalu.eu\/toode\/ameerika-helmikpooris-heuchera-americana-palace-purple\/#primaryimage"},"image":{"@id":"https:\/\/tammetalu.eu\/toode\/ameerika-helmikpooris-heuchera-americana-palace-purple\/#primaryimage"},"thumbnailUrl":"https:\/\/tammetalu.eu\/wp-content\/uploads\/2025\/01\/Ameerika_helmikpooris_Heuchera_americana_Palace_Purple_Tamme_talu_urdiaed.jpg","datePublished":"2025-01-30T17:40:09+00:00","dateModified":"2026-05-04T05:49:19+00:00","description":"Ameerika helmikp\u00f6\u00f6ris Heuchera americana \u201ePalace Purple\u201c","breadcrumb":{"@id":"https:\/\/tammetalu.eu\/toode\/ameerika-helmikpooris-heuchera-americana-palace-purple\/#breadcrumb"},"inLanguage":"ru-RU","potentialAction":[{"@type":"ReadAction","target":["https:\/\/tammetalu.eu\/toode\/ameerika-helmikpooris-heuchera-americana-palace-purple\/"]}]},{"@type":"ImageObject","inLanguage":"ru-RU","@id":"https:\/\/tammetalu.eu\/toode\/ameerika-helmikpooris-heuchera-americana-palace-purple\/#primaryimage","url":"https:\/\/tammetalu.eu\/wp-content\/uploads\/2025\/01\/Ameerika_helmikpooris_Heuchera_americana_Palace_Purple_Tamme_talu_urdiaed.jpg","contentUrl":"https:\/\/tammetalu.eu\/wp-content\/uploads\/2025\/01\/Ameerika_helmikpooris_Heuchera_americana_Palace_Purple_Tamme_talu_urdiaed.jpg","width":600,"height":600,"caption":"Ameerika_helmikpooris_Heuchera_americana_Palace_Purple_Tamme_talu_urdiaed"},{"@type":"BreadcrumbList","@id":"https:\/\/tammetalu.eu\/toode\/ameerika-helmikpooris-heuchera-americana-palace-purple\/#breadcrumb","itemListElement":[{"@type":"ListItem","position":1,"name":"Home","item":"https:\/\/tammetalu.eu\/ru\/esileht-rus\/"},{"@type":"ListItem","position":2,"name":"\u041c\u0430\u0433\u0430\u0437\u0438\u043d","item":"https:\/\/tammetalu.eu\/ru\/%d0%bc%d0%b0%d0%b3%d0%b0%d0%b7%d0%b8%d0%bd\/"},{"@type":"ListItem","position":3,"name":"Ameerika helmikp\u00f6\u00f6ris Heuchera americana &#8220;Palace Purple&#8221;"}]},{"@type":"WebSite","@id":"https:\/\/tammetalu.eu\/#website","url":"https:\/\/tammetalu.eu\/","name":"Tamme talu \u00fcrdiaed","description":"K\u00e4sit\u00f6\u00f6na valmistatud tooted \u00fcrtidest, \u00fcrdiistikud, \u00fcrtide kollektsioonaed","publisher":{"@id":"https:\/\/tammetalu.eu\/#organization"},"alternateName":"Tamme talu","potentialAction":[{"@type":"SearchAction","target":{"@type":"EntryPoint","urlTemplate":"https:\/\/tammetalu.eu\/?s={search_term_string}"},"query-input":{"@type":"PropertyValueSpecification","valueRequired":true,"valueName":"search_term_string"}}],"inLanguage":"ru-RU"},{"@type":"Organization","@id":"https:\/\/tammetalu.eu\/#organization","name":"Tamme talu \u00fcrdiaed","alternateName":"Tamme talu","url":"https:\/\/tammetalu.eu\/","logo":{"@type":"ImageObject","inLanguage":"ru-RU","@id":"https:\/\/tammetalu.eu\/#\/schema\/logo\/image\/","url":"https:\/\/tammetalu.eu\/wp-content\/uploads\/2025\/01\/Tamme_talu_urdiaed.png","contentUrl":"https:\/\/tammetalu.eu\/wp-content\/uploads\/2025\/01\/Tamme_talu_urdiaed.png","width":560,"height":560,"caption":"Tamme talu \u00fcrdiaed"},"image":{"@id":"https:\/\/tammetalu.eu\/#\/schema\/logo\/image\/"},"sameAs":["https:\/\/www.facebook.com\/TammeTaluUrdiaed\/?locale=et_EE","https:\/\/www.instagram.com\/tammetaluurdiaed\/"]}]}},"_links":{"self":[{"href":"https:\/\/tammetalu.eu\/ru\/wp-json\/wp\/v2\/product\/23578","targetHints":{"allow":["GET"]}}],"collection":[{"href":"https:\/\/tammetalu.eu\/ru\/wp-json\/wp\/v2\/product"}],"about":[{"href":"https:\/\/tammetalu.eu\/ru\/wp-json\/wp\/v2\/types\/product"}],"wp:featuredmedia":[{"embeddable":true,"href":"https:\/\/tammetalu.eu\/ru\/wp-json\/wp\/v2\/media\/23720"}],"wp:attachment":[{"href":"https:\/\/tammetalu.eu\/ru\/wp-json\/wp\/v2\/media?parent=23578"}],"wp:term":[{"taxonomy":"product_brand","embeddable":true,"href":"https:\/\/tammetalu.eu\/ru\/wp-json\/wp\/v2\/product_brand?post=23578"},{"taxonomy":"product_cat","embeddable":true,"href":"https:\/\/tammetalu.eu\/ru\/wp-json\/wp\/v2\/product_cat?post=23578"},{"taxonomy":"product_tag","embeddable":true,"href":"https:\/\/tammetalu.eu\/ru\/wp-json\/wp\/v2\/product_tag?post=23578"}],"curies":[{"name":"wp","href":"https:\/\/api.w.org\/{rel}","templated":true}]}}