{"id":23653,"date":"2025-02-03T16:06:59","date_gmt":"2025-02-03T14:06:59","guid":{"rendered":"https:\/\/tammetalu.eu\/?post_type=product&#038;p=23653"},"modified":"2026-05-04T08:49:17","modified_gmt":"2026-05-04T05:49:17","slug":"rosmariin-salvia-rosmarinus-blue-winter","status":"publish","type":"product","link":"https:\/\/tammetalu.eu\/ru\/toode\/rosmariin-salvia-rosmarinus-blue-winter\/","title":{"rendered":"Rosmariin Salvia rosmarinus &#171;Blue Winter&#187;"},"content":{"rendered":"","protected":false},"excerpt":{"rendered":"<p>Harilik rosmariin Salvia rosmarinus \u201eBlue Winter\u201c<\/p>\n<p>LAT: \u00a0<em>Salvia rosmarinus<\/em> \u201eBlue Winter\u201c<\/p>\n<p>ENG: \u00a0Rosemary \u201eBlue Winter\u201c<\/p>\n<p>RU: \u0420\u043e\u0437\u043c\u0430\u0440\u0438\u043d \u043b\u0435\u043a\u0430\u0440\u0441\u0442\u0432\u0435\u043d\u043d\u044b\u0439 \u201eBlue Winter\u201c<\/p>\n<p>FI: \u00a0\u00a0Rosmariini \u201eBlue Winter\u201c<\/p>\n<p>Harilik rosmariin (Salvia rosmarinus) on nahkjate peenikeste hallikate lehtede ja erksate helesiniste \u00f5itega igihaljas maitse-, l\u00f5hna -ja ravimtaim. Sordil \u201eBlue Winter\u201c on p\u00fcstised v\u00f5rsed. Sobib kasvatamiseks potis v\u00f5i r\u00f5dukastis. Rosmariin vajab kasvuks h\u00e4sti vett l\u00e4bilaskvat kruusasegust lubjast mulda ja poolvarjulist kuni p\u00e4ikeselist kasvukohta. Soovitav on rosmariini kasvatada potis, mille l\u00e4bim\u00f5\u00f5t esimesel aastal v\u00f5iks olla 20-25 cm. Enne pidevate s\u00fcgisvihmade saabumist tuleks rosmariin varju alla t\u00f5sta, sest liigne niiskus v\u00f5ib taime hukutada. Soojemal talvel v\u00f5ib taime talvitumiseks t\u00f5sta v\u00f5imaluse korral kuiva kasvuhoonesse. K\u00f5ige paremini talvitub rosmariin jahedas valges siseruumis. Taimele v\u00f5ib hukutavalt m\u00f5juda pigem liigne soojus ja \u00fclekastmine kui p\u00fcsivad k\u00fclmakraadid (kuni -5).<\/p>\n<p>Rosmariiniga maitsestatakse lamba- , veise, ulukiliha, metslinnuliha, kala, kartuli ja kaalikaroogasid. Rahvameditsiinis kasutatakse rosmariini toniseeriva vahendina j\u00f5uetuse ja s\u00fcdameneurooside korral, samuti sapiajatina.<\/p>\n<p>Rosmariinil on seedetegevust soodustav toime. Kasutatakse vereringeh\u00e4irete ja reuma korral. Mikroobidevastane. V\u00e4hendab k\u00f5hugaase ja spasme.<\/p>\n<p>K\u00f5rgus: kuni 1m<\/p>\n<p>\u00d5itsemise aeg: XII-II<\/p>\n<p>Talvekindlus: Ei ole talvekindel<\/p>\n<p>Poti suurus: 9-11<\/p>\n<p><strong>Loe l\u00e4hemalt rosmariini kasvatamise kohta<\/strong>\u00a0<span style=\"color: #008000;\"><strong><a style=\"color: #008000;\" href=\"https:\/\/tammetalu.eu\/rosmariini-kasvatamine\/\">siit<\/a><\/strong><\/span><\/p>\n","protected":false},"featured_media":23654,"template":"","meta":{"_acf_changed":false,"_et_pb_use_builder":"","_et_pb_old_content":"","_et_gb_content_width":"","inline_featured_image":false},"product_brand":[],"product_cat":[186,207],"product_tag":[],"class_list":{"0":"post-23653","1":"product","2":"type-product","3":"status-publish","4":"has-post-thumbnail","6":"product_cat-maitse-ja-ravimtaimede-istikud","7":"product_cat-rosmariinid","9":"first","10":"outofstock","11":"taxable","12":"shipping-taxable","13":"purchasable","14":"product-type-simple"},"acf":[],"yoast_head":"<!-- This site is optimized with the Yoast SEO plugin v27.5 - https:\/\/yoast.com\/product\/yoast-seo-wordpress\/ -->\n<title>Rosmariin Salvia rosmarinus &quot;Blue Winter&quot; - Tamme talu \u00fcrdiaed<\/title>\n<meta name=\"robots\" content=\"index, follow, max-snippet:-1, max-image-preview:large, max-video-preview:-1\" \/>\n<link rel=\"canonical\" href=\"https:\/\/tammetalu.eu\/toode\/rosmariin-salvia-rosmarinus-blue-winter\/\" \/>\n<meta property=\"og:locale\" content=\"ru_RU\" \/>\n<meta property=\"og:type\" content=\"article\" \/>\n<meta property=\"og:title\" content=\"Rosmariin Salvia rosmarinus &quot;Blue Winter&quot; - Tamme talu \u00fcrdiaed\" \/>\n<meta property=\"og:description\" content=\"Harilik rosmariin Salvia rosmarinus \u201eBlue Winter\u201c  LAT: \u00a0Salvia rosmarinus \u201eBlue Winter\u201c  ENG: \u00a0Rosemary \u201eBlue Winter\u201c  RU: \u0420\u043e\u0437\u043c\u0430\u0440\u0438\u043d \u043b\u0435\u043a\u0430\u0440\u0441\u0442\u0432\u0435\u043d\u043d\u044b\u0439 \u201eBlue Winter\u201c  FI: \u00a0\u00a0Rosmariini \u201eBlue Winter\u201c  Harilik rosmariin (Salvia rosmarinus) on nahkjate peenikeste hallikate lehtede ja erksate helesiniste \u00f5itega igihaljas maitse-, l\u00f5hna -ja ravimtaim. Sordil \u201eBlue Winter\u201c on p\u00fcstised v\u00f5rsed. Sobib kasvatamiseks potis v\u00f5i r\u00f5dukastis. Rosmariin vajab kasvuks h\u00e4sti vett l\u00e4bilaskvat kruusasegust lubjast mulda ja poolvarjulist kuni p\u00e4ikeselist kasvukohta. Soovitav on rosmariini kasvatada potis, mille l\u00e4bim\u00f5\u00f5t esimesel aastal v\u00f5iks olla 20-25 cm. Enne pidevate s\u00fcgisvihmade saabumist tuleks rosmariin varju alla t\u00f5sta, sest liigne niiskus v\u00f5ib taime hukutada. Soojemal talvel v\u00f5ib taime talvitumiseks t\u00f5sta v\u00f5imaluse korral kuiva kasvuhoonesse. K\u00f5ige paremini talvitub rosmariin jahedas valges siseruumis. Taimele v\u00f5ib hukutavalt m\u00f5juda pigem liigne soojus ja \u00fclekastmine kui p\u00fcsivad k\u00fclmakraadid (kuni -5).  Rosmariiniga maitsestatakse lamba- , veise, ulukiliha, metslinnuliha, kala, kartuli ja kaalikaroogasid. Rahvameditsiinis kasutatakse rosmariini toniseeriva vahendina j\u00f5uetuse ja s\u00fcdameneurooside korral, samuti sapiajatina.  Rosmariinil on seedetegevust soodustav toime. Kasutatakse vereringeh\u00e4irete ja reuma korral. Mikroobidevastane. V\u00e4hendab k\u00f5hugaase ja spasme.  K\u00f5rgus: kuni 1m  \u00d5itsemise aeg: XII-II  Talvekindlus: Ei ole talvekindel  Poti suurus: 9-11  Loe l\u00e4hemalt rosmariini kasvatamise kohta\u00a0siit\" \/>\n<meta property=\"og:url\" content=\"https:\/\/tammetalu.eu\/toode\/rosmariin-salvia-rosmarinus-blue-winter\/\" \/>\n<meta property=\"og:site_name\" content=\"Tamme talu \u00fcrdiaed\" \/>\n<meta property=\"article:publisher\" content=\"https:\/\/www.facebook.com\/TammeTaluUrdiaed\/?locale=et_EE\" \/>\n<meta property=\"article:modified_time\" content=\"2026-05-04T05:49:17+00:00\" \/>\n<meta property=\"og:image\" content=\"https:\/\/tammetalu.eu\/wp-content\/uploads\/2025\/01\/Rosmariin_Rosmarinus_officinalis_Blue_Winter_Tamme_talu_urdiaed.jpg\" \/>\n\t<meta property=\"og:image:width\" content=\"535\" \/>\n\t<meta property=\"og:image:height\" content=\"535\" \/>\n\t<meta property=\"og:image:type\" content=\"image\/jpeg\" \/>\n<meta name=\"twitter:card\" content=\"summary_large_image\" \/>\n<meta name=\"twitter:label1\" content=\"\u041f\u0440\u0438\u043c\u0435\u0440\u043d\u043e\u0435 \u0432\u0440\u0435\u043c\u044f \u0434\u043b\u044f \u0447\u0442\u0435\u043d\u0438\u044f\" \/>\n\t<meta name=\"twitter:data1\" content=\"1 \u043c\u0438\u043d\u0443\u0442\u0430\" \/>\n<script type=\"application\/ld+json\" class=\"yoast-schema-graph\">{\"@context\":\"https:\\\/\\\/schema.org\",\"@graph\":[{\"@type\":\"WebPage\",\"@id\":\"https:\\\/\\\/tammetalu.eu\\\/toode\\\/rosmariin-salvia-rosmarinus-blue-winter\\\/\",\"url\":\"https:\\\/\\\/tammetalu.eu\\\/toode\\\/rosmariin-salvia-rosmarinus-blue-winter\\\/\",\"name\":\"Rosmariin Salvia rosmarinus \\\"Blue Winter\\\" - Tamme talu \u00fcrdiaed\",\"isPartOf\":{\"@id\":\"https:\\\/\\\/tammetalu.eu\\\/#website\"},\"primaryImageOfPage\":{\"@id\":\"https:\\\/\\\/tammetalu.eu\\\/toode\\\/rosmariin-salvia-rosmarinus-blue-winter\\\/#primaryimage\"},\"image\":{\"@id\":\"https:\\\/\\\/tammetalu.eu\\\/toode\\\/rosmariin-salvia-rosmarinus-blue-winter\\\/#primaryimage\"},\"thumbnailUrl\":\"https:\\\/\\\/tammetalu.eu\\\/wp-content\\\/uploads\\\/2025\\\/01\\\/Rosmariin_Rosmarinus_officinalis_Blue_Winter_Tamme_talu_urdiaed.jpg\",\"datePublished\":\"2025-02-03T14:06:59+00:00\",\"dateModified\":\"2026-05-04T05:49:17+00:00\",\"breadcrumb\":{\"@id\":\"https:\\\/\\\/tammetalu.eu\\\/toode\\\/rosmariin-salvia-rosmarinus-blue-winter\\\/#breadcrumb\"},\"inLanguage\":\"ru-RU\",\"potentialAction\":[{\"@type\":\"ReadAction\",\"target\":[\"https:\\\/\\\/tammetalu.eu\\\/toode\\\/rosmariin-salvia-rosmarinus-blue-winter\\\/\"]}]},{\"@type\":\"ImageObject\",\"inLanguage\":\"ru-RU\",\"@id\":\"https:\\\/\\\/tammetalu.eu\\\/toode\\\/rosmariin-salvia-rosmarinus-blue-winter\\\/#primaryimage\",\"url\":\"https:\\\/\\\/tammetalu.eu\\\/wp-content\\\/uploads\\\/2025\\\/01\\\/Rosmariin_Rosmarinus_officinalis_Blue_Winter_Tamme_talu_urdiaed.jpg\",\"contentUrl\":\"https:\\\/\\\/tammetalu.eu\\\/wp-content\\\/uploads\\\/2025\\\/01\\\/Rosmariin_Rosmarinus_officinalis_Blue_Winter_Tamme_talu_urdiaed.jpg\",\"width\":535,\"height\":535,\"caption\":\"Rosmariin_Rosmarinus_officinalis_Blue_Winter_Tamme_talu_urdiaed\"},{\"@type\":\"BreadcrumbList\",\"@id\":\"https:\\\/\\\/tammetalu.eu\\\/toode\\\/rosmariin-salvia-rosmarinus-blue-winter\\\/#breadcrumb\",\"itemListElement\":[{\"@type\":\"ListItem\",\"position\":1,\"name\":\"Home\",\"item\":\"https:\\\/\\\/tammetalu.eu\\\/ru\\\/esileht-rus\\\/\"},{\"@type\":\"ListItem\",\"position\":2,\"name\":\"\u041c\u0430\u0433\u0430\u0437\u0438\u043d\",\"item\":\"https:\\\/\\\/tammetalu.eu\\\/ru\\\/%d0%bc%d0%b0%d0%b3%d0%b0%d0%b7%d0%b8%d0%bd\\\/\"},{\"@type\":\"ListItem\",\"position\":3,\"name\":\"Rosmariin Salvia rosmarinus &#8220;Blue Winter&#8221;\"}]},{\"@type\":\"WebSite\",\"@id\":\"https:\\\/\\\/tammetalu.eu\\\/#website\",\"url\":\"https:\\\/\\\/tammetalu.eu\\\/\",\"name\":\"Tamme talu \u00fcrdiaed\",\"description\":\"K\u00e4sit\u00f6\u00f6na valmistatud tooted \u00fcrtidest, \u00fcrdiistikud, \u00fcrtide kollektsioonaed\",\"publisher\":{\"@id\":\"https:\\\/\\\/tammetalu.eu\\\/#organization\"},\"alternateName\":\"Tamme talu\",\"potentialAction\":[{\"@type\":\"SearchAction\",\"target\":{\"@type\":\"EntryPoint\",\"urlTemplate\":\"https:\\\/\\\/tammetalu.eu\\\/?s={search_term_string}\"},\"query-input\":{\"@type\":\"PropertyValueSpecification\",\"valueRequired\":true,\"valueName\":\"search_term_string\"}}],\"inLanguage\":\"ru-RU\"},{\"@type\":\"Organization\",\"@id\":\"https:\\\/\\\/tammetalu.eu\\\/#organization\",\"name\":\"Tamme talu \u00fcrdiaed\",\"alternateName\":\"Tamme talu\",\"url\":\"https:\\\/\\\/tammetalu.eu\\\/\",\"logo\":{\"@type\":\"ImageObject\",\"inLanguage\":\"ru-RU\",\"@id\":\"https:\\\/\\\/tammetalu.eu\\\/#\\\/schema\\\/logo\\\/image\\\/\",\"url\":\"https:\\\/\\\/tammetalu.eu\\\/wp-content\\\/uploads\\\/2025\\\/01\\\/Tamme_talu_urdiaed.png\",\"contentUrl\":\"https:\\\/\\\/tammetalu.eu\\\/wp-content\\\/uploads\\\/2025\\\/01\\\/Tamme_talu_urdiaed.png\",\"width\":560,\"height\":560,\"caption\":\"Tamme talu \u00fcrdiaed\"},\"image\":{\"@id\":\"https:\\\/\\\/tammetalu.eu\\\/#\\\/schema\\\/logo\\\/image\\\/\"},\"sameAs\":[\"https:\\\/\\\/www.facebook.com\\\/TammeTaluUrdiaed\\\/?locale=et_EE\",\"https:\\\/\\\/www.instagram.com\\\/tammetaluurdiaed\\\/\"]}]}<\/script>\n<!-- \/ Yoast SEO plugin. -->","yoast_head_json":{"title":"Rosmariin Salvia rosmarinus \"Blue Winter\" - Tamme talu \u00fcrdiaed","robots":{"index":"index","follow":"follow","max-snippet":"max-snippet:-1","max-image-preview":"max-image-preview:large","max-video-preview":"max-video-preview:-1"},"canonical":"https:\/\/tammetalu.eu\/toode\/rosmariin-salvia-rosmarinus-blue-winter\/","og_locale":"ru_RU","og_type":"article","og_title":"Rosmariin Salvia rosmarinus \"Blue Winter\" - Tamme talu \u00fcrdiaed","og_description":"Harilik rosmariin Salvia rosmarinus \u201eBlue Winter\u201c  LAT: \u00a0Salvia rosmarinus \u201eBlue Winter\u201c  ENG: \u00a0Rosemary \u201eBlue Winter\u201c  RU: \u0420\u043e\u0437\u043c\u0430\u0440\u0438\u043d \u043b\u0435\u043a\u0430\u0440\u0441\u0442\u0432\u0435\u043d\u043d\u044b\u0439 \u201eBlue Winter\u201c  FI: \u00a0\u00a0Rosmariini \u201eBlue Winter\u201c  Harilik rosmariin (Salvia rosmarinus) on nahkjate peenikeste hallikate lehtede ja erksate helesiniste \u00f5itega igihaljas maitse-, l\u00f5hna -ja ravimtaim. Sordil \u201eBlue Winter\u201c on p\u00fcstised v\u00f5rsed. Sobib kasvatamiseks potis v\u00f5i r\u00f5dukastis. Rosmariin vajab kasvuks h\u00e4sti vett l\u00e4bilaskvat kruusasegust lubjast mulda ja poolvarjulist kuni p\u00e4ikeselist kasvukohta. Soovitav on rosmariini kasvatada potis, mille l\u00e4bim\u00f5\u00f5t esimesel aastal v\u00f5iks olla 20-25 cm. Enne pidevate s\u00fcgisvihmade saabumist tuleks rosmariin varju alla t\u00f5sta, sest liigne niiskus v\u00f5ib taime hukutada. Soojemal talvel v\u00f5ib taime talvitumiseks t\u00f5sta v\u00f5imaluse korral kuiva kasvuhoonesse. K\u00f5ige paremini talvitub rosmariin jahedas valges siseruumis. Taimele v\u00f5ib hukutavalt m\u00f5juda pigem liigne soojus ja \u00fclekastmine kui p\u00fcsivad k\u00fclmakraadid (kuni -5).  Rosmariiniga maitsestatakse lamba- , veise, ulukiliha, metslinnuliha, kala, kartuli ja kaalikaroogasid. Rahvameditsiinis kasutatakse rosmariini toniseeriva vahendina j\u00f5uetuse ja s\u00fcdameneurooside korral, samuti sapiajatina.  Rosmariinil on seedetegevust soodustav toime. Kasutatakse vereringeh\u00e4irete ja reuma korral. Mikroobidevastane. V\u00e4hendab k\u00f5hugaase ja spasme.  K\u00f5rgus: kuni 1m  \u00d5itsemise aeg: XII-II  Talvekindlus: Ei ole talvekindel  Poti suurus: 9-11  Loe l\u00e4hemalt rosmariini kasvatamise kohta\u00a0siit","og_url":"https:\/\/tammetalu.eu\/toode\/rosmariin-salvia-rosmarinus-blue-winter\/","og_site_name":"Tamme talu \u00fcrdiaed","article_publisher":"https:\/\/www.facebook.com\/TammeTaluUrdiaed\/?locale=et_EE","article_modified_time":"2026-05-04T05:49:17+00:00","og_image":[{"width":535,"height":535,"url":"https:\/\/tammetalu.eu\/wp-content\/uploads\/2025\/01\/Rosmariin_Rosmarinus_officinalis_Blue_Winter_Tamme_talu_urdiaed.jpg","type":"image\/jpeg"}],"twitter_card":"summary_large_image","twitter_misc":{"\u041f\u0440\u0438\u043c\u0435\u0440\u043d\u043e\u0435 \u0432\u0440\u0435\u043c\u044f \u0434\u043b\u044f \u0447\u0442\u0435\u043d\u0438\u044f":"1 \u043c\u0438\u043d\u0443\u0442\u0430"},"schema":{"@context":"https:\/\/schema.org","@graph":[{"@type":"WebPage","@id":"https:\/\/tammetalu.eu\/toode\/rosmariin-salvia-rosmarinus-blue-winter\/","url":"https:\/\/tammetalu.eu\/toode\/rosmariin-salvia-rosmarinus-blue-winter\/","name":"Rosmariin Salvia rosmarinus \"Blue Winter\" - Tamme talu \u00fcrdiaed","isPartOf":{"@id":"https:\/\/tammetalu.eu\/#website"},"primaryImageOfPage":{"@id":"https:\/\/tammetalu.eu\/toode\/rosmariin-salvia-rosmarinus-blue-winter\/#primaryimage"},"image":{"@id":"https:\/\/tammetalu.eu\/toode\/rosmariin-salvia-rosmarinus-blue-winter\/#primaryimage"},"thumbnailUrl":"https:\/\/tammetalu.eu\/wp-content\/uploads\/2025\/01\/Rosmariin_Rosmarinus_officinalis_Blue_Winter_Tamme_talu_urdiaed.jpg","datePublished":"2025-02-03T14:06:59+00:00","dateModified":"2026-05-04T05:49:17+00:00","breadcrumb":{"@id":"https:\/\/tammetalu.eu\/toode\/rosmariin-salvia-rosmarinus-blue-winter\/#breadcrumb"},"inLanguage":"ru-RU","potentialAction":[{"@type":"ReadAction","target":["https:\/\/tammetalu.eu\/toode\/rosmariin-salvia-rosmarinus-blue-winter\/"]}]},{"@type":"ImageObject","inLanguage":"ru-RU","@id":"https:\/\/tammetalu.eu\/toode\/rosmariin-salvia-rosmarinus-blue-winter\/#primaryimage","url":"https:\/\/tammetalu.eu\/wp-content\/uploads\/2025\/01\/Rosmariin_Rosmarinus_officinalis_Blue_Winter_Tamme_talu_urdiaed.jpg","contentUrl":"https:\/\/tammetalu.eu\/wp-content\/uploads\/2025\/01\/Rosmariin_Rosmarinus_officinalis_Blue_Winter_Tamme_talu_urdiaed.jpg","width":535,"height":535,"caption":"Rosmariin_Rosmarinus_officinalis_Blue_Winter_Tamme_talu_urdiaed"},{"@type":"BreadcrumbList","@id":"https:\/\/tammetalu.eu\/toode\/rosmariin-salvia-rosmarinus-blue-winter\/#breadcrumb","itemListElement":[{"@type":"ListItem","position":1,"name":"Home","item":"https:\/\/tammetalu.eu\/ru\/esileht-rus\/"},{"@type":"ListItem","position":2,"name":"\u041c\u0430\u0433\u0430\u0437\u0438\u043d","item":"https:\/\/tammetalu.eu\/ru\/%d0%bc%d0%b0%d0%b3%d0%b0%d0%b7%d0%b8%d0%bd\/"},{"@type":"ListItem","position":3,"name":"Rosmariin Salvia rosmarinus &#8220;Blue Winter&#8221;"}]},{"@type":"WebSite","@id":"https:\/\/tammetalu.eu\/#website","url":"https:\/\/tammetalu.eu\/","name":"Tamme talu \u00fcrdiaed","description":"K\u00e4sit\u00f6\u00f6na valmistatud tooted \u00fcrtidest, \u00fcrdiistikud, \u00fcrtide kollektsioonaed","publisher":{"@id":"https:\/\/tammetalu.eu\/#organization"},"alternateName":"Tamme talu","potentialAction":[{"@type":"SearchAction","target":{"@type":"EntryPoint","urlTemplate":"https:\/\/tammetalu.eu\/?s={search_term_string}"},"query-input":{"@type":"PropertyValueSpecification","valueRequired":true,"valueName":"search_term_string"}}],"inLanguage":"ru-RU"},{"@type":"Organization","@id":"https:\/\/tammetalu.eu\/#organization","name":"Tamme talu \u00fcrdiaed","alternateName":"Tamme talu","url":"https:\/\/tammetalu.eu\/","logo":{"@type":"ImageObject","inLanguage":"ru-RU","@id":"https:\/\/tammetalu.eu\/#\/schema\/logo\/image\/","url":"https:\/\/tammetalu.eu\/wp-content\/uploads\/2025\/01\/Tamme_talu_urdiaed.png","contentUrl":"https:\/\/tammetalu.eu\/wp-content\/uploads\/2025\/01\/Tamme_talu_urdiaed.png","width":560,"height":560,"caption":"Tamme talu \u00fcrdiaed"},"image":{"@id":"https:\/\/tammetalu.eu\/#\/schema\/logo\/image\/"},"sameAs":["https:\/\/www.facebook.com\/TammeTaluUrdiaed\/?locale=et_EE","https:\/\/www.instagram.com\/tammetaluurdiaed\/"]}]}},"_links":{"self":[{"href":"https:\/\/tammetalu.eu\/ru\/wp-json\/wp\/v2\/product\/23653","targetHints":{"allow":["GET"]}}],"collection":[{"href":"https:\/\/tammetalu.eu\/ru\/wp-json\/wp\/v2\/product"}],"about":[{"href":"https:\/\/tammetalu.eu\/ru\/wp-json\/wp\/v2\/types\/product"}],"wp:featuredmedia":[{"embeddable":true,"href":"https:\/\/tammetalu.eu\/ru\/wp-json\/wp\/v2\/media\/23654"}],"wp:attachment":[{"href":"https:\/\/tammetalu.eu\/ru\/wp-json\/wp\/v2\/media?parent=23653"}],"wp:term":[{"taxonomy":"product_brand","embeddable":true,"href":"https:\/\/tammetalu.eu\/ru\/wp-json\/wp\/v2\/product_brand?post=23653"},{"taxonomy":"product_cat","embeddable":true,"href":"https:\/\/tammetalu.eu\/ru\/wp-json\/wp\/v2\/product_cat?post=23653"},{"taxonomy":"product_tag","embeddable":true,"href":"https:\/\/tammetalu.eu\/ru\/wp-json\/wp\/v2\/product_tag?post=23653"}],"curies":[{"name":"wp","href":"https:\/\/api.w.org\/{rel}","templated":true}]}}