{"id":23936,"date":"2025-02-07T11:43:49","date_gmt":"2025-02-07T09:43:49","guid":{"rendered":"https:\/\/tammetalu.eu\/?post_type=product&#038;p=23936"},"modified":"2026-02-02T15:14:23","modified_gmt":"2026-02-02T13:14:23","slug":"tahklavendel-platinum-blonde-lavandula-angustifolia","status":"publish","type":"product","link":"https:\/\/tammetalu.eu\/ru\/toode\/tahklavendel-platinum-blonde-lavandula-angustifolia\/","title":{"rendered":"T\u00e4hklavendel Lavandula angustifolia &#171;Platinum Blonde&#187;"},"content":{"rendered":"","protected":false},"excerpt":{"rendered":"<p>T\u00e4hklavendel Lavandula angustifolia &#171;Platinum Blonde&#187;<\/p>\n<p>LAT: \u00a0<em>Lavandula angustifolia<\/em> &#171;Platinum Blonde&#187;<\/p>\n<p>ENG: \u00a0English lavender &#171;Platinum Blonde&#187;<\/p>\n<p>RU: \u041b\u0430\u0432\u0430\u043d\u0434\u0430 \u0443\u0437\u043a\u043e\u043b\u0438\u0441\u0442\u043d\u0430\u044f &#171;Platinum Blonde&#187;<\/p>\n<p>FI: \u00a0\u00a0T\u00e4hk\u00e4laventeli &#171;Platinum Blonde&#187;<\/p>\n<p>T\u00e4hklavendli sordil &#171;Platinum Blonde&#187; on sinakaslillad heledad \u00f5isikud ja kitsad rohelised valge \u00e4\u00e4risega lehed. Sordi omap\u00e4raks on ilus \u00fchtlane kasvukuju ning varane \u00f5itsemine juba esimesel kasvuaastal.<\/p>\n<p>V\u00e4ga aromaatsete lehtede ja \u00f5itega p\u00fcsik, mis on lisaks peenrale v\u00e4ga sobiv konteineris kasvatamiseks.\u00a0J\u00f5udsaks kasvuks vajab kuiva v\u00f5i parasniisket kruusasegust mulda ning t\u00e4isp\u00e4ikeselist kuni poolvarjulist kasvukohta. Lumeta talvel on soovitav katta taimed kuiva turba v\u00f5i puulehtedega. Kevadel enne kasvu alustamist k\u00e4rbitakse taimed, et tagada hilisem \u00fchtlasem kasvukuju. Lavendlid \u00f5itsemise ajal v\u00e4ga atraktiivsed erinevatele tolmeldajatele.<\/p>\n<p>Kokanduses kasutatakse lavendlit erinevate jookide, eriti teesegude valmistamiseks. Veel sobib lavendel maitset andma magusroogadele ja k\u00fcpsetistele. Lavendli lisamisega toitudesse peab olema ettevaatlik, kuna lavendli iseloomulik tugev maitse v\u00f5ib toidu isegi \u00e4ra rikkuda.<\/p>\n<p>Lavendel on oma toimelt n\u00f5rgalt rahustav ja und soodustav, lisaks seedimist korrastav. V\u00e4liselt kasutatakse lavendlit putukapistetest tekkinud tursete leevendamiseks. Lavendlivannid m\u00f5juvad rahustavalt reumavalude korral. Tihti lisatakse \u00f5isikuid l\u00f5hnakimpudesse ja l\u00f5hnapatjadesse.<\/p>\n<p>K\u00f5rgus: kuni 0,4 m<\/p>\n<p>\u00d5itsemise aeg: VII-VIII<\/p>\n<p>Talvekindlus: Suhteliselt talvekindel<\/p>\n<p>Poti suurus: 9-11<\/p>\n","protected":false},"featured_media":23937,"template":"","meta":{"_acf_changed":false,"_et_pb_use_builder":"","_et_pb_old_content":"","_et_gb_content_width":"","inline_featured_image":false},"product_brand":[],"product_cat":[186,202],"product_tag":[],"class_list":{"0":"post-23936","1":"product","2":"type-product","3":"status-publish","4":"has-post-thumbnail","6":"product_cat-maitse-ja-ravimtaimede-istikud","7":"product_cat-lavendlid","9":"first","10":"outofstock","11":"sale","12":"taxable","13":"shipping-taxable","14":"purchasable","15":"product-type-simple"},"acf":[],"yoast_head":"<!-- This site is optimized with the Yoast SEO plugin v26.4 - https:\/\/yoast.com\/wordpress\/plugins\/seo\/ -->\n<title>T\u00e4hklavendel Lavandula angustifolia &quot;Platinum Blonde&quot; - Tamme talu \u00fcrdiaed<\/title>\n<meta name=\"description\" content=\"T\u00e4hklavendel sort &quot;Platinum Blonde&quot; on v\u00e4ga aromaatsete lehtede ja \u00f5itega p\u00fcsik, mis on lisaks peenrale v\u00e4ga sobiv konteineris kasvatamiseks.\u00a0J\u00f5udsaks kasvuks vajab kuiva v\u00f5i parasniisket kruusasegust mulda ning t\u00e4isp\u00e4ikeselist kuni poolvarjulist kasvukohta.\" \/>\n<meta name=\"robots\" content=\"index, follow, max-snippet:-1, max-image-preview:large, max-video-preview:-1\" \/>\n<link rel=\"canonical\" href=\"https:\/\/tammetalu.eu\/toode\/tahklavendel-platinum-blonde-lavandula-angustifolia\/\" \/>\n<meta property=\"og:locale\" content=\"ru_RU\" \/>\n<meta property=\"og:type\" content=\"article\" \/>\n<meta property=\"og:title\" content=\"T\u00e4hklavendel Lavandula angustifolia &quot;Platinum Blonde&quot; - Tamme talu \u00fcrdiaed\" \/>\n<meta property=\"og:description\" content=\"T\u00e4hklavendel sort &quot;Platinum Blonde&quot; on v\u00e4ga aromaatsete lehtede ja \u00f5itega p\u00fcsik, mis on lisaks peenrale v\u00e4ga sobiv konteineris kasvatamiseks.\u00a0J\u00f5udsaks kasvuks vajab kuiva v\u00f5i parasniisket kruusasegust mulda ning t\u00e4isp\u00e4ikeselist kuni poolvarjulist kasvukohta.\" \/>\n<meta property=\"og:url\" content=\"https:\/\/tammetalu.eu\/toode\/tahklavendel-platinum-blonde-lavandula-angustifolia\/\" \/>\n<meta property=\"og:site_name\" content=\"Tamme talu \u00fcrdiaed\" \/>\n<meta property=\"article:publisher\" content=\"https:\/\/www.facebook.com\/TammeTaluUrdiaed\/?locale=et_EE\" \/>\n<meta property=\"article:modified_time\" content=\"2026-02-02T13:14:23+00:00\" \/>\n<meta property=\"og:image\" content=\"https:\/\/tammetalu.eu\/wp-content\/uploads\/2025\/02\/Tahklavendel_Lavendula_angustifolia_Platinum_Blonde_Tamme_talu_urdiaed.webp\" \/>\n\t<meta property=\"og:image:width\" content=\"600\" \/>\n\t<meta property=\"og:image:height\" content=\"600\" \/>\n\t<meta property=\"og:image:type\" content=\"image\/webp\" \/>\n<meta name=\"twitter:card\" content=\"summary_large_image\" \/>\n<meta name=\"twitter:label1\" content=\"\u041f\u0440\u0438\u043c\u0435\u0440\u043d\u043e\u0435 \u0432\u0440\u0435\u043c\u044f \u0434\u043b\u044f \u0447\u0442\u0435\u043d\u0438\u044f\" \/>\n\t<meta name=\"twitter:data1\" content=\"1 \u043c\u0438\u043d\u0443\u0442\u0430\" \/>\n<script type=\"application\/ld+json\" class=\"yoast-schema-graph\">{\"@context\":\"https:\/\/schema.org\",\"@graph\":[{\"@type\":\"WebPage\",\"@id\":\"https:\/\/tammetalu.eu\/toode\/tahklavendel-platinum-blonde-lavandula-angustifolia\/\",\"url\":\"https:\/\/tammetalu.eu\/toode\/tahklavendel-platinum-blonde-lavandula-angustifolia\/\",\"name\":\"T\u00e4hklavendel Lavandula angustifolia \\\"Platinum Blonde\\\" - Tamme talu \u00fcrdiaed\",\"isPartOf\":{\"@id\":\"https:\/\/tammetalu.eu\/#website\"},\"primaryImageOfPage\":{\"@id\":\"https:\/\/tammetalu.eu\/toode\/tahklavendel-platinum-blonde-lavandula-angustifolia\/#primaryimage\"},\"image\":{\"@id\":\"https:\/\/tammetalu.eu\/toode\/tahklavendel-platinum-blonde-lavandula-angustifolia\/#primaryimage\"},\"thumbnailUrl\":\"https:\/\/tammetalu.eu\/wp-content\/uploads\/2025\/02\/Tahklavendel_Lavendula_angustifolia_Platinum_Blonde_Tamme_talu_urdiaed.webp\",\"datePublished\":\"2025-02-07T09:43:49+00:00\",\"dateModified\":\"2026-02-02T13:14:23+00:00\",\"description\":\"T\u00e4hklavendel sort \\\"Platinum Blonde\\\" on v\u00e4ga aromaatsete lehtede ja \u00f5itega p\u00fcsik, mis on lisaks peenrale v\u00e4ga sobiv konteineris kasvatamiseks.\u00a0J\u00f5udsaks kasvuks vajab kuiva v\u00f5i parasniisket kruusasegust mulda ning t\u00e4isp\u00e4ikeselist kuni poolvarjulist kasvukohta.\",\"breadcrumb\":{\"@id\":\"https:\/\/tammetalu.eu\/toode\/tahklavendel-platinum-blonde-lavandula-angustifolia\/#breadcrumb\"},\"inLanguage\":\"ru-RU\",\"potentialAction\":[{\"@type\":\"ReadAction\",\"target\":[\"https:\/\/tammetalu.eu\/toode\/tahklavendel-platinum-blonde-lavandula-angustifolia\/\"]}]},{\"@type\":\"ImageObject\",\"inLanguage\":\"ru-RU\",\"@id\":\"https:\/\/tammetalu.eu\/toode\/tahklavendel-platinum-blonde-lavandula-angustifolia\/#primaryimage\",\"url\":\"https:\/\/tammetalu.eu\/wp-content\/uploads\/2025\/02\/Tahklavendel_Lavendula_angustifolia_Platinum_Blonde_Tamme_talu_urdiaed.webp\",\"contentUrl\":\"https:\/\/tammetalu.eu\/wp-content\/uploads\/2025\/02\/Tahklavendel_Lavendula_angustifolia_Platinum_Blonde_Tamme_talu_urdiaed.webp\",\"width\":600,\"height\":600,\"caption\":\"Tahklavendel_Lavendula_angustifolia_Platinum_Blonde_Tamme_talu_urdiaed\"},{\"@type\":\"BreadcrumbList\",\"@id\":\"https:\/\/tammetalu.eu\/toode\/tahklavendel-platinum-blonde-lavandula-angustifolia\/#breadcrumb\",\"itemListElement\":[{\"@type\":\"ListItem\",\"position\":1,\"name\":\"Home\",\"item\":\"https:\/\/tammetalu.eu\/ru\/esileht-rus\/\"},{\"@type\":\"ListItem\",\"position\":2,\"name\":\"\u041c\u0430\u0433\u0430\u0437\u0438\u043d\",\"item\":\"https:\/\/tammetalu.eu\/ru\/%d0%bc%d0%b0%d0%b3%d0%b0%d0%b7%d0%b8%d0%bd\/\"},{\"@type\":\"ListItem\",\"position\":3,\"name\":\"T\u00e4hklavendel Lavandula angustifolia &#8220;Platinum Blonde&#8221;\"}]},{\"@type\":\"WebSite\",\"@id\":\"https:\/\/tammetalu.eu\/#website\",\"url\":\"https:\/\/tammetalu.eu\/\",\"name\":\"Tamme talu \u00fcrdiaed\",\"description\":\"K\u00e4sit\u00f6\u00f6na valmistatud tooted \u00fcrtidest, \u00fcrdiistikud, \u00fcrtide kollektsioonaed\",\"publisher\":{\"@id\":\"https:\/\/tammetalu.eu\/#organization\"},\"alternateName\":\"Tamme talu\",\"potentialAction\":[{\"@type\":\"SearchAction\",\"target\":{\"@type\":\"EntryPoint\",\"urlTemplate\":\"https:\/\/tammetalu.eu\/?s={search_term_string}\"},\"query-input\":{\"@type\":\"PropertyValueSpecification\",\"valueRequired\":true,\"valueName\":\"search_term_string\"}}],\"inLanguage\":\"ru-RU\"},{\"@type\":\"Organization\",\"@id\":\"https:\/\/tammetalu.eu\/#organization\",\"name\":\"Tamme talu \u00fcrdiaed\",\"alternateName\":\"Tamme talu\",\"url\":\"https:\/\/tammetalu.eu\/\",\"logo\":{\"@type\":\"ImageObject\",\"inLanguage\":\"ru-RU\",\"@id\":\"https:\/\/tammetalu.eu\/#\/schema\/logo\/image\/\",\"url\":\"https:\/\/tammetalu.eu\/wp-content\/uploads\/2025\/01\/Tamme_talu_urdiaed.png\",\"contentUrl\":\"https:\/\/tammetalu.eu\/wp-content\/uploads\/2025\/01\/Tamme_talu_urdiaed.png\",\"width\":560,\"height\":560,\"caption\":\"Tamme talu \u00fcrdiaed\"},\"image\":{\"@id\":\"https:\/\/tammetalu.eu\/#\/schema\/logo\/image\/\"},\"sameAs\":[\"https:\/\/www.facebook.com\/TammeTaluUrdiaed\/?locale=et_EE\",\"https:\/\/www.instagram.com\/tammetaluurdiaed\/\"]}]}<\/script>\n<!-- \/ Yoast SEO plugin. -->","yoast_head_json":{"title":"T\u00e4hklavendel Lavandula angustifolia \"Platinum Blonde\" - Tamme talu \u00fcrdiaed","description":"T\u00e4hklavendel sort \"Platinum Blonde\" on v\u00e4ga aromaatsete lehtede ja \u00f5itega p\u00fcsik, mis on lisaks peenrale v\u00e4ga sobiv konteineris kasvatamiseks.\u00a0J\u00f5udsaks kasvuks vajab kuiva v\u00f5i parasniisket kruusasegust mulda ning t\u00e4isp\u00e4ikeselist kuni poolvarjulist kasvukohta.","robots":{"index":"index","follow":"follow","max-snippet":"max-snippet:-1","max-image-preview":"max-image-preview:large","max-video-preview":"max-video-preview:-1"},"canonical":"https:\/\/tammetalu.eu\/toode\/tahklavendel-platinum-blonde-lavandula-angustifolia\/","og_locale":"ru_RU","og_type":"article","og_title":"T\u00e4hklavendel Lavandula angustifolia \"Platinum Blonde\" - Tamme talu \u00fcrdiaed","og_description":"T\u00e4hklavendel sort \"Platinum Blonde\" on v\u00e4ga aromaatsete lehtede ja \u00f5itega p\u00fcsik, mis on lisaks peenrale v\u00e4ga sobiv konteineris kasvatamiseks.\u00a0J\u00f5udsaks kasvuks vajab kuiva v\u00f5i parasniisket kruusasegust mulda ning t\u00e4isp\u00e4ikeselist kuni poolvarjulist kasvukohta.","og_url":"https:\/\/tammetalu.eu\/toode\/tahklavendel-platinum-blonde-lavandula-angustifolia\/","og_site_name":"Tamme talu \u00fcrdiaed","article_publisher":"https:\/\/www.facebook.com\/TammeTaluUrdiaed\/?locale=et_EE","article_modified_time":"2026-02-02T13:14:23+00:00","og_image":[{"width":600,"height":600,"url":"https:\/\/tammetalu.eu\/wp-content\/uploads\/2025\/02\/Tahklavendel_Lavendula_angustifolia_Platinum_Blonde_Tamme_talu_urdiaed.webp","type":"image\/webp"}],"twitter_card":"summary_large_image","twitter_misc":{"\u041f\u0440\u0438\u043c\u0435\u0440\u043d\u043e\u0435 \u0432\u0440\u0435\u043c\u044f \u0434\u043b\u044f \u0447\u0442\u0435\u043d\u0438\u044f":"1 \u043c\u0438\u043d\u0443\u0442\u0430"},"schema":{"@context":"https:\/\/schema.org","@graph":[{"@type":"WebPage","@id":"https:\/\/tammetalu.eu\/toode\/tahklavendel-platinum-blonde-lavandula-angustifolia\/","url":"https:\/\/tammetalu.eu\/toode\/tahklavendel-platinum-blonde-lavandula-angustifolia\/","name":"T\u00e4hklavendel Lavandula angustifolia \"Platinum Blonde\" - Tamme talu \u00fcrdiaed","isPartOf":{"@id":"https:\/\/tammetalu.eu\/#website"},"primaryImageOfPage":{"@id":"https:\/\/tammetalu.eu\/toode\/tahklavendel-platinum-blonde-lavandula-angustifolia\/#primaryimage"},"image":{"@id":"https:\/\/tammetalu.eu\/toode\/tahklavendel-platinum-blonde-lavandula-angustifolia\/#primaryimage"},"thumbnailUrl":"https:\/\/tammetalu.eu\/wp-content\/uploads\/2025\/02\/Tahklavendel_Lavendula_angustifolia_Platinum_Blonde_Tamme_talu_urdiaed.webp","datePublished":"2025-02-07T09:43:49+00:00","dateModified":"2026-02-02T13:14:23+00:00","description":"T\u00e4hklavendel sort \"Platinum Blonde\" on v\u00e4ga aromaatsete lehtede ja \u00f5itega p\u00fcsik, mis on lisaks peenrale v\u00e4ga sobiv konteineris kasvatamiseks.\u00a0J\u00f5udsaks kasvuks vajab kuiva v\u00f5i parasniisket kruusasegust mulda ning t\u00e4isp\u00e4ikeselist kuni poolvarjulist kasvukohta.","breadcrumb":{"@id":"https:\/\/tammetalu.eu\/toode\/tahklavendel-platinum-blonde-lavandula-angustifolia\/#breadcrumb"},"inLanguage":"ru-RU","potentialAction":[{"@type":"ReadAction","target":["https:\/\/tammetalu.eu\/toode\/tahklavendel-platinum-blonde-lavandula-angustifolia\/"]}]},{"@type":"ImageObject","inLanguage":"ru-RU","@id":"https:\/\/tammetalu.eu\/toode\/tahklavendel-platinum-blonde-lavandula-angustifolia\/#primaryimage","url":"https:\/\/tammetalu.eu\/wp-content\/uploads\/2025\/02\/Tahklavendel_Lavendula_angustifolia_Platinum_Blonde_Tamme_talu_urdiaed.webp","contentUrl":"https:\/\/tammetalu.eu\/wp-content\/uploads\/2025\/02\/Tahklavendel_Lavendula_angustifolia_Platinum_Blonde_Tamme_talu_urdiaed.webp","width":600,"height":600,"caption":"Tahklavendel_Lavendula_angustifolia_Platinum_Blonde_Tamme_talu_urdiaed"},{"@type":"BreadcrumbList","@id":"https:\/\/tammetalu.eu\/toode\/tahklavendel-platinum-blonde-lavandula-angustifolia\/#breadcrumb","itemListElement":[{"@type":"ListItem","position":1,"name":"Home","item":"https:\/\/tammetalu.eu\/ru\/esileht-rus\/"},{"@type":"ListItem","position":2,"name":"\u041c\u0430\u0433\u0430\u0437\u0438\u043d","item":"https:\/\/tammetalu.eu\/ru\/%d0%bc%d0%b0%d0%b3%d0%b0%d0%b7%d0%b8%d0%bd\/"},{"@type":"ListItem","position":3,"name":"T\u00e4hklavendel Lavandula angustifolia &#8220;Platinum Blonde&#8221;"}]},{"@type":"WebSite","@id":"https:\/\/tammetalu.eu\/#website","url":"https:\/\/tammetalu.eu\/","name":"Tamme talu \u00fcrdiaed","description":"K\u00e4sit\u00f6\u00f6na valmistatud tooted \u00fcrtidest, \u00fcrdiistikud, \u00fcrtide kollektsioonaed","publisher":{"@id":"https:\/\/tammetalu.eu\/#organization"},"alternateName":"Tamme talu","potentialAction":[{"@type":"SearchAction","target":{"@type":"EntryPoint","urlTemplate":"https:\/\/tammetalu.eu\/?s={search_term_string}"},"query-input":{"@type":"PropertyValueSpecification","valueRequired":true,"valueName":"search_term_string"}}],"inLanguage":"ru-RU"},{"@type":"Organization","@id":"https:\/\/tammetalu.eu\/#organization","name":"Tamme talu \u00fcrdiaed","alternateName":"Tamme talu","url":"https:\/\/tammetalu.eu\/","logo":{"@type":"ImageObject","inLanguage":"ru-RU","@id":"https:\/\/tammetalu.eu\/#\/schema\/logo\/image\/","url":"https:\/\/tammetalu.eu\/wp-content\/uploads\/2025\/01\/Tamme_talu_urdiaed.png","contentUrl":"https:\/\/tammetalu.eu\/wp-content\/uploads\/2025\/01\/Tamme_talu_urdiaed.png","width":560,"height":560,"caption":"Tamme talu \u00fcrdiaed"},"image":{"@id":"https:\/\/tammetalu.eu\/#\/schema\/logo\/image\/"},"sameAs":["https:\/\/www.facebook.com\/TammeTaluUrdiaed\/?locale=et_EE","https:\/\/www.instagram.com\/tammetaluurdiaed\/"]}]}},"_links":{"self":[{"href":"https:\/\/tammetalu.eu\/ru\/wp-json\/wp\/v2\/product\/23936","targetHints":{"allow":["GET"]}}],"collection":[{"href":"https:\/\/tammetalu.eu\/ru\/wp-json\/wp\/v2\/product"}],"about":[{"href":"https:\/\/tammetalu.eu\/ru\/wp-json\/wp\/v2\/types\/product"}],"wp:featuredmedia":[{"embeddable":true,"href":"https:\/\/tammetalu.eu\/ru\/wp-json\/wp\/v2\/media\/23937"}],"wp:attachment":[{"href":"https:\/\/tammetalu.eu\/ru\/wp-json\/wp\/v2\/media?parent=23936"}],"wp:term":[{"taxonomy":"product_brand","embeddable":true,"href":"https:\/\/tammetalu.eu\/ru\/wp-json\/wp\/v2\/product_brand?post=23936"},{"taxonomy":"product_cat","embeddable":true,"href":"https:\/\/tammetalu.eu\/ru\/wp-json\/wp\/v2\/product_cat?post=23936"},{"taxonomy":"product_tag","embeddable":true,"href":"https:\/\/tammetalu.eu\/ru\/wp-json\/wp\/v2\/product_tag?post=23936"}],"curies":[{"name":"wp","href":"https:\/\/api.w.org\/{rel}","templated":true}]}}