{"id":24684,"date":"2025-04-09T22:26:09","date_gmt":"2025-04-09T19:26:09","guid":{"rendered":"https:\/\/tammetalu.eu\/?post_type=product&#038;p=24684"},"modified":"2026-04-08T20:09:33","modified_gmt":"2026-04-08T17:09:33","slug":"suureoieline-laikellukas-platycodon-grandiflorus-codo-blue","status":"publish","type":"product","link":"https:\/\/tammetalu.eu\/ru\/toode\/suureoieline-laikellukas-platycodon-grandiflorus-codo-blue\/","title":{"rendered":"Suure\u00f5ieline laikellukas Platycodon grandiflorus Blue"},"content":{"rendered":"","protected":false},"excerpt":{"rendered":"<p>Suure\u00f5ieline laikellukas <em>Platycodon grandiflorus<\/em> &#171;Codo Blue&#187;<\/p>\n<p>LAT:\u00a0 <em>Platycodon grandiflorus<\/em><\/p>\n<p>ENG: Balloon Flower<\/p>\n<p>RU:\u00a0 \u0428\u0438\u0440\u043e\u043a\u043e\u043a\u043e\u043b\u043e\u043a\u043e\u043b\u044c\u0447\u0438\u043a<\/p>\n<p>FI: Jalokello<\/p>\n<p>Suure\u00f5ielist laikellukat (Korea keeles doraji) kasvab looduslikult Jaapanis, Hiinas ja Ida-Siberis, sealhulgas Korea poolsaarel. Ca 45 cm \u00a0k\u00f5rgune ja 30 cm laiune meil talvekindel mitmeaastane rohttaim tumeroheliste lehtede ja hilissuvel puhkevate siniste \u00f5itega. Taime t\u00e4helepanuv\u00e4\u00e4rne tunnus on \u00f5ienupp, mis enne t\u00e4ielikku avanemist paisub \u00f5hupalli sarnaseks. Taime \u00f5ied p\u00fcsivad h\u00e4sti vaasis. Tihti kasvatatakse taime potilillena.<\/p>\n<p>Aias sobib suure\u00f5ielisele laikellukale p\u00e4ikeseline kuni poolvarjuline kuivema kuni parasniiske toitainete rikka mullaga kasvukoht. Taim ei talu seisvat niiskust. Lihakad juured ei talu h\u00e4sti \u00fcmberistutamist v\u00f5i jagamist.<\/p>\n<p>Taime j\u00e4medaid valgeid juuri kasutatakse laialdaselt Aasia maade k\u00f6\u00f6gis. Enne tarvitamist juuri h\u00f5\u00f5rutakse meresoolaga ja loputatakse mitu korda. Juurtest valmistatakse mitmesuguseid soolaseid ja magusaid roogasid, siirupeid, lik\u00f6\u00f6ri. See on ka \u00fcks bibimbapi (v\u00e4ga populaarne korea k\u00f6\u00f6gist p\u00e4rit roog, mis on valmistatud riisist, lihast ja k\u00f6\u00f6giviljast) k\u00f5ige sagedasemaid koostisosi.<\/p>\n<p>Juured sisaldavad kaltsiumi, kiudaineid, rauda, mitmeid mineraale, valke ja vitamiine.<\/p>\n<p>Hiina ja Korea traditsioonilises meditsiinis kasutatakse suure\u00f5ielise laikelluka juuri k\u00f6ha p\u00e4rssiva ja r\u00f6galahtistava vahendina tavaliste k\u00fclmetushaiguste, k\u00f6ha, kurguvalu, tonsilliidi ja rindkere \u00fclekoormamise korral.<\/p>\n<p>K\u00f5rgus: kuni 0,45 m<\/p>\n<p>\u00d5itsemise aeg: VII-VIII<\/p>\n<p>Talvekindlus: Talvekindel<\/p>\n<p>Poti suurus : 9-11<\/p>\n<p>&nbsp;<\/p>\n","protected":false},"featured_media":23286,"template":"","meta":{"_acf_changed":false,"_et_pb_use_builder":"","_et_pb_old_content":"","_et_gb_content_width":"","inline_featured_image":false},"product_brand":[],"product_cat":[237,186],"product_tag":[],"class_list":{"0":"post-24684","1":"product","2":"type-product","3":"status-publish","4":"has-post-thumbnail","6":"product_cat-aasia-toidutaimed","7":"product_cat-maitse-ja-ravimtaimede-istikud","9":"first","10":"instock","11":"sale","12":"taxable","13":"shipping-taxable","14":"purchasable","15":"product-type-simple"},"acf":[],"yoast_head":"<!-- This site is optimized with the Yoast SEO plugin v26.4 - https:\/\/yoast.com\/wordpress\/plugins\/seo\/ -->\n<title>Suure\u00f5ieline laikellukas Platycodon grandiflorus Blue - Tamme talu \u00fcrdiaed<\/title>\n<meta name=\"robots\" content=\"index, follow, max-snippet:-1, max-image-preview:large, max-video-preview:-1\" \/>\n<link rel=\"canonical\" href=\"https:\/\/tammetalu.eu\/toode\/suureoieline-laikellukas-platycodon-grandiflorus-codo-blue\/\" \/>\n<meta property=\"og:locale\" content=\"ru_RU\" \/>\n<meta property=\"og:type\" content=\"article\" \/>\n<meta property=\"og:title\" content=\"Suure\u00f5ieline laikellukas Platycodon grandiflorus Blue - Tamme talu \u00fcrdiaed\" \/>\n<meta property=\"og:description\" content=\"Suure\u00f5ieline laikellukas Platycodon grandiflorus &quot;Codo Blue&quot;  LAT:\u00a0 Platycodon grandiflorus  ENG: Balloon Flower  RU:\u00a0 \u0428\u0438\u0440\u043e\u043a\u043e\u043a\u043e\u043b\u043e\u043a\u043e\u043b\u044c\u0447\u0438\u043a  FI: Jalokello  Suure\u00f5ielist laikellukat (Korea keeles doraji) kasvab looduslikult Jaapanis, Hiinas ja Ida-Siberis, sealhulgas Korea poolsaarel. Ca 45 cm \u00a0k\u00f5rgune ja 30 cm laiune meil talvekindel mitmeaastane rohttaim tumeroheliste lehtede ja hilissuvel puhkevate siniste \u00f5itega. Taime t\u00e4helepanuv\u00e4\u00e4rne tunnus on \u00f5ienupp, mis enne t\u00e4ielikku avanemist paisub \u00f5hupalli sarnaseks. Taime \u00f5ied p\u00fcsivad h\u00e4sti vaasis. Tihti kasvatatakse taime potilillena.  Aias sobib suure\u00f5ielisele laikellukale p\u00e4ikeseline kuni poolvarjuline kuivema kuni parasniiske toitainete rikka mullaga kasvukoht. Taim ei talu seisvat niiskust. Lihakad juured ei talu h\u00e4sti \u00fcmberistutamist v\u00f5i jagamist.  Taime j\u00e4medaid valgeid juuri kasutatakse laialdaselt Aasia maade k\u00f6\u00f6gis. Enne tarvitamist juuri h\u00f5\u00f5rutakse meresoolaga ja loputatakse mitu korda. Juurtest valmistatakse mitmesuguseid soolaseid ja magusaid roogasid, siirupeid, lik\u00f6\u00f6ri. See on ka \u00fcks bibimbapi (v\u00e4ga populaarne korea k\u00f6\u00f6gist p\u00e4rit roog, mis on valmistatud riisist, lihast ja k\u00f6\u00f6giviljast) k\u00f5ige sagedasemaid koostisosi.  Juured sisaldavad kaltsiumi, kiudaineid, rauda, mitmeid mineraale, valke ja vitamiine.  Hiina ja Korea traditsioonilises meditsiinis kasutatakse suure\u00f5ielise laikelluka juuri k\u00f6ha p\u00e4rssiva ja r\u00f6galahtistava vahendina tavaliste k\u00fclmetushaiguste, k\u00f6ha, kurguvalu, tonsilliidi ja rindkere \u00fclekoormamise korral.  K\u00f5rgus: kuni 0,45 m  \u00d5itsemise aeg: VII-VIII  Talvekindlus: Talvekindel  Poti suurus : 9-11  &nbsp;\" \/>\n<meta property=\"og:url\" content=\"https:\/\/tammetalu.eu\/toode\/suureoieline-laikellukas-platycodon-grandiflorus-codo-blue\/\" \/>\n<meta property=\"og:site_name\" content=\"Tamme talu \u00fcrdiaed\" \/>\n<meta property=\"article:publisher\" content=\"https:\/\/www.facebook.com\/TammeTaluUrdiaed\/?locale=et_EE\" \/>\n<meta property=\"article:modified_time\" content=\"2026-04-08T17:09:33+00:00\" \/>\n<meta property=\"og:image\" content=\"https:\/\/tammetalu.eu\/wp-content\/uploads\/2025\/01\/Suureoieline_laikellukas_Platycodon-grand.-Mariesii_tamme_talu_urdiaed.webp\" \/>\n\t<meta property=\"og:image:width\" content=\"700\" \/>\n\t<meta property=\"og:image:height\" content=\"700\" \/>\n\t<meta property=\"og:image:type\" content=\"image\/webp\" \/>\n<meta name=\"twitter:card\" content=\"summary_large_image\" \/>\n<meta name=\"twitter:label1\" content=\"\u041f\u0440\u0438\u043c\u0435\u0440\u043d\u043e\u0435 \u0432\u0440\u0435\u043c\u044f \u0434\u043b\u044f \u0447\u0442\u0435\u043d\u0438\u044f\" \/>\n\t<meta name=\"twitter:data1\" content=\"1 \u043c\u0438\u043d\u0443\u0442\u0430\" \/>\n<script type=\"application\/ld+json\" class=\"yoast-schema-graph\">{\"@context\":\"https:\/\/schema.org\",\"@graph\":[{\"@type\":\"WebPage\",\"@id\":\"https:\/\/tammetalu.eu\/toode\/suureoieline-laikellukas-platycodon-grandiflorus-codo-blue\/\",\"url\":\"https:\/\/tammetalu.eu\/toode\/suureoieline-laikellukas-platycodon-grandiflorus-codo-blue\/\",\"name\":\"Suure\u00f5ieline laikellukas Platycodon grandiflorus Blue - Tamme talu \u00fcrdiaed\",\"isPartOf\":{\"@id\":\"https:\/\/tammetalu.eu\/#website\"},\"primaryImageOfPage\":{\"@id\":\"https:\/\/tammetalu.eu\/toode\/suureoieline-laikellukas-platycodon-grandiflorus-codo-blue\/#primaryimage\"},\"image\":{\"@id\":\"https:\/\/tammetalu.eu\/toode\/suureoieline-laikellukas-platycodon-grandiflorus-codo-blue\/#primaryimage\"},\"thumbnailUrl\":\"https:\/\/tammetalu.eu\/wp-content\/uploads\/2025\/01\/Suureoieline_laikellukas_Platycodon-grand.-Mariesii_tamme_talu_urdiaed.webp\",\"datePublished\":\"2025-04-09T19:26:09+00:00\",\"dateModified\":\"2026-04-08T17:09:33+00:00\",\"breadcrumb\":{\"@id\":\"https:\/\/tammetalu.eu\/toode\/suureoieline-laikellukas-platycodon-grandiflorus-codo-blue\/#breadcrumb\"},\"inLanguage\":\"ru-RU\",\"potentialAction\":[{\"@type\":\"ReadAction\",\"target\":[\"https:\/\/tammetalu.eu\/toode\/suureoieline-laikellukas-platycodon-grandiflorus-codo-blue\/\"]}]},{\"@type\":\"ImageObject\",\"inLanguage\":\"ru-RU\",\"@id\":\"https:\/\/tammetalu.eu\/toode\/suureoieline-laikellukas-platycodon-grandiflorus-codo-blue\/#primaryimage\",\"url\":\"https:\/\/tammetalu.eu\/wp-content\/uploads\/2025\/01\/Suureoieline_laikellukas_Platycodon-grand.-Mariesii_tamme_talu_urdiaed.webp\",\"contentUrl\":\"https:\/\/tammetalu.eu\/wp-content\/uploads\/2025\/01\/Suureoieline_laikellukas_Platycodon-grand.-Mariesii_tamme_talu_urdiaed.webp\",\"width\":700,\"height\":700,\"caption\":\"Suureoieline_laikellukas_Platycodon-grand.-Mariesii_tamme_talu_urdiaed\"},{\"@type\":\"BreadcrumbList\",\"@id\":\"https:\/\/tammetalu.eu\/toode\/suureoieline-laikellukas-platycodon-grandiflorus-codo-blue\/#breadcrumb\",\"itemListElement\":[{\"@type\":\"ListItem\",\"position\":1,\"name\":\"Home\",\"item\":\"https:\/\/tammetalu.eu\/ru\/esileht-rus\/\"},{\"@type\":\"ListItem\",\"position\":2,\"name\":\"\u041c\u0430\u0433\u0430\u0437\u0438\u043d\",\"item\":\"https:\/\/tammetalu.eu\/ru\/%d0%bc%d0%b0%d0%b3%d0%b0%d0%b7%d0%b8%d0%bd\/\"},{\"@type\":\"ListItem\",\"position\":3,\"name\":\"Suure\u00f5ieline laikellukas Platycodon grandiflorus Blue\"}]},{\"@type\":\"WebSite\",\"@id\":\"https:\/\/tammetalu.eu\/#website\",\"url\":\"https:\/\/tammetalu.eu\/\",\"name\":\"Tamme talu \u00fcrdiaed\",\"description\":\"K\u00e4sit\u00f6\u00f6na valmistatud tooted \u00fcrtidest, \u00fcrdiistikud, \u00fcrtide kollektsioonaed\",\"publisher\":{\"@id\":\"https:\/\/tammetalu.eu\/#organization\"},\"alternateName\":\"Tamme talu\",\"potentialAction\":[{\"@type\":\"SearchAction\",\"target\":{\"@type\":\"EntryPoint\",\"urlTemplate\":\"https:\/\/tammetalu.eu\/?s={search_term_string}\"},\"query-input\":{\"@type\":\"PropertyValueSpecification\",\"valueRequired\":true,\"valueName\":\"search_term_string\"}}],\"inLanguage\":\"ru-RU\"},{\"@type\":\"Organization\",\"@id\":\"https:\/\/tammetalu.eu\/#organization\",\"name\":\"Tamme talu \u00fcrdiaed\",\"alternateName\":\"Tamme talu\",\"url\":\"https:\/\/tammetalu.eu\/\",\"logo\":{\"@type\":\"ImageObject\",\"inLanguage\":\"ru-RU\",\"@id\":\"https:\/\/tammetalu.eu\/#\/schema\/logo\/image\/\",\"url\":\"https:\/\/tammetalu.eu\/wp-content\/uploads\/2025\/01\/Tamme_talu_urdiaed.png\",\"contentUrl\":\"https:\/\/tammetalu.eu\/wp-content\/uploads\/2025\/01\/Tamme_talu_urdiaed.png\",\"width\":560,\"height\":560,\"caption\":\"Tamme talu \u00fcrdiaed\"},\"image\":{\"@id\":\"https:\/\/tammetalu.eu\/#\/schema\/logo\/image\/\"},\"sameAs\":[\"https:\/\/www.facebook.com\/TammeTaluUrdiaed\/?locale=et_EE\",\"https:\/\/www.instagram.com\/tammetaluurdiaed\/\"]}]}<\/script>\n<!-- \/ Yoast SEO plugin. -->","yoast_head_json":{"title":"Suure\u00f5ieline laikellukas Platycodon grandiflorus Blue - Tamme talu \u00fcrdiaed","robots":{"index":"index","follow":"follow","max-snippet":"max-snippet:-1","max-image-preview":"max-image-preview:large","max-video-preview":"max-video-preview:-1"},"canonical":"https:\/\/tammetalu.eu\/toode\/suureoieline-laikellukas-platycodon-grandiflorus-codo-blue\/","og_locale":"ru_RU","og_type":"article","og_title":"Suure\u00f5ieline laikellukas Platycodon grandiflorus Blue - Tamme talu \u00fcrdiaed","og_description":"Suure\u00f5ieline laikellukas Platycodon grandiflorus \"Codo Blue\"  LAT:\u00a0 Platycodon grandiflorus  ENG: Balloon Flower  RU:\u00a0 \u0428\u0438\u0440\u043e\u043a\u043e\u043a\u043e\u043b\u043e\u043a\u043e\u043b\u044c\u0447\u0438\u043a  FI: Jalokello  Suure\u00f5ielist laikellukat (Korea keeles doraji) kasvab looduslikult Jaapanis, Hiinas ja Ida-Siberis, sealhulgas Korea poolsaarel. Ca 45 cm \u00a0k\u00f5rgune ja 30 cm laiune meil talvekindel mitmeaastane rohttaim tumeroheliste lehtede ja hilissuvel puhkevate siniste \u00f5itega. Taime t\u00e4helepanuv\u00e4\u00e4rne tunnus on \u00f5ienupp, mis enne t\u00e4ielikku avanemist paisub \u00f5hupalli sarnaseks. Taime \u00f5ied p\u00fcsivad h\u00e4sti vaasis. Tihti kasvatatakse taime potilillena.  Aias sobib suure\u00f5ielisele laikellukale p\u00e4ikeseline kuni poolvarjuline kuivema kuni parasniiske toitainete rikka mullaga kasvukoht. Taim ei talu seisvat niiskust. Lihakad juured ei talu h\u00e4sti \u00fcmberistutamist v\u00f5i jagamist.  Taime j\u00e4medaid valgeid juuri kasutatakse laialdaselt Aasia maade k\u00f6\u00f6gis. Enne tarvitamist juuri h\u00f5\u00f5rutakse meresoolaga ja loputatakse mitu korda. Juurtest valmistatakse mitmesuguseid soolaseid ja magusaid roogasid, siirupeid, lik\u00f6\u00f6ri. See on ka \u00fcks bibimbapi (v\u00e4ga populaarne korea k\u00f6\u00f6gist p\u00e4rit roog, mis on valmistatud riisist, lihast ja k\u00f6\u00f6giviljast) k\u00f5ige sagedasemaid koostisosi.  Juured sisaldavad kaltsiumi, kiudaineid, rauda, mitmeid mineraale, valke ja vitamiine.  Hiina ja Korea traditsioonilises meditsiinis kasutatakse suure\u00f5ielise laikelluka juuri k\u00f6ha p\u00e4rssiva ja r\u00f6galahtistava vahendina tavaliste k\u00fclmetushaiguste, k\u00f6ha, kurguvalu, tonsilliidi ja rindkere \u00fclekoormamise korral.  K\u00f5rgus: kuni 0,45 m  \u00d5itsemise aeg: VII-VIII  Talvekindlus: Talvekindel  Poti suurus : 9-11  &nbsp;","og_url":"https:\/\/tammetalu.eu\/toode\/suureoieline-laikellukas-platycodon-grandiflorus-codo-blue\/","og_site_name":"Tamme talu \u00fcrdiaed","article_publisher":"https:\/\/www.facebook.com\/TammeTaluUrdiaed\/?locale=et_EE","article_modified_time":"2026-04-08T17:09:33+00:00","og_image":[{"width":700,"height":700,"url":"https:\/\/tammetalu.eu\/wp-content\/uploads\/2025\/01\/Suureoieline_laikellukas_Platycodon-grand.-Mariesii_tamme_talu_urdiaed.webp","type":"image\/webp"}],"twitter_card":"summary_large_image","twitter_misc":{"\u041f\u0440\u0438\u043c\u0435\u0440\u043d\u043e\u0435 \u0432\u0440\u0435\u043c\u044f \u0434\u043b\u044f \u0447\u0442\u0435\u043d\u0438\u044f":"1 \u043c\u0438\u043d\u0443\u0442\u0430"},"schema":{"@context":"https:\/\/schema.org","@graph":[{"@type":"WebPage","@id":"https:\/\/tammetalu.eu\/toode\/suureoieline-laikellukas-platycodon-grandiflorus-codo-blue\/","url":"https:\/\/tammetalu.eu\/toode\/suureoieline-laikellukas-platycodon-grandiflorus-codo-blue\/","name":"Suure\u00f5ieline laikellukas Platycodon grandiflorus Blue - Tamme talu \u00fcrdiaed","isPartOf":{"@id":"https:\/\/tammetalu.eu\/#website"},"primaryImageOfPage":{"@id":"https:\/\/tammetalu.eu\/toode\/suureoieline-laikellukas-platycodon-grandiflorus-codo-blue\/#primaryimage"},"image":{"@id":"https:\/\/tammetalu.eu\/toode\/suureoieline-laikellukas-platycodon-grandiflorus-codo-blue\/#primaryimage"},"thumbnailUrl":"https:\/\/tammetalu.eu\/wp-content\/uploads\/2025\/01\/Suureoieline_laikellukas_Platycodon-grand.-Mariesii_tamme_talu_urdiaed.webp","datePublished":"2025-04-09T19:26:09+00:00","dateModified":"2026-04-08T17:09:33+00:00","breadcrumb":{"@id":"https:\/\/tammetalu.eu\/toode\/suureoieline-laikellukas-platycodon-grandiflorus-codo-blue\/#breadcrumb"},"inLanguage":"ru-RU","potentialAction":[{"@type":"ReadAction","target":["https:\/\/tammetalu.eu\/toode\/suureoieline-laikellukas-platycodon-grandiflorus-codo-blue\/"]}]},{"@type":"ImageObject","inLanguage":"ru-RU","@id":"https:\/\/tammetalu.eu\/toode\/suureoieline-laikellukas-platycodon-grandiflorus-codo-blue\/#primaryimage","url":"https:\/\/tammetalu.eu\/wp-content\/uploads\/2025\/01\/Suureoieline_laikellukas_Platycodon-grand.-Mariesii_tamme_talu_urdiaed.webp","contentUrl":"https:\/\/tammetalu.eu\/wp-content\/uploads\/2025\/01\/Suureoieline_laikellukas_Platycodon-grand.-Mariesii_tamme_talu_urdiaed.webp","width":700,"height":700,"caption":"Suureoieline_laikellukas_Platycodon-grand.-Mariesii_tamme_talu_urdiaed"},{"@type":"BreadcrumbList","@id":"https:\/\/tammetalu.eu\/toode\/suureoieline-laikellukas-platycodon-grandiflorus-codo-blue\/#breadcrumb","itemListElement":[{"@type":"ListItem","position":1,"name":"Home","item":"https:\/\/tammetalu.eu\/ru\/esileht-rus\/"},{"@type":"ListItem","position":2,"name":"\u041c\u0430\u0433\u0430\u0437\u0438\u043d","item":"https:\/\/tammetalu.eu\/ru\/%d0%bc%d0%b0%d0%b3%d0%b0%d0%b7%d0%b8%d0%bd\/"},{"@type":"ListItem","position":3,"name":"Suure\u00f5ieline laikellukas Platycodon grandiflorus Blue"}]},{"@type":"WebSite","@id":"https:\/\/tammetalu.eu\/#website","url":"https:\/\/tammetalu.eu\/","name":"Tamme talu \u00fcrdiaed","description":"K\u00e4sit\u00f6\u00f6na valmistatud tooted \u00fcrtidest, \u00fcrdiistikud, \u00fcrtide kollektsioonaed","publisher":{"@id":"https:\/\/tammetalu.eu\/#organization"},"alternateName":"Tamme talu","potentialAction":[{"@type":"SearchAction","target":{"@type":"EntryPoint","urlTemplate":"https:\/\/tammetalu.eu\/?s={search_term_string}"},"query-input":{"@type":"PropertyValueSpecification","valueRequired":true,"valueName":"search_term_string"}}],"inLanguage":"ru-RU"},{"@type":"Organization","@id":"https:\/\/tammetalu.eu\/#organization","name":"Tamme talu \u00fcrdiaed","alternateName":"Tamme talu","url":"https:\/\/tammetalu.eu\/","logo":{"@type":"ImageObject","inLanguage":"ru-RU","@id":"https:\/\/tammetalu.eu\/#\/schema\/logo\/image\/","url":"https:\/\/tammetalu.eu\/wp-content\/uploads\/2025\/01\/Tamme_talu_urdiaed.png","contentUrl":"https:\/\/tammetalu.eu\/wp-content\/uploads\/2025\/01\/Tamme_talu_urdiaed.png","width":560,"height":560,"caption":"Tamme talu \u00fcrdiaed"},"image":{"@id":"https:\/\/tammetalu.eu\/#\/schema\/logo\/image\/"},"sameAs":["https:\/\/www.facebook.com\/TammeTaluUrdiaed\/?locale=et_EE","https:\/\/www.instagram.com\/tammetaluurdiaed\/"]}]}},"_links":{"self":[{"href":"https:\/\/tammetalu.eu\/ru\/wp-json\/wp\/v2\/product\/24684","targetHints":{"allow":["GET"]}}],"collection":[{"href":"https:\/\/tammetalu.eu\/ru\/wp-json\/wp\/v2\/product"}],"about":[{"href":"https:\/\/tammetalu.eu\/ru\/wp-json\/wp\/v2\/types\/product"}],"wp:featuredmedia":[{"embeddable":true,"href":"https:\/\/tammetalu.eu\/ru\/wp-json\/wp\/v2\/media\/23286"}],"wp:attachment":[{"href":"https:\/\/tammetalu.eu\/ru\/wp-json\/wp\/v2\/media?parent=24684"}],"wp:term":[{"taxonomy":"product_brand","embeddable":true,"href":"https:\/\/tammetalu.eu\/ru\/wp-json\/wp\/v2\/product_brand?post=24684"},{"taxonomy":"product_cat","embeddable":true,"href":"https:\/\/tammetalu.eu\/ru\/wp-json\/wp\/v2\/product_cat?post=24684"},{"taxonomy":"product_tag","embeddable":true,"href":"https:\/\/tammetalu.eu\/ru\/wp-json\/wp\/v2\/product_tag?post=24684"}],"curies":[{"name":"wp","href":"https:\/\/api.w.org\/{rel}","templated":true}]}}