{"id":24686,"date":"2025-04-09T22:41:47","date_gmt":"2025-04-09T19:41:47","guid":{"rendered":"https:\/\/tammetalu.eu\/?post_type=product&#038;p=24686"},"modified":"2026-05-08T15:16:59","modified_gmt":"2026-05-08T12:16:59","slug":"soodav-lohnasaba-anredera-cordifolia","status":"publish","type":"product","link":"https:\/\/tammetalu.eu\/ru\/toode\/soodav-lohnasaba-anredera-cordifolia\/","title":{"rendered":"S\u00f6\u00f6dav l\u00f5hnasaba Anredera cordifolia"},"content":{"rendered":"","protected":false},"excerpt":{"rendered":"<p><em>Anredera cordifolia<\/em> ehk Madeira viinapuu ehk roniv spinat. S\u00f6\u00f6davad on taime lehed ja mugulad \u2013 <em>Anredera cordifolia<\/em> lehti ja \u00f5hkmugulaid saab s\u00fc\u00fca ning neid kasutatakse toiduks eriti Kagu-Aasias ja L\u00f5una-Ameerikas. Lehti v\u00f5ib s\u00fc\u00fca nii toorelt kui ka keedetult, sarnaselt spinatile.<\/p>\n<p>S\u00f6\u00f6dav l\u00f5hnasaba on rikas beetakaroteeni, E-vitamiini ja kaltsiumi poolest.<\/p>\n<p>Rahvameditsiinis on taime ekstrakte kasutatud p\u00f5letike, haavade ja seedimisprobleemide leevendamiseks. Uuringud viitavad, et taimel v\u00f5ivad olla antioks\u00fcdantsed omadused. Taimel on v\u00e4ikesed, kreemikasvalged \u00f5ied, millel on meeldiv l\u00f5hn. Kuigi need on dekoratiivsed, ei moodusta nad tavaliselt eluj\u00f5ulisi seemneid.\u00a0 Kuna s\u00f6\u00f6dav l\u00f5hnasaba on troopiline taim, ei talu see k\u00fclma.<\/p>\n","protected":false},"featured_media":24725,"template":"","meta":{"_acf_changed":false,"_et_pb_use_builder":"","_et_pb_old_content":"","_et_gb_content_width":"","inline_featured_image":false},"product_brand":[],"product_cat":[237,186],"product_tag":[],"class_list":{"0":"post-24686","1":"product","2":"type-product","3":"status-publish","4":"has-post-thumbnail","6":"product_cat-aasia-toidutaimed","7":"product_cat-maitse-ja-ravimtaimede-istikud","9":"first","10":"instock","11":"taxable","12":"shipping-taxable","13":"purchasable","14":"product-type-simple"},"acf":[],"yoast_head":"<!-- This site is optimized with the Yoast SEO plugin v27.5 - https:\/\/yoast.com\/product\/yoast-seo-wordpress\/ -->\n<title>S\u00f6\u00f6dav l\u00f5hnasaba Anredera cordifolia - Tamme talu \u00fcrdiaed<\/title>\n<meta name=\"robots\" content=\"index, follow, max-snippet:-1, max-image-preview:large, max-video-preview:-1\" \/>\n<link rel=\"canonical\" href=\"https:\/\/tammetalu.eu\/toode\/soodav-lohnasaba-anredera-cordifolia\/\" \/>\n<meta property=\"og:locale\" content=\"ru_RU\" \/>\n<meta property=\"og:type\" content=\"article\" \/>\n<meta property=\"og:title\" content=\"S\u00f6\u00f6dav l\u00f5hnasaba Anredera cordifolia - Tamme talu \u00fcrdiaed\" \/>\n<meta property=\"og:description\" content=\"Anredera cordifolia ehk Madeira viinapuu ehk roniv spinat. S\u00f6\u00f6davad on taime lehed ja mugulad \u2013 Anredera cordifolia lehti ja \u00f5hkmugulaid saab s\u00fc\u00fca ning neid kasutatakse toiduks eriti Kagu-Aasias ja L\u00f5una-Ameerikas. Lehti v\u00f5ib s\u00fc\u00fca nii toorelt kui ka keedetult, sarnaselt spinatile.  S\u00f6\u00f6dav l\u00f5hnasaba on rikas beetakaroteeni, E-vitamiini ja kaltsiumi poolest.  Rahvameditsiinis on taime ekstrakte kasutatud p\u00f5letike, haavade ja seedimisprobleemide leevendamiseks. Uuringud viitavad, et taimel v\u00f5ivad olla antioks\u00fcdantsed omadused. Taimel on v\u00e4ikesed, kreemikasvalged \u00f5ied, millel on meeldiv l\u00f5hn. Kuigi need on dekoratiivsed, ei moodusta nad tavaliselt eluj\u00f5ulisi seemneid.\u00a0 Kuna s\u00f6\u00f6dav l\u00f5hnasaba on troopiline taim, ei talu see k\u00fclma.\" \/>\n<meta property=\"og:url\" content=\"https:\/\/tammetalu.eu\/toode\/soodav-lohnasaba-anredera-cordifolia\/\" \/>\n<meta property=\"og:site_name\" content=\"Tamme talu \u00fcrdiaed\" \/>\n<meta property=\"article:publisher\" content=\"https:\/\/www.facebook.com\/TammeTaluUrdiaed\/?locale=et_EE\" \/>\n<meta property=\"article:modified_time\" content=\"2026-05-08T12:16:59+00:00\" \/>\n<meta property=\"og:image\" content=\"https:\/\/tammetalu.eu\/wp-content\/uploads\/2025\/04\/Soodav_lohnasaba_Anredera_cordifolia_Tamme_talu_urdiaed.webp\" \/>\n\t<meta property=\"og:image:width\" content=\"1024\" \/>\n\t<meta property=\"og:image:height\" content=\"768\" \/>\n\t<meta property=\"og:image:type\" content=\"image\/webp\" \/>\n<meta name=\"twitter:card\" content=\"summary_large_image\" \/>\n<meta name=\"twitter:label1\" content=\"\u041f\u0440\u0438\u043c\u0435\u0440\u043d\u043e\u0435 \u0432\u0440\u0435\u043c\u044f \u0434\u043b\u044f \u0447\u0442\u0435\u043d\u0438\u044f\" \/>\n\t<meta name=\"twitter:data1\" content=\"1 \u043c\u0438\u043d\u0443\u0442\u0430\" \/>\n<script type=\"application\/ld+json\" class=\"yoast-schema-graph\">{\"@context\":\"https:\\\/\\\/schema.org\",\"@graph\":[{\"@type\":\"WebPage\",\"@id\":\"https:\\\/\\\/tammetalu.eu\\\/toode\\\/soodav-lohnasaba-anredera-cordifolia\\\/\",\"url\":\"https:\\\/\\\/tammetalu.eu\\\/toode\\\/soodav-lohnasaba-anredera-cordifolia\\\/\",\"name\":\"S\u00f6\u00f6dav l\u00f5hnasaba Anredera cordifolia - Tamme talu \u00fcrdiaed\",\"isPartOf\":{\"@id\":\"https:\\\/\\\/tammetalu.eu\\\/#website\"},\"primaryImageOfPage\":{\"@id\":\"https:\\\/\\\/tammetalu.eu\\\/toode\\\/soodav-lohnasaba-anredera-cordifolia\\\/#primaryimage\"},\"image\":{\"@id\":\"https:\\\/\\\/tammetalu.eu\\\/toode\\\/soodav-lohnasaba-anredera-cordifolia\\\/#primaryimage\"},\"thumbnailUrl\":\"https:\\\/\\\/tammetalu.eu\\\/wp-content\\\/uploads\\\/2025\\\/04\\\/Soodav_lohnasaba_Anredera_cordifolia_Tamme_talu_urdiaed.webp\",\"datePublished\":\"2025-04-09T19:41:47+00:00\",\"dateModified\":\"2026-05-08T12:16:59+00:00\",\"breadcrumb\":{\"@id\":\"https:\\\/\\\/tammetalu.eu\\\/toode\\\/soodav-lohnasaba-anredera-cordifolia\\\/#breadcrumb\"},\"inLanguage\":\"ru-RU\",\"potentialAction\":[{\"@type\":\"ReadAction\",\"target\":[\"https:\\\/\\\/tammetalu.eu\\\/toode\\\/soodav-lohnasaba-anredera-cordifolia\\\/\"]}]},{\"@type\":\"ImageObject\",\"inLanguage\":\"ru-RU\",\"@id\":\"https:\\\/\\\/tammetalu.eu\\\/toode\\\/soodav-lohnasaba-anredera-cordifolia\\\/#primaryimage\",\"url\":\"https:\\\/\\\/tammetalu.eu\\\/wp-content\\\/uploads\\\/2025\\\/04\\\/Soodav_lohnasaba_Anredera_cordifolia_Tamme_talu_urdiaed.webp\",\"contentUrl\":\"https:\\\/\\\/tammetalu.eu\\\/wp-content\\\/uploads\\\/2025\\\/04\\\/Soodav_lohnasaba_Anredera_cordifolia_Tamme_talu_urdiaed.webp\",\"width\":1024,\"height\":768,\"caption\":\"s\u00f6\u00f6dav l\u00f5hnasaba, istikud, tamme talu \u00fcrdiaed\"},{\"@type\":\"BreadcrumbList\",\"@id\":\"https:\\\/\\\/tammetalu.eu\\\/toode\\\/soodav-lohnasaba-anredera-cordifolia\\\/#breadcrumb\",\"itemListElement\":[{\"@type\":\"ListItem\",\"position\":1,\"name\":\"Home\",\"item\":\"https:\\\/\\\/tammetalu.eu\\\/ru\\\/esileht-rus\\\/\"},{\"@type\":\"ListItem\",\"position\":2,\"name\":\"\u041c\u0430\u0433\u0430\u0437\u0438\u043d\",\"item\":\"https:\\\/\\\/tammetalu.eu\\\/ru\\\/%d0%bc%d0%b0%d0%b3%d0%b0%d0%b7%d0%b8%d0%bd\\\/\"},{\"@type\":\"ListItem\",\"position\":3,\"name\":\"S\u00f6\u00f6dav l\u00f5hnasaba Anredera cordifolia\"}]},{\"@type\":\"WebSite\",\"@id\":\"https:\\\/\\\/tammetalu.eu\\\/#website\",\"url\":\"https:\\\/\\\/tammetalu.eu\\\/\",\"name\":\"Tamme talu \u00fcrdiaed\",\"description\":\"K\u00e4sit\u00f6\u00f6na valmistatud tooted \u00fcrtidest, \u00fcrdiistikud, \u00fcrtide kollektsioonaed\",\"publisher\":{\"@id\":\"https:\\\/\\\/tammetalu.eu\\\/#organization\"},\"alternateName\":\"Tamme talu\",\"potentialAction\":[{\"@type\":\"SearchAction\",\"target\":{\"@type\":\"EntryPoint\",\"urlTemplate\":\"https:\\\/\\\/tammetalu.eu\\\/?s={search_term_string}\"},\"query-input\":{\"@type\":\"PropertyValueSpecification\",\"valueRequired\":true,\"valueName\":\"search_term_string\"}}],\"inLanguage\":\"ru-RU\"},{\"@type\":\"Organization\",\"@id\":\"https:\\\/\\\/tammetalu.eu\\\/#organization\",\"name\":\"Tamme talu \u00fcrdiaed\",\"alternateName\":\"Tamme talu\",\"url\":\"https:\\\/\\\/tammetalu.eu\\\/\",\"logo\":{\"@type\":\"ImageObject\",\"inLanguage\":\"ru-RU\",\"@id\":\"https:\\\/\\\/tammetalu.eu\\\/#\\\/schema\\\/logo\\\/image\\\/\",\"url\":\"https:\\\/\\\/tammetalu.eu\\\/wp-content\\\/uploads\\\/2025\\\/01\\\/Tamme_talu_urdiaed.png\",\"contentUrl\":\"https:\\\/\\\/tammetalu.eu\\\/wp-content\\\/uploads\\\/2025\\\/01\\\/Tamme_talu_urdiaed.png\",\"width\":560,\"height\":560,\"caption\":\"Tamme talu \u00fcrdiaed\"},\"image\":{\"@id\":\"https:\\\/\\\/tammetalu.eu\\\/#\\\/schema\\\/logo\\\/image\\\/\"},\"sameAs\":[\"https:\\\/\\\/www.facebook.com\\\/TammeTaluUrdiaed\\\/?locale=et_EE\",\"https:\\\/\\\/www.instagram.com\\\/tammetaluurdiaed\\\/\"]}]}<\/script>\n<!-- \/ Yoast SEO plugin. -->","yoast_head_json":{"title":"S\u00f6\u00f6dav l\u00f5hnasaba Anredera cordifolia - Tamme talu \u00fcrdiaed","robots":{"index":"index","follow":"follow","max-snippet":"max-snippet:-1","max-image-preview":"max-image-preview:large","max-video-preview":"max-video-preview:-1"},"canonical":"https:\/\/tammetalu.eu\/toode\/soodav-lohnasaba-anredera-cordifolia\/","og_locale":"ru_RU","og_type":"article","og_title":"S\u00f6\u00f6dav l\u00f5hnasaba Anredera cordifolia - Tamme talu \u00fcrdiaed","og_description":"Anredera cordifolia ehk Madeira viinapuu ehk roniv spinat. S\u00f6\u00f6davad on taime lehed ja mugulad \u2013 Anredera cordifolia lehti ja \u00f5hkmugulaid saab s\u00fc\u00fca ning neid kasutatakse toiduks eriti Kagu-Aasias ja L\u00f5una-Ameerikas. Lehti v\u00f5ib s\u00fc\u00fca nii toorelt kui ka keedetult, sarnaselt spinatile.  S\u00f6\u00f6dav l\u00f5hnasaba on rikas beetakaroteeni, E-vitamiini ja kaltsiumi poolest.  Rahvameditsiinis on taime ekstrakte kasutatud p\u00f5letike, haavade ja seedimisprobleemide leevendamiseks. Uuringud viitavad, et taimel v\u00f5ivad olla antioks\u00fcdantsed omadused. Taimel on v\u00e4ikesed, kreemikasvalged \u00f5ied, millel on meeldiv l\u00f5hn. Kuigi need on dekoratiivsed, ei moodusta nad tavaliselt eluj\u00f5ulisi seemneid.\u00a0 Kuna s\u00f6\u00f6dav l\u00f5hnasaba on troopiline taim, ei talu see k\u00fclma.","og_url":"https:\/\/tammetalu.eu\/toode\/soodav-lohnasaba-anredera-cordifolia\/","og_site_name":"Tamme talu \u00fcrdiaed","article_publisher":"https:\/\/www.facebook.com\/TammeTaluUrdiaed\/?locale=et_EE","article_modified_time":"2026-05-08T12:16:59+00:00","og_image":[{"width":1024,"height":768,"url":"https:\/\/tammetalu.eu\/wp-content\/uploads\/2025\/04\/Soodav_lohnasaba_Anredera_cordifolia_Tamme_talu_urdiaed.webp","type":"image\/webp"}],"twitter_card":"summary_large_image","twitter_misc":{"\u041f\u0440\u0438\u043c\u0435\u0440\u043d\u043e\u0435 \u0432\u0440\u0435\u043c\u044f \u0434\u043b\u044f \u0447\u0442\u0435\u043d\u0438\u044f":"1 \u043c\u0438\u043d\u0443\u0442\u0430"},"schema":{"@context":"https:\/\/schema.org","@graph":[{"@type":"WebPage","@id":"https:\/\/tammetalu.eu\/toode\/soodav-lohnasaba-anredera-cordifolia\/","url":"https:\/\/tammetalu.eu\/toode\/soodav-lohnasaba-anredera-cordifolia\/","name":"S\u00f6\u00f6dav l\u00f5hnasaba Anredera cordifolia - Tamme talu \u00fcrdiaed","isPartOf":{"@id":"https:\/\/tammetalu.eu\/#website"},"primaryImageOfPage":{"@id":"https:\/\/tammetalu.eu\/toode\/soodav-lohnasaba-anredera-cordifolia\/#primaryimage"},"image":{"@id":"https:\/\/tammetalu.eu\/toode\/soodav-lohnasaba-anredera-cordifolia\/#primaryimage"},"thumbnailUrl":"https:\/\/tammetalu.eu\/wp-content\/uploads\/2025\/04\/Soodav_lohnasaba_Anredera_cordifolia_Tamme_talu_urdiaed.webp","datePublished":"2025-04-09T19:41:47+00:00","dateModified":"2026-05-08T12:16:59+00:00","breadcrumb":{"@id":"https:\/\/tammetalu.eu\/toode\/soodav-lohnasaba-anredera-cordifolia\/#breadcrumb"},"inLanguage":"ru-RU","potentialAction":[{"@type":"ReadAction","target":["https:\/\/tammetalu.eu\/toode\/soodav-lohnasaba-anredera-cordifolia\/"]}]},{"@type":"ImageObject","inLanguage":"ru-RU","@id":"https:\/\/tammetalu.eu\/toode\/soodav-lohnasaba-anredera-cordifolia\/#primaryimage","url":"https:\/\/tammetalu.eu\/wp-content\/uploads\/2025\/04\/Soodav_lohnasaba_Anredera_cordifolia_Tamme_talu_urdiaed.webp","contentUrl":"https:\/\/tammetalu.eu\/wp-content\/uploads\/2025\/04\/Soodav_lohnasaba_Anredera_cordifolia_Tamme_talu_urdiaed.webp","width":1024,"height":768,"caption":"s\u00f6\u00f6dav l\u00f5hnasaba, istikud, tamme talu \u00fcrdiaed"},{"@type":"BreadcrumbList","@id":"https:\/\/tammetalu.eu\/toode\/soodav-lohnasaba-anredera-cordifolia\/#breadcrumb","itemListElement":[{"@type":"ListItem","position":1,"name":"Home","item":"https:\/\/tammetalu.eu\/ru\/esileht-rus\/"},{"@type":"ListItem","position":2,"name":"\u041c\u0430\u0433\u0430\u0437\u0438\u043d","item":"https:\/\/tammetalu.eu\/ru\/%d0%bc%d0%b0%d0%b3%d0%b0%d0%b7%d0%b8%d0%bd\/"},{"@type":"ListItem","position":3,"name":"S\u00f6\u00f6dav l\u00f5hnasaba Anredera cordifolia"}]},{"@type":"WebSite","@id":"https:\/\/tammetalu.eu\/#website","url":"https:\/\/tammetalu.eu\/","name":"Tamme talu \u00fcrdiaed","description":"K\u00e4sit\u00f6\u00f6na valmistatud tooted \u00fcrtidest, \u00fcrdiistikud, \u00fcrtide kollektsioonaed","publisher":{"@id":"https:\/\/tammetalu.eu\/#organization"},"alternateName":"Tamme talu","potentialAction":[{"@type":"SearchAction","target":{"@type":"EntryPoint","urlTemplate":"https:\/\/tammetalu.eu\/?s={search_term_string}"},"query-input":{"@type":"PropertyValueSpecification","valueRequired":true,"valueName":"search_term_string"}}],"inLanguage":"ru-RU"},{"@type":"Organization","@id":"https:\/\/tammetalu.eu\/#organization","name":"Tamme talu \u00fcrdiaed","alternateName":"Tamme talu","url":"https:\/\/tammetalu.eu\/","logo":{"@type":"ImageObject","inLanguage":"ru-RU","@id":"https:\/\/tammetalu.eu\/#\/schema\/logo\/image\/","url":"https:\/\/tammetalu.eu\/wp-content\/uploads\/2025\/01\/Tamme_talu_urdiaed.png","contentUrl":"https:\/\/tammetalu.eu\/wp-content\/uploads\/2025\/01\/Tamme_talu_urdiaed.png","width":560,"height":560,"caption":"Tamme talu \u00fcrdiaed"},"image":{"@id":"https:\/\/tammetalu.eu\/#\/schema\/logo\/image\/"},"sameAs":["https:\/\/www.facebook.com\/TammeTaluUrdiaed\/?locale=et_EE","https:\/\/www.instagram.com\/tammetaluurdiaed\/"]}]}},"_links":{"self":[{"href":"https:\/\/tammetalu.eu\/ru\/wp-json\/wp\/v2\/product\/24686","targetHints":{"allow":["GET"]}}],"collection":[{"href":"https:\/\/tammetalu.eu\/ru\/wp-json\/wp\/v2\/product"}],"about":[{"href":"https:\/\/tammetalu.eu\/ru\/wp-json\/wp\/v2\/types\/product"}],"wp:featuredmedia":[{"embeddable":true,"href":"https:\/\/tammetalu.eu\/ru\/wp-json\/wp\/v2\/media\/24725"}],"wp:attachment":[{"href":"https:\/\/tammetalu.eu\/ru\/wp-json\/wp\/v2\/media?parent=24686"}],"wp:term":[{"taxonomy":"product_brand","embeddable":true,"href":"https:\/\/tammetalu.eu\/ru\/wp-json\/wp\/v2\/product_brand?post=24686"},{"taxonomy":"product_cat","embeddable":true,"href":"https:\/\/tammetalu.eu\/ru\/wp-json\/wp\/v2\/product_cat?post=24686"},{"taxonomy":"product_tag","embeddable":true,"href":"https:\/\/tammetalu.eu\/ru\/wp-json\/wp\/v2\/product_tag?post=24686"}],"curies":[{"name":"wp","href":"https:\/\/api.w.org\/{rel}","templated":true}]}}