{"id":24946,"date":"2025-04-30T17:02:36","date_gmt":"2025-04-30T14:02:36","guid":{"rendered":"https:\/\/tammetalu.eu\/?post_type=product&#038;p=24946"},"modified":"2026-04-02T23:53:35","modified_gmt":"2026-04-02T20:53:35","slug":"harilik-aspar-spargel-asparagus-officinalis-gijnlim","status":"publish","type":"product","link":"https:\/\/tammetalu.eu\/ru\/toode\/harilik-aspar-spargel-asparagus-officinalis-gijnlim\/","title":{"rendered":"Harilik aspar (spargel) Asparagus officinalis &#171;Gijnlim&#187;"},"content":{"rendered":"","protected":false},"excerpt":{"rendered":"<p>Harilik aspar (spargel) <em>Asparagus officinalis<\/em> &#171;Gijnlim&#187;<\/p>\n<p>LAT: \u00a0<em>Asparagus officinalis \u201cGijnlim<\/em>&#187;<\/p>\n<p>ENG: \u00a0Asparagus \u201cGijnlim&#187;<\/p>\n<p>RU: C\u043f\u0430\u0440\u0436\u0430 &#171;Gijnlim\u201d<\/p>\n<p>FI: \u00a0\u00a0Parsa \u201cGijnlim&#187;<\/p>\n<p>Spargli sort \u201cGijnlim\u201d on 100% isane h\u00fcbriid. Sobib rohelise ja valge spargli kasvatamiseks. V\u00e4ga varajane sort. Kasvab h\u00e4sti viljakatel savimuldadel ja kuivendatud liivmuldadel. Visuaalselt atraktiivne sort. Soovitatav istutustihedus 4-6 taime meetri kohta.<\/p>\n<p>Harilik aspar ehk k\u00f6\u00f6giviljana tuntud spargel on v\u00e4ga pikaealine p\u00fcsik ja kevadine v\u00e4ga maitsev delikatessk\u00f6\u00f6givili, mille ilutaimena kasvatamine Eesti koduaedades on v\u00e4ga levinud, kuid kevadise v\u00e4ga v\u00e4\u00e4rtusliku ja vitamiinirikka toidutaimena kahjuks veel harva meil kasutamist leiab. Spargli kasvatamine on j\u00f5ukohane igale algajale aednikule. Kui enne istutamist spargli kasvukoht korralikult ette valmistada, siis j\u00e4rgnevatel aastatel j\u00e4\u00e4b \u00fcle vaid sparglitaime \u00fcmbrus umbrohust puhas hoida ja puhmast korralikult v\u00e4etise ja k\u00f5dus\u00f5nnikuga toita. Ikka selleks, et kevadel spargli v\u00f5rsed j\u00e4medamad kasvaksid. Kasvukoht t\u00e4isp\u00e4ike kuni poolvari. Mullaks huumus- ja toitainete rikas liivasem h\u00e4sti lubjatud aiamuld.<\/p>\n<p>Toiduks sobivad spargli noored v\u00f5rsed enne lehtimist. Seemnest kasvatatud taimedelt saab esimesi \u00fcksikuid v\u00f5rseid murdma hakata alles kolmandal kasvuaastal. K\u00f6\u00f6giviljana kasutatakse spargli noori, alles t\u00e4rkavaid v\u00f5rseid, mis l\u00f5igatakse mulla pinnalt, kui v\u00f5rsed on veel noored ja painduvad. Vajadusel v\u00f5rsed kooritakse.<\/p>\n<p>Noori spargli v\u00f5rseid v\u00f5ib hautada, kergelt praadida v\u00f5i ka toorelt s\u00fc\u00fca. Sobivad iseseisvalt toiduks tarvitada kui mitmete roogade lisandiks. Talveks v\u00f5ib veidi eelnevalt aurutatud v\u00f5rseid k\u00fclmutada.<\/p>\n<p>Spargel on rikas valkude ja mineraalainete poolest. Lisaks leidub noortes v\u00f5rsetes arvestatavas koguses s\u00fcsivesikuid, kiudaineid ja vitamiine. Tarvitatakse ainevahetush\u00e4irete korral ja siis, kui &#171;vesi kerest h\u00e4sti v\u00e4lja ei taha tulla&#187;. Spargli tervistav toime leiab kasutamist neurooside, ajuvereringeh\u00e4irete, k\u00f5rge verer\u00f5hu ja skleroosi korral.<\/p>\n<p><strong>Taimed on paljasjuursed<\/strong> ja soovitav on osta kolm taime korraga, siis saab juba j\u00e4rgmisel aastal korraliku saagi. Seemnete valmimiseks vajab nii emas- kui isastaime, st spargel on kahekojaline taim.<\/p>\n<p>K\u00f5rgus: kuni 2, m<\/p>\n<p>\u00d5itsemise aeg: VII-VIII<\/p>\n<p>Talvekindlus: Talvekindel<\/p>\n<p>Poti suurus: Taim on paljasjuurne<\/p>\n","protected":false},"featured_media":23930,"template":"","meta":{"_acf_changed":false,"_et_pb_use_builder":"","_et_pb_old_content":"","_et_gb_content_width":"","inline_featured_image":false},"product_brand":[],"product_cat":[242,186,203],"product_tag":[],"class_list":{"0":"post-24946","1":"product","2":"type-product","3":"status-publish","4":"has-post-thumbnail","6":"product_cat-sparglid","7":"product_cat-maitse-ja-ravimtaimede-istikud","8":"product_cat-ponevad-koogiviljad","10":"first","11":"instock","12":"sale","13":"taxable","14":"shipping-taxable","15":"purchasable","16":"product-type-simple"},"acf":[],"yoast_head":"<!-- This site is optimized with the Yoast SEO plugin v26.4 - https:\/\/yoast.com\/wordpress\/plugins\/seo\/ -->\n<title>Harilik aspar (spargel) Asparagus officinalis &quot;Gijnlim&quot; - Tamme talu \u00fcrdiaed<\/title>\n<meta name=\"description\" content=\"Harilik aspar ehk k\u00f6\u00f6giviljana tuntud spargel on v\u00e4ga pikaealine p\u00fcsik ja kevadine v\u00e4ga maitsev delikatessk\u00f6\u00f6givili, mille ilutaimena kasvatamine Eesti koduaedades on v\u00e4ga levinud, kuid kevadise v\u00e4ga v\u00e4\u00e4rtusliku ja vitamiinirikka toidutaimena kahjuks veel harva meil kasutamist leiab. Spargli kasvatamine on j\u00f5ukohane igale algajale aednikule.\" \/>\n<meta name=\"robots\" content=\"index, follow, max-snippet:-1, max-image-preview:large, max-video-preview:-1\" \/>\n<link rel=\"canonical\" href=\"https:\/\/tammetalu.eu\/toode\/harilik-aspar-spargel-asparagus-officinalis-gijnlim\/\" \/>\n<meta property=\"og:locale\" content=\"ru_RU\" \/>\n<meta property=\"og:type\" content=\"article\" \/>\n<meta property=\"og:title\" content=\"Harilik aspar (spargel) Asparagus officinalis &quot;Gijnlim&quot; - Tamme talu \u00fcrdiaed\" \/>\n<meta property=\"og:description\" content=\"Harilik aspar ehk k\u00f6\u00f6giviljana tuntud spargel on v\u00e4ga pikaealine p\u00fcsik ja kevadine v\u00e4ga maitsev delikatessk\u00f6\u00f6givili, mille ilutaimena kasvatamine Eesti koduaedades on v\u00e4ga levinud, kuid kevadise v\u00e4ga v\u00e4\u00e4rtusliku ja vitamiinirikka toidutaimena kahjuks veel harva meil kasutamist leiab. Spargli kasvatamine on j\u00f5ukohane igale algajale aednikule.\" \/>\n<meta property=\"og:url\" content=\"https:\/\/tammetalu.eu\/toode\/harilik-aspar-spargel-asparagus-officinalis-gijnlim\/\" \/>\n<meta property=\"og:site_name\" content=\"Tamme talu \u00fcrdiaed\" \/>\n<meta property=\"article:publisher\" content=\"https:\/\/www.facebook.com\/TammeTaluUrdiaed\/?locale=et_EE\" \/>\n<meta property=\"article:modified_time\" content=\"2026-04-02T20:53:35+00:00\" \/>\n<meta property=\"og:image\" content=\"https:\/\/tammetalu.eu\/wp-content\/uploads\/2025\/02\/Harilik_aspar_spargel_Javelim_Tamme_talu_urdiaed.jpg\" \/>\n\t<meta property=\"og:image:width\" content=\"1024\" \/>\n\t<meta property=\"og:image:height\" content=\"1024\" \/>\n\t<meta property=\"og:image:type\" content=\"image\/jpeg\" \/>\n<meta name=\"twitter:card\" content=\"summary_large_image\" \/>\n<meta name=\"twitter:label1\" content=\"\u041f\u0440\u0438\u043c\u0435\u0440\u043d\u043e\u0435 \u0432\u0440\u0435\u043c\u044f \u0434\u043b\u044f \u0447\u0442\u0435\u043d\u0438\u044f\" \/>\n\t<meta name=\"twitter:data1\" content=\"1 \u043c\u0438\u043d\u0443\u0442\u0430\" \/>\n<script type=\"application\/ld+json\" class=\"yoast-schema-graph\">{\"@context\":\"https:\/\/schema.org\",\"@graph\":[{\"@type\":\"WebPage\",\"@id\":\"https:\/\/tammetalu.eu\/toode\/harilik-aspar-spargel-asparagus-officinalis-gijnlim\/\",\"url\":\"https:\/\/tammetalu.eu\/toode\/harilik-aspar-spargel-asparagus-officinalis-gijnlim\/\",\"name\":\"Harilik aspar (spargel) Asparagus officinalis \\\"Gijnlim\\\" - Tamme talu \u00fcrdiaed\",\"isPartOf\":{\"@id\":\"https:\/\/tammetalu.eu\/#website\"},\"primaryImageOfPage\":{\"@id\":\"https:\/\/tammetalu.eu\/toode\/harilik-aspar-spargel-asparagus-officinalis-gijnlim\/#primaryimage\"},\"image\":{\"@id\":\"https:\/\/tammetalu.eu\/toode\/harilik-aspar-spargel-asparagus-officinalis-gijnlim\/#primaryimage\"},\"thumbnailUrl\":\"https:\/\/tammetalu.eu\/wp-content\/uploads\/2025\/02\/Harilik_aspar_spargel_Javelim_Tamme_talu_urdiaed.jpg\",\"datePublished\":\"2025-04-30T14:02:36+00:00\",\"dateModified\":\"2026-04-02T20:53:35+00:00\",\"description\":\"Harilik aspar ehk k\u00f6\u00f6giviljana tuntud spargel on v\u00e4ga pikaealine p\u00fcsik ja kevadine v\u00e4ga maitsev delikatessk\u00f6\u00f6givili, mille ilutaimena kasvatamine Eesti koduaedades on v\u00e4ga levinud, kuid kevadise v\u00e4ga v\u00e4\u00e4rtusliku ja vitamiinirikka toidutaimena kahjuks veel harva meil kasutamist leiab. Spargli kasvatamine on j\u00f5ukohane igale algajale aednikule.\",\"breadcrumb\":{\"@id\":\"https:\/\/tammetalu.eu\/toode\/harilik-aspar-spargel-asparagus-officinalis-gijnlim\/#breadcrumb\"},\"inLanguage\":\"ru-RU\",\"potentialAction\":[{\"@type\":\"ReadAction\",\"target\":[\"https:\/\/tammetalu.eu\/toode\/harilik-aspar-spargel-asparagus-officinalis-gijnlim\/\"]}]},{\"@type\":\"ImageObject\",\"inLanguage\":\"ru-RU\",\"@id\":\"https:\/\/tammetalu.eu\/toode\/harilik-aspar-spargel-asparagus-officinalis-gijnlim\/#primaryimage\",\"url\":\"https:\/\/tammetalu.eu\/wp-content\/uploads\/2025\/02\/Harilik_aspar_spargel_Javelim_Tamme_talu_urdiaed.jpg\",\"contentUrl\":\"https:\/\/tammetalu.eu\/wp-content\/uploads\/2025\/02\/Harilik_aspar_spargel_Javelim_Tamme_talu_urdiaed.jpg\",\"width\":1024,\"height\":1024,\"caption\":\"Harilik_aspar_spargel_Javelim_Tamme_talu_urdiaed\"},{\"@type\":\"BreadcrumbList\",\"@id\":\"https:\/\/tammetalu.eu\/toode\/harilik-aspar-spargel-asparagus-officinalis-gijnlim\/#breadcrumb\",\"itemListElement\":[{\"@type\":\"ListItem\",\"position\":1,\"name\":\"Home\",\"item\":\"https:\/\/tammetalu.eu\/ru\/esileht-rus\/\"},{\"@type\":\"ListItem\",\"position\":2,\"name\":\"\u041c\u0430\u0433\u0430\u0437\u0438\u043d\",\"item\":\"https:\/\/tammetalu.eu\/ru\/%d0%bc%d0%b0%d0%b3%d0%b0%d0%b7%d0%b8%d0%bd\/\"},{\"@type\":\"ListItem\",\"position\":3,\"name\":\"Harilik aspar (spargel) Asparagus officinalis &#8220;Gijnlim&#8221;\"}]},{\"@type\":\"WebSite\",\"@id\":\"https:\/\/tammetalu.eu\/#website\",\"url\":\"https:\/\/tammetalu.eu\/\",\"name\":\"Tamme talu \u00fcrdiaed\",\"description\":\"K\u00e4sit\u00f6\u00f6na valmistatud tooted \u00fcrtidest, \u00fcrdiistikud, \u00fcrtide kollektsioonaed\",\"publisher\":{\"@id\":\"https:\/\/tammetalu.eu\/#organization\"},\"alternateName\":\"Tamme talu\",\"potentialAction\":[{\"@type\":\"SearchAction\",\"target\":{\"@type\":\"EntryPoint\",\"urlTemplate\":\"https:\/\/tammetalu.eu\/?s={search_term_string}\"},\"query-input\":{\"@type\":\"PropertyValueSpecification\",\"valueRequired\":true,\"valueName\":\"search_term_string\"}}],\"inLanguage\":\"ru-RU\"},{\"@type\":\"Organization\",\"@id\":\"https:\/\/tammetalu.eu\/#organization\",\"name\":\"Tamme talu \u00fcrdiaed\",\"alternateName\":\"Tamme talu\",\"url\":\"https:\/\/tammetalu.eu\/\",\"logo\":{\"@type\":\"ImageObject\",\"inLanguage\":\"ru-RU\",\"@id\":\"https:\/\/tammetalu.eu\/#\/schema\/logo\/image\/\",\"url\":\"https:\/\/tammetalu.eu\/wp-content\/uploads\/2025\/01\/Tamme_talu_urdiaed.png\",\"contentUrl\":\"https:\/\/tammetalu.eu\/wp-content\/uploads\/2025\/01\/Tamme_talu_urdiaed.png\",\"width\":560,\"height\":560,\"caption\":\"Tamme talu \u00fcrdiaed\"},\"image\":{\"@id\":\"https:\/\/tammetalu.eu\/#\/schema\/logo\/image\/\"},\"sameAs\":[\"https:\/\/www.facebook.com\/TammeTaluUrdiaed\/?locale=et_EE\",\"https:\/\/www.instagram.com\/tammetaluurdiaed\/\"]}]}<\/script>\n<!-- \/ Yoast SEO plugin. -->","yoast_head_json":{"title":"Harilik aspar (spargel) Asparagus officinalis \"Gijnlim\" - Tamme talu \u00fcrdiaed","description":"Harilik aspar ehk k\u00f6\u00f6giviljana tuntud spargel on v\u00e4ga pikaealine p\u00fcsik ja kevadine v\u00e4ga maitsev delikatessk\u00f6\u00f6givili, mille ilutaimena kasvatamine Eesti koduaedades on v\u00e4ga levinud, kuid kevadise v\u00e4ga v\u00e4\u00e4rtusliku ja vitamiinirikka toidutaimena kahjuks veel harva meil kasutamist leiab. Spargli kasvatamine on j\u00f5ukohane igale algajale aednikule.","robots":{"index":"index","follow":"follow","max-snippet":"max-snippet:-1","max-image-preview":"max-image-preview:large","max-video-preview":"max-video-preview:-1"},"canonical":"https:\/\/tammetalu.eu\/toode\/harilik-aspar-spargel-asparagus-officinalis-gijnlim\/","og_locale":"ru_RU","og_type":"article","og_title":"Harilik aspar (spargel) Asparagus officinalis \"Gijnlim\" - Tamme talu \u00fcrdiaed","og_description":"Harilik aspar ehk k\u00f6\u00f6giviljana tuntud spargel on v\u00e4ga pikaealine p\u00fcsik ja kevadine v\u00e4ga maitsev delikatessk\u00f6\u00f6givili, mille ilutaimena kasvatamine Eesti koduaedades on v\u00e4ga levinud, kuid kevadise v\u00e4ga v\u00e4\u00e4rtusliku ja vitamiinirikka toidutaimena kahjuks veel harva meil kasutamist leiab. Spargli kasvatamine on j\u00f5ukohane igale algajale aednikule.","og_url":"https:\/\/tammetalu.eu\/toode\/harilik-aspar-spargel-asparagus-officinalis-gijnlim\/","og_site_name":"Tamme talu \u00fcrdiaed","article_publisher":"https:\/\/www.facebook.com\/TammeTaluUrdiaed\/?locale=et_EE","article_modified_time":"2026-04-02T20:53:35+00:00","og_image":[{"width":1024,"height":1024,"url":"https:\/\/tammetalu.eu\/wp-content\/uploads\/2025\/02\/Harilik_aspar_spargel_Javelim_Tamme_talu_urdiaed.jpg","type":"image\/jpeg"}],"twitter_card":"summary_large_image","twitter_misc":{"\u041f\u0440\u0438\u043c\u0435\u0440\u043d\u043e\u0435 \u0432\u0440\u0435\u043c\u044f \u0434\u043b\u044f \u0447\u0442\u0435\u043d\u0438\u044f":"1 \u043c\u0438\u043d\u0443\u0442\u0430"},"schema":{"@context":"https:\/\/schema.org","@graph":[{"@type":"WebPage","@id":"https:\/\/tammetalu.eu\/toode\/harilik-aspar-spargel-asparagus-officinalis-gijnlim\/","url":"https:\/\/tammetalu.eu\/toode\/harilik-aspar-spargel-asparagus-officinalis-gijnlim\/","name":"Harilik aspar (spargel) Asparagus officinalis \"Gijnlim\" - Tamme talu \u00fcrdiaed","isPartOf":{"@id":"https:\/\/tammetalu.eu\/#website"},"primaryImageOfPage":{"@id":"https:\/\/tammetalu.eu\/toode\/harilik-aspar-spargel-asparagus-officinalis-gijnlim\/#primaryimage"},"image":{"@id":"https:\/\/tammetalu.eu\/toode\/harilik-aspar-spargel-asparagus-officinalis-gijnlim\/#primaryimage"},"thumbnailUrl":"https:\/\/tammetalu.eu\/wp-content\/uploads\/2025\/02\/Harilik_aspar_spargel_Javelim_Tamme_talu_urdiaed.jpg","datePublished":"2025-04-30T14:02:36+00:00","dateModified":"2026-04-02T20:53:35+00:00","description":"Harilik aspar ehk k\u00f6\u00f6giviljana tuntud spargel on v\u00e4ga pikaealine p\u00fcsik ja kevadine v\u00e4ga maitsev delikatessk\u00f6\u00f6givili, mille ilutaimena kasvatamine Eesti koduaedades on v\u00e4ga levinud, kuid kevadise v\u00e4ga v\u00e4\u00e4rtusliku ja vitamiinirikka toidutaimena kahjuks veel harva meil kasutamist leiab. Spargli kasvatamine on j\u00f5ukohane igale algajale aednikule.","breadcrumb":{"@id":"https:\/\/tammetalu.eu\/toode\/harilik-aspar-spargel-asparagus-officinalis-gijnlim\/#breadcrumb"},"inLanguage":"ru-RU","potentialAction":[{"@type":"ReadAction","target":["https:\/\/tammetalu.eu\/toode\/harilik-aspar-spargel-asparagus-officinalis-gijnlim\/"]}]},{"@type":"ImageObject","inLanguage":"ru-RU","@id":"https:\/\/tammetalu.eu\/toode\/harilik-aspar-spargel-asparagus-officinalis-gijnlim\/#primaryimage","url":"https:\/\/tammetalu.eu\/wp-content\/uploads\/2025\/02\/Harilik_aspar_spargel_Javelim_Tamme_talu_urdiaed.jpg","contentUrl":"https:\/\/tammetalu.eu\/wp-content\/uploads\/2025\/02\/Harilik_aspar_spargel_Javelim_Tamme_talu_urdiaed.jpg","width":1024,"height":1024,"caption":"Harilik_aspar_spargel_Javelim_Tamme_talu_urdiaed"},{"@type":"BreadcrumbList","@id":"https:\/\/tammetalu.eu\/toode\/harilik-aspar-spargel-asparagus-officinalis-gijnlim\/#breadcrumb","itemListElement":[{"@type":"ListItem","position":1,"name":"Home","item":"https:\/\/tammetalu.eu\/ru\/esileht-rus\/"},{"@type":"ListItem","position":2,"name":"\u041c\u0430\u0433\u0430\u0437\u0438\u043d","item":"https:\/\/tammetalu.eu\/ru\/%d0%bc%d0%b0%d0%b3%d0%b0%d0%b7%d0%b8%d0%bd\/"},{"@type":"ListItem","position":3,"name":"Harilik aspar (spargel) Asparagus officinalis &#8220;Gijnlim&#8221;"}]},{"@type":"WebSite","@id":"https:\/\/tammetalu.eu\/#website","url":"https:\/\/tammetalu.eu\/","name":"Tamme talu \u00fcrdiaed","description":"K\u00e4sit\u00f6\u00f6na valmistatud tooted \u00fcrtidest, \u00fcrdiistikud, \u00fcrtide kollektsioonaed","publisher":{"@id":"https:\/\/tammetalu.eu\/#organization"},"alternateName":"Tamme talu","potentialAction":[{"@type":"SearchAction","target":{"@type":"EntryPoint","urlTemplate":"https:\/\/tammetalu.eu\/?s={search_term_string}"},"query-input":{"@type":"PropertyValueSpecification","valueRequired":true,"valueName":"search_term_string"}}],"inLanguage":"ru-RU"},{"@type":"Organization","@id":"https:\/\/tammetalu.eu\/#organization","name":"Tamme talu \u00fcrdiaed","alternateName":"Tamme talu","url":"https:\/\/tammetalu.eu\/","logo":{"@type":"ImageObject","inLanguage":"ru-RU","@id":"https:\/\/tammetalu.eu\/#\/schema\/logo\/image\/","url":"https:\/\/tammetalu.eu\/wp-content\/uploads\/2025\/01\/Tamme_talu_urdiaed.png","contentUrl":"https:\/\/tammetalu.eu\/wp-content\/uploads\/2025\/01\/Tamme_talu_urdiaed.png","width":560,"height":560,"caption":"Tamme talu \u00fcrdiaed"},"image":{"@id":"https:\/\/tammetalu.eu\/#\/schema\/logo\/image\/"},"sameAs":["https:\/\/www.facebook.com\/TammeTaluUrdiaed\/?locale=et_EE","https:\/\/www.instagram.com\/tammetaluurdiaed\/"]}]}},"_links":{"self":[{"href":"https:\/\/tammetalu.eu\/ru\/wp-json\/wp\/v2\/product\/24946","targetHints":{"allow":["GET"]}}],"collection":[{"href":"https:\/\/tammetalu.eu\/ru\/wp-json\/wp\/v2\/product"}],"about":[{"href":"https:\/\/tammetalu.eu\/ru\/wp-json\/wp\/v2\/types\/product"}],"wp:featuredmedia":[{"embeddable":true,"href":"https:\/\/tammetalu.eu\/ru\/wp-json\/wp\/v2\/media\/23930"}],"wp:attachment":[{"href":"https:\/\/tammetalu.eu\/ru\/wp-json\/wp\/v2\/media?parent=24946"}],"wp:term":[{"taxonomy":"product_brand","embeddable":true,"href":"https:\/\/tammetalu.eu\/ru\/wp-json\/wp\/v2\/product_brand?post=24946"},{"taxonomy":"product_cat","embeddable":true,"href":"https:\/\/tammetalu.eu\/ru\/wp-json\/wp\/v2\/product_cat?post=24946"},{"taxonomy":"product_tag","embeddable":true,"href":"https:\/\/tammetalu.eu\/ru\/wp-json\/wp\/v2\/product_tag?post=24946"}],"curies":[{"name":"wp","href":"https:\/\/api.w.org\/{rel}","templated":true}]}}