{"id":27360,"date":"2026-04-15T16:09:28","date_gmt":"2026-04-15T13:09:28","guid":{"rendered":"https:\/\/tammetalu.eu\/?post_type=product&#038;p=27360"},"modified":"2026-04-16T12:44:15","modified_gmt":"2026-04-16T09:44:15","slug":"metslauk-art-allium-scorodoprasum","status":"publish","type":"product","link":"https:\/\/tammetalu.eu\/ru\/toode\/metslauk-art-allium-scorodoprasum\/","title":{"rendered":"Metslauk &#171;Art&#187; Allium scorodoprasum"},"content":{"rendered":"","protected":false},"excerpt":{"rendered":"<p data-start=\"0\" data-end=\"238\">Metslauk (<em data-start=\"10\" data-end=\"32\">Allium scorodoprasum<\/em>) on loodusl\u00e4hedane ja mitmek\u00fclgne lauk, mis sobib nii iluaeda kui ka looduslikesse istutusaladesse. Selle k\u00f5rged varred ja tumelillad kuni roosakad \u00f5isikud annavad peenrale loomuliku ja veidi metsiku ilme.<\/p>\n<p data-start=\"240\" data-end=\"506\">Taim on v\u00e4hen\u00f5udlik ning kasvab h\u00e4sti p\u00e4ikeselises kuni poolvarjulises kasvukohas, eelistades viljakat ja vett l\u00e4bilaskvat mulda. Metslauk on talvekindel ja levib ajapikku, moodustades kauneid kooslusi. Lisaks on tegu s\u00f6\u00f6dava ja kergelt k\u00fc\u00fcslauguse maitsega taimega. K\u00f5rgus 0,6 &#8212; 1 m.<\/p>\n<p data-start=\"508\" data-end=\"558\"><strong data-start=\"508\" data-end=\"558\">Miks valida metslauk (<em data-start=\"532\" data-end=\"554\">Allium scorodoprasum<\/em>)?<\/strong><\/p>\n<ul data-start=\"559\" data-end=\"687\">\n<li data-section-id=\"gsw57p\" data-start=\"559\" data-end=\"603\">Dekoratiivsed ja loodusl\u00e4hedased \u00f5isikud<\/li>\n<li data-section-id=\"1vxep0w\" data-start=\"604\" data-end=\"637\">Sobib p\u00e4ikesesse ja poolvarju<\/li>\n<li data-section-id=\"16zlt2l\" data-start=\"638\" data-end=\"661\">S\u00f6\u00f6dav ja aromaatne<\/li>\n<li data-section-id=\"1iisxg9\" data-start=\"662\" data-end=\"687\">Hea tolmeldajate taim<\/li>\n<\/ul>\n<p data-start=\"689\" data-end=\"797\" data-is-last-node=\"\" data-is-only-node=\"\">Metslauk on suurep\u00e4rane valik aeda, kus soovitakse \u00fchendada ilu, kasulikkus ja loodusl\u00e4hedane kasvukeskkond.<\/p>\n","protected":false},"featured_media":27361,"template":"","meta":{"_acf_changed":false,"_et_pb_use_builder":"","_et_pb_old_content":"","_et_gb_content_width":"","inline_featured_image":false},"product_brand":[],"product_cat":[201],"product_tag":[],"class_list":{"0":"post-27360","1":"product","2":"type-product","3":"status-publish","4":"has-post-thumbnail","6":"product_cat-laugud","8":"first","9":"instock","10":"sale","11":"taxable","12":"shipping-taxable","13":"purchasable","14":"product-type-simple"},"acf":[],"yoast_head":"<!-- This site is optimized with the Yoast SEO plugin v26.4 - https:\/\/yoast.com\/wordpress\/plugins\/seo\/ -->\n<title>Metslauk &quot;Art&quot; Allium scorodoprasum - Tamme talu \u00fcrdiaed<\/title>\n<meta name=\"description\" content=\"Metslauk (Allium scorodoprasum) on loodusl\u00e4hedane ja mitmek\u00fclgne lauk, mis sobib nii iluaeda kui ka looduslikesse istutusaladesse. Selle k\u00f5rged varred ja tumelillad kuni roosakad \u00f5isikud annavad peenrale loomuliku ja veidi metsiku ilme.Taim on v\u00e4hen\u00f5udlik ning kasvab h\u00e4sti p\u00e4ikeselises kuni poolvarjulises kasvukohas, eelistades viljakat ja vett l\u00e4bilaskvat mulda. Metslauk on talvekindel ja levib ajapikku, moodustades kauneid kooslusi. Lisaks on tegu s\u00f6\u00f6dava ja kergelt k\u00fc\u00fcslauguse maitsega taimega. K\u00f5rgus 0,6 - 1 m.\" \/>\n<meta name=\"robots\" content=\"index, follow, max-snippet:-1, max-image-preview:large, max-video-preview:-1\" \/>\n<link rel=\"canonical\" href=\"https:\/\/tammetalu.eu\/toode\/metslauk-art-allium-scorodoprasum\/\" \/>\n<meta property=\"og:locale\" content=\"ru_RU\" \/>\n<meta property=\"og:type\" content=\"article\" \/>\n<meta property=\"og:title\" content=\"Metslauk &quot;Art&quot; Allium scorodoprasum - Tamme talu \u00fcrdiaed\" \/>\n<meta property=\"og:description\" content=\"Metslauk (Allium scorodoprasum) on loodusl\u00e4hedane ja mitmek\u00fclgne lauk, mis sobib nii iluaeda kui ka looduslikesse istutusaladesse. Selle k\u00f5rged varred ja tumelillad kuni roosakad \u00f5isikud annavad peenrale loomuliku ja veidi metsiku ilme.Taim on v\u00e4hen\u00f5udlik ning kasvab h\u00e4sti p\u00e4ikeselises kuni poolvarjulises kasvukohas, eelistades viljakat ja vett l\u00e4bilaskvat mulda. Metslauk on talvekindel ja levib ajapikku, moodustades kauneid kooslusi. Lisaks on tegu s\u00f6\u00f6dava ja kergelt k\u00fc\u00fcslauguse maitsega taimega. K\u00f5rgus 0,6 - 1 m.\" \/>\n<meta property=\"og:url\" content=\"https:\/\/tammetalu.eu\/toode\/metslauk-art-allium-scorodoprasum\/\" \/>\n<meta property=\"og:site_name\" content=\"Tamme talu \u00fcrdiaed\" \/>\n<meta property=\"article:publisher\" content=\"https:\/\/www.facebook.com\/TammeTaluUrdiaed\/?locale=et_EE\" \/>\n<meta property=\"article:modified_time\" content=\"2026-04-16T09:44:15+00:00\" \/>\n<meta property=\"og:image\" content=\"https:\/\/tammetalu.eu\/wp-content\/uploads\/2026\/04\/Metslauk_art_Allium_scorodoprasum_tamme_talu_urdiaed.jpg\" \/>\n\t<meta property=\"og:image:width\" content=\"1525\" \/>\n\t<meta property=\"og:image:height\" content=\"1840\" \/>\n\t<meta property=\"og:image:type\" content=\"image\/jpeg\" \/>\n<meta name=\"twitter:card\" content=\"summary_large_image\" \/>\n<meta name=\"twitter:label1\" content=\"\u041f\u0440\u0438\u043c\u0435\u0440\u043d\u043e\u0435 \u0432\u0440\u0435\u043c\u044f \u0434\u043b\u044f \u0447\u0442\u0435\u043d\u0438\u044f\" \/>\n\t<meta name=\"twitter:data1\" content=\"1 \u043c\u0438\u043d\u0443\u0442\u0430\" \/>\n<script type=\"application\/ld+json\" class=\"yoast-schema-graph\">{\"@context\":\"https:\/\/schema.org\",\"@graph\":[{\"@type\":\"WebPage\",\"@id\":\"https:\/\/tammetalu.eu\/toode\/metslauk-art-allium-scorodoprasum\/\",\"url\":\"https:\/\/tammetalu.eu\/toode\/metslauk-art-allium-scorodoprasum\/\",\"name\":\"Metslauk \\\"Art\\\" Allium scorodoprasum - Tamme talu \u00fcrdiaed\",\"isPartOf\":{\"@id\":\"https:\/\/tammetalu.eu\/#website\"},\"primaryImageOfPage\":{\"@id\":\"https:\/\/tammetalu.eu\/toode\/metslauk-art-allium-scorodoprasum\/#primaryimage\"},\"image\":{\"@id\":\"https:\/\/tammetalu.eu\/toode\/metslauk-art-allium-scorodoprasum\/#primaryimage\"},\"thumbnailUrl\":\"https:\/\/tammetalu.eu\/wp-content\/uploads\/2026\/04\/Metslauk_art_Allium_scorodoprasum_tamme_talu_urdiaed.jpg\",\"datePublished\":\"2026-04-15T13:09:28+00:00\",\"dateModified\":\"2026-04-16T09:44:15+00:00\",\"description\":\"Metslauk (Allium scorodoprasum) on loodusl\u00e4hedane ja mitmek\u00fclgne lauk, mis sobib nii iluaeda kui ka looduslikesse istutusaladesse. Selle k\u00f5rged varred ja tumelillad kuni roosakad \u00f5isikud annavad peenrale loomuliku ja veidi metsiku ilme.Taim on v\u00e4hen\u00f5udlik ning kasvab h\u00e4sti p\u00e4ikeselises kuni poolvarjulises kasvukohas, eelistades viljakat ja vett l\u00e4bilaskvat mulda. Metslauk on talvekindel ja levib ajapikku, moodustades kauneid kooslusi. Lisaks on tegu s\u00f6\u00f6dava ja kergelt k\u00fc\u00fcslauguse maitsega taimega. K\u00f5rgus 0,6 - 1 m.\",\"breadcrumb\":{\"@id\":\"https:\/\/tammetalu.eu\/toode\/metslauk-art-allium-scorodoprasum\/#breadcrumb\"},\"inLanguage\":\"ru-RU\",\"potentialAction\":[{\"@type\":\"ReadAction\",\"target\":[\"https:\/\/tammetalu.eu\/toode\/metslauk-art-allium-scorodoprasum\/\"]}]},{\"@type\":\"ImageObject\",\"inLanguage\":\"ru-RU\",\"@id\":\"https:\/\/tammetalu.eu\/toode\/metslauk-art-allium-scorodoprasum\/#primaryimage\",\"url\":\"https:\/\/tammetalu.eu\/wp-content\/uploads\/2026\/04\/Metslauk_art_Allium_scorodoprasum_tamme_talu_urdiaed.jpg\",\"contentUrl\":\"https:\/\/tammetalu.eu\/wp-content\/uploads\/2026\/04\/Metslauk_art_Allium_scorodoprasum_tamme_talu_urdiaed.jpg\",\"width\":1525,\"height\":1840,\"caption\":\"Metslauk_art_Allium_scorodoprasum_tamme_talu_urdiaed\"},{\"@type\":\"BreadcrumbList\",\"@id\":\"https:\/\/tammetalu.eu\/toode\/metslauk-art-allium-scorodoprasum\/#breadcrumb\",\"itemListElement\":[{\"@type\":\"ListItem\",\"position\":1,\"name\":\"Home\",\"item\":\"https:\/\/tammetalu.eu\/ru\/esileht-rus\/\"},{\"@type\":\"ListItem\",\"position\":2,\"name\":\"\u041c\u0430\u0433\u0430\u0437\u0438\u043d\",\"item\":\"https:\/\/tammetalu.eu\/ru\/%d0%bc%d0%b0%d0%b3%d0%b0%d0%b7%d0%b8%d0%bd\/\"},{\"@type\":\"ListItem\",\"position\":3,\"name\":\"Metslauk &#8220;Art&#8221; Allium scorodoprasum\"}]},{\"@type\":\"WebSite\",\"@id\":\"https:\/\/tammetalu.eu\/#website\",\"url\":\"https:\/\/tammetalu.eu\/\",\"name\":\"Tamme talu \u00fcrdiaed\",\"description\":\"K\u00e4sit\u00f6\u00f6na valmistatud tooted \u00fcrtidest, \u00fcrdiistikud, \u00fcrtide kollektsioonaed\",\"publisher\":{\"@id\":\"https:\/\/tammetalu.eu\/#organization\"},\"alternateName\":\"Tamme talu\",\"potentialAction\":[{\"@type\":\"SearchAction\",\"target\":{\"@type\":\"EntryPoint\",\"urlTemplate\":\"https:\/\/tammetalu.eu\/?s={search_term_string}\"},\"query-input\":{\"@type\":\"PropertyValueSpecification\",\"valueRequired\":true,\"valueName\":\"search_term_string\"}}],\"inLanguage\":\"ru-RU\"},{\"@type\":\"Organization\",\"@id\":\"https:\/\/tammetalu.eu\/#organization\",\"name\":\"Tamme talu \u00fcrdiaed\",\"alternateName\":\"Tamme talu\",\"url\":\"https:\/\/tammetalu.eu\/\",\"logo\":{\"@type\":\"ImageObject\",\"inLanguage\":\"ru-RU\",\"@id\":\"https:\/\/tammetalu.eu\/#\/schema\/logo\/image\/\",\"url\":\"https:\/\/tammetalu.eu\/wp-content\/uploads\/2025\/01\/Tamme_talu_urdiaed.png\",\"contentUrl\":\"https:\/\/tammetalu.eu\/wp-content\/uploads\/2025\/01\/Tamme_talu_urdiaed.png\",\"width\":560,\"height\":560,\"caption\":\"Tamme talu \u00fcrdiaed\"},\"image\":{\"@id\":\"https:\/\/tammetalu.eu\/#\/schema\/logo\/image\/\"},\"sameAs\":[\"https:\/\/www.facebook.com\/TammeTaluUrdiaed\/?locale=et_EE\",\"https:\/\/www.instagram.com\/tammetaluurdiaed\/\"]}]}<\/script>\n<!-- \/ Yoast SEO plugin. -->","yoast_head_json":{"title":"Metslauk \"Art\" Allium scorodoprasum - Tamme talu \u00fcrdiaed","description":"Metslauk (Allium scorodoprasum) on loodusl\u00e4hedane ja mitmek\u00fclgne lauk, mis sobib nii iluaeda kui ka looduslikesse istutusaladesse. Selle k\u00f5rged varred ja tumelillad kuni roosakad \u00f5isikud annavad peenrale loomuliku ja veidi metsiku ilme.Taim on v\u00e4hen\u00f5udlik ning kasvab h\u00e4sti p\u00e4ikeselises kuni poolvarjulises kasvukohas, eelistades viljakat ja vett l\u00e4bilaskvat mulda. Metslauk on talvekindel ja levib ajapikku, moodustades kauneid kooslusi. Lisaks on tegu s\u00f6\u00f6dava ja kergelt k\u00fc\u00fcslauguse maitsega taimega. K\u00f5rgus 0,6 - 1 m.","robots":{"index":"index","follow":"follow","max-snippet":"max-snippet:-1","max-image-preview":"max-image-preview:large","max-video-preview":"max-video-preview:-1"},"canonical":"https:\/\/tammetalu.eu\/toode\/metslauk-art-allium-scorodoprasum\/","og_locale":"ru_RU","og_type":"article","og_title":"Metslauk \"Art\" Allium scorodoprasum - Tamme talu \u00fcrdiaed","og_description":"Metslauk (Allium scorodoprasum) on loodusl\u00e4hedane ja mitmek\u00fclgne lauk, mis sobib nii iluaeda kui ka looduslikesse istutusaladesse. Selle k\u00f5rged varred ja tumelillad kuni roosakad \u00f5isikud annavad peenrale loomuliku ja veidi metsiku ilme.Taim on v\u00e4hen\u00f5udlik ning kasvab h\u00e4sti p\u00e4ikeselises kuni poolvarjulises kasvukohas, eelistades viljakat ja vett l\u00e4bilaskvat mulda. Metslauk on talvekindel ja levib ajapikku, moodustades kauneid kooslusi. Lisaks on tegu s\u00f6\u00f6dava ja kergelt k\u00fc\u00fcslauguse maitsega taimega. K\u00f5rgus 0,6 - 1 m.","og_url":"https:\/\/tammetalu.eu\/toode\/metslauk-art-allium-scorodoprasum\/","og_site_name":"Tamme talu \u00fcrdiaed","article_publisher":"https:\/\/www.facebook.com\/TammeTaluUrdiaed\/?locale=et_EE","article_modified_time":"2026-04-16T09:44:15+00:00","og_image":[{"width":1525,"height":1840,"url":"https:\/\/tammetalu.eu\/wp-content\/uploads\/2026\/04\/Metslauk_art_Allium_scorodoprasum_tamme_talu_urdiaed.jpg","type":"image\/jpeg"}],"twitter_card":"summary_large_image","twitter_misc":{"\u041f\u0440\u0438\u043c\u0435\u0440\u043d\u043e\u0435 \u0432\u0440\u0435\u043c\u044f \u0434\u043b\u044f \u0447\u0442\u0435\u043d\u0438\u044f":"1 \u043c\u0438\u043d\u0443\u0442\u0430"},"schema":{"@context":"https:\/\/schema.org","@graph":[{"@type":"WebPage","@id":"https:\/\/tammetalu.eu\/toode\/metslauk-art-allium-scorodoprasum\/","url":"https:\/\/tammetalu.eu\/toode\/metslauk-art-allium-scorodoprasum\/","name":"Metslauk \"Art\" Allium scorodoprasum - Tamme talu \u00fcrdiaed","isPartOf":{"@id":"https:\/\/tammetalu.eu\/#website"},"primaryImageOfPage":{"@id":"https:\/\/tammetalu.eu\/toode\/metslauk-art-allium-scorodoprasum\/#primaryimage"},"image":{"@id":"https:\/\/tammetalu.eu\/toode\/metslauk-art-allium-scorodoprasum\/#primaryimage"},"thumbnailUrl":"https:\/\/tammetalu.eu\/wp-content\/uploads\/2026\/04\/Metslauk_art_Allium_scorodoprasum_tamme_talu_urdiaed.jpg","datePublished":"2026-04-15T13:09:28+00:00","dateModified":"2026-04-16T09:44:15+00:00","description":"Metslauk (Allium scorodoprasum) on loodusl\u00e4hedane ja mitmek\u00fclgne lauk, mis sobib nii iluaeda kui ka looduslikesse istutusaladesse. Selle k\u00f5rged varred ja tumelillad kuni roosakad \u00f5isikud annavad peenrale loomuliku ja veidi metsiku ilme.Taim on v\u00e4hen\u00f5udlik ning kasvab h\u00e4sti p\u00e4ikeselises kuni poolvarjulises kasvukohas, eelistades viljakat ja vett l\u00e4bilaskvat mulda. Metslauk on talvekindel ja levib ajapikku, moodustades kauneid kooslusi. Lisaks on tegu s\u00f6\u00f6dava ja kergelt k\u00fc\u00fcslauguse maitsega taimega. K\u00f5rgus 0,6 - 1 m.","breadcrumb":{"@id":"https:\/\/tammetalu.eu\/toode\/metslauk-art-allium-scorodoprasum\/#breadcrumb"},"inLanguage":"ru-RU","potentialAction":[{"@type":"ReadAction","target":["https:\/\/tammetalu.eu\/toode\/metslauk-art-allium-scorodoprasum\/"]}]},{"@type":"ImageObject","inLanguage":"ru-RU","@id":"https:\/\/tammetalu.eu\/toode\/metslauk-art-allium-scorodoprasum\/#primaryimage","url":"https:\/\/tammetalu.eu\/wp-content\/uploads\/2026\/04\/Metslauk_art_Allium_scorodoprasum_tamme_talu_urdiaed.jpg","contentUrl":"https:\/\/tammetalu.eu\/wp-content\/uploads\/2026\/04\/Metslauk_art_Allium_scorodoprasum_tamme_talu_urdiaed.jpg","width":1525,"height":1840,"caption":"Metslauk_art_Allium_scorodoprasum_tamme_talu_urdiaed"},{"@type":"BreadcrumbList","@id":"https:\/\/tammetalu.eu\/toode\/metslauk-art-allium-scorodoprasum\/#breadcrumb","itemListElement":[{"@type":"ListItem","position":1,"name":"Home","item":"https:\/\/tammetalu.eu\/ru\/esileht-rus\/"},{"@type":"ListItem","position":2,"name":"\u041c\u0430\u0433\u0430\u0437\u0438\u043d","item":"https:\/\/tammetalu.eu\/ru\/%d0%bc%d0%b0%d0%b3%d0%b0%d0%b7%d0%b8%d0%bd\/"},{"@type":"ListItem","position":3,"name":"Metslauk &#8220;Art&#8221; Allium scorodoprasum"}]},{"@type":"WebSite","@id":"https:\/\/tammetalu.eu\/#website","url":"https:\/\/tammetalu.eu\/","name":"Tamme talu \u00fcrdiaed","description":"K\u00e4sit\u00f6\u00f6na valmistatud tooted \u00fcrtidest, \u00fcrdiistikud, \u00fcrtide kollektsioonaed","publisher":{"@id":"https:\/\/tammetalu.eu\/#organization"},"alternateName":"Tamme talu","potentialAction":[{"@type":"SearchAction","target":{"@type":"EntryPoint","urlTemplate":"https:\/\/tammetalu.eu\/?s={search_term_string}"},"query-input":{"@type":"PropertyValueSpecification","valueRequired":true,"valueName":"search_term_string"}}],"inLanguage":"ru-RU"},{"@type":"Organization","@id":"https:\/\/tammetalu.eu\/#organization","name":"Tamme talu \u00fcrdiaed","alternateName":"Tamme talu","url":"https:\/\/tammetalu.eu\/","logo":{"@type":"ImageObject","inLanguage":"ru-RU","@id":"https:\/\/tammetalu.eu\/#\/schema\/logo\/image\/","url":"https:\/\/tammetalu.eu\/wp-content\/uploads\/2025\/01\/Tamme_talu_urdiaed.png","contentUrl":"https:\/\/tammetalu.eu\/wp-content\/uploads\/2025\/01\/Tamme_talu_urdiaed.png","width":560,"height":560,"caption":"Tamme talu \u00fcrdiaed"},"image":{"@id":"https:\/\/tammetalu.eu\/#\/schema\/logo\/image\/"},"sameAs":["https:\/\/www.facebook.com\/TammeTaluUrdiaed\/?locale=et_EE","https:\/\/www.instagram.com\/tammetaluurdiaed\/"]}]}},"_links":{"self":[{"href":"https:\/\/tammetalu.eu\/ru\/wp-json\/wp\/v2\/product\/27360","targetHints":{"allow":["GET"]}}],"collection":[{"href":"https:\/\/tammetalu.eu\/ru\/wp-json\/wp\/v2\/product"}],"about":[{"href":"https:\/\/tammetalu.eu\/ru\/wp-json\/wp\/v2\/types\/product"}],"wp:featuredmedia":[{"embeddable":true,"href":"https:\/\/tammetalu.eu\/ru\/wp-json\/wp\/v2\/media\/27361"}],"wp:attachment":[{"href":"https:\/\/tammetalu.eu\/ru\/wp-json\/wp\/v2\/media?parent=27360"}],"wp:term":[{"taxonomy":"product_brand","embeddable":true,"href":"https:\/\/tammetalu.eu\/ru\/wp-json\/wp\/v2\/product_brand?post=27360"},{"taxonomy":"product_cat","embeddable":true,"href":"https:\/\/tammetalu.eu\/ru\/wp-json\/wp\/v2\/product_cat?post=27360"},{"taxonomy":"product_tag","embeddable":true,"href":"https:\/\/tammetalu.eu\/ru\/wp-json\/wp\/v2\/product_tag?post=27360"}],"curies":[{"name":"wp","href":"https:\/\/api.w.org\/{rel}","templated":true}]}}